{"id":9984,"date":"2025-03-23T15:16:21","date_gmt":"2025-03-23T15:16:21","guid":{"rendered":"https:\/\/ordemdosfisioterapeutas.pt\/?page_id=9984"},"modified":"2025-03-29T09:51:59","modified_gmt":"2025-03-29T09:51:59","slug":"o-que-o-fisioterapeuta-pode-fazer-por-si","status":"publish","type":"page","link":"https:\/\/ordemdosfisioterapeutas.pt\/pt\/o-que-o-fisioterapeuta-pode-fazer-por-si\/","title":{"rendered":"O que o Fisioterapeuta pode fazer por si?"},"content":{"rendered":"\t\t<div data-elementor-type=\"wp-page\" data-elementor-id=\"9984\" class=\"elementor elementor-9984\" data-elementor-post-type=\"page\">\n\t\t\t\t<div class=\"elementor-element elementor-element-2afdd0 e-flex e-con-boxed e-con e-parent\" data-id=\"2afdd0\" data-element_type=\"container\" data-e-type=\"container\">\n\t\t\t\t\t<div class=\"e-con-inner\">\n\t\t\t\t<div class=\"elementor-element elementor-element-2829129d elementor-widget elementor-widget-text-editor\" data-id=\"2829129d\" data-element_type=\"widget\" data-e-type=\"widget\" data-widget_type=\"text-editor.default\">\n\t\t\t\t<div class=\"elementor-widget-container\">\n\t\t\t\t\t\t\t\t\t<p>A Fisioterapia \u00e9 uma profiss\u00e3o de sa\u00fade centrada na promo\u00e7\u00e3o do movimento e da funcionalidade. Define-se como o estudo, a preven\u00e7\u00e3o, o diagn\u00f3stico e o tratamento de condi\u00e7\u00f5es de sa\u00fade que afetam as estruturas e fun\u00e7\u00f5es do sistema do movimento, bem como a funcionalidade de pessoas, grupos ou comunidades, considerando os quadros cinesiopatol\u00f3gicos e patocinesiol\u00f3gicos.<\/p><p>No processo de Fisioterapia, o Fisioterapeuta realiza os seguintes atos:<\/p><p>a) Exame\/avalia\u00e7\u00e3o:<\/p><p>\u00a0 \u00a0 \u00a0i) Recolhe\u00a0 informa\u00e7\u00e3o atrav\u00e9s da observa\u00e7\u00e3o, entrevista, exame manual, testes e outros instrumentos de medi\u00e7\u00e3o, e meios complementares de diagn\u00f3stico do sistema de movimento;<br \/>\u00a0 \u00a0 \u00a0ii) Avalia de modo detalhado o sistema do movimento, a atividade e a participa\u00e7\u00e3o;<br \/>\u00a0 \u00a0 \u00a0iii) Regista no processo cl\u00ednico toda a informa\u00e7\u00e3o relevante recolhida.<\/p><p>b) Diagn\u00f3stico de fisioterapia:<\/p><p>De acordo com a sua \u201cleges artis\u201d, elabora o diagn\u00f3stico em Fisioterapia, identificando as altera\u00e7\u00f5es do sistema do movimento, limita\u00e7\u00f5es de atividade e restri\u00e7\u00f5es de participa\u00e7\u00e3o.<\/p><p>c) Progn\u00f3stico e plano de interven\u00e7\u00e3o:<\/p><p>Determina as necessidades da interven\u00e7\u00e3o em Fisioterapia, define os objetivos e indica o plano de interven\u00e7\u00e3o, em colabora\u00e7\u00e3o com o utente, fam\u00edlia, cuidadores e\/ou representantes, tendo em conta os fatores contextuais. Estabelece ainda o n\u00edvel \u00f3timo previsto de melhoria e o intervalo de tempo necess\u00e1rio para o atingir.<\/p><p>d) Interven\u00e7\u00e3o:<\/p><p>\u00a0 \u00a0 \u00a0i) Educa, orienta e aconselha, promovendo a ado\u00e7\u00e3o de estilos de vida saud\u00e1veis, a otimiza\u00e7\u00e3o da funcionalidade e a qualidade de vida;<br \/>\u00a0 \u00a0 \u00a0ii) Prescreve, aplica e monitoriza a terapia pelo movimento, a atividade f\u00edsica e o exerc\u00edcio f\u00edsico no \u00e2mbito da sa\u00fade, incluindo o exerc\u00edcio terap\u00eautico dirigido em especial \u00e0 dor e\/ou disfun\u00e7\u00e3o e o exerc\u00edcio cl\u00ednico dirigido \u00e0s popula\u00e7\u00f5es portadoras de doen\u00e7a ou com outras necessidades especiais de sa\u00fade;<br \/>\u00a0 \u00a0 \u00a0iii) Prescreve, aplica e monitoriza a terapia manual, incluindo a manipulativa;<br \/>\u00a0 \u00a0 \u00a0iv) Prescreve, aplica e monitoriza a terapia f\u00edsica, incluindo meios eletrof\u00edsicos, mec\u00e2nicos e naturais;<br \/>\u00a0 \u00a0 v) Prescreve, aplica e monitoriza outras interven\u00e7\u00f5es suportadas na ci\u00eancia da Fisioterapia, incluindo recursos tecnol\u00f3gicos, de apoio e de inova\u00e7\u00e3o.<\/p><p>e) Avalia\u00e7\u00e3o de resultados\/altera\u00e7\u00e3o da interven\u00e7\u00e3o:<\/p><p>Avalia o impacto da sua interven\u00e7\u00e3o, reavaliando durante e ap\u00f3s a interven\u00e7\u00e3o, e introduz altera\u00e7\u00f5es sempre que necess\u00e1rio.<\/p><p>f) Conclus\u00e3o do processo de Fisioterapia:<\/p><p>Conclui o processo de Fisioterapia sempre os objetivos planeados e acordados s\u00e3o atingidos, ou quando n\u00e3o se antecipa mais efetividade na interven\u00e7\u00e3o.<\/p><p>A Ordem dos Fisioterapeutas desempenha um papel regulador essencial, garantindo a qualidade dos servi\u00e7os prestados, protegendo os interesses dos cidad\u00e3os e assegurando a pr\u00e1tica \u00e9tica e competente da Fisioterapia em Portugal.<\/p><p>O Fisioterapeuta ajud\u00e1-lo-\u00e1 com interven\u00e7\u00f5es espec\u00edficas da Fisioterapia. Quando procura um Fisioterapeuta inscrito na Ordem, est\u00e1 a recorrer a um profissional de sa\u00fade devidamente qualificado, que atua de acordo com padr\u00f5es de qualidade, sujeito a um C\u00f3digo Deontol\u00f3gico, a um Regulamento Disciplinar e com a garantia de um seguro de responsabilidade civil profissional.<\/p><p>Para mais informa\u00e7\u00f5es, est\u00e1 dispon\u00edvel o\u00a0<span style=\"text-decoration: underline;\"><a href=\"https:\/\/ordemdosfisioterapeutas.pt\/wp-content\/uploads\/2023\/05\/ato-dre.pdf\">Regulamento do Ato do Fisioterapeuta<\/a><\/span>, que enquadrando as suas compet\u00eancias, autonomia e responsabilidade.<\/p>\t\t\t\t\t\t\t\t<\/div>\n\t\t\t\t<\/div>\n\t\t\t\t\t<\/div>\n\t\t\t\t<\/div>\n\t\t\t\t<\/div>\n\t\t","protected":false},"excerpt":{"rendered":"<p>A Fisioterapia \u00e9 uma profiss\u00e3o de sa\u00fade centrada na promo\u00e7\u00e3o do movimento e da funcionalidade. Define-se como o estudo, a preven\u00e7\u00e3o, o diagn\u00f3stico e o tratamento de condi\u00e7\u00f5es de sa\u00fade que afetam as estruturas e fun\u00e7\u00f5es do sistema do movimento, bem como a funcionalidade de pessoas, grupos ou comunidades, considerando os quadros cinesiopatol\u00f3gicos e patocinesiol\u00f3gicos. &#8230; <a title=\"O que o Fisioterapeuta pode fazer por si?\" class=\"read-more\" href=\"https:\/\/ordemdosfisioterapeutas.pt\/pt\/o-que-o-fisioterapeuta-pode-fazer-por-si\/\" aria-label=\"Leia mais sobre O que o Fisioterapeuta pode fazer por si?\">Ler mais<\/a><\/p>\n","protected":false},"author":1,"featured_media":0,"parent":0,"menu_order":0,"comment_status":"closed","ping_status":"closed","template":"","meta":{"footnotes":""},"class_list":["post-9984","page","type-page","status-publish"],"_links":{"self":[{"href":"https:\/\/ordemdosfisioterapeutas.pt\/pt\/wp-json\/wp\/v2\/pages\/9984","targetHints":{"allow":["GET"]}}],"collection":[{"href":"https:\/\/ordemdosfisioterapeutas.pt\/pt\/wp-json\/wp\/v2\/pages"}],"about":[{"href":"https:\/\/ordemdosfisioterapeutas.pt\/pt\/wp-json\/wp\/v2\/types\/page"}],"author":[{"embeddable":true,"href":"https:\/\/ordemdosfisioterapeutas.pt\/pt\/wp-json\/wp\/v2\/users\/1"}],"replies":[{"embeddable":true,"href":"https:\/\/ordemdosfisioterapeutas.pt\/pt\/wp-json\/wp\/v2\/comments?post=9984"}],"version-history":[{"count":0,"href":"https:\/\/ordemdosfisioterapeutas.pt\/pt\/wp-json\/wp\/v2\/pages\/9984\/revisions"}],"wp:attachment":[{"href":"https:\/\/ordemdosfisioterapeutas.pt\/pt\/wp-json\/wp\/v2\/media?parent=9984"}],"curies":[{"name":"wp","href":"https:\/\/api.w.org\/{rel}","templated":true}]}}