{"id":9768,"date":"2025-02-12T10:22:38","date_gmt":"2025-02-12T10:22:38","guid":{"rendered":"https:\/\/ordemdosfisioterapeutas.pt\/?page_id=9768"},"modified":"2025-08-16T11:16:03","modified_gmt":"2025-08-16T10:16:03","slug":"vila-gale","status":"publish","type":"page","link":"https:\/\/ordemdosfisioterapeutas.pt\/pt\/vila-gale\/","title":{"rendered":"Vila Gal\u00e9"},"content":{"rendered":"\t\t<div data-elementor-type=\"wp-page\" data-elementor-id=\"9768\" class=\"elementor elementor-9768\" data-elementor-post-type=\"page\">\n\t\t\t\t<div class=\"elementor-element elementor-element-74634981 e-grid e-con-boxed e-con e-parent\" data-id=\"74634981\" data-element_type=\"container\" data-e-type=\"container\">\n\t\t\t\t\t<div class=\"e-con-inner\">\n\t\t\t\t<div class=\"elementor-element elementor-element-7e3f5482 elementor-widget elementor-widget-image\" data-id=\"7e3f5482\" data-element_type=\"widget\" data-e-type=\"widget\" data-widget_type=\"image.default\">\n\t\t\t\t<div class=\"elementor-widget-container\">\n\t\t\t\t\t\t\t\t\t\t\t\t\t\t\t<img decoding=\"async\" src=\"https:\/\/ordemdosfisioterapeutas.pt\/wp-content\/uploads\/elementor\/thumbs\/imagem-CARD-r1e5sfsz0l2foyr6wu2t46pemk37u7u6tl2ekyg1z4.jpg\" title=\"imagem-CARD.jpg\" alt=\"imagem-CARD.jpg\" loading=\"lazy\" \/>\t\t\t\t\t\t\t\t\t\t\t\t\t\t\t<\/div>\n\t\t\t\t<\/div>\n\t\t\t\t<div class=\"elementor-element elementor-element-68f46c07 elementor-widget elementor-widget-image\" data-id=\"68f46c07\" data-element_type=\"widget\" data-e-type=\"widget\" data-widget_type=\"image.default\">\n\t\t\t\t<div class=\"elementor-widget-container\">\n\t\t\t\t\t\t\t\t\t\t\t\t\t\t\t<img decoding=\"async\" src=\"https:\/\/ordemdosfisioterapeutas.pt\/wp-content\/uploads\/elementor\/thumbs\/parcerias-r1e5sfsz0l2px9fc2vf1dqmethbbh5ts4btblfpj40.png\" title=\"parcerias.png\" alt=\"parcerias.png\" loading=\"lazy\" \/>\t\t\t\t\t\t\t\t\t\t\t\t\t\t\t<\/div>\n\t\t\t\t<\/div>\n\t\t\t\t\t<\/div>\n\t\t\t\t<\/div>\n\t\t<div class=\"elementor-element elementor-element-36c43291 e-flex e-con-boxed e-con e-parent\" data-id=\"36c43291\" data-element_type=\"container\" data-e-type=\"container\">\n\t\t\t\t\t<div class=\"e-con-inner\">\n\t\t\t\t<div class=\"elementor-element elementor-element-75914549 elementor-widget elementor-widget-heading\" data-id=\"75914549\" data-element_type=\"widget\" data-e-type=\"widget\" data-widget_type=\"heading.default\">\n\t\t\t\t<div class=\"elementor-widget-container\">\n\t\t\t\t\t<h2 class=\"elementor-heading-title elementor-size-default\">Descri\u00e7\u00e3o<\/h2>\t\t\t\t<\/div>\n\t\t\t\t<\/div>\n\t\t\t\t\t<\/div>\n\t\t\t\t<\/div>\n\t\t<div class=\"elementor-element elementor-element-4346b0b3 e-flex e-con-boxed e-con e-parent\" data-id=\"4346b0b3\" data-element_type=\"container\" data-e-type=\"container\">\n\t\t\t\t\t<div class=\"e-con-inner\">\n\t\t\t\t<div class=\"elementor-element elementor-element-29916fbc elementor-widget elementor-widget-text-editor\" data-id=\"29916fbc\" data-element_type=\"widget\" data-e-type=\"widget\" data-widget_type=\"text-editor.default\">\n\t\t\t\t<div class=\"elementor-widget-container\">\n\t\t\t\t\t\t\t\t\t<p>O grupo Vila Gal\u00e9 \u00e9 um dos principais grupos hoteleiros portugueses e est\u00e1 agora na 120\u00ba posi\u00e7\u00e3o no ranking das 200 maiores empresas de hotelaria da revista Hotels. \u00c9 composto por diversas sociedades, das quais se destaca, pela sua dimens\u00e3o e import\u00e2ncia, a VILA GAL\u00c9 \u2013 Sociedade de Empreendimentos Tur\u00edsticos, S.A., que faz parte do\u00a0<em>ranking<\/em> 1 das empresas portuguesas.<\/p><p>Esta sociedade, constitu\u00edda em 1986, dedica-se \u00e0 explora\u00e7\u00e3o e gest\u00e3o de todas as unidades hoteleiras que integram o grupo e, ainda, \u00e0 realiza\u00e7\u00e3o de projetos e \u00e0 constru\u00e7\u00e3o de novos empreendimentos tur\u00edsticos.<\/p><p>O grupo Vila Gal\u00e9 \u00e9 atualmente respons\u00e1vel pela gest\u00e3o de 44 unidades hoteleiras: 32 em Portugal (Algarve, Beja, \u00c9vora, Elvas, Alter do Ch\u00e3o, Oeiras, Cascais, Sintra, Ericeira, Estoril, Lisboa, Coimbra, Serra da Estrela, Tomar, Figueira da Foz, Porto, Braga, Douro, Madeira e A\u00e7ores), 10 no Brasil (Alagoas, Rio de Janeiro, Fortaleza, Caucaia, Salvador, Guarajuba, Pernambuco, Touros, Angra dos Reis e S\u00e3o Paulo), 1 em Cuba e 1 em Espanha com mais 9.800 quartos e mais de 24 mil camas.<\/p>\t\t\t\t\t\t\t\t<\/div>\n\t\t\t\t<\/div>\n\t\t\t\t\t<\/div>\n\t\t\t\t<\/div>\n\t\t<div class=\"elementor-element elementor-element-5229090e condicoes e-flex e-con-boxed e-con e-parent\" data-id=\"5229090e\" data-element_type=\"container\" data-e-type=\"container\">\n\t\t\t\t\t<div class=\"e-con-inner\">\n\t\t\t\t<div class=\"elementor-element elementor-element-1188c0ac elementor-widget elementor-widget-heading\" data-id=\"1188c0ac\" data-element_type=\"widget\" data-e-type=\"widget\" data-widget_type=\"heading.default\">\n\t\t\t\t<div class=\"elementor-widget-container\">\n\t\t\t\t\t<h2 class=\"elementor-heading-title elementor-size-default\">Condi\u00e7\u00f5es<\/h2>\t\t\t\t<\/div>\n\t\t\t\t<\/div>\n\t\t\t\t<div class=\"elementor-element elementor-element-6e5dbb3 elementor-widget elementor-widget-text-editor\" data-id=\"6e5dbb3\" data-element_type=\"widget\" data-e-type=\"widget\" data-widget_type=\"text-editor.default\">\n\t\t\t\t<div class=\"elementor-widget-container\">\n\t\t\t\t\t\t\t\t\t<p>\u2013 Anuidade gratuita<br \/>\u2013 Acesso a promo\u00e7\u00f5es exclusivas<br \/>\u2013 Desconto direto de 10%, calculado sobre as Tarifas Online publicadas no site <a href=\"https:\/\/u2654599.ct.sendgrid.net\/ls\/click?upn=u001.6J25MkZgmY94bAvcC2doBvtQoudgz0TM6UbRU5tBMuoLQ2wyNuywFdUWQTENoGj-2Fo6d8L7RcHwYQfyQt9gAMVmIocdghukXxcYtramnNPe80BstDrCigYnTt8IrHUqYz8lCuLb0cDK2lNZAnrIYi2qUE7CCEBfgskJi6kj4kbKUOEjRftYF6uYaOqYB0k4zjmDmxxXxVo-2BA7-2B0ueyOagb7O-2BE2wBdhncsOp2FoJs7fnlH-2FFi4Uve98X08CM6D11kg69MMCD8bVR3CCuHJ5Dp3hciTvZDYlV-2FSyAAhEljXCAcYRLH-2F-2FU7oA9wfvUgRbeNKsyyhhiPjwH0uFrFNciqtSx-2BNt4bzPjiTapoKqbv03awI8eyHoJQ-2BOwJvS-2BMQjQpi55u_Cjsmoy8Ze1tEWbhn-2BUOaUeK-2BH5S2EL5GXFR3mWFP3xMtCM6rY11CAkGI0KBa8aAfDqMTmvgIgI3AfyUUdc5ZX8-2Fzo0r0csiInq5es-2FI95gA-2FP85DEOI5JRfNVBCs9zykSrAICp235rXMT14fs6TT-2BevXdBTfoulaoXGZV8IMlPWMRjd7wNVtFe-2B7pFpbGFj6-2B-2FvGnzETRKfKfosjmOBI82SCiAWhzQPP4Y-2BqE0UKQlcAd0P7-2FO9uqe5xxXJ9kJuU\" target=\"_blank\" rel=\"noopener\"><span style=\"text-decoration: underline;\">www.vilagale.com<\/span><\/a>\u00a0em alojamento, servi\u00e7os e nos spas e clubes de sa\u00fade<br \/>\u2013 Early check-in a partir das 11h (mediante disponibilidade)<br \/>\u2013 Late check-out at\u00e9 \u00e0s 15h (mediante disponibilidade)<br \/>\u2013 Prioridade de reserva<\/p><p>Acesso ao benef\u00edcio:<\/p><p>Poder\u00e1 realizar a sua ades\u00e3o ao Cart\u00e3o Ordem dos Fisioterapeutas \u2013 VILA GAL\u00c9 em <a href=\"https:\/\/bit.ly\/PARCERIA_OF_VilaGale\" target=\"_blank\" rel=\"noopener\">Ades\u00e3o cart\u00e3o de benef\u00edcios Ordem dos Fisioterapeutas \u2013 Vila Gal\u00e9<\/a>.<\/p>\t\t\t\t\t\t\t\t<\/div>\n\t\t\t\t<\/div>\n\t\t\t\t<div class=\"elementor-element elementor-element-2f79cdf7 elementor-align-right elementor-mobile-align-center condicoes elementor-widget elementor-widget-button\" data-id=\"2f79cdf7\" data-element_type=\"widget\" data-e-type=\"widget\" data-widget_type=\"button.default\">\n\t\t\t\t<div class=\"elementor-widget-container\">\n\t\t\t\t\t\t\t\t\t<div class=\"elementor-button-wrapper\">\n\t\t\t\t\t<a class=\"elementor-button elementor-button-link elementor-size-xs\" href=\"https:\/\/bit.ly\/PARCERIA_OF_VilaGale\" target=\"_blank\" rel=\"noopener\">\n\t\t\t\t\t\t<span class=\"elementor-button-content-wrapper\">\n\t\t\t\t\t\t\t\t\t<span class=\"elementor-button-text\">Adira aqui<\/span>\n\t\t\t\t\t<\/span>\n\t\t\t\t\t<\/a>\n\t\t\t\t<\/div>\n\t\t\t\t\t\t\t\t<\/div>\n\t\t\t\t<\/div>\n\t\t\t\t\t<\/div>\n\t\t\t\t<\/div>\n\t\t<div class=\"elementor-element elementor-element-199c312b condicoes-btn e-flex e-con-boxed e-con e-parent\" data-id=\"199c312b\" data-element_type=\"container\" data-e-type=\"container\">\n\t\t\t\t\t<div class=\"e-con-inner\">\n\t\t\t\t<div class=\"elementor-element elementor-element-7d527b8 elementor-align-right elementor-mobile-align-center elementor-widget elementor-widget-button\" data-id=\"7d527b8\" data-element_type=\"widget\" data-e-type=\"widget\" data-widget_type=\"button.default\">\n\t\t\t\t<div class=\"elementor-widget-container\">\n\t\t\t\t\t\t\t\t\t<div class=\"elementor-button-wrapper\">\n\t\t\t\t\t<a class=\"elementor-button elementor-button-link elementor-size-xs\" href=\"https:\/\/portal.ordemdosfisioterapeutas.pt\/of-auth\/?app_ref=e985d1b30a025a19af003c638a7f64a2\" target=\"_blank\">\n\t\t\t\t\t\t<span class=\"elementor-button-content-wrapper\">\n\t\t\t\t\t\t\t\t\t<span class=\"elementor-button-text\">Conhe\u00e7a as Condi\u00e7\u00f5es<\/span>\n\t\t\t\t\t<\/span>\n\t\t\t\t\t<\/a>\n\t\t\t\t<\/div>\n\t\t\t\t\t\t\t\t<\/div>\n\t\t\t\t<\/div>\n\t\t\t\t\t<\/div>\n\t\t\t\t<\/div>\n\t\t<div class=\"elementor-element elementor-element-e423823 e-flex e-con-boxed e-con e-parent\" data-id=\"e423823\" data-element_type=\"container\" data-e-type=\"container\">\n\t\t\t\t\t<div class=\"e-con-inner\">\n\t\t\t\t<div class=\"elementor-element elementor-element-cc4e204 elementor-widget elementor-widget-heading\" data-id=\"cc4e204\" data-element_type=\"widget\" data-e-type=\"widget\" data-widget_type=\"heading.default\">\n\t\t\t\t<div class=\"elementor-widget-container\">\n\t\t\t\t\t<h2 class=\"elementor-heading-title elementor-size-default\">Contatos<\/h2>\t\t\t\t<\/div>\n\t\t\t\t<\/div>\n\t\t\t\t\t<\/div>\n\t\t\t\t<\/div>\n\t\t<div class=\"elementor-element elementor-element-6ba2b32 e-flex e-con-boxed e-con e-parent\" data-id=\"6ba2b32\" data-element_type=\"container\" data-e-type=\"container\">\n\t\t\t\t\t<div class=\"e-con-inner\">\n\t\t\t\t<div class=\"elementor-element elementor-element-6fa96865 elementor-widget elementor-widget-text-editor\" data-id=\"6fa96865\" data-element_type=\"widget\" data-e-type=\"widget\" data-widget_type=\"text-editor.default\">\n\t\t\t\t<div class=\"elementor-widget-container\">\n\t\t\t\t\t\t\t\t\t<p><strong>Telefone: <\/strong><a href=\"tel:(+351)%20212%20460%20650\">(+351) 212 460 650 <\/a>(chamada para rede fixa nacional)<\/p><p>2\u00aa a 6\u00aa das 9h-19h30<\/p><p>S\u00e1bados e Feriados* das 9h-18h<\/p><p>*exclui 1 de janeiro, 1 de maio, 1,8 e 25 de dezembro<\/p><p><strong>Email:<\/strong> <a href=\"mailto:portugal.reservas@vilagale.com\">portugal.reservas@vilagale.com <\/a><\/p>\t\t\t\t\t\t\t\t<\/div>\n\t\t\t\t<\/div>\n\t\t\t\t<div class=\"elementor-element elementor-element-8d752bd elementor-align-right elementor-mobile-align-center elementor-widget elementor-widget-button\" data-id=\"8d752bd\" data-element_type=\"widget\" data-e-type=\"widget\" data-widget_type=\"button.default\">\n\t\t\t\t<div class=\"elementor-widget-container\">\n\t\t\t\t\t\t\t\t\t<div class=\"elementor-button-wrapper\">\n\t\t\t\t\t<a class=\"elementor-button elementor-button-link elementor-size-xs\" href=\"https:\/\/ordemdosfisioterapeutas.pt\/pt\/parcerias\/\">\n\t\t\t\t\t\t<span class=\"elementor-button-content-wrapper\">\n\t\t\t\t\t\t\t\t\t<span class=\"elementor-button-text\">Voltar<\/span>\n\t\t\t\t\t<\/span>\n\t\t\t\t\t<\/a>\n\t\t\t\t<\/div>\n\t\t\t\t\t\t\t\t<\/div>\n\t\t\t\t<\/div>\n\t\t\t\t\t<\/div>\n\t\t\t\t<\/div>\n\t\t\t\t<\/div>\n\t\t","protected":false},"excerpt":{"rendered":"<p>Descri\u00e7\u00e3o O grupo Vila Gal\u00e9 \u00e9 um dos principais grupos hoteleiros portugueses e est\u00e1 agora na 120\u00ba posi\u00e7\u00e3o no ranking das 200 maiores empresas de hotelaria da revista Hotels. \u00c9 composto por diversas sociedades, das quais se destaca, pela sua dimens\u00e3o e import\u00e2ncia, a VILA GAL\u00c9 \u2013 Sociedade de Empreendimentos Tur\u00edsticos, S.A., que faz parte &#8230; <a title=\"Vila Gal\u00e9\" class=\"read-more\" href=\"https:\/\/ordemdosfisioterapeutas.pt\/pt\/vila-gale\/\" aria-label=\"Leia mais sobre Vila Gal\u00e9\">Ler mais<\/a><\/p>\n","protected":false},"author":1,"featured_media":0,"parent":0,"menu_order":0,"comment_status":"closed","ping_status":"closed","template":"","meta":{"footnotes":""},"class_list":["post-9768","page","type-page","status-publish"],"_links":{"self":[{"href":"https:\/\/ordemdosfisioterapeutas.pt\/pt\/wp-json\/wp\/v2\/pages\/9768","targetHints":{"allow":["GET"]}}],"collection":[{"href":"https:\/\/ordemdosfisioterapeutas.pt\/pt\/wp-json\/wp\/v2\/pages"}],"about":[{"href":"https:\/\/ordemdosfisioterapeutas.pt\/pt\/wp-json\/wp\/v2\/types\/page"}],"author":[{"embeddable":true,"href":"https:\/\/ordemdosfisioterapeutas.pt\/pt\/wp-json\/wp\/v2\/users\/1"}],"replies":[{"embeddable":true,"href":"https:\/\/ordemdosfisioterapeutas.pt\/pt\/wp-json\/wp\/v2\/comments?post=9768"}],"version-history":[{"count":0,"href":"https:\/\/ordemdosfisioterapeutas.pt\/pt\/wp-json\/wp\/v2\/pages\/9768\/revisions"}],"wp:attachment":[{"href":"https:\/\/ordemdosfisioterapeutas.pt\/pt\/wp-json\/wp\/v2\/media?parent=9768"}],"curies":[{"name":"wp","href":"https:\/\/api.w.org\/{rel}","templated":true}]}}