{"id":919,"date":"2020-10-07T13:53:58","date_gmt":"2020-10-07T13:53:58","guid":{"rendered":"https:\/\/ordemdosfisioterapeutas.pt\/?page_id=919"},"modified":"2024-03-01T12:19:18","modified_gmt":"2024-03-01T12:19:18","slug":"inscricao-na-ordem-dos-fisioterapeutas","status":"publish","type":"page","link":"https:\/\/ordemdosfisioterapeutas.pt\/pt\/inscricao-na-ordem-dos-fisioterapeutas\/","title":{"rendered":"Inscri\u00e7\u00e3o na Ordem dos Fisioterapeutas"},"content":{"rendered":"\t\t<div data-elementor-type=\"wp-page\" data-elementor-id=\"919\" class=\"elementor elementor-919\" data-elementor-post-type=\"page\">\n\t\t\t\t\t\t<section class=\"elementor-section elementor-top-section elementor-element elementor-element-943f466 elementor-section-boxed elementor-section-height-default elementor-section-height-default\" data-id=\"943f466\" data-element_type=\"section\" data-e-type=\"section\">\n\t\t\t\t\t\t<div class=\"elementor-container elementor-column-gap-default\">\n\t\t\t\t\t<div class=\"elementor-column elementor-col-100 elementor-top-column elementor-element elementor-element-0ad4b55\" data-id=\"0ad4b55\" data-element_type=\"column\" data-e-type=\"column\">\n\t\t\t<div class=\"elementor-widget-wrap elementor-element-populated\">\n\t\t\t\t\t\t<div class=\"elementor-element elementor-element-01a0f9c elementor-widget elementor-widget-text-editor\" data-id=\"01a0f9c\" data-element_type=\"widget\" data-e-type=\"widget\" data-widget_type=\"text-editor.default\">\n\t\t\t\t<div class=\"elementor-widget-container\">\n\t\t\t\t\t\t\t\t\t<p>A Ordem \u00e9 desde 15 de dezembro de 2021 a entidade competente para o reconhecimento das qualifica\u00e7\u00f5es profissionais de fisioterapeutas com forma\u00e7\u00e3o em Portugal e fora de Portugal, bem como para a emiss\u00e3o da Carteira Profissional Europeia.<\/p>\t\t\t\t\t\t\t\t<\/div>\n\t\t\t\t<\/div>\n\t\t\t\t\t<\/div>\n\t\t<\/div>\n\t\t\t\t\t<\/div>\n\t\t<\/section>\n\t\t<div class=\"elementor-element elementor-element-9be4311 e-flex e-con-boxed e-con e-parent\" data-id=\"9be4311\" data-element_type=\"container\" data-e-type=\"container\">\n\t\t\t\t\t<div class=\"e-con-inner\">\n\t\t\t\t<div class=\"elementor-element elementor-element-1314af1 elementor-widget elementor-widget-n-accordion\" data-id=\"1314af1\" data-element_type=\"widget\" data-e-type=\"widget\" data-settings=\"{&quot;default_state&quot;:&quot;all_collapsed&quot;,&quot;max_items_expended&quot;:&quot;one&quot;,&quot;n_accordion_animation_duration&quot;:{&quot;unit&quot;:&quot;ms&quot;,&quot;size&quot;:400,&quot;sizes&quot;:[]}}\" data-widget_type=\"nested-accordion.default\">\n\t\t\t\t<div class=\"elementor-widget-container\">\n\t\t\t\t\t\t\t<div class=\"e-n-accordion\" aria-label=\"Accordion. Open links with Enter or Space, close with Escape, and navigate with Arrow Keys\">\n\t\t\t\t\t\t<details id=\"e-n-accordion-item-2000\" class=\"e-n-accordion-item\" >\n\t\t\t\t<summary class=\"e-n-accordion-item-title\" data-accordion-index=\"1\" tabindex=\"0\" aria-expanded=\"false\" aria-controls=\"e-n-accordion-item-2000\" >\n\t\t\t\t\t<span class='e-n-accordion-item-title-header'><div class=\"e-n-accordion-item-title-text\"> Regulamentos Aplic\u00e1veis  <\/div><\/span>\n\t\t\t\t\t\t\t<span class='e-n-accordion-item-title-icon'>\n\t\t\t<span class='e-opened' ><i aria-hidden=\"true\" class=\"fas fa-minus\"><\/i><\/span>\n\t\t\t<span class='e-closed'><i aria-hidden=\"true\" class=\"fas fa-plus\"><\/i><\/span>\n\t\t<\/span>\n\n\t\t\t\t\t\t<\/summary>\n\t\t\t\t<div role=\"region\" aria-labelledby=\"e-n-accordion-item-2000\" class=\"elementor-element elementor-element-8e4333a e-con-full e-flex e-con e-child\" data-id=\"8e4333a\" data-element_type=\"container\" data-e-type=\"container\">\n\t\t\t\t<div class=\"elementor-element elementor-element-769d6d1 elementor-widget elementor-widget-text-editor\" data-id=\"769d6d1\" data-element_type=\"widget\" data-e-type=\"widget\" data-widget_type=\"text-editor.default\">\n\t\t\t\t<div class=\"elementor-widget-container\">\n\t\t\t\t\t\t\t\t\t<p><span style=\"text-decoration: underline;\"><a href=\"https:\/\/dre.pt\/application\/file\/205931318\" target=\"_blank\" rel=\"noopener\">Regulamento de Inscri\u00e7\u00e3o \u2013 Di\u00e1rio da Rep\u00fablica<\/a><\/span><\/p><p><span style=\"text-decoration: underline;\"><a href=\"https:\/\/dre.pt\/application\/file\/205869771\" target=\"_blank\" rel=\"noopener\">Regulamento de Taxas &#8211; Di\u00e1rio da Rep\u00fablica<\/a><\/span><\/p>\t\t\t\t\t\t\t\t<\/div>\n\t\t\t\t<\/div>\n\t\t\t\t<\/div>\n\t\t\t\t\t<\/details>\n\t\t\t\t\t\t<details id=\"e-n-accordion-item-2001\" class=\"e-n-accordion-item\" >\n\t\t\t\t<summary class=\"e-n-accordion-item-title\" data-accordion-index=\"2\" tabindex=\"-1\" aria-expanded=\"false\" aria-controls=\"e-n-accordion-item-2001\" >\n\t\t\t\t\t<span class='e-n-accordion-item-title-header'><div class=\"e-n-accordion-item-title-text\"> Documentos necess\u00e1rios para a inscri\u00e7\u00e3o <\/div><\/span>\n\t\t\t\t\t\t\t<span class='e-n-accordion-item-title-icon'>\n\t\t\t<span class='e-opened' ><i aria-hidden=\"true\" class=\"fas fa-minus\"><\/i><\/span>\n\t\t\t<span class='e-closed'><i aria-hidden=\"true\" class=\"fas fa-plus\"><\/i><\/span>\n\t\t<\/span>\n\n\t\t\t\t\t\t<\/summary>\n\t\t\t\t<div role=\"region\" aria-labelledby=\"e-n-accordion-item-2001\" class=\"elementor-element elementor-element-6b76f3e e-con-full e-flex e-con e-child\" data-id=\"6b76f3e\" data-element_type=\"container\" data-e-type=\"container\">\n\t\t\t\t<div class=\"elementor-element elementor-element-7072d50 elementor-widget elementor-widget-text-editor\" data-id=\"7072d50\" data-element_type=\"widget\" data-e-type=\"widget\" data-widget_type=\"text-editor.default\">\n\t\t\t\t<div class=\"elementor-widget-container\">\n\t\t\t\t\t\t\t\t\t<p><strong>Pr\u00e9-requisitos para a inscri\u00e7\u00e3o na Ordem dos Fisioterapeutas<\/strong><a href=\"#\"><br \/><\/a><\/p><p><span style=\"text-decoration: underline;\"><a href=\"https:\/\/ordemdosfisioterapeutas.pt\/wp-content\/uploads\/2021\/04\/DocumentosNecessariosInscricao.pdf\" target=\"_blank\" rel=\"noopener\">Abrir Documento<\/a><\/span><\/p><p><strong>Chave-m\u00f3vel ou leitor de cart\u00f5es<\/strong><\/p><p>Para efetuar a inscri\u00e7\u00e3o na ordem deve, preferencialmente, ter Cart\u00e3o de Cidad\u00e3o com chave-m\u00f3vel digital ativada ou leitor de cart\u00e3o de cidad\u00e3o com respetivo pin.<\/p><p>No caso de n\u00e3o possuir Cart\u00e3o de Cidad\u00e3o e tiver um Bilhete de Identidade vital\u00edcio ou no caso dos cidad\u00e3os estrangeiros com Passaporte, o seu acesso ser\u00e1 atrav\u00e9s de um registo manual.<\/p><p><a href=\"https:\/\/www.autenticacao.gov.pt\/web\/guest\/cmd-pedido-chave\" target=\"_blank\" rel=\"noopener\"><span style=\"text-decoration: underline;\">Consulte aqui<\/span><\/a> como pode obter a sua chave-m\u00f3vel.<\/p><p><strong>Certificado do registo criminal<\/strong><\/p><p>Para obter o certificado do registo criminal, por favor consulte o seguinte link:<\/p><p><span style=\"text-decoration: underline;\"><a href=\"https:\/\/registocriminal.justica.gov.pt\/\" target=\"_blank\" rel=\"noopener\">https:\/\/registocriminal.justica.gov.pt\/<\/a><\/span><\/p><p>Deve escolher:<\/p><p><span style=\"text-decoration: underline;\">Tipo de Finalidade:<\/span> Inscri\u00e7\u00e3o em Ordem Profissional<br \/><span style=\"text-decoration: underline;\">Finalidade:<\/span> Ordem dos Fisioterapeutas <br \/><span style=\"text-decoration: underline;\">Fun\u00e7\u00e3o\/Cargo\/Categoria:<\/span> Fisioterapeuta<br \/><span style=\"text-decoration: underline;\">Entidade\/Empresa:<\/span> Inscri\u00e7\u00e3o na Ordem dos Fisioterapeutas \u2013 Lei 122\/2019, de 30 de Setembro<\/p><p><strong>Assinatura Profissional<\/strong><\/p><p>A assinatura profissional \u00e9 um elemento importante e que ir\u00e1 constar da c\u00e9dula profissional. \u00c9 disponibilizado no link um documento para o efeito, que dever\u00e1 ser preenchido e enviado, em formato digital, durante o processo de inscri\u00e7\u00e3o.<\/p><p><span style=\"text-decoration: underline;\"><a href=\"https:\/\/ordemdosfisioterapeutas.pt\/wp-content\/uploads\/2021\/04\/formulario-assinatura.pdf\">Formul\u00e1rio de Assinatura<\/a><\/span><\/p>\t\t\t\t\t\t\t\t<\/div>\n\t\t\t\t<\/div>\n\t\t\t\t<\/div>\n\t\t\t\t\t<\/details>\n\t\t\t\t\t\t<details id=\"e-n-accordion-item-2002\" class=\"e-n-accordion-item\" >\n\t\t\t\t<summary class=\"e-n-accordion-item-title\" data-accordion-index=\"3\" tabindex=\"-1\" aria-expanded=\"false\" aria-controls=\"e-n-accordion-item-2002\" >\n\t\t\t\t\t<span class='e-n-accordion-item-title-header'><div class=\"e-n-accordion-item-title-text\"> Guias Passo-a-Passo das Inscri\u00e7\u00f5es <\/div><\/span>\n\t\t\t\t\t\t\t<span class='e-n-accordion-item-title-icon'>\n\t\t\t<span class='e-opened' ><i aria-hidden=\"true\" class=\"fas fa-minus\"><\/i><\/span>\n\t\t\t<span class='e-closed'><i aria-hidden=\"true\" class=\"fas fa-plus\"><\/i><\/span>\n\t\t<\/span>\n\n\t\t\t\t\t\t<\/summary>\n\t\t\t\t<div role=\"region\" aria-labelledby=\"e-n-accordion-item-2002\" class=\"elementor-element elementor-element-b7eff4a e-con-full e-flex e-con e-child\" data-id=\"b7eff4a\" data-element_type=\"container\" data-e-type=\"container\">\n\t\t\t\t<div class=\"elementor-element elementor-element-596424f elementor-widget elementor-widget-text-editor\" data-id=\"596424f\" data-element_type=\"widget\" data-e-type=\"widget\" data-widget_type=\"text-editor.default\">\n\t\t\t\t<div class=\"elementor-widget-container\">\n\t\t\t\t\t\t\t\t\t<p><span style=\"text-decoration: underline;\"><a href=\"https:\/\/ordemdosfisioterapeutas.pt\/wp-content\/uploads\/2021\/05\/guia-passopasso-nacionais-bacharelato-12017-12773.pdf\" target=\"_blank\" rel=\"noopener\">Fisioterapeuta formado em Portugal com Bacharelato ( anterior a 1993 )<\/a><\/span><\/p><p><span style=\"text-decoration: underline;\"><a href=\"https:\/\/ordemdosfisioterapeutas.pt\/wp-content\/uploads\/2021\/05\/guia-passopasso-nacionais-bietapica-12019-12772.pdf\" target=\"_blank\" rel=\"noopener\">Fisioterapeuta formado em Portugal com licenciatura Biet\u00e1pica ( 1993-2008 )<\/a><\/span><\/p><p><span style=\"text-decoration: underline;\"><a href=\"https:\/\/ordemdosfisioterapeutas.pt\/wp-content\/uploads\/2021\/05\/guia-passopasso-nacionais-licenciatura-12015-12774.pdf\" target=\"_blank\" rel=\"noopener\">Fisioterapeuta formado em Portugal com Licenciatura ( ap\u00f3s 2008 )<\/a><\/span><\/p><p><span style=\"text-decoration: underline;\"><a href=\"https:\/\/ordemdosfisioterapeutas.pt\/wp-content\/uploads\/2022\/03\/guia_passopasso_EU_EFTA1201612770-Final-com-CPE.pdf\" target=\"_blank\" rel=\"noopener\">Fisioterapeuta formado num pa\u00eds de UE\/EFTA (com CPE)<\/a><\/span><\/p><p><span style=\"text-decoration: underline;\"><a href=\"https:\/\/ordemdosfisioterapeutas.pt\/wp-content\/uploads\/2022\/03\/guia_passopasso_EU_EFTA1201612770-Final-sem-CPE.pdf\" target=\"_blank\" rel=\"noopener\">Fisioterapeuta formado num pa\u00eds de UE\/EFTA (sem CPE)<\/a><\/span><\/p><p><span style=\"text-decoration: underline;\"><a href=\"https:\/\/ordemdosfisioterapeutas.pt\/wp-content\/uploads\/2021\/05\/guia-passopasso-estrangeirospaisesterceiros-12018-12771.pdf\" target=\"_blank\" rel=\"noopener\">Fisioterapeuta formado num pa\u00eds fora da UE\/EFTA<\/a><\/span><\/p>\t\t\t\t\t\t\t\t<\/div>\n\t\t\t\t<\/div>\n\t\t\t\t<div class=\"elementor-element elementor-element-1310922 elementor-widget elementor-widget-n-accordion\" data-id=\"1310922\" data-element_type=\"widget\" data-e-type=\"widget\" data-settings=\"{&quot;default_state&quot;:&quot;all_collapsed&quot;,&quot;max_items_expended&quot;:&quot;one&quot;,&quot;n_accordion_animation_duration&quot;:{&quot;unit&quot;:&quot;ms&quot;,&quot;size&quot;:400,&quot;sizes&quot;:[]}}\" data-widget_type=\"nested-accordion.default\">\n\t\t\t\t<div class=\"elementor-widget-container\">\n\t\t\t\t\t\t\t<div class=\"e-n-accordion\" aria-label=\"Accordion. Open links with Enter or Space, close with Escape, and navigate with Arrow Keys\">\n\t\t\t\t\t\t<details id=\"e-n-accordion-item-1990\" class=\"e-n-accordion-item\" >\n\t\t\t\t<summary class=\"e-n-accordion-item-title\" data-accordion-index=\"1\" tabindex=\"0\" aria-expanded=\"false\" aria-controls=\"e-n-accordion-item-1990\" >\n\t\t\t\t\t<span class='e-n-accordion-item-title-header'><div class=\"e-n-accordion-item-title-text\"> Brexit <\/div><\/span>\n\t\t\t\t\t\t\t<span class='e-n-accordion-item-title-icon'>\n\t\t\t<span class='e-opened' ><i aria-hidden=\"true\" class=\"fas fa-minus\"><\/i><\/span>\n\t\t\t<span class='e-closed'><i aria-hidden=\"true\" class=\"fas fa-plus\"><\/i><\/span>\n\t\t<\/span>\n\n\t\t\t\t\t\t<\/summary>\n\t\t\t\t<div role=\"region region\" aria-labelledby=\"e-n-accordion-item-2002 e-n-accordion-item-1990\" class=\"elementor-element elementor-element-74504c4 e-con-full e-flex e-con e-child\" data-id=\"74504c4\" data-element_type=\"container\" data-e-type=\"container\">\n\t\t\t\t<div class=\"elementor-element elementor-element-5149c7c elementor-widget elementor-widget-text-editor\" data-id=\"5149c7c\" data-element_type=\"widget\" data-e-type=\"widget\" data-widget_type=\"text-editor.default\">\n\t\t\t\t<div class=\"elementor-widget-container\">\n\t\t\t\t\t\t\t\t\t<p>Segundo informa\u00e7\u00e3o disponibilizada pela DGERT \u2013 Dire\u00e7\u00e3o-Geral do Emprego e das Rela\u00e7\u00f5es de Trabalho, sobre o reconhecimento das qualifica\u00e7\u00f5es profissionais adquiridas no Reino Unido, esclarece-se que:<\/p><p>1 \u2013 As qualifica\u00e7\u00f5es obtidas no Reino Unido antes do termo do per\u00edodo de transi\u00e7\u00e3o estabelecido no Acordo de Sa\u00edda (antes de 1 de janeiro de 2021) por nacionais da UE, s\u00e3o qualifica\u00e7\u00f5es da UE.<\/p><p>2 \u2013 As regras e os regimes de reconhecimento da Diretiva 2005\/36\/CE aplicam-se ao reconhecimento dessas qualifica\u00e7\u00f5es, nomeadamente a todos os tipos de qualifica\u00e7\u00f5es abrangidos pela Diretiva 2005\/36\/CE, sem limita\u00e7\u00e3o temporal.<\/p><p>Assim, os profissionais dever\u00e3o submeter o requerimento\u00a0<span style=\"text-decoration: underline;\"><a href=\"https:\/\/ordemdosfisioterapeutas.pt\/wp-content\/uploads\/2021\/05\/guia-passopasso-estrangeirospaisesterceiros-12018-12771.pdf\">Fisioterapeuta formado num pa\u00eds fora da UE\/EFTA<\/a><\/span><\/p><p>A estes requerentes, ser\u00e3o aplicados os procedimentos e crit\u00e9rios em uso, decorrentes das Diretivas Europeias sobre reconhecimento de diplomas, em vigor, com as necess\u00e1rias adapta\u00e7\u00f5es.<\/p>\t\t\t\t\t\t\t\t<\/div>\n\t\t\t\t<\/div>\n\t\t\t\t<\/div>\n\t\t\t\t\t<\/details>\n\t\t\t\t\t<\/div>\n\t\t\t\t\t\t<\/div>\n\t\t\t\t<\/div>\n\t\t\t\t<\/div>\n\t\t\t\t\t<\/details>\n\t\t\t\t\t<\/div>\n\t\t\t\t\t\t<\/div>\n\t\t\t\t<\/div>\n\t\t\t\t\t<\/div>\n\t\t\t\t<\/div>\n\t\t\t\t<section class=\"elementor-section elementor-top-section elementor-element elementor-element-4ca33027 elementor-section-boxed elementor-section-height-default elementor-section-height-default\" data-id=\"4ca33027\" data-element_type=\"section\" data-e-type=\"section\">\n\t\t\t\t\t\t<div class=\"elementor-container elementor-column-gap-default\">\n\t\t\t\t\t<div class=\"elementor-column elementor-col-50 elementor-top-column elementor-element elementor-element-153db081\" data-id=\"153db081\" data-element_type=\"column\" data-e-type=\"column\">\n\t\t\t<div class=\"elementor-widget-wrap elementor-element-populated\">\n\t\t\t\t\t\t<div class=\"elementor-element elementor-element-4607c161 elementor-align-left elementor-widget elementor-widget-button\" data-id=\"4607c161\" data-element_type=\"widget\" data-e-type=\"widget\" data-widget_type=\"button.default\">\n\t\t\t\t<div class=\"elementor-widget-container\">\n\t\t\t\t\t\t\t\t\t<div class=\"elementor-button-wrapper\">\n\t\t\t\t\t<a class=\"elementor-button elementor-button-link elementor-size-sm\" href=\"https:\/\/ordemdosfisioterapeutas.pt\/erros-frequentes-preenchimento-requerimento-inscricao\/\">\n\t\t\t\t\t\t<span class=\"elementor-button-content-wrapper\">\n\t\t\t\t\t\t<span class=\"elementor-button-icon\">\n\t\t\t\t<i aria-hidden=\"true\" class=\"fas fa-pen-alt\"><\/i>\t\t\t<\/span>\n\t\t\t\t\t\t\t\t\t<span class=\"elementor-button-text\">Acesso ao Formul\u00e1rio de Inscri\u00e7\u00e3o<\/span>\n\t\t\t\t\t<\/span>\n\t\t\t\t\t<\/a>\n\t\t\t\t<\/div>\n\t\t\t\t\t\t\t\t<\/div>\n\t\t\t\t<\/div>\n\t\t\t\t\t<\/div>\n\t\t<\/div>\n\t\t\t\t<div class=\"elementor-column elementor-col-50 elementor-top-column elementor-element elementor-element-3b3a8ef2\" data-id=\"3b3a8ef2\" data-element_type=\"column\" data-e-type=\"column\">\n\t\t\t<div class=\"elementor-widget-wrap elementor-element-populated\">\n\t\t\t\t\t\t<div class=\"elementor-element elementor-element-728e4945 elementor-icon-list--layout-traditional elementor-list-item-link-full_width elementor-widget elementor-widget-icon-list\" data-id=\"728e4945\" data-element_type=\"widget\" data-e-type=\"widget\" data-widget_type=\"icon-list.default\">\n\t\t\t\t<div class=\"elementor-widget-container\">\n\t\t\t\t\t\t\t<ul class=\"elementor-icon-list-items\">\n\t\t\t\t\t\t\t<li class=\"elementor-icon-list-item\">\n\t\t\t\t\t\t\t\t\t\t\t<a href=\"https:\/\/ordemdosfisioterapeutas.pt\/wp-content\/uploads\/2021\/09\/caracterizacao-formulario.pdf\" target=\"_blank\">\n\n\t\t\t\t\t\t\t\t\t\t\t\t<span class=\"elementor-icon-list-icon\">\n\t\t\t\t\t\t\t<i aria-hidden=\"true\" class=\"fas fa-info-circle\"><\/i>\t\t\t\t\t\t<\/span>\n\t\t\t\t\t\t\t\t\t\t<span class=\"elementor-icon-list-text\">Caracteriza\u00e7\u00e3o do Formul\u00e1rio de Inscri\u00e7\u00e3o.<\/span>\n\t\t\t\t\t\t\t\t\t\t\t<\/a>\n\t\t\t\t\t\t\t\t\t<\/li>\n\t\t\t\t\t\t\t\t<li class=\"elementor-icon-list-item\">\n\t\t\t\t\t\t\t\t\t\t\t<a href=\"https:\/\/ordemdosfisioterapeutas.pt\/encontre-um-fisioterapeuta\/\">\n\n\t\t\t\t\t\t\t\t\t\t\t\t<span class=\"elementor-icon-list-icon\">\n\t\t\t\t\t\t\t<i aria-hidden=\"true\" class=\"fas fa-info-circle\"><\/i>\t\t\t\t\t\t<\/span>\n\t\t\t\t\t\t\t\t\t\t<span class=\"elementor-icon-list-text\">Fisioterapeutas Inscritos<\/span>\n\t\t\t\t\t\t\t\t\t\t\t<\/a>\n\t\t\t\t\t\t\t\t\t<\/li>\n\t\t\t\t\t\t\t\t<li class=\"elementor-icon-list-item\">\n\t\t\t\t\t\t\t\t\t\t\t<a href=\"https:\/\/ordemdosfisioterapeutas.pt\/perguntas-frequentes\/#faq-inscricoes\">\n\n\t\t\t\t\t\t\t\t\t\t\t\t<span class=\"elementor-icon-list-icon\">\n\t\t\t\t\t\t\t<i aria-hidden=\"true\" class=\"fas fa-info-circle\"><\/i>\t\t\t\t\t\t<\/span>\n\t\t\t\t\t\t\t\t\t\t<span class=\"elementor-icon-list-text\">FAQ Inscri\u00e7\u00f5es<\/span>\n\t\t\t\t\t\t\t\t\t\t\t<\/a>\n\t\t\t\t\t\t\t\t\t<\/li>\n\t\t\t\t\t\t<\/ul>\n\t\t\t\t\t\t<\/div>\n\t\t\t\t<\/div>\n\t\t\t\t\t<\/div>\n\t\t<\/div>\n\t\t\t\t\t<\/div>\n\t\t<\/section>\n\t\t\t\t<section class=\"elementor-section elementor-top-section elementor-element elementor-element-13511fd9 elementor-section-boxed elementor-section-height-default elementor-section-height-default\" data-id=\"13511fd9\" data-element_type=\"section\" data-e-type=\"section\">\n\t\t\t\t\t\t<div class=\"elementor-container elementor-column-gap-default\">\n\t\t\t\t\t<div class=\"elementor-column elementor-col-100 elementor-top-column elementor-element elementor-element-4c0665cf\" data-id=\"4c0665cf\" data-element_type=\"column\" data-e-type=\"column\">\n\t\t\t<div class=\"elementor-widget-wrap elementor-element-populated\">\n\t\t\t\t\t\t<div class=\"elementor-element elementor-element-2aadf378 elementor-widget elementor-widget-text-editor\" data-id=\"2aadf378\" data-element_type=\"widget\" data-e-type=\"widget\" data-widget_type=\"text-editor.default\">\n\t\t\t\t<div class=\"elementor-widget-container\">\n\t\t\t\t\t\t\t\t\t<p>Para acompanhar o seu processo de inscri\u00e7\u00e3o, acesse ao <strong>Formul\u00e1rio de Inscri\u00e7\u00e3o<\/strong> e carregue na op\u00e7\u00e3o <strong>Estado do processo<\/strong>.<\/p>\t\t\t\t\t\t\t\t<\/div>\n\t\t\t\t<\/div>\n\t\t\t\t\t<\/div>\n\t\t<\/div>\n\t\t\t\t\t<\/div>\n\t\t<\/section>\n\t\t\t\t<\/div>\n\t\t","protected":false},"excerpt":{"rendered":"<p>A Ordem \u00e9 desde 15 de dezembro de 2021 a entidade competente para o reconhecimento das qualifica\u00e7\u00f5es profissionais de fisioterapeutas com forma\u00e7\u00e3o em Portugal e fora de Portugal, bem como para a emiss\u00e3o da Carteira Profissional Europeia. Regulamentos Aplic\u00e1veis Regulamento de Inscri\u00e7\u00e3o \u2013 Di\u00e1rio da Rep\u00fablica Regulamento de Taxas &#8211; Di\u00e1rio da Rep\u00fablica Documentos necess\u00e1rios &#8230; <a title=\"Inscri\u00e7\u00e3o na Ordem dos Fisioterapeutas\" class=\"read-more\" href=\"https:\/\/ordemdosfisioterapeutas.pt\/pt\/inscricao-na-ordem-dos-fisioterapeutas\/\" aria-label=\"Leia mais sobre Inscri\u00e7\u00e3o na Ordem dos Fisioterapeutas\">Ler mais<\/a><\/p>\n","protected":false},"author":1,"featured_media":0,"parent":0,"menu_order":0,"comment_status":"closed","ping_status":"closed","template":"","meta":{"footnotes":""},"class_list":["post-919","page","type-page","status-publish"],"_links":{"self":[{"href":"https:\/\/ordemdosfisioterapeutas.pt\/pt\/wp-json\/wp\/v2\/pages\/919","targetHints":{"allow":["GET"]}}],"collection":[{"href":"https:\/\/ordemdosfisioterapeutas.pt\/pt\/wp-json\/wp\/v2\/pages"}],"about":[{"href":"https:\/\/ordemdosfisioterapeutas.pt\/pt\/wp-json\/wp\/v2\/types\/page"}],"author":[{"embeddable":true,"href":"https:\/\/ordemdosfisioterapeutas.pt\/pt\/wp-json\/wp\/v2\/users\/1"}],"replies":[{"embeddable":true,"href":"https:\/\/ordemdosfisioterapeutas.pt\/pt\/wp-json\/wp\/v2\/comments?post=919"}],"version-history":[{"count":0,"href":"https:\/\/ordemdosfisioterapeutas.pt\/pt\/wp-json\/wp\/v2\/pages\/919\/revisions"}],"wp:attachment":[{"href":"https:\/\/ordemdosfisioterapeutas.pt\/pt\/wp-json\/wp\/v2\/media?parent=919"}],"curies":[{"name":"wp","href":"https:\/\/api.w.org\/{rel}","templated":true}]}}