{"id":8655,"date":"2024-08-22T10:16:16","date_gmt":"2024-08-22T09:16:16","guid":{"rendered":"https:\/\/ordemdosfisioterapeutas.pt\/?page_id=8655"},"modified":"2024-09-09T20:42:11","modified_gmt":"2024-09-09T19:42:11","slug":"representacao-internacional","status":"publish","type":"page","link":"https:\/\/ordemdosfisioterapeutas.pt\/pt\/representacao-internacional\/","title":{"rendered":"Representa\u00e7\u00e3o Internacional"},"content":{"rendered":"\t\t<div data-elementor-type=\"wp-page\" data-elementor-id=\"8655\" class=\"elementor elementor-8655\" data-elementor-post-type=\"page\">\n\t\t\t\t<div class=\"elementor-element elementor-element-5edbd95 e-con-full e-flex e-con e-parent\" data-id=\"5edbd95\" data-element_type=\"container\" data-e-type=\"container\">\n\t\t<div class=\"elementor-element elementor-element-a98da3f e-con-full e-flex e-con e-child\" data-id=\"a98da3f\" data-element_type=\"container\" data-e-type=\"container\">\n\t\t\t\t<div class=\"elementor-element elementor-element-42f9670 elementor-widget elementor-widget-image\" data-id=\"42f9670\" data-element_type=\"widget\" data-e-type=\"widget\" data-widget_type=\"image.default\">\n\t\t\t\t<div class=\"elementor-widget-container\">\n\t\t\t\t\t\t\t\t\t\t\t\t\t\t\t<img fetchpriority=\"high\" decoding=\"async\" width=\"600\" height=\"315\" src=\"https:\/\/ordemdosfisioterapeutas.pt\/wp-content\/uploads\/2024\/09\/internacional.png\" class=\"attachment-large size-large wp-image-8774\" alt=\"\" srcset=\"https:\/\/ordemdosfisioterapeutas.pt\/wp-content\/uploads\/2024\/09\/internacional.png 600w, https:\/\/ordemdosfisioterapeutas.pt\/wp-content\/uploads\/2024\/09\/internacional-300x158.png 300w, https:\/\/ordemdosfisioterapeutas.pt\/wp-content\/uploads\/2024\/09\/internacional-18x9.png 18w\" sizes=\"(max-width: 600px) 100vw, 600px\" \/>\t\t\t\t\t\t\t\t\t\t\t\t\t\t\t<\/div>\n\t\t\t\t<\/div>\n\t\t\t\t<\/div>\n\t\t\t\t<\/div>\n\t\t<div class=\"elementor-element elementor-element-c22b1f7 e-flex e-con-boxed e-con e-parent\" data-id=\"c22b1f7\" data-element_type=\"container\" data-e-type=\"container\">\n\t\t\t\t\t<div class=\"e-con-inner\">\n\t\t\t\t<div class=\"elementor-element elementor-element-dbe35ec elementor-widget elementor-widget-text-editor\" data-id=\"dbe35ec\" data-element_type=\"widget\" data-e-type=\"widget\" data-widget_type=\"text-editor.default\">\n\t\t\t\t<div class=\"elementor-widget-container\">\n\t\t\t\t\t\t\t\t\t<p>A Ordem dos Fisioterapeutas est\u00e1 filiada a v\u00e1rias organiza\u00e7\u00f5es internacionais, o que sublinha tanto a identidade pr\u00f3pria e autonomia da profiss\u00e3o quanto a sua integra\u00e7\u00e3o numa rede global de contactos e recursos. Desde janeiro de 2023, a Ordem \u00e9 membro da World Physiotherapy, da Europe Region of World Physiotherapy e da EurHeCA \u2013 European Health Professionals&#8217; Competent Authorities. Estas afilia\u00e7\u00f5es permitem \u00e0 Ordem participar em discuss\u00f5es globais sobre pr\u00e1ticas, pol\u00edticas e desenvolvimentos na Fisioterapia, al\u00e9m de integrar grupos especializados que promovem a colabora\u00e7\u00e3o e o avan\u00e7o da profiss\u00e3o a n\u00edvel internacional. A Ordem est\u00e1 filiada \u00e0s seguintes organiza\u00e7\u00f5es:<\/p>\n<ul>\n<li><span style=\"text-decoration: underline;\"><a href=\"https:\/\/world.physio\/\" target=\"_blank\" rel=\"noopener\">World Physiotherapy<\/a> <\/span>(WP)<\/li>\n<li><span style=\"text-decoration: underline;\"><a href=\"https:\/\/world.physio\/specialtygroups\" target=\"_blank\" rel=\"noopener\">Specialty groups of World Physiotherapy:<\/a>&nbsp;<\/span>International Physical Therapists for HIV\/AIDS, Oncology, Hospice and Palliative Care (<span style=\"text-decoration: underline;\"><a href=\"https:\/\/world.physio\/subgroups\/hiv-aids-oncology-hospice-palliative\" target=\"_blank\" rel=\"noopener\">IPT-HOPE<\/a><\/span>), International Organization of Aquatic Physical Therapists (<a href=\"https:\/\/world.physio\/subgroups\/aquatic\" target=\"_blank\" rel=\"noopener\"><span>IOAPT<\/span><\/a>), International Organization of Physical Therapy in Mental Health (<a href=\"https:\/\/world.physio\/subgroups\/mental-health\" target=\"_blank\" rel=\"noopener\"><span>IOPTMH<\/span><\/a>), International Neurological Physical Therapy Association (<span style=\"text-decoration: underline;\"><a href=\"https:\/\/world.physio\/subgroups\/neurological\" target=\"_blank\" rel=\"noopener\">INPA<\/a>)<\/span>, International Organization of Physiotherapists in Paediatrics (<span style=\"text-decoration: underline;\"><a href=\"https:\/\/world.physio\/subgroups\/paediatrics\" target=\"_blank\" rel=\"noopener\">IOPTP<\/a><\/span>), International Federation of Physical Therapists working in Occupational Health and Ergonomics (<span style=\"text-decoration: underline;\"><a href=\"https:\/\/world.physio\/subgroups\/occupational-health-ergonomics\" target=\"_blank\" rel=\"noopener\">IFPTOHE<\/a><\/span>), International Association of Physiotherapists working with Older People (<span style=\"text-decoration: underline;\"><a href=\"https:\/\/world.physio\/subgroups\/older-people\" target=\"_blank\" rel=\"noopener\">IPTOP<\/a><\/span>)<\/li>\n<li><a href=\"https:\/\/www.erwcpt.eu\/\" target=\"_blank\" rel=\"noopener\"><span style=\"text-decoration: underline;\">Europe Region of World Physiotherapy<\/span> <\/a>(ER-WCPT)<\/li>\n<li><span style=\"text-decoration: underline;\"><a href=\"https:\/\/www.eurheca.eu\/en\/113-eurheca-en\" target=\"_blank\" rel=\"noopener\">EurHeCA \u2013 European Health professionals Competent Authorities<\/a><\/span><\/li>\n<\/ul>\t\t\t\t\t\t\t\t<\/div>\n\t\t\t\t<\/div>\n\t\t\t\t\t<\/div>\n\t\t\t\t<\/div>\n\t\t<div class=\"elementor-element elementor-element-1a0c9b8 e-flex e-con-boxed e-con e-parent\" data-id=\"1a0c9b8\" data-element_type=\"container\" data-e-type=\"container\">\n\t\t\t\t\t<div class=\"e-con-inner\">\n\t\t<div class=\"elementor-element elementor-element-91f1184 e-con-full e-flex e-con e-child\" data-id=\"91f1184\" data-element_type=\"container\" data-e-type=\"container\">\n\t\t\t\t<div class=\"elementor-element elementor-element-ba62020 elementor-widget elementor-widget-image\" data-id=\"ba62020\" data-element_type=\"widget\" data-e-type=\"widget\" data-widget_type=\"image.default\">\n\t\t\t\t<div class=\"elementor-widget-container\">\n\t\t\t\t\t\t\t\t\t\t\t\t\t\t\t<img decoding=\"async\" width=\"398\" height=\"300\" src=\"https:\/\/ordemdosfisioterapeutas.pt\/wp-content\/uploads\/2024\/09\/internacional_01.png\" class=\"attachment-large size-large wp-image-8775\" alt=\"\" srcset=\"https:\/\/ordemdosfisioterapeutas.pt\/wp-content\/uploads\/2024\/09\/internacional_01.png 398w, https:\/\/ordemdosfisioterapeutas.pt\/wp-content\/uploads\/2024\/09\/internacional_01-300x226.png 300w, https:\/\/ordemdosfisioterapeutas.pt\/wp-content\/uploads\/2024\/09\/internacional_01-16x12.png 16w\" sizes=\"(max-width: 398px) 100vw, 398px\" \/>\t\t\t\t\t\t\t\t\t\t\t\t\t\t\t<\/div>\n\t\t\t\t<\/div>\n\t\t\t\t<\/div>\n\t\t<div class=\"elementor-element elementor-element-dfa72aa e-con-full e-flex e-con e-child\" data-id=\"dfa72aa\" data-element_type=\"container\" data-e-type=\"container\">\n\t\t\t\t<div class=\"elementor-element elementor-element-9690749 elementor-widget elementor-widget-image\" data-id=\"9690749\" data-element_type=\"widget\" data-e-type=\"widget\" data-widget_type=\"image.default\">\n\t\t\t\t<div class=\"elementor-widget-container\">\n\t\t\t\t\t\t\t\t\t\t\t\t\t\t\t<img decoding=\"async\" width=\"402\" height=\"300\" src=\"https:\/\/ordemdosfisioterapeutas.pt\/wp-content\/uploads\/2024\/09\/internacional_02.png\" class=\"attachment-large size-large wp-image-8776\" alt=\"\" srcset=\"https:\/\/ordemdosfisioterapeutas.pt\/wp-content\/uploads\/2024\/09\/internacional_02.png 402w, https:\/\/ordemdosfisioterapeutas.pt\/wp-content\/uploads\/2024\/09\/internacional_02-300x224.png 300w, https:\/\/ordemdosfisioterapeutas.pt\/wp-content\/uploads\/2024\/09\/internacional_02-16x12.png 16w\" sizes=\"(max-width: 402px) 100vw, 402px\" \/>\t\t\t\t\t\t\t\t\t\t\t\t\t\t\t<\/div>\n\t\t\t\t<\/div>\n\t\t\t\t<\/div>\n\t\t<div class=\"elementor-element elementor-element-fd6aed6 e-con-full e-flex e-con e-child\" data-id=\"fd6aed6\" data-element_type=\"container\" data-e-type=\"container\">\n\t\t\t\t<div class=\"elementor-element elementor-element-cd8d006 elementor-widget elementor-widget-image\" data-id=\"cd8d006\" data-element_type=\"widget\" data-e-type=\"widget\" data-widget_type=\"image.default\">\n\t\t\t\t<div class=\"elementor-widget-container\">\n\t\t\t\t\t\t\t\t\t\t\t\t\t\t\t<img loading=\"lazy\" decoding=\"async\" width=\"400\" height=\"300\" src=\"https:\/\/ordemdosfisioterapeutas.pt\/wp-content\/uploads\/2024\/09\/internacional_03.png\" class=\"attachment-large size-large wp-image-8777\" alt=\"\" srcset=\"https:\/\/ordemdosfisioterapeutas.pt\/wp-content\/uploads\/2024\/09\/internacional_03.png 400w, https:\/\/ordemdosfisioterapeutas.pt\/wp-content\/uploads\/2024\/09\/internacional_03-300x225.png 300w, https:\/\/ordemdosfisioterapeutas.pt\/wp-content\/uploads\/2024\/09\/internacional_03-16x12.png 16w\" sizes=\"(max-width: 400px) 100vw, 400px\" \/>\t\t\t\t\t\t\t\t\t\t\t\t\t\t\t<\/div>\n\t\t\t\t<\/div>\n\t\t\t\t<\/div>\n\t\t\t\t\t<\/div>\n\t\t\t\t<\/div>\n\t\t\t\t<\/div>\n\t\t","protected":false},"excerpt":{"rendered":"<p>A Ordem dos Fisioterapeutas est\u00e1 filiada a v\u00e1rias organiza\u00e7\u00f5es internacionais, o que sublinha tanto a identidade pr\u00f3pria e autonomia da profiss\u00e3o quanto a sua integra\u00e7\u00e3o numa rede global de contactos e recursos. Desde janeiro de 2023, a Ordem \u00e9 membro da World Physiotherapy, da Europe Region of World Physiotherapy e da EurHeCA \u2013 European Health &#8230; <a title=\"Representa\u00e7\u00e3o Internacional\" class=\"read-more\" href=\"https:\/\/ordemdosfisioterapeutas.pt\/pt\/representacao-internacional\/\" aria-label=\"Leia mais sobre Representa\u00e7\u00e3o Internacional\">Ler mais<\/a><\/p>\n","protected":false},"author":1,"featured_media":0,"parent":0,"menu_order":0,"comment_status":"closed","ping_status":"closed","template":"","meta":{"footnotes":""},"class_list":["post-8655","page","type-page","status-publish"],"_links":{"self":[{"href":"https:\/\/ordemdosfisioterapeutas.pt\/pt\/wp-json\/wp\/v2\/pages\/8655","targetHints":{"allow":["GET"]}}],"collection":[{"href":"https:\/\/ordemdosfisioterapeutas.pt\/pt\/wp-json\/wp\/v2\/pages"}],"about":[{"href":"https:\/\/ordemdosfisioterapeutas.pt\/pt\/wp-json\/wp\/v2\/types\/page"}],"author":[{"embeddable":true,"href":"https:\/\/ordemdosfisioterapeutas.pt\/pt\/wp-json\/wp\/v2\/users\/1"}],"replies":[{"embeddable":true,"href":"https:\/\/ordemdosfisioterapeutas.pt\/pt\/wp-json\/wp\/v2\/comments?post=8655"}],"version-history":[{"count":0,"href":"https:\/\/ordemdosfisioterapeutas.pt\/pt\/wp-json\/wp\/v2\/pages\/8655\/revisions"}],"wp:attachment":[{"href":"https:\/\/ordemdosfisioterapeutas.pt\/pt\/wp-json\/wp\/v2\/media?parent=8655"}],"curies":[{"name":"wp","href":"https:\/\/api.w.org\/{rel}","templated":true}]}}