{"id":832,"date":"2020-10-07T09:03:10","date_gmt":"2020-10-07T09:03:10","guid":{"rendered":"https:\/\/ordemdosfisioterapeutas.pt\/?page_id=832"},"modified":"2023-10-18T16:16:50","modified_gmt":"2023-10-18T15:16:50","slug":"cidadao","status":"publish","type":"page","link":"https:\/\/ordemdosfisioterapeutas.pt\/pt\/cidadao\/","title":{"rendered":"Cidad\u00e3o"},"content":{"rendered":"\t\t<div data-elementor-type=\"wp-page\" data-elementor-id=\"832\" class=\"elementor elementor-832\" data-elementor-post-type=\"page\">\n\t\t\t\t\t\t<section class=\"elementor-section elementor-top-section elementor-element elementor-element-2dbf794 elementor-section-boxed elementor-section-height-default elementor-section-height-default\" data-id=\"2dbf794\" data-element_type=\"section\" data-e-type=\"section\">\n\t\t\t\t\t\t<div class=\"elementor-container elementor-column-gap-default\">\n\t\t\t\t\t<div class=\"elementor-column elementor-col-100 elementor-top-column elementor-element elementor-element-6be1ace\" data-id=\"6be1ace\" data-element_type=\"column\" data-e-type=\"column\">\n\t\t\t<div class=\"elementor-widget-wrap elementor-element-populated\">\n\t\t\t\t\t\t<div class=\"elementor-element elementor-element-3d00a3e elementor-widget elementor-widget-button\" data-id=\"3d00a3e\" data-element_type=\"widget\" data-e-type=\"widget\" data-widget_type=\"button.default\">\n\t\t\t\t<div class=\"elementor-widget-container\">\n\t\t\t\t\t\t\t\t\t<div class=\"elementor-button-wrapper\">\n\t\t\t\t\t<a class=\"elementor-button elementor-button-link elementor-size-sm\" href=\"https:\/\/ordemdosfisioterapeutas.pt\/encontre-um-fisioterapeuta\/\" target=\"_blank\">\n\t\t\t\t\t\t<span class=\"elementor-button-content-wrapper\">\n\t\t\t\t\t\t\t\t\t<span class=\"elementor-button-text\">Fisioterapeutas Inscritos<\/span>\n\t\t\t\t\t<\/span>\n\t\t\t\t\t<\/a>\n\t\t\t\t<\/div>\n\t\t\t\t\t\t\t\t<\/div>\n\t\t\t\t<\/div>\n\t\t\t\t\t<\/div>\n\t\t<\/div>\n\t\t\t\t\t<\/div>\n\t\t<\/section>\n\t\t\t\t<section class=\"elementor-section elementor-top-section elementor-element elementor-element-d76e975 elementor-section-boxed elementor-section-height-default elementor-section-height-default\" data-id=\"d76e975\" data-element_type=\"section\" data-e-type=\"section\">\n\t\t\t\t\t\t<div class=\"elementor-container elementor-column-gap-default\">\n\t\t\t\t\t<div class=\"elementor-column elementor-col-100 elementor-top-column elementor-element elementor-element-831085a\" data-id=\"831085a\" data-element_type=\"column\" data-e-type=\"column\">\n\t\t\t<div class=\"elementor-widget-wrap elementor-element-populated\">\n\t\t\t\t\t\t<div class=\"elementor-element elementor-element-ee5e8b7 elementor-widget elementor-widget-toggle\" data-id=\"ee5e8b7\" data-element_type=\"widget\" data-e-type=\"widget\" data-widget_type=\"toggle.default\">\n\t\t\t\t<div class=\"elementor-widget-container\">\n\t\t\t\t\t\t\t<div class=\"elementor-toggle\">\n\t\t\t\t\t\t\t<div class=\"elementor-toggle-item\">\n\t\t\t\t\t<div id=\"elementor-tab-title-2491\" class=\"elementor-tab-title\" data-tab=\"1\" role=\"button\" aria-controls=\"elementor-tab-content-2491\" aria-expanded=\"false\">\n\t\t\t\t\t\t\t\t\t\t\t\t<span class=\"elementor-toggle-icon elementor-toggle-icon-left\" aria-hidden=\"true\">\n\t\t\t\t\t\t\t\t\t\t\t\t\t\t\t<span class=\"elementor-toggle-icon-closed\"><i class=\"fas fa-caret-right\"><\/i><\/span>\n\t\t\t\t\t\t\t\t<span class=\"elementor-toggle-icon-opened\"><i class=\"elementor-toggle-icon-opened fas fa-caret-up\"><\/i><\/span>\n\t\t\t\t\t\t\t\t\t\t\t\t\t<\/span>\n\t\t\t\t\t\t\t\t\t\t\t\t<a class=\"elementor-toggle-title\" tabindex=\"0\">Como posso ter a certeza de que uma pessoa \u00e9 mesmo Fisioterapeuta?<\/a>\n\t\t\t\t\t<\/div>\n\n\t\t\t\t\t<div id=\"elementor-tab-content-2491\" class=\"elementor-tab-content elementor-clearfix\" data-tab=\"1\" role=\"region\" aria-labelledby=\"elementor-tab-title-2491\"><p>Todos os Fisioterapeutas s\u00e3o detentores de uma c\u00e9dula Profissional emitida pela Ordem dos Fisioterapeutas. Caso pretenda saber se uma interven\u00e7\u00e3o \u00e9 realizada por um Fisioterapeuta devidamente habilitado para o efeito, deve requerer a apresenta\u00e7\u00e3o da c\u00e9dula profissional de Fisioterapeuta. \u00a0\u00a0A OF aconselha todos os cidad\u00e3os a pedirem a c\u00e9dula do Fisioterapeuta no in\u00edcio dos tratamentos.<\/p><p>Pode ainda procurar o seu Fisioterapeuta no <span style=\"text-decoration: underline;\"><a href=\"https:\/\/ordemdosfisioterapeutas.pt\/encontre-um-fisioterapeuta\/\" target=\"_blank\" rel=\"noopener\">Diret\u00f3rio<\/a><\/span> presente no site da Ordem dos Fisioterapeutas.<\/p><\/div>\n\t\t\t\t<\/div>\n\t\t\t\t\t\t\t<div class=\"elementor-toggle-item\">\n\t\t\t\t\t<div id=\"elementor-tab-title-2492\" class=\"elementor-tab-title\" data-tab=\"2\" role=\"button\" aria-controls=\"elementor-tab-content-2492\" aria-expanded=\"false\">\n\t\t\t\t\t\t\t\t\t\t\t\t<span class=\"elementor-toggle-icon elementor-toggle-icon-left\" aria-hidden=\"true\">\n\t\t\t\t\t\t\t\t\t\t\t\t\t\t\t<span class=\"elementor-toggle-icon-closed\"><i class=\"fas fa-caret-right\"><\/i><\/span>\n\t\t\t\t\t\t\t\t<span class=\"elementor-toggle-icon-opened\"><i class=\"elementor-toggle-icon-opened fas fa-caret-up\"><\/i><\/span>\n\t\t\t\t\t\t\t\t\t\t\t\t\t<\/span>\n\t\t\t\t\t\t\t\t\t\t\t\t<a class=\"elementor-toggle-title\" tabindex=\"0\">O que um Fisioterapeuta pode fazer por mim?<\/a>\n\t\t\t\t\t<\/div>\n\n\t\t\t\t\t<div id=\"elementor-tab-content-2492\" class=\"elementor-tab-content elementor-clearfix\" data-tab=\"2\" role=\"region\" aria-labelledby=\"elementor-tab-title-2492\"><p>O Fisioterapeuta ajud\u00e1-lo-\u00e1 com interven\u00e7\u00f5es espec\u00edficas da Fisioterapia. Deve ter em considera\u00e7\u00e3o que, quando procura um Fisioterapeuta inscrito na Ordem, procura um profissional de sa\u00fade devidamente qualificado, que deve atuar dentro de padr\u00f5es de qualidade e sujeito a um <span style=\"text-decoration: underline;\"><a href=\"https:\/\/ordemdosfisioterapeutas.pt\/wp-content\/uploads\/2023\/05\/codigo-dre.pdf\" target=\"_blank\" rel=\"noopener\">C\u00f3digo Deontol\u00f3gico<\/a><\/span>, um <span style=\"text-decoration: underline;\"><a href=\"https:\/\/ordemdosfisioterapeutas.pt\/wp-content\/uploads\/2023\/05\/regulamento-disciplinar-dre.pdf\" target=\"_blank\" rel=\"noopener\">Regulamento Disciplinar<\/a><\/span> e a garantia de um seguro de responsabilidade civil profissional.<\/p><\/div>\n\t\t\t\t<\/div>\n\t\t\t\t\t\t\t<div class=\"elementor-toggle-item\">\n\t\t\t\t\t<div id=\"elementor-tab-title-2493\" class=\"elementor-tab-title\" data-tab=\"3\" role=\"button\" aria-controls=\"elementor-tab-content-2493\" aria-expanded=\"false\">\n\t\t\t\t\t\t\t\t\t\t\t\t<span class=\"elementor-toggle-icon elementor-toggle-icon-left\" aria-hidden=\"true\">\n\t\t\t\t\t\t\t\t\t\t\t\t\t\t\t<span class=\"elementor-toggle-icon-closed\"><i class=\"fas fa-caret-right\"><\/i><\/span>\n\t\t\t\t\t\t\t\t<span class=\"elementor-toggle-icon-opened\"><i class=\"elementor-toggle-icon-opened fas fa-caret-up\"><\/i><\/span>\n\t\t\t\t\t\t\t\t\t\t\t\t\t<\/span>\n\t\t\t\t\t\t\t\t\t\t\t\t<a class=\"elementor-toggle-title\" tabindex=\"0\">O Fisioterapeuta pode exercer em outras \u00e1reas?<\/a>\n\t\t\t\t\t<\/div>\n\n\t\t\t\t\t<div id=\"elementor-tab-content-2493\" class=\"elementor-tab-content elementor-clearfix\" data-tab=\"3\" role=\"region\" aria-labelledby=\"elementor-tab-title-2493\"><p>Sim. O Fisioterapeuta poder\u00e1 exerce outra profiss\u00e3o para a qual esteja legalmente habilitado, desde que realize uma diferencia\u00e7\u00e3o clara da atividade profissional realizada em cada momento.<\/p><\/div>\n\t\t\t\t<\/div>\n\t\t\t\t\t\t\t<div class=\"elementor-toggle-item\">\n\t\t\t\t\t<div id=\"elementor-tab-title-2494\" class=\"elementor-tab-title\" data-tab=\"4\" role=\"button\" aria-controls=\"elementor-tab-content-2494\" aria-expanded=\"false\">\n\t\t\t\t\t\t\t\t\t\t\t\t<span class=\"elementor-toggle-icon elementor-toggle-icon-left\" aria-hidden=\"true\">\n\t\t\t\t\t\t\t\t\t\t\t\t\t\t\t<span class=\"elementor-toggle-icon-closed\"><i class=\"fas fa-caret-right\"><\/i><\/span>\n\t\t\t\t\t\t\t\t<span class=\"elementor-toggle-icon-opened\"><i class=\"elementor-toggle-icon-opened fas fa-caret-up\"><\/i><\/span>\n\t\t\t\t\t\t\t\t\t\t\t\t\t<\/span>\n\t\t\t\t\t\t\t\t\t\t\t\t<a class=\"elementor-toggle-title\" tabindex=\"0\">O Fisioterapeuta pode realizar sess\u00f5es em casa ou em casa da pessoa que a ele recorrer?<\/a>\n\t\t\t\t\t<\/div>\n\n\t\t\t\t\t<div id=\"elementor-tab-content-2494\" class=\"elementor-tab-content elementor-clearfix\" data-tab=\"4\" role=\"region\" aria-labelledby=\"elementor-tab-title-2494\"><p>Sim. Todos os Fisioterapeutas que estejam legalmente habilitados a realizar Fisioterapia no domic\u00edlio podem fazer sess\u00f5es de Fisioterapia em casa do utente. O Fisioterapeuta n\u00e3o pode realizar sess\u00f5es de Fisioterapia em sua pr\u00f3pria casa, exceto se esta detiver instala\u00e7\u00f5es que permitam acessos e \u00e1reas reservadas aut\u00f3nomas, e devidamente adequadas.<\/p><\/div>\n\t\t\t\t<\/div>\n\t\t\t\t\t\t\t<div class=\"elementor-toggle-item\">\n\t\t\t\t\t<div id=\"elementor-tab-title-2495\" class=\"elementor-tab-title\" data-tab=\"5\" role=\"button\" aria-controls=\"elementor-tab-content-2495\" aria-expanded=\"false\">\n\t\t\t\t\t\t\t\t\t\t\t\t<span class=\"elementor-toggle-icon elementor-toggle-icon-left\" aria-hidden=\"true\">\n\t\t\t\t\t\t\t\t\t\t\t\t\t\t\t<span class=\"elementor-toggle-icon-closed\"><i class=\"fas fa-caret-right\"><\/i><\/span>\n\t\t\t\t\t\t\t\t<span class=\"elementor-toggle-icon-opened\"><i class=\"elementor-toggle-icon-opened fas fa-caret-up\"><\/i><\/span>\n\t\t\t\t\t\t\t\t\t\t\t\t\t<\/span>\n\t\t\t\t\t\t\t\t\t\t\t\t<a class=\"elementor-toggle-title\" tabindex=\"0\">Os Fisioterapeutas devem explicar, numa primeira sess\u00e3o de tratamento, qual o m\u00e9todo que utilizam e v\u00e3o utilizar ao longo da sua interven\u00e7\u00e3o?<\/a>\n\t\t\t\t\t<\/div>\n\n\t\t\t\t\t<div id=\"elementor-tab-content-2495\" class=\"elementor-tab-content elementor-clearfix\" data-tab=\"5\" role=\"region\" aria-labelledby=\"elementor-tab-title-2495\"><p>O fisioterapeuta tem o dever de esclarecimento a fim de permitir uma escolha informada e o utente, ou quem autorizado para o efeito, tem o direito a ser informado sobre a finalidade e natureza da interven\u00e7\u00e3o, o direito a consentir ou a constituir o direito \u00e0 recusa de interven\u00e7\u00e3o e \u00e0 revoga\u00e7\u00e3o do consentimento.<\/p><p>O artigo 11\u00ba do cap\u00edtulo IX, do C\u00f3digo Deontol\u00f3gico do Fisioterapeuta, que pode ser consultado <span style=\"text-decoration: underline;\"><a href=\"https:\/\/ordemdosfisioterapeutas.pt\/wp-content\/uploads\/2023\/05\/codigo-dre.pdf\" target=\"_blank\" rel=\"noopener\">aqui<\/a><\/span>, \u00e9 dedicado ao consentimento informado dos utentes.\u00a0<\/p><\/div>\n\t\t\t\t<\/div>\n\t\t\t\t\t\t\t<div class=\"elementor-toggle-item\">\n\t\t\t\t\t<div id=\"elementor-tab-title-2496\" class=\"elementor-tab-title\" data-tab=\"6\" role=\"button\" aria-controls=\"elementor-tab-content-2496\" aria-expanded=\"false\">\n\t\t\t\t\t\t\t\t\t\t\t\t<span class=\"elementor-toggle-icon elementor-toggle-icon-left\" aria-hidden=\"true\">\n\t\t\t\t\t\t\t\t\t\t\t\t\t\t\t<span class=\"elementor-toggle-icon-closed\"><i class=\"fas fa-caret-right\"><\/i><\/span>\n\t\t\t\t\t\t\t\t<span class=\"elementor-toggle-icon-opened\"><i class=\"elementor-toggle-icon-opened fas fa-caret-up\"><\/i><\/span>\n\t\t\t\t\t\t\t\t\t\t\t\t\t<\/span>\n\t\t\t\t\t\t\t\t\t\t\t\t<a class=\"elementor-toggle-title\" tabindex=\"0\">A Fisioterapia s\u00f3 atua para tratar a dor?<\/a>\n\t\t\t\t\t<\/div>\n\n\t\t\t\t\t<div id=\"elementor-tab-content-2496\" class=\"elementor-tab-content elementor-clearfix\" data-tab=\"6\" role=\"region\" aria-labelledby=\"elementor-tab-title-2496\"><p>N\u00e3o. O Fisioterapeuta atua em diversas \u00e1reas de interven\u00e7\u00e3o. A dor \u00e9 um sintoma relevante para o utente e para o Fisioterapeuta, que deve ser tido em considera\u00e7\u00e3o, mas n\u00e3o ser\u00e1 o \u00fanico. O Fisioterapeuta atua tamb\u00e9m em situa\u00e7\u00f5es cl\u00ednicas nas quais o elemento dor n\u00e3o se encontra presente.<\/p><\/div>\n\t\t\t\t<\/div>\n\t\t\t\t\t\t\t<div class=\"elementor-toggle-item\">\n\t\t\t\t\t<div id=\"elementor-tab-title-2497\" class=\"elementor-tab-title\" data-tab=\"7\" role=\"button\" aria-controls=\"elementor-tab-content-2497\" aria-expanded=\"false\">\n\t\t\t\t\t\t\t\t\t\t\t\t<span class=\"elementor-toggle-icon elementor-toggle-icon-left\" aria-hidden=\"true\">\n\t\t\t\t\t\t\t\t\t\t\t\t\t\t\t<span class=\"elementor-toggle-icon-closed\"><i class=\"fas fa-caret-right\"><\/i><\/span>\n\t\t\t\t\t\t\t\t<span class=\"elementor-toggle-icon-opened\"><i class=\"elementor-toggle-icon-opened fas fa-caret-up\"><\/i><\/span>\n\t\t\t\t\t\t\t\t\t\t\t\t\t<\/span>\n\t\t\t\t\t\t\t\t\t\t\t\t<a class=\"elementor-toggle-title\" tabindex=\"0\">A Ordem dos Fisioterapeutas recebe reclama\u00e7\u00f5es\/queixas por parte do p\u00fablico?<\/a>\n\t\t\t\t\t<\/div>\n\n\t\t\t\t\t<div id=\"elementor-tab-content-2497\" class=\"elementor-tab-content elementor-clearfix\" data-tab=\"7\" role=\"region\" aria-labelledby=\"elementor-tab-title-2497\"><p>Sim, uma das fun\u00e7\u00f5es estatut\u00e1rias da Ordem dos Fisioterapeutas consiste na defesa dos interesses gerais dos utentes dos servi\u00e7os prestados pelos seus membros, assegurando e fazendo respeitar o direito dos cidad\u00e3os \u00e0 sa\u00fade.<\/p><p>A Ordem do Fisioterapeutas possui um Conselho Jurisdicional que, entre outras compet\u00eancias, pode instruir e julgar processos disciplinares contra os membros da Ordem.<\/p><p>Existe um procedimento de registo e an\u00e1lise de todas as reclama\u00e7\u00f5es apresentadas, dependendo da sua natureza, que obriga a uma resposta \u00e0 pessoa ou entidade que apresentou a reclama\u00e7\u00e3o, e ao respetivo encaminhamento.<\/p><p>Se pretender apresentar uma participa\u00e7\u00e3o\/ reclama\u00e7\u00e3o\/ den\u00fancia relativa a um(a) Fisioterapeuta, preencha o formul\u00e1rio dispon\u00edvel <span style=\"text-decoration: underline;\"><a href=\"https:\/\/staging.ordemdosfisioterapeutas.pt\/wp-content\/uploads\/2023\/10\/Formulario-Participacao-OF-2023_II_11_05_2023.pdf\" target=\"_blank\" rel=\"noopener\">aqui<\/a><\/span> <i>e envie-o para <span style=\"text-decoration: underline;\"><a href=\"mailto:geral@ordemdosfisioterapeutas.pt\" target=\"_blank\" rel=\"noopener\">geral@ordemdosfisioterapeutas.pt<\/a><\/span>.<\/i><\/p><\/div>\n\t\t\t\t<\/div>\n\t\t\t\t\t\t\t\t<\/div>\n\t\t\t\t\t\t<\/div>\n\t\t\t\t<\/div>\n\t\t\t\t\t<\/div>\n\t\t<\/div>\n\t\t\t\t\t<\/div>\n\t\t<\/section>\n\t\t\t\t<\/div>\n\t\t","protected":false},"excerpt":{"rendered":"<p>Fisioterapeutas Inscritos Como posso ter a certeza de que uma pessoa \u00e9 mesmo Fisioterapeuta? Todos os Fisioterapeutas s\u00e3o detentores de uma c\u00e9dula Profissional emitida pela Ordem dos Fisioterapeutas. Caso pretenda saber se uma interven\u00e7\u00e3o \u00e9 realizada por um Fisioterapeuta devidamente habilitado para o efeito, deve requerer a apresenta\u00e7\u00e3o da c\u00e9dula profissional de Fisioterapeuta. \u00a0\u00a0A OF &#8230; <a title=\"Cidad\u00e3o\" class=\"read-more\" href=\"https:\/\/ordemdosfisioterapeutas.pt\/pt\/cidadao\/\" aria-label=\"Leia mais sobre Cidad\u00e3o\">Ler mais<\/a><\/p>\n","protected":false},"author":1,"featured_media":0,"parent":0,"menu_order":0,"comment_status":"closed","ping_status":"closed","template":"","meta":{"footnotes":""},"class_list":["post-832","page","type-page","status-publish"],"_links":{"self":[{"href":"https:\/\/ordemdosfisioterapeutas.pt\/pt\/wp-json\/wp\/v2\/pages\/832","targetHints":{"allow":["GET"]}}],"collection":[{"href":"https:\/\/ordemdosfisioterapeutas.pt\/pt\/wp-json\/wp\/v2\/pages"}],"about":[{"href":"https:\/\/ordemdosfisioterapeutas.pt\/pt\/wp-json\/wp\/v2\/types\/page"}],"author":[{"embeddable":true,"href":"https:\/\/ordemdosfisioterapeutas.pt\/pt\/wp-json\/wp\/v2\/users\/1"}],"replies":[{"embeddable":true,"href":"https:\/\/ordemdosfisioterapeutas.pt\/pt\/wp-json\/wp\/v2\/comments?post=832"}],"version-history":[{"count":0,"href":"https:\/\/ordemdosfisioterapeutas.pt\/pt\/wp-json\/wp\/v2\/pages\/832\/revisions"}],"wp:attachment":[{"href":"https:\/\/ordemdosfisioterapeutas.pt\/pt\/wp-json\/wp\/v2\/media?parent=832"}],"curies":[{"name":"wp","href":"https:\/\/api.w.org\/{rel}","templated":true}]}}