{"id":8188,"date":"2024-06-04T17:38:50","date_gmt":"2024-06-04T16:38:50","guid":{"rendered":"https:\/\/ordemdosfisioterapeutas.pt\/?page_id=8188"},"modified":"2024-06-04T17:44:05","modified_gmt":"2024-06-04T16:44:05","slug":"avisos-legais","status":"publish","type":"page","link":"https:\/\/ordemdosfisioterapeutas.pt\/pt\/avisos-legais\/","title":{"rendered":"Avisos Legais"},"content":{"rendered":"\t\t<div data-elementor-type=\"wp-page\" data-elementor-id=\"8188\" class=\"elementor elementor-8188\" data-elementor-post-type=\"page\">\n\t\t\t\t<div class=\"elementor-element elementor-element-807b185 e-flex e-con-boxed e-con e-parent\" data-id=\"807b185\" data-element_type=\"container\" data-e-type=\"container\">\n\t\t\t\t\t<div class=\"e-con-inner\">\n\t\t\t\t<div class=\"elementor-element elementor-element-00bfdb5 elementor-widget elementor-widget-text-editor\" data-id=\"00bfdb5\" data-element_type=\"widget\" data-e-type=\"widget\" data-widget_type=\"text-editor.default\">\n\t\t\t\t<div class=\"elementor-widget-container\">\n\t\t\t\t\t\t\t\t\t<p>Em conformidade com as disposi\u00e7\u00f5es legais aplic\u00e1veis aos servi\u00e7os da sociedade da informa\u00e7\u00e3o e com\u00e9rcio eletr\u00f3nico, os presentes avisos legais regulam o acesso e uso do site da Ordem dos Fisioterapeutas.<\/p><p>Para uma correta identifica\u00e7\u00e3o desta entidade, apresentam-se os seguintes dados:<\/p><p><strong>Nome Completo<\/strong>: Ordem dos Fisioterapeutas<\/p><p><strong>N\u00famero de Identifica\u00e7\u00e3o Fiscal (NIF):<\/strong> 515\u00a0877\u00a0964<\/p><p><strong>Morada da Sede:<\/strong> LEAP Center &#8211; Espa\u00e7o Amoreiras, Rua D. Jo\u00e3o V, n\u00b0 24 &#8211; 1.03; 1250-091 Lisboa.<br \/><br \/><\/p><p>Qualquer pessoa que aceda ao site da Ordem dos Fisioterapeutas assume a condi\u00e7\u00e3o de utilizador, comprometendo-se a observar e cumprir rigorosamente as disposi\u00e7\u00f5es aqui estabelecidas, bem como qualquer outra disposi\u00e7\u00e3o legal aplic\u00e1vel.<\/p><p>O acesso e utiliza\u00e7\u00e3o deste site atribuem ao utilizador a condi\u00e7\u00e3o de utilizador e implicam a aceita\u00e7\u00e3o plena e sem reservas de todas as disposi\u00e7\u00f5es inclu\u00eddas neste Aviso Legal, na vers\u00e3o publicada pela Ordem dos Fisioterapeutas quando o utilizador acede ao site. Aconselhamos a sua leitura pr\u00e9via.<br \/><br \/><\/p><p><strong>Pol\u00edtica de Privacidade:<\/strong><\/p><p>As quest\u00f5es legais relativas ao <em>website<\/em> podem ser esclarecidas mediante consulta da Pol\u00edtica de Privacidade e Prote\u00e7\u00e3o de Dados da Ordem dos Fisioterapeutas, dispon\u00edvel <span style=\"text-decoration: underline;\"><a href=\"https:\/\/ordemdosfisioterapeutas.pt\/politica-de-privacidade\/\" target=\"_blank\" rel=\"noopener\">aqui<\/a><\/span>.<br \/><br \/><\/p><p><strong>Uso Pessoal e Divulga\u00e7\u00e3o:<\/strong><\/p><p>O acesso e uso do website s\u00e3o disponibilizados exclusivamente para uso pessoal e divulga\u00e7\u00e3o das atividades da Ordem dos Fisioterapeutas em benef\u00edcio dos seus membros. A Ordem dos Fisioterapeutas reserva-se o direito de encerrar contas de utilizadores que violem estas disposi\u00e7\u00f5es, especialmente em casos de perturba\u00e7\u00e3o do normal funcionamento do <em>website<\/em>.<br \/><br \/><\/p><p><strong>Credenciais de Acesso:<\/strong><\/p><p>Para aceder a \u00e1reas reservadas, o utilizador \u00e9 respons\u00e1vel pela guarda e correta utiliza\u00e7\u00e3o das suas credenciais, como nome de utilizador e senha, que n\u00e3o devem ser partilhadas com terceiros.<br \/><br \/><\/p><p><strong>Responsabilidade do Utilizador:<\/strong><\/p><p>O utilizador \u00e9 o \u00fanico respons\u00e1vel pelas informa\u00e7\u00f5es pessoais fornecidas, garantindo que sejam verdadeiras, corretas, completas e atualizadas. A Ordem dos Fisioterapeutas reserva-se o direito de suspender o registo e negar o acesso ao <em>website<\/em> se a informa\u00e7\u00e3o fornecida for enganosa.<br \/><br \/><\/p><p><strong>Notifica\u00e7\u00f5es e Avisos:<\/strong><\/p><p>A Ordem dos Fisioterapeutas pode enviar avisos ao utilizador para melhorar a intera\u00e7\u00e3o com o <em>website<\/em>, tendo em considera\u00e7\u00e3o o perfil do utilizador.<br \/><br \/><\/p><p><strong>A\u00e7\u00f5es na Conta de Utilizador:<\/strong><\/p><p>O utilizador \u00e9 exclusivamente respons\u00e1vel por todas as a\u00e7\u00f5es realizadas atrav\u00e9s da sua conta de utilizador. A Ordem dos Fisioterapeutas pode revogar a licen\u00e7a, arbitrariamente e a qualquer momento, em caso de pr\u00e1tica de atos abusivos, fraudulentos ou ilegais.<br \/><br \/><\/p><p><strong>Responsabilidade pela Utiliza\u00e7\u00e3o de Conte\u00fados:<\/strong><\/p><p>A utiliza\u00e7\u00e3o dos conte\u00fados do website \u00e9 da responsabilidade exclusiva do utilizador.<br \/><br \/><\/p><p><strong>Incorre\u00e7\u00f5es e Erros:<\/strong><\/p><p>A Ordem dos Fisioterapeutas n\u00e3o pode ser responsabilizada por incorre\u00e7\u00f5es, erros ou danos resultantes da utiliza\u00e7\u00e3o das informa\u00e7\u00f5es contidas no <em>website<\/em>.<br \/><br \/><\/p><p><strong><em>Cookies<\/em><\/strong><strong>:<\/strong><\/p><p>Ao utilizar o <em>website<\/em>, s\u00e3o instalados cookies para melhorar a experi\u00eancia de navega\u00e7\u00e3o. O utilizador pode configurar o navegador para aceitar ou recusar <em>cookies<\/em>, na mensagem que lhe aparece quando visita o nosso <em>website<\/em>, mas isso pode afetar a experi\u00eancia de navega\u00e7\u00e3o.<br \/><br \/><\/p><p><strong>Seguran\u00e7a e Interrup\u00e7\u00f5es:<\/strong><\/p><p>A Ordem dos Fisioterapeutas adota medidas de seguran\u00e7a para garantir a integridade dos dados. O acesso ao <em>website<\/em> pode ser temporariamente suspenso para manuten\u00e7\u00e3o ou implementa\u00e7\u00e3o de novos servi\u00e7os.<br \/><br \/><\/p><p><strong>Propriedade Intelectual:<\/strong><\/p><p>O <em>website <\/em>da Ordem dos Fisioterapeutas e os conte\u00fados cuja propriedade intelectual perten\u00e7a \u00e0 Ordem dos Fisioterapeutas est\u00e3o protegidos pelas leis relativas a direitos de autor e propriedade industrial e n\u00e3o podem ser copiados, imitados ou retransmitidos, a menos que tal seja expressamente permitido pela Ordem dos Fisioterapeutas.<br \/><br \/><\/p><p><strong>Liga\u00e7\u00e3o para <em>websites<\/em> de terceiros:<\/strong><\/p><p>A Ordem dos Fisioterapeutas n\u00e3o \u00e9 respons\u00e1vel pela intera\u00e7\u00e3o do utilizador com <em>websites<\/em> de terceiros atrav\u00e9s de hiperliga\u00e7\u00f5es (<em>links)<\/em> disponibilizadas no nosso <em>website<\/em>.<br \/><br \/><\/p><p><strong>Disposi\u00e7\u00f5es Finais:<\/strong><\/p><p>Ao utilizar o <em>website<\/em>, o utilizador reconhece e aceita as disposi\u00e7\u00f5es aqui estabelecidas.<br \/><br \/><\/p><p>Qualquer lit\u00edgio ser\u00e1 submetido \u00e0 jurisdi\u00e7\u00e3o exclusiva dos tribunais da comarca de Lisboa.<\/p>\t\t\t\t\t\t\t\t<\/div>\n\t\t\t\t<\/div>\n\t\t\t\t\t<\/div>\n\t\t\t\t<\/div>\n\t\t\t\t<\/div>\n\t\t","protected":false},"excerpt":{"rendered":"<p>Em conformidade com as disposi\u00e7\u00f5es legais aplic\u00e1veis aos servi\u00e7os da sociedade da informa\u00e7\u00e3o e com\u00e9rcio eletr\u00f3nico, os presentes avisos legais regulam o acesso e uso do site da Ordem dos Fisioterapeutas. Para uma correta identifica\u00e7\u00e3o desta entidade, apresentam-se os seguintes dados: Nome Completo: Ordem dos Fisioterapeutas N\u00famero de Identifica\u00e7\u00e3o Fiscal (NIF): 515\u00a0877\u00a0964 Morada da Sede: &#8230; <a title=\"Avisos Legais\" class=\"read-more\" href=\"https:\/\/ordemdosfisioterapeutas.pt\/pt\/avisos-legais\/\" aria-label=\"Leia mais sobre Avisos Legais\">Ler mais<\/a><\/p>\n","protected":false},"author":1,"featured_media":0,"parent":0,"menu_order":0,"comment_status":"closed","ping_status":"closed","template":"","meta":{"footnotes":""},"class_list":["post-8188","page","type-page","status-publish"],"_links":{"self":[{"href":"https:\/\/ordemdosfisioterapeutas.pt\/pt\/wp-json\/wp\/v2\/pages\/8188","targetHints":{"allow":["GET"]}}],"collection":[{"href":"https:\/\/ordemdosfisioterapeutas.pt\/pt\/wp-json\/wp\/v2\/pages"}],"about":[{"href":"https:\/\/ordemdosfisioterapeutas.pt\/pt\/wp-json\/wp\/v2\/types\/page"}],"author":[{"embeddable":true,"href":"https:\/\/ordemdosfisioterapeutas.pt\/pt\/wp-json\/wp\/v2\/users\/1"}],"replies":[{"embeddable":true,"href":"https:\/\/ordemdosfisioterapeutas.pt\/pt\/wp-json\/wp\/v2\/comments?post=8188"}],"version-history":[{"count":0,"href":"https:\/\/ordemdosfisioterapeutas.pt\/pt\/wp-json\/wp\/v2\/pages\/8188\/revisions"}],"wp:attachment":[{"href":"https:\/\/ordemdosfisioterapeutas.pt\/pt\/wp-json\/wp\/v2\/media?parent=8188"}],"curies":[{"name":"wp","href":"https:\/\/api.w.org\/{rel}","templated":true}]}}