{"id":5994,"date":"2023-05-11T15:10:53","date_gmt":"2023-05-11T14:10:53","guid":{"rendered":"https:\/\/ordemdosfisioterapeutas.pt\/?page_id=5994"},"modified":"2026-04-27T20:21:57","modified_gmt":"2026-04-27T19:21:57","slug":"formacao-pos-graduada","status":"publish","type":"page","link":"https:\/\/ordemdosfisioterapeutas.pt\/pt\/formacao-pos-graduada\/","title":{"rendered":"Forma\u00e7\u00e3o P\u00f3s-Graduada"},"content":{"rendered":"\t\t<div data-elementor-type=\"wp-page\" data-elementor-id=\"5994\" class=\"elementor elementor-5994\" data-elementor-post-type=\"page\">\n\t\t\t\t\t\t<section class=\"elementor-section elementor-top-section elementor-element elementor-element-ecf45ad elementor-section-boxed elementor-section-height-default elementor-section-height-default\" data-id=\"ecf45ad\" data-element_type=\"section\" data-e-type=\"section\">\n\t\t\t\t\t\t<div class=\"elementor-container elementor-column-gap-default\">\n\t\t\t\t\t<div class=\"elementor-column elementor-col-100 elementor-top-column elementor-element elementor-element-724a1b3\" data-id=\"724a1b3\" data-element_type=\"column\" data-e-type=\"column\">\n\t\t\t<div class=\"elementor-widget-wrap elementor-element-populated\">\n\t\t\t\t\t\t<div class=\"elementor-element elementor-element-3d21354 elementor-widget elementor-widget-heading\" data-id=\"3d21354\" data-element_type=\"widget\" data-e-type=\"widget\" data-widget_type=\"heading.default\">\n\t\t\t\t<div class=\"elementor-widget-container\">\n\t\t\t\t\t<h2 class=\"elementor-heading-title elementor-size-default\">Mestrado<\/h2>\t\t\t\t<\/div>\n\t\t\t\t<\/div>\n\t\t\t\t\t<\/div>\n\t\t<\/div>\n\t\t\t\t\t<\/div>\n\t\t<\/section>\n\t\t\t\t<section class=\"elementor-section elementor-top-section elementor-element elementor-element-366c180 elementor-section-boxed elementor-section-height-default elementor-section-height-default\" data-id=\"366c180\" data-element_type=\"section\" data-e-type=\"section\">\n\t\t\t\t\t\t<div class=\"elementor-container elementor-column-gap-default\">\n\t\t\t\t\t<div class=\"elementor-column elementor-col-100 elementor-top-column elementor-element elementor-element-2113fbe\" data-id=\"2113fbe\" data-element_type=\"column\" data-e-type=\"column\">\n\t\t\t<div class=\"elementor-widget-wrap elementor-element-populated\">\n\t\t\t\t\t\t<div class=\"elementor-element elementor-element-bf801f5 elementor-widget elementor-widget-text-editor\" data-id=\"bf801f5\" data-element_type=\"widget\" data-e-type=\"widget\" data-widget_type=\"text-editor.default\">\n\t\t\t\t<div class=\"elementor-widget-container\">\n\t\t\t\t\t\t\t\t\t<p>Ciclos de estudo de mestrado em Fisioterapia*:<\/p>\t\t\t\t\t\t\t\t<\/div>\n\t\t\t\t<\/div>\n\t\t\t\t<div class=\"elementor-element elementor-element-c769b6b elementor-widget elementor-widget-text-editor\" data-id=\"c769b6b\" data-element_type=\"widget\" data-e-type=\"widget\" data-widget_type=\"text-editor.default\">\n\t\t\t\t<div class=\"elementor-widget-container\">\n\t\t\t\t\t\t\t\t\t<ul><li><p>Mestrados em Fisioterapia &#8211; Escola Superior de Sa\u00fade da Universidade de Aveiro<br \/><a href=\"https:\/\/www.ua.pt\/pt\/curso\/1715\" target=\"_blank\" rel=\"noopener\">Mestrado em Fisioterapia Cardiovascular e Respirat\u00f3ria<\/a><br \/><a href=\"https:\/\/si.a3es.pt\/sia3es\/page?stage=ConsultaPublicaProcesso&amp;processID=129\" target=\"_blank\" rel=\"noopener\">Acredita\u00e7\u00e3o pela A3ES\u00a0<\/a>\u2013 N\u00famero total de ECTS: 120<br \/><a href=\"https:\/\/ordemdosfisioterapeutas.pt\/wp-content\/uploads\/2026\/04\/1-Escola-Superior-de-Saude-da-Universidade-de-Aveiro.pdf\" target=\"_blank\" rel=\"noopener\"><span style=\"text-decoration: underline;\">Edital de candidatura<\/span><\/a><\/p><\/li><\/ul>\t\t\t\t\t\t\t\t<\/div>\n\t\t\t\t<\/div>\n\t\t\t\t<div class=\"elementor-element elementor-element-bff5a69 elementor-widget elementor-widget-text-editor\" data-id=\"bff5a69\" data-element_type=\"widget\" data-e-type=\"widget\" data-widget_type=\"text-editor.default\">\n\t\t\t\t<div class=\"elementor-widget-container\">\n\t\t\t\t\t\t\t\t\t<ul><li>Mestrado em Fisioterapia \u2013 <span style=\"text-decoration: underline;\"><a href=\"https:\/\/www.ua.pt\/pt\/curso\/1792\" target=\"_blank\" rel=\"noopener\">Escola Superior de Sa\u00fade da Universidade de Aveiro<\/a><\/span> e <span style=\"text-decoration: underline;\"><a href=\"https:\/\/ess.ips.pt\/estudar\/mestrados\/fisioterapia-do-desporto\/\" target=\"_blank\" rel=\"noopener\">Escola Superior de Sa\u00fade do Instituto Polit\u00e9cnico de Set\u00fabal<\/a><\/span><br \/>Mestrado em Fisioterapia do Desporto<br \/><span style=\"text-decoration: underline;\"><a href=\"https:\/\/si.a3es.pt\/sia3es\/page?stage=ConsultaPublicaProcesso&amp;processID=4335\" target=\"_blank\" rel=\"noopener\">Acredita\u00e7\u00e3o pela A3ES<\/a><\/span>\u00a0\u2013 N\u00famero total de ECTS: 120<\/li><\/ul>\t\t\t\t\t\t\t\t<\/div>\n\t\t\t\t<\/div>\n\t\t\t\t<div class=\"elementor-element elementor-element-1067a0d elementor-widget elementor-widget-text-editor\" data-id=\"1067a0d\" data-element_type=\"widget\" data-e-type=\"widget\" data-widget_type=\"text-editor.default\">\n\t\t\t\t<div class=\"elementor-widget-container\">\n\t\t\t\t\t\t\t\t\t<ul><li><a href=\"https:\/\/www.ipleiria.pt\/curso\/fisioterapia\/\" target=\"_blank\" rel=\"noopener\"><span style=\"text-decoration: underline;\">Mestrado em Fisioterapia<\/span><\/a> &#8211; Escola Superior de Sa\u00fade do Instituto Polit\u00e9cnico de Leiria<br \/>\u00c1rea de Especializa\u00e7\u00e3o em Fisioterapia Pedi\u00e1trica<br \/>\u00c1rea de Especializa\u00e7\u00e3o em Prescri\u00e7\u00e3o Fisioterap\u00eautica de Exerc\u00edcio<br \/><span style=\"text-decoration: underline;\"><a href=\"https:\/\/a3es.pt\/pt\/resultados-acreditacao\/fisioterapia-47\" target=\"_blank\" rel=\"noopener\">Acredita\u00e7\u00e3o pela A3ES<\/a><\/span> \u2013 N\u00famero total de ECTS: 120<br \/><a href=\"https:\/\/ordemdosfisioterapeutas.pt\/wp-content\/uploads\/2026\/04\/2-Escola-Superior-de-Saude-do-Instituto-Politecnico-de-Leiria.pdf\" target=\"_blank\" rel=\"noopener\"><span style=\"text-decoration: underline;\">Edital de candidatura<\/span><\/a><\/li><\/ul>\t\t\t\t\t\t\t\t<\/div>\n\t\t\t\t<\/div>\n\t\t\t\t<div class=\"elementor-element elementor-element-19df999 elementor-widget elementor-widget-text-editor\" data-id=\"19df999\" data-element_type=\"widget\" data-e-type=\"widget\" data-widget_type=\"text-editor.default\">\n\t\t\t\t<div class=\"elementor-widget-container\">\n\t\t\t\t\t\t\t\t\t<ul><li>Mestrado em Fisioterapia \u2013 Escola Superior de Sa\u00fade \u2013 Polit\u00e9cnico do Porto<br \/>\u00c1rea de Especializa\u00e7\u00e3o em Cardio-Respirat\u00f3ria<br \/>\u00c1rea de Especializa\u00e7\u00e3o em Desporto<br \/>\u00c1rea de Especializa\u00e7\u00e3o em Neurologia<br \/>\u00c1rea de Especializa\u00e7\u00e3o em Neuro-m\u00fasculo-esquel\u00e9tica<br \/>\u00c1rea de Especializa\u00e7\u00e3o em Sa\u00fade da Mulher e Pavimento P\u00e9lvico<br \/><span style=\"text-decoration: underline;\"><a href=\"https:\/\/si.a3es.pt\/sia3es\/page?stage=ConsultaPublicaProcesso&amp;processID=21844#none\" target=\"_blank\" rel=\"noopener\">Acredita\u00e7\u00e3o pela A3ES<\/a><\/span> \u2013 N\u00famero total de ECTS: 120<\/li><\/ul>\t\t\t\t\t\t\t\t<\/div>\n\t\t\t\t<\/div>\n\t\t\t\t<div class=\"elementor-element elementor-element-04ed7a1 elementor-widget elementor-widget-text-editor\" data-id=\"04ed7a1\" data-element_type=\"widget\" data-e-type=\"widget\" data-widget_type=\"text-editor.default\">\n\t\t\t\t<div class=\"elementor-widget-container\">\n\t\t\t\t\t\t\t\t\t<ul><li><span style=\"text-decoration: underline;\"><a href=\"https:\/\/www.santamariasaude.pt\/mestrados\/mestrado-em-fisioterapia-em-condicoes-neuro-musculo-esqueleticas\/\" target=\"_blank\" rel=\"noopener\">Mestrado em Fisioterapia em Condi\u00e7\u00f5es Neuro-M\u00fasculo-Esquel\u00e9ticas<\/a><\/span> &#8211; Escola Superior de Sa\u00fade de Santa Maria<br \/><a href=\"https:\/\/www.a3es.pt\/pt\/resultados-acreditacao\/mestrado-em-fisioterapia-em-condicoes-neuro-musculo-esqueleticas\" target=\"_blank\" rel=\"noopener\"><span style=\"text-decoration: underline;\">Acredita\u00e7\u00e3o pela A3ES<\/span><\/a> &#8211; N\u00famero total de ECTS: 90<\/li><\/ul>\t\t\t\t\t\t\t\t<\/div>\n\t\t\t\t<\/div>\n\t\t\t\t<div class=\"elementor-element elementor-element-23a0a67 elementor-widget elementor-widget-text-editor\" data-id=\"23a0a67\" data-element_type=\"widget\" data-e-type=\"widget\" data-widget_type=\"text-editor.default\">\n\t\t\t\t<div class=\"elementor-widget-container\">\n\t\t\t\t\t\t\t\t\t<ul><li><a href=\"https:\/\/www.ess.ips.pt\/pr-tica-avan-ada-de-fisioterapia-em-neurologia\" target=\"_blank\" rel=\"noopener\"><span style=\"text-decoration: underline;\">Mestrado de Pr\u00e1tica Avan\u00e7ada de Fisioterapia em Neurologia<\/span><\/a> &#8211; Escola Superior de Sa\u00fade do Instituto Polit\u00e9cnico de Set\u00fabal<br \/><span style=\"text-decoration: underline;\"><a href=\"https:\/\/a3es.pt\/pt\/resultados-acreditacao\/mestrado-de-pratica-avancada-de-fisioterapia-em-neurologia\" target=\"_blank\" rel=\"noopener\">Acredita\u00e7\u00e3o pela A3ES<\/a><\/span> &#8211; N\u00famero total de ECTS: 90<br \/><a href=\"https:\/\/ordemdosfisioterapeutas.pt\/wp-content\/uploads\/2026\/04\/3-Escola-SSaude-do-Instituto-Politecnico-de-Setubal.pdf\" target=\"_blank\" rel=\"noopener\"><span style=\"text-decoration: underline;\">Edital de candidatura<\/span><\/a><\/li><\/ul>\t\t\t\t\t\t\t\t<\/div>\n\t\t\t\t<\/div>\n\t\t\t\t<div class=\"elementor-element elementor-element-e36be58 elementor-widget elementor-widget-text-editor\" data-id=\"e36be58\" data-element_type=\"widget\" data-e-type=\"widget\" data-widget_type=\"text-editor.default\">\n\t\t\t\t<div class=\"elementor-widget-container\">\n\t\t\t\t\t\t\t\t\t<ul><li><a href=\"https:\/\/ess.ips.pt\/estudar\/mestrados\/mfcme\/\" target=\"_blank\" rel=\"noopener\"><span style=\"text-decoration: underline;\">Mestrado em Fisioterapia em Condi\u00e7\u00f5es M\u00fasculo-Esquel\u00e9ticas<\/span><\/a> \u2013 Curso realizado em parceria pela Escola Superior de Sa\u00fade do Instituto Polit\u00e9cnico de Set\u00fabal, NOVA Medical School e Escola Nacional de Sa\u00fade P\u00fablica da Universidade Nova de Lisboa<br \/><a href=\"https:\/\/si.a3es.pt\/sia3es\/page?stage=ConsultaPublicaProcesso&amp;processID=22432\" target=\"_blank\" rel=\"noopener\"><span style=\"text-decoration: underline;\">Acredita\u00e7\u00e3o pela A3ES<\/span><\/a> &#8211; N\u00famero total de ECTS: 120<br \/><a href=\"https:\/\/ordemdosfisioterapeutas.pt\/wp-content\/uploads\/2026\/04\/4-ESSSetubal-NOVA-Medical-School-e-ENSP-da-Universidade-Nova-de-Lisboa.pdf\" target=\"_blank\" rel=\"noopener\"><span style=\"text-decoration: underline;\">Edital de candidatura<\/span><\/a><\/li><\/ul>\t\t\t\t\t\t\t\t<\/div>\n\t\t\t\t<\/div>\n\t\t\t\t<div class=\"elementor-element elementor-element-8191a27 elementor-widget elementor-widget-text-editor\" data-id=\"8191a27\" data-element_type=\"widget\" data-e-type=\"widget\" data-widget_type=\"text-editor.default\">\n\t\t\t\t<div class=\"elementor-widget-container\">\n\t\t\t\t\t\t\t\t\t<ul><li>Mestrado em Fisioterapia no Desporto \u2013 Curso realizado em parceria pela <span style=\"text-decoration: underline;\"><a href=\"https:\/\/ess.ips.pt\/estudar\/mestrados\/fisioterapia-do-desporto\/\" target=\"_blank\" rel=\"noopener\">Escola Superior de Sa\u00fade do Instituto Polit\u00e9cnico de Set\u00fabal<\/a><\/span> e <span style=\"text-decoration: underline;\"><a href=\"https:\/\/www.ua.pt\/pt\/curso\/1792\" target=\"_blank\" rel=\"noopener\">Escola Superior de Sa\u00fade da Universidade de Aveiro<\/a><\/span><br \/><a href=\"https:\/\/si.a3es.pt\/sia3es\/page?stage=ConsultaPublicaProcesso&amp;processID=4335\" target=\"_blank\" rel=\"noopener\"><span style=\"text-decoration: underline;\">Acredita\u00e7\u00e3o pela A3ES<\/span><\/a> &#8211; N\u00famero total de ECTS: 120<br \/><a href=\"https:\/\/ordemdosfisioterapeutas.pt\/wp-content\/uploads\/2026\/04\/5-Escola-Superior-de-Saude-do-Instituto-Politecnico-de-Setubal-e-Escola-Superior-de-Saude-da-Universidade-de-Aveiro.pdf\" target=\"_blank\" rel=\"noopener\"><span style=\"text-decoration: underline;\">Edital de candidatura<\/span><\/a><\/li><\/ul>\t\t\t\t\t\t\t\t<\/div>\n\t\t\t\t<\/div>\n\t\t\t\t<div class=\"elementor-element elementor-element-d9f5143 elementor-widget elementor-widget-text-editor\" data-id=\"d9f5143\" data-element_type=\"widget\" data-e-type=\"widget\" data-widget_type=\"text-editor.default\">\n\t\t\t\t<div class=\"elementor-widget-container\">\n\t\t\t\t\t\t\t\t\t<ul><li><a href=\"https:\/\/www.essa.pt\/portal\/cursos\/mestrados\/\" target=\"_blank\" rel=\"noopener\"><span style=\"text-decoration: underline;\">Mestrado em Fisioterapia<\/span><\/a> &#8211; Escola Superior de Sa\u00fade do Alcoit\u00e3o<br \/>\u00c1rea de especializa\u00e7\u00e3o em Fisioterapia Neurofuncional<br \/>\u00c1rea de especializa\u00e7\u00e3o em Fisioterapia em Condi\u00e7\u00f5es M\u00fasculo-esquel\u00e9ticas<br \/>\u00c1rea de especializa\u00e7\u00e3o em Fisioterapia na Sa\u00fade P\u00e9lvica e da Mulher<br \/>Acredita\u00e7\u00e3o pela A3ES &#8211; N\u00famero total de ECTS: 120<br \/><a href=\"https:\/\/ordemdosfisioterapeutas.pt\/wp-content\/uploads\/2026\/04\/4-ESSSetubal-NOVA-Medical-School-e-ENSP-da-Universidade-Nova-de-Lisboa.pdf\" target=\"_blank\" rel=\"noopener\"><span style=\"text-decoration: underline;\">Edital de candidatura<\/span><\/a><\/li><\/ul>\t\t\t\t\t\t\t\t<\/div>\n\t\t\t\t<\/div>\n\t\t\t\t<div class=\"elementor-element elementor-element-928e635 elementor-widget elementor-widget-text-editor\" data-id=\"928e635\" data-element_type=\"widget\" data-e-type=\"widget\" data-widget_type=\"text-editor.default\">\n\t\t\t\t<div class=\"elementor-widget-container\">\n\t\t\t\t\t\t\t\t\t<ul><li><a href=\"https:\/\/candidaturas.cespu.pt\/cursos\/mestrados\/mestrado-em-fisioterapia-gandra-paredes\" target=\"_blank\" rel=\"noopener\"><span style=\"text-decoration: underline;\">Mestrado em Fisioterapia<\/span><\/a>\u2013 Instituto Polit\u00e9cnico de Sa\u00fade do Norte &#8211; Escola Superior de Tecnologias da Sa\u00fade do T\u00e2mega e Sousa<br \/>\u00c1rea de especializa\u00e7\u00e3o em M\u00fasculo-esquel\u00e9tica<br \/>\u00c1rea de especializa\u00e7\u00e3o em Neurologia<br \/>\u00c1rea de especializa\u00e7\u00e3o em Cardiorrespirat\u00f3ria<br \/><span style=\"text-decoration: underline;\"><a href=\"https:\/\/web01.a3es.pt\/pt\/resultados-acreditacao\/fisioterapia-64\" target=\"_blank\" rel=\"noopener\">Acredita\u00e7\u00e3o pela A3ES<\/a><\/span> &#8211; N\u00famero total de ECTS: 120<br \/><a href=\"https:\/\/ordemdosfisioterapeutas.pt\/wp-content\/uploads\/2026\/04\/7-Instituto-Politecnico-de-Saude-do-Norte_1a-ed_.pdf\" target=\"_blank\" rel=\"noopener\"><span style=\"text-decoration: underline;\">Edital de candidatura &#8211; 1\u00aa edi\u00e7\u00e3o<\/span><\/a><br \/><a href=\"https:\/\/ordemdosfisioterapeutas.pt\/wp-content\/uploads\/2026\/04\/7-Instituto-Politecnico-de-Saude-do-Norte_1a-ed_.pdf\" target=\"_blank\" rel=\"noopener\"><span style=\"text-decoration: underline;\">Edital de candidatura &#8211; 2\u00aa edi\u00e7\u00e3o<\/span><\/a><\/li><\/ul>\t\t\t\t\t\t\t\t<\/div>\n\t\t\t\t<\/div>\n\t\t\t\t<div class=\"elementor-element elementor-element-6d82d84 elementor-widget elementor-widget-text-editor\" data-id=\"6d82d84\" data-element_type=\"widget\" data-e-type=\"widget\" data-widget_type=\"text-editor.default\">\n\t\t\t\t<div class=\"elementor-widget-container\">\n\t\t\t\t\t\t\t\t\t<ul><li><a href=\"https:\/\/www.egasmoniz.com.pt\/courses\/mestrado-fisioterapia\" target=\"_blank\" rel=\"noopener\"><span style=\"text-decoration: underline;\">Mestrado em Fisioterapia<\/span><\/a> \u2013 Escola Superior de Sa\u00fade Egas Moniz<br \/>\u00c1rea de especializa\u00e7\u00e3o em Fisioterapia no Desporto<br \/>\u00c1rea de especializa\u00e7\u00e3o em Fisioterapia Neurom\u00fasculo-Esquel\u00e9tica<br \/><a href=\"https:\/\/www.a3es.pt\/pt\/resultados-acreditacao\/fisioterapia-48\" target=\"_blank\" rel=\"noopener\"><span style=\"text-decoration: underline;\">Acredita\u00e7\u00e3o pela A3ES<\/span><\/a> \u2013 N\u00famero total de ECTS: 120<\/li><\/ul>\t\t\t\t\t\t\t\t<\/div>\n\t\t\t\t<\/div>\n\t\t\t\t<div class=\"elementor-element elementor-element-b37b7a9 elementor-widget elementor-widget-text-editor\" data-id=\"b37b7a9\" data-element_type=\"widget\" data-e-type=\"widget\" data-widget_type=\"text-editor.default\">\n\t\t\t\t<div class=\"elementor-widget-container\">\n\t\t\t\t\t\t\t\t\t<ul><li><a href=\"https:\/\/www.estesc.ipc.pt\/index.php\/candidato\/candidaturas-a-mestrados\/fisioterapia\/\" target=\"_blank\" rel=\"noopener\"><span style=\"text-decoration: underline;\">Mestrado em Fisioterapia<\/span><\/a> \u2013 Instituto Polit\u00e9cnico de Coimbra &#8211; Escola Superior de Tecnologia da Sa\u00fade<br \/>\u00c1rea de especializa\u00e7\u00e3o de Avalia\u00e7\u00e3o e Aplica\u00e7\u00e3o Cl\u00ednica do Movimento<br \/><a href=\"https:\/\/www.a3es.pt\/pt\/resultados-acreditacao\/fisioterapia-54\" target=\"_blank\" rel=\"noopener\"><span style=\"text-decoration: underline;\">Acredita\u00e7\u00e3o pela A3ES<\/span><\/a> &#8211; N\u00famero total de ECTS: 120<\/li><\/ul>\t\t\t\t\t\t\t\t<\/div>\n\t\t\t\t<\/div>\n\t\t\t\t<div class=\"elementor-element elementor-element-4626373 elementor-widget elementor-widget-text-editor\" data-id=\"4626373\" data-element_type=\"widget\" data-e-type=\"widget\" data-widget_type=\"text-editor.default\">\n\t\t\t\t<div class=\"elementor-widget-container\">\n\t\t\t\t\t\t\t\t\t<ul><li><a href=\"https:\/\/www.essl.ipl.pt\/estudar\/mestrados\" target=\"_blank\" rel=\"noopener\"><span style=\"text-decoration: underline;\">Mestrado em Fisioterapia<\/span><\/a>\u2013 Escola Superior de Sa\u00fade &#8211; Instituto Polit\u00e9cnico de Lisboa <br \/><span style=\"text-decoration: underline;\"><a href=\"https:\/\/www.essl.ipl.pt\/estudar\/fisioterapia-neurologica\" target=\"_blank\" rel=\"noopener\">\u00c1rea de especializa\u00e7\u00e3o de Fisioterapia Neurol\u00f3gica<\/a><\/span><br \/>\u00c1rea de especializa\u00e7\u00e3o de Envelhecimento Ativo e Fisioterapia<br \/><span style=\"text-decoration: underline;\"><a href=\"https:\/\/www.essl.ipl.pt\/estudar\/mestrados\/fisioterapia-saude-da-mulher\" target=\"_blank\" rel=\"noopener\">\u00c1rea de especializa\u00e7\u00e3o de Fisioterapia em Sa\u00fade da Mulher<\/a><\/span><br \/><span style=\"text-decoration: underline;\"><a href=\"https:\/\/si.a3es.pt\/sia3es\/page?stage=ConsultaPublicaProcesso&amp;processID=3212\" target=\"_blank\" rel=\"noopener\">Acredita\u00e7\u00e3o pela A3ES\u00a0<\/a><\/span>\u2013 N\u00famero total de ECTS: 120<br \/><a href=\"https:\/\/ordemdosfisioterapeutas.pt\/wp-content\/uploads\/2026\/04\/9-Escola-Superior-de-Saude-Instituto-Politecnico-de-Lisboa.pdf\" target=\"_blank\" rel=\"noopener\"><span style=\"text-decoration: underline;\">Edital de candidatura<\/span><\/a><\/li><\/ul>\t\t\t\t\t\t\t\t<\/div>\n\t\t\t\t<\/div>\n\t\t\t\t<div class=\"elementor-element elementor-element-ee67266 elementor-widget elementor-widget-text-editor\" data-id=\"ee67266\" data-element_type=\"widget\" data-e-type=\"widget\" data-widget_type=\"text-editor.default\">\n\t\t\t\t<div class=\"elementor-widget-container\">\n\t\t\t\t\t\t\t\t\t<ul><li><a href=\"https:\/\/ess.fernandopessoa.pt\/cursos\/mestrado-fisioterapia\/\" target=\"_blank\" rel=\"noopener\"><span style=\"text-decoration: underline;\">Mestrado em Fisioterapia<\/span><\/a> &#8211; Escola Superior de Sa\u00fade da Funda\u00e7\u00e3o \u00abFernando Pessoa\u00bb<p>\u00c1rea de especializa\u00e7\u00e3o em Fisioterapia Materno-Infantil<br \/>\u00c1rea de especializa\u00e7\u00e3o em Fisioterapia da Senesc\u00eancia<br \/>\u00c1rea de especializa\u00e7\u00e3o em Fisioterapia Desportiva<br \/><span style=\"text-decoration: underline;\"><a href=\"https:\/\/www.a3es.pt\/pt\/resultados-acreditacao\/fisioterapia-57\" target=\"_blank\" rel=\"noopener\">Acredita\u00e7\u00e3o pela A3ES<\/a><\/span> &#8211; N\u00famero total de ECTS: 120<\/p><\/li><\/ul>\t\t\t\t\t\t\t\t<\/div>\n\t\t\t\t<\/div>\n\t\t\t\t\t<\/div>\n\t\t<\/div>\n\t\t\t\t\t<\/div>\n\t\t<\/section>\n\t\t\t\t<section class=\"elementor-section elementor-top-section elementor-element elementor-element-ec424e3 elementor-section-boxed elementor-section-height-default elementor-section-height-default\" data-id=\"ec424e3\" data-element_type=\"section\" data-e-type=\"section\">\n\t\t\t\t\t\t<div class=\"elementor-container elementor-column-gap-default\">\n\t\t\t\t\t<div class=\"elementor-column elementor-col-100 elementor-top-column elementor-element elementor-element-80ac38e\" data-id=\"80ac38e\" data-element_type=\"column\" data-e-type=\"column\">\n\t\t\t<div class=\"elementor-widget-wrap elementor-element-populated\">\n\t\t\t\t\t\t<div class=\"elementor-element elementor-element-1ec916e elementor-widget elementor-widget-heading\" data-id=\"1ec916e\" data-element_type=\"widget\" data-e-type=\"widget\" data-widget_type=\"heading.default\">\n\t\t\t\t<div class=\"elementor-widget-container\">\n\t\t\t\t\t<h2 class=\"elementor-heading-title elementor-size-default\">Doutoramento<\/h2>\t\t\t\t<\/div>\n\t\t\t\t<\/div>\n\t\t\t\t\t<\/div>\n\t\t<\/div>\n\t\t\t\t\t<\/div>\n\t\t<\/section>\n\t\t\t\t<section class=\"elementor-section elementor-top-section elementor-element elementor-element-2023ba2 elementor-section-boxed elementor-section-height-default elementor-section-height-default\" data-id=\"2023ba2\" data-element_type=\"section\" data-e-type=\"section\">\n\t\t\t\t\t\t<div class=\"elementor-container elementor-column-gap-default\">\n\t\t\t\t\t<div class=\"elementor-column elementor-col-100 elementor-top-column elementor-element elementor-element-b58e484\" data-id=\"b58e484\" data-element_type=\"column\" data-e-type=\"column\">\n\t\t\t<div class=\"elementor-widget-wrap elementor-element-populated\">\n\t\t\t\t\t\t<div class=\"elementor-element elementor-element-936470c elementor-widget elementor-widget-text-editor\" data-id=\"936470c\" data-element_type=\"widget\" data-e-type=\"widget\" data-widget_type=\"text-editor.default\">\n\t\t\t\t<div class=\"elementor-widget-container\">\n\t\t\t\t\t\t\t\t\t<p>Ciclo de estudos conducente ao grau de Doutor em Fisioterapia<strong>*<\/strong>:<\/p>\t\t\t\t\t\t\t\t<\/div>\n\t\t\t\t<\/div>\n\t\t\t\t<div class=\"elementor-element elementor-element-3859878 elementor-widget elementor-widget-text-editor\" data-id=\"3859878\" data-element_type=\"widget\" data-e-type=\"widget\" data-widget_type=\"text-editor.default\">\n\t\t\t\t<div class=\"elementor-widget-container\">\n\t\t\t\t\t\t\t\t\t<ul><li><p><span style=\"text-decoration: underline;\"><a href=\"https:\/\/sigarra.up.pt\/fadeup\/pt\/cur_geral.cur_view?pv_curso_id=861\" target=\"_blank\" rel=\"noopener\">Curso de Doutoramento em Fisioterapia<\/a> <\/span>&#8211; Faculdade de Desporto da Universidade do Porto<br \/><span style=\"text-decoration: underline;\"><a href=\"https:\/\/www.a3es.pt\/pt\/resultados-acreditacao\/fisioterapia\" target=\"_blank\" rel=\"noopener\">Acredita\u00e7\u00e3o pela A3ES<\/a><\/span> &#8211; N\u00famero total de ECTS: 180<\/p><\/li><\/ul>\t\t\t\t\t\t\t\t<\/div>\n\t\t\t\t<\/div>\n\t\t\t\t\t<\/div>\n\t\t<\/div>\n\t\t\t\t\t<\/div>\n\t\t<\/section>\n\t\t\t\t<section class=\"elementor-section elementor-top-section elementor-element elementor-element-5c37238 elementor-section-boxed elementor-section-height-default elementor-section-height-default\" data-id=\"5c37238\" data-element_type=\"section\" data-e-type=\"section\">\n\t\t\t\t\t\t<div class=\"elementor-container elementor-column-gap-default\">\n\t\t\t\t\t<div class=\"elementor-column elementor-col-100 elementor-top-column elementor-element elementor-element-092b269\" data-id=\"092b269\" data-element_type=\"column\" data-e-type=\"column\">\n\t\t\t<div class=\"elementor-widget-wrap elementor-element-populated\">\n\t\t\t\t\t\t<div class=\"elementor-element elementor-element-d28ac00 elementor-widget elementor-widget-text-editor\" data-id=\"d28ac00\" data-element_type=\"widget\" data-e-type=\"widget\" data-widget_type=\"text-editor.default\">\n\t\t\t\t<div class=\"elementor-widget-container\">\n\t\t\t\t\t\t\t\t\t<p>*Corresponde \u00e0s informa\u00e7\u00f5es enviadas pelas Institui\u00e7\u00f5es de Ensino Superior. Poder\u00e3o existir diverg\u00eancias pontuais ou atraso em determinadas atualiza\u00e7\u00f5es das informa\u00e7\u00f5es disponibilizadas nesta p\u00e1gina. A Ordem dos Fisioterapeutas n\u00e3o garante a sua exatid\u00e3o, nem se responsabiliza pela reprodu\u00e7\u00e3o acidental de dados incorretos.<\/p>\t\t\t\t\t\t\t\t<\/div>\n\t\t\t\t<\/div>\n\t\t\t\t\t<\/div>\n\t\t<\/div>\n\t\t\t\t\t<\/div>\n\t\t<\/section>\n\t\t\t\t<\/div>\n\t\t","protected":false},"excerpt":{"rendered":"<p>Mestrado Ciclos de estudo de mestrado em Fisioterapia*: Mestrados em Fisioterapia &#8211; Escola Superior de Sa\u00fade da Universidade de AveiroMestrado em Fisioterapia Cardiovascular e Respirat\u00f3riaAcredita\u00e7\u00e3o pela A3ES\u00a0\u2013 N\u00famero total de ECTS: 120Edital de candidatura Mestrado em Fisioterapia \u2013 Escola Superior de Sa\u00fade da Universidade de Aveiro e Escola Superior de Sa\u00fade do Instituto Polit\u00e9cnico de &#8230; <a title=\"Forma\u00e7\u00e3o P\u00f3s-Graduada\" class=\"read-more\" href=\"https:\/\/ordemdosfisioterapeutas.pt\/pt\/formacao-pos-graduada\/\" aria-label=\"Leia mais sobre Forma\u00e7\u00e3o P\u00f3s-Graduada\">Ler mais<\/a><\/p>\n","protected":false},"author":1,"featured_media":0,"parent":0,"menu_order":0,"comment_status":"closed","ping_status":"closed","template":"","meta":{"footnotes":""},"class_list":["post-5994","page","type-page","status-publish"],"_links":{"self":[{"href":"https:\/\/ordemdosfisioterapeutas.pt\/pt\/wp-json\/wp\/v2\/pages\/5994","targetHints":{"allow":["GET"]}}],"collection":[{"href":"https:\/\/ordemdosfisioterapeutas.pt\/pt\/wp-json\/wp\/v2\/pages"}],"about":[{"href":"https:\/\/ordemdosfisioterapeutas.pt\/pt\/wp-json\/wp\/v2\/types\/page"}],"author":[{"embeddable":true,"href":"https:\/\/ordemdosfisioterapeutas.pt\/pt\/wp-json\/wp\/v2\/users\/1"}],"replies":[{"embeddable":true,"href":"https:\/\/ordemdosfisioterapeutas.pt\/pt\/wp-json\/wp\/v2\/comments?post=5994"}],"version-history":[{"count":15,"href":"https:\/\/ordemdosfisioterapeutas.pt\/pt\/wp-json\/wp\/v2\/pages\/5994\/revisions"}],"predecessor-version":[{"id":13330,"href":"https:\/\/ordemdosfisioterapeutas.pt\/pt\/wp-json\/wp\/v2\/pages\/5994\/revisions\/13330"}],"wp:attachment":[{"href":"https:\/\/ordemdosfisioterapeutas.pt\/pt\/wp-json\/wp\/v2\/media?parent=5994"}],"curies":[{"name":"wp","href":"https:\/\/api.w.org\/{rel}","templated":true}]}}