{"id":5562,"date":"2023-02-16T15:53:29","date_gmt":"2023-02-16T15:53:29","guid":{"rendered":"https:\/\/ordemdosfisioterapeutas.pt\/?page_id=5562"},"modified":"2023-02-16T15:55:15","modified_gmt":"2023-02-16T15:55:15","slug":"repositorios-cientificos","status":"publish","type":"page","link":"https:\/\/ordemdosfisioterapeutas.pt\/pt\/repositorios-cientificos\/","title":{"rendered":"Reposit\u00f3rios Cient\u00edficos"},"content":{"rendered":"\t\t<div data-elementor-type=\"wp-page\" data-elementor-id=\"5562\" class=\"elementor elementor-5562\" data-elementor-post-type=\"page\">\n\t\t\t\t\t\t<section class=\"elementor-section elementor-top-section elementor-element elementor-element-f589648 elementor-section-boxed elementor-section-height-default elementor-section-height-default\" data-id=\"f589648\" data-element_type=\"section\" data-e-type=\"section\">\n\t\t\t\t\t\t<div class=\"elementor-container elementor-column-gap-default\">\n\t\t\t\t\t<div class=\"elementor-column elementor-col-100 elementor-top-column elementor-element elementor-element-510174f\" data-id=\"510174f\" data-element_type=\"column\" data-e-type=\"column\">\n\t\t\t<div class=\"elementor-widget-wrap elementor-element-populated\">\n\t\t\t\t\t\t<div class=\"elementor-element elementor-element-e484202 elementor-widget elementor-widget-heading\" data-id=\"e484202\" data-element_type=\"widget\" data-e-type=\"widget\" data-widget_type=\"heading.default\">\n\t\t\t\t<div class=\"elementor-widget-container\">\n\t\t\t\t\t<h2 class=\"elementor-heading-title elementor-size-default\">Recursos eletr\u00f3nicos a Reposit\u00f3rios Cient\u00edficos <\/h2>\t\t\t\t<\/div>\n\t\t\t\t<\/div>\n\t\t\t\t\t<\/div>\n\t\t<\/div>\n\t\t\t\t\t<\/div>\n\t\t<\/section>\n\t\t\t\t<section class=\"elementor-section elementor-top-section elementor-element elementor-element-5c8a4a4 elementor-section-boxed elementor-section-height-default elementor-section-height-default\" data-id=\"5c8a4a4\" data-element_type=\"section\" data-e-type=\"section\">\n\t\t\t\t\t\t<div class=\"elementor-container elementor-column-gap-default\">\n\t\t\t\t\t<div class=\"elementor-column elementor-col-100 elementor-top-column elementor-element elementor-element-087f848\" data-id=\"087f848\" data-element_type=\"column\" data-e-type=\"column\">\n\t\t\t<div class=\"elementor-widget-wrap elementor-element-populated\">\n\t\t\t\t\t\t<div class=\"elementor-element elementor-element-44c66bc elementor-widget elementor-widget-text-editor\" data-id=\"44c66bc\" data-element_type=\"widget\" data-e-type=\"widget\" data-widget_type=\"text-editor.default\">\n\t\t\t\t<div class=\"elementor-widget-container\">\n\t\t\t\t\t\t\t\t\t<p>A Ordem dos Fisioterapeutas est\u00e1 empenhada em tornar acess\u00edveis, a todos os seus membros, bases de dados eletr\u00f3nicas de produ\u00e7\u00e3o e investiga\u00e7\u00e3o cient\u00edfica, de acesso aberto, com relev\u00e2ncia para os fisioterapeutas.<\/p><p>Disponibiliza-se o acesso ao Reposit\u00f3rio Cient\u00edfico de Acesso Aberto de Portugal (RCAAP), que integra tamb\u00e9m a base OASISbr, b-on, OpenAIRE e Google Scholar.<\/p><p>O RCAAP permite a visualiza\u00e7\u00e3o de textos na \u00edntegra ou apenas a consulta dos metadados. \u00c9 ainda poss\u00edvel consultar artigos cient\u00edficos, disserta\u00e7\u00f5es de mestrado, monografias de licenciatura, teses de doutoramento, relat\u00f3rios, palestras, objeto de confer\u00eancia, entre outros. Poder\u00e1 aceder ao RCAAP na sua \u00e1rea reservada, onde encontrar\u00e1 tamb\u00e9m um guia pr\u00e1tico de consulta.<\/p>\t\t\t\t\t\t\t\t<\/div>\n\t\t\t\t<\/div>\n\t\t\t\t<div class=\"elementor-element elementor-element-3b7ad6e elementor-align-left elementor-widget elementor-widget-button\" data-id=\"3b7ad6e\" data-element_type=\"widget\" data-e-type=\"widget\" data-widget_type=\"button.default\">\n\t\t\t\t<div class=\"elementor-widget-container\">\n\t\t\t\t\t\t\t\t\t<div class=\"elementor-button-wrapper\">\n\t\t\t\t\t<a class=\"elementor-button elementor-button-link elementor-size-sm\" href=\"https:\/\/portal.ordemdosfisioterapeutas.pt\/\" target=\"_blank\">\n\t\t\t\t\t\t<span class=\"elementor-button-content-wrapper\">\n\t\t\t\t\t\t\t\t\t<span class=\"elementor-button-text\">\u00c1rea Reservada<\/span>\n\t\t\t\t\t<\/span>\n\t\t\t\t\t<\/a>\n\t\t\t\t<\/div>\n\t\t\t\t\t\t\t\t<\/div>\n\t\t\t\t<\/div>\n\t\t\t\t\t<\/div>\n\t\t<\/div>\n\t\t\t\t\t<\/div>\n\t\t<\/section>\n\t\t\t\t<\/div>\n\t\t","protected":false},"excerpt":{"rendered":"<p>Recursos eletr\u00f3nicos a Reposit\u00f3rios Cient\u00edficos A Ordem dos Fisioterapeutas est\u00e1 empenhada em tornar acess\u00edveis, a todos os seus membros, bases de dados eletr\u00f3nicas de produ\u00e7\u00e3o e investiga\u00e7\u00e3o cient\u00edfica, de acesso aberto, com relev\u00e2ncia para os fisioterapeutas. Disponibiliza-se o acesso ao Reposit\u00f3rio Cient\u00edfico de Acesso Aberto de Portugal (RCAAP), que integra tamb\u00e9m a base OASISbr, b-on, &#8230; <a title=\"Reposit\u00f3rios Cient\u00edficos\" class=\"read-more\" href=\"https:\/\/ordemdosfisioterapeutas.pt\/pt\/repositorios-cientificos\/\" aria-label=\"Leia mais sobre Reposit\u00f3rios Cient\u00edficos\">Ler mais<\/a><\/p>\n","protected":false},"author":1,"featured_media":0,"parent":0,"menu_order":0,"comment_status":"closed","ping_status":"closed","template":"","meta":{"footnotes":""},"class_list":["post-5562","page","type-page","status-publish"],"_links":{"self":[{"href":"https:\/\/ordemdosfisioterapeutas.pt\/pt\/wp-json\/wp\/v2\/pages\/5562","targetHints":{"allow":["GET"]}}],"collection":[{"href":"https:\/\/ordemdosfisioterapeutas.pt\/pt\/wp-json\/wp\/v2\/pages"}],"about":[{"href":"https:\/\/ordemdosfisioterapeutas.pt\/pt\/wp-json\/wp\/v2\/types\/page"}],"author":[{"embeddable":true,"href":"https:\/\/ordemdosfisioterapeutas.pt\/pt\/wp-json\/wp\/v2\/users\/1"}],"replies":[{"embeddable":true,"href":"https:\/\/ordemdosfisioterapeutas.pt\/pt\/wp-json\/wp\/v2\/comments?post=5562"}],"version-history":[{"count":0,"href":"https:\/\/ordemdosfisioterapeutas.pt\/pt\/wp-json\/wp\/v2\/pages\/5562\/revisions"}],"wp:attachment":[{"href":"https:\/\/ordemdosfisioterapeutas.pt\/pt\/wp-json\/wp\/v2\/media?parent=5562"}],"curies":[{"name":"wp","href":"https:\/\/api.w.org\/{rel}","templated":true}]}}