{"id":4840,"date":"2022-07-14T13:26:08","date_gmt":"2022-07-14T12:26:08","guid":{"rendered":"https:\/\/ordemdosfisioterapeutas.pt\/?page_id=4840"},"modified":"2025-05-02T11:38:47","modified_gmt":"2025-05-02T10:38:47","slug":"especialidades-em-fisioterapia","status":"publish","type":"page","link":"https:\/\/ordemdosfisioterapeutas.pt\/pt\/especialidades-em-fisioterapia\/","title":{"rendered":"Especialidades em Fisioterapia"},"content":{"rendered":"\t\t<div data-elementor-type=\"wp-page\" data-elementor-id=\"4840\" class=\"elementor elementor-4840\" data-elementor-post-type=\"page\">\n\t\t\t\t\t\t<section class=\"elementor-section elementor-top-section elementor-element elementor-element-3e120a5 elementor-section-boxed elementor-section-height-default elementor-section-height-default\" data-id=\"3e120a5\" data-element_type=\"section\" data-e-type=\"section\">\n\t\t\t\t\t\t<div class=\"elementor-container elementor-column-gap-default\">\n\t\t\t\t\t<div class=\"elementor-column elementor-col-100 elementor-top-column elementor-element elementor-element-dd476f6\" data-id=\"dd476f6\" data-element_type=\"column\" data-e-type=\"column\">\n\t\t\t<div class=\"elementor-widget-wrap elementor-element-populated\">\n\t\t\t\t\t\t<div class=\"elementor-element elementor-element-4c18a55 elementor-widget elementor-widget-heading\" data-id=\"4c18a55\" data-element_type=\"widget\" data-e-type=\"widget\" data-widget_type=\"heading.default\">\n\t\t\t\t<div class=\"elementor-widget-container\">\n\t\t\t\t\t<h2 class=\"elementor-heading-title elementor-size-default\">Especializa\u00e7\u00e3o em Fisioterapia \u2013 Enquadramento conceptual<\/h2>\t\t\t\t<\/div>\n\t\t\t\t<\/div>\n\t\t\t\t<div class=\"elementor-element elementor-element-1febedf elementor-widget elementor-widget-text-editor\" data-id=\"1febedf\" data-element_type=\"widget\" data-e-type=\"widget\" data-widget_type=\"text-editor.default\">\n\t\t\t\t<div class=\"elementor-widget-container\">\n\t\t\t\t\t\t\t\t\t<p>A especializa\u00e7\u00e3o dos Fisioterapeutas visa melhorar os padr\u00f5es de qualidade de presta\u00e7\u00e3o de cuidados de fisioterapia aos utentes e promover o seu desenvolvimento profissional cont\u00ednuo.<\/p><p>S\u00e3o consideradas essenciais, como refer\u00eancia, as <span style=\"text-decoration: underline;\"><a href=\"https:\/\/www.wcpt.org\/policy\/ps-specialisation\" target=\"_blank\" rel=\"noopener\">diretrizes<\/a><\/span> da World Confederation for Physical Therapy (WCPT) nesta mat\u00e9ria, nomeadamente os seguintes pressupostos:<\/p><ul><li>As especialidades s\u00e3o \u00e1reas de estudo e exerc\u00edcio da Fisioterapia nas quais \u00e9 poss\u00edvel aos fisioterapeutas adquirirem e demonstrarem \u201ccompet\u00eancias avan\u00e7adas \/ acrescidas\u201d, relativamente aos necess\u00e1rios para o acesso \u00e0 profiss\u00e3o e ao t\u00edtulo profissional.<\/li><li>Dever\u00e1 haver um processo formal e documentado de especializa\u00e7\u00e3o, reconhecendo essas compet\u00eancias em particular as compet\u00eancias cl\u00ednicas.<\/li><li>A especializa\u00e7\u00e3o n\u00e3o deve ser considerada como uma limita\u00e7\u00e3o do exerc\u00edcio. O campo de atividade reconhecido como fisioterapia permanecer\u00e1 aberto a todos os fisioterapeutas adequadamente qualificados.<\/li><li>\u00c9 esperado que os especialistas desenvolvam a sua atividade profissional na \u00e1rea de especializa\u00e7\u00e3o cl\u00ednica que det\u00eam, contribuam para o ensino e a avalia\u00e7\u00e3o do exerc\u00edcio profissional, com vista \u00e0 melhoria dos servi\u00e7os prestados. Espera-se ainda que conduzam projetos de investiga\u00e7\u00e3o e contribuam para o desenvolvimento e difus\u00e3o do conhecimento na respetiva \u00e1rea.<\/li><\/ul><p>Assim, no essencial, ser\u00e1 importante considerar tr\u00eas elementos substanciais no processo de especializa\u00e7\u00e3o:<\/p><ul><li>A posse de uma forma\u00e7\u00e3o p\u00f3s-graduada avan\u00e7ada, com reconhecimento acad\u00e9mico;<\/li><li>A demonstra\u00e7\u00e3o de compet\u00eancias (<em>skills<\/em>) cl\u00ednicas e de experi\u00eancia comprovada, na \u00e1rea de especializa\u00e7\u00e3o;<\/li><li>O desenvolvimento de compet\u00eancias na \u00e1rea da investiga\u00e7\u00e3o (an\u00e1lise cr\u00edtica da investiga\u00e7\u00e3o publicada, como suporte a uma pr\u00e1tica baseada na evid\u00eancia cient\u00edfica, com contributo publicado, para o desenvolvimento dos saberes na \u00e1rea de especializa\u00e7\u00e3o).<\/li><\/ul><p>A Dire\u00e7\u00e3o da Ordem dos Fisioterapeutas considera que o perfil do especialista se enquadra claramente nos descritores do grau acad\u00e9mico de mestrado, sendo essa uma via potencial, mas n\u00e3o \u00fanica, no processo formal de reconhecimento do estatuto de especialista.<\/p><p>A atribui\u00e7\u00e3o do estatuto de especialista pressup\u00f5e que seja o seu titular a ter de demonstrar regularmente que continua a merecer esse estatuto, implicando um sistema de renova\u00e7\u00e3o da posse do t\u00edtulo de especialista.<\/p><p>Considera-se prudente que seja definido um n\u00famero pouco alargado de especializa\u00e7\u00f5es, se poss\u00edvel em paridade com a pr\u00e1tica internacional, ou de pa\u00edses de refer\u00eancia. Nos casos em que n\u00e3o se justifique a cria\u00e7\u00e3o de uma especialidade aut\u00f3noma, poder\u00e1 ser criado um sistema de certifica\u00e7\u00e3o de compet\u00eancia, alternativo ao das especializa\u00e7\u00f5es.<\/p>\t\t\t\t\t\t\t\t<\/div>\n\t\t\t\t<\/div>\n\t\t\t\t<div class=\"elementor-element elementor-element-613ce13 elementor-widget elementor-widget-heading\" data-id=\"613ce13\" data-element_type=\"widget\" data-e-type=\"widget\" data-widget_type=\"heading.default\">\n\t\t\t\t<div class=\"elementor-widget-container\">\n\t\t\t\t\t<h2 class=\"elementor-heading-title elementor-size-default\">Cria\u00e7\u00e3o do Quadro de Especialidades Profissionais de Fisioterapia em Portugal<\/h2>\t\t\t\t<\/div>\n\t\t\t\t<\/div>\n\t\t\t\t<div class=\"elementor-element elementor-element-ada17fd elementor-widget elementor-widget-text-editor\" data-id=\"ada17fd\" data-element_type=\"widget\" data-e-type=\"widget\" data-widget_type=\"text-editor.default\">\n\t\t\t\t<div class=\"elementor-widget-container\">\n\t\t\t\t\t\t\t\t\t<p>A elabora\u00e7\u00e3o da proposta desse quadro constava j\u00e1 do plano de atividades de 2022 e d\u00e1 continuidade aos trabalhos iniciados no \u00e2mbito da Comiss\u00e3o Instaladora.<\/p><p>A concretiza\u00e7\u00e3o desse objetivo obrigou \u00e0 supera\u00e7\u00e3o de um conjunto de etapas internas, incluindo um per\u00edodo de discuss\u00e3o p\u00fablica do projeto antes da aprova\u00e7\u00e3o final do Regulamento Geral de Especialidades Profissionais.<\/p><p>O regulamento foi homologado pelo Minist\u00e9rio da Sa\u00fade no dia 6 de mar\u00e7o de 2025 e publicado em Di\u00e1rio da Rep\u00fablica no dia 15 de abril de 2025, sendo formalizado o reconhecimento das seguintes \u00e1reas de especialidade: Fisioterapia Cardiorrespirat\u00f3ria, Fisioterapia M\u00fasculo-Esquel\u00e9tica, Fisioterapia Neurol\u00f3gica.<\/p><p>Est\u00e3o agora em curso as etapas necess\u00e1rias \u00e0 implementa\u00e7\u00e3o do processo de candidatura e atribui\u00e7\u00e3o do t\u00edtulo de especialista nestas \u00e1reas.<\/p><p>O regulamento, agora em vigor, prev\u00ea as condi\u00e7\u00f5es e procedimentos para a cria\u00e7\u00e3o de novas especialidades profissionais em Fisioterapia.<\/p><p>Os documentos de trabalho e as atualiza\u00e7\u00f5es sobre o processo de implementa\u00e7\u00e3o foram progressivamente disponibilizados aos membros da Ordem, em separador pr\u00f3prio na <span style=\"text-decoration: underline;\"><a href=\"https:\/\/portal.ordemdosfisioterapeutas.pt\/\">\u00e1rea reservada<\/a><\/span>, no qual ser\u00e1 poss\u00edvel continuar a acompanhar os desenvolvimentos espec\u00edficos.<\/p>\t\t\t\t\t\t\t\t<\/div>\n\t\t\t\t<\/div>\n\t\t\t\t\t<\/div>\n\t\t<\/div>\n\t\t\t\t\t<\/div>\n\t\t<\/section>\n\t\t\t\t<\/div>\n\t\t","protected":false},"excerpt":{"rendered":"<p>Especializa\u00e7\u00e3o em Fisioterapia \u2013 Enquadramento conceptual A especializa\u00e7\u00e3o dos Fisioterapeutas visa melhorar os padr\u00f5es de qualidade de presta\u00e7\u00e3o de cuidados de fisioterapia aos utentes e promover o seu desenvolvimento profissional cont\u00ednuo. S\u00e3o consideradas essenciais, como refer\u00eancia, as diretrizes da World Confederation for Physical Therapy (WCPT) nesta mat\u00e9ria, nomeadamente os seguintes pressupostos: As especialidades s\u00e3o \u00e1reas &#8230; <a title=\"Especialidades em Fisioterapia\" class=\"read-more\" href=\"https:\/\/ordemdosfisioterapeutas.pt\/pt\/especialidades-em-fisioterapia\/\" aria-label=\"Leia mais sobre Especialidades em Fisioterapia\">Ler mais<\/a><\/p>\n","protected":false},"author":1,"featured_media":0,"parent":0,"menu_order":0,"comment_status":"closed","ping_status":"closed","template":"","meta":{"footnotes":""},"class_list":["post-4840","page","type-page","status-publish"],"_links":{"self":[{"href":"https:\/\/ordemdosfisioterapeutas.pt\/pt\/wp-json\/wp\/v2\/pages\/4840","targetHints":{"allow":["GET"]}}],"collection":[{"href":"https:\/\/ordemdosfisioterapeutas.pt\/pt\/wp-json\/wp\/v2\/pages"}],"about":[{"href":"https:\/\/ordemdosfisioterapeutas.pt\/pt\/wp-json\/wp\/v2\/types\/page"}],"author":[{"embeddable":true,"href":"https:\/\/ordemdosfisioterapeutas.pt\/pt\/wp-json\/wp\/v2\/users\/1"}],"replies":[{"embeddable":true,"href":"https:\/\/ordemdosfisioterapeutas.pt\/pt\/wp-json\/wp\/v2\/comments?post=4840"}],"version-history":[{"count":0,"href":"https:\/\/ordemdosfisioterapeutas.pt\/pt\/wp-json\/wp\/v2\/pages\/4840\/revisions"}],"wp:attachment":[{"href":"https:\/\/ordemdosfisioterapeutas.pt\/pt\/wp-json\/wp\/v2\/media?parent=4840"}],"curies":[{"name":"wp","href":"https:\/\/api.w.org\/{rel}","templated":true}]}}