{"id":435,"date":"2020-09-30T19:15:52","date_gmt":"2020-09-30T19:15:52","guid":{"rendered":"https:\/\/ordemdosfisioterapeutas.pt\/?page_id=435"},"modified":"2021-02-03T19:19:24","modified_gmt":"2021-02-03T19:19:24","slug":"areas-de-especialidade-em-fisioterapia","status":"publish","type":"page","link":"https:\/\/ordemdosfisioterapeutas.pt\/pt\/areas-de-especialidade-em-fisioterapia\/","title":{"rendered":"\u00c1reas de Especialidade em Fisioterapia"},"content":{"rendered":"\t\t<div data-elementor-type=\"wp-page\" data-elementor-id=\"435\" class=\"elementor elementor-435\" data-elementor-post-type=\"page\">\n\t\t\t\t\t\t<section class=\"elementor-section elementor-top-section elementor-element elementor-element-727d3eda elementor-section-boxed elementor-section-height-default elementor-section-height-default\" data-id=\"727d3eda\" data-element_type=\"section\" data-e-type=\"section\">\n\t\t\t\t\t\t<div class=\"elementor-container elementor-column-gap-default\">\n\t\t\t\t\t<div class=\"elementor-column elementor-col-100 elementor-top-column elementor-element elementor-element-42c21ad3\" data-id=\"42c21ad3\" data-element_type=\"column\" data-e-type=\"column\">\n\t\t\t<div class=\"elementor-widget-wrap elementor-element-populated\">\n\t\t\t\t\t\t<div class=\"elementor-element elementor-element-679a2e9d elementor-widget elementor-widget-text-editor\" data-id=\"679a2e9d\" data-element_type=\"widget\" data-e-type=\"widget\" data-widget_type=\"text-editor.default\">\n\t\t\t\t<div class=\"elementor-widget-container\">\n\t\t\t\t\t\t\t\t\t\n<p>A Ordem dos Fisioterapeutas (OF) encontra-se em per\u00edodo de instala\u00e7\u00e3o e embora sejam suas compet\u00eancias, a defini\u00e7\u00e3o das Especialidades em fisioterapia e dos requisitos para o reconhecimento de um especialista, no contexto das tarefas da Comiss\u00e3o Instaladora (CI) n\u00e3o constituem uma prioridade neste momento.<br \/>Tal n\u00e3o invalida que exista um processo de reflex\u00e3o sobre a mat\u00e9ria, tendo por base, em particular, a experi\u00eancia j\u00e1 desenvolvida pelos Grupos de Interesse da APFisio, os exemplos no plano internacional, no \u00e2mbito da Fisioterapia e no plano nacional a experi\u00eancia de outras profiss\u00f5es de sa\u00fade.<br \/>A especializa\u00e7\u00e3o dos Fisioterapeutas visa melhorar os padr\u00f5es de qualidade de presta\u00e7\u00e3o de cuidados de fisioterapia aos utentes e promover o seu desenvolvimento profissional cont\u00ednuo.<br \/>S\u00e3o consideradas essenciais como refer\u00eancia as diretrizes da WCPT nesta mat\u00e9ria ( https:\/\/www.wcpt.org\/policy\/ps-specialisation), nomeadamente os seguintes pressupostos:<\/p>\n<ul>\n<li>As especialidades s\u00e3o \u00e1reas de estudo e exerc\u00edcio da Fisioterapia nas quais \u00e9 poss\u00edvel aos fisioterapeutas adquirirem e demonstrarem \u201ccompet\u00eancias avan\u00e7adas \/ acrescidas\u201d, relativamente aos necess\u00e1rios para o acesso \u00e0 profiss\u00e3o e ao t\u00edtulo profissional.<\/li>\n<li>Dever\u00e1 haver um processo formal e documentado de especializa\u00e7\u00e3o, reconhecendo essas compet\u00eancias em particular as compet\u00eancias cl\u00ednicas.<\/li>\n<li>A especializa\u00e7\u00e3o n\u00e3o deve ser considerada como uma limita\u00e7\u00e3o do exerc\u00edcio. O campo de atividade reconhecido como fisioterapia permanecer\u00e1 aberto a todos os fisioterapeutas adequadamente qualificados.<\/li>\n<li>\u00c9 esperado que os especialistas desenvolvam a sua atividade profissional na \u00e1rea de especializa\u00e7\u00e3o cl\u00ednica que det\u00eam, contribuam para o ensino e a avalia\u00e7\u00e3o do exerc\u00edcio profissional, com vista \u00e0 melhoria dos servi\u00e7os prestados. Espera-se ainda que conduzam projetos de investiga\u00e7\u00e3o e contribuam para o desenvolvimento e difus\u00e3o do conhecimento na respetiva \u00e1rea.<\/li>\n<\/ul>\n<p>Assim, no essencial, ser\u00e1 importante considerar tr\u00eas elementos substanciais no processo de especializa\u00e7\u00e3o:<\/p>\n<ul>\n<li>A posse de uma forma\u00e7\u00e3o p\u00f3s-graduada avan\u00e7ada, com reconhecimento acad\u00e9mico;<\/li>\n<li>A demonstra\u00e7\u00e3o de compet\u00eancias (Skils) cl\u00ednicas e de experi\u00eancia comprovada, na \u00e1rea de especializa\u00e7\u00e3o;<\/li>\n<li>O desenvolvimento de compet\u00eancias na \u00e1rea da investiga\u00e7\u00e3o. (An\u00e1lise cr\u00edtica da investiga\u00e7\u00e3o publicada, como suporte a uma pr\u00e1tica baseada na evid\u00eancia cient\u00edfica, com contributo publicado, para o desenvolvimento dos saberes na \u00e1rea de especializa\u00e7\u00e3o.<\/li>\n<\/ul>\n<p>A CI da OF considera que, o perfil do especialista se enquadra claramente nos descritores do grau acad\u00e9mico de mestrado sendo essa uma via potencial, mas n\u00e3o \u00fanica, no processo formal de reconhecimento do estatuto de especialista.<br \/>A atribui\u00e7\u00e3o do estatuto de especialista pressup\u00f5e que seja o seu titular a ter de demonstrar regularmente que continua a merecer esse estatuto, implicando um sistema de renova\u00e7\u00e3o da posse do t\u00edtulo de especialista.<br \/>Considera-se prudente que seja definido um n\u00famero pouco alargado de especializa\u00e7\u00f5es, se poss\u00edvel em paridade com a pr\u00e1tica internacional, ou de pa\u00edses de refer\u00eancia. Nos casos em que n\u00e3o se justifique a cria\u00e7\u00e3o de uma especialidade aut\u00f3noma, poder\u00e1 ser criado um sistema de certifica\u00e7\u00e3o de compet\u00eancia, alternativo ao das especializa\u00e7\u00f5es.<br \/>No contexto dos Grupos de Interesse da APFisio haver\u00e1 que estudar os que eventualmente poder\u00e3o funcionar como embri\u00e3o do desenvolvimento de especialidades.<br \/>At\u00e9 \u00e0 cria\u00e7\u00e3o de especialidades ou de compet\u00eancias avan\u00e7adas\/acrescidas certificadas, quando a OF substituir a APFisio na WCPT, como est\u00e1 acordado, a OF comprometeu-se com a APFisio a assegurar o necess\u00e1rio \u201cendorsement\u201d dos Grupos de Interesse que tenham afilia\u00e7\u00e3o em subgrupos reconhecidos pela WCPT, para que fique garantida a continuidade das representa\u00e7\u00f5es j\u00e1 adquiridas.<\/p>\n\t\t\t\t\t\t\t\t<\/div>\n\t\t\t\t<\/div>\n\t\t\t\t\t<\/div>\n\t\t<\/div>\n\t\t\t\t\t<\/div>\n\t\t<\/section>\n\t\t\t\t<\/div>\n\t\t","protected":false},"excerpt":{"rendered":"<p>A Ordem dos Fisioterapeutas (OF) encontra-se em per\u00edodo de instala\u00e7\u00e3o e embora sejam suas compet\u00eancias, a defini\u00e7\u00e3o das Especialidades em fisioterapia e dos requisitos para o reconhecimento de um especialista, no contexto das tarefas da Comiss\u00e3o Instaladora (CI) n\u00e3o constituem uma prioridade neste momento.Tal n\u00e3o invalida que exista um processo de reflex\u00e3o sobre a mat\u00e9ria, &#8230; <a title=\"\u00c1reas de Especialidade em Fisioterapia\" class=\"read-more\" href=\"https:\/\/ordemdosfisioterapeutas.pt\/pt\/areas-de-especialidade-em-fisioterapia\/\" aria-label=\"Leia mais sobre \u00c1reas de Especialidade em Fisioterapia\">Ler mais<\/a><\/p>\n","protected":false},"author":1,"featured_media":0,"parent":0,"menu_order":0,"comment_status":"closed","ping_status":"closed","template":"","meta":{"footnotes":""},"class_list":["post-435","page","type-page","status-publish"],"_links":{"self":[{"href":"https:\/\/ordemdosfisioterapeutas.pt\/pt\/wp-json\/wp\/v2\/pages\/435","targetHints":{"allow":["GET"]}}],"collection":[{"href":"https:\/\/ordemdosfisioterapeutas.pt\/pt\/wp-json\/wp\/v2\/pages"}],"about":[{"href":"https:\/\/ordemdosfisioterapeutas.pt\/pt\/wp-json\/wp\/v2\/types\/page"}],"author":[{"embeddable":true,"href":"https:\/\/ordemdosfisioterapeutas.pt\/pt\/wp-json\/wp\/v2\/users\/1"}],"replies":[{"embeddable":true,"href":"https:\/\/ordemdosfisioterapeutas.pt\/pt\/wp-json\/wp\/v2\/comments?post=435"}],"version-history":[{"count":0,"href":"https:\/\/ordemdosfisioterapeutas.pt\/pt\/wp-json\/wp\/v2\/pages\/435\/revisions"}],"wp:attachment":[{"href":"https:\/\/ordemdosfisioterapeutas.pt\/pt\/wp-json\/wp\/v2\/media?parent=435"}],"curies":[{"name":"wp","href":"https:\/\/api.w.org\/{rel}","templated":true}]}}