{"id":419,"date":"2020-09-30T17:52:13","date_gmt":"2020-09-30T17:52:13","guid":{"rendered":"https:\/\/ordemdosfisioterapeutas.pt\/?page_id=419"},"modified":"2026-01-28T15:00:46","modified_gmt":"2026-01-28T15:00:46","slug":"instituicoes-de-ensino-em-fisioterapia","status":"publish","type":"page","link":"https:\/\/ordemdosfisioterapeutas.pt\/pt\/instituicoes-de-ensino-em-fisioterapia\/","title":{"rendered":"Institui\u00e7\u00f5es de Ensino em Fisioterapia"},"content":{"rendered":"\t\t<div data-elementor-type=\"wp-page\" data-elementor-id=\"419\" class=\"elementor elementor-419\" data-elementor-post-type=\"page\">\n\t\t\t\t\t\t<section class=\"elementor-section elementor-top-section elementor-element elementor-element-8854d61 elementor-section-boxed elementor-section-height-default elementor-section-height-default\" data-id=\"8854d61\" data-element_type=\"section\" data-e-type=\"section\">\n\t\t\t\t\t\t<div class=\"elementor-container elementor-column-gap-default\">\n\t\t\t\t\t<div class=\"elementor-column elementor-col-100 elementor-top-column elementor-element elementor-element-eb0ff96\" data-id=\"eb0ff96\" data-element_type=\"column\" data-e-type=\"column\">\n\t\t\t<div class=\"elementor-widget-wrap elementor-element-populated\">\n\t\t\t\t\t\t<div class=\"elementor-element elementor-element-26a15ab elementor-widget elementor-widget-text-editor\" data-id=\"26a15ab\" data-element_type=\"widget\" data-e-type=\"widget\" data-widget_type=\"text-editor.default\">\n\t\t\t\t<div class=\"elementor-widget-container\">\n\t\t\t\t\t\t\t\t\t<p>Poder\u00e3o existir diverg\u00eancias pontuais ou atraso em determinadas atualiza\u00e7\u00f5es das informa\u00e7\u00f5es disponibilizadas nesta p\u00e1gina. A Ordem dos Fisioterapeutas n\u00e3o garante a sua exatid\u00e3o, nem se responsabiliza pela reprodu\u00e7\u00e3o acidental de dados incorretos.<\/p>\t\t\t\t\t\t\t\t<\/div>\n\t\t\t\t<\/div>\n\t\t\t\t\t<\/div>\n\t\t<\/div>\n\t\t\t\t\t<\/div>\n\t\t<\/section>\n\t\t\t\t<section class=\"elementor-section elementor-top-section elementor-element elementor-element-601d6960 elementor-section-boxed elementor-section-height-default elementor-section-height-default\" data-id=\"601d6960\" data-element_type=\"section\" data-e-type=\"section\">\n\t\t\t\t\t\t<div class=\"elementor-container elementor-column-gap-default\">\n\t\t\t\t\t<div class=\"elementor-column elementor-col-100 elementor-top-column elementor-element elementor-element-479cd00e\" data-id=\"479cd00e\" data-element_type=\"column\" data-e-type=\"column\">\n\t\t\t<div class=\"elementor-widget-wrap elementor-element-populated\">\n\t\t\t\t\t\t<div class=\"elementor-element elementor-element-0355c7a elementor-widget elementor-widget-heading\" data-id=\"0355c7a\" data-element_type=\"widget\" data-e-type=\"widget\" data-widget_type=\"heading.default\">\n\t\t\t\t<div class=\"elementor-widget-container\">\n\t\t\t\t\t<h2 class=\"elementor-heading-title elementor-size-default\">Licenciatura<\/h2>\t\t\t\t<\/div>\n\t\t\t\t<\/div>\n\t\t\t\t\t<\/div>\n\t\t<\/div>\n\t\t\t\t\t<\/div>\n\t\t<\/section>\n\t\t\t\t<section class=\"elementor-section elementor-top-section elementor-element elementor-element-ab3d21a elementor-section-boxed elementor-section-height-default elementor-section-height-default\" data-id=\"ab3d21a\" data-element_type=\"section\" data-e-type=\"section\">\n\t\t\t\t\t\t<div class=\"elementor-container elementor-column-gap-default\">\n\t\t\t\t\t<div class=\"elementor-column elementor-col-100 elementor-top-column elementor-element elementor-element-2a51929\" data-id=\"2a51929\" data-element_type=\"column\" data-e-type=\"column\">\n\t\t\t<div class=\"elementor-widget-wrap elementor-element-populated\">\n\t\t\t\t\t\t<div class=\"elementor-element elementor-element-bed301d elementor-widget elementor-widget-text-editor\" data-id=\"bed301d\" data-element_type=\"widget\" data-e-type=\"widget\" data-widget_type=\"text-editor.default\">\n\t\t\t\t<div class=\"elementor-widget-container\">\n\t\t\t\t\t\t\t\t\t<p>Atualmente, est\u00e3o acreditadas as seguintes institui\u00e7\u00f5es de Ensino em Fisioterapia:<\/p><ul><li><a href=\"https:\/\/essatla.pt\/?lang=pt&amp;gad_source=1&amp;gad_campaignid=22453588940&amp;gbraid=0AAAAA9cJgYVE_fKMt0Rl-5QPKXUcbxiKE&amp;gclid=Cj0KCQjwrc7GBhCfARIsAHGcW5Uw8lvlgFIqajY3XHIk-yJ3FgoHz1HgRTdLCOI0wqJ7cG6URd79dqMaAkNcEALw_wcB\" target=\"_blank\" rel=\"noopener\"><span style=\"text-decoration: underline;\">Escola Superior de Sa\u00fade Atl\u00e2ntica (ESSATLA)<\/span><\/a> \u2013 <em>Ensino Privado<\/em><\/li><li><a href=\"http:\/\/esscvp.eu\/\" target=\"_blank\" rel=\"noopener\"><span style=\"text-decoration: underline;\">Escola Superior de Sa\u00fade da Cruz Vermelha Portuguesa<\/span><\/a> &#8211; <em>Ensino Privado<\/em><\/li><li><a href=\"http:\/\/www.ua.pt\/essua\/\" target=\"_blank\" rel=\"noopener\"><span style=\"text-decoration: underline;\">Escola Superior de Sa\u00fade da Universidade de Aveiro<\/span><\/a> \u2013 <em>Ensino P\u00fablico <\/em><\/li><li><a href=\"http:\/\/www.ipleiria.pt\/esslei\/\" target=\"_blank\" rel=\"noopener\"><span style=\"text-decoration: underline;\">Escola Superior de Sa\u00fade de Leiria<\/span><\/a> &#8211; <em>Ensino P\u00fablico<\/em><\/li><li><span style=\"text-decoration: underline;\"><a href=\"http:\/\/www.ess.ipp.pt\/\" target=\"_blank\" rel=\"noopener\">Escola Superior de Sa\u00fade do Polit\u00e9cnico do Porto<\/a><\/span> &#8211; <em>Ensino P\u00fablico <\/em><\/li><li><a href=\"http:\/\/www.santamariasaude.pt\/\" target=\"_blank\" rel=\"noopener\"><span style=\"text-decoration: underline;\">Escola Superior de Sa\u00fade Santa Maria<\/span><\/a> &#8211; <em>Ensino Privado<\/em><\/li><li><span style=\"text-decoration: underline;\"><a href=\"http:\/\/www.ess.ips.pt\/\" target=\"_blank\" rel=\"noopener\">Escola Superior de Sa\u00fade de Set\u00fabal<\/a><\/span> &#8211; <em>Ensino P\u00fablico<\/em><\/li><li><a href=\"https:\/\/www.essa.pt\/\" target=\"_blank\" rel=\"noopener\"><span style=\"text-decoration: underline;\">Escola Superior de Sa\u00fade do Alcoit\u00e3o<\/span><\/a> &#8211; <em>Ensino Privado<\/em><\/li><li><a href=\"http:\/\/www.cespu.pt\/ensino\/ensino-politecnico\/departamentos-da-essva\" target=\"_blank\" rel=\"noopener\"><span style=\"text-decoration: underline;\">Escola Superior de Sa\u00fade do Vale do Ave <\/span><\/a>&#8211; <em>Ensino Privado<\/em><\/li><li><span style=\"text-decoration: underline;\"><a href=\"http:\/\/www.cespu.pt\/ensino\/ensino-politecnico\/departamentos-da-essvs\" target=\"_blank\" rel=\"noopener\">Escola Superior de Tecnologias da Sa\u00fade do T\u00e2mega e Sousa<\/a><\/span> &#8211; <em>Ensino Privado<\/em><\/li><li><span style=\"text-decoration: underline;\"><a href=\"https:\/\/www.ipcb.pt\/escolas\/saude-dr-lopes-dias\" target=\"_blank\" rel=\"noopener\">Escola Superior de Sa\u00fade Dr. Lopes Dias<\/a><\/span> &#8211; <em>Ensino P\u00fablico<\/em><\/li><li><span style=\"text-decoration: underline;\"><a href=\"http:\/\/www.egasmoniz.com.pt\/\" target=\"_blank\" rel=\"noopener\">Escola Superior de Sa\u00fade Egas Moniz<\/a><\/span> &#8211; <em>Ensino Privado<\/em><\/li><li><a href=\"https:\/\/www.ipiaget.org\/licenciaturas\/licenciatura-em-fisioterapia-em-almada\/\" target=\"_blank\" rel=\"noopener\"><span style=\"text-decoration: underline;\">Escola Superior de Sa\u00fade Jean Piaget \u2013 Almada<\/span><\/a> \u2013 <em>Ensino Privado<\/em><\/li><li><span style=\"text-decoration: underline;\"><a href=\"https:\/\/www.ipiaget.org\/instituto-politecnico-jean-piaget-do-sul\/escola-superior-de-saude-jean-piaget-algarve\/\" target=\"_blank\" rel=\"noopener\">Escola Superior de Sa\u00fade Jean Piaget \u2013 Silves<\/a><\/span> &#8211; <em>Ensino Privado<\/em><\/li><li><span style=\"text-decoration: underline;\"><a href=\"https:\/\/www.ipiaget.org\/escola-superior-de-saude-jean-piaget-em-viseu\/\" target=\"_blank\" rel=\"noopener\">Escola Superior de Sa\u00fade Jean Piaget \u2013 Viseu<\/a><\/span> &#8211; <em>Ensino Privado<\/em><\/li><li><span style=\"text-decoration: underline;\"><a href=\"https:\/\/www.ipiaget.org\/instituto-politecnico-jean-piaget-do-norte\/escola-superior-de-saude-jean-piaget-em-gaia\/\" target=\"_blank\" rel=\"noopener\">Escola Superior de Sa\u00fade Jean Piaget \u2013 V. N. Gaia<\/a><\/span>&#8211; <em>Ensino Privado<\/em><\/li><li><span style=\"text-decoration: underline;\"><a href=\"http:\/\/www.estescoimbra.pt\/\" target=\"_blank\" rel=\"noopener\">Escola Superior de Tecnologia da Sa\u00fade de Coimbra<\/a><\/span> &#8211; <em>Ensino P\u00fablico<\/em><\/li><li><a href=\"http:\/\/www.estesl.ipl.pt\/\" target=\"_blank\" rel=\"noopener\"><span style=\"text-decoration: underline;\">Escola Superior de Tecnologia da Sa\u00fade de Lisboa<\/span><\/a> &#8211; <em>Ensino P\u00fablico<\/em><\/li><li><span style=\"text-decoration: underline;\"><a href=\"https:\/\/isave.pt\/\" target=\"_blank\" rel=\"noopener\">Instituto Superior de Sa\u00fade do Alto Ave<\/a><\/span> &#8211; <em>Ensino Privado<\/em><\/li><li><a href=\"https:\/\/ess.fernandopessoa.pt\/\" target=\"_blank\" rel=\"noopener\"><span style=\"text-decoration: underline;\">Escola Superior de Sa\u00fade Fernando Pessoa<\/span><\/a> \u2013 Ensino Privado<\/li><li><a href=\"https:\/\/ess.ualg.pt\/curso\/1914\" target=\"_blank\" rel=\"noopener\"><span style=\"text-decoration: underline;\">Escola Superior de Sa\u00fade da Universidade do Algarve<\/span><\/a> &#8211; <em>Ensino P\u00fablico<\/em><\/li><li><a href=\"https:\/\/www.essnortecvp.pt\/pt\/cursos\/fisioterapia\/\" target=\"_blank\" rel=\"noopener\"><span style=\"text-decoration: underline;\">Escola Superior de Sa\u00fade Norte da Cruz Vermelha Portuguesa<\/span><\/a> &#8211; <em>Ensino Privado<\/em><\/li><\/ul><p><!-- \/wp:paragraph --><\/p>\t\t\t\t\t\t\t\t<\/div>\n\t\t\t\t<\/div>\n\t\t\t\t\t<\/div>\n\t\t<\/div>\n\t\t\t\t\t<\/div>\n\t\t<\/section>\n\t\t<div class=\"elementor-element elementor-element-1b50328 e-flex e-con-boxed e-con e-parent\" data-id=\"1b50328\" data-element_type=\"container\" data-e-type=\"container\">\n\t\t\t\t\t<div class=\"e-con-inner\">\n\t\t\t\t<div class=\"elementor-element elementor-element-f6da4ee elementor-icon-list--layout-traditional elementor-list-item-link-full_width elementor-widget elementor-widget-icon-list\" data-id=\"f6da4ee\" data-element_type=\"widget\" data-e-type=\"widget\" data-widget_type=\"icon-list.default\">\n\t\t\t\t<div class=\"elementor-widget-container\">\n\t\t\t\t\t\t\t<ul class=\"elementor-icon-list-items\">\n\t\t\t\t\t\t\t<li class=\"elementor-icon-list-item\">\n\t\t\t\t\t\t\t\t\t\t\t<a href=\"https:\/\/portal3.ipb.pt\/index.php\/pt\/guiaects\/cursos\/licenciaturas\/curso?cod_escola=7015&#038;cod_curso=9504\" target=\"_blank\" rel=\"noopener\">\n\n\t\t\t\t\t\t\t\t\t\t\t\t<span class=\"elementor-icon-list-icon\">\n\t\t\t\t\t\t\t<i aria-hidden=\"true\" class=\"fas fa-graduation-cap\"><\/i>\t\t\t\t\t\t<\/span>\n\t\t\t\t\t\t\t\t\t\t<span class=\"elementor-icon-list-text\">Escola Superior de Sa\u00fade de Bragan\u00e7a \u2013 Ensino P\u00fablico<\/span>\n\t\t\t\t\t\t\t\t\t\t\t<\/a>\n\t\t\t\t\t\t\t\t\t<\/li>\n\t\t\t\t\t\t\t\t<li class=\"elementor-icon-list-item\">\n\t\t\t\t\t\t\t\t\t\t\t<a href=\"https:\/\/www.ipportalegre.pt\/pt\/ensino\/escolas\/ess\/\" target=\"_blank\" rel=\"noopener\">\n\n\t\t\t\t\t\t\t\t\t\t\t\t<span class=\"elementor-icon-list-icon\">\n\t\t\t\t\t\t\t<i aria-hidden=\"true\" class=\"fas fa-graduation-cap\"><\/i>\t\t\t\t\t\t<\/span>\n\t\t\t\t\t\t\t\t\t\t<span class=\"elementor-icon-list-text\">Escola Superior de Sa\u00fade de Portalegre \u2013 Ensino P\u00fablico<\/span>\n\t\t\t\t\t\t\t\t\t\t\t<\/a>\n\t\t\t\t\t\t\t\t\t<\/li>\n\t\t\t\t\t\t<\/ul>\n\t\t\t\t\t\t<\/div>\n\t\t\t\t<\/div>\n\t\t\t\t\t<\/div>\n\t\t\t\t<\/div>\n\t\t\t\t<\/div>\n\t\t","protected":false},"excerpt":{"rendered":"<p>Poder\u00e3o existir diverg\u00eancias pontuais ou atraso em determinadas atualiza\u00e7\u00f5es das informa\u00e7\u00f5es disponibilizadas nesta p\u00e1gina. A Ordem dos Fisioterapeutas n\u00e3o garante a sua exatid\u00e3o, nem se responsabiliza pela reprodu\u00e7\u00e3o acidental de dados incorretos. Licenciatura Atualmente, est\u00e3o acreditadas as seguintes institui\u00e7\u00f5es de Ensino em Fisioterapia: Escola Superior de Sa\u00fade Atl\u00e2ntica (ESSATLA) \u2013 Ensino Privado Escola Superior de &#8230; <a title=\"Institui\u00e7\u00f5es de Ensino em Fisioterapia\" class=\"read-more\" href=\"https:\/\/ordemdosfisioterapeutas.pt\/pt\/instituicoes-de-ensino-em-fisioterapia\/\" aria-label=\"Leia mais sobre Institui\u00e7\u00f5es de Ensino em Fisioterapia\">Ler mais<\/a><\/p>\n","protected":false},"author":1,"featured_media":0,"parent":0,"menu_order":0,"comment_status":"closed","ping_status":"closed","template":"","meta":{"footnotes":""},"class_list":["post-419","page","type-page","status-publish"],"_links":{"self":[{"href":"https:\/\/ordemdosfisioterapeutas.pt\/pt\/wp-json\/wp\/v2\/pages\/419","targetHints":{"allow":["GET"]}}],"collection":[{"href":"https:\/\/ordemdosfisioterapeutas.pt\/pt\/wp-json\/wp\/v2\/pages"}],"about":[{"href":"https:\/\/ordemdosfisioterapeutas.pt\/pt\/wp-json\/wp\/v2\/types\/page"}],"author":[{"embeddable":true,"href":"https:\/\/ordemdosfisioterapeutas.pt\/pt\/wp-json\/wp\/v2\/users\/1"}],"replies":[{"embeddable":true,"href":"https:\/\/ordemdosfisioterapeutas.pt\/pt\/wp-json\/wp\/v2\/comments?post=419"}],"version-history":[{"count":15,"href":"https:\/\/ordemdosfisioterapeutas.pt\/pt\/wp-json\/wp\/v2\/pages\/419\/revisions"}],"predecessor-version":[{"id":12653,"href":"https:\/\/ordemdosfisioterapeutas.pt\/pt\/wp-json\/wp\/v2\/pages\/419\/revisions\/12653"}],"wp:attachment":[{"href":"https:\/\/ordemdosfisioterapeutas.pt\/pt\/wp-json\/wp\/v2\/media?parent=419"}],"curies":[{"name":"wp","href":"https:\/\/api.w.org\/{rel}","templated":true}]}}