{"id":3777,"date":"2022-01-15T15:33:31","date_gmt":"2022-01-15T15:33:31","guid":{"rendered":"https:\/\/ordemdosfisioterapeutas.pt\/?page_id=3777"},"modified":"2024-04-22T15:16:38","modified_gmt":"2024-04-22T14:16:38","slug":"direcao","status":"publish","type":"page","link":"https:\/\/ordemdosfisioterapeutas.pt\/pt\/direcao\/","title":{"rendered":"Dire\u00e7\u00e3o"},"content":{"rendered":"\t\t<div data-elementor-type=\"wp-page\" data-elementor-id=\"3777\" class=\"elementor elementor-3777\" data-elementor-post-type=\"page\">\n\t\t\t\t\t\t<section class=\"elementor-section elementor-top-section elementor-element elementor-element-0dcbed7 elementor-section-boxed elementor-section-height-default elementor-section-height-default\" data-id=\"0dcbed7\" data-element_type=\"section\" data-e-type=\"section\">\n\t\t\t\t\t\t<div class=\"elementor-container elementor-column-gap-default\">\n\t\t\t\t\t<div class=\"elementor-column elementor-col-33 elementor-top-column elementor-element elementor-element-d6c4da5\" data-id=\"d6c4da5\" data-element_type=\"column\" data-e-type=\"column\">\n\t\t\t<div class=\"elementor-widget-wrap\">\n\t\t\t\t\t\t\t<\/div>\n\t\t<\/div>\n\t\t\t\t<div class=\"elementor-column elementor-col-33 elementor-top-column elementor-element elementor-element-11189a7\" data-id=\"11189a7\" data-element_type=\"column\" data-e-type=\"column\">\n\t\t\t<div class=\"elementor-widget-wrap elementor-element-populated\">\n\t\t\t\t\t\t<div class=\"elementor-element elementor-element-0857bd4 elementor-position-top elementor-widget elementor-widget-image-box\" data-id=\"0857bd4\" data-element_type=\"widget\" data-e-type=\"widget\" data-widget_type=\"image-box.default\">\n\t\t\t\t<div class=\"elementor-widget-container\">\n\t\t\t\t\t<div class=\"elementor-image-box-wrapper\"><figure class=\"elementor-image-box-img\"><a href=\"https:\/\/ordemdosfisioterapeutas.pt\/wp-content\/uploads\/2022\/01\/AF_Antonio-Lopes.pdf\" target=\"_blank\" tabindex=\"-1\"><img fetchpriority=\"high\" decoding=\"async\" width=\"550\" height=\"383\" src=\"https:\/\/ordemdosfisioterapeutas.pt\/wp-content\/uploads\/2022\/01\/antonio-lopes.png\" class=\"attachment-full size-full wp-image-3765\" alt=\"Ant\u00f4nio Lopes\" srcset=\"https:\/\/ordemdosfisioterapeutas.pt\/wp-content\/uploads\/2022\/01\/antonio-lopes.png 550w, https:\/\/ordemdosfisioterapeutas.pt\/wp-content\/uploads\/2022\/01\/antonio-lopes-300x209.png 300w, https:\/\/ordemdosfisioterapeutas.pt\/wp-content\/uploads\/2022\/01\/antonio-lopes-18x12.png 18w\" sizes=\"(max-width: 550px) 100vw, 550px\" \/><\/a><\/figure><div class=\"elementor-image-box-content\"><h3 class=\"elementor-image-box-title\"><a href=\"https:\/\/ordemdosfisioterapeutas.pt\/wp-content\/uploads\/2022\/01\/AF_Antonio-Lopes.pdf\" target=\"_blank\">Ant\u00f3nio Lopes<\/a><\/h3><p class=\"elementor-image-box-description\">Baston\u00e1rio\n<br>\nC\u00e9dula n.\u00ba: 2  <\/p><\/div><\/div>\t\t\t\t<\/div>\n\t\t\t\t<\/div>\n\t\t\t\t\t<\/div>\n\t\t<\/div>\n\t\t\t\t<div class=\"elementor-column elementor-col-33 elementor-top-column elementor-element elementor-element-915d207\" data-id=\"915d207\" data-element_type=\"column\" data-e-type=\"column\">\n\t\t\t<div class=\"elementor-widget-wrap\">\n\t\t\t\t\t\t\t<\/div>\n\t\t<\/div>\n\t\t\t\t\t<\/div>\n\t\t<\/section>\n\t\t\t\t<section class=\"elementor-section elementor-top-section elementor-element elementor-element-aa92047 elementor-section-boxed elementor-section-height-default elementor-section-height-default\" data-id=\"aa92047\" data-element_type=\"section\" data-e-type=\"section\">\n\t\t\t\t\t\t<div class=\"elementor-container elementor-column-gap-default\">\n\t\t\t\t\t<div class=\"elementor-column elementor-col-25 elementor-top-column elementor-element elementor-element-0c3af8f\" data-id=\"0c3af8f\" data-element_type=\"column\" data-e-type=\"column\">\n\t\t\t<div class=\"elementor-widget-wrap\">\n\t\t\t\t\t\t\t<\/div>\n\t\t<\/div>\n\t\t\t\t<div class=\"elementor-column elementor-col-25 elementor-top-column elementor-element elementor-element-b94d1e3\" data-id=\"b94d1e3\" data-element_type=\"column\" data-e-type=\"column\">\n\t\t\t<div class=\"elementor-widget-wrap elementor-element-populated\">\n\t\t\t\t\t\t<div class=\"elementor-element elementor-element-bc402a3 elementor-position-top elementor-widget elementor-widget-image-box\" data-id=\"bc402a3\" data-element_type=\"widget\" data-e-type=\"widget\" data-widget_type=\"image-box.default\">\n\t\t\t\t<div class=\"elementor-widget-container\">\n\t\t\t\t\t<div class=\"elementor-image-box-wrapper\"><figure class=\"elementor-image-box-img\"><a href=\"https:\/\/ordemdosfisioterapeutas.pt\/wp-content\/uploads\/2022\/01\/AF_Nuno-Cordeiro.pdf\" target=\"_blank\" tabindex=\"-1\"><img decoding=\"async\" width=\"550\" height=\"383\" src=\"https:\/\/ordemdosfisioterapeutas.pt\/wp-content\/uploads\/2022\/01\/Nuno-Cordeiro.png\" class=\"attachment-full size-full wp-image-3781\" alt=\"Nuno Cordeiro\" srcset=\"https:\/\/ordemdosfisioterapeutas.pt\/wp-content\/uploads\/2022\/01\/Nuno-Cordeiro.png 550w, https:\/\/ordemdosfisioterapeutas.pt\/wp-content\/uploads\/2022\/01\/Nuno-Cordeiro-300x209.png 300w, https:\/\/ordemdosfisioterapeutas.pt\/wp-content\/uploads\/2022\/01\/Nuno-Cordeiro-18x12.png 18w\" sizes=\"(max-width: 550px) 100vw, 550px\" \/><\/a><\/figure><div class=\"elementor-image-box-content\"><h3 class=\"elementor-image-box-title\"><a href=\"https:\/\/ordemdosfisioterapeutas.pt\/wp-content\/uploads\/2022\/01\/AF_Nuno-Cordeiro.pdf\" target=\"_blank\">Nuno Cordeiro<\/a><\/h3><p class=\"elementor-image-box-description\">1\u00ba Vice-Presidente\n<br>\nC\u00e9dula n.\u00ba: 7<\/p><\/div><\/div>\t\t\t\t<\/div>\n\t\t\t\t<\/div>\n\t\t\t\t\t<\/div>\n\t\t<\/div>\n\t\t\t\t<div class=\"elementor-column elementor-col-25 elementor-top-column elementor-element elementor-element-a4d9fe2\" data-id=\"a4d9fe2\" data-element_type=\"column\" data-e-type=\"column\">\n\t\t\t<div class=\"elementor-widget-wrap elementor-element-populated\">\n\t\t\t\t\t\t<div class=\"elementor-element elementor-element-b46d09a elementor-position-top elementor-widget elementor-widget-image-box\" data-id=\"b46d09a\" data-element_type=\"widget\" data-e-type=\"widget\" data-widget_type=\"image-box.default\">\n\t\t\t\t<div class=\"elementor-widget-container\">\n\t\t\t\t\t<div class=\"elementor-image-box-wrapper\"><figure class=\"elementor-image-box-img\"><a href=\"https:\/\/ordemdosfisioterapeutas.pt\/wp-content\/uploads\/2022\/01\/AF_Conceic\u0327a\u0303o-Bettencourt.pdf\" target=\"_blank\" tabindex=\"-1\"><img decoding=\"async\" width=\"550\" height=\"383\" src=\"https:\/\/ordemdosfisioterapeutas.pt\/wp-content\/uploads\/2022\/01\/conceicao_bettencourt.png\" class=\"attachment-full size-full wp-image-3783\" alt=\"Concei\u00e7\u00e3o Bettencourt\" srcset=\"https:\/\/ordemdosfisioterapeutas.pt\/wp-content\/uploads\/2022\/01\/conceicao_bettencourt.png 550w, https:\/\/ordemdosfisioterapeutas.pt\/wp-content\/uploads\/2022\/01\/conceicao_bettencourt-300x209.png 300w, https:\/\/ordemdosfisioterapeutas.pt\/wp-content\/uploads\/2022\/01\/conceicao_bettencourt-18x12.png 18w\" sizes=\"(max-width: 550px) 100vw, 550px\" \/><\/a><\/figure><div class=\"elementor-image-box-content\"><h3 class=\"elementor-image-box-title\"><a href=\"https:\/\/ordemdosfisioterapeutas.pt\/wp-content\/uploads\/2022\/01\/AF_Conceic\u0327a\u0303o-Bettencourt.pdf\" target=\"_blank\">Concei\u00e7\u00e3o Bettencourt<\/a><\/h3><p class=\"elementor-image-box-description\">2\u00aa Vice-Presidente\n<br>\nC\u00e9dula n.\u00ba: 5<\/p><\/div><\/div>\t\t\t\t<\/div>\n\t\t\t\t<\/div>\n\t\t\t\t\t<\/div>\n\t\t<\/div>\n\t\t\t\t<div class=\"elementor-column elementor-col-25 elementor-top-column elementor-element elementor-element-b0695d5\" data-id=\"b0695d5\" data-element_type=\"column\" data-e-type=\"column\">\n\t\t\t<div class=\"elementor-widget-wrap\">\n\t\t\t\t\t\t\t<\/div>\n\t\t<\/div>\n\t\t\t\t\t<\/div>\n\t\t<\/section>\n\t\t\t\t<section class=\"elementor-section elementor-top-section elementor-element elementor-element-1e2a576 elementor-section-boxed elementor-section-height-default elementor-section-height-default\" data-id=\"1e2a576\" data-element_type=\"section\" data-e-type=\"section\">\n\t\t\t\t\t\t<div class=\"elementor-container elementor-column-gap-default\">\n\t\t\t\t\t<div class=\"elementor-column elementor-col-25 elementor-top-column elementor-element elementor-element-5de7a5f\" data-id=\"5de7a5f\" data-element_type=\"column\" data-e-type=\"column\">\n\t\t\t<div class=\"elementor-widget-wrap elementor-element-populated\">\n\t\t\t\t\t\t<div class=\"elementor-element elementor-element-9e32bc9 elementor-position-top elementor-widget elementor-widget-image-box\" data-id=\"9e32bc9\" data-element_type=\"widget\" data-e-type=\"widget\" data-widget_type=\"image-box.default\">\n\t\t\t\t<div class=\"elementor-widget-container\">\n\t\t\t\t\t<div class=\"elementor-image-box-wrapper\"><figure class=\"elementor-image-box-img\"><a href=\"https:\/\/ordemdosfisioterapeutas.pt\/wp-content\/uploads\/2022\/01\/AF_Pedro-Rebelo.pdf\" target=\"_blank\" tabindex=\"-1\"><img loading=\"lazy\" decoding=\"async\" width=\"550\" height=\"383\" src=\"https:\/\/ordemdosfisioterapeutas.pt\/wp-content\/uploads\/2022\/01\/pedro-rebelo.png\" class=\"attachment-full size-full wp-image-3787\" alt=\"Pedro Rebelo\" srcset=\"https:\/\/ordemdosfisioterapeutas.pt\/wp-content\/uploads\/2022\/01\/pedro-rebelo.png 550w, https:\/\/ordemdosfisioterapeutas.pt\/wp-content\/uploads\/2022\/01\/pedro-rebelo-300x209.png 300w, https:\/\/ordemdosfisioterapeutas.pt\/wp-content\/uploads\/2022\/01\/pedro-rebelo-18x12.png 18w\" sizes=\"(max-width: 550px) 100vw, 550px\" \/><\/a><\/figure><div class=\"elementor-image-box-content\"><h3 class=\"elementor-image-box-title\"><a href=\"https:\/\/ordemdosfisioterapeutas.pt\/wp-content\/uploads\/2022\/01\/AF_Pedro-Rebelo.pdf\" target=\"_blank\">Pedro Rebelo<\/a><\/h3><p class=\"elementor-image-box-description\">Vogal\n<br>\nC\u00e9dula n.\u00ba: 4<\/p><\/div><\/div>\t\t\t\t<\/div>\n\t\t\t\t<\/div>\n\t\t\t\t\t<\/div>\n\t\t<\/div>\n\t\t\t\t<div class=\"elementor-column elementor-col-25 elementor-top-column elementor-element elementor-element-b3f267e\" data-id=\"b3f267e\" data-element_type=\"column\" data-e-type=\"column\">\n\t\t\t<div class=\"elementor-widget-wrap elementor-element-populated\">\n\t\t\t\t\t\t<div class=\"elementor-element elementor-element-05767d5 elementor-position-top elementor-widget elementor-widget-image-box\" data-id=\"05767d5\" data-element_type=\"widget\" data-e-type=\"widget\" data-widget_type=\"image-box.default\">\n\t\t\t\t<div class=\"elementor-widget-container\">\n\t\t\t\t\t<div class=\"elementor-image-box-wrapper\"><figure class=\"elementor-image-box-img\"><a href=\"https:\/\/ordemdosfisioterapeutas.pt\/wp-content\/uploads\/2022\/01\/AF_Fatima-Domingues.pdf\" target=\"_blank\" tabindex=\"-1\"><img loading=\"lazy\" decoding=\"async\" width=\"550\" height=\"383\" src=\"https:\/\/ordemdosfisioterapeutas.pt\/wp-content\/uploads\/2022\/01\/fatima-domingues.png\" class=\"attachment-full size-full wp-image-3784\" alt=\"F\u00e1tima Domingues\" srcset=\"https:\/\/ordemdosfisioterapeutas.pt\/wp-content\/uploads\/2022\/01\/fatima-domingues.png 550w, https:\/\/ordemdosfisioterapeutas.pt\/wp-content\/uploads\/2022\/01\/fatima-domingues-300x209.png 300w, https:\/\/ordemdosfisioterapeutas.pt\/wp-content\/uploads\/2022\/01\/fatima-domingues-18x12.png 18w\" sizes=\"(max-width: 550px) 100vw, 550px\" \/><\/a><\/figure><div class=\"elementor-image-box-content\"><h3 class=\"elementor-image-box-title\"><a href=\"https:\/\/ordemdosfisioterapeutas.pt\/wp-content\/uploads\/2022\/01\/AF_Fatima-Domingues.pdf\" target=\"_blank\">F\u00e1tima Domingues<\/a><\/h3><p class=\"elementor-image-box-description\">Vogal\n<br>\nC\u00e9dula n.\u00ba: 1901<\/p><\/div><\/div>\t\t\t\t<\/div>\n\t\t\t\t<\/div>\n\t\t\t\t\t<\/div>\n\t\t<\/div>\n\t\t\t\t<div class=\"elementor-column elementor-col-25 elementor-top-column elementor-element elementor-element-afd98a8\" data-id=\"afd98a8\" data-element_type=\"column\" data-e-type=\"column\">\n\t\t\t<div class=\"elementor-widget-wrap elementor-element-populated\">\n\t\t\t\t\t\t<div class=\"elementor-element elementor-element-b8235c1 elementor-position-top elementor-widget elementor-widget-image-box\" data-id=\"b8235c1\" data-element_type=\"widget\" data-e-type=\"widget\" data-widget_type=\"image-box.default\">\n\t\t\t\t<div class=\"elementor-widget-container\">\n\t\t\t\t\t<div class=\"elementor-image-box-wrapper\"><figure class=\"elementor-image-box-img\"><a href=\"https:\/\/ordemdosfisioterapeutas.pt\/wp-content\/uploads\/2024\/04\/D8_OF_Carla-Pimenta.pdf\" target=\"_blank\" tabindex=\"-1\"><img loading=\"lazy\" decoding=\"async\" width=\"550\" height=\"383\" src=\"https:\/\/ordemdosfisioterapeutas.pt\/wp-content\/uploads\/2024\/04\/carla-pimenta_CV.jpg\" class=\"attachment-full size-full wp-image-7936\" alt=\"\" srcset=\"https:\/\/ordemdosfisioterapeutas.pt\/wp-content\/uploads\/2024\/04\/carla-pimenta_CV.jpg 550w, https:\/\/ordemdosfisioterapeutas.pt\/wp-content\/uploads\/2024\/04\/carla-pimenta_CV-300x209.jpg 300w, https:\/\/ordemdosfisioterapeutas.pt\/wp-content\/uploads\/2024\/04\/carla-pimenta_CV-18x12.jpg 18w\" sizes=\"(max-width: 550px) 100vw, 550px\" \/><\/a><\/figure><div class=\"elementor-image-box-content\"><h3 class=\"elementor-image-box-title\"><a href=\"https:\/\/ordemdosfisioterapeutas.pt\/wp-content\/uploads\/2024\/04\/D8_OF_Carla-Pimenta.pdf\" target=\"_blank\">Carla Pimenta<\/a><\/h3><p class=\"elementor-image-box-description\">Vogal\n<br>\nC\u00e9dula n.\u00ba: 279<\/p><\/div><\/div>\t\t\t\t<\/div>\n\t\t\t\t<\/div>\n\t\t\t\t\t<\/div>\n\t\t<\/div>\n\t\t\t\t<div class=\"elementor-column elementor-col-25 elementor-top-column elementor-element elementor-element-3c35ce4\" data-id=\"3c35ce4\" data-element_type=\"column\" data-e-type=\"column\">\n\t\t\t<div class=\"elementor-widget-wrap elementor-element-populated\">\n\t\t\t\t\t\t<div class=\"elementor-element elementor-element-9fdac4e elementor-position-top elementor-widget elementor-widget-image-box\" data-id=\"9fdac4e\" data-element_type=\"widget\" data-e-type=\"widget\" data-widget_type=\"image-box.default\">\n\t\t\t\t<div class=\"elementor-widget-container\">\n\t\t\t\t\t<div class=\"elementor-image-box-wrapper\"><figure class=\"elementor-image-box-img\"><a href=\"https:\/\/ordemdosfisioterapeutas.pt\/wp-content\/uploads\/2022\/01\/AF_Afonso-Neutel.pdf\" target=\"_blank\" tabindex=\"-1\"><img loading=\"lazy\" decoding=\"async\" width=\"550\" height=\"383\" src=\"https:\/\/ordemdosfisioterapeutas.pt\/wp-content\/uploads\/2022\/01\/afonso-neutel.png\" class=\"attachment-full size-full wp-image-3786\" alt=\"Afonso Neutel\" srcset=\"https:\/\/ordemdosfisioterapeutas.pt\/wp-content\/uploads\/2022\/01\/afonso-neutel.png 550w, https:\/\/ordemdosfisioterapeutas.pt\/wp-content\/uploads\/2022\/01\/afonso-neutel-300x209.png 300w, https:\/\/ordemdosfisioterapeutas.pt\/wp-content\/uploads\/2022\/01\/afonso-neutel-18x12.png 18w\" sizes=\"(max-width: 550px) 100vw, 550px\" \/><\/a><\/figure><div class=\"elementor-image-box-content\"><h3 class=\"elementor-image-box-title\"><a href=\"https:\/\/ordemdosfisioterapeutas.pt\/wp-content\/uploads\/2022\/01\/AF_Afonso-Neutel.pdf\" target=\"_blank\">Afonso Neutel<\/a><\/h3><p class=\"elementor-image-box-description\">Vogal\n<br>\nC\u00e9dula n.\u00ba: 8<\/p><\/div><\/div>\t\t\t\t<\/div>\n\t\t\t\t<\/div>\n\t\t\t\t\t<\/div>\n\t\t<\/div>\n\t\t\t\t\t<\/div>\n\t\t<\/section>\n\t\t\t\t<\/div>\n\t\t","protected":false},"excerpt":{"rendered":"<p>Ant\u00f3nio Lopes Baston\u00e1rio C\u00e9dula n.\u00ba: 2 Nuno Cordeiro 1\u00ba Vice-Presidente C\u00e9dula n.\u00ba: 7 Concei\u00e7\u00e3o Bettencourt 2\u00aa Vice-Presidente C\u00e9dula n.\u00ba: 5 Pedro Rebelo Vogal C\u00e9dula n.\u00ba: 4 F\u00e1tima Domingues Vogal C\u00e9dula n.\u00ba: 1901 Carla Pimenta Vogal C\u00e9dula n.\u00ba: 279 Afonso Neutel Vogal C\u00e9dula n.\u00ba: 8<\/p>\n","protected":false},"author":1,"featured_media":0,"parent":0,"menu_order":0,"comment_status":"closed","ping_status":"closed","template":"","meta":{"footnotes":""},"class_list":["post-3777","page","type-page","status-publish"],"_links":{"self":[{"href":"https:\/\/ordemdosfisioterapeutas.pt\/pt\/wp-json\/wp\/v2\/pages\/3777","targetHints":{"allow":["GET"]}}],"collection":[{"href":"https:\/\/ordemdosfisioterapeutas.pt\/pt\/wp-json\/wp\/v2\/pages"}],"about":[{"href":"https:\/\/ordemdosfisioterapeutas.pt\/pt\/wp-json\/wp\/v2\/types\/page"}],"author":[{"embeddable":true,"href":"https:\/\/ordemdosfisioterapeutas.pt\/pt\/wp-json\/wp\/v2\/users\/1"}],"replies":[{"embeddable":true,"href":"https:\/\/ordemdosfisioterapeutas.pt\/pt\/wp-json\/wp\/v2\/comments?post=3777"}],"version-history":[{"count":0,"href":"https:\/\/ordemdosfisioterapeutas.pt\/pt\/wp-json\/wp\/v2\/pages\/3777\/revisions"}],"wp:attachment":[{"href":"https:\/\/ordemdosfisioterapeutas.pt\/pt\/wp-json\/wp\/v2\/media?parent=3777"}],"curies":[{"name":"wp","href":"https:\/\/api.w.org\/{rel}","templated":true}]}}