{"id":3763,"date":"2022-01-15T15:07:50","date_gmt":"2022-01-15T15:07:50","guid":{"rendered":"https:\/\/ordemdosfisioterapeutas.pt\/?page_id=3763"},"modified":"2024-11-12T16:00:42","modified_gmt":"2024-11-12T16:00:42","slug":"mensagem-do-bastonario","status":"publish","type":"page","link":"https:\/\/ordemdosfisioterapeutas.pt\/pt\/mensagem-do-bastonario\/","title":{"rendered":"Mensagem do Baston\u00e1rio"},"content":{"rendered":"\t\t<div data-elementor-type=\"wp-page\" data-elementor-id=\"3763\" class=\"elementor elementor-3763\" data-elementor-post-type=\"page\">\n\t\t\t\t\t\t<section class=\"elementor-section elementor-top-section elementor-element elementor-element-6e61d33 elementor-section-boxed elementor-section-height-default elementor-section-height-default\" data-id=\"6e61d33\" data-element_type=\"section\" data-e-type=\"section\">\n\t\t\t\t\t\t<div class=\"elementor-container elementor-column-gap-default\">\n\t\t\t\t\t<div class=\"elementor-column elementor-col-50 elementor-top-column elementor-element elementor-element-e2f65e9\" data-id=\"e2f65e9\" data-element_type=\"column\" data-e-type=\"column\">\n\t\t\t<div class=\"elementor-widget-wrap elementor-element-populated\">\n\t\t\t\t\t\t<div class=\"elementor-element elementor-element-8cc0c92 elementor-widget elementor-widget-image\" data-id=\"8cc0c92\" data-element_type=\"widget\" data-e-type=\"widget\" data-widget_type=\"image.default\">\n\t\t\t\t<div class=\"elementor-widget-container\">\n\t\t\t\t\t\t\t\t\t\t\t\t\t\t\t<img fetchpriority=\"high\" decoding=\"async\" width=\"550\" height=\"383\" src=\"https:\/\/ordemdosfisioterapeutas.pt\/wp-content\/uploads\/2022\/01\/antonio-lopes.png\" class=\"attachment-full size-full wp-image-3765\" alt=\"Ant\u00f4nio Lopes\" srcset=\"https:\/\/ordemdosfisioterapeutas.pt\/wp-content\/uploads\/2022\/01\/antonio-lopes.png 550w, https:\/\/ordemdosfisioterapeutas.pt\/wp-content\/uploads\/2022\/01\/antonio-lopes-300x209.png 300w, https:\/\/ordemdosfisioterapeutas.pt\/wp-content\/uploads\/2022\/01\/antonio-lopes-18x12.png 18w\" sizes=\"(max-width: 550px) 100vw, 550px\" \/>\t\t\t\t\t\t\t\t\t\t\t\t\t\t\t<\/div>\n\t\t\t\t<\/div>\n\t\t\t\t\t<\/div>\n\t\t<\/div>\n\t\t\t\t<div class=\"elementor-column elementor-col-50 elementor-top-column elementor-element elementor-element-4ee0f98\" data-id=\"4ee0f98\" data-element_type=\"column\" data-e-type=\"column\">\n\t\t\t<div class=\"elementor-widget-wrap elementor-element-populated\">\n\t\t\t\t\t\t<div class=\"elementor-element elementor-element-f0ccdca elementor-widget elementor-widget-text-editor\" data-id=\"f0ccdca\" data-element_type=\"widget\" data-e-type=\"widget\" data-widget_type=\"text-editor.default\">\n\t\t\t\t<div class=\"elementor-widget-container\">\n\t\t\t\t\t\t\t\t\t<p>A Ordem dos Fisioterapeutas comemorou recentemente o 5\u00ba anivers\u00e1rio da sua cria\u00e7\u00e3o. Foram tempos de grande exig\u00eancia e de importantes resultados!<\/p><p>Foi e \u00e9, minha convic\u00e7\u00e3o, enquanto\u00a0Baston\u00e1rio\u00a0de todos os\u00a0Fisioterapeutas cumprir e fazer cumprir o compromisso que assumi.<\/p><p>Ap\u00f3s os primeiros anos da fase de instala\u00e7\u00e3o que permitiu a realiza\u00e7\u00e3o das primeiras elei\u00e7\u00f5es, a posse dos \u00f3rg\u00e3os eleitos, no final de 2021, e o in\u00edcio da constru\u00e7\u00e3o do edif\u00edcio jur\u00eddico enquadrador da nossa atividade, \u00e9 tempo de expressar o papel e interven\u00e7\u00e3o da profiss\u00e3o de Fisioterapeuta, na promo\u00e7\u00e3o da sa\u00fade e preven\u00e7\u00e3o da doen\u00e7a, para al\u00e9m, do seu papel na reabilita\u00e7\u00e3o.<\/p><p>Com efeito, a altera\u00e7\u00e3o estatut\u00e1ria confirmou o papel social da Ordem, na defesa dos cidad\u00e3os, em prol da sa\u00fade p\u00fablica, reconhecendo a reserva de t\u00edtulo, onde, numa intera\u00e7\u00e3o multidisciplinar \u00a0com outras profiss\u00f5es, a interven\u00e7\u00e3o do Fisioterapeuta \u00e9 cada vez mais reconhecida, quer no \u00e2mbito do SNS, do Sistema de Sa\u00fade e para dele na sua perspetiva de uma das profiss\u00f5es de sa\u00fade mais vocacionadas para a perspetiva privada da atividade, identifica, garante e privilegia o contacto e refer\u00eancia direta com os doentes.<\/p><p>Os Fisioterapeutas viram reconhecida pelo poder pol\u00edtico a sua preocupa\u00e7\u00e3o pela sociedade civil e com\u00a0a sa\u00fade dos portugueses e com o seu pr\u00f3prio futuro.<\/p><p>A qualidade da presta\u00e7\u00e3o de cuidados de Fisioterapia \u00e9, h\u00e1 muito, um desafio e uma certeza para todos n\u00f3s, Fisioterapeutas, n\u00e3o se ignorando nesse desiderato a relev\u00e2ncia social, pol\u00edtica e institucional que a Ordem representa.<\/p><p>Continuaremos a trabalhar na defesa dos cidad\u00e3os, atrav\u00e9s da afirma\u00e7\u00e3o da Fisioterapia enquanto disciplina cient\u00edfica aut\u00f3noma, e profiss\u00e3o autorregulada. Prosseguiremos na defesa do t\u00edtulo profissional de Fisioterapeuta e do seu contributo espec\u00edfico para a promo\u00e7\u00e3o da sa\u00fade e da qualidade e seguran\u00e7a dos cuidados de sa\u00fade prestados, nos v\u00e1rios n\u00edveis e contextos.<\/p><p>Estamos seguros do apoio de todos os Fisioterapeutas para, complementarmente, continuarem a trabalhar com a responsabilidade de garantir os mais altos padr\u00f5es de \u00e9tica e qualidade, na defesa e prote\u00e7\u00e3o dos direitos de cada cidad\u00e3o que procura os cuidados dos Fisioterapeutas.<\/p><p>A nossa miss\u00e3o tem sido, e continuar\u00e1 a ser, um trabalho de equipa, em que cada um de n\u00f3s contribui com o seu conhecimento, esfor\u00e7o e dedica\u00e7\u00e3o, na defesa da sa\u00fade p\u00fablica e maior reconhecimento da sua atividade social.<\/p><p>O contributo individual, no dia a dia, de cada Fisioterapeuta \u00e9 decisivo e insubstitu\u00edvel!<\/p><p>Estou certo de que poderei contar, como sempre, com esse empenhamento para que, com os olhos postos no interesse dos cidad\u00e3os, a nossa profiss\u00e3o possa continuar a ser elevada.<\/p><p><strong>Ant\u00f3nio Lopes<br \/><\/strong>Baston\u00e1rio<\/p>\t\t\t\t\t\t\t\t<\/div>\n\t\t\t\t<\/div>\n\t\t\t\t\t<\/div>\n\t\t<\/div>\n\t\t\t\t\t<\/div>\n\t\t<\/section>\n\t\t\t\t<\/div>\n\t\t","protected":false},"excerpt":{"rendered":"<p>A Ordem dos Fisioterapeutas comemorou recentemente o 5\u00ba anivers\u00e1rio da sua cria\u00e7\u00e3o. Foram tempos de grande exig\u00eancia e de importantes resultados! Foi e \u00e9, minha convic\u00e7\u00e3o, enquanto\u00a0Baston\u00e1rio\u00a0de todos os\u00a0Fisioterapeutas cumprir e fazer cumprir o compromisso que assumi. Ap\u00f3s os primeiros anos da fase de instala\u00e7\u00e3o que permitiu a realiza\u00e7\u00e3o das primeiras elei\u00e7\u00f5es, a posse dos &#8230; <a title=\"Mensagem do Baston\u00e1rio\" class=\"read-more\" href=\"https:\/\/ordemdosfisioterapeutas.pt\/pt\/mensagem-do-bastonario\/\" aria-label=\"Leia mais sobre Mensagem do Baston\u00e1rio\">Ler mais<\/a><\/p>\n","protected":false},"author":1,"featured_media":0,"parent":0,"menu_order":0,"comment_status":"closed","ping_status":"closed","template":"","meta":{"footnotes":""},"class_list":["post-3763","page","type-page","status-publish"],"_links":{"self":[{"href":"https:\/\/ordemdosfisioterapeutas.pt\/pt\/wp-json\/wp\/v2\/pages\/3763","targetHints":{"allow":["GET"]}}],"collection":[{"href":"https:\/\/ordemdosfisioterapeutas.pt\/pt\/wp-json\/wp\/v2\/pages"}],"about":[{"href":"https:\/\/ordemdosfisioterapeutas.pt\/pt\/wp-json\/wp\/v2\/types\/page"}],"author":[{"embeddable":true,"href":"https:\/\/ordemdosfisioterapeutas.pt\/pt\/wp-json\/wp\/v2\/users\/1"}],"replies":[{"embeddable":true,"href":"https:\/\/ordemdosfisioterapeutas.pt\/pt\/wp-json\/wp\/v2\/comments?post=3763"}],"version-history":[{"count":0,"href":"https:\/\/ordemdosfisioterapeutas.pt\/pt\/wp-json\/wp\/v2\/pages\/3763\/revisions"}],"wp:attachment":[{"href":"https:\/\/ordemdosfisioterapeutas.pt\/pt\/wp-json\/wp\/v2\/media?parent=3763"}],"curies":[{"name":"wp","href":"https:\/\/api.w.org\/{rel}","templated":true}]}}