{"id":346,"date":"2020-09-29T20:22:18","date_gmt":"2020-09-29T20:22:18","guid":{"rendered":"https:\/\/ordemdosfisioterapeutas.pt\/?page_id=346"},"modified":"2021-05-19T11:00:16","modified_gmt":"2021-05-19T10:00:16","slug":"comissao-instaladora","status":"publish","type":"page","link":"https:\/\/ordemdosfisioterapeutas.pt\/pt\/comissao-instaladora\/","title":{"rendered":"Comiss\u00e3o Instaladora"},"content":{"rendered":"\t\t<div data-elementor-type=\"wp-page\" data-elementor-id=\"346\" class=\"elementor elementor-346\" data-elementor-post-type=\"page\">\n\t\t\t\t\t\t<section class=\"elementor-section elementor-top-section elementor-element elementor-element-65578adf elementor-section-boxed elementor-section-height-default elementor-section-height-default\" data-id=\"65578adf\" data-element_type=\"section\" data-e-type=\"section\">\n\t\t\t\t\t\t<div class=\"elementor-container elementor-column-gap-default\">\n\t\t\t\t\t<div class=\"elementor-column elementor-col-100 elementor-top-column elementor-element elementor-element-268966b3\" data-id=\"268966b3\" data-element_type=\"column\" data-e-type=\"column\">\n\t\t\t<div class=\"elementor-widget-wrap elementor-element-populated\">\n\t\t\t\t\t\t<div class=\"elementor-element elementor-element-dad7c97 elementor-widget elementor-widget-text-editor\" data-id=\"dad7c97\" data-element_type=\"widget\" data-e-type=\"widget\" data-widget_type=\"text-editor.default\">\n\t\t\t\t<div class=\"elementor-widget-container\">\n\t\t\t\t\t\t\t\t\t<p>Atualmente, a Ordem dos Fisioterapeutas \u00e9 gerida pela Comiss\u00e3o Instaladora, nomeada a 17.12.2019, e composta por:<\/p>\t\t\t\t\t\t\t\t<\/div>\n\t\t\t\t<\/div>\n\t\t\t\t<section class=\"elementor-section elementor-inner-section elementor-element elementor-element-3707da7 elementor-section-boxed elementor-section-height-default elementor-section-height-default\" data-id=\"3707da7\" data-element_type=\"section\" data-e-type=\"section\">\n\t\t\t\t\t\t<div class=\"elementor-container elementor-column-gap-default\">\n\t\t\t\t\t<div class=\"elementor-column elementor-col-50 elementor-inner-column elementor-element elementor-element-b489a3d\" data-id=\"b489a3d\" data-element_type=\"column\" data-e-type=\"column\">\n\t\t\t<div class=\"elementor-widget-wrap elementor-element-populated\">\n\t\t\t\t\t\t<div class=\"elementor-element elementor-element-92f2018 elementor-widget elementor-widget-image\" data-id=\"92f2018\" data-element_type=\"widget\" data-e-type=\"widget\" data-widget_type=\"image.default\">\n\t\t\t\t<div class=\"elementor-widget-container\">\n\t\t\t\t\t\t\t\t\t\t\t\t\t\t\t<img fetchpriority=\"high\" decoding=\"async\" width=\"683\" height=\"1024\" src=\"https:\/\/ordemdosfisioterapeutas.pt\/wp-content\/uploads\/2020\/10\/isabel-souza-guerra-683x1024.jpg\" class=\"attachment-large size-large wp-image-1057\" alt=\"Isabel de Souza Guerra\" srcset=\"https:\/\/ordemdosfisioterapeutas.pt\/wp-content\/uploads\/2020\/10\/isabel-souza-guerra-683x1024.jpg 683w, https:\/\/ordemdosfisioterapeutas.pt\/wp-content\/uploads\/2020\/10\/isabel-souza-guerra-200x300.jpg 200w, https:\/\/ordemdosfisioterapeutas.pt\/wp-content\/uploads\/2020\/10\/isabel-souza-guerra-768x1152.jpg 768w, https:\/\/ordemdosfisioterapeutas.pt\/wp-content\/uploads\/2020\/10\/isabel-souza-guerra.jpg 1000w\" sizes=\"(max-width: 683px) 100vw, 683px\" \/>\t\t\t\t\t\t\t\t\t\t\t\t\t\t\t<\/div>\n\t\t\t\t<\/div>\n\t\t\t\t\t<\/div>\n\t\t<\/div>\n\t\t\t\t<div class=\"elementor-column elementor-col-50 elementor-inner-column elementor-element elementor-element-b9396fb\" data-id=\"b9396fb\" data-element_type=\"column\" data-e-type=\"column\">\n\t\t\t<div class=\"elementor-widget-wrap elementor-element-populated\">\n\t\t\t\t\t\t<div class=\"elementor-element elementor-element-e122c07 elementor-widget elementor-widget-text-editor\" data-id=\"e122c07\" data-element_type=\"widget\" data-e-type=\"widget\" data-widget_type=\"text-editor.default\">\n\t\t\t\t<div class=\"elementor-widget-container\">\n\t\t\t\t\t\t\t\t\t<p><b>Isabel de Souza Guerra<\/b> (presidente) \u2013 Fisioterapeuta, Mestre em Gest\u00e3o dos Servi\u00e7os de Sa\u00fade, Docente e coordenadora do Ramo de Sa\u00fade da Mulher do mestrado em fisioterapia da Escola Superior de Sa\u00fade do Alcoit\u00e3o.<br \/>Foi presidente da Associa\u00e7\u00e3o Portuguesa de Fisioterapeutas (APFisio) de 1996 a 2016 e Presidente da Comiss\u00e3o Pr\u00f3-ordem da APFisio de 2016 at\u00e9 ao momento da aprova\u00e7\u00e3o da Ordem dos Fisioterapeuta (2019). Foi fisioterapeuta directora do Hospital de Egas Moniz.<\/p>\t\t\t\t\t\t\t\t<\/div>\n\t\t\t\t<\/div>\n\t\t\t\t\t<\/div>\n\t\t<\/div>\n\t\t\t\t\t<\/div>\n\t\t<\/section>\n\t\t\t\t<section class=\"elementor-section elementor-inner-section elementor-element elementor-element-a4357cb elementor-section-boxed elementor-section-height-default elementor-section-height-default\" data-id=\"a4357cb\" data-element_type=\"section\" data-e-type=\"section\">\n\t\t\t\t\t\t<div class=\"elementor-container elementor-column-gap-default\">\n\t\t\t\t\t<div class=\"elementor-column elementor-col-50 elementor-inner-column elementor-element elementor-element-8dfee1b\" data-id=\"8dfee1b\" data-element_type=\"column\" data-e-type=\"column\">\n\t\t\t<div class=\"elementor-widget-wrap elementor-element-populated\">\n\t\t\t\t\t\t<div class=\"elementor-element elementor-element-8697479 elementor-widget elementor-widget-image\" data-id=\"8697479\" data-element_type=\"widget\" data-e-type=\"widget\" data-widget_type=\"image.default\">\n\t\t\t\t<div class=\"elementor-widget-container\">\n\t\t\t\t\t\t\t\t\t\t\t\t\t\t\t<img decoding=\"async\" width=\"683\" height=\"1024\" src=\"https:\/\/ordemdosfisioterapeutas.pt\/wp-content\/uploads\/2020\/10\/antonio-lopes-683x1024.jpg\" class=\"attachment-large size-large wp-image-1058\" alt=\"Ant\u00f3nio Manuel Fernandes\u00a0Lopes\" srcset=\"https:\/\/ordemdosfisioterapeutas.pt\/wp-content\/uploads\/2020\/10\/antonio-lopes-683x1024.jpg 683w, https:\/\/ordemdosfisioterapeutas.pt\/wp-content\/uploads\/2020\/10\/antonio-lopes-200x300.jpg 200w, https:\/\/ordemdosfisioterapeutas.pt\/wp-content\/uploads\/2020\/10\/antonio-lopes-768x1152.jpg 768w, https:\/\/ordemdosfisioterapeutas.pt\/wp-content\/uploads\/2020\/10\/antonio-lopes.jpg 1000w\" sizes=\"(max-width: 683px) 100vw, 683px\" \/>\t\t\t\t\t\t\t\t\t\t\t\t\t\t\t<\/div>\n\t\t\t\t<\/div>\n\t\t\t\t\t<\/div>\n\t\t<\/div>\n\t\t\t\t<div class=\"elementor-column elementor-col-50 elementor-inner-column elementor-element elementor-element-26ab73f\" data-id=\"26ab73f\" data-element_type=\"column\" data-e-type=\"column\">\n\t\t\t<div class=\"elementor-widget-wrap elementor-element-populated\">\n\t\t\t\t\t\t<div class=\"elementor-element elementor-element-9e8faeb elementor-widget elementor-widget-text-editor\" data-id=\"9e8faeb\" data-element_type=\"widget\" data-e-type=\"widget\" data-widget_type=\"text-editor.default\">\n\t\t\t\t<div class=\"elementor-widget-container\">\n\t\t\t\t\t\t\t\t\t<p><strong>Ant\u00f3nio Manuel Fernandes Lopes<\/strong> \u2013 Fisioterapeuta, com o T\u00edtulo de Especialista em Fisioterapia pelos Institutos Polit\u00e9cnicos de Lisboa, Porto e Coimbra.<br \/>Psic\u00f3logo, Mestre em Ci\u00eancias da Educa\u00e7\u00e3o. Professor Coordenador, na Escola Superior de Sa\u00fade do Alcoit\u00e3o, da qual foi Subdiretor, Presidente do Conselho Pedag\u00f3gico e Coordenador do Departamento de Fisioterapia, e dos curso de licenciatura e de mestrado.<br \/>Foi um dos fundadores da Comiss\u00e3o Reformuladora da Associa\u00e7\u00e3o Portuguesa de Fisioterapeutas (APFisio), em 1974, tendo exercido v\u00e1rios cargos, e acompanhado de perto o desenvolvimento da associa\u00e7\u00e3o.<br \/>Foi Vice-Presidente do Conselho Diretivo Nacional da APFisio de 1996 a 2016 e Vice-Presidente da Comiss\u00e3o Pr\u00f3-ordem da APFisio. Representou a APFisio em m\u00faltiplas reuni\u00f5es internacionais desde 1977, foi Vice-Presidente do Comit\u00e9 Permanente de Liga\u00e7\u00e3o dos Fisioterapeutas da CEE (SLCP) entre 1991 e 1998, e foi Presidente da Regi\u00e3o Europeia da Confedera\u00e7\u00e3o Mundial de Fisioterapia (ER-WCPT) entre 1998 e 2010.<br \/>Foi galardoado com o International Service Award da WCPT em 2011.<\/p>\t\t\t\t\t\t\t\t<\/div>\n\t\t\t\t<\/div>\n\t\t\t\t\t<\/div>\n\t\t<\/div>\n\t\t\t\t\t<\/div>\n\t\t<\/section>\n\t\t\t\t<section class=\"elementor-section elementor-inner-section elementor-element elementor-element-affb404 elementor-section-boxed elementor-section-height-default elementor-section-height-default\" data-id=\"affb404\" data-element_type=\"section\" data-e-type=\"section\">\n\t\t\t\t\t\t<div class=\"elementor-container elementor-column-gap-default\">\n\t\t\t\t\t<div class=\"elementor-column elementor-col-50 elementor-inner-column elementor-element elementor-element-11c018b\" data-id=\"11c018b\" data-element_type=\"column\" data-e-type=\"column\">\n\t\t\t<div class=\"elementor-widget-wrap elementor-element-populated\">\n\t\t\t\t\t\t<div class=\"elementor-element elementor-element-7ec64f8 elementor-widget elementor-widget-image\" data-id=\"7ec64f8\" data-element_type=\"widget\" data-e-type=\"widget\" data-widget_type=\"image.default\">\n\t\t\t\t<div class=\"elementor-widget-container\">\n\t\t\t\t\t\t\t\t\t\t\t\t\t\t\t<img decoding=\"async\" width=\"682\" height=\"1024\" src=\"https:\/\/ordemdosfisioterapeutas.pt\/wp-content\/uploads\/2020\/10\/pedro-rebelo-682x1024.jpg\" class=\"attachment-large size-large wp-image-1059\" alt=\"Ant\u00f3nio Manuel Fernandes\u00a0Lopes\" srcset=\"https:\/\/ordemdosfisioterapeutas.pt\/wp-content\/uploads\/2020\/10\/pedro-rebelo-682x1024.jpg 682w, https:\/\/ordemdosfisioterapeutas.pt\/wp-content\/uploads\/2020\/10\/pedro-rebelo-200x300.jpg 200w, https:\/\/ordemdosfisioterapeutas.pt\/wp-content\/uploads\/2020\/10\/pedro-rebelo-768x1153.jpg 768w, https:\/\/ordemdosfisioterapeutas.pt\/wp-content\/uploads\/2020\/10\/pedro-rebelo.jpg 999w\" sizes=\"(max-width: 682px) 100vw, 682px\" \/>\t\t\t\t\t\t\t\t\t\t\t\t\t\t\t<\/div>\n\t\t\t\t<\/div>\n\t\t\t\t\t<\/div>\n\t\t<\/div>\n\t\t\t\t<div class=\"elementor-column elementor-col-50 elementor-inner-column elementor-element elementor-element-1712b1e\" data-id=\"1712b1e\" data-element_type=\"column\" data-e-type=\"column\">\n\t\t\t<div class=\"elementor-widget-wrap elementor-element-populated\">\n\t\t\t\t\t\t<div class=\"elementor-element elementor-element-a0d3ed8 elementor-widget elementor-widget-text-editor\" data-id=\"a0d3ed8\" data-element_type=\"widget\" data-e-type=\"widget\" data-widget_type=\"text-editor.default\">\n\t\t\t\t<div class=\"elementor-widget-container\">\n\t\t\t\t\t\t\t\t\t<p><strong>Pedro Jorge Lapa Rebelo<\/strong> \u2013 Fisioterapeuta, T\u00edtulo de Especialista em Fisioterapia pelos Institutos Polit\u00e9cnicos de Lisboa, Porto e Coimbra.<br \/>Mestre em Comunica\u00e7\u00e3o em Sa\u00fade, Doutorando em Fisioterapia.<br \/>Diretor do Curso de Fisioterapia da Escola Superior de Tecnologia de Lisboa (2010-2020).<br \/>Vogal da dire\u00e7\u00e3o da Associa\u00e7\u00e3o Portuguesa de Fisioterapeutas de 2004 a 2016; vice-presidente da Associa\u00e7\u00e3o Portuguesa de Fisioterapeutas (APFISIO) de 2016 a 2019 e Presidente da APFISIO de 2019 a Jan 2020.<\/p>\t\t\t\t\t\t\t\t<\/div>\n\t\t\t\t<\/div>\n\t\t\t\t\t<\/div>\n\t\t<\/div>\n\t\t\t\t\t<\/div>\n\t\t<\/section>\n\t\t\t\t<section class=\"elementor-section elementor-inner-section elementor-element elementor-element-b432e6b elementor-section-boxed elementor-section-height-default elementor-section-height-default\" data-id=\"b432e6b\" data-element_type=\"section\" data-e-type=\"section\">\n\t\t\t\t\t\t<div class=\"elementor-container elementor-column-gap-default\">\n\t\t\t\t\t<div class=\"elementor-column elementor-col-50 elementor-inner-column elementor-element elementor-element-b16295a\" data-id=\"b16295a\" data-element_type=\"column\" data-e-type=\"column\">\n\t\t\t<div class=\"elementor-widget-wrap elementor-element-populated\">\n\t\t\t\t\t\t<div class=\"elementor-element elementor-element-3dd060f elementor-widget elementor-widget-image\" data-id=\"3dd060f\" data-element_type=\"widget\" data-e-type=\"widget\" data-widget_type=\"image.default\">\n\t\t\t\t<div class=\"elementor-widget-container\">\n\t\t\t\t\t\t\t\t\t\t\t\t\t\t\t<img loading=\"lazy\" decoding=\"async\" width=\"683\" height=\"1024\" src=\"https:\/\/ordemdosfisioterapeutas.pt\/wp-content\/uploads\/2020\/10\/olimpio-pereira-683x1024.jpg\" class=\"attachment-large size-large wp-image-1060\" alt=\"Ol\u00edmpio Pereira\" srcset=\"https:\/\/ordemdosfisioterapeutas.pt\/wp-content\/uploads\/2020\/10\/olimpio-pereira-683x1024.jpg 683w, https:\/\/ordemdosfisioterapeutas.pt\/wp-content\/uploads\/2020\/10\/olimpio-pereira-200x300.jpg 200w, https:\/\/ordemdosfisioterapeutas.pt\/wp-content\/uploads\/2020\/10\/olimpio-pereira-768x1152.jpg 768w, https:\/\/ordemdosfisioterapeutas.pt\/wp-content\/uploads\/2020\/10\/olimpio-pereira.jpg 1000w\" sizes=\"(max-width: 683px) 100vw, 683px\" \/>\t\t\t\t\t\t\t\t\t\t\t\t\t\t\t<\/div>\n\t\t\t\t<\/div>\n\t\t\t\t\t<\/div>\n\t\t<\/div>\n\t\t\t\t<div class=\"elementor-column elementor-col-50 elementor-inner-column elementor-element elementor-element-36d796a\" data-id=\"36d796a\" data-element_type=\"column\" data-e-type=\"column\">\n\t\t\t<div class=\"elementor-widget-wrap elementor-element-populated\">\n\t\t\t\t\t\t<div class=\"elementor-element elementor-element-7df5157 elementor-widget elementor-widget-text-editor\" data-id=\"7df5157\" data-element_type=\"widget\" data-e-type=\"widget\" data-widget_type=\"text-editor.default\">\n\t\t\t\t<div class=\"elementor-widget-container\">\n\t\t\t\t\t\t\t\t\t<p><strong>Ol\u00edmpio Pereira<\/strong> \u2013 Fisioterapeuta \u2013 s\u00f3cio gerente da Cl\u00ednica de Fisioterapia \u201cFisio-Roma\u201d.<br \/>Consultor na \u00e1rea da fisioterapia na companhia de seguros Allianz.<br \/>Membro da SPAT.<br \/>Membro da ESSKA.<\/p>\t\t\t\t\t\t\t\t<\/div>\n\t\t\t\t<\/div>\n\t\t\t\t\t<\/div>\n\t\t<\/div>\n\t\t\t\t\t<\/div>\n\t\t<\/section>\n\t\t\t\t<section class=\"elementor-section elementor-inner-section elementor-element elementor-element-a81e4db elementor-section-boxed elementor-section-height-default elementor-section-height-default\" data-id=\"a81e4db\" data-element_type=\"section\" data-e-type=\"section\">\n\t\t\t\t\t\t<div class=\"elementor-container elementor-column-gap-default\">\n\t\t\t\t\t<div class=\"elementor-column elementor-col-50 elementor-inner-column elementor-element elementor-element-451a594\" data-id=\"451a594\" data-element_type=\"column\" data-e-type=\"column\">\n\t\t\t<div class=\"elementor-widget-wrap elementor-element-populated\">\n\t\t\t\t\t\t<div class=\"elementor-element elementor-element-3dffc92 elementor-widget elementor-widget-image\" data-id=\"3dffc92\" data-element_type=\"widget\" data-e-type=\"widget\" data-widget_type=\"image.default\">\n\t\t\t\t<div class=\"elementor-widget-container\">\n\t\t\t\t\t\t\t\t\t\t\t\t\t\t\t<img loading=\"lazy\" decoding=\"async\" width=\"683\" height=\"1024\" src=\"https:\/\/ordemdosfisioterapeutas.pt\/wp-content\/uploads\/2020\/10\/maria-conceicao-bettencourt-683x1024.jpg\" class=\"attachment-large size-large wp-image-1061\" alt=\"Maria da Concei\u00e7\u00e3o Bettencourt\" srcset=\"https:\/\/ordemdosfisioterapeutas.pt\/wp-content\/uploads\/2020\/10\/maria-conceicao-bettencourt-683x1024.jpg 683w, https:\/\/ordemdosfisioterapeutas.pt\/wp-content\/uploads\/2020\/10\/maria-conceicao-bettencourt-200x300.jpg 200w, https:\/\/ordemdosfisioterapeutas.pt\/wp-content\/uploads\/2020\/10\/maria-conceicao-bettencourt-768x1152.jpg 768w, https:\/\/ordemdosfisioterapeutas.pt\/wp-content\/uploads\/2020\/10\/maria-conceicao-bettencourt.jpg 1000w\" sizes=\"(max-width: 683px) 100vw, 683px\" \/>\t\t\t\t\t\t\t\t\t\t\t\t\t\t\t<\/div>\n\t\t\t\t<\/div>\n\t\t\t\t\t<\/div>\n\t\t<\/div>\n\t\t\t\t<div class=\"elementor-column elementor-col-50 elementor-inner-column elementor-element elementor-element-524b74d\" data-id=\"524b74d\" data-element_type=\"column\" data-e-type=\"column\">\n\t\t\t<div class=\"elementor-widget-wrap elementor-element-populated\">\n\t\t\t\t\t\t<div class=\"elementor-element elementor-element-b57244f elementor-widget elementor-widget-text-editor\" data-id=\"b57244f\" data-element_type=\"widget\" data-e-type=\"widget\" data-widget_type=\"text-editor.default\">\n\t\t\t\t<div class=\"elementor-widget-container\">\n\t\t\t\t\t\t\t\t\t<p><strong>Maria da Concei\u00e7\u00e3o Bettencourt<\/strong> \u2013 Fisioterapeuta, P\u00f3s gradua\u00e7\u00e3o em Gest\u00e3o dos Servi\u00e7os de Sa\u00fade. \u00c9 coordenadora do Gabinete de Gest\u00e3o de Programas da Qualidade do Centro Hospitalar Universit\u00e1rio de Lisboa Central. Foi vogal da dire\u00e7\u00e3o da APFisio de 1996 a 2013.<\/p>\t\t\t\t\t\t\t\t<\/div>\n\t\t\t\t<\/div>\n\t\t\t\t\t<\/div>\n\t\t<\/div>\n\t\t\t\t\t<\/div>\n\t\t<\/section>\n\t\t\t\t\t<\/div>\n\t\t<\/div>\n\t\t\t\t\t<\/div>\n\t\t<\/section>\n\t\t\t\t<\/div>\n\t\t","protected":false},"excerpt":{"rendered":"<p>Atualmente, a Ordem dos Fisioterapeutas \u00e9 gerida pela Comiss\u00e3o Instaladora, nomeada a 17.12.2019, e composta por: Isabel de Souza Guerra (presidente) \u2013 Fisioterapeuta, Mestre em Gest\u00e3o dos Servi\u00e7os de Sa\u00fade, Docente e coordenadora do Ramo de Sa\u00fade da Mulher do mestrado em fisioterapia da Escola Superior de Sa\u00fade do Alcoit\u00e3o.Foi presidente da Associa\u00e7\u00e3o Portuguesa de &#8230; <a title=\"Comiss\u00e3o Instaladora\" class=\"read-more\" href=\"https:\/\/ordemdosfisioterapeutas.pt\/pt\/comissao-instaladora\/\" aria-label=\"Leia mais sobre Comiss\u00e3o Instaladora\">Ler mais<\/a><\/p>\n","protected":false},"author":1,"featured_media":0,"parent":0,"menu_order":0,"comment_status":"closed","ping_status":"closed","template":"","meta":{"footnotes":""},"class_list":["post-346","page","type-page","status-publish"],"_links":{"self":[{"href":"https:\/\/ordemdosfisioterapeutas.pt\/pt\/wp-json\/wp\/v2\/pages\/346","targetHints":{"allow":["GET"]}}],"collection":[{"href":"https:\/\/ordemdosfisioterapeutas.pt\/pt\/wp-json\/wp\/v2\/pages"}],"about":[{"href":"https:\/\/ordemdosfisioterapeutas.pt\/pt\/wp-json\/wp\/v2\/types\/page"}],"author":[{"embeddable":true,"href":"https:\/\/ordemdosfisioterapeutas.pt\/pt\/wp-json\/wp\/v2\/users\/1"}],"replies":[{"embeddable":true,"href":"https:\/\/ordemdosfisioterapeutas.pt\/pt\/wp-json\/wp\/v2\/comments?post=346"}],"version-history":[{"count":0,"href":"https:\/\/ordemdosfisioterapeutas.pt\/pt\/wp-json\/wp\/v2\/pages\/346\/revisions"}],"wp:attachment":[{"href":"https:\/\/ordemdosfisioterapeutas.pt\/pt\/wp-json\/wp\/v2\/media?parent=346"}],"curies":[{"name":"wp","href":"https:\/\/api.w.org\/{rel}","templated":true}]}}