{"id":344,"date":"2020-09-29T20:20:51","date_gmt":"2020-09-29T20:20:51","guid":{"rendered":"https:\/\/ordemdosfisioterapeutas.pt\/?page_id=344"},"modified":"2025-07-14T22:20:26","modified_gmt":"2025-07-14T21:20:26","slug":"estatuto-e-regulamentos","status":"publish","type":"page","link":"https:\/\/ordemdosfisioterapeutas.pt\/pt\/estatuto-e-regulamentos\/","title":{"rendered":"Estatuto e Regulamentos"},"content":{"rendered":"\t\t<div data-elementor-type=\"wp-page\" data-elementor-id=\"344\" class=\"elementor elementor-344\" data-elementor-post-type=\"page\">\n\t\t\t\t\t\t<section class=\"elementor-section elementor-top-section elementor-element elementor-element-012febc elementor-section-boxed elementor-section-height-default elementor-section-height-default\" data-id=\"012febc\" data-element_type=\"section\" data-e-type=\"section\">\n\t\t\t\t\t\t<div class=\"elementor-container elementor-column-gap-default\">\n\t\t\t\t\t<div class=\"elementor-column elementor-col-100 elementor-top-column elementor-element elementor-element-3af0515\" data-id=\"3af0515\" data-element_type=\"column\" data-e-type=\"column\">\n\t\t\t<div class=\"elementor-widget-wrap elementor-element-populated\">\n\t\t\t\t\t\t<div class=\"elementor-element elementor-element-d210dbd elementor-widget elementor-widget-toggle\" data-id=\"d210dbd\" data-element_type=\"widget\" data-e-type=\"widget\" data-widget_type=\"toggle.default\">\n\t\t\t\t<div class=\"elementor-widget-container\">\n\t\t\t\t\t\t\t<div class=\"elementor-toggle\">\n\t\t\t\t\t\t\t<div class=\"elementor-toggle-item\">\n\t\t\t\t\t<div id=\"elementor-tab-title-2201\" class=\"elementor-tab-title\" data-tab=\"1\" role=\"button\" aria-controls=\"elementor-tab-content-2201\" aria-expanded=\"false\">\n\t\t\t\t\t\t\t\t\t\t\t\t<span class=\"elementor-toggle-icon elementor-toggle-icon-left\" aria-hidden=\"true\">\n\t\t\t\t\t\t\t\t\t\t\t\t\t\t\t<span class=\"elementor-toggle-icon-closed\"><i class=\"fas fa-caret-right\"><\/i><\/span>\n\t\t\t\t\t\t\t\t<span class=\"elementor-toggle-icon-opened\"><i class=\"elementor-toggle-icon-opened fas fa-caret-up\"><\/i><\/span>\n\t\t\t\t\t\t\t\t\t\t\t\t\t<\/span>\n\t\t\t\t\t\t\t\t\t\t\t\t<a class=\"elementor-toggle-title\" tabindex=\"0\">Estatuto<\/a>\n\t\t\t\t\t<\/div>\n\n\t\t\t\t\t<div id=\"elementor-tab-content-2201\" class=\"elementor-tab-content elementor-clearfix\" data-tab=\"1\" role=\"region\" aria-labelledby=\"elementor-tab-title-2201\"><p><span style=\"text-decoration: underline;\"><a href=\"https:\/\/ordemdosfisioterapeutas.pt\/wp-content\/uploads\/2024\/02\/LC_lei-122-2019-versao-consolidada_09_02_2024.pdf\" target=\"_blank\" rel=\"noopener\">Estatuto da Ordem dos Fisioterapeutas<\/a><\/span> \u2013 vers\u00e3o consolidada<\/p><p><span style=\"text-decoration: underline;\"><a href=\"https:\/\/data.dre.pt\/eli\/lei\/71\/2023\/12\/12\/p\/dre\/pt\/html\" target=\"_blank\" rel=\"noopener\">Lei n.\u00ba 71\/2023 de 12 de dezembro<\/a><\/span> &#8211; Altera\u00e7\u00e3o ao Estatuto da Ordem dos Fisioterapeutas<\/p><p><span style=\"text-decoration: underline;\"><a href=\"https:\/\/dre.pt\/application\/conteudo\/125016439\" target=\"_blank\" rel=\"noopener\">Lei n.\u00ba 122\/2019 de 30 de setembro<\/a><\/span> \u2013 Cria a Ordem dos Fisioterapeutas e aprova o respetivo Estatuto<\/p><\/div>\n\t\t\t\t<\/div>\n\t\t\t\t\t\t\t<div class=\"elementor-toggle-item\">\n\t\t\t\t\t<div id=\"elementor-tab-title-2202\" class=\"elementor-tab-title\" data-tab=\"2\" role=\"button\" aria-controls=\"elementor-tab-content-2202\" aria-expanded=\"false\">\n\t\t\t\t\t\t\t\t\t\t\t\t<span class=\"elementor-toggle-icon elementor-toggle-icon-left\" aria-hidden=\"true\">\n\t\t\t\t\t\t\t\t\t\t\t\t\t\t\t<span class=\"elementor-toggle-icon-closed\"><i class=\"fas fa-caret-right\"><\/i><\/span>\n\t\t\t\t\t\t\t\t<span class=\"elementor-toggle-icon-opened\"><i class=\"elementor-toggle-icon-opened fas fa-caret-up\"><\/i><\/span>\n\t\t\t\t\t\t\t\t\t\t\t\t\t<\/span>\n\t\t\t\t\t\t\t\t\t\t\t\t<a class=\"elementor-toggle-title\" tabindex=\"0\">Regulamentos<\/a>\n\t\t\t\t\t<\/div>\n\n\t\t\t\t\t<div id=\"elementor-tab-content-2202\" class=\"elementor-tab-content elementor-clearfix\" data-tab=\"2\" role=\"region\" aria-labelledby=\"elementor-tab-title-2202\"><p><span style=\"text-decoration: underline;\"><a href=\"https:\/\/ordemdosfisioterapeutas.pt\/wp-content\/uploads\/2025\/04\/Regulamento-491_2025_Especialidades_DR.pdf\" target=\"_blank\" rel=\"noopener\">Regulamento Geral de Especialidades Profissionais<\/a><\/span><br \/><span style=\"text-decoration: underline;\"><a href=\"https:\/\/ordemdosfisioterapeutas.pt\/wp-content\/uploads\/2025\/04\/Regulamento-489_2025_Acreditacao_DR.pdf\" target=\"_blank\" rel=\"noopener\">Regulamento de Acredita\u00e7\u00e3o de Atividades Formativas<\/a><\/span><br \/><span style=\"text-decoration: underline;\"><a href=\"https:\/\/ordemdosfisioterapeutas.pt\/wp-content\/uploads\/2025\/04\/Regulamento-490_2025_Creditacao_DR.pdf\" target=\"_blank\" rel=\"noopener\">Regulamento de Credita\u00e7\u00e3o de Atividades de Desenvolvimento Profissional Cont\u00ednuo<\/a><\/span><br \/><span style=\"text-decoration: underline;\"><a href=\"https:\/\/ordemdosfisioterapeutas.pt\/wp-content\/uploads\/2025\/07\/DR_Regulamento-Eleitoral-836_2025.pdf\" target=\"_blank\" rel=\"noopener\">Regulamento Eleitoral da Ordem dos Fisioterapeutas<\/a><br \/><\/span><span style=\"text-decoration: underline;\"><a href=\"https:\/\/ordemdosfisioterapeutas.pt\/wp-content\/uploads\/2023\/05\/ato-dre.pdf\" target=\"_blank\" rel=\"noopener\">Regulamento do Ato do Fisioterapeuta<\/a><\/span><br \/><a href=\"https:\/\/ordemdosfisioterapeutas.pt\/wp-content\/uploads\/2023\/05\/codigo-dre.pdf\" target=\"_blank\" rel=\"noopener\"><span style=\"text-decoration: underline;\">C\u00f3digo Deontol\u00f3gico do Fisioterapeuta<\/span><\/a><br \/><span style=\"text-decoration: underline;\"><a href=\"https:\/\/ordemdosfisioterapeutas.pt\/wp-content\/uploads\/2023\/05\/regulamento-disciplinar-dre.pdf\" target=\"_blank\" rel=\"noopener\">Regulamento Disciplinar do Fisioterapeuta<\/a><\/span><br \/><span style=\"text-decoration: underline;\"><a href=\"https:\/\/ordemdosfisioterapeutas.pt\/wp-content\/uploads\/2022\/09\/AF_Regulamento-de-Ajudas-de-Custo.pdf\" target=\"_blank\" rel=\"noopener\">Regulamento de Ajudas de Custo<\/a><br \/><\/span><span style=\"text-decoration: underline;\"><span style=\"text-decoration: underline;\"><span style=\"text-decoration: underline;\"><span style=\"text-decoration: underline;\"><span style=\"text-decoration: underline;\"><a href=\"https:\/\/dre.pt\/application\/file\/205869771\" target=\"_blank\" rel=\"noopener\">Regulamento de Quotas e Taxas<\/a><br \/><\/span><\/span><\/span><\/span><\/span><span style=\"text-decoration: underline;\"><a href=\"https:\/\/ordemdosfisioterapeutas.pt\/wp-content\/uploads\/2022\/04\/Regulamento-Remuneracoes-01Abr2022.pdf\" target=\"_blank\" rel=\"noopener\">Regulamento de Remunera\u00e7\u00f5es e Senhas De Presen\u00e7a<\/a><br \/><\/span><a href=\"https:\/\/dre.pt\/application\/file\/205931318\" target=\"_blank\" rel=\"noopener\"><span style=\"text-decoration: underline;\">Regulamento de Inscri\u00e7\u00e3o da Ordem dos Fisioterapeutas<\/span><\/a><br \/><span style=\"text-decoration: underline;\"><a href=\"https:\/\/ordemdosfisioterapeutas.pt\/wp-content\/uploads\/2025\/06\/Regulamento-583_2025_medidas-compensacao.pdf\" target=\"_blank\" rel=\"noopener\">Regulamento de aplica\u00e7\u00e3o de medidas de compensa\u00e7\u00e3o (Carteira Profissional Europeia)<\/a><span style=\"text-decoration: underline;\"><span style=\"text-decoration: underline;\"><span style=\"text-decoration: underline;\"><span style=\"text-decoration: underline;\"><br \/><\/span><\/span><\/span><\/span><\/span><a href=\"https:\/\/ordemdosfisioterapeutas.pt\/wp-content\/uploads\/2022\/08\/Reg_Admissao_de-Pessoal.pdf\" target=\"_blank\" rel=\"noopener\"><u>Regulamento de Admiss\u00e3o de Pessoal<\/u><\/a><br \/><span style=\"text-decoration: underline;\"><a href=\"https:\/\/ordemdosfisioterapeutas.pt\/wp-content\/uploads\/2024\/08\/REG_FSS_2024.pdf\" target=\"_blank\" rel=\"noopener\">Regulamento do Fundo de Solidariedade Social<\/a><\/span>\u00a0<br \/><span style=\"text-decoration: underline;\"><a href=\"https:\/\/ordemdosfisioterapeutas.pt\/wp-content\/uploads\/2024\/08\/Reg_Classificacao_arquivista.pdf\" target=\"_blank\" rel=\"noopener\">Regulamento para a Classifica\u00e7\u00e3o e Avalia\u00e7\u00e3o da Informa\u00e7\u00e3o Arquiv\u00edstica<\/a><\/span><\/p><\/div>\n\t\t\t\t<\/div>\n\t\t\t\t\t\t\t\t<\/div>\n\t\t\t\t\t\t<\/div>\n\t\t\t\t<\/div>\n\t\t\t\t\t<\/div>\n\t\t<\/div>\n\t\t\t\t\t<\/div>\n\t\t<\/section>\n\t\t\t\t<\/div>\n\t\t","protected":false},"excerpt":{"rendered":"<p>Estatuto Estatuto da Ordem dos Fisioterapeutas \u2013 vers\u00e3o consolidada Lei n.\u00ba 71\/2023 de 12 de dezembro &#8211; Altera\u00e7\u00e3o ao Estatuto da Ordem dos Fisioterapeutas Lei n.\u00ba 122\/2019 de 30 de setembro \u2013 Cria a Ordem dos Fisioterapeutas e aprova o respetivo Estatuto Regulamentos Regulamento Geral de Especialidades ProfissionaisRegulamento de Acredita\u00e7\u00e3o de Atividades FormativasRegulamento de Credita\u00e7\u00e3o &#8230; <a title=\"Estatuto e Regulamentos\" class=\"read-more\" href=\"https:\/\/ordemdosfisioterapeutas.pt\/pt\/estatuto-e-regulamentos\/\" aria-label=\"Leia mais sobre Estatuto e Regulamentos\">Ler mais<\/a><\/p>\n","protected":false},"author":1,"featured_media":0,"parent":0,"menu_order":0,"comment_status":"closed","ping_status":"closed","template":"","meta":{"footnotes":""},"class_list":["post-344","page","type-page","status-publish"],"_links":{"self":[{"href":"https:\/\/ordemdosfisioterapeutas.pt\/pt\/wp-json\/wp\/v2\/pages\/344","targetHints":{"allow":["GET"]}}],"collection":[{"href":"https:\/\/ordemdosfisioterapeutas.pt\/pt\/wp-json\/wp\/v2\/pages"}],"about":[{"href":"https:\/\/ordemdosfisioterapeutas.pt\/pt\/wp-json\/wp\/v2\/types\/page"}],"author":[{"embeddable":true,"href":"https:\/\/ordemdosfisioterapeutas.pt\/pt\/wp-json\/wp\/v2\/users\/1"}],"replies":[{"embeddable":true,"href":"https:\/\/ordemdosfisioterapeutas.pt\/pt\/wp-json\/wp\/v2\/comments?post=344"}],"version-history":[{"count":0,"href":"https:\/\/ordemdosfisioterapeutas.pt\/pt\/wp-json\/wp\/v2\/pages\/344\/revisions"}],"wp:attachment":[{"href":"https:\/\/ordemdosfisioterapeutas.pt\/pt\/wp-json\/wp\/v2\/media?parent=344"}],"curies":[{"name":"wp","href":"https:\/\/api.w.org\/{rel}","templated":true}]}}