{"id":342,"date":"2020-09-29T20:20:02","date_gmt":"2020-09-29T20:20:02","guid":{"rendered":"https:\/\/ordemdosfisioterapeutas.pt\/?page_id=342"},"modified":"2021-07-06T20:25:34","modified_gmt":"2021-07-06T19:25:34","slug":"mensagem-da-presidente-da-ci","status":"publish","type":"page","link":"https:\/\/ordemdosfisioterapeutas.pt\/pt\/mensagem-da-presidente-da-ci\/","title":{"rendered":"Mensagem da Presidente da CI"},"content":{"rendered":"\t\t<div data-elementor-type=\"wp-page\" data-elementor-id=\"342\" class=\"elementor elementor-342\" data-elementor-post-type=\"page\">\n\t\t\t\t\t\t<section class=\"elementor-section elementor-top-section elementor-element elementor-element-192fcb5 elementor-section-boxed elementor-section-height-default elementor-section-height-default\" data-id=\"192fcb5\" data-element_type=\"section\" data-e-type=\"section\">\n\t\t\t\t\t\t<div class=\"elementor-container elementor-column-gap-default\">\n\t\t\t\t\t<div class=\"elementor-column elementor-col-50 elementor-top-column elementor-element elementor-element-3df089a\" data-id=\"3df089a\" data-element_type=\"column\" data-e-type=\"column\">\n\t\t\t<div class=\"elementor-widget-wrap elementor-element-populated\">\n\t\t\t\t\t\t<div class=\"elementor-element elementor-element-69ec929 elementor-widget elementor-widget-image\" data-id=\"69ec929\" data-element_type=\"widget\" data-e-type=\"widget\" data-widget_type=\"image.default\">\n\t\t\t\t<div class=\"elementor-widget-container\">\n\t\t\t\t\t\t\t\t\t\t\t\t\t\t\t<img fetchpriority=\"high\" decoding=\"async\" width=\"683\" height=\"1024\" src=\"https:\/\/ordemdosfisioterapeutas.pt\/wp-content\/uploads\/2020\/10\/isabel-souza-guerra-683x1024.jpg\" class=\"attachment-large size-large wp-image-1057\" alt=\"Isabel de Souza Guerra\" srcset=\"https:\/\/ordemdosfisioterapeutas.pt\/wp-content\/uploads\/2020\/10\/isabel-souza-guerra-683x1024.jpg 683w, https:\/\/ordemdosfisioterapeutas.pt\/wp-content\/uploads\/2020\/10\/isabel-souza-guerra-200x300.jpg 200w, https:\/\/ordemdosfisioterapeutas.pt\/wp-content\/uploads\/2020\/10\/isabel-souza-guerra-768x1152.jpg 768w, https:\/\/ordemdosfisioterapeutas.pt\/wp-content\/uploads\/2020\/10\/isabel-souza-guerra.jpg 1000w\" sizes=\"(max-width: 683px) 100vw, 683px\" \/>\t\t\t\t\t\t\t\t\t\t\t\t\t\t\t<\/div>\n\t\t\t\t<\/div>\n\t\t\t\t\t<\/div>\n\t\t<\/div>\n\t\t\t\t<div class=\"elementor-column elementor-col-50 elementor-top-column elementor-element elementor-element-6417026\" data-id=\"6417026\" data-element_type=\"column\" data-e-type=\"column\">\n\t\t\t<div class=\"elementor-widget-wrap elementor-element-populated\">\n\t\t\t\t\t\t<div class=\"elementor-element elementor-element-55fa80b elementor-widget elementor-widget-text-editor\" data-id=\"55fa80b\" data-element_type=\"widget\" data-e-type=\"widget\" data-widget_type=\"text-editor.default\">\n\t\t\t\t<div class=\"elementor-widget-container\">\n\t\t\t\t\t\t\t\t\t<p>Seja bem-vindo \u00e0 Ordem dos Fisioterapeutas\u00a0<\/p><p>Passou-se mais de um ano de intensa atividade desde a nomea\u00e7\u00e3o da Comiss\u00e3o Instaladora da Ordem dos Fisioterapeutas. \u00a0A situa\u00e7\u00e3o epidemiol\u00f3gica no nosso Pais n\u00e3o permitiu a conclus\u00e3o dos nossos trabalhos no primeiro ano do mandato, pelo que por delibera\u00e7\u00e3o da hierarquia, o mesmo foi prorrogado por um ano, tendo as elei\u00e7\u00f5es para os \u00f3rg\u00e3os estatut\u00e1rios sido marcadas para 15 de Novembro, pf.<\/p><p>Para cumprir os objectivos tra\u00e7ados, tem a Comiss\u00e3o Instaladora trabalhado arduamente. Fizemos um forte investimento em infraestruturas tecnol\u00f3gicas de suporte, num processo de moderniza\u00e7\u00e3o administrativa, baseando todo o funcionamento num sistema eminentemente desmaterializado, procurando potenciar o desenvolvimento de solu\u00e7\u00f5es de comunica\u00e7\u00e3o Integradas quer internas, quer externas, com os nossos membros.<\/p><p>Todos sabemos qua a inscri\u00e7\u00e3o na Ordem \u00e9 elemento obrigat\u00f3rio e indispens\u00e1vel para o exerc\u00edcio da profiss\u00e3o. Est\u00e3o neste momento, criadas todas as condi\u00e7\u00f5es para que os fisioterapeutas no mais breve espa\u00e7o de tempo se inscrevam na nossa Ordem.<\/p><p>Procur\u00e1mos que o processo de inscri\u00e7\u00e3o fosse intuitivo, realizado atrav\u00e9s do site da ordem, mas tamb\u00e9m disponibiliz\u00e1mos guias orientadores de todo processo. Foi nomeada uma Comiss\u00e3o T\u00e9cnica de Admiss\u00e3o, isenta, que avaliar\u00e1 cada processo, elaborando os pareceres para valida\u00e7\u00e3o da inscri\u00e7\u00e3o pela CI.<\/p><p>Pretendemos lan\u00e7ar bases s\u00f3lidas e seguras para o futuro da organiza\u00e7\u00e3o, que desejamos forte e inovadora, que represente condignamente a profiss\u00e3o e que todos os fisioterapeutas se sintam nela representados.<\/p><p>Temos sempre presente que a nossa grande miss\u00e3o \u00e9 a defesa dos cidad\u00e3os contra o exerc\u00edcio n\u00e3o qualificado e o direito a cuidados de fisioterapia, com qualidade, seguran\u00e7a e bons resultados, prestados por profissionais certificados e de reconhecidas compet\u00eancias profissionais.<\/p>\t\t\t\t\t\t\t\t<\/div>\n\t\t\t\t<\/div>\n\t\t\t\t\t<\/div>\n\t\t<\/div>\n\t\t\t\t\t<\/div>\n\t\t<\/section>\n\t\t\t\t<\/div>\n\t\t","protected":false},"excerpt":{"rendered":"<p>Seja bem-vindo \u00e0 Ordem dos Fisioterapeutas\u00a0 Passou-se mais de um ano de intensa atividade desde a nomea\u00e7\u00e3o da Comiss\u00e3o Instaladora da Ordem dos Fisioterapeutas. \u00a0A situa\u00e7\u00e3o epidemiol\u00f3gica no nosso Pais n\u00e3o permitiu a conclus\u00e3o dos nossos trabalhos no primeiro ano do mandato, pelo que por delibera\u00e7\u00e3o da hierarquia, o mesmo foi prorrogado por um ano, &#8230; <a title=\"Mensagem da Presidente da CI\" class=\"read-more\" href=\"https:\/\/ordemdosfisioterapeutas.pt\/pt\/mensagem-da-presidente-da-ci\/\" aria-label=\"Leia mais sobre Mensagem da Presidente da CI\">Ler mais<\/a><\/p>\n","protected":false},"author":1,"featured_media":0,"parent":0,"menu_order":0,"comment_status":"closed","ping_status":"closed","template":"","meta":{"footnotes":""},"class_list":["post-342","page","type-page","status-publish"],"_links":{"self":[{"href":"https:\/\/ordemdosfisioterapeutas.pt\/pt\/wp-json\/wp\/v2\/pages\/342","targetHints":{"allow":["GET"]}}],"collection":[{"href":"https:\/\/ordemdosfisioterapeutas.pt\/pt\/wp-json\/wp\/v2\/pages"}],"about":[{"href":"https:\/\/ordemdosfisioterapeutas.pt\/pt\/wp-json\/wp\/v2\/types\/page"}],"author":[{"embeddable":true,"href":"https:\/\/ordemdosfisioterapeutas.pt\/pt\/wp-json\/wp\/v2\/users\/1"}],"replies":[{"embeddable":true,"href":"https:\/\/ordemdosfisioterapeutas.pt\/pt\/wp-json\/wp\/v2\/comments?post=342"}],"version-history":[{"count":0,"href":"https:\/\/ordemdosfisioterapeutas.pt\/pt\/wp-json\/wp\/v2\/pages\/342\/revisions"}],"wp:attachment":[{"href":"https:\/\/ordemdosfisioterapeutas.pt\/pt\/wp-json\/wp\/v2\/media?parent=342"}],"curies":[{"name":"wp","href":"https:\/\/api.w.org\/{rel}","templated":true}]}}