{"id":2838,"date":"2021-09-11T11:56:27","date_gmt":"2021-09-11T10:56:27","guid":{"rendered":"https:\/\/ordemdosfisioterapeutas.pt\/?page_id=2838"},"modified":"2024-10-01T15:19:01","modified_gmt":"2024-10-01T14:19:01","slug":"listas-candidatas","status":"publish","type":"page","link":"https:\/\/ordemdosfisioterapeutas.pt\/pt\/eleicoes\/listas-candidatas\/","title":{"rendered":"Listas Candidatas"},"content":{"rendered":"\t\t<div data-elementor-type=\"wp-page\" data-elementor-id=\"2838\" class=\"elementor elementor-2838\" data-elementor-post-type=\"page\">\n\t\t\t\t\t\t<section class=\"elementor-section elementor-top-section elementor-element elementor-element-2488155 elementor-section-boxed elementor-section-height-default elementor-section-height-default\" data-id=\"2488155\" data-element_type=\"section\" data-e-type=\"section\">\n\t\t\t\t\t\t<div class=\"elementor-container elementor-column-gap-default\">\n\t\t\t\t\t<div class=\"elementor-column elementor-col-50 elementor-top-column elementor-element elementor-element-54bea34b sticky-parent\" data-id=\"54bea34b\" data-element_type=\"column\" data-e-type=\"column\">\n\t\t\t<div class=\"elementor-widget-wrap elementor-element-populated\">\n\t\t\t\t\t\t<section class=\"elementor-section elementor-inner-section elementor-element elementor-element-563c777c sticky-column elementor-section-boxed elementor-section-height-default elementor-section-height-default\" data-id=\"563c777c\" data-element_type=\"section\" data-e-type=\"section\">\n\t\t\t\t\t\t<div class=\"elementor-container elementor-column-gap-default\">\n\t\t\t\t\t<div class=\"elementor-column elementor-col-100 elementor-inner-column elementor-element elementor-element-12a95980\" data-id=\"12a95980\" data-element_type=\"column\" data-e-type=\"column\">\n\t\t\t<div class=\"elementor-widget-wrap elementor-element-populated\">\n\t\t\t\t\t\t<div class=\"elementor-element elementor-element-b77a15e elementor-hidden-desktop elementor-hidden-tablet elementor-hidden-mobile elementor-nav-menu--dropdown-tablet elementor-nav-menu__text-align-aside elementor-nav-menu--toggle elementor-nav-menu--burger elementor-widget elementor-widget-global elementor-global-2875 elementor-widget-nav-menu\" data-id=\"b77a15e\" data-element_type=\"widget\" data-e-type=\"widget\" data-settings=\"{&quot;layout&quot;:&quot;vertical&quot;,&quot;submenu_icon&quot;:{&quot;value&quot;:&quot;fas fa-caret-down&quot;,&quot;library&quot;:&quot;fa-solid&quot;},&quot;toggle&quot;:&quot;burger&quot;}\" data-widget_type=\"nav-menu.default\">\n\t\t\t\t<div class=\"elementor-widget-container\">\n\t\t\t\t\t\t\t\t<nav aria-label=\"Menu\" class=\"elementor-nav-menu--main elementor-nav-menu__container elementor-nav-menu--layout-vertical e--pointer-underline e--animation-fade\">\n\t\t\t\t<ul id=\"menu-1-b77a15e\" class=\"elementor-nav-menu sm-vertical\"><li class=\"menu-item menu-item-type-post_type menu-item-object-page menu-item-2852\"><a href=\"https:\/\/ordemdosfisioterapeutas.pt\/pt\/eleicoes\/\" class=\"elementor-item\">Elei\u00e7\u00f5es para o Conselho de Supervis\u00e3o<\/a><\/li>\n<li class=\"menu-item menu-item-type-post_type menu-item-object-page menu-item-2863\"><a href=\"https:\/\/ordemdosfisioterapeutas.pt\/pt\/eleicoes\/calendario-eleitoral\/\" class=\"elementor-item\">Calend\u00e1rio Eleitoral<\/a><\/li>\n<li class=\"menu-item menu-item-type-post_type menu-item-object-page menu-item-2864\"><a href=\"https:\/\/ordemdosfisioterapeutas.pt\/pt\/eleicoes\/comissao-eleitoral\/\" class=\"elementor-item\">Comiss\u00e3o Eleitoral<\/a><\/li>\n<li class=\"menu-item menu-item-type-post_type menu-item-object-page menu-item-2862\"><a href=\"https:\/\/ordemdosfisioterapeutas.pt\/pt\/eleicoes\/recenseamento\/\" class=\"elementor-item\">Recenseamento<\/a><\/li>\n<li class=\"menu-item menu-item-type-post_type menu-item-object-page menu-item-2861\"><a href=\"https:\/\/ordemdosfisioterapeutas.pt\/pt\/eleicoes\/caderno-eleitoral\/\" class=\"elementor-item\">Caderno Eleitoral<\/a><\/li>\n<li class=\"menu-item menu-item-type-post_type menu-item-object-page menu-item-2860\"><a href=\"https:\/\/ordemdosfisioterapeutas.pt\/pt\/eleicoes\/candidaturas\/\" class=\"elementor-item\">Candidaturas<\/a><\/li>\n<li class=\"menu-item menu-item-type-post_type menu-item-object-page menu-item-2859\"><a href=\"https:\/\/ordemdosfisioterapeutas.pt\/pt\/eleicoes\/listas-candidatas\/\" class=\"elementor-item\">Listas Candidatas<\/a><\/li>\n<li class=\"menu-item menu-item-type-post_type menu-item-object-page menu-item-2858\"><a href=\"https:\/\/ordemdosfisioterapeutas.pt\/pt\/eleicoes\/campanha-eleitoral\/\" class=\"elementor-item\">Campanha Eleitoral<\/a><\/li>\n<li class=\"menu-item menu-item-type-post_type menu-item-object-page menu-item-2857\"><a href=\"https:\/\/ordemdosfisioterapeutas.pt\/pt\/eleicoes\/ato-eleitoral\/\" class=\"elementor-item\">Ato Eleitoral<\/a><\/li>\n<li class=\"menu-item menu-item-type-post_type menu-item-object-page menu-item-2856\"><a href=\"https:\/\/ordemdosfisioterapeutas.pt\/pt\/eleicoes\/apuramento-dos-resultados\/\" class=\"elementor-item\">Resultados Provis\u00f3rios<\/a><\/li>\n<li class=\"menu-item menu-item-type-post_type menu-item-object-page menu-item-2855\"><a href=\"https:\/\/ordemdosfisioterapeutas.pt\/pt\/eleicoes\/resultados-oficiais\/\" class=\"elementor-item\">Resultados Oficiais<\/a><\/li>\n<li class=\"menu-item menu-item-type-post_type menu-item-object-page menu-item-2853\"><a href=\"https:\/\/ordemdosfisioterapeutas.pt\/pt\/eleicoes\/faq-eleicoes\/\" class=\"elementor-item\">Perguntas Frequentes<\/a><\/li>\n<\/ul>\t\t\t<\/nav>\n\t\t\t\t\t<div class=\"elementor-menu-toggle\" role=\"button\" tabindex=\"0\" aria-label=\"Menu Toggle\" aria-expanded=\"false\">\n\t\t\t<i aria-hidden=\"true\" role=\"presentation\" class=\"elementor-menu-toggle__icon--open eicon-menu-bar\"><\/i><i aria-hidden=\"true\" role=\"presentation\" class=\"elementor-menu-toggle__icon--close eicon-close\"><\/i>\t\t<\/div>\n\t\t\t\t\t<nav class=\"elementor-nav-menu--dropdown elementor-nav-menu__container\" aria-hidden=\"true\">\n\t\t\t\t<ul id=\"menu-2-b77a15e\" class=\"elementor-nav-menu sm-vertical\"><li class=\"menu-item menu-item-type-post_type menu-item-object-page menu-item-2852\"><a href=\"https:\/\/ordemdosfisioterapeutas.pt\/pt\/eleicoes\/\" class=\"elementor-item\" tabindex=\"-1\">Elei\u00e7\u00f5es para o Conselho de Supervis\u00e3o<\/a><\/li>\n<li class=\"menu-item menu-item-type-post_type menu-item-object-page menu-item-2863\"><a href=\"https:\/\/ordemdosfisioterapeutas.pt\/pt\/eleicoes\/calendario-eleitoral\/\" class=\"elementor-item\" tabindex=\"-1\">Calend\u00e1rio Eleitoral<\/a><\/li>\n<li class=\"menu-item menu-item-type-post_type menu-item-object-page menu-item-2864\"><a href=\"https:\/\/ordemdosfisioterapeutas.pt\/pt\/eleicoes\/comissao-eleitoral\/\" class=\"elementor-item\" tabindex=\"-1\">Comiss\u00e3o Eleitoral<\/a><\/li>\n<li class=\"menu-item menu-item-type-post_type menu-item-object-page menu-item-2862\"><a href=\"https:\/\/ordemdosfisioterapeutas.pt\/pt\/eleicoes\/recenseamento\/\" class=\"elementor-item\" tabindex=\"-1\">Recenseamento<\/a><\/li>\n<li class=\"menu-item menu-item-type-post_type menu-item-object-page menu-item-2861\"><a href=\"https:\/\/ordemdosfisioterapeutas.pt\/pt\/eleicoes\/caderno-eleitoral\/\" class=\"elementor-item\" tabindex=\"-1\">Caderno Eleitoral<\/a><\/li>\n<li class=\"menu-item menu-item-type-post_type menu-item-object-page menu-item-2860\"><a href=\"https:\/\/ordemdosfisioterapeutas.pt\/pt\/eleicoes\/candidaturas\/\" class=\"elementor-item\" tabindex=\"-1\">Candidaturas<\/a><\/li>\n<li class=\"menu-item menu-item-type-post_type menu-item-object-page menu-item-2859\"><a href=\"https:\/\/ordemdosfisioterapeutas.pt\/pt\/eleicoes\/listas-candidatas\/\" class=\"elementor-item\" tabindex=\"-1\">Listas Candidatas<\/a><\/li>\n<li class=\"menu-item menu-item-type-post_type menu-item-object-page menu-item-2858\"><a href=\"https:\/\/ordemdosfisioterapeutas.pt\/pt\/eleicoes\/campanha-eleitoral\/\" class=\"elementor-item\" tabindex=\"-1\">Campanha Eleitoral<\/a><\/li>\n<li class=\"menu-item menu-item-type-post_type menu-item-object-page menu-item-2857\"><a href=\"https:\/\/ordemdosfisioterapeutas.pt\/pt\/eleicoes\/ato-eleitoral\/\" class=\"elementor-item\" tabindex=\"-1\">Ato Eleitoral<\/a><\/li>\n<li class=\"menu-item menu-item-type-post_type menu-item-object-page menu-item-2856\"><a href=\"https:\/\/ordemdosfisioterapeutas.pt\/pt\/eleicoes\/apuramento-dos-resultados\/\" class=\"elementor-item\" tabindex=\"-1\">Resultados Provis\u00f3rios<\/a><\/li>\n<li class=\"menu-item menu-item-type-post_type menu-item-object-page menu-item-2855\"><a href=\"https:\/\/ordemdosfisioterapeutas.pt\/pt\/eleicoes\/resultados-oficiais\/\" class=\"elementor-item\" tabindex=\"-1\">Resultados Oficiais<\/a><\/li>\n<li class=\"menu-item menu-item-type-post_type menu-item-object-page menu-item-2853\"><a href=\"https:\/\/ordemdosfisioterapeutas.pt\/pt\/eleicoes\/faq-eleicoes\/\" class=\"elementor-item\" tabindex=\"-1\">Perguntas Frequentes<\/a><\/li>\n<\/ul>\t\t\t<\/nav>\n\t\t\t\t\t\t<\/div>\n\t\t\t\t<\/div>\n\t\t\t\t\t<\/div>\n\t\t<\/div>\n\t\t\t\t\t<\/div>\n\t\t<\/section>\n\t\t\t\t\t<\/div>\n\t\t<\/div>\n\t\t\t\t<div class=\"elementor-column elementor-col-50 elementor-top-column elementor-element elementor-element-4f6ab329\" data-id=\"4f6ab329\" data-element_type=\"column\" data-e-type=\"column\">\n\t\t\t<div class=\"elementor-widget-wrap elementor-element-populated\">\n\t\t\t\t\t\t<div class=\"elementor-element elementor-element-4c779d7 elementor-widget elementor-widget-text-editor\" data-id=\"4c779d7\" data-element_type=\"widget\" data-e-type=\"widget\" data-widget_type=\"text-editor.default\">\n\t\t\t\t<div class=\"elementor-widget-container\">\n\t\t\t\t\t\t\t\t\t<p>A Comiss\u00e3o Eleitoral, na sua terceira reuni\u00e3o, realizada a 25 de setembro de 2024, decidiu n\u00e3o proceder ao sorteio previsto no Art. 22\u00ba do Regulamento Eleitoral, considerando que existe apenas uma lista candidata. A candidatura ao Conselho de Supervis\u00e3o da Ordem dos Fisioterapeutas foi aprovada na referida reuni\u00e3o.<\/p>\t\t\t\t\t\t\t\t<\/div>\n\t\t\t\t<\/div>\n\t\t\t\t<div class=\"elementor-element elementor-element-c0102d3 elementor-widget elementor-widget-shortcode\" data-id=\"c0102d3\" data-element_type=\"widget\" data-e-type=\"widget\" data-widget_type=\"shortcode.default\">\n\t\t\t\t<div class=\"elementor-widget-container\">\n\t\t\t\t\t\t\t<div class=\"elementor-shortcode\">\n<table id=\"tablepress-21\" class=\"tablepress tablepress-id-21\">\n<thead>\n<tr class=\"row-1\">\n\t<td class=\"column-1\"><\/td><th class=\"column-2\">Encabe\u00e7ada por:<\/th><th class=\"column-3\">Mandat\u00e1rio:<\/th>\n<\/tr>\n<\/thead>\n<tbody class=\"row-striping row-hover\">\n<tr class=\"row-2\">\n\t<td class=\"column-1\">Lista A<\/td><td class=\"column-2\">Rui Manuel da Fonseca Pinto<\/td><td class=\"column-3\">Joana Patr\u00edcia dos Santos Cruz<\/td>\n<\/tr>\n<\/tbody>\n<\/table>\n<!-- #tablepress-21 from cache --><\/div>\n\t\t\t\t\t\t<\/div>\n\t\t\t\t<\/div>\n\t\t\t\t\t<\/div>\n\t\t<\/div>\n\t\t\t\t\t<\/div>\n\t\t<\/section>\n\t\t\t\t<\/div>\n\t\t","protected":false},"excerpt":{"rendered":"<p>A Comiss\u00e3o Eleitoral, na sua terceira reuni\u00e3o, realizada a 25 de setembro de 2024, decidiu n\u00e3o proceder ao sorteio previsto no Art. 22\u00ba do Regulamento Eleitoral, considerando que existe apenas uma lista candidata. A candidatura ao Conselho de Supervis\u00e3o da Ordem dos Fisioterapeutas foi aprovada na referida reuni\u00e3o.<\/p>\n","protected":false},"author":1,"featured_media":0,"parent":2495,"menu_order":6,"comment_status":"closed","ping_status":"closed","template":"","meta":{"footnotes":""},"class_list":["post-2838","page","type-page","status-publish"],"_links":{"self":[{"href":"https:\/\/ordemdosfisioterapeutas.pt\/pt\/wp-json\/wp\/v2\/pages\/2838","targetHints":{"allow":["GET"]}}],"collection":[{"href":"https:\/\/ordemdosfisioterapeutas.pt\/pt\/wp-json\/wp\/v2\/pages"}],"about":[{"href":"https:\/\/ordemdosfisioterapeutas.pt\/pt\/wp-json\/wp\/v2\/types\/page"}],"author":[{"embeddable":true,"href":"https:\/\/ordemdosfisioterapeutas.pt\/pt\/wp-json\/wp\/v2\/users\/1"}],"replies":[{"embeddable":true,"href":"https:\/\/ordemdosfisioterapeutas.pt\/pt\/wp-json\/wp\/v2\/comments?post=2838"}],"version-history":[{"count":0,"href":"https:\/\/ordemdosfisioterapeutas.pt\/pt\/wp-json\/wp\/v2\/pages\/2838\/revisions"}],"up":[{"embeddable":true,"href":"https:\/\/ordemdosfisioterapeutas.pt\/pt\/wp-json\/wp\/v2\/pages\/2495"}],"wp:attachment":[{"href":"https:\/\/ordemdosfisioterapeutas.pt\/pt\/wp-json\/wp\/v2\/media?parent=2838"}],"curies":[{"name":"wp","href":"https:\/\/api.w.org\/{rel}","templated":true}]}}