{"id":2830,"date":"2021-09-11T11:52:10","date_gmt":"2021-09-11T10:52:10","guid":{"rendered":"https:\/\/ordemdosfisioterapeutas.pt\/?page_id=2830"},"modified":"2024-08-06T10:54:05","modified_gmt":"2024-08-06T09:54:05","slug":"calendario-eleitoral","status":"publish","type":"page","link":"https:\/\/ordemdosfisioterapeutas.pt\/pt\/eleicoes\/calendario-eleitoral\/","title":{"rendered":"Calend\u00e1rio Eleitoral"},"content":{"rendered":"\t\t<div data-elementor-type=\"wp-page\" data-elementor-id=\"2830\" class=\"elementor elementor-2830\" data-elementor-post-type=\"page\">\n\t\t\t\t\t\t<section class=\"elementor-section elementor-top-section elementor-element elementor-element-609bf69b elementor-section-boxed elementor-section-height-default elementor-section-height-default\" data-id=\"609bf69b\" data-element_type=\"section\" data-e-type=\"section\">\n\t\t\t\t\t\t<div class=\"elementor-container elementor-column-gap-default\">\n\t\t\t\t\t<div class=\"elementor-column elementor-col-50 elementor-top-column elementor-element elementor-element-743a95c8 sticky-parent\" data-id=\"743a95c8\" data-element_type=\"column\" data-e-type=\"column\">\n\t\t\t<div class=\"elementor-widget-wrap elementor-element-populated\">\n\t\t\t\t\t\t<section class=\"elementor-section elementor-inner-section elementor-element elementor-element-60df9648 sticky-column elementor-section-boxed elementor-section-height-default elementor-section-height-default\" data-id=\"60df9648\" data-element_type=\"section\" data-e-type=\"section\">\n\t\t\t\t\t\t<div class=\"elementor-container elementor-column-gap-default\">\n\t\t\t\t\t<div class=\"elementor-column elementor-col-100 elementor-inner-column elementor-element elementor-element-4d650475\" data-id=\"4d650475\" data-element_type=\"column\" data-e-type=\"column\">\n\t\t\t<div class=\"elementor-widget-wrap elementor-element-populated\">\n\t\t\t\t\t\t<div class=\"elementor-element elementor-element-91b7ccc elementor-hidden-desktop elementor-hidden-tablet elementor-hidden-mobile elementor-nav-menu--dropdown-tablet elementor-nav-menu__text-align-aside elementor-nav-menu--toggle elementor-nav-menu--burger elementor-widget elementor-widget-global elementor-global-2875 elementor-widget-nav-menu\" data-id=\"91b7ccc\" data-element_type=\"widget\" data-e-type=\"widget\" data-settings=\"{&quot;layout&quot;:&quot;vertical&quot;,&quot;submenu_icon&quot;:{&quot;value&quot;:&quot;fas fa-caret-down&quot;,&quot;library&quot;:&quot;fa-solid&quot;},&quot;toggle&quot;:&quot;burger&quot;}\" data-widget_type=\"nav-menu.default\">\n\t\t\t\t<div class=\"elementor-widget-container\">\n\t\t\t\t\t\t\t\t<nav aria-label=\"Menu\" class=\"elementor-nav-menu--main elementor-nav-menu__container elementor-nav-menu--layout-vertical e--pointer-underline e--animation-fade\">\n\t\t\t\t<ul id=\"menu-1-91b7ccc\" class=\"elementor-nav-menu sm-vertical\"><li class=\"menu-item menu-item-type-post_type menu-item-object-page menu-item-2852\"><a href=\"https:\/\/ordemdosfisioterapeutas.pt\/pt\/eleicoes\/\" class=\"elementor-item\">Elei\u00e7\u00f5es para o Conselho de Supervis\u00e3o<\/a><\/li>\n<li class=\"menu-item menu-item-type-post_type menu-item-object-page menu-item-2863\"><a href=\"https:\/\/ordemdosfisioterapeutas.pt\/pt\/eleicoes\/calendario-eleitoral\/\" class=\"elementor-item\">Calend\u00e1rio Eleitoral<\/a><\/li>\n<li class=\"menu-item menu-item-type-post_type menu-item-object-page menu-item-2864\"><a href=\"https:\/\/ordemdosfisioterapeutas.pt\/pt\/eleicoes\/comissao-eleitoral\/\" class=\"elementor-item\">Comiss\u00e3o Eleitoral<\/a><\/li>\n<li class=\"menu-item menu-item-type-post_type menu-item-object-page menu-item-2862\"><a href=\"https:\/\/ordemdosfisioterapeutas.pt\/pt\/eleicoes\/recenseamento\/\" class=\"elementor-item\">Recenseamento<\/a><\/li>\n<li class=\"menu-item menu-item-type-post_type menu-item-object-page menu-item-2861\"><a href=\"https:\/\/ordemdosfisioterapeutas.pt\/pt\/eleicoes\/caderno-eleitoral\/\" class=\"elementor-item\">Caderno Eleitoral<\/a><\/li>\n<li class=\"menu-item menu-item-type-post_type menu-item-object-page menu-item-2860\"><a href=\"https:\/\/ordemdosfisioterapeutas.pt\/pt\/eleicoes\/candidaturas\/\" class=\"elementor-item\">Candidaturas<\/a><\/li>\n<li class=\"menu-item menu-item-type-post_type menu-item-object-page menu-item-2859\"><a href=\"https:\/\/ordemdosfisioterapeutas.pt\/pt\/eleicoes\/listas-candidatas\/\" class=\"elementor-item\">Listas Candidatas<\/a><\/li>\n<li class=\"menu-item menu-item-type-post_type menu-item-object-page menu-item-2858\"><a href=\"https:\/\/ordemdosfisioterapeutas.pt\/pt\/eleicoes\/campanha-eleitoral\/\" class=\"elementor-item\">Campanha Eleitoral<\/a><\/li>\n<li class=\"menu-item menu-item-type-post_type menu-item-object-page menu-item-2857\"><a href=\"https:\/\/ordemdosfisioterapeutas.pt\/pt\/eleicoes\/ato-eleitoral\/\" class=\"elementor-item\">Ato Eleitoral<\/a><\/li>\n<li class=\"menu-item menu-item-type-post_type menu-item-object-page menu-item-2856\"><a href=\"https:\/\/ordemdosfisioterapeutas.pt\/pt\/eleicoes\/apuramento-dos-resultados\/\" class=\"elementor-item\">Resultados Provis\u00f3rios<\/a><\/li>\n<li class=\"menu-item menu-item-type-post_type menu-item-object-page menu-item-2855\"><a href=\"https:\/\/ordemdosfisioterapeutas.pt\/pt\/eleicoes\/resultados-oficiais\/\" class=\"elementor-item\">Resultados Oficiais<\/a><\/li>\n<li class=\"menu-item menu-item-type-post_type menu-item-object-page menu-item-2853\"><a href=\"https:\/\/ordemdosfisioterapeutas.pt\/pt\/eleicoes\/faq-eleicoes\/\" class=\"elementor-item\">Perguntas Frequentes<\/a><\/li>\n<\/ul>\t\t\t<\/nav>\n\t\t\t\t\t<div class=\"elementor-menu-toggle\" role=\"button\" tabindex=\"0\" aria-label=\"Menu Toggle\" aria-expanded=\"false\">\n\t\t\t<i aria-hidden=\"true\" role=\"presentation\" class=\"elementor-menu-toggle__icon--open eicon-menu-bar\"><\/i><i aria-hidden=\"true\" role=\"presentation\" class=\"elementor-menu-toggle__icon--close eicon-close\"><\/i>\t\t<\/div>\n\t\t\t\t\t<nav class=\"elementor-nav-menu--dropdown elementor-nav-menu__container\" aria-hidden=\"true\">\n\t\t\t\t<ul id=\"menu-2-91b7ccc\" class=\"elementor-nav-menu sm-vertical\"><li class=\"menu-item menu-item-type-post_type menu-item-object-page menu-item-2852\"><a href=\"https:\/\/ordemdosfisioterapeutas.pt\/pt\/eleicoes\/\" class=\"elementor-item\" tabindex=\"-1\">Elei\u00e7\u00f5es para o Conselho de Supervis\u00e3o<\/a><\/li>\n<li class=\"menu-item menu-item-type-post_type menu-item-object-page menu-item-2863\"><a href=\"https:\/\/ordemdosfisioterapeutas.pt\/pt\/eleicoes\/calendario-eleitoral\/\" class=\"elementor-item\" tabindex=\"-1\">Calend\u00e1rio Eleitoral<\/a><\/li>\n<li class=\"menu-item menu-item-type-post_type menu-item-object-page menu-item-2864\"><a href=\"https:\/\/ordemdosfisioterapeutas.pt\/pt\/eleicoes\/comissao-eleitoral\/\" class=\"elementor-item\" tabindex=\"-1\">Comiss\u00e3o Eleitoral<\/a><\/li>\n<li class=\"menu-item menu-item-type-post_type menu-item-object-page menu-item-2862\"><a href=\"https:\/\/ordemdosfisioterapeutas.pt\/pt\/eleicoes\/recenseamento\/\" class=\"elementor-item\" tabindex=\"-1\">Recenseamento<\/a><\/li>\n<li class=\"menu-item menu-item-type-post_type menu-item-object-page menu-item-2861\"><a href=\"https:\/\/ordemdosfisioterapeutas.pt\/pt\/eleicoes\/caderno-eleitoral\/\" class=\"elementor-item\" tabindex=\"-1\">Caderno Eleitoral<\/a><\/li>\n<li class=\"menu-item menu-item-type-post_type menu-item-object-page menu-item-2860\"><a href=\"https:\/\/ordemdosfisioterapeutas.pt\/pt\/eleicoes\/candidaturas\/\" class=\"elementor-item\" tabindex=\"-1\">Candidaturas<\/a><\/li>\n<li class=\"menu-item menu-item-type-post_type menu-item-object-page menu-item-2859\"><a href=\"https:\/\/ordemdosfisioterapeutas.pt\/pt\/eleicoes\/listas-candidatas\/\" class=\"elementor-item\" tabindex=\"-1\">Listas Candidatas<\/a><\/li>\n<li class=\"menu-item menu-item-type-post_type menu-item-object-page menu-item-2858\"><a href=\"https:\/\/ordemdosfisioterapeutas.pt\/pt\/eleicoes\/campanha-eleitoral\/\" class=\"elementor-item\" tabindex=\"-1\">Campanha Eleitoral<\/a><\/li>\n<li class=\"menu-item menu-item-type-post_type menu-item-object-page menu-item-2857\"><a href=\"https:\/\/ordemdosfisioterapeutas.pt\/pt\/eleicoes\/ato-eleitoral\/\" class=\"elementor-item\" tabindex=\"-1\">Ato Eleitoral<\/a><\/li>\n<li class=\"menu-item menu-item-type-post_type menu-item-object-page menu-item-2856\"><a href=\"https:\/\/ordemdosfisioterapeutas.pt\/pt\/eleicoes\/apuramento-dos-resultados\/\" class=\"elementor-item\" tabindex=\"-1\">Resultados Provis\u00f3rios<\/a><\/li>\n<li class=\"menu-item menu-item-type-post_type menu-item-object-page menu-item-2855\"><a href=\"https:\/\/ordemdosfisioterapeutas.pt\/pt\/eleicoes\/resultados-oficiais\/\" class=\"elementor-item\" tabindex=\"-1\">Resultados Oficiais<\/a><\/li>\n<li class=\"menu-item menu-item-type-post_type menu-item-object-page menu-item-2853\"><a href=\"https:\/\/ordemdosfisioterapeutas.pt\/pt\/eleicoes\/faq-eleicoes\/\" class=\"elementor-item\" tabindex=\"-1\">Perguntas Frequentes<\/a><\/li>\n<\/ul>\t\t\t<\/nav>\n\t\t\t\t\t\t<\/div>\n\t\t\t\t<\/div>\n\t\t\t\t\t<\/div>\n\t\t<\/div>\n\t\t\t\t\t<\/div>\n\t\t<\/section>\n\t\t\t\t\t<\/div>\n\t\t<\/div>\n\t\t\t\t<div class=\"elementor-column elementor-col-50 elementor-top-column elementor-element elementor-element-77a0b004\" data-id=\"77a0b004\" data-element_type=\"column\" data-e-type=\"column\">\n\t\t\t<div class=\"elementor-widget-wrap elementor-element-populated\">\n\t\t\t\t\t\t<div class=\"elementor-element elementor-element-d7e9ee3 elementor-widget elementor-widget-text-editor\" data-id=\"d7e9ee3\" data-element_type=\"widget\" data-e-type=\"widget\" data-widget_type=\"text-editor.default\">\n\t\t\t\t<div class=\"elementor-widget-container\">\n\t\t\t\t\t\t\t\t\t<p>Consulte todas as etapas do processo eleitoral do Conselho de Supervis\u00e3o de 2024. \u00c9 fundamental que todos os envolvidos tenham conhecimento dos prazos e datas importantes:<\/p>\t\t\t\t\t\t\t\t<\/div>\n\t\t\t\t<\/div>\n\t\t\t\t<div class=\"elementor-element elementor-element-824af1a elementor-widget elementor-widget-image\" data-id=\"824af1a\" data-element_type=\"widget\" data-e-type=\"widget\" data-widget_type=\"image.default\">\n\t\t\t\t<div class=\"elementor-widget-container\">\n\t\t\t\t\t\t\t\t\t\t\t\t\t\t\t<img fetchpriority=\"high\" decoding=\"async\" width=\"855\" height=\"641\" src=\"https:\/\/ordemdosfisioterapeutas.pt\/wp-content\/uploads\/2024\/08\/calendario-eleitoral-2024-1024x768.jpeg\" class=\"attachment-large size-large wp-image-8604\" alt=\"\" srcset=\"https:\/\/ordemdosfisioterapeutas.pt\/wp-content\/uploads\/2024\/08\/calendario-eleitoral-2024-1024x768.jpeg 1024w, https:\/\/ordemdosfisioterapeutas.pt\/wp-content\/uploads\/2024\/08\/calendario-eleitoral-2024-300x225.jpeg 300w, https:\/\/ordemdosfisioterapeutas.pt\/wp-content\/uploads\/2024\/08\/calendario-eleitoral-2024-768x576.jpeg 768w, https:\/\/ordemdosfisioterapeutas.pt\/wp-content\/uploads\/2024\/08\/calendario-eleitoral-2024-16x12.jpeg 16w, https:\/\/ordemdosfisioterapeutas.pt\/wp-content\/uploads\/2024\/08\/calendario-eleitoral-2024.jpeg 1152w\" sizes=\"(max-width: 855px) 100vw, 855px\" \/>\t\t\t\t\t\t\t\t\t\t\t\t\t\t\t<\/div>\n\t\t\t\t<\/div>\n\t\t\t\t<div class=\"elementor-element elementor-element-a27db12 elementor-widget elementor-widget-shortcode\" data-id=\"a27db12\" data-element_type=\"widget\" data-e-type=\"widget\" data-widget_type=\"shortcode.default\">\n\t\t\t\t<div class=\"elementor-widget-container\">\n\t\t\t\t\t\t\t<div class=\"elementor-shortcode\">\n<table id=\"tablepress-19\" class=\"tablepress tablepress-id-19\">\n<thead>\n<tr class=\"row-1\">\n\t<th class=\"column-1\">TAREFA<\/th><th class=\"column-2\">PRAZO<\/th><th class=\"column-3\">DATA LIMITE<\/th>\n<\/tr>\n<\/thead>\n<tbody class=\"row-striping row-hover\">\n<tr class=\"row-2\">\n\t<td class=\"column-1\">Inicio do prazo de apresentac\u0327a\u0303o de candidaturas<\/td><td class=\"column-2\">90 dias dias antes das eleic\u0327o\u0303es<\/td><td class=\"column-3\">17 de agosto de 2024<\/td>\n<\/tr>\n<tr class=\"row-3\">\n\t<td class=\"column-1\">Fim do prazo de apresentac\u0327a\u0303o de candidaturas<\/td><td class=\"column-2\">60 dias antes das eleic\u0327o\u0303es<\/td><td class=\"column-3\">16 de setembro de 2024<\/td>\n<\/tr>\n<tr class=\"row-4\">\n\t<td class=\"column-1\">Convocac\u0327a\u0303o da Comissa\u0303o eleitoral (CE)<\/td><td class=\"column-2\">59 dias antes das eleic\u0327o\u0303es<\/td><td class=\"column-3\">17 de setembro de 2024<\/td>\n<\/tr>\n<tr class=\"row-5\">\n\t<td class=\"column-1\">Afixac\u0327a\u0303o e publicac\u0327a\u0303o de anu\u0301ncio da CE<\/td><td class=\"column-2\">59 dias antes das eleic\u0327o\u0303es<\/td><td class=\"column-3\">17 de setembro de 2024<\/td>\n<\/tr>\n<tr class=\"row-6\">\n\t<td class=\"column-1\">Verificac\u0327a\u0303o de Irregularidades das candidaturas<\/td><td class=\"column-2\">ate\u0301 5 dias apo\u0301s recec\u0327a\u0303o das candidaturas<\/td><td class=\"column-3\">21 de setembro de 2024<\/td>\n<\/tr>\n<tr class=\"row-7\">\n\t<td class=\"column-1\">Regularizac\u0327a\u0303o de eventuais irregularidades<\/td><td class=\"column-2\">em 3 dias apo\u0301s prazo acima<\/td><td class=\"column-3\">24 de setembro de 2024<\/td>\n<\/tr>\n<tr class=\"row-8\">\n\t<td class=\"column-1\">Rejeic\u0327ao de candidaturas na\u0303o regularizadas<\/td><td class=\"column-2\">48 horas apo\u0301s prazo acima<\/td><td class=\"column-3\">26 de setembro de 2024<\/td>\n<\/tr>\n<tr class=\"row-9\">\n\t<td class=\"column-1\">Sorteio das listas no boletim de voto<\/td><td class=\"column-2\">5 dias apo\u0301s apresentac\u0327a\u0303o ou aceitac\u0327a\u0303o das listas<\/td><td class=\"column-3\">1 de outubro de 2024<\/td>\n<\/tr>\n<tr class=\"row-10\">\n\t<td class=\"column-1\">Publicac\u0327a\u0303o das listas<\/td><td class=\"column-2\">5 dias apo\u0301s sorteio<\/td><td class=\"column-3\">6 de outubro de 2024<\/td>\n<\/tr>\n<tr class=\"row-11\">\n\t<td class=\"column-1\">Extrac\u0327a\u0303o dos cadernos eleitorais<\/td><td class=\"column-2\">31 dias antes das eleic\u0327o\u0303es<\/td><td class=\"column-3\">15 de outubro de 2024<\/td>\n<\/tr>\n<tr class=\"row-12\">\n\t<td class=\"column-1\">Publicac\u0327a\u0303o dos cadernos eleitorais<\/td><td class=\"column-2\">ate\u0301 30 dias antes das eleic\u0327o\u0303es<\/td><td class=\"column-3\">16 de outubro de 2024<\/td>\n<\/tr>\n<tr class=\"row-13\">\n\t<td class=\"column-1\">Apresentac\u0327a\u0303o de reclamac\u0327o\u0303es relativamente aos cadernos eleitorais<\/td><td class=\"column-2\">ate\u0301 10 dias depois da publicac\u0327a\u0303o<\/td><td class=\"column-3\">26 de outubro de 2024<\/td>\n<\/tr>\n<tr class=\"row-14\">\n\t<td class=\"column-1\">Decisa\u0303o relativamente a\u0300s reclamac\u0327o\u0303es<\/td><td class=\"column-2\">48 horas depois do prazo acima<\/td><td class=\"column-3\">28 de outubro de 2024<\/td>\n<\/tr>\n<tr class=\"row-15\">\n\t<td class=\"column-1\">Entrega de cadernos eleitorais a\u0300 empresa de voto eletro\u0301nico<\/td><td class=\"column-2\"><\/td><td class=\"column-3\">28 de outubro de 2024<\/td>\n<\/tr>\n<tr class=\"row-16\">\n\t<td class=\"column-1\">Ini\u0301cio da campanha eleitoral<\/td><td class=\"column-2\">15 dias antes das eleic\u0327o\u0303es<\/td><td class=\"column-3\">31 de outubro de 2024<\/td>\n<\/tr>\n<tr class=\"row-17\">\n\t<td class=\"column-1\">Substituic\u0327a\u0303o de candidato<\/td><td class=\"column-2\">ate\u0301 10 dias antes das eleic\u0327o\u0303es<\/td><td class=\"column-3\">5 de novembro de 2024<\/td>\n<\/tr>\n<tr class=\"row-18\">\n\t<td class=\"column-1\">Acesso a\u0300 plataforma de voto<\/td><td class=\"column-2\">3 dias antes das eleic\u0327o\u0303es<\/td><td class=\"column-3\">12 de novembro de 2024<\/td>\n<\/tr>\n<tr class=\"row-19\">\n\t<td class=\"column-1\">Envio de ID Eleitor, por via eletro\u0301nica<\/td><td class=\"column-2\">3 dias antes das eleic\u0327o\u0303es<\/td><td class=\"column-3\">12 de novembro de 2024<\/td>\n<\/tr>\n<tr class=\"row-20\">\n\t<td class=\"column-1\">Te\u0301rmino da campanha eleitoral<\/td><td class=\"column-2\">2 dias antes das eleic\u0327o\u0303es<\/td><td class=\"column-3\">13 de novembro de 2024<\/td>\n<\/tr>\n<tr class=\"row-21\">\n\t<td class=\"column-1\">Envio de pin, por SMS<\/td><td class=\"column-2\">no dia anterior a\u0300s eleic\u0327o\u0303es<\/td><td class=\"column-3\">14 de novembro de 2024<\/td>\n<\/tr>\n<tr class=\"row-22\">\n\t<td class=\"column-1\">Eleic\u0327o\u0303es<\/td><td class=\"column-2\"><\/td><td class=\"column-3\">15 de novembro de 2024<\/td>\n<\/tr>\n<\/tbody>\n<\/table>\n<!-- #tablepress-19 from cache --><\/div>\n\t\t\t\t\t\t<\/div>\n\t\t\t\t<\/div>\n\t\t\t\t\t<\/div>\n\t\t<\/div>\n\t\t\t\t\t<\/div>\n\t\t<\/section>\n\t\t\t\t<\/div>\n\t\t","protected":false},"excerpt":{"rendered":"<p>Consulte todas as etapas do processo eleitoral do Conselho de Supervis\u00e3o de 2024. \u00c9 fundamental que todos os envolvidos tenham conhecimento dos prazos e datas importantes:<\/p>\n","protected":false},"author":1,"featured_media":0,"parent":2495,"menu_order":2,"comment_status":"closed","ping_status":"closed","template":"","meta":{"footnotes":""},"class_list":["post-2830","page","type-page","status-publish"],"_links":{"self":[{"href":"https:\/\/ordemdosfisioterapeutas.pt\/pt\/wp-json\/wp\/v2\/pages\/2830","targetHints":{"allow":["GET"]}}],"collection":[{"href":"https:\/\/ordemdosfisioterapeutas.pt\/pt\/wp-json\/wp\/v2\/pages"}],"about":[{"href":"https:\/\/ordemdosfisioterapeutas.pt\/pt\/wp-json\/wp\/v2\/types\/page"}],"author":[{"embeddable":true,"href":"https:\/\/ordemdosfisioterapeutas.pt\/pt\/wp-json\/wp\/v2\/users\/1"}],"replies":[{"embeddable":true,"href":"https:\/\/ordemdosfisioterapeutas.pt\/pt\/wp-json\/wp\/v2\/comments?post=2830"}],"version-history":[{"count":0,"href":"https:\/\/ordemdosfisioterapeutas.pt\/pt\/wp-json\/wp\/v2\/pages\/2830\/revisions"}],"up":[{"embeddable":true,"href":"https:\/\/ordemdosfisioterapeutas.pt\/pt\/wp-json\/wp\/v2\/pages\/2495"}],"wp:attachment":[{"href":"https:\/\/ordemdosfisioterapeutas.pt\/pt\/wp-json\/wp\/v2\/media?parent=2830"}],"curies":[{"name":"wp","href":"https:\/\/api.w.org\/{rel}","templated":true}]}}