{"id":1999,"date":"2021-04-24T21:44:03","date_gmt":"2021-04-24T21:44:03","guid":{"rendered":"https:\/\/ordemdosfisioterapeutas.pt\/?page_id=1999"},"modified":"2024-01-12T10:11:28","modified_gmt":"2024-01-12T10:11:28","slug":"comissao-tecnica-admissao","status":"publish","type":"page","link":"https:\/\/ordemdosfisioterapeutas.pt\/pt\/comissao-tecnica-admissao\/","title":{"rendered":"Comiss\u00e3o T\u00e9cnica de Admiss\u00e3o"},"content":{"rendered":"\t\t<div data-elementor-type=\"wp-page\" data-elementor-id=\"1999\" class=\"elementor elementor-1999\" data-elementor-post-type=\"page\">\n\t\t\t\t\t\t<section class=\"elementor-section elementor-top-section elementor-element elementor-element-c266854 elementor-section-boxed elementor-section-height-default elementor-section-height-default\" data-id=\"c266854\" data-element_type=\"section\" data-e-type=\"section\">\n\t\t\t\t\t\t<div class=\"elementor-container elementor-column-gap-default\">\n\t\t\t\t\t<div class=\"elementor-column elementor-col-33 elementor-top-column elementor-element elementor-element-7cdcda7\" data-id=\"7cdcda7\" data-element_type=\"column\" data-e-type=\"column\">\n\t\t\t<div class=\"elementor-widget-wrap\">\n\t\t\t\t\t\t\t<\/div>\n\t\t<\/div>\n\t\t\t\t<div class=\"elementor-column elementor-col-33 elementor-top-column elementor-element elementor-element-ebf16f2\" data-id=\"ebf16f2\" data-element_type=\"column\" data-e-type=\"column\">\n\t\t\t<div class=\"elementor-widget-wrap elementor-element-populated\">\n\t\t\t\t\t\t<div class=\"elementor-element elementor-element-2e08700 elementor-widget__width-initial elementor-position-top elementor-widget elementor-widget-image-box\" data-id=\"2e08700\" data-element_type=\"widget\" data-e-type=\"widget\" data-widget_type=\"image-box.default\">\n\t\t\t\t<div class=\"elementor-widget-container\">\n\t\t\t\t\t<div class=\"elementor-image-box-wrapper\"><figure class=\"elementor-image-box-img\"><a href=\"https:\/\/ordemdosfisioterapeutas.pt\/wp-content\/uploads\/2022\/04\/CTA_1_Beatriz-Fernandes.pdf\" target=\"_blank\" tabindex=\"-1\"><img fetchpriority=\"high\" decoding=\"async\" width=\"550\" height=\"383\" src=\"https:\/\/ordemdosfisioterapeutas.pt\/wp-content\/uploads\/2022\/04\/CTA_1_Beatriz-Fernandes.png\" class=\"attachment-full size-full wp-image-4374\" alt=\"CTA_1_Beatriz Fernandes\" srcset=\"https:\/\/ordemdosfisioterapeutas.pt\/wp-content\/uploads\/2022\/04\/CTA_1_Beatriz-Fernandes.png 550w, https:\/\/ordemdosfisioterapeutas.pt\/wp-content\/uploads\/2022\/04\/CTA_1_Beatriz-Fernandes-300x209.png 300w, https:\/\/ordemdosfisioterapeutas.pt\/wp-content\/uploads\/2022\/04\/CTA_1_Beatriz-Fernandes-18x12.png 18w\" sizes=\"(max-width: 550px) 100vw, 550px\" \/><\/a><\/figure><div class=\"elementor-image-box-content\"><h3 class=\"elementor-image-box-title\"><a href=\"https:\/\/ordemdosfisioterapeutas.pt\/wp-content\/uploads\/2022\/04\/CTA_1_Beatriz-Fernandes.pdf\" target=\"_blank\">Beatriz Fernandes<\/a><\/h3><p class=\"elementor-image-box-description\">Presidente\n<br>\nC\u00e9dula n.\u00ba: 13<\/p><\/div><\/div>\t\t\t\t<\/div>\n\t\t\t\t<\/div>\n\t\t\t\t\t<\/div>\n\t\t<\/div>\n\t\t\t\t<div class=\"elementor-column elementor-col-33 elementor-top-column elementor-element elementor-element-781f1ac\" data-id=\"781f1ac\" data-element_type=\"column\" data-e-type=\"column\">\n\t\t\t<div class=\"elementor-widget-wrap\">\n\t\t\t\t\t\t\t<\/div>\n\t\t<\/div>\n\t\t\t\t\t<\/div>\n\t\t<\/section>\n\t\t\t\t<section class=\"elementor-section elementor-top-section elementor-element elementor-element-8148fca elementor-section-boxed elementor-section-height-default elementor-section-height-default\" data-id=\"8148fca\" data-element_type=\"section\" data-e-type=\"section\">\n\t\t\t\t\t\t<div class=\"elementor-container elementor-column-gap-default\">\n\t\t\t\t\t<div class=\"elementor-column elementor-col-20 elementor-top-column elementor-element elementor-element-a2b4b2f\" data-id=\"a2b4b2f\" data-element_type=\"column\" data-e-type=\"column\">\n\t\t\t<div class=\"elementor-widget-wrap\">\n\t\t\t\t\t\t\t<\/div>\n\t\t<\/div>\n\t\t\t\t<div class=\"elementor-column elementor-col-20 elementor-top-column elementor-element elementor-element-d4aa0ce\" data-id=\"d4aa0ce\" data-element_type=\"column\" data-e-type=\"column\">\n\t\t\t<div class=\"elementor-widget-wrap elementor-element-populated\">\n\t\t\t\t\t\t<div class=\"elementor-element elementor-element-b4c1762 elementor-position-top elementor-widget elementor-widget-image-box\" data-id=\"b4c1762\" data-element_type=\"widget\" data-e-type=\"widget\" data-widget_type=\"image-box.default\">\n\t\t\t\t<div class=\"elementor-widget-container\">\n\t\t\t\t\t<div class=\"elementor-image-box-wrapper\"><figure class=\"elementor-image-box-img\"><a href=\"https:\/\/ordemdosfisioterapeutas.pt\/wp-content\/uploads\/2022\/04\/CTA_2_Patricia-Almeida.pdf\" target=\"_blank\" tabindex=\"-1\"><img decoding=\"async\" width=\"550\" height=\"383\" src=\"https:\/\/ordemdosfisioterapeutas.pt\/wp-content\/uploads\/2022\/04\/CTA_2_Patricia-Almeida.png\" class=\"attachment-full size-full wp-image-4381\" alt=\"CTA_2_Patricia Almeida\" srcset=\"https:\/\/ordemdosfisioterapeutas.pt\/wp-content\/uploads\/2022\/04\/CTA_2_Patricia-Almeida.png 550w, https:\/\/ordemdosfisioterapeutas.pt\/wp-content\/uploads\/2022\/04\/CTA_2_Patricia-Almeida-300x209.png 300w, https:\/\/ordemdosfisioterapeutas.pt\/wp-content\/uploads\/2022\/04\/CTA_2_Patricia-Almeida-18x12.png 18w\" sizes=\"(max-width: 550px) 100vw, 550px\" \/><\/a><\/figure><div class=\"elementor-image-box-content\"><h3 class=\"elementor-image-box-title\"><a href=\"https:\/\/ordemdosfisioterapeutas.pt\/wp-content\/uploads\/2022\/04\/CTA_2_Patricia-Almeida.pdf\" target=\"_blank\">Patr\u00edcia Almeida<\/a><\/h3><p class=\"elementor-image-box-description\">1\u00aa Vice-Presidente\n<br>\nC\u00e9dula n.\u00ba: 12<\/p><\/div><\/div>\t\t\t\t<\/div>\n\t\t\t\t<\/div>\n\t\t\t\t\t<\/div>\n\t\t<\/div>\n\t\t\t\t<div class=\"elementor-column elementor-col-20 elementor-top-column elementor-element elementor-element-0ab0fe5\" data-id=\"0ab0fe5\" data-element_type=\"column\" data-e-type=\"column\">\n\t\t\t<div class=\"elementor-widget-wrap elementor-element-populated\">\n\t\t\t\t\t\t<div class=\"elementor-element elementor-element-303b113 elementor-position-top elementor-widget elementor-widget-image-box\" data-id=\"303b113\" data-element_type=\"widget\" data-e-type=\"widget\" data-widget_type=\"image-box.default\">\n\t\t\t\t<div class=\"elementor-widget-container\">\n\t\t\t\t\t<div class=\"elementor-image-box-wrapper\"><figure class=\"elementor-image-box-img\"><a href=\"https:\/\/ordemdosfisioterapeutas.pt\/wp-content\/uploads\/2022\/04\/CTA_3_Gabriela-Brochado_.pdf\" target=\"_blank\" tabindex=\"-1\"><img decoding=\"async\" width=\"550\" height=\"383\" src=\"https:\/\/ordemdosfisioterapeutas.pt\/wp-content\/uploads\/2022\/04\/CTA_3_Gabriela-Brochado_.png\" class=\"attachment-full size-full wp-image-4382\" alt=\"CTA_3_Gabriela Brochado_\" srcset=\"https:\/\/ordemdosfisioterapeutas.pt\/wp-content\/uploads\/2022\/04\/CTA_3_Gabriela-Brochado_.png 550w, https:\/\/ordemdosfisioterapeutas.pt\/wp-content\/uploads\/2022\/04\/CTA_3_Gabriela-Brochado_-300x209.png 300w, https:\/\/ordemdosfisioterapeutas.pt\/wp-content\/uploads\/2022\/04\/CTA_3_Gabriela-Brochado_-18x12.png 18w\" sizes=\"(max-width: 550px) 100vw, 550px\" \/><\/a><\/figure><div class=\"elementor-image-box-content\"><h3 class=\"elementor-image-box-title\"><a href=\"https:\/\/ordemdosfisioterapeutas.pt\/wp-content\/uploads\/2022\/04\/CTA_3_Gabriela-Brochado_.pdf\" target=\"_blank\">Gabriela Brochado<\/a><\/h3><p class=\"elementor-image-box-description\">2\u00aa Vice-Presidente\n<br>\nC\u00e9dula n.\u00ba: 14<\/p><\/div><\/div>\t\t\t\t<\/div>\n\t\t\t\t<\/div>\n\t\t\t\t\t<\/div>\n\t\t<\/div>\n\t\t\t\t<div class=\"elementor-column elementor-col-20 elementor-top-column elementor-element elementor-element-7fc6b28\" data-id=\"7fc6b28\" data-element_type=\"column\" data-e-type=\"column\">\n\t\t\t<div class=\"elementor-widget-wrap elementor-element-populated\">\n\t\t\t\t\t\t<div class=\"elementor-element elementor-element-a8b50dc elementor-position-top elementor-widget elementor-widget-image-box\" data-id=\"a8b50dc\" data-element_type=\"widget\" data-e-type=\"widget\" data-widget_type=\"image-box.default\">\n\t\t\t\t<div class=\"elementor-widget-container\">\n\t\t\t\t\t<div class=\"elementor-image-box-wrapper\"><figure class=\"elementor-image-box-img\"><a href=\"https:\/\/ordemdosfisioterapeutas.pt\/wp-content\/uploads\/2022\/04\/CTA_4_Luis-Cavalheiro_CTA.pdf\" target=\"_blank\" tabindex=\"-1\"><img loading=\"lazy\" decoding=\"async\" width=\"550\" height=\"383\" src=\"https:\/\/ordemdosfisioterapeutas.pt\/wp-content\/uploads\/2022\/04\/CTA_4_Luis-Cavalheiro_CTA.png\" class=\"attachment-full size-full wp-image-4383\" alt=\"CTA_4_Luis Cavalheiro_CTA\" srcset=\"https:\/\/ordemdosfisioterapeutas.pt\/wp-content\/uploads\/2022\/04\/CTA_4_Luis-Cavalheiro_CTA.png 550w, https:\/\/ordemdosfisioterapeutas.pt\/wp-content\/uploads\/2022\/04\/CTA_4_Luis-Cavalheiro_CTA-300x209.png 300w, https:\/\/ordemdosfisioterapeutas.pt\/wp-content\/uploads\/2022\/04\/CTA_4_Luis-Cavalheiro_CTA-18x12.png 18w\" sizes=\"(max-width: 550px) 100vw, 550px\" \/><\/a><\/figure><div class=\"elementor-image-box-content\"><h3 class=\"elementor-image-box-title\"><a href=\"https:\/\/ordemdosfisioterapeutas.pt\/wp-content\/uploads\/2022\/04\/CTA_4_Luis-Cavalheiro_CTA.pdf\" target=\"_blank\">Luis Cavalheiro<\/a><\/h3><p class=\"elementor-image-box-description\">3\u00ba Vice-Presidente\n<br>\nC\u00e9dula n.\u00ba: 2649<\/p><\/div><\/div>\t\t\t\t<\/div>\n\t\t\t\t<\/div>\n\t\t\t\t\t<\/div>\n\t\t<\/div>\n\t\t\t\t<div class=\"elementor-column elementor-col-20 elementor-top-column elementor-element elementor-element-038dc9a\" data-id=\"038dc9a\" data-element_type=\"column\" data-e-type=\"column\">\n\t\t\t<div class=\"elementor-widget-wrap\">\n\t\t\t\t\t\t\t<\/div>\n\t\t<\/div>\n\t\t\t\t\t<\/div>\n\t\t<\/section>\n\t\t\t\t<section class=\"elementor-section elementor-top-section elementor-element elementor-element-b9ece51 elementor-section-boxed elementor-section-height-default elementor-section-height-default\" data-id=\"b9ece51\" data-element_type=\"section\" data-e-type=\"section\">\n\t\t\t\t\t\t<div class=\"elementor-container elementor-column-gap-default\">\n\t\t\t\t\t<div class=\"elementor-column elementor-col-20 elementor-top-column elementor-element elementor-element-4196ecf\" data-id=\"4196ecf\" data-element_type=\"column\" data-e-type=\"column\">\n\t\t\t<div class=\"elementor-widget-wrap\">\n\t\t\t\t\t\t\t<\/div>\n\t\t<\/div>\n\t\t\t\t<div class=\"elementor-column elementor-col-20 elementor-top-column elementor-element elementor-element-0bd0c5e\" data-id=\"0bd0c5e\" data-element_type=\"column\" data-e-type=\"column\">\n\t\t\t<div class=\"elementor-widget-wrap elementor-element-populated\">\n\t\t\t\t\t\t<div class=\"elementor-element elementor-element-d027533 elementor-position-top elementor-widget elementor-widget-image-box\" data-id=\"d027533\" data-element_type=\"widget\" data-e-type=\"widget\" data-widget_type=\"image-box.default\">\n\t\t\t\t<div class=\"elementor-widget-container\">\n\t\t\t\t\t<div class=\"elementor-image-box-wrapper\"><figure class=\"elementor-image-box-img\"><a href=\"https:\/\/ordemdosfisioterapeutas.pt\/wp-content\/uploads\/2022\/04\/CTA_5_Andreia-Noites.pdf\" target=\"_blank\" tabindex=\"-1\"><img loading=\"lazy\" decoding=\"async\" width=\"550\" height=\"383\" src=\"https:\/\/ordemdosfisioterapeutas.pt\/wp-content\/uploads\/2022\/04\/CTA_5_Andreia-Noites.png\" class=\"attachment-full size-full wp-image-4384\" alt=\"CTA_5_Andreia Noites\" srcset=\"https:\/\/ordemdosfisioterapeutas.pt\/wp-content\/uploads\/2022\/04\/CTA_5_Andreia-Noites.png 550w, https:\/\/ordemdosfisioterapeutas.pt\/wp-content\/uploads\/2022\/04\/CTA_5_Andreia-Noites-300x209.png 300w, https:\/\/ordemdosfisioterapeutas.pt\/wp-content\/uploads\/2022\/04\/CTA_5_Andreia-Noites-18x12.png 18w\" sizes=\"(max-width: 550px) 100vw, 550px\" \/><\/a><\/figure><div class=\"elementor-image-box-content\"><h3 class=\"elementor-image-box-title\"><a href=\"https:\/\/ordemdosfisioterapeutas.pt\/wp-content\/uploads\/2022\/04\/CTA_5_Andreia-Noites.pdf\" target=\"_blank\">Andreia Noites<\/a><\/h3><p class=\"elementor-image-box-description\">Vogal\n<br>\nC\u00e9dula n.\u00ba: 4027<\/p><\/div><\/div>\t\t\t\t<\/div>\n\t\t\t\t<\/div>\n\t\t\t\t\t<\/div>\n\t\t<\/div>\n\t\t\t\t<div class=\"elementor-column elementor-col-20 elementor-top-column elementor-element elementor-element-7f15f94\" data-id=\"7f15f94\" data-element_type=\"column\" data-e-type=\"column\">\n\t\t\t<div class=\"elementor-widget-wrap elementor-element-populated\">\n\t\t\t\t\t\t<div class=\"elementor-element elementor-element-1eb9216 elementor-position-top elementor-widget elementor-widget-image-box\" data-id=\"1eb9216\" data-element_type=\"widget\" data-e-type=\"widget\" data-widget_type=\"image-box.default\">\n\t\t\t\t<div class=\"elementor-widget-container\">\n\t\t\t\t\t<div class=\"elementor-image-box-wrapper\"><figure class=\"elementor-image-box-img\"><a href=\"https:\/\/ordemdosfisioterapeutas.pt\/wp-content\/uploads\/2024\/01\/CTA_8_Rute-Crisostomo_.pdf\" target=\"_blank\" tabindex=\"-1\"><img loading=\"lazy\" decoding=\"async\" width=\"550\" height=\"383\" src=\"https:\/\/ordemdosfisioterapeutas.pt\/wp-content\/uploads\/2024\/01\/CTA_6_rute_crisostomo.png\" class=\"attachment-full size-full wp-image-7408\" alt=\"\" srcset=\"https:\/\/ordemdosfisioterapeutas.pt\/wp-content\/uploads\/2024\/01\/CTA_6_rute_crisostomo.png 550w, https:\/\/ordemdosfisioterapeutas.pt\/wp-content\/uploads\/2024\/01\/CTA_6_rute_crisostomo-300x209.png 300w, https:\/\/ordemdosfisioterapeutas.pt\/wp-content\/uploads\/2024\/01\/CTA_6_rute_crisostomo-18x12.png 18w\" sizes=\"(max-width: 550px) 100vw, 550px\" \/><\/a><\/figure><div class=\"elementor-image-box-content\"><h3 class=\"elementor-image-box-title\"><a href=\"https:\/\/ordemdosfisioterapeutas.pt\/wp-content\/uploads\/2024\/01\/CTA_8_Rute-Crisostomo_.pdf\" target=\"_blank\">Rute Cris\u00f3stomo<\/a><\/h3><p class=\"elementor-image-box-description\">Vogal\n<br>\nC\u00e9dula n.\u00ba: 3042<\/p><\/div><\/div>\t\t\t\t<\/div>\n\t\t\t\t<\/div>\n\t\t\t\t\t<\/div>\n\t\t<\/div>\n\t\t\t\t<div class=\"elementor-column elementor-col-20 elementor-top-column elementor-element elementor-element-0daeecd\" data-id=\"0daeecd\" data-element_type=\"column\" data-e-type=\"column\">\n\t\t\t<div class=\"elementor-widget-wrap elementor-element-populated\">\n\t\t\t\t\t\t<div class=\"elementor-element elementor-element-e9cb4df elementor-position-top elementor-widget elementor-widget-image-box\" data-id=\"e9cb4df\" data-element_type=\"widget\" data-e-type=\"widget\" data-widget_type=\"image-box.default\">\n\t\t\t\t<div class=\"elementor-widget-container\">\n\t\t\t\t\t<div class=\"elementor-image-box-wrapper\"><figure class=\"elementor-image-box-img\"><a href=\"https:\/\/ordemdosfisioterapeutas.pt\/wp-content\/uploads\/2022\/04\/CTA_7_Daniela-Simoes.pdf\" target=\"_blank\" tabindex=\"-1\"><img loading=\"lazy\" decoding=\"async\" width=\"550\" height=\"383\" src=\"https:\/\/ordemdosfisioterapeutas.pt\/wp-content\/uploads\/2022\/04\/CTA_7_Daniela-Simoes.png\" class=\"attachment-full size-full wp-image-4386\" alt=\"CTA_7_Daniela Simoes\" srcset=\"https:\/\/ordemdosfisioterapeutas.pt\/wp-content\/uploads\/2022\/04\/CTA_7_Daniela-Simoes.png 550w, https:\/\/ordemdosfisioterapeutas.pt\/wp-content\/uploads\/2022\/04\/CTA_7_Daniela-Simoes-300x209.png 300w, https:\/\/ordemdosfisioterapeutas.pt\/wp-content\/uploads\/2022\/04\/CTA_7_Daniela-Simoes-18x12.png 18w\" sizes=\"(max-width: 550px) 100vw, 550px\" \/><\/a><\/figure><div class=\"elementor-image-box-content\"><h3 class=\"elementor-image-box-title\"><a href=\"https:\/\/ordemdosfisioterapeutas.pt\/wp-content\/uploads\/2022\/04\/CTA_7_Daniela-Simoes.pdf\" target=\"_blank\">Daniela Sim\u00f5es<\/a><\/h3><p class=\"elementor-image-box-description\">Vogal\n<br>\nC\u00e9dula n.\u00ba: 1397<\/p><\/div><\/div>\t\t\t\t<\/div>\n\t\t\t\t<\/div>\n\t\t\t\t\t<\/div>\n\t\t<\/div>\n\t\t\t\t<div class=\"elementor-column elementor-col-20 elementor-top-column elementor-element elementor-element-fff17e3\" data-id=\"fff17e3\" data-element_type=\"column\" data-e-type=\"column\">\n\t\t\t<div class=\"elementor-widget-wrap\">\n\t\t\t\t\t\t\t<\/div>\n\t\t<\/div>\n\t\t\t\t\t<\/div>\n\t\t<\/section>\n\t\t\t\t<\/div>\n\t\t","protected":false},"excerpt":{"rendered":"<p>Beatriz Fernandes Presidente C\u00e9dula n.\u00ba: 13 Patr\u00edcia Almeida 1\u00aa Vice-Presidente C\u00e9dula n.\u00ba: 12 Gabriela Brochado 2\u00aa Vice-Presidente C\u00e9dula n.\u00ba: 14 Luis Cavalheiro 3\u00ba Vice-Presidente C\u00e9dula n.\u00ba: 2649 Andreia Noites Vogal C\u00e9dula n.\u00ba: 4027 Rute Cris\u00f3stomo Vogal C\u00e9dula n.\u00ba: 3042 Daniela Sim\u00f5es Vogal C\u00e9dula n.\u00ba: 1397<\/p>\n","protected":false},"author":1,"featured_media":0,"parent":0,"menu_order":0,"comment_status":"closed","ping_status":"closed","template":"","meta":{"footnotes":""},"class_list":["post-1999","page","type-page","status-publish"],"_links":{"self":[{"href":"https:\/\/ordemdosfisioterapeutas.pt\/pt\/wp-json\/wp\/v2\/pages\/1999","targetHints":{"allow":["GET"]}}],"collection":[{"href":"https:\/\/ordemdosfisioterapeutas.pt\/pt\/wp-json\/wp\/v2\/pages"}],"about":[{"href":"https:\/\/ordemdosfisioterapeutas.pt\/pt\/wp-json\/wp\/v2\/types\/page"}],"author":[{"embeddable":true,"href":"https:\/\/ordemdosfisioterapeutas.pt\/pt\/wp-json\/wp\/v2\/users\/1"}],"replies":[{"embeddable":true,"href":"https:\/\/ordemdosfisioterapeutas.pt\/pt\/wp-json\/wp\/v2\/comments?post=1999"}],"version-history":[{"count":0,"href":"https:\/\/ordemdosfisioterapeutas.pt\/pt\/wp-json\/wp\/v2\/pages\/1999\/revisions"}],"wp:attachment":[{"href":"https:\/\/ordemdosfisioterapeutas.pt\/pt\/wp-json\/wp\/v2\/media?parent=1999"}],"curies":[{"name":"wp","href":"https:\/\/api.w.org\/{rel}","templated":true}]}}