{"id":1471,"date":"2020-11-11T19:31:32","date_gmt":"2020-11-11T19:31:32","guid":{"rendered":"https:\/\/ordemdosfisioterapeutas.pt\/?page_id=1471"},"modified":"2021-02-03T19:19:24","modified_gmt":"2021-02-03T19:19:24","slug":"mensagem-de-boas-vindas","status":"publish","type":"page","link":"https:\/\/ordemdosfisioterapeutas.pt\/pt\/mensagem-de-boas-vindas\/","title":{"rendered":"Mensagem de boas-vindas"},"content":{"rendered":"\t\t<div data-elementor-type=\"wp-page\" data-elementor-id=\"1471\" class=\"elementor elementor-1471\" data-elementor-post-type=\"page\">\n\t\t\t\t\t\t<section class=\"elementor-section elementor-top-section elementor-element elementor-element-ad8715c elementor-section-boxed elementor-section-height-default elementor-section-height-default\" data-id=\"ad8715c\" data-element_type=\"section\" data-e-type=\"section\">\n\t\t\t\t\t\t<div class=\"elementor-container elementor-column-gap-default\">\n\t\t\t\t\t<div class=\"elementor-column elementor-col-50 elementor-top-column elementor-element elementor-element-e03a368\" data-id=\"e03a368\" data-element_type=\"column\" data-e-type=\"column\">\n\t\t\t<div class=\"elementor-widget-wrap elementor-element-populated\">\n\t\t\t\t\t\t<div class=\"elementor-element elementor-element-b788fe2 elementor-widget elementor-widget-image\" data-id=\"b788fe2\" data-element_type=\"widget\" data-e-type=\"widget\" data-widget_type=\"image.default\">\n\t\t\t\t<div class=\"elementor-widget-container\">\n\t\t\t\t\t\t\t\t\t\t\t\t\t\t\t<img fetchpriority=\"high\" decoding=\"async\" width=\"683\" height=\"1024\" src=\"https:\/\/ordemdosfisioterapeutas.pt\/wp-content\/uploads\/2020\/10\/isabel-souza-guerra-683x1024.jpg\" class=\"attachment-large size-large wp-image-1057\" alt=\"Isabel de Souza Guerra\" srcset=\"https:\/\/ordemdosfisioterapeutas.pt\/wp-content\/uploads\/2020\/10\/isabel-souza-guerra-683x1024.jpg 683w, https:\/\/ordemdosfisioterapeutas.pt\/wp-content\/uploads\/2020\/10\/isabel-souza-guerra-200x300.jpg 200w, https:\/\/ordemdosfisioterapeutas.pt\/wp-content\/uploads\/2020\/10\/isabel-souza-guerra-768x1152.jpg 768w, https:\/\/ordemdosfisioterapeutas.pt\/wp-content\/uploads\/2020\/10\/isabel-souza-guerra.jpg 1000w\" sizes=\"(max-width: 683px) 100vw, 683px\" \/>\t\t\t\t\t\t\t\t\t\t\t\t\t\t\t<\/div>\n\t\t\t\t<\/div>\n\t\t\t\t\t<\/div>\n\t\t<\/div>\n\t\t\t\t<div class=\"elementor-column elementor-col-50 elementor-top-column elementor-element elementor-element-34b608f\" data-id=\"34b608f\" data-element_type=\"column\" data-e-type=\"column\">\n\t\t\t<div class=\"elementor-widget-wrap elementor-element-populated\">\n\t\t\t\t\t\t<div class=\"elementor-element elementor-element-e1dea3c elementor-widget elementor-widget-text-editor\" data-id=\"e1dea3c\" data-element_type=\"widget\" data-e-type=\"widget\" data-widget_type=\"text-editor.default\">\n\t\t\t\t<div class=\"elementor-widget-container\">\n\t\t\t\t\t\t\t\t\t<p>Seja bem-vindo \u00e0 Ordem dos Fisioterapeutas.<\/p><p>A Ordem dos Fisioterapeutas \u00e9 um importante avan\u00e7o na afirma\u00e7\u00e3o da nossa profiss\u00e3o na sociedade portuguesa.<\/p><p>A principal miss\u00e3o da ordem \u00e9 a defesa dos cidad\u00e3os contra o exerc\u00edcio inqualificado e o direito a cuidados de fisioterapia, com qualidade, seguran\u00e7a e bons resultados, prestados por profissionais de reconhecidas compet\u00eancias e certificados.<\/p><p>A comiss\u00e3o instaladora da Ordem dos Fisioterapeutas est\u00e1 a trabalhar para garantir as condi\u00e7\u00f5es necess\u00e1rias para a elei\u00e7\u00e3o dos \u00f3rg\u00e3os sociais, momento a partir do qual a ordem poder\u00e1 desenvolver a sua atividade em pleno.<\/p><p>Hoje disponibilizamos tr\u00eas plataformas digitais: um website, uma p\u00e1gina de Facebook e um perfil do LinkedIn para que a nossa comunidade possa come\u00e7ar desde j\u00e1 a crescer, fruto da participa\u00e7\u00e3o de todos. O website ser\u00e1 o principal canal de comunica\u00e7\u00e3o entre a comiss\u00e3o instaladora e os fisioterapeutas, onde poder\u00e3o ser esclarecidas quaisquer d\u00favidas. Brevemente, ser\u00e1 tamb\u00e9m disponibilizada uma \u00e1rea privada para cada fisioterapeuta onde, entre outras, poder\u00e3o fazer a vossa inscri\u00e7\u00e3o na Ordem, elemento obrigat\u00f3rio para o exerc\u00edcio da profiss\u00e3o.<\/p><p>Estamos consigo!<\/p><p>Fique tamb\u00e9m connosco.<\/p>\t\t\t\t\t\t\t\t<\/div>\n\t\t\t\t<\/div>\n\t\t\t\t\t<\/div>\n\t\t<\/div>\n\t\t\t\t\t<\/div>\n\t\t<\/section>\n\t\t\t\t<\/div>\n\t\t","protected":false},"excerpt":{"rendered":"<p>Seja bem-vindo \u00e0 Ordem dos Fisioterapeutas. A Ordem dos Fisioterapeutas \u00e9 um importante avan\u00e7o na afirma\u00e7\u00e3o da nossa profiss\u00e3o na sociedade portuguesa. A principal miss\u00e3o da ordem \u00e9 a defesa dos cidad\u00e3os contra o exerc\u00edcio inqualificado e o direito a cuidados de fisioterapia, com qualidade, seguran\u00e7a e bons resultados, prestados por profissionais de reconhecidas compet\u00eancias &#8230; <a title=\"Mensagem de boas-vindas\" class=\"read-more\" href=\"https:\/\/ordemdosfisioterapeutas.pt\/pt\/mensagem-de-boas-vindas\/\" aria-label=\"Leia mais sobre Mensagem de boas-vindas\">Ler mais<\/a><\/p>\n","protected":false},"author":1,"featured_media":0,"parent":0,"menu_order":0,"comment_status":"closed","ping_status":"closed","template":"","meta":{"footnotes":""},"class_list":["post-1471","page","type-page","status-publish"],"_links":{"self":[{"href":"https:\/\/ordemdosfisioterapeutas.pt\/pt\/wp-json\/wp\/v2\/pages\/1471","targetHints":{"allow":["GET"]}}],"collection":[{"href":"https:\/\/ordemdosfisioterapeutas.pt\/pt\/wp-json\/wp\/v2\/pages"}],"about":[{"href":"https:\/\/ordemdosfisioterapeutas.pt\/pt\/wp-json\/wp\/v2\/types\/page"}],"author":[{"embeddable":true,"href":"https:\/\/ordemdosfisioterapeutas.pt\/pt\/wp-json\/wp\/v2\/users\/1"}],"replies":[{"embeddable":true,"href":"https:\/\/ordemdosfisioterapeutas.pt\/pt\/wp-json\/wp\/v2\/comments?post=1471"}],"version-history":[{"count":0,"href":"https:\/\/ordemdosfisioterapeutas.pt\/pt\/wp-json\/wp\/v2\/pages\/1471\/revisions"}],"wp:attachment":[{"href":"https:\/\/ordemdosfisioterapeutas.pt\/pt\/wp-json\/wp\/v2\/media?parent=1471"}],"curies":[{"name":"wp","href":"https:\/\/api.w.org\/{rel}","templated":true}]}}