{"id":13340,"date":"2026-05-02T19:16:28","date_gmt":"2026-05-02T18:16:28","guid":{"rendered":"https:\/\/ordemdosfisioterapeutas.pt\/?page_id=13340"},"modified":"2026-05-02T19:28:57","modified_gmt":"2026-05-02T18:28:57","slug":"movemi","status":"publish","type":"page","link":"https:\/\/ordemdosfisioterapeutas.pt\/pt\/movemi\/","title":{"rendered":"MOVEMI"},"content":{"rendered":"\t\t<div data-elementor-type=\"wp-page\" data-elementor-id=\"13340\" class=\"elementor elementor-13340\" data-elementor-post-type=\"page\">\n\t\t\t\t<div class=\"elementor-element elementor-element-ce37ac7 e-flex e-con-boxed e-con e-parent\" data-id=\"ce37ac7\" data-element_type=\"container\" data-e-type=\"container\">\n\t\t\t\t\t<div class=\"e-con-inner\">\n\t\t\t\t<div class=\"elementor-element elementor-element-afda6d0 elementor-widget elementor-widget-text-editor\" data-id=\"afda6d0\" data-element_type=\"widget\" data-e-type=\"widget\" data-widget_type=\"text-editor.default\">\n\t\t\t\t<div class=\"elementor-widget-container\">\n\t\t\t\t\t\t\t\t\t<p><strong><span class=\"TextRun SCXW7026877 BCX0\" lang=\"PT-PT\" xml:lang=\"PT-PT\" data-contrast=\"auto\"><span class=\"NormalTextRun SpellingErrorV2Themed SCXW7026877 BCX0\">Moving<\/span><span class=\"NormalTextRun SCXW7026877 BCX0\">\u00a0<\/span><span class=\"NormalTextRun SpellingErrorV2Themed SCXW7026877 BCX0\">away<\/span><span class=\"NormalTextRun SCXW7026877 BCX0\">\u00a0<\/span><span class=\"NormalTextRun SpellingErrorV2Themed SCXW7026877 BCX0\">from<\/span><span class=\"NormalTextRun SCXW7026877 BCX0\">\u00a0<\/span><span class=\"NormalTextRun SpellingErrorV2Themed SCXW7026877 BCX0\">migraine<\/span><span class=\"NormalTextRun SCXW7026877 BCX0\">: preven\u00e7\u00e3o da enxaqueca e promo\u00e7\u00e3o da sa\u00fade mental atrav\u00e9s da atividade f\u00edsica<\/span><\/span><\/strong><\/p>\t\t\t\t\t\t\t\t<\/div>\n\t\t\t\t<\/div>\n\t\t<div class=\"elementor-element elementor-element-9e9823c e-grid e-con-full e-con e-child\" data-id=\"9e9823c\" data-element_type=\"container\" data-e-type=\"container\">\n\t\t\t\t<div class=\"elementor-element elementor-element-2b328ec elementor-widget elementor-widget-image\" data-id=\"2b328ec\" data-element_type=\"widget\" data-e-type=\"widget\" data-widget_type=\"image.default\">\n\t\t\t\t<div class=\"elementor-widget-container\">\n\t\t\t\t\t\t\t\t\t\t\t\t\t\t\t<img fetchpriority=\"high\" decoding=\"async\" width=\"300\" height=\"186\" src=\"https:\/\/ordemdosfisioterapeutas.pt\/wp-content\/uploads\/2026\/05\/option-1-1-300x186.png\" class=\"attachment-medium size-medium wp-image-13343\" alt=\"\" srcset=\"https:\/\/ordemdosfisioterapeutas.pt\/wp-content\/uploads\/2026\/05\/option-1-1-300x186.png 300w, https:\/\/ordemdosfisioterapeutas.pt\/wp-content\/uploads\/2026\/05\/option-1-1-18x12.png 18w, https:\/\/ordemdosfisioterapeutas.pt\/wp-content\/uploads\/2026\/05\/option-1-1.png 342w\" sizes=\"(max-width: 300px) 100vw, 300px\" \/>\t\t\t\t\t\t\t\t\t\t\t\t\t\t\t<\/div>\n\t\t\t\t<\/div>\n\t\t\t\t<div class=\"elementor-element elementor-element-718b906 elementor-widget elementor-widget-image\" data-id=\"718b906\" data-element_type=\"widget\" data-e-type=\"widget\" data-widget_type=\"image.default\">\n\t\t\t\t<div class=\"elementor-widget-container\">\n\t\t\t\t\t\t\t\t\t\t\t\t\t\t\t<img decoding=\"async\" width=\"855\" height=\"190\" src=\"https:\/\/ordemdosfisioterapeutas.pt\/wp-content\/uploads\/2026\/05\/EN_Co-fundedbytheEU_RGB_POS-1024x228.png\" class=\"attachment-large size-large wp-image-13344\" alt=\"\" srcset=\"https:\/\/ordemdosfisioterapeutas.pt\/wp-content\/uploads\/2026\/05\/EN_Co-fundedbytheEU_RGB_POS-1024x228.png 1024w, https:\/\/ordemdosfisioterapeutas.pt\/wp-content\/uploads\/2026\/05\/EN_Co-fundedbytheEU_RGB_POS-300x67.png 300w, https:\/\/ordemdosfisioterapeutas.pt\/wp-content\/uploads\/2026\/05\/EN_Co-fundedbytheEU_RGB_POS-768x171.png 768w, https:\/\/ordemdosfisioterapeutas.pt\/wp-content\/uploads\/2026\/05\/EN_Co-fundedbytheEU_RGB_POS-1536x343.png 1536w, https:\/\/ordemdosfisioterapeutas.pt\/wp-content\/uploads\/2026\/05\/EN_Co-fundedbytheEU_RGB_POS-2048x457.png 2048w, https:\/\/ordemdosfisioterapeutas.pt\/wp-content\/uploads\/2026\/05\/EN_Co-fundedbytheEU_RGB_POS-18x4.png 18w\" sizes=\"(max-width: 855px) 100vw, 855px\" \/>\t\t\t\t\t\t\t\t\t\t\t\t\t\t\t<\/div>\n\t\t\t\t<\/div>\n\t\t\t\t<\/div>\n\t\t\t\t\t<\/div>\n\t\t\t\t<\/div>\n\t\t<div class=\"elementor-element elementor-element-b77ba7a e-flex e-con-boxed e-con e-parent\" data-id=\"b77ba7a\" data-element_type=\"container\" data-e-type=\"container\">\n\t\t\t\t\t<div class=\"e-con-inner\">\n\t\t\t\t<div class=\"elementor-element elementor-element-2df3789 elementor-widget elementor-widget-heading\" data-id=\"2df3789\" data-element_type=\"widget\" data-e-type=\"widget\" data-widget_type=\"heading.default\">\n\t\t\t\t<div class=\"elementor-widget-container\">\n\t\t\t\t\t<h2 class=\"elementor-heading-title elementor-size-default\">Sobre o projeto <\/h2>\t\t\t\t<\/div>\n\t\t\t\t<\/div>\n\t\t\t\t<div class=\"elementor-element elementor-element-3926f7d elementor-widget elementor-widget-text-editor\" data-id=\"3926f7d\" data-element_type=\"widget\" data-e-type=\"widget\" data-widget_type=\"text-editor.default\">\n\t\t\t\t<div class=\"elementor-widget-container\">\n\t\t\t\t\t\t\t\t\t<p><span data-contrast=\"auto\">O\u00a0<\/span><b><span data-contrast=\"auto\">MOVEMI \u2014\u00a0Moving\u00a0away\u00a0from\u00a0migraine:\u00a0prevention\u00a0of\u00a0migraine\u00a0and\u00a0enhancing\u00a0mental\u00a0health\u00a0by\u00a0practicing\u00a0physical\u00a0activity<\/span><\/b><span data-contrast=\"auto\">\u00a0\u00e9 um projeto europeu cofinanciado pela Uni\u00e3o Europeia, no \u00e2mbito do programa Erasmus+, que tem como objetivo promover a atividade f\u00edsica como instrumento-chave para melhorar a sa\u00fade e o bem-estar.<\/span><span data-ccp-props=\"{&quot;134233117&quot;:true,&quot;134233118&quot;:true,&quot;201341983&quot;:0,&quot;335551550&quot;:6,&quot;335551620&quot;:6,&quot;335559737&quot;:578,&quot;335559739&quot;:0,&quot;335559740&quot;:240}\">\u00a0<\/span><\/p><p><span data-contrast=\"auto\">Dirigido a cidad\u00e3os europeus, com especial enfoque nas mulheres entre os 18 e os 50 anos, o projeto visa desenvolver uma metodologia pr\u00e1tica de atividade f\u00edsica, aplicada por fisioterapeutas, para apoiar a preven\u00e7\u00e3o da enxaqueca e a promo\u00e7\u00e3o da sa\u00fade mental.<\/span><span data-ccp-props=\"{&quot;134233117&quot;:true,&quot;134233118&quot;:true,&quot;201341983&quot;:0,&quot;335551550&quot;:6,&quot;335551620&quot;:6,&quot;335559737&quot;:578,&quot;335559739&quot;:0,&quot;335559740&quot;:240}\">\u00a0<\/span><\/p><p><span data-contrast=\"auto\">O projeto teve in\u00edcio em janeiro de 2026 e decorre at\u00e9 junho de 2028.<\/span><span data-ccp-props=\"{&quot;134233117&quot;:true,&quot;134233118&quot;:true,&quot;201341983&quot;:0,&quot;335551550&quot;:6,&quot;335551620&quot;:6,&quot;335559737&quot;:578,&quot;335559739&quot;:0,&quot;335559740&quot;:240}\">\u00a0<\/span><\/p>\t\t\t\t\t\t\t\t<\/div>\n\t\t\t\t<\/div>\n\t\t\t\t\t<\/div>\n\t\t\t\t<\/div>\n\t\t<div class=\"elementor-element elementor-element-d49bf19 e-flex e-con-boxed e-con e-parent\" data-id=\"d49bf19\" data-element_type=\"container\" data-e-type=\"container\">\n\t\t\t\t\t<div class=\"e-con-inner\">\n\t\t\t\t<div class=\"elementor-element elementor-element-ce1966e elementor-widget elementor-widget-heading\" data-id=\"ce1966e\" data-element_type=\"widget\" data-e-type=\"widget\" data-widget_type=\"heading.default\">\n\t\t\t\t<div class=\"elementor-widget-container\">\n\t\t\t\t\t<h2 class=\"elementor-heading-title elementor-size-default\">Cons\u00f3rcio <\/h2>\t\t\t\t<\/div>\n\t\t\t\t<\/div>\n\t\t\t\t<div class=\"elementor-element elementor-element-aac740d elementor-widget elementor-widget-text-editor\" data-id=\"aac740d\" data-element_type=\"widget\" data-e-type=\"widget\" data-widget_type=\"text-editor.default\">\n\t\t\t\t<div class=\"elementor-widget-container\">\n\t\t\t\t\t\t\t\t\t<p><span data-contrast=\"auto\">O MOVEMI \u00e9 liderado pela\u00a0European\u00a0Migraine\u00a0&amp;\u00a0Headache\u00a0Alliance\u00a0(EMHA), sediada na B\u00e9lgica e re\u00fane parceiros de tr\u00eas pa\u00edses da Uni\u00e3o Europeia:<\/span><span data-ccp-props=\"{&quot;134233117&quot;:true,&quot;134233118&quot;:true,&quot;201341983&quot;:0,&quot;335551550&quot;:6,&quot;335551620&quot;:6,&quot;335559737&quot;:578,&quot;335559739&quot;:0,&quot;335559740&quot;:240}\">\u00a0<\/span><\/p><ul><li aria-setsize=\"-1\" data-leveltext=\"\uf0b7\" data-font=\"Symbol\" data-listid=\"33\" data-list-defn-props=\"{&quot;335552541&quot;:1,&quot;335559685&quot;:720,&quot;335559991&quot;:360,&quot;469769226&quot;:&quot;Symbol&quot;,&quot;469769242&quot;:[8226],&quot;469777803&quot;:&quot;left&quot;,&quot;469777804&quot;:&quot;\uf0b7&quot;,&quot;469777815&quot;:&quot;multilevel&quot;}\" data-aria-posinset=\"1\" data-aria-level=\"1\"><span data-contrast=\"auto\">ARPA European Public Affairs and Communications \u2014 B\u00e9lgica<\/span><\/li><li aria-setsize=\"-1\" data-leveltext=\"\uf0b7\" data-font=\"Symbol\" data-listid=\"33\" data-list-defn-props=\"{&quot;335552541&quot;:1,&quot;335559685&quot;:720,&quot;335559991&quot;:360,&quot;469769226&quot;:&quot;Symbol&quot;,&quot;469769242&quot;:[8226],&quot;469777803&quot;:&quot;left&quot;,&quot;469777804&quot;:&quot;\uf0b7&quot;,&quot;469777815&quot;:&quot;multilevel&quot;}\" data-aria-posinset=\"1\" data-aria-level=\"1\"><span data-contrast=\"auto\">Universidade Europeia de Val\u00eancia \u2014 Espanha<\/span><\/li><li aria-setsize=\"-1\" data-leveltext=\"\uf0b7\" data-font=\"Symbol\" data-listid=\"33\" data-list-defn-props=\"{&quot;335552541&quot;:1,&quot;335559685&quot;:720,&quot;335559991&quot;:360,&quot;469769226&quot;:&quot;Symbol&quot;,&quot;469769242&quot;:[8226],&quot;469777803&quot;:&quot;left&quot;,&quot;469777804&quot;:&quot;\uf0b7&quot;,&quot;469777815&quot;:&quot;multilevel&quot;}\" data-aria-posinset=\"1\" data-aria-level=\"1\"><span data-contrast=\"auto\">C\u00e2mara Municipal de Val\u00eancia \u2014 Espanha<\/span><\/li><li aria-setsize=\"-1\" data-leveltext=\"\uf0b7\" data-font=\"Symbol\" data-listid=\"33\" data-list-defn-props=\"{&quot;335552541&quot;:1,&quot;335559685&quot;:720,&quot;335559991&quot;:360,&quot;469769226&quot;:&quot;Symbol&quot;,&quot;469769242&quot;:[8226],&quot;469777803&quot;:&quot;left&quot;,&quot;469777804&quot;:&quot;\uf0b7&quot;,&quot;469777815&quot;:&quot;multilevel&quot;}\" data-aria-posinset=\"1\" data-aria-level=\"1\"><span data-contrast=\"auto\">Associa\u00e7\u00e3o Espanhola de Fisioterapeutas \u2014 Espanha<\/span><\/li><li aria-setsize=\"-1\" data-leveltext=\"\uf0b7\" data-font=\"Symbol\" data-listid=\"33\" data-list-defn-props=\"{&quot;335552541&quot;:1,&quot;335559685&quot;:720,&quot;335559991&quot;:360,&quot;469769226&quot;:&quot;Symbol&quot;,&quot;469769242&quot;:[8226],&quot;469777803&quot;:&quot;left&quot;,&quot;469777804&quot;:&quot;\uf0b7&quot;,&quot;469777815&quot;:&quot;multilevel&quot;}\" data-aria-posinset=\"1\" data-aria-level=\"1\"><span data-contrast=\"auto\">C\u00e2mara Municipal do Porto \u2014 Portugal<\/span><\/li><li aria-setsize=\"-1\" data-leveltext=\"\uf0b7\" data-font=\"Symbol\" data-listid=\"33\" data-list-defn-props=\"{&quot;335552541&quot;:1,&quot;335559685&quot;:720,&quot;335559991&quot;:360,&quot;469769226&quot;:&quot;Symbol&quot;,&quot;469769242&quot;:[8226],&quot;469777803&quot;:&quot;left&quot;,&quot;469777804&quot;:&quot;\uf0b7&quot;,&quot;469777815&quot;:&quot;multilevel&quot;}\" data-aria-posinset=\"1\" data-aria-level=\"1\"><span data-contrast=\"auto\">Ordem dos Fisioterapeutas \u2014 Portugal\u00a0<\/span><\/li><\/ul>\t\t\t\t\t\t\t\t<\/div>\n\t\t\t\t<\/div>\n\t\t\t\t\t<\/div>\n\t\t\t\t<\/div>\n\t\t<div class=\"elementor-element elementor-element-729da91 e-flex e-con-boxed e-con e-parent\" data-id=\"729da91\" data-element_type=\"container\" data-e-type=\"container\">\n\t\t\t\t\t<div class=\"e-con-inner\">\n\t\t\t\t<div class=\"elementor-element elementor-element-b239314 elementor-widget elementor-widget-heading\" data-id=\"b239314\" data-element_type=\"widget\" data-e-type=\"widget\" data-widget_type=\"heading.default\">\n\t\t\t\t<div class=\"elementor-widget-container\">\n\t\t\t\t\t<h2 class=\"elementor-heading-title elementor-size-default\">Componentes do projeto<\/h2>\t\t\t\t<\/div>\n\t\t\t\t<\/div>\n\t\t\t\t<div class=\"elementor-element elementor-element-300b66f elementor-widget elementor-widget-text-editor\" data-id=\"300b66f\" data-element_type=\"widget\" data-e-type=\"widget\" data-widget_type=\"text-editor.default\">\n\t\t\t\t<div class=\"elementor-widget-container\">\n\t\t\t\t\t\t\t\t\t<p><span data-contrast=\"auto\">A estrat\u00e9gia do MOVEMI assenta em quatro componentes principais:<\/span><\/p><p><span data-contrast=\"auto\">Sensibiliza\u00e7\u00e3o e inclus\u00e3o<\/span>\u00a0<br \/><span data-contrast=\"auto\">Promo\u00e7\u00e3o do conhecimento sobre os benef\u00edcios da atividade f\u00edsica na preven\u00e7\u00e3o da enxaqueca e na promo\u00e7\u00e3o da sa\u00fade mental, assegurando a acessibilidade a diferentes grupos da popula\u00e7\u00e3o.<\/span><span data-ccp-props=\"{&quot;134233117&quot;:true,&quot;134233118&quot;:true,&quot;201341983&quot;:0,&quot;335551550&quot;:1,&quot;335551620&quot;:1,&quot;335559737&quot;:578,&quot;335559739&quot;:0,&quot;335559740&quot;:240}\">\u00a0<\/span><\/p><p><span data-contrast=\"auto\">Capacita\u00e7\u00e3o de fisioterapeutas<\/span>\u00a0<br \/><span data-contrast=\"auto\">Desenvolvimento de um MOOC \u2014\u00a0Massive\u00a0Open Online\u00a0Course, destinado \u00e0 forma\u00e7\u00e3o de fisioterapeutas na utiliza\u00e7\u00e3o da atividade f\u00edsica como estrat\u00e9gia de preven\u00e7\u00e3o da enxaqueca.<\/span><span data-ccp-props=\"{&quot;134233117&quot;:true,&quot;134233118&quot;:true,&quot;201341983&quot;:0,&quot;335551550&quot;:1,&quot;335551620&quot;:1,&quot;335559737&quot;:578,&quot;335559739&quot;:0,&quot;335559740&quot;:240}\">\u00a0<\/span><\/p><p><span data-contrast=\"auto\">Capacita\u00e7\u00e3o digital<\/span>\u00a0<br \/><span data-contrast=\"auto\">Lan\u00e7amento de uma aplica\u00e7\u00e3o digital destinada aos cidad\u00e3os, com o objetivo de promover a atividade f\u00edsica como medida preventiva e facilitar o acesso a ferramentas desenvolvidas com o contributo da fisioterapia.<\/span><span data-ccp-props=\"{&quot;134233117&quot;:true,&quot;134233118&quot;:true,&quot;201341983&quot;:0,&quot;335551550&quot;:1,&quot;335551620&quot;:1,&quot;335559737&quot;:578,&quot;335559739&quot;:0,&quot;335559740&quot;:240}\">\u00a0<\/span><\/p><p><span data-contrast=\"auto\">Implementa\u00e7\u00e3o-piloto<\/span>\u00a0<br \/><span data-contrast=\"auto\">Implementa\u00e7\u00e3o de um programa-piloto de 17 meses em dois centros urbanos \u2014 Porto e Val\u00eancia \u2014 baseado na aplica\u00e7\u00e3o de metodologias de atividade f\u00edsica para preven\u00e7\u00e3o da enxaqueca, por fisioterapeutas.<\/span><span data-ccp-props=\"{&quot;134233117&quot;:true,&quot;134233118&quot;:true,&quot;201341983&quot;:0,&quot;335551550&quot;:1,&quot;335551620&quot;:1,&quot;335559737&quot;:578,&quot;335559739&quot;:0,&quot;335559740&quot;:240}\">\u00a0<\/span><\/p>\t\t\t\t\t\t\t\t<\/div>\n\t\t\t\t<\/div>\n\t\t\t\t\t<\/div>\n\t\t\t\t<\/div>\n\t\t<div class=\"elementor-element elementor-element-c5827bc e-flex e-con-boxed e-con e-parent\" data-id=\"c5827bc\" data-element_type=\"container\" data-e-type=\"container\">\n\t\t\t\t\t<div class=\"e-con-inner\">\n\t\t\t\t<div class=\"elementor-element elementor-element-036c29d elementor-widget elementor-widget-heading\" data-id=\"036c29d\" data-element_type=\"widget\" data-e-type=\"widget\" data-widget_type=\"heading.default\">\n\t\t\t\t<div class=\"elementor-widget-container\">\n\t\t\t\t\t<h2 class=\"elementor-heading-title elementor-size-default\">Papel da Ordem dos Fisioterapeutas<\/h2>\t\t\t\t<\/div>\n\t\t\t\t<\/div>\n\t\t\t\t<div class=\"elementor-element elementor-element-16db702 elementor-widget elementor-widget-text-editor\" data-id=\"16db702\" data-element_type=\"widget\" data-e-type=\"widget\" data-widget_type=\"text-editor.default\">\n\t\t\t\t<div class=\"elementor-widget-container\">\n\t\t\t\t\t\t\t\t\t<p><span data-contrast=\"auto\">A Ordem dos Fisioterapeutas participa no MOVEMI enquanto parceira do cons\u00f3rcio e assume o papel de\u00a0co-l\u00edder\u00a0do programa-piloto em Portugal.<\/span><span data-ccp-props=\"{&quot;134233117&quot;:true,&quot;134233118&quot;:true,&quot;201341983&quot;:0,&quot;335551550&quot;:6,&quot;335551620&quot;:6,&quot;335559737&quot;:578,&quot;335559739&quot;:0,&quot;335559740&quot;:240}\">\u00a0<\/span><\/p><p><span data-contrast=\"auto\">Neste \u00e2mbito, a Ordem \u00e9 respons\u00e1vel pela implementa\u00e7\u00e3o das interven\u00e7\u00f5es junto da popula\u00e7\u00e3o, pela recolha de dados e pela avalia\u00e7\u00e3o do programa em territ\u00f3rio nacional. O projeto ser\u00e1 desenvolvido em parceria com a C\u00e2mara Municipal do Porto e envolver\u00e1 a popula\u00e7\u00e3o e o contexto laboral.<\/span><span data-ccp-props=\"{&quot;134233117&quot;:true,&quot;134233118&quot;:true,&quot;201341983&quot;:0,&quot;335551550&quot;:6,&quot;335551620&quot;:6,&quot;335559737&quot;:578,&quot;335559739&quot;:0,&quot;335559740&quot;:240}\">\u00a0<\/span><\/p><p><span data-contrast=\"auto\">A participa\u00e7\u00e3o da Ordem refor\u00e7a o contributo da fisioterapia na promo\u00e7\u00e3o de estilos de vida ativos, na preven\u00e7\u00e3o em sa\u00fade e no desenvolvimento de metodologias\u00a0lideradas\u00a0por fisioterapeutas.<\/span><span data-ccp-props=\"{&quot;134233117&quot;:true,&quot;134233118&quot;:true,&quot;201341983&quot;:0,&quot;335551550&quot;:6,&quot;335551620&quot;:6,&quot;335559737&quot;:578,&quot;335559739&quot;:0,&quot;335559740&quot;:240}\">\u00a0<\/span><\/p>\t\t\t\t\t\t\t\t<\/div>\n\t\t\t\t<\/div>\n\t\t\t\t\t<\/div>\n\t\t\t\t<\/div>\n\t\t<div class=\"elementor-element elementor-element-024f2be e-flex e-con-boxed e-con e-parent\" data-id=\"024f2be\" data-element_type=\"container\" data-e-type=\"container\">\n\t\t\t\t\t<div class=\"e-con-inner\">\n\t\t\t\t<div class=\"elementor-element elementor-element-fb44ab5 elementor-widget elementor-widget-heading\" data-id=\"fb44ab5\" data-element_type=\"widget\" data-e-type=\"widget\" data-widget_type=\"heading.default\">\n\t\t\t\t<div class=\"elementor-widget-container\">\n\t\t\t\t\t<h2 class=\"elementor-heading-title elementor-size-default\">Resultados esperados<\/h2>\t\t\t\t<\/div>\n\t\t\t\t<\/div>\n\t\t\t\t<div class=\"elementor-element elementor-element-6c6e366 elementor-widget elementor-widget-text-editor\" data-id=\"6c6e366\" data-element_type=\"widget\" data-e-type=\"widget\" data-widget_type=\"text-editor.default\">\n\t\t\t\t<div class=\"elementor-widget-container\">\n\t\t\t\t\t\t\t\t\t<p><span data-contrast=\"auto\">Os resultados esperados do MOVEMI incluem a melhoria da sa\u00fade f\u00edsica, mental e emocional dos cidad\u00e3os, em particular das mulheres, o refor\u00e7o das compet\u00eancias dos fisioterapeutas e a valida\u00e7\u00e3o de metodologias para a integra\u00e7\u00e3o da atividade f\u00edsica na preven\u00e7\u00e3o em sa\u00fade.<\/span><span data-ccp-props=\"{&quot;134233117&quot;:true,&quot;134233118&quot;:true,&quot;201341983&quot;:0,&quot;335551550&quot;:6,&quot;335551620&quot;:6,&quot;335559737&quot;:578,&quot;335559739&quot;:0,&quot;335559740&quot;:240}\">\u00a0<\/span><\/p><p><span data-contrast=\"auto\">O projeto pretende ainda incentivar institui\u00e7\u00f5es p\u00fablicas a adotar e expandir a\u00e7\u00f5es promotoras da sa\u00fade nas suas comunidades.<\/span><span data-ccp-props=\"{&quot;134233117&quot;:true,&quot;134233118&quot;:true,&quot;201341983&quot;:0,&quot;335551550&quot;:6,&quot;335551620&quot;:6,&quot;335559737&quot;:578,&quot;335559739&quot;:0,&quot;335559740&quot;:240}\">\u00a0<\/span><\/p>\t\t\t\t\t\t\t\t<\/div>\n\t\t\t\t<\/div>\n\t\t\t\t\t<\/div>\n\t\t\t\t<\/div>\n\t\t<div class=\"elementor-element elementor-element-5906ff6 e-flex e-con-boxed e-con e-parent\" data-id=\"5906ff6\" data-element_type=\"container\" data-e-type=\"container\">\n\t\t\t\t\t<div class=\"e-con-inner\">\n\t\t\t\t<div class=\"elementor-element elementor-element-189a488 elementor-widget elementor-widget-heading\" data-id=\"189a488\" data-element_type=\"widget\" data-e-type=\"widget\" data-widget_type=\"heading.default\">\n\t\t\t\t<div class=\"elementor-widget-container\">\n\t\t\t\t\t<h2 class=\"elementor-heading-title elementor-size-default\">Mais informa\u00e7\u00e3o <\/h2>\t\t\t\t<\/div>\n\t\t\t\t<\/div>\n\t\t\t\t<div class=\"elementor-element elementor-element-6e0d57d elementor-widget elementor-widget-text-editor\" data-id=\"6e0d57d\" data-element_type=\"widget\" data-e-type=\"widget\" data-widget_type=\"text-editor.default\">\n\t\t\t\t<div class=\"elementor-widget-container\">\n\t\t\t\t\t\t\t\t\t<p><span class=\"TextRun SCXW197809388 BCX0\" lang=\"PT-PT\" xml:lang=\"PT-PT\" data-contrast=\"auto\"><span class=\"NormalTextRun SCXW197809388 BCX0\">Para mais informa\u00e7\u00e3o, consulte a p\u00e1gina oficial do projeto MOVEMI no portal da Comiss\u00e3o Europeia<\/span><span class=\"NormalTextRun SCXW197809388 BCX0\">:\u00a0<\/span><\/span><span style=\"text-decoration: underline;\"><a class=\"Hyperlink SCXW197809388 BCX0\" href=\"https:\/\/ec.europa.eu\/info\/funding-tenders\/opportunities\/portal\/screen\/opportunities\/projects-details\/43353764\/101243936\" target=\"_blank\" rel=\"noreferrer noopener\"><span class=\"TextRun Underlined SCXW197809388 BCX0\" lang=\"PT-PT\" xml:lang=\"PT-PT\" data-contrast=\"none\"><span class=\"NormalTextRun SCXW197809388 BCX0\" data-ccp-charstyle=\"Hyperlink\">EU-<\/span><span class=\"NormalTextRun SCXW197809388 BCX0\" data-ccp-charstyle=\"Hyperlink\">Comission<\/span><span class=\"NormalTextRun SCXW197809388 BCX0\" data-ccp-charstyle=\"Hyperlink\">\u00a0Website MOVEMI<\/span><\/span><\/a><\/span><span class=\"EOP Selected SCXW197809388 BCX0\" data-ccp-props=\"{&quot;134233117&quot;:true,&quot;134233118&quot;:true,&quot;201341983&quot;:0,&quot;335551550&quot;:6,&quot;335551620&quot;:6,&quot;335559737&quot;:578,&quot;335559739&quot;:0,&quot;335559740&quot;:240}\">\u00a0<\/span><\/p>\t\t\t\t\t\t\t\t<\/div>\n\t\t\t\t<\/div>\n\t\t\t\t\t<\/div>\n\t\t\t\t<\/div>\n\t\t<div class=\"elementor-element elementor-element-7a8a809 e-flex e-con-boxed e-con e-parent\" data-id=\"7a8a809\" data-element_type=\"container\" data-e-type=\"container\">\n\t\t\t\t\t<div class=\"e-con-inner\">\n\t\t\t\t<div class=\"elementor-element elementor-element-c3a8617 elementor-widget elementor-widget-heading\" data-id=\"c3a8617\" data-element_type=\"widget\" data-e-type=\"widget\" data-widget_type=\"heading.default\">\n\t\t\t\t<div class=\"elementor-widget-container\">\n\t\t\t\t\t<h2 class=\"elementor-heading-title elementor-size-default\">Financiamento<\/h2>\t\t\t\t<\/div>\n\t\t\t\t<\/div>\n\t\t\t\t<div class=\"elementor-element elementor-element-11c8051 elementor-widget elementor-widget-image\" data-id=\"11c8051\" data-element_type=\"widget\" data-e-type=\"widget\" data-widget_type=\"image.default\">\n\t\t\t\t<div class=\"elementor-widget-container\">\n\t\t\t\t\t\t\t\t\t\t\t\t\t\t\t<img decoding=\"async\" width=\"300\" height=\"67\" src=\"https:\/\/ordemdosfisioterapeutas.pt\/wp-content\/uploads\/2026\/05\/EN_Co-fundedbytheEU_RGB_POS-300x67.png\" class=\"attachment-medium size-medium wp-image-13344\" alt=\"\" srcset=\"https:\/\/ordemdosfisioterapeutas.pt\/wp-content\/uploads\/2026\/05\/EN_Co-fundedbytheEU_RGB_POS-300x67.png 300w, https:\/\/ordemdosfisioterapeutas.pt\/wp-content\/uploads\/2026\/05\/EN_Co-fundedbytheEU_RGB_POS-1024x228.png 1024w, https:\/\/ordemdosfisioterapeutas.pt\/wp-content\/uploads\/2026\/05\/EN_Co-fundedbytheEU_RGB_POS-768x171.png 768w, https:\/\/ordemdosfisioterapeutas.pt\/wp-content\/uploads\/2026\/05\/EN_Co-fundedbytheEU_RGB_POS-1536x343.png 1536w, https:\/\/ordemdosfisioterapeutas.pt\/wp-content\/uploads\/2026\/05\/EN_Co-fundedbytheEU_RGB_POS-2048x457.png 2048w, https:\/\/ordemdosfisioterapeutas.pt\/wp-content\/uploads\/2026\/05\/EN_Co-fundedbytheEU_RGB_POS-18x4.png 18w\" sizes=\"(max-width: 300px) 100vw, 300px\" \/>\t\t\t\t\t\t\t\t\t\t\t\t\t\t\t<\/div>\n\t\t\t\t<\/div>\n\t\t\t\t<div class=\"elementor-element elementor-element-12eb096 elementor-widget elementor-widget-text-editor\" data-id=\"12eb096\" data-element_type=\"widget\" data-e-type=\"widget\" data-widget_type=\"text-editor.default\">\n\t\t\t\t<div class=\"elementor-widget-container\">\n\t\t\t\t\t\t\t\t\t<p><span class=\"TextRun SCXW42382378 BCX0\" lang=\"PT-PT\" xml:lang=\"PT-PT\" data-contrast=\"auto\"><span class=\"NormalTextRun SCXW42382378 BCX0\">Financiado pela Uni\u00e3o Europeia. Os pontos de vista e as opini\u00f5es expressas s\u00e3o as do(s) autor(<\/span><span class=\"NormalTextRun SpellingErrorV2Themed SCXW42382378 BCX0\">es<\/span><span class=\"NormalTextRun SCXW42382378 BCX0\">) e n\u00e3o refletem necessariamente a posi\u00e7\u00e3o da Uni\u00e3o Europeia ou da Ag\u00eancia de Execu\u00e7\u00e3o Europeia da Educa\u00e7\u00e3o e da Cultura (EACEA). Nem a Uni\u00e3o Europeia nem a EACEA podem ser tidos como respons\u00e1veis por essas opini\u00f5es.\u00a0<\/span><\/span><span class=\"EOP Selected SCXW42382378 BCX0\" data-ccp-props=\"{&quot;134233117&quot;:true,&quot;134233118&quot;:true,&quot;201341983&quot;:0,&quot;335551550&quot;:6,&quot;335551620&quot;:6,&quot;335559737&quot;:578,&quot;335559739&quot;:0,&quot;335559740&quot;:240}\">\u00a0<\/span><\/p>\t\t\t\t\t\t\t\t<\/div>\n\t\t\t\t<\/div>\n\t\t\t\t\t<\/div>\n\t\t\t\t<\/div>\n\t\t\t\t<\/div>\n\t\t","protected":false},"excerpt":{"rendered":"<p>Moving\u00a0away\u00a0from\u00a0migraine: preven\u00e7\u00e3o da enxaqueca e promo\u00e7\u00e3o da sa\u00fade mental atrav\u00e9s da atividade f\u00edsica Sobre o projeto O\u00a0MOVEMI \u2014\u00a0Moving\u00a0away\u00a0from\u00a0migraine:\u00a0prevention\u00a0of\u00a0migraine\u00a0and\u00a0enhancing\u00a0mental\u00a0health\u00a0by\u00a0practicing\u00a0physical\u00a0activity\u00a0\u00e9 um projeto europeu cofinanciado pela Uni\u00e3o Europeia, no \u00e2mbito do programa Erasmus+, que tem como objetivo promover a atividade f\u00edsica como instrumento-chave para melhorar a sa\u00fade e o bem-estar.\u00a0 Dirigido a cidad\u00e3os europeus, com especial enfoque nas &#8230; <a title=\"MOVEMI\" class=\"read-more\" href=\"https:\/\/ordemdosfisioterapeutas.pt\/pt\/movemi\/\" aria-label=\"Leia mais sobre MOVEMI\">Ler mais<\/a><\/p>\n","protected":false},"author":1,"featured_media":0,"parent":0,"menu_order":0,"comment_status":"closed","ping_status":"closed","template":"","meta":{"footnotes":""},"class_list":["post-13340","page","type-page","status-publish"],"_links":{"self":[{"href":"https:\/\/ordemdosfisioterapeutas.pt\/pt\/wp-json\/wp\/v2\/pages\/13340","targetHints":{"allow":["GET"]}}],"collection":[{"href":"https:\/\/ordemdosfisioterapeutas.pt\/pt\/wp-json\/wp\/v2\/pages"}],"about":[{"href":"https:\/\/ordemdosfisioterapeutas.pt\/pt\/wp-json\/wp\/v2\/types\/page"}],"author":[{"embeddable":true,"href":"https:\/\/ordemdosfisioterapeutas.pt\/pt\/wp-json\/wp\/v2\/users\/1"}],"replies":[{"embeddable":true,"href":"https:\/\/ordemdosfisioterapeutas.pt\/pt\/wp-json\/wp\/v2\/comments?post=13340"}],"version-history":[{"count":7,"href":"https:\/\/ordemdosfisioterapeutas.pt\/pt\/wp-json\/wp\/v2\/pages\/13340\/revisions"}],"predecessor-version":[{"id":13350,"href":"https:\/\/ordemdosfisioterapeutas.pt\/pt\/wp-json\/wp\/v2\/pages\/13340\/revisions\/13350"}],"wp:attachment":[{"href":"https:\/\/ordemdosfisioterapeutas.pt\/pt\/wp-json\/wp\/v2\/media?parent=13340"}],"curies":[{"name":"wp","href":"https:\/\/api.w.org\/{rel}","templated":true}]}}