{"id":13111,"date":"2026-03-20T19:36:05","date_gmt":"2026-03-20T19:36:05","guid":{"rendered":"https:\/\/ordemdosfisioterapeutas.pt\/?page_id=13111"},"modified":"2026-03-20T19:41:08","modified_gmt":"2026-03-20T19:41:08","slug":"fala-sem-fronteiras","status":"publish","type":"page","link":"https:\/\/ordemdosfisioterapeutas.pt\/pt\/fala-sem-fronteiras\/","title":{"rendered":"Fala Sem Fronteiras"},"content":{"rendered":"\t\t<div data-elementor-type=\"wp-page\" data-elementor-id=\"13111\" class=\"elementor elementor-13111\" data-elementor-post-type=\"page\">\n\t\t\t\t<div class=\"elementor-element elementor-element-1139d65 e-grid e-con-boxed e-con e-parent\" data-id=\"1139d65\" data-element_type=\"container\" data-e-type=\"container\">\n\t\t\t\t\t<div class=\"e-con-inner\">\n\t\t\t\t<div class=\"elementor-element elementor-element-8d3c7df elementor-widget elementor-widget-image\" data-id=\"8d3c7df\" data-element_type=\"widget\" data-e-type=\"widget\" data-widget_type=\"image.default\">\n\t\t\t\t<div class=\"elementor-widget-container\">\n\t\t\t\t\t\t\t\t\t\t\t\t\t\t\t<img decoding=\"async\" src=\"https:\/\/ordemdosfisioterapeutas.pt\/wp-content\/uploads\/elementor\/thumbs\/logo__0012_falasemfronteiras-rksuby2k7iof2htihirk7k3p5vpd6kcucfmce15tz4.png\" title=\"logo__0012_falasemfronteiras\" alt=\"logo__0012_falasemfronteiras\" loading=\"lazy\" \/>\t\t\t\t\t\t\t\t\t\t\t\t\t\t\t<\/div>\n\t\t\t\t<\/div>\n\t\t\t\t<div class=\"elementor-element elementor-element-63cdbc0 elementor-widget elementor-widget-image\" data-id=\"63cdbc0\" data-element_type=\"widget\" data-e-type=\"widget\" data-widget_type=\"image.default\">\n\t\t\t\t<div class=\"elementor-widget-container\">\n\t\t\t\t\t\t\t\t\t\t\t\t\t\t\t<img decoding=\"async\" src=\"https:\/\/ordemdosfisioterapeutas.pt\/wp-content\/uploads\/elementor\/thumbs\/parcerias-r1e5sfsz0l2px9fc2vf1dqmethbbh5ts4btblfpj40.png\" title=\"parcerias.png\" alt=\"parcerias.png\" loading=\"lazy\" \/>\t\t\t\t\t\t\t\t\t\t\t\t\t\t\t<\/div>\n\t\t\t\t<\/div>\n\t\t\t\t\t<\/div>\n\t\t\t\t<\/div>\n\t\t<div class=\"elementor-element elementor-element-4e092fe e-flex e-con-boxed e-con e-parent\" data-id=\"4e092fe\" data-element_type=\"container\" data-e-type=\"container\">\n\t\t\t\t\t<div class=\"e-con-inner\">\n\t\t\t\t<div class=\"elementor-element elementor-element-464e55e elementor-widget elementor-widget-heading\" data-id=\"464e55e\" data-element_type=\"widget\" data-e-type=\"widget\" data-widget_type=\"heading.default\">\n\t\t\t\t<div class=\"elementor-widget-container\">\n\t\t\t\t\t<h2 class=\"elementor-heading-title elementor-size-default\">Descri\u00e7\u00e3o<\/h2>\t\t\t\t<\/div>\n\t\t\t\t<\/div>\n\t\t\t\t<div class=\"elementor-element elementor-element-eb5655d elementor-widget elementor-widget-text-editor\" data-id=\"eb5655d\" data-element_type=\"widget\" data-e-type=\"widget\" data-widget_type=\"text-editor.default\">\n\t\t\t\t<div class=\"elementor-widget-container\">\n\t\t\t\t\t\t\t\t\t<p data-olk-copy-source=\"MessageBody\">A Fala Sem Fronteiras \u00e9 uma cl\u00ednica certificada pela ERS, especializada em Terapia da Fala e Psicologia Cl\u00ednica. Com uma abordagem centrada no indiv\u00edduo, a equipa de especialistas apoia crian\u00e7as, jovens e adultos no desenvolvimento de compet\u00eancias comunicativas e no fortalecimento do equil\u00edbrio emocional.<\/p><p>Oferece a conveni\u00eancia de consultas presenciais (Lisboa e Aveiro) e online, garantindo um acompanhamento de excel\u00eancia onde quer que esteja. O foco \u00e9 claro: promover a sa\u00fade mental e a autoconfian\u00e7a atrav\u00e9s de solu\u00e7\u00f5es cl\u00ednicas personalizadas e eficazes.<\/p>\t\t\t\t\t\t\t\t<\/div>\n\t\t\t\t<\/div>\n\t\t\t\t\t<\/div>\n\t\t\t\t<\/div>\n\t\t<div class=\"elementor-element elementor-element-ccda0df condicoes e-flex e-con-boxed e-con e-parent\" data-id=\"ccda0df\" data-element_type=\"container\" data-e-type=\"container\">\n\t\t\t\t\t<div class=\"e-con-inner\">\n\t\t\t\t<div class=\"elementor-element elementor-element-470aa51 elementor-widget elementor-widget-heading\" data-id=\"470aa51\" data-element_type=\"widget\" data-e-type=\"widget\" data-widget_type=\"heading.default\">\n\t\t\t\t<div class=\"elementor-widget-container\">\n\t\t\t\t\t<h2 class=\"elementor-heading-title elementor-size-default\">Condi\u00e7\u00f5es<\/h2>\t\t\t\t<\/div>\n\t\t\t\t<\/div>\n\t\t\t\t<div class=\"elementor-element elementor-element-f8d46e2 elementor-widget elementor-widget-text-editor\" data-id=\"f8d46e2\" data-element_type=\"widget\" data-e-type=\"widget\" data-widget_type=\"text-editor.default\">\n\t\t\t\t<div class=\"elementor-widget-container\">\n\t\t\t\t\t\t\t\t\t<p data-olk-copy-source=\"MessageBody\">&#8211; 15% de desconto em servi\u00e7os de terapia da fala e psicologia cl\u00ednica para membros e familiares diretos (pais, filhos ou c\u00f4njuges). Este desconto aplica-se ao valor do servi\u00e7o com o pre\u00e7o particular praticado incluindo campanhas promocionais.<\/p><p>As sess\u00f5es poder\u00e3o ser realizadas:\u00a0 presencialmente ou ao domic\u00edlio, nos distritos de Lisboa e Aveiro; online, acess\u00edveis a partir de qualquer ponto do territ\u00f3rio nacional.<\/p><p>Os termos e condi\u00e7\u00f5es aplic\u00e1veis aos servi\u00e7os prestados est\u00e3o dispon\u00edveis em:\u00a0<a title=\"https:\/\/falasemfronteiras.eu\/termos-e-condicoes\/\" href=\"https:\/\/falasemfronteiras.eu\/termos-e-condicoes\/\" data-auth=\"NotApplicable\" data-linkindex=\"0\" target=\"_blank\" rel=\"noopener\">https:\/\/falasemfronteiras.eu\/termos-e-condicoes\/<\/a><\/p><p><strong>Acesso ao benef\u00edcio:<\/strong><\/p><p>Para usufruir das condi\u00e7\u00f5es preferenciais deve indicar o c\u00f3digo de desconto \u201c<b>FISIO15<\/b>\u201d no momento da marca\u00e7\u00e3o do servi\u00e7o e enviar prova de elegibilidade.<\/p><p>Contacte a Fala Sem Fronteiras atrav\u00e9s dos seguintes meios:<\/p><p>Telefone: 911 924 757<\/p><p>Email:\u00a0<a title=\"mailto:geral@falasemfronteiras.eu\" href=\"mailto:geral@falasemfronteiras.eu\" data-linkindex=\"1\">geral@falasemfronteiras.eu<\/a><\/p>\t\t\t\t\t\t\t\t<\/div>\n\t\t\t\t<\/div>\n\t\t\t\t\t<\/div>\n\t\t\t\t<\/div>\n\t\t<div class=\"elementor-element elementor-element-9487975 condicoes-btn e-flex e-con-boxed e-con e-parent\" data-id=\"9487975\" data-element_type=\"container\" data-e-type=\"container\">\n\t\t\t\t\t<div class=\"e-con-inner\">\n\t\t\t\t<div class=\"elementor-element elementor-element-d247edb elementor-align-right elementor-mobile-align-center elementor-widget elementor-widget-button\" data-id=\"d247edb\" data-element_type=\"widget\" data-e-type=\"widget\" data-widget_type=\"button.default\">\n\t\t\t\t<div class=\"elementor-widget-container\">\n\t\t\t\t\t\t\t\t\t<div class=\"elementor-button-wrapper\">\n\t\t\t\t\t<a class=\"elementor-button elementor-button-link elementor-size-xs\" href=\"https:\/\/portal.ordemdosfisioterapeutas.pt\/of-auth\/?app_ref=e985d1b30a025a19af003c638a7f64a2\" target=\"_blank\">\n\t\t\t\t\t\t<span class=\"elementor-button-content-wrapper\">\n\t\t\t\t\t\t\t\t\t<span class=\"elementor-button-text\">Conhe\u00e7a as Condi\u00e7\u00f5es<\/span>\n\t\t\t\t\t<\/span>\n\t\t\t\t\t<\/a>\n\t\t\t\t<\/div>\n\t\t\t\t\t\t\t\t<\/div>\n\t\t\t\t<\/div>\n\t\t\t\t\t<\/div>\n\t\t\t\t<\/div>\n\t\t<div class=\"elementor-element elementor-element-39aafbc e-flex e-con-boxed e-con e-parent\" data-id=\"39aafbc\" data-element_type=\"container\" data-e-type=\"container\">\n\t\t\t\t\t<div class=\"e-con-inner\">\n\t\t\t\t<div class=\"elementor-element elementor-element-3367fab elementor-align-right elementor-mobile-align-center elementor-widget elementor-widget-button\" data-id=\"3367fab\" data-element_type=\"widget\" data-e-type=\"widget\" data-widget_type=\"button.default\">\n\t\t\t\t<div class=\"elementor-widget-container\">\n\t\t\t\t\t\t\t\t\t<div class=\"elementor-button-wrapper\">\n\t\t\t\t\t<a class=\"elementor-button elementor-button-link elementor-size-xs\" href=\"https:\/\/ordemdosfisioterapeutas.pt\/pt\/parcerias\/\">\n\t\t\t\t\t\t<span class=\"elementor-button-content-wrapper\">\n\t\t\t\t\t\t\t\t\t<span class=\"elementor-button-text\">Voltar<\/span>\n\t\t\t\t\t<\/span>\n\t\t\t\t\t<\/a>\n\t\t\t\t<\/div>\n\t\t\t\t\t\t\t\t<\/div>\n\t\t\t\t<\/div>\n\t\t\t\t\t<\/div>\n\t\t\t\t<\/div>\n\t\t\t\t<\/div>\n\t\t","protected":false},"excerpt":{"rendered":"<p>Descri\u00e7\u00e3o A Fala Sem Fronteiras \u00e9 uma cl\u00ednica certificada pela ERS, especializada em Terapia da Fala e Psicologia Cl\u00ednica. Com uma abordagem centrada no indiv\u00edduo, a equipa de especialistas apoia crian\u00e7as, jovens e adultos no desenvolvimento de compet\u00eancias comunicativas e no fortalecimento do equil\u00edbrio emocional. Oferece a conveni\u00eancia de consultas presenciais (Lisboa e Aveiro) e &#8230; <a title=\"Fala Sem Fronteiras\" class=\"read-more\" href=\"https:\/\/ordemdosfisioterapeutas.pt\/pt\/fala-sem-fronteiras\/\" aria-label=\"Leia mais sobre Fala Sem Fronteiras\">Ler mais<\/a><\/p>\n","protected":false},"author":1,"featured_media":0,"parent":0,"menu_order":0,"comment_status":"closed","ping_status":"closed","template":"","meta":{"footnotes":""},"class_list":["post-13111","page","type-page","status-publish"],"_links":{"self":[{"href":"https:\/\/ordemdosfisioterapeutas.pt\/pt\/wp-json\/wp\/v2\/pages\/13111","targetHints":{"allow":["GET"]}}],"collection":[{"href":"https:\/\/ordemdosfisioterapeutas.pt\/pt\/wp-json\/wp\/v2\/pages"}],"about":[{"href":"https:\/\/ordemdosfisioterapeutas.pt\/pt\/wp-json\/wp\/v2\/types\/page"}],"author":[{"embeddable":true,"href":"https:\/\/ordemdosfisioterapeutas.pt\/pt\/wp-json\/wp\/v2\/users\/1"}],"replies":[{"embeddable":true,"href":"https:\/\/ordemdosfisioterapeutas.pt\/pt\/wp-json\/wp\/v2\/comments?post=13111"}],"version-history":[{"count":4,"href":"https:\/\/ordemdosfisioterapeutas.pt\/pt\/wp-json\/wp\/v2\/pages\/13111\/revisions"}],"predecessor-version":[{"id":13117,"href":"https:\/\/ordemdosfisioterapeutas.pt\/pt\/wp-json\/wp\/v2\/pages\/13111\/revisions\/13117"}],"wp:attachment":[{"href":"https:\/\/ordemdosfisioterapeutas.pt\/pt\/wp-json\/wp\/v2\/media?parent=13111"}],"curies":[{"name":"wp","href":"https:\/\/api.w.org\/{rel}","templated":true}]}}