{"id":13105,"date":"2026-03-20T19:30:23","date_gmt":"2026-03-20T19:30:23","guid":{"rendered":"https:\/\/ordemdosfisioterapeutas.pt\/?page_id=13105"},"modified":"2026-04-19T18:51:16","modified_gmt":"2026-04-19T17:51:16","slug":"credilink","status":"publish","type":"page","link":"https:\/\/ordemdosfisioterapeutas.pt\/pt\/credilink\/","title":{"rendered":"Credilink"},"content":{"rendered":"\t\t<div data-elementor-type=\"wp-page\" data-elementor-id=\"13105\" class=\"elementor elementor-13105\" data-elementor-post-type=\"page\">\n\t\t\t\t<div class=\"elementor-element elementor-element-df75f01 e-grid e-con-boxed e-con e-parent\" data-id=\"df75f01\" data-element_type=\"container\" data-e-type=\"container\">\n\t\t\t\t\t<div class=\"e-con-inner\">\n\t\t\t\t<div class=\"elementor-element elementor-element-286e850 elementor-widget elementor-widget-image\" data-id=\"286e850\" data-element_type=\"widget\" data-e-type=\"widget\" data-widget_type=\"image.default\">\n\t\t\t\t<div class=\"elementor-widget-container\">\n\t\t\t\t\t\t\t\t\t\t\t\t\t\t\t<img decoding=\"async\" src=\"https:\/\/ordemdosfisioterapeutas.pt\/wp-content\/uploads\/elementor\/thumbs\/logo__0013_Credilink-rksu4ntl8qpf3aeg0vendwa3fdlyj0fqcdlvhtyo74.png\" title=\"logo__0013_Credilink\" alt=\"logo__0013_Credilink\" loading=\"lazy\" \/>\t\t\t\t\t\t\t\t\t\t\t\t\t\t\t<\/div>\n\t\t\t\t<\/div>\n\t\t\t\t<div class=\"elementor-element elementor-element-fc68fde elementor-widget elementor-widget-image\" data-id=\"fc68fde\" data-element_type=\"widget\" data-e-type=\"widget\" data-widget_type=\"image.default\">\n\t\t\t\t<div class=\"elementor-widget-container\">\n\t\t\t\t\t\t\t\t\t\t\t\t\t\t\t<img decoding=\"async\" src=\"https:\/\/ordemdosfisioterapeutas.pt\/wp-content\/uploads\/elementor\/thumbs\/parcerias-r1e5sfsz0l2px9fc2vf1dqmethbbh5ts4btblfpj40.png\" title=\"parcerias.png\" alt=\"parcerias.png\" loading=\"lazy\" \/>\t\t\t\t\t\t\t\t\t\t\t\t\t\t\t<\/div>\n\t\t\t\t<\/div>\n\t\t\t\t\t<\/div>\n\t\t\t\t<\/div>\n\t\t<div class=\"elementor-element elementor-element-ca6a059 e-flex e-con-boxed e-con e-parent\" data-id=\"ca6a059\" data-element_type=\"container\" data-e-type=\"container\">\n\t\t\t\t\t<div class=\"e-con-inner\">\n\t\t\t\t<div class=\"elementor-element elementor-element-fa7a604 elementor-widget elementor-widget-heading\" data-id=\"fa7a604\" data-element_type=\"widget\" data-e-type=\"widget\" data-widget_type=\"heading.default\">\n\t\t\t\t<div class=\"elementor-widget-container\">\n\t\t\t\t\t<h2 class=\"elementor-heading-title elementor-size-default\">Descri\u00e7\u00e3o<\/h2>\t\t\t\t<\/div>\n\t\t\t\t<\/div>\n\t\t\t\t<div class=\"elementor-element elementor-element-4e4249c elementor-widget elementor-widget-text-editor\" data-id=\"4e4249c\" data-element_type=\"widget\" data-e-type=\"widget\" data-widget_type=\"text-editor.default\">\n\t\t\t\t<div class=\"elementor-widget-container\">\n\t\t\t\t\t\t\t\t\t<p class=\"x_xxmsonormal\"><span data-olk-copy-source=\"MessageBody\">A Credilink \u00e9 uma empresa de intermedia\u00e7\u00e3o de cr\u00e9dito autorizada pelo Banco de Portugal, sendo especializada em encontrar as melhores solu\u00e7\u00f5es de cr\u00e9dito junto das Institui\u00e7\u00f5es de Cr\u00e9dito em Portugal, incluindo bancos e financeiras de refer\u00eancia, com as quais tem parcerias.<\/span><\/p><p class=\"x_xxmsonormal\">Apoia os clientes em todo o processo de cr\u00e9dito, de forma simples, transparente e personalizada.<\/p><p class=\"x_xxmsonormal\">Este servi\u00e7o permite aos clientes pouparem tempo (pois n\u00e3o precisam de fazer contatos ou desloca\u00e7\u00f5es aos bancos \/ entidades financeiras) e dinheiro (porque as condi\u00e7\u00f5es que a Credilink consegue obter s\u00e3o quase sempre melhores que as que o cliente consegue sozinho).<\/p>\t\t\t\t\t\t\t\t<\/div>\n\t\t\t\t<\/div>\n\t\t\t\t\t<\/div>\n\t\t\t\t<\/div>\n\t\t<div class=\"elementor-element elementor-element-c8dfb18 condicoes e-flex e-con-boxed e-con e-parent\" data-id=\"c8dfb18\" data-element_type=\"container\" data-e-type=\"container\">\n\t\t\t\t\t<div class=\"e-con-inner\">\n\t\t\t\t<div class=\"elementor-element elementor-element-593e045 elementor-widget elementor-widget-heading\" data-id=\"593e045\" data-element_type=\"widget\" data-e-type=\"widget\" data-widget_type=\"heading.default\">\n\t\t\t\t<div class=\"elementor-widget-container\">\n\t\t\t\t\t<h2 class=\"elementor-heading-title elementor-size-default\">Condi\u00e7\u00f5es<\/h2>\t\t\t\t<\/div>\n\t\t\t\t<\/div>\n\t\t\t\t<div class=\"elementor-element elementor-element-83e50dd elementor-widget elementor-widget-text-editor\" data-id=\"83e50dd\" data-element_type=\"widget\" data-e-type=\"widget\" data-widget_type=\"text-editor.default\">\n\t\t\t\t<div class=\"elementor-widget-container\">\n\t\t\t\t\t\t\t\t\t<p class=\"x_MsoNormal\" data-olk-copy-source=\"MessageBody\">\u2013 Oferta de voucher de compras Pingo Doce ou FNAC (ou equivalente) no valor de 250\u20ac, sempre que concretizem um Cr\u00e9dito \u00e0 Habita\u00e7\u00e3o ou uma Transfer\u00eancia de Cr\u00e9dito \u00e0 Habita\u00e7\u00e3o, com recurso aos servi\u00e7os da Credilink<\/p><p class=\"x_MsoNormal\">\u2013 Oferta de voucher de compras Pingo Doce ou FNAC (ou equivalente) no valor de 250\u20ac, sempre que referenciem a Credilink a um amigo ou familiar (que n\u00e3o seja colaborador e\/ ou membro da ORDEM DOS FISIOTERAPEUTAS) e que venha a concretizar, atrav\u00e9s dos servi\u00e7os da Credilink, um Cr\u00e9dito \u00e0 Habita\u00e7\u00e3o ou uma Transfer\u00eancia de Cr\u00e9dito \u00e0 Habita\u00e7\u00e3o.<\/p><p class=\"x_MsoNormal\">\u2013 Webinars gratuitos<\/p><p class=\"x_MsoNormal\">\u2013 Simula\u00e7\u00e3o gratuita e sem compromisso<\/p><p class=\"x_MsoNormal\">\u2013 Acompanhamento especializado<\/p><p class=\"x_MsoNormal\">Webinares gratuitos de 2026:<\/p><p class=\"x_MsoNormal\">\u2022\u00a0\u00a0\u00a0\u00a0\u00a0\u00a0\u00a0\u00a0\u00a0\u00a0\u00a0\u00a0 Abril | dia 16 | 13h30 | Como os bancos analisam o seu perfil financeiro<\/p><p class=\"x_MsoNormal\">\u2022\u00a0\u00a0\u00a0\u00a0\u00a0\u00a0\u00a0\u00a0\u00a0\u00a0\u00a0\u00a0 Maio | dia 26 | 13h30 | Como Poupar nos Seguros do Cr\u00e9dito \u00e0 Habita\u00e7\u00e3o<\/p><p class=\"x_MsoNormal\">\u2022\u00a0\u00a0\u00a0\u00a0\u00a0\u00a0\u00a0\u00a0\u00a0\u00a0\u00a0\u00a0 Junho | dia 29 | Taxa Fixa, Vari\u00e1vel ou Mista: A escolha que pode mudar tudo<\/p><p class=\"x_MsoNormal\">Convidada especial: Paula Alves, Gestora de Balc\u00e3o do Novobanco<\/p><p class=\"x_MsoNormal\">\u2022\u00a0\u00a0\u00a0\u00a0\u00a0\u00a0\u00a0\u00a0\u00a0\u00a0\u00a0\u00a0 Julho | sem data definida | Cr\u00e9dito de Obras vs. Constru\u00e7\u00e3o: Qual a melhor op\u00e7\u00e3o?<\/p><p class=\"x_MsoNormal\">Convidada especial: Cristiana Campelo, Gestora 360 do Novobanco<\/p><p class=\"x_MsoNormal\">\u2022\u00a0\u00a0\u00a0\u00a0\u00a0\u00a0\u00a0\u00a0\u00a0\u00a0\u00a0\u00a0 Setembro | sem data definida | Cr\u00e9dito Consolidado: Como recuperar o controlo das suas finan\u00e7as<\/p><p class=\"x_MsoNormal\">\u2022\u00a0\u00a0\u00a0\u00a0\u00a0\u00a0\u00a0\u00a0\u00a0\u00a0\u00a0\u00a0 Outubro | sem data definida | O cr\u00e9dito como ferramenta de crescimento (e n\u00e3o de sobreviv\u00eancia)<\/p><p class=\"x_MsoNormal\">Convidado especial: Investidor (a confirmar)<\/p><p class=\"x_MsoNormal\">\u2022\u00a0\u00a0\u00a0\u00a0\u00a0\u00a0\u00a0\u00a0\u00a0\u00a0\u00a0\u00a0 Novembro | sem data definida | O que deve saber antes de assinar um contrato de cr\u00e9dito<\/p><p class=\"x_MsoNormal\">\u2022\u00a0\u00a0\u00a0\u00a0\u00a0\u00a0\u00a0\u00a0\u00a0\u00a0\u00a0\u00a0 Dezembro | sem data definida | 2026 em revista: O que aprendemos sobre cr\u00e9dito e clientes<\/p><p class=\"x_MsoNormal\">Acesso ao benef\u00edcio:<\/p><p class=\"x_MsoNormal\">Poder\u00e1 usufruir destas condi\u00e7\u00f5es com o c\u00f3digo promocional:\u00a0<b>ORDEMFISIO1<\/b><br \/>Contacte a Credilink atrav\u00e9s dos seguintes meios:<\/p><p class=\"x_MsoNormal\">Telefone ou WhatsApp: 913 594 545<\/p><p class=\"x_MsoNormal\">Email:\u00a0<a title=\"mailto:info@credilink.pt\" href=\"mailto:info@credilink.pt\" data-linkindex=\"0\">info@credilink.pt<\/a><\/p><p class=\"x_MsoNormal\">Website:\u00a0<a title=\"http:\/\/www.credilink.pt\" href=\"http:\/\/www.credilink.pt\/\" data-auth=\"NotApplicable\" data-linkindex=\"1\" target=\"_blank\" rel=\"noopener\">www.credilink.pt<\/a><\/p>\t\t\t\t\t\t\t\t<\/div>\n\t\t\t\t<\/div>\n\t\t\t\t<div class=\"elementor-element elementor-element-5478628 elementor-widget elementor-widget-image\" data-id=\"5478628\" data-element_type=\"widget\" data-e-type=\"widget\" data-widget_type=\"image.default\">\n\t\t\t\t<div class=\"elementor-widget-container\">\n\t\t\t\t\t\t\t\t\t\t\t\t\t\t\t<img fetchpriority=\"high\" decoding=\"async\" width=\"855\" height=\"513\" src=\"https:\/\/ordemdosfisioterapeutas.pt\/wp-content\/uploads\/2026\/04\/Webinar-16-Abril.png\" class=\"attachment-large size-large wp-image-13258\" alt=\"\" srcset=\"https:\/\/ordemdosfisioterapeutas.pt\/wp-content\/uploads\/2026\/04\/Webinar-16-Abril.png 1000w, https:\/\/ordemdosfisioterapeutas.pt\/wp-content\/uploads\/2026\/04\/Webinar-16-Abril-300x180.png 300w, https:\/\/ordemdosfisioterapeutas.pt\/wp-content\/uploads\/2026\/04\/Webinar-16-Abril-768x461.png 768w, https:\/\/ordemdosfisioterapeutas.pt\/wp-content\/uploads\/2026\/04\/Webinar-16-Abril-18x12.png 18w\" sizes=\"(max-width: 855px) 100vw, 855px\" \/>\t\t\t\t\t\t\t\t\t\t\t\t\t\t\t<\/div>\n\t\t\t\t<\/div>\n\t\t\t\t\t<\/div>\n\t\t\t\t<\/div>\n\t\t<div class=\"elementor-element elementor-element-2c80e88 condicoes-btn e-flex e-con-boxed e-con e-parent\" data-id=\"2c80e88\" data-element_type=\"container\" data-e-type=\"container\">\n\t\t\t\t\t<div class=\"e-con-inner\">\n\t\t\t\t<div class=\"elementor-element elementor-element-cf67895 elementor-align-right elementor-mobile-align-center elementor-widget elementor-widget-button\" data-id=\"cf67895\" data-element_type=\"widget\" data-e-type=\"widget\" data-widget_type=\"button.default\">\n\t\t\t\t<div class=\"elementor-widget-container\">\n\t\t\t\t\t\t\t\t\t<div class=\"elementor-button-wrapper\">\n\t\t\t\t\t<a class=\"elementor-button elementor-button-link elementor-size-xs\" href=\"https:\/\/portal.ordemdosfisioterapeutas.pt\/of-auth\/?app_ref=e985d1b30a025a19af003c638a7f64a2\" target=\"_blank\">\n\t\t\t\t\t\t<span class=\"elementor-button-content-wrapper\">\n\t\t\t\t\t\t\t\t\t<span class=\"elementor-button-text\">Conhe\u00e7a as Condi\u00e7\u00f5es<\/span>\n\t\t\t\t\t<\/span>\n\t\t\t\t\t<\/a>\n\t\t\t\t<\/div>\n\t\t\t\t\t\t\t\t<\/div>\n\t\t\t\t<\/div>\n\t\t\t\t\t<\/div>\n\t\t\t\t<\/div>\n\t\t<div class=\"elementor-element elementor-element-06250ea e-flex e-con-boxed e-con e-parent\" data-id=\"06250ea\" data-element_type=\"container\" data-e-type=\"container\">\n\t\t\t\t\t<div class=\"e-con-inner\">\n\t\t\t\t<div class=\"elementor-element elementor-element-aa3f201 elementor-align-right elementor-mobile-align-center elementor-widget elementor-widget-button\" data-id=\"aa3f201\" data-element_type=\"widget\" data-e-type=\"widget\" data-widget_type=\"button.default\">\n\t\t\t\t<div class=\"elementor-widget-container\">\n\t\t\t\t\t\t\t\t\t<div class=\"elementor-button-wrapper\">\n\t\t\t\t\t<a class=\"elementor-button elementor-button-link elementor-size-xs\" href=\"https:\/\/ordemdosfisioterapeutas.pt\/pt\/parcerias\/\">\n\t\t\t\t\t\t<span class=\"elementor-button-content-wrapper\">\n\t\t\t\t\t\t\t\t\t<span class=\"elementor-button-text\">Voltar<\/span>\n\t\t\t\t\t<\/span>\n\t\t\t\t\t<\/a>\n\t\t\t\t<\/div>\n\t\t\t\t\t\t\t\t<\/div>\n\t\t\t\t<\/div>\n\t\t\t\t\t<\/div>\n\t\t\t\t<\/div>\n\t\t\t\t<\/div>\n\t\t","protected":false},"excerpt":{"rendered":"<p>Descri\u00e7\u00e3o A Credilink \u00e9 uma empresa de intermedia\u00e7\u00e3o de cr\u00e9dito autorizada pelo Banco de Portugal, sendo especializada em encontrar as melhores solu\u00e7\u00f5es de cr\u00e9dito junto das Institui\u00e7\u00f5es de Cr\u00e9dito em Portugal, incluindo bancos e financeiras de refer\u00eancia, com as quais tem parcerias. Apoia os clientes em todo o processo de cr\u00e9dito, de forma simples, transparente &#8230; <a title=\"Credilink\" class=\"read-more\" href=\"https:\/\/ordemdosfisioterapeutas.pt\/pt\/credilink\/\" aria-label=\"Leia mais sobre Credilink\">Ler mais<\/a><\/p>\n","protected":false},"author":1,"featured_media":0,"parent":0,"menu_order":0,"comment_status":"closed","ping_status":"closed","template":"","meta":{"footnotes":""},"class_list":["post-13105","page","type-page","status-publish"],"_links":{"self":[{"href":"https:\/\/ordemdosfisioterapeutas.pt\/pt\/wp-json\/wp\/v2\/pages\/13105","targetHints":{"allow":["GET"]}}],"collection":[{"href":"https:\/\/ordemdosfisioterapeutas.pt\/pt\/wp-json\/wp\/v2\/pages"}],"about":[{"href":"https:\/\/ordemdosfisioterapeutas.pt\/pt\/wp-json\/wp\/v2\/types\/page"}],"author":[{"embeddable":true,"href":"https:\/\/ordemdosfisioterapeutas.pt\/pt\/wp-json\/wp\/v2\/users\/1"}],"replies":[{"embeddable":true,"href":"https:\/\/ordemdosfisioterapeutas.pt\/pt\/wp-json\/wp\/v2\/comments?post=13105"}],"version-history":[{"count":7,"href":"https:\/\/ordemdosfisioterapeutas.pt\/pt\/wp-json\/wp\/v2\/pages\/13105\/revisions"}],"predecessor-version":[{"id":13261,"href":"https:\/\/ordemdosfisioterapeutas.pt\/pt\/wp-json\/wp\/v2\/pages\/13105\/revisions\/13261"}],"wp:attachment":[{"href":"https:\/\/ordemdosfisioterapeutas.pt\/pt\/wp-json\/wp\/v2\/media?parent=13105"}],"curies":[{"name":"wp","href":"https:\/\/api.w.org\/{rel}","templated":true}]}}