{"id":12862,"date":"2026-02-20T16:20:23","date_gmt":"2026-02-20T16:20:23","guid":{"rendered":"https:\/\/ordemdosfisioterapeutas.pt\/?page_id=12862"},"modified":"2026-02-25T09:30:28","modified_gmt":"2026-02-25T09:30:28","slug":"lidel","status":"publish","type":"page","link":"https:\/\/ordemdosfisioterapeutas.pt\/pt\/lidel\/","title":{"rendered":"LIDEL"},"content":{"rendered":"\t\t<div data-elementor-type=\"wp-page\" data-elementor-id=\"12862\" class=\"elementor elementor-12862\" data-elementor-post-type=\"page\">\n\t\t\t\t<div class=\"elementor-element elementor-element-2084110 e-grid e-con-boxed e-con e-parent\" data-id=\"2084110\" data-element_type=\"container\" data-e-type=\"container\">\n\t\t\t\t\t<div class=\"e-con-inner\">\n\t\t\t\t<div class=\"elementor-element elementor-element-a0ce45d elementor-widget elementor-widget-image\" data-id=\"a0ce45d\" data-element_type=\"widget\" data-e-type=\"widget\" data-widget_type=\"image.default\">\n\t\t\t\t<div class=\"elementor-widget-container\">\n\t\t\t\t\t\t\t\t\t\t\t\t\t\t\t<img decoding=\"async\" src=\"https:\/\/ordemdosfisioterapeutas.pt\/wp-content\/uploads\/elementor\/thumbs\/logo__0009_LIDEL-rjfv75j8h37kdxlc0k2f272qgr0qscrpba130ywk5c.png\" title=\"logo__0009_LIDEL\" alt=\"logo__0009_LIDEL\" loading=\"lazy\" \/>\t\t\t\t\t\t\t\t\t\t\t\t\t\t\t<\/div>\n\t\t\t\t<\/div>\n\t\t\t\t<div class=\"elementor-element elementor-element-6e04a02 elementor-widget elementor-widget-image\" data-id=\"6e04a02\" data-element_type=\"widget\" data-e-type=\"widget\" data-widget_type=\"image.default\">\n\t\t\t\t<div class=\"elementor-widget-container\">\n\t\t\t\t\t\t\t\t\t\t\t\t\t\t\t<img decoding=\"async\" src=\"https:\/\/ordemdosfisioterapeutas.pt\/wp-content\/uploads\/elementor\/thumbs\/parcerias-r1e5sfsz0l2px9fc2vf1dqmethbbh5ts4btblfpj40.png\" title=\"parcerias.png\" alt=\"parcerias.png\" loading=\"lazy\" \/>\t\t\t\t\t\t\t\t\t\t\t\t\t\t\t<\/div>\n\t\t\t\t<\/div>\n\t\t\t\t\t<\/div>\n\t\t\t\t<\/div>\n\t\t<div class=\"elementor-element elementor-element-7832d3e e-flex e-con-boxed e-con e-parent\" data-id=\"7832d3e\" data-element_type=\"container\" data-e-type=\"container\">\n\t\t\t\t\t<div class=\"e-con-inner\">\n\t\t\t\t<div class=\"elementor-element elementor-element-fd053f4 elementor-widget elementor-widget-heading\" data-id=\"fd053f4\" data-element_type=\"widget\" data-e-type=\"widget\" data-widget_type=\"heading.default\">\n\t\t\t\t<div class=\"elementor-widget-container\">\n\t\t\t\t\t<h2 class=\"elementor-heading-title elementor-size-default\">Descri\u00e7\u00e3o<\/h2>\t\t\t\t<\/div>\n\t\t\t\t<\/div>\n\t\t\t\t<div class=\"elementor-element elementor-element-8eab87f elementor-widget elementor-widget-text-editor\" data-id=\"8eab87f\" data-element_type=\"widget\" data-e-type=\"widget\" data-widget_type=\"text-editor.default\">\n\t\t\t\t<div class=\"elementor-widget-container\">\n\t\t\t\t\t\t\t\t\t<p data-olk-copy-source=\"MessageBody\">O Grupo LIDEL \u00e9 um projeto 100% portugu\u00eas que se dedica \u00e0 publica\u00e7\u00e3o de livros t\u00e9cnicos e cient\u00edficos de autores de express\u00e3o portuguesa.<\/p><p>Atualmente, o Grupo LIDEL \u00e9 uma das maiores refer\u00eancias nacionais na edi\u00e7\u00e3o t\u00e9cnica e no ensino de Portugu\u00eas L\u00edngua Estrangeira em termos de diversidade de oferta, qualidade dos produtos, conte\u00fados tem\u00e1ticos e inova\u00e7\u00e3o, apresentando em cat\u00e1logo cerca de 1000 obras em portugu\u00eas.<\/p><p>Do Grupo LIDEL fazem parte as chancelas LIDEL, LIDEL Sa\u00fade e bem-estar, FCA, FCA Design, PACTOR, PACTOR Kids e ETEP, especializadas na publica\u00e7\u00e3o de livros de autores portugueses em v\u00e1rias \u00e1reas.<\/p>\t\t\t\t\t\t\t\t<\/div>\n\t\t\t\t<\/div>\n\t\t\t\t\t<\/div>\n\t\t\t\t<\/div>\n\t\t<div class=\"elementor-element elementor-element-573b008 condicoes e-flex e-con-boxed e-con e-parent\" data-id=\"573b008\" data-element_type=\"container\" data-e-type=\"container\">\n\t\t\t\t\t<div class=\"e-con-inner\">\n\t\t\t\t<div class=\"elementor-element elementor-element-a6e62a0 elementor-widget elementor-widget-heading\" data-id=\"a6e62a0\" data-element_type=\"widget\" data-e-type=\"widget\" data-widget_type=\"heading.default\">\n\t\t\t\t<div class=\"elementor-widget-container\">\n\t\t\t\t\t<h2 class=\"elementor-heading-title elementor-size-default\">Condi\u00e7\u00f5es<\/h2>\t\t\t\t<\/div>\n\t\t\t\t<\/div>\n\t\t\t\t<div class=\"elementor-element elementor-element-fc10843 elementor-widget elementor-widget-text-editor\" data-id=\"fc10843\" data-element_type=\"widget\" data-e-type=\"widget\" data-widget_type=\"text-editor.default\">\n\t\t\t\t<div class=\"elementor-widget-container\">\n\t\t\t\t\t\t\t\t\t<p><span data-olk-copy-source=\"MessageBody\">&#8211; Descontos de 10 e 20%, conforme a Lei do Pre\u00e7o Fixo do Livro, em compras de livros publicados pelas chancelas do Grupo LIDEL (LIDEL, LIDEL Sa\u00fade e bem-estar, FCA, FCA design, PACTOR, PACTOR Kids e ETEP) realizadas diretamente na livraria LIDEL de Lisboa.<br \/><\/span>Acesso ao benef\u00edcio: Na Livraria LIDEL de Lisboa identifique-se como Fisioterapeuta e apresente a C\u00e9dula Profissional.<br \/>Morada: Av. Praia da Vit\u00f3ria, n\u00ba 14A \u2013 1000-247 Lisboa<br \/>Contacto: 213 541\u00a0418<\/p><p>&#8211; Desconto de 20% em compras no site, atrav\u00e9s do Voucher em compras de livros publicados pelas chancelas do Grupo LIDEL (LIDEL, LIDEL Sa\u00fade e bem-estar, FCA, FCA design, PACTOR, PACTOR Kids e ETEP), desde que n\u00e3o estejam ao abrigo da Lei do Pre\u00e7o Fixo.<\/p><p>Acesso ao benef\u00edcio:<\/p>\t\t\t\t\t\t\t\t<\/div>\n\t\t\t\t<\/div>\n\t\t\t\t<div class=\"elementor-element elementor-element-da32ab0 elementor-widget elementor-widget-image\" data-id=\"da32ab0\" data-element_type=\"widget\" data-e-type=\"widget\" data-widget_type=\"image.default\">\n\t\t\t\t<div class=\"elementor-widget-container\">\n\t\t\t\t\t\t\t\t\t\t\t\t\t\t\t<img decoding=\"async\" src=\"https:\/\/ordemdosfisioterapeutas.pt\/wp-content\/uploads\/2026\/02\/Voucher-de-DESCONTO-2026-Ordem-Fisioterapeutas_web.png\" title=\"Voucher de DESCONTO 2026 &#8211; Ordem Fisioterapeutas_web\" alt=\"Voucher de DESCONTO 2026 - Ordem Fisioterapeutas_web\" loading=\"lazy\" \/>\t\t\t\t\t\t\t\t\t\t\t\t\t\t\t<\/div>\n\t\t\t\t<\/div>\n\t\t\t\t<div class=\"elementor-element elementor-element-0d43cab elementor-widget elementor-widget-text-editor\" data-id=\"0d43cab\" data-element_type=\"widget\" data-e-type=\"widget\" data-widget_type=\"text-editor.default\">\n\t\t\t\t<div class=\"elementor-widget-container\">\n\t\t\t\t\t\t\t\t\t<p><span data-olk-copy-source=\"MessageBody\">Estes descontos n\u00e3o s\u00e3o acumul\u00e1veis com outras campanhas em vigor, n\u00e3o se aplicam a produtos digitais (eBooks e livros interativos).<\/span><\/p>\t\t\t\t\t\t\t\t<\/div>\n\t\t\t\t<\/div>\n\t\t\t\t\t<\/div>\n\t\t\t\t<\/div>\n\t\t<div class=\"elementor-element elementor-element-7c0d11d condicoes-btn e-flex e-con-boxed e-con e-parent\" data-id=\"7c0d11d\" data-element_type=\"container\" data-e-type=\"container\">\n\t\t\t\t\t<div class=\"e-con-inner\">\n\t\t\t\t<div class=\"elementor-element elementor-element-4da348f elementor-align-right elementor-mobile-align-center elementor-widget elementor-widget-button\" data-id=\"4da348f\" data-element_type=\"widget\" data-e-type=\"widget\" data-widget_type=\"button.default\">\n\t\t\t\t<div class=\"elementor-widget-container\">\n\t\t\t\t\t\t\t\t\t<div class=\"elementor-button-wrapper\">\n\t\t\t\t\t<a class=\"elementor-button elementor-button-link elementor-size-xs\" href=\"https:\/\/portal.ordemdosfisioterapeutas.pt\/of-auth\/?app_ref=e985d1b30a025a19af003c638a7f64a2\" target=\"_blank\">\n\t\t\t\t\t\t<span class=\"elementor-button-content-wrapper\">\n\t\t\t\t\t\t\t\t\t<span class=\"elementor-button-text\">Conhe\u00e7a as Condi\u00e7\u00f5es<\/span>\n\t\t\t\t\t<\/span>\n\t\t\t\t\t<\/a>\n\t\t\t\t<\/div>\n\t\t\t\t\t\t\t\t<\/div>\n\t\t\t\t<\/div>\n\t\t\t\t\t<\/div>\n\t\t\t\t<\/div>\n\t\t<div class=\"elementor-element elementor-element-7e47daa e-flex e-con-boxed e-con e-parent\" data-id=\"7e47daa\" data-element_type=\"container\" data-e-type=\"container\">\n\t\t\t\t\t<div class=\"e-con-inner\">\n\t\t\t\t<div class=\"elementor-element elementor-element-e1e6cc8 elementor-align-right elementor-mobile-align-center elementor-widget elementor-widget-button\" data-id=\"e1e6cc8\" data-element_type=\"widget\" data-e-type=\"widget\" data-widget_type=\"button.default\">\n\t\t\t\t<div class=\"elementor-widget-container\">\n\t\t\t\t\t\t\t\t\t<div class=\"elementor-button-wrapper\">\n\t\t\t\t\t<a class=\"elementor-button elementor-button-link elementor-size-xs\" href=\"https:\/\/ordemdosfisioterapeutas.pt\/pt\/parcerias\/\">\n\t\t\t\t\t\t<span class=\"elementor-button-content-wrapper\">\n\t\t\t\t\t\t\t\t\t<span class=\"elementor-button-text\">Voltar<\/span>\n\t\t\t\t\t<\/span>\n\t\t\t\t\t<\/a>\n\t\t\t\t<\/div>\n\t\t\t\t\t\t\t\t<\/div>\n\t\t\t\t<\/div>\n\t\t\t\t\t<\/div>\n\t\t\t\t<\/div>\n\t\t\t\t<\/div>\n\t\t","protected":false},"excerpt":{"rendered":"<p>Descri\u00e7\u00e3o O Grupo LIDEL \u00e9 um projeto 100% portugu\u00eas que se dedica \u00e0 publica\u00e7\u00e3o de livros t\u00e9cnicos e cient\u00edficos de autores de express\u00e3o portuguesa. Atualmente, o Grupo LIDEL \u00e9 uma das maiores refer\u00eancias nacionais na edi\u00e7\u00e3o t\u00e9cnica e no ensino de Portugu\u00eas L\u00edngua Estrangeira em termos de diversidade de oferta, qualidade dos produtos, conte\u00fados tem\u00e1ticos &#8230; <a title=\"LIDEL\" class=\"read-more\" href=\"https:\/\/ordemdosfisioterapeutas.pt\/pt\/lidel\/\" aria-label=\"Leia mais sobre LIDEL\">Ler mais<\/a><\/p>\n","protected":false},"author":1,"featured_media":0,"parent":0,"menu_order":0,"comment_status":"closed","ping_status":"closed","template":"","meta":{"footnotes":""},"class_list":["post-12862","page","type-page","status-publish"],"_links":{"self":[{"href":"https:\/\/ordemdosfisioterapeutas.pt\/pt\/wp-json\/wp\/v2\/pages\/12862","targetHints":{"allow":["GET"]}}],"collection":[{"href":"https:\/\/ordemdosfisioterapeutas.pt\/pt\/wp-json\/wp\/v2\/pages"}],"about":[{"href":"https:\/\/ordemdosfisioterapeutas.pt\/pt\/wp-json\/wp\/v2\/types\/page"}],"author":[{"embeddable":true,"href":"https:\/\/ordemdosfisioterapeutas.pt\/pt\/wp-json\/wp\/v2\/users\/1"}],"replies":[{"embeddable":true,"href":"https:\/\/ordemdosfisioterapeutas.pt\/pt\/wp-json\/wp\/v2\/comments?post=12862"}],"version-history":[{"count":7,"href":"https:\/\/ordemdosfisioterapeutas.pt\/pt\/wp-json\/wp\/v2\/pages\/12862\/revisions"}],"predecessor-version":[{"id":12875,"href":"https:\/\/ordemdosfisioterapeutas.pt\/pt\/wp-json\/wp\/v2\/pages\/12862\/revisions\/12875"}],"wp:attachment":[{"href":"https:\/\/ordemdosfisioterapeutas.pt\/pt\/wp-json\/wp\/v2\/media?parent=12862"}],"curies":[{"name":"wp","href":"https:\/\/api.w.org\/{rel}","templated":true}]}}