{"id":12782,"date":"2026-02-14T15:38:03","date_gmt":"2026-02-14T15:38:03","guid":{"rendered":"https:\/\/ordemdosfisioterapeutas.pt\/?page_id=12782"},"modified":"2026-02-14T17:21:14","modified_gmt":"2026-02-14T17:21:14","slug":"campanha-eleitoral-2025-2","status":"publish","type":"page","link":"https:\/\/ordemdosfisioterapeutas.pt\/pt\/campanha-eleitoral-2025-2\/","title":{"rendered":"Campanha Eleitoral"},"content":{"rendered":"\t\t<div data-elementor-type=\"wp-page\" data-elementor-id=\"12782\" class=\"elementor elementor-12782\" data-elementor-post-type=\"page\">\n\t\t\t\t<div class=\"elementor-element elementor-element-6936afb e-flex e-con-boxed e-con e-parent\" data-id=\"6936afb\" data-element_type=\"container\" data-e-type=\"container\">\n\t\t\t\t\t<div class=\"e-con-inner\">\n\t\t\t\t<div class=\"elementor-element elementor-element-bf9df89 elementor-widget elementor-widget-text-editor\" data-id=\"bf9df89\" data-element_type=\"widget\" data-e-type=\"widget\" data-widget_type=\"text-editor.default\">\n\t\t\t\t<div class=\"elementor-widget-container\">\n\t\t\t\t\t\t\t\t\t<p>A campanha eleitoral tem in\u00edcio no dia seguinte \u00e0 publicita\u00e7\u00e3o das candidaturas aceites a sufr\u00e1gio, ou seja, come\u00e7ar\u00e1 no dia <b>3 de maio de 2026 <\/b>e terminar\u00e1 no dia <b>16 de maio de 2026 <\/b>(antev\u00e9spera das elei\u00e7\u00f5es).<\/p><p>Durante este per\u00edodo, <b>a Ordem disponibilizar\u00e1 <\/b>aos candidatos meios de promo\u00e7\u00e3o das suas propostas e de intera\u00e7\u00e3o com os eleitores, da seguinte forma:<\/p><ul><li>Cada lista poder\u00e1 enviar at\u00e9 duas mensagens de correio eletr\u00f3nico aos eleitores, a divulgar pelos canais oficiais da Ordem;<\/li><li>As mensagens devem ser remetidas em formato HTML para: eleicoes@ordemdosfisioterapeutas.pt, com identifica\u00e7\u00e3o clara da lista;<\/li><li>As respostas aos contactos recebidos no endere\u00e7o acima referido ser\u00e3o enviadas durante o hor\u00e1rio de atendimento, em dias \u00fateis, das 09.00 \u00e0s 18.00 horas;<\/li><li>A calendariza\u00e7\u00e3o ser\u00e1 gerida pela Comiss\u00e3o Eleitoral, de acordo com a ordem de rece\u00e7\u00e3o e o per\u00edodo de campanha;<\/li><li>N\u00e3o ser\u00e3o disponibilizados contactos de membros nem enviados SMS\/MMS em nome das listas;<\/li><li>A pedido das listas, poder\u00e3o ser publicadas hiperliga\u00e7\u00f5es no site da Ordem que redirecionem para as p\u00e1ginas oficiais das candidaturas.<\/li><\/ul><p>A <b>Ordem disponibilizar\u00e1 <\/b>ainda acesso pontual \u00e0s instala\u00e7\u00f5es da Ordem, na Rua D. Jo\u00e3o V, n\u00b0 24 &#8211; 1.06, 1250-091 Lisboa.<\/p><ul><li>Poder\u00e1 ser disponibilizada uma sala com capacidade at\u00e9 6 pessoas, mediante solicita\u00e7\u00e3o com 48 horas de anteced\u00eancia;<\/li><li>Os pedidos devem ser enviados para o endere\u00e7o de correio eletr\u00f3nico oficial acima referido;<\/li><li>A resposta ser\u00e1 dada no prazo de 24 horas;<\/li><li>O espa\u00e7o estar\u00e1 dispon\u00edvel em dias \u00fateis entre as 9h00 e as 18h00.<\/li><li>Nos termos do n.\u00ba 2 do artigo 49.\u00ba do Estatuto, a Dire\u00e7\u00e3o delibera n\u00e3o comparticipar os encargos com as campanhas eleitorais, \u00e0 semelhan\u00e7a do verifica\u00e7\u00e3o em elei\u00e7\u00f5es anteriores.<\/li><\/ul>\t\t\t\t\t\t\t\t<\/div>\n\t\t\t\t<\/div>\n\t\t\t\t\t<\/div>\n\t\t\t\t<\/div>\n\t\t\t\t<\/div>\n\t\t","protected":false},"excerpt":{"rendered":"<p>A campanha eleitoral tem in\u00edcio no dia seguinte \u00e0 publicita\u00e7\u00e3o das candidaturas aceites a sufr\u00e1gio, ou seja, come\u00e7ar\u00e1 no dia 3 de maio de 2026 e terminar\u00e1 no dia 16 de maio de 2026 (antev\u00e9spera das elei\u00e7\u00f5es). Durante este per\u00edodo, a Ordem disponibilizar\u00e1 aos candidatos meios de promo\u00e7\u00e3o das suas propostas e de intera\u00e7\u00e3o com &#8230; <a title=\"Campanha Eleitoral\" class=\"read-more\" href=\"https:\/\/ordemdosfisioterapeutas.pt\/pt\/campanha-eleitoral-2025-2\/\" aria-label=\"Leia mais sobre Campanha Eleitoral\">Ler mais<\/a><\/p>\n","protected":false},"author":1,"featured_media":0,"parent":0,"menu_order":0,"comment_status":"closed","ping_status":"closed","template":"","meta":{"footnotes":""},"class_list":["post-12782","page","type-page","status-publish"],"_links":{"self":[{"href":"https:\/\/ordemdosfisioterapeutas.pt\/pt\/wp-json\/wp\/v2\/pages\/12782","targetHints":{"allow":["GET"]}}],"collection":[{"href":"https:\/\/ordemdosfisioterapeutas.pt\/pt\/wp-json\/wp\/v2\/pages"}],"about":[{"href":"https:\/\/ordemdosfisioterapeutas.pt\/pt\/wp-json\/wp\/v2\/types\/page"}],"author":[{"embeddable":true,"href":"https:\/\/ordemdosfisioterapeutas.pt\/pt\/wp-json\/wp\/v2\/users\/1"}],"replies":[{"embeddable":true,"href":"https:\/\/ordemdosfisioterapeutas.pt\/pt\/wp-json\/wp\/v2\/comments?post=12782"}],"version-history":[{"count":4,"href":"https:\/\/ordemdosfisioterapeutas.pt\/pt\/wp-json\/wp\/v2\/pages\/12782\/revisions"}],"predecessor-version":[{"id":12828,"href":"https:\/\/ordemdosfisioterapeutas.pt\/pt\/wp-json\/wp\/v2\/pages\/12782\/revisions\/12828"}],"wp:attachment":[{"href":"https:\/\/ordemdosfisioterapeutas.pt\/pt\/wp-json\/wp\/v2\/media?parent=12782"}],"curies":[{"name":"wp","href":"https:\/\/api.w.org\/{rel}","templated":true}]}}