{"id":12780,"date":"2026-02-14T15:37:39","date_gmt":"2026-02-14T15:37:39","guid":{"rendered":"https:\/\/ordemdosfisioterapeutas.pt\/?page_id=12780"},"modified":"2026-03-26T20:24:53","modified_gmt":"2026-03-26T20:24:53","slug":"listas-candidatas-2026","status":"publish","type":"page","link":"https:\/\/ordemdosfisioterapeutas.pt\/pt\/listas-candidatas-2026\/","title":{"rendered":"Listas Candidatas"},"content":{"rendered":"\t\t<div data-elementor-type=\"wp-page\" data-elementor-id=\"12780\" class=\"elementor elementor-12780\" data-elementor-post-type=\"page\">\n\t\t\t\t<div class=\"elementor-element elementor-element-e8bfebf e-flex e-con-boxed e-con e-parent\" data-id=\"e8bfebf\" data-element_type=\"container\" data-e-type=\"container\">\n\t\t\t\t\t<div class=\"e-con-inner\">\n\t\t\t\t<div class=\"elementor-element elementor-element-29821c9 elementor-widget elementor-widget-text-editor\" data-id=\"29821c9\" data-element_type=\"widget\" data-e-type=\"widget\" data-widget_type=\"text-editor.default\">\n\t\t\t\t<div class=\"elementor-widget-container\">\n\t\t\t\t\t\t\t\t\t<p><b><span data-olk-copy-source=\"MessageBody\">Listas Admitidas \u2013 Elei\u00e7\u00f5es 2026 | Ato Eleitoral Complementar<\/span><\/b><\/p><p>No \u00e2mbito das Elei\u00e7\u00f5es 2026 \u2013 Ato Eleitoral Complementar, informa-se que foram admitidas listas \u00fanicas para os \u00f3rg\u00e3os regionais em elei\u00e7\u00e3o.<\/p><p>Nos termos do artigo 22.\u00ba do Regulamento Eleitoral, n\u00e3o h\u00e1 lugar \u00e0 realiza\u00e7\u00e3o do ato de sorteio, sendo as listas designadas como\u00a0<b>Lista A<\/b>.<\/p><p><b>\u00d3rg\u00e3os Regionais<\/b><\/p><p><b>Dire\u00e7\u00e3o Regional da Madeira \u2013 Lista A<\/b><br \/><b>Cabe\u00e7a de Lista:<\/b>\u00a0Mara Soraia Gon\u00e7alves Gouveia Abreu Teixeira, CP n.\u00ba 1357<br \/><b>Mandat\u00e1rio:<\/b>\u00a0N\u00e1dia Priscila Vieira da Silva, CP n.\u00ba 9652<\/p><p><b>Candidatos efetivos:<\/b><\/p><ul type=\"disc\"><li>Mara Soraia Gon\u00e7alves Gouveia Abreu Teixeira, CP n.\u00ba 1357<\/li><li>Nuno Diogo Fernandes Mendes, CP n.\u00ba 729<\/li><li>Joana Filipa Carvalho Pita, CP n.\u00ba 3824<\/li><\/ul><p><b>Candidatos suplentes:<\/b><\/p><ul type=\"disc\"><li>Jos\u00e9 Humberto Gon\u00e7alves Fernandes, CP n.\u00ba 4373<\/li><\/ul><div align=\"center\"><hr align=\"center\" size=\"2\" width=\"100%\" \/><\/div><p><b>Mesa da Assembleia Regional do Sul \u2013 Lista A<\/b><br \/><b>Cabe\u00e7a de Lista:<\/b>\u00a0Ol\u00edmpio Manuel Gouveia Pereira, CP n.\u00ba 3<br \/><b>Mandat\u00e1rio:<\/b>\u00a0Jo\u00e3o Filipe Ferreira, CP n.\u00ba 13204<\/p><p><b>Candidatos efetivos:<\/b><\/p><ul type=\"disc\"><li>Ol\u00edmpio Manuel Gouveia Pereira, CP n.\u00ba 3<\/li><li>Filipa de Pona Coutinho Ferreira Lemos, CP n.\u00ba 345<\/li><li>Jos\u00e9 Pedro Rosado Gouveia Marques, CP n.\u00ba 1766<\/li><\/ul><p><b>Candidatos suplentes:<\/b><\/p><ul type=\"disc\"><li>Ana Rita Poeira Avelino, CP n.\u00ba 9369<\/li><\/ul>\t\t\t\t\t\t\t\t<\/div>\n\t\t\t\t<\/div>\n\t\t\t\t\t<\/div>\n\t\t\t\t<\/div>\n\t\t\t\t<\/div>\n\t\t","protected":false},"excerpt":{"rendered":"<p>Listas Admitidas \u2013 Elei\u00e7\u00f5es 2026 | Ato Eleitoral Complementar No \u00e2mbito das Elei\u00e7\u00f5es 2026 \u2013 Ato Eleitoral Complementar, informa-se que foram admitidas listas \u00fanicas para os \u00f3rg\u00e3os regionais em elei\u00e7\u00e3o. Nos termos do artigo 22.\u00ba do Regulamento Eleitoral, n\u00e3o h\u00e1 lugar \u00e0 realiza\u00e7\u00e3o do ato de sorteio, sendo as listas designadas como\u00a0Lista A. \u00d3rg\u00e3os Regionais &#8230; <a title=\"Listas Candidatas\" class=\"read-more\" href=\"https:\/\/ordemdosfisioterapeutas.pt\/pt\/listas-candidatas-2026\/\" aria-label=\"Leia mais sobre Listas Candidatas\">Ler mais<\/a><\/p>\n","protected":false},"author":1,"featured_media":0,"parent":0,"menu_order":0,"comment_status":"closed","ping_status":"closed","template":"","meta":{"footnotes":""},"class_list":["post-12780","page","type-page","status-publish"],"_links":{"self":[{"href":"https:\/\/ordemdosfisioterapeutas.pt\/pt\/wp-json\/wp\/v2\/pages\/12780","targetHints":{"allow":["GET"]}}],"collection":[{"href":"https:\/\/ordemdosfisioterapeutas.pt\/pt\/wp-json\/wp\/v2\/pages"}],"about":[{"href":"https:\/\/ordemdosfisioterapeutas.pt\/pt\/wp-json\/wp\/v2\/types\/page"}],"author":[{"embeddable":true,"href":"https:\/\/ordemdosfisioterapeutas.pt\/pt\/wp-json\/wp\/v2\/users\/1"}],"replies":[{"embeddable":true,"href":"https:\/\/ordemdosfisioterapeutas.pt\/pt\/wp-json\/wp\/v2\/comments?post=12780"}],"version-history":[{"count":7,"href":"https:\/\/ordemdosfisioterapeutas.pt\/pt\/wp-json\/wp\/v2\/pages\/12780\/revisions"}],"predecessor-version":[{"id":13165,"href":"https:\/\/ordemdosfisioterapeutas.pt\/pt\/wp-json\/wp\/v2\/pages\/12780\/revisions\/13165"}],"wp:attachment":[{"href":"https:\/\/ordemdosfisioterapeutas.pt\/pt\/wp-json\/wp\/v2\/media?parent=12780"}],"curies":[{"name":"wp","href":"https:\/\/api.w.org\/{rel}","templated":true}]}}