{"id":12778,"date":"2026-02-14T15:37:12","date_gmt":"2026-02-14T15:37:12","guid":{"rendered":"https:\/\/ordemdosfisioterapeutas.pt\/?page_id=12778"},"modified":"2026-02-14T17:19:13","modified_gmt":"2026-02-14T17:19:13","slug":"candidaturas-2026","status":"publish","type":"page","link":"https:\/\/ordemdosfisioterapeutas.pt\/pt\/candidaturas-2026\/","title":{"rendered":"Candidaturas"},"content":{"rendered":"\t\t<div data-elementor-type=\"wp-page\" data-elementor-id=\"12778\" class=\"elementor elementor-12778\" data-elementor-post-type=\"page\">\n\t\t\t\t<div class=\"elementor-element elementor-element-b01c4e4 e-flex e-con-boxed e-con e-parent\" data-id=\"b01c4e4\" data-element_type=\"container\" data-e-type=\"container\">\n\t\t\t\t\t<div class=\"e-con-inner\">\n\t\t\t\t<div class=\"elementor-element elementor-element-e5e74ac elementor-widget elementor-widget-text-editor\" data-id=\"e5e74ac\" data-element_type=\"widget\" data-e-type=\"widget\" data-widget_type=\"text-editor.default\">\n\t\t\t\t<div class=\"elementor-widget-container\">\n\t\t\t\t\t\t\t\t\t<p>Os membros interessados em candidatar-se aos \u00f3rg\u00e3os da Ordem poder\u00e3o apresentar as suas candidaturas entre os dias <b>17 de fevereiro a<\/b> <b>19 de mar\u00e7o de 2026<\/b>. Para submeter a sua candidatura, aceda aos formul\u00e1rios de candidatura, disponibilizados abaixo e siga as instru\u00e7\u00f5es fornecidas. Verifique os requisitos necess\u00e1rios e prepare a documenta\u00e7\u00e3o exigida.<\/p><p><u><b>Procedimentos para a rece\u00e7\u00e3o de listas candidatas (com <\/b><\/u><u><b><i>link<\/i><\/b><\/u><u><b> para documento \u201crece\u00e7\u00e3o de listas&#8221;<\/b><\/u><\/p><ul><li><b>Rece\u00e7\u00e3o via correio eletr\u00f3nico:<\/b> a rece\u00e7\u00e3o \u00e9 feita atrav\u00e9s do endere\u00e7o <a href=\"mailto:eleicoes@ordemdosfisioterapeutas.pt\">eleicoes@ordemdosfisioterapeutas.pt<\/a>, a documenta\u00e7\u00e3o \u00e9 assinada digitalmente pelos servi\u00e7os da Ordem, sendo posteriormente enviada ao representante da lista. Por sua vez, o representante da lista declara\/confirma que recebeu resposta dos servi\u00e7os da Ordem.<\/li><li><b>Entrega em m\u00e3o<\/b>: a rece\u00e7\u00e3o \u00e9 feita nas instala\u00e7\u00f5es da Ordem, na Rua D. Jo\u00e3o V, n\u00b0 24 &#8211; 1.06, 1250-091 Lisboa, todas as p\u00e1ginas s\u00e3o carimbadas e rubricadas pelos servi\u00e7os da Ordem. Toda a documenta\u00e7\u00e3o original \u00e9 fotocopiada com vista \u00e0 entrega de uma c\u00f3pia ao representante da lista, que declara\/confirma ter recebido essa mesma c\u00f3pia, atrav\u00e9s de minuta disponibilizada.<\/li><li><b>Rece\u00e7\u00e3o por via postal<\/b>: devem ser enviadas para Ordem dos Fisioterapeutas &#8211; Rua D. Jo\u00e3o V, n\u00b0 24 &#8211; 1.06, 1250-091 Lisboa, garantindo a sua entrada no prazo previsto para a apresenta\u00e7\u00e3o de candidaturas (at\u00e9 19 de mar\u00e7o). A abertura dos envelopes ser\u00e1 feita pelos servi\u00e7os da Ordem na presen\u00e7a de 2 testemunhas. A documenta\u00e7\u00e3o recebida deve igualmente ser carimbada e rubricada, em todas as p\u00e1ginas.<\/li><\/ul><p>\u00a0<\/p><p><u><b>Formul\u00e1rios para a formaliza\u00e7\u00e3o de Candidatura:<\/b><\/u><\/p><p>a)<span style=\"text-decoration: underline;\"><a href=\"https:\/\/ordemdosfisioterapeutas.pt\/wp-content\/uploads\/2025\/08\/e-REQUERIMENTO-CANDIDATURA-DIRECAO-REGIONAL.pdf\" target=\"_blank\" rel=\"noopener\">Candidatura \u00e0 Dire\u00e7\u00e3o Regional<\/a><\/span><\/p><p>b)<span style=\"text-decoration: underline;\"><a href=\"https:\/\/ordemdosfisioterapeutas.pt\/wp-content\/uploads\/2025\/08\/f_CANDIDATURA-MESA-ASSEMBLEIA-REGIONAL.pdf\" target=\"_blank\" rel=\"noopener\">Candidatura \u00e0 Mesa da Assembleia Regional<\/a><\/span><br \/><br \/>c) <span style=\"text-decoration: underline;\"><a href=\"https:\/\/ordemdosfisioterapeutas.pt\/wp-content\/uploads\/2025\/08\/g_DECLARACAO-ACEITACAO-DE-CANDIDATURA.pdf\" target=\"_blank\" rel=\"noopener\">Declara\u00e7\u00e3o de aceita\u00e7\u00e3o de candidatura<\/a><\/span><\/p><p>d) <span style=\"text-decoration: underline;\"><a href=\"https:\/\/ordemdosfisioterapeutas.pt\/wp-content\/uploads\/2025\/08\/h-DECLARACAO-NOMEACOES-REPRESENTANTE-CE_M_290325.pdf\" target=\"_blank\" rel=\"noopener\">Declara\u00e7\u00e3o de nomea\u00e7\u00e3o de representante para a Comiss\u00e3o Eleitoral<\/a><\/span><\/p><p>e) <span style=\"text-decoration: underline;\"><a href=\"https:\/\/ordemdosfisioterapeutas.pt\/wp-content\/uploads\/2025\/08\/i-LISTA-SUBSCRITORES-COLETIVA.pdf\" target=\"_blank\" rel=\"noopener\">Lista de Subscritores Coletiva<\/a><\/span><\/p><p>f) <span style=\"text-decoration: underline;\"><a href=\"https:\/\/ordemdosfisioterapeutas.pt\/wp-content\/uploads\/2025\/08\/j-LISTA-SUBSCRITORES-INDIVIDUAL.pdf\">Lista de Subscritores Individual<\/a><\/span><\/p><p>\u00a0<\/p><p>\u26a0\ufe0f <b>Nota informativa \u2013 Formul\u00e1rios de candidatura<\/b><\/p><p>Informa-se que alguns dos formul\u00e1rios de candidatura constantes dos anexos do Regulamento Eleitoral publicado em Di\u00e1rio da Rep\u00fablica cont\u00eam lapsos materiais, n\u00e3o refletindo integralmente os requisitos previstos no respetivo texto regulamentar.<\/p><p>Os formul\u00e1rios de candidatura disponibilizados nesta p\u00e1gina do site da <b>Ordem dos Fisioterapeutas<\/b> correspondem \u00e0s vers\u00f5es atualizadas e conformes ao disposto no Estatuto e no Regulamento Eleitoral em vigor, devendo ser utilizados <b>exclusivamente<\/b> no \u00e2mbito do presente ato eleitoral complementar.<\/p><p>Recomenda-se, assim, que todas as candidaturas apresentadas utilizem apenas os formul\u00e1rios aqui disponibilizados, n\u00e3o sendo consideradas vers\u00f5es alternativas ou formul\u00e1rios constantes de outros suportes.<\/p>\t\t\t\t\t\t\t\t<\/div>\n\t\t\t\t<\/div>\n\t\t\t\t\t<\/div>\n\t\t\t\t<\/div>\n\t\t\t\t<\/div>\n\t\t","protected":false},"excerpt":{"rendered":"<p>Os membros interessados em candidatar-se aos \u00f3rg\u00e3os da Ordem poder\u00e3o apresentar as suas candidaturas entre os dias 17 de fevereiro a 19 de mar\u00e7o de 2026. Para submeter a sua candidatura, aceda aos formul\u00e1rios de candidatura, disponibilizados abaixo e siga as instru\u00e7\u00f5es fornecidas. Verifique os requisitos necess\u00e1rios e prepare a documenta\u00e7\u00e3o exigida. Procedimentos para a &#8230; <a title=\"Candidaturas\" class=\"read-more\" href=\"https:\/\/ordemdosfisioterapeutas.pt\/pt\/candidaturas-2026\/\" aria-label=\"Leia mais sobre Candidaturas\">Ler mais<\/a><\/p>\n","protected":false},"author":1,"featured_media":0,"parent":0,"menu_order":0,"comment_status":"closed","ping_status":"closed","template":"","meta":{"footnotes":""},"class_list":["post-12778","page","type-page","status-publish"],"_links":{"self":[{"href":"https:\/\/ordemdosfisioterapeutas.pt\/pt\/wp-json\/wp\/v2\/pages\/12778","targetHints":{"allow":["GET"]}}],"collection":[{"href":"https:\/\/ordemdosfisioterapeutas.pt\/pt\/wp-json\/wp\/v2\/pages"}],"about":[{"href":"https:\/\/ordemdosfisioterapeutas.pt\/pt\/wp-json\/wp\/v2\/types\/page"}],"author":[{"embeddable":true,"href":"https:\/\/ordemdosfisioterapeutas.pt\/pt\/wp-json\/wp\/v2\/users\/1"}],"replies":[{"embeddable":true,"href":"https:\/\/ordemdosfisioterapeutas.pt\/pt\/wp-json\/wp\/v2\/comments?post=12778"}],"version-history":[{"count":4,"href":"https:\/\/ordemdosfisioterapeutas.pt\/pt\/wp-json\/wp\/v2\/pages\/12778\/revisions"}],"predecessor-version":[{"id":12822,"href":"https:\/\/ordemdosfisioterapeutas.pt\/pt\/wp-json\/wp\/v2\/pages\/12778\/revisions\/12822"}],"wp:attachment":[{"href":"https:\/\/ordemdosfisioterapeutas.pt\/pt\/wp-json\/wp\/v2\/media?parent=12778"}],"curies":[{"name":"wp","href":"https:\/\/api.w.org\/{rel}","templated":true}]}}