{"id":12774,"date":"2026-02-14T15:36:07","date_gmt":"2026-02-14T15:36:07","guid":{"rendered":"https:\/\/ordemdosfisioterapeutas.pt\/?page_id=12774"},"modified":"2026-02-14T17:14:09","modified_gmt":"2026-02-14T17:14:09","slug":"recenseamento-2026","status":"publish","type":"page","link":"https:\/\/ordemdosfisioterapeutas.pt\/pt\/recenseamento-2026\/","title":{"rendered":"Recenseamento"},"content":{"rendered":"\t\t<div data-elementor-type=\"wp-page\" data-elementor-id=\"12774\" class=\"elementor elementor-12774\" data-elementor-post-type=\"page\">\n\t\t\t\t<div class=\"elementor-element elementor-element-2cee738 e-flex e-con-boxed e-con e-parent\" data-id=\"2cee738\" data-element_type=\"container\" data-e-type=\"container\">\n\t\t\t\t\t<div class=\"e-con-inner\">\n\t\t\t\t<div class=\"elementor-element elementor-element-59babe9 elementor-widget elementor-widget-text-editor\" data-id=\"59babe9\" data-element_type=\"widget\" data-e-type=\"widget\" data-widget_type=\"text-editor.default\">\n\t\t\t\t<div class=\"elementor-widget-container\">\n\t\t\t\t\t\t\t\t\t<p>\u00c9 essencial que todos os membros da Ordem dos Fisioterapeutas mantenham os seus dados atualizados para garantir a participa\u00e7\u00e3o nas elei\u00e7\u00f5es. Verifique e atualize os seus dados na sua <span style=\"text-decoration: underline;\"><a href=\"https:\/\/portal.ordemdosfisioterapeutas.pt\/?_ga=2.225000473.20998420.1630766367-1640897408.1605222732\" target=\"_blank\" rel=\"noopener\">\u00e1rea reservada<\/a><\/span>, sobretudo o\u00a0endere\u00e7o eletr\u00f3nico e o\u00a0n\u00famero de telem\u00f3vel, pois s\u00e3o essenciais para poder votar (veja o nosso <span style=\"text-decoration: underline;\"><a href=\"https:\/\/www.youtube.com\/watch?v=8KkcbL9JKNI\" target=\"_blank\" rel=\"noopener\">v\u00eddeo tutorial<\/a><\/span>). S\u00e3o eleitores e eleg\u00edveis para participar no ato eleitoral, todos os fisioterapeutas que, \u00e0 data de extra\u00e7\u00e3o dos cadernos eleitorais (9 de abril de 2026), n\u00e3o tenham quotas em atraso h\u00e1 mais de seis meses.<\/p>\t\t\t\t\t\t\t\t<\/div>\n\t\t\t\t<\/div>\n\t\t\t\t\t<\/div>\n\t\t\t\t<\/div>\n\t\t\t\t<\/div>\n\t\t","protected":false},"excerpt":{"rendered":"<p>\u00c9 essencial que todos os membros da Ordem dos Fisioterapeutas mantenham os seus dados atualizados para garantir a participa\u00e7\u00e3o nas elei\u00e7\u00f5es. Verifique e atualize os seus dados na sua \u00e1rea reservada, sobretudo o\u00a0endere\u00e7o eletr\u00f3nico e o\u00a0n\u00famero de telem\u00f3vel, pois s\u00e3o essenciais para poder votar (veja o nosso v\u00eddeo tutorial). S\u00e3o eleitores e eleg\u00edveis para participar &#8230; <a title=\"Recenseamento\" class=\"read-more\" href=\"https:\/\/ordemdosfisioterapeutas.pt\/pt\/recenseamento-2026\/\" aria-label=\"Leia mais sobre Recenseamento\">Ler mais<\/a><\/p>\n","protected":false},"author":1,"featured_media":0,"parent":0,"menu_order":0,"comment_status":"closed","ping_status":"closed","template":"","meta":{"footnotes":""},"class_list":["post-12774","page","type-page","status-publish"],"_links":{"self":[{"href":"https:\/\/ordemdosfisioterapeutas.pt\/pt\/wp-json\/wp\/v2\/pages\/12774","targetHints":{"allow":["GET"]}}],"collection":[{"href":"https:\/\/ordemdosfisioterapeutas.pt\/pt\/wp-json\/wp\/v2\/pages"}],"about":[{"href":"https:\/\/ordemdosfisioterapeutas.pt\/pt\/wp-json\/wp\/v2\/types\/page"}],"author":[{"embeddable":true,"href":"https:\/\/ordemdosfisioterapeutas.pt\/pt\/wp-json\/wp\/v2\/users\/1"}],"replies":[{"embeddable":true,"href":"https:\/\/ordemdosfisioterapeutas.pt\/pt\/wp-json\/wp\/v2\/comments?post=12774"}],"version-history":[{"count":4,"href":"https:\/\/ordemdosfisioterapeutas.pt\/pt\/wp-json\/wp\/v2\/pages\/12774\/revisions"}],"predecessor-version":[{"id":12816,"href":"https:\/\/ordemdosfisioterapeutas.pt\/pt\/wp-json\/wp\/v2\/pages\/12774\/revisions\/12816"}],"wp:attachment":[{"href":"https:\/\/ordemdosfisioterapeutas.pt\/pt\/wp-json\/wp\/v2\/media?parent=12774"}],"curies":[{"name":"wp","href":"https:\/\/api.w.org\/{rel}","templated":true}]}}