{"id":12770,"date":"2026-02-14T15:33:24","date_gmt":"2026-02-14T15:33:24","guid":{"rendered":"https:\/\/ordemdosfisioterapeutas.pt\/?page_id=12770"},"modified":"2026-03-20T19:10:17","modified_gmt":"2026-03-20T19:10:17","slug":"comissao-eleitoral-2026","status":"publish","type":"page","link":"https:\/\/ordemdosfisioterapeutas.pt\/pt\/comissao-eleitoral-2026\/","title":{"rendered":"Comiss\u00e3o Eleitoral"},"content":{"rendered":"\t\t<div data-elementor-type=\"wp-page\" data-elementor-id=\"12770\" class=\"elementor elementor-12770\" data-elementor-post-type=\"page\">\n\t\t\t\t<div class=\"elementor-element elementor-element-5631aeb e-flex e-con-boxed e-con e-parent\" data-id=\"5631aeb\" data-element_type=\"container\" data-e-type=\"container\">\n\t\t\t\t\t<div class=\"e-con-inner\">\n\t\t\t\t<div class=\"elementor-element elementor-element-44942b5 elementor-widget elementor-widget-text-editor\" data-id=\"44942b5\" data-element_type=\"widget\" data-e-type=\"widget\" data-widget_type=\"text-editor.default\">\n\t\t\t\t<div class=\"elementor-widget-container\">\n\t\t\t\t\t\t\t\t\t<p><span data-olk-copy-source=\"MessageBody\">A Comiss\u00e3o Eleitoral \u00e9 respons\u00e1vel por garantir a legalidade e a transpar\u00eancia de todo o processo eleitoral. Desempenha um papel fundamental na supervis\u00e3o de todas as fases do processo eleitoral, desde a rece\u00e7\u00e3o das candidaturas at\u00e9 ao apuramento dos resultados.<\/span><\/p><p>De acordo com o Regulamento Eleitoral, a Comiss\u00e3o Eleitoral \u00e9 composta pelo presidente da mesa do conselho geral e por um representante de cada uma das listas admitidas a sufr\u00e1gio, indicados no momento da apresenta\u00e7\u00e3o das respetivas candidaturas.<\/p><p>A Comiss\u00e3o Eleitoral para as Elei\u00e7\u00f5es 2026 \u2013 Ato Eleitoral Complementar encontra-se constitu\u00edda com a seguinte composi\u00e7\u00e3o:<\/p><p><strong>Presidente da Comiss\u00e3o Eleitoral<\/strong><br \/>Maria Ant\u00f3nio Ferreira de Castro, CP n.\u00ba 410<br \/>(Presidente da Mesa do Conselho Geral)<\/p><p><strong>Representantes das candidaturas admitidas:<\/strong><\/p><p>Representante da lista encabe\u00e7ada por Mara Soraia Gon\u00e7alves Gouveia Abreu Teixeira \u00e0 Dire\u00e7\u00e3o Regional da Madeira:<br \/>N\u00e1dia Priscila Vieira da Silva, CP n.\u00ba 9652<\/p><p>Representante da lista encabe\u00e7ada por Ol\u00edmpio Manuel Gouveia Pereira \u00e0 Mesa da Assembleia Regional do Sul:<br \/>Jo\u00e3o Filipe Ferreira, CP n.\u00ba 13204<\/p>\t\t\t\t\t\t\t\t<\/div>\n\t\t\t\t<\/div>\n\t\t\t\t\t<\/div>\n\t\t\t\t<\/div>\n\t\t\t\t<\/div>\n\t\t","protected":false},"excerpt":{"rendered":"<p>A Comiss\u00e3o Eleitoral \u00e9 respons\u00e1vel por garantir a legalidade e a transpar\u00eancia de todo o processo eleitoral. Desempenha um papel fundamental na supervis\u00e3o de todas as fases do processo eleitoral, desde a rece\u00e7\u00e3o das candidaturas at\u00e9 ao apuramento dos resultados. De acordo com o Regulamento Eleitoral, a Comiss\u00e3o Eleitoral \u00e9 composta pelo presidente da mesa &#8230; <a title=\"Comiss\u00e3o Eleitoral\" class=\"read-more\" href=\"https:\/\/ordemdosfisioterapeutas.pt\/pt\/comissao-eleitoral-2026\/\" aria-label=\"Leia mais sobre Comiss\u00e3o Eleitoral\">Ler mais<\/a><\/p>\n","protected":false},"author":1,"featured_media":0,"parent":0,"menu_order":0,"comment_status":"closed","ping_status":"closed","template":"","meta":{"footnotes":""},"class_list":["post-12770","page","type-page","status-publish"],"_links":{"self":[{"href":"https:\/\/ordemdosfisioterapeutas.pt\/pt\/wp-json\/wp\/v2\/pages\/12770","targetHints":{"allow":["GET"]}}],"collection":[{"href":"https:\/\/ordemdosfisioterapeutas.pt\/pt\/wp-json\/wp\/v2\/pages"}],"about":[{"href":"https:\/\/ordemdosfisioterapeutas.pt\/pt\/wp-json\/wp\/v2\/types\/page"}],"author":[{"embeddable":true,"href":"https:\/\/ordemdosfisioterapeutas.pt\/pt\/wp-json\/wp\/v2\/users\/1"}],"replies":[{"embeddable":true,"href":"https:\/\/ordemdosfisioterapeutas.pt\/pt\/wp-json\/wp\/v2\/comments?post=12770"}],"version-history":[{"count":7,"href":"https:\/\/ordemdosfisioterapeutas.pt\/pt\/wp-json\/wp\/v2\/pages\/12770\/revisions"}],"predecessor-version":[{"id":13095,"href":"https:\/\/ordemdosfisioterapeutas.pt\/pt\/wp-json\/wp\/v2\/pages\/12770\/revisions\/13095"}],"wp:attachment":[{"href":"https:\/\/ordemdosfisioterapeutas.pt\/pt\/wp-json\/wp\/v2\/media?parent=12770"}],"curies":[{"name":"wp","href":"https:\/\/api.w.org\/{rel}","templated":true}]}}