{"id":11046,"date":"2025-08-02T12:20:35","date_gmt":"2025-08-02T11:20:35","guid":{"rendered":"https:\/\/ordemdosfisioterapeutas.pt\/?page_id=11046"},"modified":"2025-12-05T22:05:43","modified_gmt":"2025-12-05T22:05:43","slug":"resultados-provisorios-2025","status":"publish","type":"page","link":"https:\/\/ordemdosfisioterapeutas.pt\/pt\/resultados-provisorios-2025\/","title":{"rendered":"Resultados Provis\u00f3rios"},"content":{"rendered":"\t\t<div data-elementor-type=\"wp-page\" data-elementor-id=\"11046\" class=\"elementor elementor-11046\" data-elementor-post-type=\"page\">\n\t\t\t\t<div class=\"elementor-element elementor-element-d0d097b e-flex e-con-boxed e-con e-parent\" data-id=\"d0d097b\" data-element_type=\"container\" data-e-type=\"container\">\n\t\t\t\t\t<div class=\"e-con-inner\">\n\t\t<div class=\"elementor-element elementor-element-89ce8a6 e-grid e-con-full e-con e-child\" data-id=\"89ce8a6\" data-element_type=\"container\" data-e-type=\"container\">\n\t\t\t\t<div class=\"elementor-element elementor-element-a7f5ff0 elementor-nav-menu__text-align-aside elementor-nav-menu--toggle elementor-nav-menu--burger elementor-widget elementor-widget-nav-menu\" data-id=\"a7f5ff0\" data-element_type=\"widget\" data-e-type=\"widget\" data-settings=\"{&quot;layout&quot;:&quot;dropdown&quot;,&quot;submenu_icon&quot;:{&quot;value&quot;:&quot;&lt;i class=\\&quot;\\&quot; aria-hidden=\\&quot;true\\&quot;&gt;&lt;\\\/i&gt;&quot;,&quot;library&quot;:&quot;&quot;},&quot;toggle&quot;:&quot;burger&quot;}\" data-widget_type=\"nav-menu.default\">\n\t\t\t\t<div class=\"elementor-widget-container\">\n\t\t\t\t\t\t\t<div class=\"elementor-menu-toggle\" role=\"button\" tabindex=\"0\" aria-label=\"Menu Toggle\" aria-expanded=\"false\">\n\t\t\t<i aria-hidden=\"true\" role=\"presentation\" class=\"elementor-menu-toggle__icon--open eicon-menu-bar\"><\/i><i aria-hidden=\"true\" role=\"presentation\" class=\"elementor-menu-toggle__icon--close eicon-close\"><\/i>\t\t<\/div>\n\t\t\t\t\t<nav class=\"elementor-nav-menu--dropdown elementor-nav-menu__container\" aria-hidden=\"true\">\n\t\t\t\t<ul id=\"menu-2-a7f5ff0\" class=\"elementor-nav-menu\"><li class=\"menu-item menu-item-type-post_type menu-item-object-page menu-item-11230\"><a href=\"https:\/\/ordemdosfisioterapeutas.pt\/pt\/eleicoes-2025\/\" class=\"elementor-item\" tabindex=\"-1\">Elei\u00e7\u00f5es<\/a><\/li>\n<li class=\"menu-item menu-item-type-post_type menu-item-object-page menu-item-11231\"><a href=\"https:\/\/ordemdosfisioterapeutas.pt\/pt\/calendario-eleitoral-2025\/\" class=\"elementor-item\" tabindex=\"-1\">Calend\u00e1rio Eleitoral<\/a><\/li>\n<li class=\"menu-item menu-item-type-post_type menu-item-object-page menu-item-11229\"><a href=\"https:\/\/ordemdosfisioterapeutas.pt\/pt\/comissao-eleitoral-2025\/\" class=\"elementor-item\" tabindex=\"-1\">Comiss\u00e3o Eleitoral<\/a><\/li>\n<li class=\"menu-item menu-item-type-post_type menu-item-object-page menu-item-11228\"><a href=\"https:\/\/ordemdosfisioterapeutas.pt\/pt\/recenseamento-2025\/\" class=\"elementor-item\" tabindex=\"-1\">Recenseamento<\/a><\/li>\n<li class=\"menu-item menu-item-type-post_type menu-item-object-page menu-item-11227\"><a href=\"https:\/\/ordemdosfisioterapeutas.pt\/pt\/caderno-eleitoral-2025\/\" class=\"elementor-item\" tabindex=\"-1\">Caderno Eleitoral<\/a><\/li>\n<li class=\"menu-item menu-item-type-post_type menu-item-object-page menu-item-11226\"><a href=\"https:\/\/ordemdosfisioterapeutas.pt\/pt\/candidaturas-2025\/\" class=\"elementor-item\" tabindex=\"-1\">Candidaturas<\/a><\/li>\n<li class=\"menu-item menu-item-type-post_type menu-item-object-page menu-item-11225\"><a href=\"https:\/\/ordemdosfisioterapeutas.pt\/pt\/listas-candidatas-2025\/\" class=\"elementor-item\" tabindex=\"-1\">Listas Candidatas<\/a><\/li>\n<li class=\"menu-item menu-item-type-post_type menu-item-object-page menu-item-11224\"><a href=\"https:\/\/ordemdosfisioterapeutas.pt\/pt\/campanha-eleitoral-2025\/\" class=\"elementor-item\" tabindex=\"-1\">Campanha Eleitoral<\/a><\/li>\n<li class=\"menu-item menu-item-type-post_type menu-item-object-page menu-item-11223\"><a href=\"https:\/\/ordemdosfisioterapeutas.pt\/pt\/ato-eleitoral-2025\/\" class=\"elementor-item\" tabindex=\"-1\">Ato Eleitoral<\/a><\/li>\n<li class=\"menu-item menu-item-type-post_type menu-item-object-page menu-item-11221\"><a href=\"https:\/\/ordemdosfisioterapeutas.pt\/pt\/resultados-provisorios-2025\/\" class=\"elementor-item\" tabindex=\"-1\">Resultados Provis\u00f3rios<\/a><\/li>\n<li class=\"menu-item menu-item-type-post_type menu-item-object-page menu-item-11222\"><a href=\"https:\/\/ordemdosfisioterapeutas.pt\/pt\/resultados-oficiais-2025\/\" class=\"elementor-item\" tabindex=\"-1\">Resultados Oficiais<\/a><\/li>\n<li class=\"menu-item menu-item-type-post_type menu-item-object-page menu-item-11220\"><a href=\"https:\/\/ordemdosfisioterapeutas.pt\/pt\/tomada-de-posse-2025\/\" class=\"elementor-item\" tabindex=\"-1\">Tomada de Posse<\/a><\/li>\n<li class=\"menu-item menu-item-type-post_type menu-item-object-page menu-item-11216\"><a href=\"https:\/\/ordemdosfisioterapeutas.pt\/pt\/perguntas-frequentes-2025\/\" class=\"elementor-item\" tabindex=\"-1\">Perguntas Frequentes<\/a><\/li>\n<\/ul>\t\t\t<\/nav>\n\t\t\t\t\t\t<\/div>\n\t\t\t\t<\/div>\n\t\t\t\t<\/div>\n\t\t\t\t<div class=\"elementor-element elementor-element-a046a02 elementor-widget elementor-widget-text-editor\" data-id=\"a046a02\" data-element_type=\"widget\" data-e-type=\"widget\" data-widget_type=\"text-editor.default\">\n\t\t\t\t<div class=\"elementor-widget-container\">\n\t\t\t\t\t\t\t\t\t<p>Os resultados provis\u00f3rios das elei\u00e7\u00f5es para os \u00d3rg\u00e3os Nacionais e Regionais da Ordem dos Fisioterapeutas j\u00e1 se encontram dispon\u00edveis.<br \/>Consulte abaixo os resultados apurados para cada \u00f3rg\u00e3o.<\/p>\t\t\t\t\t\t\t\t<\/div>\n\t\t\t\t<\/div>\n\t\t\t\t<div class=\"elementor-element elementor-element-97f2e51 elementor-widget elementor-widget-heading\" data-id=\"97f2e51\" data-element_type=\"widget\" data-e-type=\"widget\" data-widget_type=\"heading.default\">\n\t\t\t\t<div class=\"elementor-widget-container\">\n\t\t\t\t\t<h2 class=\"elementor-heading-title elementor-size-default\">\u00d3RG\u00c3OS NACIONAIS<\/h2>\t\t\t\t<\/div>\n\t\t\t\t<\/div>\n\t\t\t\t<div class=\"elementor-element elementor-element-fc2aecb elementor-widget elementor-widget-image\" data-id=\"fc2aecb\" data-element_type=\"widget\" data-e-type=\"widget\" data-widget_type=\"image.default\">\n\t\t\t\t<div class=\"elementor-widget-container\">\n\t\t\t\t\t\t\t\t\t\t\t\t<figure class=\"wp-caption\">\n\t\t\t\t\t\t\t\t\t\t<img fetchpriority=\"high\" decoding=\"async\" width=\"1024\" height=\"822\" src=\"https:\/\/ordemdosfisioterapeutas.pt\/wp-content\/uploads\/2025\/12\/Imagem-2-Conselho-Geral-1024x822.jpg\" class=\"attachment-large size-large wp-image-12102\" alt=\"\" srcset=\"https:\/\/ordemdosfisioterapeutas.pt\/wp-content\/uploads\/2025\/12\/Imagem-2-Conselho-Geral-1024x822.jpg 1024w, https:\/\/ordemdosfisioterapeutas.pt\/wp-content\/uploads\/2025\/12\/Imagem-2-Conselho-Geral-300x241.jpg 300w, https:\/\/ordemdosfisioterapeutas.pt\/wp-content\/uploads\/2025\/12\/Imagem-2-Conselho-Geral-768x617.jpg 768w, https:\/\/ordemdosfisioterapeutas.pt\/wp-content\/uploads\/2025\/12\/Imagem-2-Conselho-Geral-15x12.jpg 15w, https:\/\/ordemdosfisioterapeutas.pt\/wp-content\/uploads\/2025\/12\/Imagem-2-Conselho-Geral.jpg 1245w\" sizes=\"(max-width: 1024px) 100vw, 1024px\" \/>\t\t\t\t\t\t\t\t\t\t\t<figcaption class=\"widget-image-caption wp-caption-text\">Conselho Geral<\/figcaption>\n\t\t\t\t\t\t\t\t\t\t<\/figure>\n\t\t\t\t\t\t\t\t\t<\/div>\n\t\t\t\t<\/div>\n\t\t\t\t<div class=\"elementor-element elementor-element-5e86906 elementor-widget elementor-widget-image\" data-id=\"5e86906\" data-element_type=\"widget\" data-e-type=\"widget\" data-widget_type=\"image.default\">\n\t\t\t\t<div class=\"elementor-widget-container\">\n\t\t\t\t\t\t\t\t\t\t\t\t<figure class=\"wp-caption\">\n\t\t\t\t\t\t\t\t\t\t<img decoding=\"async\" width=\"1024\" height=\"822\" src=\"https:\/\/ordemdosfisioterapeutas.pt\/wp-content\/uploads\/2025\/12\/Imagem-3-Bastonario.jpeg-1024x822.jpeg\" class=\"attachment-large size-large wp-image-12108\" alt=\"\" srcset=\"https:\/\/ordemdosfisioterapeutas.pt\/wp-content\/uploads\/2025\/12\/Imagem-3-Bastonario.jpeg-1024x822.jpeg 1024w, https:\/\/ordemdosfisioterapeutas.pt\/wp-content\/uploads\/2025\/12\/Imagem-3-Bastonario.jpeg-300x241.jpeg 300w, https:\/\/ordemdosfisioterapeutas.pt\/wp-content\/uploads\/2025\/12\/Imagem-3-Bastonario.jpeg-768x617.jpeg 768w, https:\/\/ordemdosfisioterapeutas.pt\/wp-content\/uploads\/2025\/12\/Imagem-3-Bastonario.jpeg-15x12.jpeg 15w, https:\/\/ordemdosfisioterapeutas.pt\/wp-content\/uploads\/2025\/12\/Imagem-3-Bastonario.jpeg.jpeg 1245w\" sizes=\"(max-width: 1024px) 100vw, 1024px\" \/>\t\t\t\t\t\t\t\t\t\t\t<figcaption class=\"widget-image-caption wp-caption-text\">Baston\u00e1rio<\/figcaption>\n\t\t\t\t\t\t\t\t\t\t<\/figure>\n\t\t\t\t\t\t\t\t\t<\/div>\n\t\t\t\t<\/div>\n\t\t\t\t<div class=\"elementor-element elementor-element-70b6e77 elementor-widget elementor-widget-image\" data-id=\"70b6e77\" data-element_type=\"widget\" data-e-type=\"widget\" data-widget_type=\"image.default\">\n\t\t\t\t<div class=\"elementor-widget-container\">\n\t\t\t\t\t\t\t\t\t\t\t\t<figure class=\"wp-caption\">\n\t\t\t\t\t\t\t\t\t\t<img decoding=\"async\" width=\"1024\" height=\"822\" src=\"https:\/\/ordemdosfisioterapeutas.pt\/wp-content\/uploads\/2025\/12\/Imagem-4-Conselho-Jurisdicional.jpeg-1024x822.jpeg\" class=\"attachment-large size-large wp-image-12109\" alt=\"\" srcset=\"https:\/\/ordemdosfisioterapeutas.pt\/wp-content\/uploads\/2025\/12\/Imagem-4-Conselho-Jurisdicional.jpeg-1024x822.jpeg 1024w, https:\/\/ordemdosfisioterapeutas.pt\/wp-content\/uploads\/2025\/12\/Imagem-4-Conselho-Jurisdicional.jpeg-300x241.jpeg 300w, https:\/\/ordemdosfisioterapeutas.pt\/wp-content\/uploads\/2025\/12\/Imagem-4-Conselho-Jurisdicional.jpeg-768x617.jpeg 768w, https:\/\/ordemdosfisioterapeutas.pt\/wp-content\/uploads\/2025\/12\/Imagem-4-Conselho-Jurisdicional.jpeg-15x12.jpeg 15w, https:\/\/ordemdosfisioterapeutas.pt\/wp-content\/uploads\/2025\/12\/Imagem-4-Conselho-Jurisdicional.jpeg.jpeg 1245w\" sizes=\"(max-width: 1024px) 100vw, 1024px\" \/>\t\t\t\t\t\t\t\t\t\t\t<figcaption class=\"widget-image-caption wp-caption-text\">Conselho Jurisdicional<\/figcaption>\n\t\t\t\t\t\t\t\t\t\t<\/figure>\n\t\t\t\t\t\t\t\t\t<\/div>\n\t\t\t\t<\/div>\n\t\t\t\t<div class=\"elementor-element elementor-element-77f363e elementor-widget elementor-widget-image\" data-id=\"77f363e\" data-element_type=\"widget\" data-e-type=\"widget\" data-widget_type=\"image.default\">\n\t\t\t\t<div class=\"elementor-widget-container\">\n\t\t\t\t\t\t\t\t\t\t\t\t<figure class=\"wp-caption\">\n\t\t\t\t\t\t\t\t\t\t<img loading=\"lazy\" decoding=\"async\" width=\"1024\" height=\"822\" src=\"https:\/\/ordemdosfisioterapeutas.pt\/wp-content\/uploads\/2025\/12\/Imagem-5-Conselho-de-Supervisao.jpeg-1024x822.jpeg\" class=\"attachment-large size-large wp-image-12110\" alt=\"\" srcset=\"https:\/\/ordemdosfisioterapeutas.pt\/wp-content\/uploads\/2025\/12\/Imagem-5-Conselho-de-Supervisao.jpeg-1024x822.jpeg 1024w, https:\/\/ordemdosfisioterapeutas.pt\/wp-content\/uploads\/2025\/12\/Imagem-5-Conselho-de-Supervisao.jpeg-300x241.jpeg 300w, https:\/\/ordemdosfisioterapeutas.pt\/wp-content\/uploads\/2025\/12\/Imagem-5-Conselho-de-Supervisao.jpeg-768x617.jpeg 768w, https:\/\/ordemdosfisioterapeutas.pt\/wp-content\/uploads\/2025\/12\/Imagem-5-Conselho-de-Supervisao.jpeg-15x12.jpeg 15w, https:\/\/ordemdosfisioterapeutas.pt\/wp-content\/uploads\/2025\/12\/Imagem-5-Conselho-de-Supervisao.jpeg.jpeg 1245w\" sizes=\"(max-width: 1024px) 100vw, 1024px\" \/>\t\t\t\t\t\t\t\t\t\t\t<figcaption class=\"widget-image-caption wp-caption-text\">Conselho de Supervis\u00e3o<\/figcaption>\n\t\t\t\t\t\t\t\t\t\t<\/figure>\n\t\t\t\t\t\t\t\t\t<\/div>\n\t\t\t\t<\/div>\n\t\t\t\t<div class=\"elementor-element elementor-element-b5838c1 elementor-widget elementor-widget-heading\" data-id=\"b5838c1\" data-element_type=\"widget\" data-e-type=\"widget\" data-widget_type=\"heading.default\">\n\t\t\t\t<div class=\"elementor-widget-container\">\n\t\t\t\t\t<h2 class=\"elementor-heading-title elementor-size-default\">\u00d3RG\u00c3OS REGIONAIS<\/h2>\t\t\t\t<\/div>\n\t\t\t\t<\/div>\n\t\t\t\t\t<\/div>\n\t\t\t\t<\/div>\n\t\t<div class=\"elementor-element elementor-element-45e98d8 e-flex e-con-boxed e-con e-parent\" data-id=\"45e98d8\" data-element_type=\"container\" data-e-type=\"container\">\n\t\t\t\t\t<div class=\"e-con-inner\">\n\t\t\t\t<div class=\"elementor-element elementor-element-33bd5dd elementor-widget elementor-widget-image\" data-id=\"33bd5dd\" data-element_type=\"widget\" data-e-type=\"widget\" data-widget_type=\"image.default\">\n\t\t\t\t<div class=\"elementor-widget-container\">\n\t\t\t\t\t\t\t\t\t\t\t\t<figure class=\"wp-caption\">\n\t\t\t\t\t\t\t\t\t\t<img loading=\"lazy\" decoding=\"async\" width=\"1024\" height=\"822\" src=\"https:\/\/ordemdosfisioterapeutas.pt\/wp-content\/uploads\/2025\/12\/Imagem-6-Direcao-Regional-Norte.jpeg-1024x822.jpg\" class=\"attachment-large size-large wp-image-12111\" alt=\"\" srcset=\"https:\/\/ordemdosfisioterapeutas.pt\/wp-content\/uploads\/2025\/12\/Imagem-6-Direcao-Regional-Norte.jpeg-1024x822.jpg 1024w, https:\/\/ordemdosfisioterapeutas.pt\/wp-content\/uploads\/2025\/12\/Imagem-6-Direcao-Regional-Norte.jpeg-300x241.jpg 300w, https:\/\/ordemdosfisioterapeutas.pt\/wp-content\/uploads\/2025\/12\/Imagem-6-Direcao-Regional-Norte.jpeg-768x617.jpg 768w, https:\/\/ordemdosfisioterapeutas.pt\/wp-content\/uploads\/2025\/12\/Imagem-6-Direcao-Regional-Norte.jpeg-15x12.jpg 15w, https:\/\/ordemdosfisioterapeutas.pt\/wp-content\/uploads\/2025\/12\/Imagem-6-Direcao-Regional-Norte.jpeg.jpg 1245w\" sizes=\"(max-width: 1024px) 100vw, 1024px\" \/>\t\t\t\t\t\t\t\t\t\t\t<figcaption class=\"widget-image-caption wp-caption-text\">Dire\u00e7\u00e3o Regional Norte<\/figcaption>\n\t\t\t\t\t\t\t\t\t\t<\/figure>\n\t\t\t\t\t\t\t\t\t<\/div>\n\t\t\t\t<\/div>\n\t\t\t\t<div class=\"elementor-element elementor-element-8d1b541 elementor-widget elementor-widget-image\" data-id=\"8d1b541\" data-element_type=\"widget\" data-e-type=\"widget\" data-widget_type=\"image.default\">\n\t\t\t\t<div class=\"elementor-widget-container\">\n\t\t\t\t\t\t\t\t\t\t\t\t<figure class=\"wp-caption\">\n\t\t\t\t\t\t\t\t\t\t<img loading=\"lazy\" decoding=\"async\" width=\"1024\" height=\"822\" src=\"https:\/\/ordemdosfisioterapeutas.pt\/wp-content\/uploads\/2025\/12\/Imagem-7-Direcao-Regional-Centro.jpeg-1024x822.jpeg\" class=\"attachment-large size-large wp-image-12112\" alt=\"\" srcset=\"https:\/\/ordemdosfisioterapeutas.pt\/wp-content\/uploads\/2025\/12\/Imagem-7-Direcao-Regional-Centro.jpeg-1024x822.jpeg 1024w, https:\/\/ordemdosfisioterapeutas.pt\/wp-content\/uploads\/2025\/12\/Imagem-7-Direcao-Regional-Centro.jpeg-300x241.jpeg 300w, https:\/\/ordemdosfisioterapeutas.pt\/wp-content\/uploads\/2025\/12\/Imagem-7-Direcao-Regional-Centro.jpeg-768x617.jpeg 768w, https:\/\/ordemdosfisioterapeutas.pt\/wp-content\/uploads\/2025\/12\/Imagem-7-Direcao-Regional-Centro.jpeg-15x12.jpeg 15w, https:\/\/ordemdosfisioterapeutas.pt\/wp-content\/uploads\/2025\/12\/Imagem-7-Direcao-Regional-Centro.jpeg.jpeg 1245w\" sizes=\"(max-width: 1024px) 100vw, 1024px\" \/>\t\t\t\t\t\t\t\t\t\t\t<figcaption class=\"widget-image-caption wp-caption-text\">Dire\u00e7\u00e3o Regional Centro<\/figcaption>\n\t\t\t\t\t\t\t\t\t\t<\/figure>\n\t\t\t\t\t\t\t\t\t<\/div>\n\t\t\t\t<\/div>\n\t\t\t\t<div class=\"elementor-element elementor-element-ea516b8 elementor-widget elementor-widget-image\" data-id=\"ea516b8\" data-element_type=\"widget\" data-e-type=\"widget\" data-widget_type=\"image.default\">\n\t\t\t\t<div class=\"elementor-widget-container\">\n\t\t\t\t\t\t\t\t\t\t\t\t<figure class=\"wp-caption\">\n\t\t\t\t\t\t\t\t\t\t<img loading=\"lazy\" decoding=\"async\" width=\"1024\" height=\"822\" src=\"https:\/\/ordemdosfisioterapeutas.pt\/wp-content\/uploads\/2025\/12\/Imagem-8-Direcao-Regional-Sul.jpeg-1024x822.jpeg\" class=\"attachment-large size-large wp-image-12113\" alt=\"\" srcset=\"https:\/\/ordemdosfisioterapeutas.pt\/wp-content\/uploads\/2025\/12\/Imagem-8-Direcao-Regional-Sul.jpeg-1024x822.jpeg 1024w, https:\/\/ordemdosfisioterapeutas.pt\/wp-content\/uploads\/2025\/12\/Imagem-8-Direcao-Regional-Sul.jpeg-300x241.jpeg 300w, https:\/\/ordemdosfisioterapeutas.pt\/wp-content\/uploads\/2025\/12\/Imagem-8-Direcao-Regional-Sul.jpeg-768x617.jpeg 768w, https:\/\/ordemdosfisioterapeutas.pt\/wp-content\/uploads\/2025\/12\/Imagem-8-Direcao-Regional-Sul.jpeg-15x12.jpeg 15w, https:\/\/ordemdosfisioterapeutas.pt\/wp-content\/uploads\/2025\/12\/Imagem-8-Direcao-Regional-Sul.jpeg.jpeg 1245w\" sizes=\"(max-width: 1024px) 100vw, 1024px\" \/>\t\t\t\t\t\t\t\t\t\t\t<figcaption class=\"widget-image-caption wp-caption-text\">Dire\u00e7\u00e3o Regional Sul<\/figcaption>\n\t\t\t\t\t\t\t\t\t\t<\/figure>\n\t\t\t\t\t\t\t\t\t<\/div>\n\t\t\t\t<\/div>\n\t\t\t\t<div class=\"elementor-element elementor-element-021f0ab elementor-widget elementor-widget-image\" data-id=\"021f0ab\" data-element_type=\"widget\" data-e-type=\"widget\" data-widget_type=\"image.default\">\n\t\t\t\t<div class=\"elementor-widget-container\">\n\t\t\t\t\t\t\t\t\t\t\t\t<figure class=\"wp-caption\">\n\t\t\t\t\t\t\t\t\t\t<img loading=\"lazy\" decoding=\"async\" width=\"1024\" height=\"822\" src=\"https:\/\/ordemdosfisioterapeutas.pt\/wp-content\/uploads\/2025\/12\/Imagem-9-Direcao-Regional-Acores-1024x822.jpeg\" class=\"attachment-large size-large wp-image-12114\" alt=\"\" srcset=\"https:\/\/ordemdosfisioterapeutas.pt\/wp-content\/uploads\/2025\/12\/Imagem-9-Direcao-Regional-Acores-1024x822.jpeg 1024w, https:\/\/ordemdosfisioterapeutas.pt\/wp-content\/uploads\/2025\/12\/Imagem-9-Direcao-Regional-Acores-300x241.jpeg 300w, https:\/\/ordemdosfisioterapeutas.pt\/wp-content\/uploads\/2025\/12\/Imagem-9-Direcao-Regional-Acores-768x617.jpeg 768w, https:\/\/ordemdosfisioterapeutas.pt\/wp-content\/uploads\/2025\/12\/Imagem-9-Direcao-Regional-Acores-15x12.jpeg 15w, https:\/\/ordemdosfisioterapeutas.pt\/wp-content\/uploads\/2025\/12\/Imagem-9-Direcao-Regional-Acores.jpeg 1245w\" sizes=\"(max-width: 1024px) 100vw, 1024px\" \/>\t\t\t\t\t\t\t\t\t\t\t<figcaption class=\"widget-image-caption wp-caption-text\">Dire\u00e7\u00e3o Regional A\u00e7ores<\/figcaption>\n\t\t\t\t\t\t\t\t\t\t<\/figure>\n\t\t\t\t\t\t\t\t\t<\/div>\n\t\t\t\t<\/div>\n\t\t\t\t<div class=\"elementor-element elementor-element-4131c13 elementor-widget elementor-widget-image\" data-id=\"4131c13\" data-element_type=\"widget\" data-e-type=\"widget\" data-widget_type=\"image.default\">\n\t\t\t\t<div class=\"elementor-widget-container\">\n\t\t\t\t\t\t\t\t\t\t\t\t<figure class=\"wp-caption\">\n\t\t\t\t\t\t\t\t\t\t<img loading=\"lazy\" decoding=\"async\" width=\"1024\" height=\"822\" src=\"https:\/\/ordemdosfisioterapeutas.pt\/wp-content\/uploads\/2025\/12\/Imagem-10-Mesa-da-Assembleia-Regional-Norte-1024x822.jpeg\" class=\"attachment-large size-large wp-image-12115\" alt=\"\" srcset=\"https:\/\/ordemdosfisioterapeutas.pt\/wp-content\/uploads\/2025\/12\/Imagem-10-Mesa-da-Assembleia-Regional-Norte-1024x822.jpeg 1024w, https:\/\/ordemdosfisioterapeutas.pt\/wp-content\/uploads\/2025\/12\/Imagem-10-Mesa-da-Assembleia-Regional-Norte-300x241.jpeg 300w, https:\/\/ordemdosfisioterapeutas.pt\/wp-content\/uploads\/2025\/12\/Imagem-10-Mesa-da-Assembleia-Regional-Norte-768x617.jpeg 768w, https:\/\/ordemdosfisioterapeutas.pt\/wp-content\/uploads\/2025\/12\/Imagem-10-Mesa-da-Assembleia-Regional-Norte-15x12.jpeg 15w, https:\/\/ordemdosfisioterapeutas.pt\/wp-content\/uploads\/2025\/12\/Imagem-10-Mesa-da-Assembleia-Regional-Norte.jpeg 1245w\" sizes=\"(max-width: 1024px) 100vw, 1024px\" \/>\t\t\t\t\t\t\t\t\t\t\t<figcaption class=\"widget-image-caption wp-caption-text\">Mesa da Assembleia Regional Norte<\/figcaption>\n\t\t\t\t\t\t\t\t\t\t<\/figure>\n\t\t\t\t\t\t\t\t\t<\/div>\n\t\t\t\t<\/div>\n\t\t\t\t<div class=\"elementor-element elementor-element-e1d39ba elementor-widget elementor-widget-image\" data-id=\"e1d39ba\" data-element_type=\"widget\" data-e-type=\"widget\" data-widget_type=\"image.default\">\n\t\t\t\t<div class=\"elementor-widget-container\">\n\t\t\t\t\t\t\t\t\t\t\t\t<figure class=\"wp-caption\">\n\t\t\t\t\t\t\t\t\t\t<img loading=\"lazy\" decoding=\"async\" width=\"1024\" height=\"822\" src=\"https:\/\/ordemdosfisioterapeutas.pt\/wp-content\/uploads\/2025\/12\/Imagem-11-Mesa-da-Assembleia-Regional-Centro-1024x822.jpeg\" class=\"attachment-large size-large wp-image-12116\" alt=\"\" srcset=\"https:\/\/ordemdosfisioterapeutas.pt\/wp-content\/uploads\/2025\/12\/Imagem-11-Mesa-da-Assembleia-Regional-Centro-1024x822.jpeg 1024w, https:\/\/ordemdosfisioterapeutas.pt\/wp-content\/uploads\/2025\/12\/Imagem-11-Mesa-da-Assembleia-Regional-Centro-300x241.jpeg 300w, https:\/\/ordemdosfisioterapeutas.pt\/wp-content\/uploads\/2025\/12\/Imagem-11-Mesa-da-Assembleia-Regional-Centro-768x617.jpeg 768w, https:\/\/ordemdosfisioterapeutas.pt\/wp-content\/uploads\/2025\/12\/Imagem-11-Mesa-da-Assembleia-Regional-Centro-15x12.jpeg 15w, https:\/\/ordemdosfisioterapeutas.pt\/wp-content\/uploads\/2025\/12\/Imagem-11-Mesa-da-Assembleia-Regional-Centro.jpeg 1245w\" sizes=\"(max-width: 1024px) 100vw, 1024px\" \/>\t\t\t\t\t\t\t\t\t\t\t<figcaption class=\"widget-image-caption wp-caption-text\">Mesa da Assembleia Regional Centro<\/figcaption>\n\t\t\t\t\t\t\t\t\t\t<\/figure>\n\t\t\t\t\t\t\t\t\t<\/div>\n\t\t\t\t<\/div>\n\t\t\t\t<div class=\"elementor-element elementor-element-a4ef5c5 elementor-widget elementor-widget-image\" data-id=\"a4ef5c5\" data-element_type=\"widget\" data-e-type=\"widget\" data-widget_type=\"image.default\">\n\t\t\t\t<div class=\"elementor-widget-container\">\n\t\t\t\t\t\t\t\t\t\t\t\t<figure class=\"wp-caption\">\n\t\t\t\t\t\t\t\t\t\t<img loading=\"lazy\" decoding=\"async\" width=\"1024\" height=\"822\" src=\"https:\/\/ordemdosfisioterapeutas.pt\/wp-content\/uploads\/2025\/12\/Imagem-12-Mesa-da-Assembleia-Regional-Acores-1024x822.jpeg\" class=\"attachment-large size-large wp-image-12117\" alt=\"\" srcset=\"https:\/\/ordemdosfisioterapeutas.pt\/wp-content\/uploads\/2025\/12\/Imagem-12-Mesa-da-Assembleia-Regional-Acores-1024x822.jpeg 1024w, https:\/\/ordemdosfisioterapeutas.pt\/wp-content\/uploads\/2025\/12\/Imagem-12-Mesa-da-Assembleia-Regional-Acores-300x241.jpeg 300w, https:\/\/ordemdosfisioterapeutas.pt\/wp-content\/uploads\/2025\/12\/Imagem-12-Mesa-da-Assembleia-Regional-Acores-768x617.jpeg 768w, https:\/\/ordemdosfisioterapeutas.pt\/wp-content\/uploads\/2025\/12\/Imagem-12-Mesa-da-Assembleia-Regional-Acores-15x12.jpeg 15w, https:\/\/ordemdosfisioterapeutas.pt\/wp-content\/uploads\/2025\/12\/Imagem-12-Mesa-da-Assembleia-Regional-Acores.jpeg 1245w\" sizes=\"(max-width: 1024px) 100vw, 1024px\" \/>\t\t\t\t\t\t\t\t\t\t\t<figcaption class=\"widget-image-caption wp-caption-text\">Mesa da Assembleia Regional A\u00e7ores<\/figcaption>\n\t\t\t\t\t\t\t\t\t\t<\/figure>\n\t\t\t\t\t\t\t\t\t<\/div>\n\t\t\t\t<\/div>\n\t\t\t\t<div class=\"elementor-element elementor-element-56999b8 elementor-widget elementor-widget-image\" data-id=\"56999b8\" data-element_type=\"widget\" data-e-type=\"widget\" data-widget_type=\"image.default\">\n\t\t\t\t<div class=\"elementor-widget-container\">\n\t\t\t\t\t\t\t\t\t\t\t\t<figure class=\"wp-caption\">\n\t\t\t\t\t\t\t\t\t\t<img loading=\"lazy\" decoding=\"async\" width=\"1024\" height=\"822\" src=\"https:\/\/ordemdosfisioterapeutas.pt\/wp-content\/uploads\/2025\/12\/Imagem-13-Mesa-da-Assembleia-Regional-Madeira-1024x822.jpeg\" class=\"attachment-large size-large wp-image-12118\" alt=\"\" srcset=\"https:\/\/ordemdosfisioterapeutas.pt\/wp-content\/uploads\/2025\/12\/Imagem-13-Mesa-da-Assembleia-Regional-Madeira-1024x822.jpeg 1024w, https:\/\/ordemdosfisioterapeutas.pt\/wp-content\/uploads\/2025\/12\/Imagem-13-Mesa-da-Assembleia-Regional-Madeira-300x241.jpeg 300w, https:\/\/ordemdosfisioterapeutas.pt\/wp-content\/uploads\/2025\/12\/Imagem-13-Mesa-da-Assembleia-Regional-Madeira-768x617.jpeg 768w, https:\/\/ordemdosfisioterapeutas.pt\/wp-content\/uploads\/2025\/12\/Imagem-13-Mesa-da-Assembleia-Regional-Madeira-15x12.jpeg 15w, https:\/\/ordemdosfisioterapeutas.pt\/wp-content\/uploads\/2025\/12\/Imagem-13-Mesa-da-Assembleia-Regional-Madeira.jpeg 1245w\" sizes=\"(max-width: 1024px) 100vw, 1024px\" \/>\t\t\t\t\t\t\t\t\t\t\t<figcaption class=\"widget-image-caption wp-caption-text\">Mesa da Assembleia Regional Madeira<\/figcaption>\n\t\t\t\t\t\t\t\t\t\t<\/figure>\n\t\t\t\t\t\t\t\t\t<\/div>\n\t\t\t\t<\/div>\n\t\t\t\t\t<\/div>\n\t\t\t\t<\/div>\n\t\t\t\t<\/div>\n\t\t","protected":false},"excerpt":{"rendered":"<p>Os resultados provis\u00f3rios das elei\u00e7\u00f5es para os \u00d3rg\u00e3os Nacionais e Regionais da Ordem dos Fisioterapeutas j\u00e1 se encontram dispon\u00edveis.Consulte abaixo os resultados apurados para cada \u00f3rg\u00e3o. \u00d3RG\u00c3OS NACIONAIS Conselho Geral Baston\u00e1rio Conselho Jurisdicional Conselho de Supervis\u00e3o \u00d3RG\u00c3OS REGIONAIS Dire\u00e7\u00e3o Regional Norte Dire\u00e7\u00e3o Regional Centro Dire\u00e7\u00e3o Regional Sul Dire\u00e7\u00e3o Regional A\u00e7ores Mesa da Assembleia Regional Norte &#8230; <a title=\"Resultados Provis\u00f3rios\" class=\"read-more\" href=\"https:\/\/ordemdosfisioterapeutas.pt\/pt\/resultados-provisorios-2025\/\" aria-label=\"Leia mais sobre Resultados Provis\u00f3rios\">Ler mais<\/a><\/p>\n","protected":false},"author":1,"featured_media":0,"parent":0,"menu_order":0,"comment_status":"closed","ping_status":"closed","template":"","meta":{"footnotes":""},"class_list":["post-11046","page","type-page","status-publish"],"_links":{"self":[{"href":"https:\/\/ordemdosfisioterapeutas.pt\/pt\/wp-json\/wp\/v2\/pages\/11046","targetHints":{"allow":["GET"]}}],"collection":[{"href":"https:\/\/ordemdosfisioterapeutas.pt\/pt\/wp-json\/wp\/v2\/pages"}],"about":[{"href":"https:\/\/ordemdosfisioterapeutas.pt\/pt\/wp-json\/wp\/v2\/types\/page"}],"author":[{"embeddable":true,"href":"https:\/\/ordemdosfisioterapeutas.pt\/pt\/wp-json\/wp\/v2\/users\/1"}],"replies":[{"embeddable":true,"href":"https:\/\/ordemdosfisioterapeutas.pt\/pt\/wp-json\/wp\/v2\/comments?post=11046"}],"version-history":[{"count":12,"href":"https:\/\/ordemdosfisioterapeutas.pt\/pt\/wp-json\/wp\/v2\/pages\/11046\/revisions"}],"predecessor-version":[{"id":12121,"href":"https:\/\/ordemdosfisioterapeutas.pt\/pt\/wp-json\/wp\/v2\/pages\/11046\/revisions\/12121"}],"wp:attachment":[{"href":"https:\/\/ordemdosfisioterapeutas.pt\/pt\/wp-json\/wp\/v2\/media?parent=11046"}],"curies":[{"name":"wp","href":"https:\/\/api.w.org\/{rel}","templated":true}]}}