{"id":11042,"date":"2025-08-02T12:16:43","date_gmt":"2025-08-02T11:16:43","guid":{"rendered":"https:\/\/ordemdosfisioterapeutas.pt\/?page_id=11042"},"modified":"2025-09-27T11:54:08","modified_gmt":"2025-09-27T10:54:08","slug":"campanha-eleitoral-2025","status":"publish","type":"page","link":"https:\/\/ordemdosfisioterapeutas.pt\/pt\/campanha-eleitoral-2025\/","title":{"rendered":"Campanha Eleitoral"},"content":{"rendered":"\t\t<div data-elementor-type=\"wp-page\" data-elementor-id=\"11042\" class=\"elementor elementor-11042\" data-elementor-post-type=\"page\">\n\t\t\t\t<div class=\"elementor-element elementor-element-1a1f2b7 e-flex e-con-boxed e-con e-parent\" data-id=\"1a1f2b7\" data-element_type=\"container\" data-e-type=\"container\">\n\t\t\t\t\t<div class=\"e-con-inner\">\n\t\t<div class=\"elementor-element elementor-element-3941d8e e-grid e-con-full e-con e-child\" data-id=\"3941d8e\" data-element_type=\"container\" data-e-type=\"container\">\n\t\t\t\t<div class=\"elementor-element elementor-element-89d134f elementor-nav-menu__text-align-aside elementor-nav-menu--toggle elementor-nav-menu--burger elementor-widget elementor-widget-nav-menu\" data-id=\"89d134f\" data-element_type=\"widget\" data-e-type=\"widget\" data-settings=\"{&quot;layout&quot;:&quot;dropdown&quot;,&quot;submenu_icon&quot;:{&quot;value&quot;:&quot;&lt;i class=\\&quot;\\&quot; aria-hidden=\\&quot;true\\&quot;&gt;&lt;\\\/i&gt;&quot;,&quot;library&quot;:&quot;&quot;},&quot;toggle&quot;:&quot;burger&quot;}\" data-widget_type=\"nav-menu.default\">\n\t\t\t\t<div class=\"elementor-widget-container\">\n\t\t\t\t\t\t\t<div class=\"elementor-menu-toggle\" role=\"button\" tabindex=\"0\" aria-label=\"Menu Toggle\" aria-expanded=\"false\">\n\t\t\t<i aria-hidden=\"true\" role=\"presentation\" class=\"elementor-menu-toggle__icon--open eicon-menu-bar\"><\/i><i aria-hidden=\"true\" role=\"presentation\" class=\"elementor-menu-toggle__icon--close eicon-close\"><\/i>\t\t<\/div>\n\t\t\t\t\t<nav class=\"elementor-nav-menu--dropdown elementor-nav-menu__container\" aria-hidden=\"true\">\n\t\t\t\t<ul id=\"menu-2-89d134f\" class=\"elementor-nav-menu\"><li class=\"menu-item menu-item-type-post_type menu-item-object-page menu-item-11230\"><a href=\"https:\/\/ordemdosfisioterapeutas.pt\/pt\/eleicoes-2025\/\" class=\"elementor-item\" tabindex=\"-1\">Elei\u00e7\u00f5es<\/a><\/li>\n<li class=\"menu-item menu-item-type-post_type menu-item-object-page menu-item-11231\"><a href=\"https:\/\/ordemdosfisioterapeutas.pt\/pt\/calendario-eleitoral-2025\/\" class=\"elementor-item\" tabindex=\"-1\">Calend\u00e1rio Eleitoral<\/a><\/li>\n<li class=\"menu-item menu-item-type-post_type menu-item-object-page menu-item-11229\"><a href=\"https:\/\/ordemdosfisioterapeutas.pt\/pt\/comissao-eleitoral-2025\/\" class=\"elementor-item\" tabindex=\"-1\">Comiss\u00e3o Eleitoral<\/a><\/li>\n<li class=\"menu-item menu-item-type-post_type menu-item-object-page menu-item-11228\"><a href=\"https:\/\/ordemdosfisioterapeutas.pt\/pt\/recenseamento-2025\/\" class=\"elementor-item\" tabindex=\"-1\">Recenseamento<\/a><\/li>\n<li class=\"menu-item menu-item-type-post_type menu-item-object-page menu-item-11227\"><a href=\"https:\/\/ordemdosfisioterapeutas.pt\/pt\/caderno-eleitoral-2025\/\" class=\"elementor-item\" tabindex=\"-1\">Caderno Eleitoral<\/a><\/li>\n<li class=\"menu-item menu-item-type-post_type menu-item-object-page menu-item-11226\"><a href=\"https:\/\/ordemdosfisioterapeutas.pt\/pt\/candidaturas-2025\/\" class=\"elementor-item\" tabindex=\"-1\">Candidaturas<\/a><\/li>\n<li class=\"menu-item menu-item-type-post_type menu-item-object-page menu-item-11225\"><a href=\"https:\/\/ordemdosfisioterapeutas.pt\/pt\/listas-candidatas-2025\/\" class=\"elementor-item\" tabindex=\"-1\">Listas Candidatas<\/a><\/li>\n<li class=\"menu-item menu-item-type-post_type menu-item-object-page menu-item-11224\"><a href=\"https:\/\/ordemdosfisioterapeutas.pt\/pt\/campanha-eleitoral-2025\/\" class=\"elementor-item\" tabindex=\"-1\">Campanha Eleitoral<\/a><\/li>\n<li class=\"menu-item menu-item-type-post_type menu-item-object-page menu-item-11223\"><a href=\"https:\/\/ordemdosfisioterapeutas.pt\/pt\/ato-eleitoral-2025\/\" class=\"elementor-item\" tabindex=\"-1\">Ato Eleitoral<\/a><\/li>\n<li class=\"menu-item menu-item-type-post_type menu-item-object-page menu-item-11221\"><a href=\"https:\/\/ordemdosfisioterapeutas.pt\/pt\/resultados-provisorios-2025\/\" class=\"elementor-item\" tabindex=\"-1\">Resultados Provis\u00f3rios<\/a><\/li>\n<li class=\"menu-item menu-item-type-post_type menu-item-object-page menu-item-11222\"><a href=\"https:\/\/ordemdosfisioterapeutas.pt\/pt\/resultados-oficiais-2025\/\" class=\"elementor-item\" tabindex=\"-1\">Resultados Oficiais<\/a><\/li>\n<li class=\"menu-item menu-item-type-post_type menu-item-object-page menu-item-11220\"><a href=\"https:\/\/ordemdosfisioterapeutas.pt\/pt\/tomada-de-posse-2025\/\" class=\"elementor-item\" tabindex=\"-1\">Tomada de Posse<\/a><\/li>\n<li class=\"menu-item menu-item-type-post_type menu-item-object-page menu-item-11216\"><a href=\"https:\/\/ordemdosfisioterapeutas.pt\/pt\/perguntas-frequentes-2025\/\" class=\"elementor-item\" tabindex=\"-1\">Perguntas Frequentes<\/a><\/li>\n<\/ul>\t\t\t<\/nav>\n\t\t\t\t\t\t<\/div>\n\t\t\t\t<\/div>\n\t\t\t\t<\/div>\n\t\t\t\t<div class=\"elementor-element elementor-element-5ed4e5d elementor-widget elementor-widget-text-editor\" data-id=\"5ed4e5d\" data-element_type=\"widget\" data-e-type=\"widget\" data-widget_type=\"text-editor.default\">\n\t\t\t\t<div class=\"elementor-widget-container\">\n\t\t\t\t\t\t\t\t\t<p>A campanha eleitoral tem in\u00edcio no dia seguinte \u00e0 publicita\u00e7\u00e3o das candidaturas aceites a sufr\u00e1gio, ou seja, come\u00e7ar\u00e1 no dia <b>20 de novembro de 2025 <\/b>e terminar\u00e1 no dia <b>3 de dezembro de 2025 <\/b>(antev\u00e9spera das elei\u00e7\u00f5es).<\/p><p>Durante este per\u00edodo, <b>a Ordem disponibilizar\u00e1 <\/b>aos candidatos meios de promo\u00e7\u00e3o das suas propostas e de intera\u00e7\u00e3o com os eleitores, da seguinte forma:<\/p><ul><li>Cada lista poder\u00e1 enviar at\u00e9 duas mensagens de correio eletr\u00f3nico aos eleitores, a divulgar pelos canais oficiais da Ordem;<\/li><li>As mensagens devem ser remetidas em formato HTML para: eleicoes@ordemdosfisioterapeutas.pt, com identifica\u00e7\u00e3o clara da lista;<\/li><li>As respostas aos contactos recebidos no endere\u00e7o acima referido ser\u00e3o enviadas durante o hor\u00e1rio de atendimento, em dias \u00fateis, das 09.00 \u00e0s 18.00 horas;<\/li><li>A calendariza\u00e7\u00e3o ser\u00e1\u00a0definida\u00a0pela Comiss\u00e3o Eleitoral, de acordo com a ordem de rece\u00e7\u00e3o e o per\u00edodo de campanha;<\/li><li>N\u00e3o ser\u00e3o disponibilizados contactos de membros nem enviados SMS\/MMS em nome das listas;<\/li><li>A pedido das listas, poder\u00e3o ser publicadas hiperliga\u00e7\u00f5es no site da Ordem que redirecionem para as p\u00e1ginas oficiais das candidaturas.<\/li><\/ul><p>A <b>Ordem disponibilizar\u00e1 <\/b>ainda acesso pontual \u00e0s instala\u00e7\u00f5es da Ordem, na Rua D. Jo\u00e3o V, n\u00b0 24 &#8211; 1.06, 1250-091 Lisboa.<\/p><ul><li>Poder\u00e1 ser disponibilizada uma sala com capacidade at\u00e9 15 pessoas, mediante solicita\u00e7\u00e3o com 48 horas de anteced\u00eancia;<\/li><li>Os pedidos devem ser enviados para o endere\u00e7o de email oficial acima referido;<\/li><li>A resposta ser\u00e1 dada no prazo de 24 horas;<\/li><li>O espa\u00e7o estar\u00e1 dispon\u00edvel em dias \u00fateis entre as 9h00 e as 18h00.<\/li><li>Nos termos do n.\u00ba 2 do artigo 49.\u00ba do Estatuto, a Dire\u00e7\u00e3o delibera n\u00e3o comparticipar os encargos com as campanhas eleitorais, \u00e0 semelhan\u00e7a das elei\u00e7\u00f5es anteriores.<\/li><\/ul>\t\t\t\t\t\t\t\t<\/div>\n\t\t\t\t<\/div>\n\t\t\t\t\t<\/div>\n\t\t\t\t<\/div>\n\t\t\t\t<\/div>\n\t\t","protected":false},"excerpt":{"rendered":"<p>A campanha eleitoral tem in\u00edcio no dia seguinte \u00e0 publicita\u00e7\u00e3o das candidaturas aceites a sufr\u00e1gio, ou seja, come\u00e7ar\u00e1 no dia 20 de novembro de 2025 e terminar\u00e1 no dia 3 de dezembro de 2025 (antev\u00e9spera das elei\u00e7\u00f5es). Durante este per\u00edodo, a Ordem disponibilizar\u00e1 aos candidatos meios de promo\u00e7\u00e3o das suas propostas e de intera\u00e7\u00e3o com &#8230; <a title=\"Campanha Eleitoral\" class=\"read-more\" href=\"https:\/\/ordemdosfisioterapeutas.pt\/pt\/campanha-eleitoral-2025\/\" aria-label=\"Leia mais sobre Campanha Eleitoral\">Ler mais<\/a><\/p>\n","protected":false},"author":1,"featured_media":0,"parent":0,"menu_order":0,"comment_status":"closed","ping_status":"closed","template":"","meta":{"footnotes":""},"class_list":["post-11042","page","type-page","status-publish"],"_links":{"self":[{"href":"https:\/\/ordemdosfisioterapeutas.pt\/pt\/wp-json\/wp\/v2\/pages\/11042","targetHints":{"allow":["GET"]}}],"collection":[{"href":"https:\/\/ordemdosfisioterapeutas.pt\/pt\/wp-json\/wp\/v2\/pages"}],"about":[{"href":"https:\/\/ordemdosfisioterapeutas.pt\/pt\/wp-json\/wp\/v2\/types\/page"}],"author":[{"embeddable":true,"href":"https:\/\/ordemdosfisioterapeutas.pt\/pt\/wp-json\/wp\/v2\/users\/1"}],"replies":[{"embeddable":true,"href":"https:\/\/ordemdosfisioterapeutas.pt\/pt\/wp-json\/wp\/v2\/comments?post=11042"}],"version-history":[{"count":3,"href":"https:\/\/ordemdosfisioterapeutas.pt\/pt\/wp-json\/wp\/v2\/pages\/11042\/revisions"}],"predecessor-version":[{"id":11707,"href":"https:\/\/ordemdosfisioterapeutas.pt\/pt\/wp-json\/wp\/v2\/pages\/11042\/revisions\/11707"}],"wp:attachment":[{"href":"https:\/\/ordemdosfisioterapeutas.pt\/pt\/wp-json\/wp\/v2\/media?parent=11042"}],"curies":[{"name":"wp","href":"https:\/\/api.w.org\/{rel}","templated":true}]}}