{"id":11038,"date":"2025-08-02T12:14:38","date_gmt":"2025-08-02T11:14:38","guid":{"rendered":"https:\/\/ordemdosfisioterapeutas.pt\/?page_id=11038"},"modified":"2025-10-06T18:50:41","modified_gmt":"2025-10-06T17:50:41","slug":"candidaturas-2025","status":"publish","type":"page","link":"https:\/\/ordemdosfisioterapeutas.pt\/pt\/candidaturas-2025\/","title":{"rendered":"Candidaturas"},"content":{"rendered":"\t\t<div data-elementor-type=\"wp-page\" data-elementor-id=\"11038\" class=\"elementor elementor-11038\" data-elementor-post-type=\"page\">\n\t\t\t\t<div class=\"elementor-element elementor-element-13a4b44 e-flex e-con-boxed e-con e-parent\" data-id=\"13a4b44\" data-element_type=\"container\" data-e-type=\"container\">\n\t\t\t\t\t<div class=\"e-con-inner\">\n\t\t<div class=\"elementor-element elementor-element-029083f e-grid e-con-full e-con e-child\" data-id=\"029083f\" data-element_type=\"container\" data-e-type=\"container\">\n\t\t\t\t<div class=\"elementor-element elementor-element-fcdb7ec elementor-nav-menu__text-align-aside elementor-nav-menu--toggle elementor-nav-menu--burger elementor-widget elementor-widget-nav-menu\" data-id=\"fcdb7ec\" data-element_type=\"widget\" data-e-type=\"widget\" data-settings=\"{&quot;layout&quot;:&quot;dropdown&quot;,&quot;submenu_icon&quot;:{&quot;value&quot;:&quot;&lt;i class=\\&quot;\\&quot; aria-hidden=\\&quot;true\\&quot;&gt;&lt;\\\/i&gt;&quot;,&quot;library&quot;:&quot;&quot;},&quot;toggle&quot;:&quot;burger&quot;}\" data-widget_type=\"nav-menu.default\">\n\t\t\t\t<div class=\"elementor-widget-container\">\n\t\t\t\t\t\t\t<div class=\"elementor-menu-toggle\" role=\"button\" tabindex=\"0\" aria-label=\"Menu Toggle\" aria-expanded=\"false\">\n\t\t\t<i aria-hidden=\"true\" role=\"presentation\" class=\"elementor-menu-toggle__icon--open eicon-menu-bar\"><\/i><i aria-hidden=\"true\" role=\"presentation\" class=\"elementor-menu-toggle__icon--close eicon-close\"><\/i>\t\t<\/div>\n\t\t\t\t\t<nav class=\"elementor-nav-menu--dropdown elementor-nav-menu__container\" aria-hidden=\"true\">\n\t\t\t\t<ul id=\"menu-2-fcdb7ec\" class=\"elementor-nav-menu\"><li class=\"menu-item menu-item-type-post_type menu-item-object-page menu-item-11230\"><a href=\"https:\/\/ordemdosfisioterapeutas.pt\/pt\/eleicoes-2025\/\" class=\"elementor-item\" tabindex=\"-1\">Elei\u00e7\u00f5es<\/a><\/li>\n<li class=\"menu-item menu-item-type-post_type menu-item-object-page menu-item-11231\"><a href=\"https:\/\/ordemdosfisioterapeutas.pt\/pt\/calendario-eleitoral-2025\/\" class=\"elementor-item\" tabindex=\"-1\">Calend\u00e1rio Eleitoral<\/a><\/li>\n<li class=\"menu-item menu-item-type-post_type menu-item-object-page menu-item-11229\"><a href=\"https:\/\/ordemdosfisioterapeutas.pt\/pt\/comissao-eleitoral-2025\/\" class=\"elementor-item\" tabindex=\"-1\">Comiss\u00e3o Eleitoral<\/a><\/li>\n<li class=\"menu-item menu-item-type-post_type menu-item-object-page menu-item-11228\"><a href=\"https:\/\/ordemdosfisioterapeutas.pt\/pt\/recenseamento-2025\/\" class=\"elementor-item\" tabindex=\"-1\">Recenseamento<\/a><\/li>\n<li class=\"menu-item menu-item-type-post_type menu-item-object-page menu-item-11227\"><a href=\"https:\/\/ordemdosfisioterapeutas.pt\/pt\/caderno-eleitoral-2025\/\" class=\"elementor-item\" tabindex=\"-1\">Caderno Eleitoral<\/a><\/li>\n<li class=\"menu-item menu-item-type-post_type menu-item-object-page menu-item-11226\"><a href=\"https:\/\/ordemdosfisioterapeutas.pt\/pt\/candidaturas-2025\/\" class=\"elementor-item\" tabindex=\"-1\">Candidaturas<\/a><\/li>\n<li class=\"menu-item menu-item-type-post_type menu-item-object-page menu-item-11225\"><a href=\"https:\/\/ordemdosfisioterapeutas.pt\/pt\/listas-candidatas-2025\/\" class=\"elementor-item\" tabindex=\"-1\">Listas Candidatas<\/a><\/li>\n<li class=\"menu-item menu-item-type-post_type menu-item-object-page menu-item-11224\"><a href=\"https:\/\/ordemdosfisioterapeutas.pt\/pt\/campanha-eleitoral-2025\/\" class=\"elementor-item\" tabindex=\"-1\">Campanha Eleitoral<\/a><\/li>\n<li class=\"menu-item menu-item-type-post_type menu-item-object-page menu-item-11223\"><a href=\"https:\/\/ordemdosfisioterapeutas.pt\/pt\/ato-eleitoral-2025\/\" class=\"elementor-item\" tabindex=\"-1\">Ato Eleitoral<\/a><\/li>\n<li class=\"menu-item menu-item-type-post_type menu-item-object-page menu-item-11221\"><a href=\"https:\/\/ordemdosfisioterapeutas.pt\/pt\/resultados-provisorios-2025\/\" class=\"elementor-item\" tabindex=\"-1\">Resultados Provis\u00f3rios<\/a><\/li>\n<li class=\"menu-item menu-item-type-post_type menu-item-object-page menu-item-11222\"><a href=\"https:\/\/ordemdosfisioterapeutas.pt\/pt\/resultados-oficiais-2025\/\" class=\"elementor-item\" tabindex=\"-1\">Resultados Oficiais<\/a><\/li>\n<li class=\"menu-item menu-item-type-post_type menu-item-object-page menu-item-11220\"><a href=\"https:\/\/ordemdosfisioterapeutas.pt\/pt\/tomada-de-posse-2025\/\" class=\"elementor-item\" tabindex=\"-1\">Tomada de Posse<\/a><\/li>\n<li class=\"menu-item menu-item-type-post_type menu-item-object-page menu-item-11216\"><a href=\"https:\/\/ordemdosfisioterapeutas.pt\/pt\/perguntas-frequentes-2025\/\" class=\"elementor-item\" tabindex=\"-1\">Perguntas Frequentes<\/a><\/li>\n<\/ul>\t\t\t<\/nav>\n\t\t\t\t\t\t<\/div>\n\t\t\t\t<\/div>\n\t\t\t\t<\/div>\n\t\t\t\t<div class=\"elementor-element elementor-element-a187c81 elementor-widget elementor-widget-text-editor\" data-id=\"a187c81\" data-element_type=\"widget\" data-e-type=\"widget\" data-widget_type=\"text-editor.default\">\n\t\t\t\t<div class=\"elementor-widget-container\">\n\t\t\t\t\t\t\t\t\t<p data-ccp-props=\"{&quot;335551550&quot;:1,&quot;335551620&quot;:1,&quot;335559683&quot;:0,&quot;335559685&quot;:0,&quot;335559731&quot;:0,&quot;335559737&quot;:0,&quot;335562764&quot;:2,&quot;335562765&quot;:0.9,&quot;335562766&quot;:4,&quot;335562767&quot;:10,&quot;335562768&quot;:4,&quot;335562769&quot;:0}\"><span data-usefontface=\"false\" data-contrast=\"none\">Os membros interessados em candidatar-se aos \u00f3rg\u00e3os da Ordem poder\u00e3o apresentar as suas candidaturas entre os dias <\/span><b><span data-usefontface=\"false\" data-contrast=\"none\">6 de <\/span><\/b><b><span data-usefontface=\"false\" data-contrast=\"none\">setembro de 2025 <\/span><\/b><span data-usefontface=\"false\" data-contrast=\"none\">e <\/span><b><span data-usefontface=\"false\" data-contrast=\"none\">6 de outubro de 2025<\/span><\/b><span data-usefontface=\"false\" data-contrast=\"none\">. Para submeter a sua candidatura, aceda aos formul\u00e1rios de candidatura, <\/span><span data-usefontface=\"false\" data-contrast=\"none\">disponibilizados abaixo e siga as instru\u00e7\u00f5es fornecidas. Verifique os requisitos necess\u00e1rios e prepare a documenta\u00e7\u00e3o exigida. <span style=\"text-decoration: underline;\"><a href=\"https:\/\/ordemdosfisioterapeutas.pt\/wp-content\/uploads\/2025\/09\/Guia-para-CANDIDATOS_AF.pdf\" target=\"_blank\" rel=\"noopener\">Consulte tamb\u00e9m o Guia de Orienta\u00e7\u00e3o para Candidatos.<\/a><\/span><\/span><\/p>\t\t\t\t\t\t\t\t<\/div>\n\t\t\t\t<\/div>\n\t\t\t\t<div class=\"elementor-element elementor-element-520344c elementor-icon-list--layout-traditional elementor-list-item-link-full_width elementor-widget elementor-widget-icon-list\" data-id=\"520344c\" data-element_type=\"widget\" data-e-type=\"widget\" data-widget_type=\"icon-list.default\">\n\t\t\t\t<div class=\"elementor-widget-container\">\n\t\t\t\t\t\t\t<ul class=\"elementor-icon-list-items\">\n\t\t\t\t\t\t\t<li class=\"elementor-icon-list-item\">\n\t\t\t\t\t\t\t\t\t\t\t<a href=\"https:\/\/ordemdosfisioterapeutas.pt\/wp-content\/uploads\/2025\/08\/RECECAO-DE-LISTAS-1.pdf\" target=\"_blank\">\n\n\t\t\t\t\t\t\t\t\t\t\t\t<span class=\"elementor-icon-list-icon\">\n\t\t\t\t\t\t\t<i aria-hidden=\"true\" class=\"far fa-file-alt\"><\/i>\t\t\t\t\t\t<\/span>\n\t\t\t\t\t\t\t\t\t\t<span class=\"elementor-icon-list-text\">Procedimentos para a rece\u00e7\u00e3o de listas candidatas<\/span>\n\t\t\t\t\t\t\t\t\t\t\t<\/a>\n\t\t\t\t\t\t\t\t\t<\/li>\n\t\t\t\t\t\t<\/ul>\n\t\t\t\t\t\t<\/div>\n\t\t\t\t<\/div>\n\t\t\t\t<div class=\"elementor-element elementor-element-06e3cff elementor-widget elementor-widget-text-editor\" data-id=\"06e3cff\" data-element_type=\"widget\" data-e-type=\"widget\" data-widget_type=\"text-editor.default\">\n\t\t\t\t<div class=\"elementor-widget-container\">\n\t\t\t\t\t\t\t\t\t<ul style=\"font-weight: 400;\"><li data-aria-posinset=\"1\" data-aria-level=\"1\"><b><span data-usefontface=\"false\" data-contrast=\"none\">Rece\u00e7\u00e3o via correio eletr\u00f3nico:<\/span><\/b><span data-usefontface=\"false\" data-contrast=\"none\"> a rece\u00e7\u00e3o \u00e9 feita atrav\u00e9s do endere\u00e7o <\/span><a href=\"mailto:eleicoes@ordemdosfisioterapeutas.pt\" data-hyperlinktype=\"0\"><span data-usefontface=\"false\" data-contrast=\"none\">eleicoes@ordemdosfisioterapeutas.pt<\/span><\/a><span data-usefontface=\"false\" data-contrast=\"none\">, a documenta\u00e7\u00e3o \u00e9 assinada <\/span><span data-usefontface=\"false\" data-contrast=\"none\">digitalmente pelos servi\u00e7os da Ordem, sendo posteriormente enviada ao representante da lista. Por sua vez, o representante da lista <\/span><span data-usefontface=\"false\" data-contrast=\"none\">declara\/confirma que recebeu resposta dos servi\u00e7os da Ordem.<\/span>\u200b<\/li><li data-aria-posinset=\"2\" data-aria-level=\"1\"><b><span data-usefontface=\"false\" data-contrast=\"none\">Entrega em m\u00e3o<\/span><\/b><span data-usefontface=\"false\" data-contrast=\"none\">: a rece\u00e7\u00e3o \u00e9 feita nas instala\u00e7\u00f5es da Ordem, na Rua D. Jo\u00e3o V, n\u00b0 24 &#8211; 1.06, 1250-091 Lisboa, todas as p\u00e1ginas s\u00e3o carimbadas e <\/span><span data-usefontface=\"false\" data-contrast=\"none\">rubricadas pelos servi\u00e7os da Ordem. Toda a documenta\u00e7\u00e3o original \u00e9 fotocopiada com vista \u00e0 entrega de uma c\u00f3pia ao representante da lista, que <\/span><span data-usefontface=\"false\" data-contrast=\"none\">declara\/confirma ter recebido essa mesma c\u00f3pia, atrav\u00e9s de minuta disponibilizada.<\/span>\u200b<\/li><li data-aria-posinset=\"3\" data-aria-level=\"1\"><b><span data-usefontface=\"false\" data-contrast=\"none\">Rece\u00e7\u00e3o por via postal<\/span><\/b><span data-usefontface=\"false\" data-contrast=\"none\">: devem ser enviadas para Ordem dos Fisioterapeutas &#8211; Rua D. Jo\u00e3o V, n\u00b0 24 &#8211; 1.06, 1250-091 Lisboa, garantindo a sua <\/span><span data-usefontface=\"false\" data-contrast=\"none\">entrada no prazo previsto para a apresenta\u00e7\u00e3o de candidaturas (at\u00e9 6 de outubro).<\/span> <span data-usefontface=\"false\" data-contrast=\"none\">A abertura dos envelopes ser\u00e1 feita pelos servi\u00e7os da Ordem na <\/span><span data-usefontface=\"false\" data-contrast=\"none\">presen\u00e7a de 2 testemunhas. A documenta\u00e7\u00e3o recebida deve igualmente ser carimbada e rubricada, em todas as p\u00e1ginas.<\/span><\/li><\/ul>\t\t\t\t\t\t\t\t<\/div>\n\t\t\t\t<\/div>\n\t\t\t\t<div class=\"elementor-element elementor-element-f8c54b9 elementor-widget elementor-widget-text-editor\" data-id=\"f8c54b9\" data-element_type=\"widget\" data-e-type=\"widget\" data-widget_type=\"text-editor.default\">\n\t\t\t\t<div class=\"elementor-widget-container\">\n\t\t\t\t\t\t\t\t\t<p><b><span data-olk-copy-source=\"MessageBody\">\u26a0\ufe0f<\/span><\/b><b>\u00a0Nota informativa \u2013 Formul\u00e1rio de candidatura ao Conselho Jurisdicional<\/b><\/p><p>Informa-se que o\u00a0<b>formul\u00e1rio de candidatura ao Conselho Jurisdicional<\/b>, inclu\u00eddo nos anexos do\u00a0<b>Regulamento Eleitoral publicado no Di\u00e1rio da Rep\u00fablica (Regulamento n.\u00ba 836\/2025)<\/b>, cont\u00e9m um\u00a0<b>lapso material<\/b>, apresentando apenas\u00a0<b>50 linhas para subscritores<\/b>, quando o n\u00famero exigido pelo regulamento \u00e9 de\u00a0<b>100 subscritores<\/b>.<\/p><p>O formul\u00e1rio disponibilizado no\u00a0<b>site da Ordem dos Fisioterapeutas<\/b>\u00a0j\u00e1 foi\u00a0<b>corrigido<\/b>, passando a conter o n\u00famero correto de 100 linhas, conforme o disposto no texto do regulamento.<\/p><p>Recomenda-se, por isso, que todas as candidaturas ao Conselho Jurisdicional utilizem\u00a0<b>exclusivamente a vers\u00e3o atualizada do formul\u00e1rio<\/b>\u00a0dispon\u00edvel\u00a0<a title=\"https:\/\/ordemdosfisioterapeutas.pt\/pt\/candidaturas-2025\/\" href=\"https:\/\/ordemdosfisioterapeutas.pt\/pt\/candidaturas-2025\/\" data-auth=\"NotApplicable\" data-linkindex=\"2\">nesta<\/a>\u00a0p\u00e1gina.<\/p>\t\t\t\t\t\t\t\t<\/div>\n\t\t\t\t<\/div>\n\t\t\t\t<div class=\"elementor-element elementor-element-ac784fc elementor-widget elementor-widget-text-editor\" data-id=\"ac784fc\" data-element_type=\"widget\" data-e-type=\"widget\" data-widget_type=\"text-editor.default\">\n\t\t\t\t<div class=\"elementor-widget-container\">\n\t\t\t\t\t\t\t\t\t<p><span class=\"TextRun Underlined SCXP157661367 BCX8\" lang=\"PT-PT\" xml:lang=\"PT-PT\" data-usefontface=\"false\" data-contrast=\"none\"><span class=\"NormalTextRun SingleUnderline SCXP157661367 BCX8\">Formul\u00e1rios para a formaliza\u00e7\u00e3o de Candidatura:<\/span><\/span>\u200b<\/p>\t\t\t\t\t\t\t\t<\/div>\n\t\t\t\t<\/div>\n\t\t\t\t<div class=\"elementor-element elementor-element-98ae291 elementor-icon-list--layout-traditional elementor-list-item-link-full_width elementor-widget elementor-widget-icon-list\" data-id=\"98ae291\" data-element_type=\"widget\" data-e-type=\"widget\" data-widget_type=\"icon-list.default\">\n\t\t\t\t<div class=\"elementor-widget-container\">\n\t\t\t\t\t\t\t<ul class=\"elementor-icon-list-items\">\n\t\t\t\t\t\t\t<li class=\"elementor-icon-list-item\">\n\t\t\t\t\t\t\t\t\t\t\t<a href=\"https:\/\/ordemdosfisioterapeutas.pt\/wp-content\/uploads\/2025\/08\/a-REQUERIMENTO-CANDIDATURA-CONS-GERAL.pdf\" target=\"_blank\">\n\n\t\t\t\t\t\t\t\t\t\t\t\t<span class=\"elementor-icon-list-icon\">\n\t\t\t\t\t\t\t<i aria-hidden=\"true\" class=\"far fa-file-alt\"><\/i>\t\t\t\t\t\t<\/span>\n\t\t\t\t\t\t\t\t\t\t<span class=\"elementor-icon-list-text\">Candidatura ao Conselho Geral<\/span>\n\t\t\t\t\t\t\t\t\t\t\t<\/a>\n\t\t\t\t\t\t\t\t\t<\/li>\n\t\t\t\t\t\t\t\t<li class=\"elementor-icon-list-item\">\n\t\t\t\t\t\t\t\t\t\t\t<a href=\"https:\/\/ordemdosfisioterapeutas.pt\/wp-content\/uploads\/2025\/08\/b_CANDIDATURA-BASTONARIOA.pdf\" target=\"_blank\">\n\n\t\t\t\t\t\t\t\t\t\t\t\t<span class=\"elementor-icon-list-icon\">\n\t\t\t\t\t\t\t<i aria-hidden=\"true\" class=\"far fa-file-alt\"><\/i>\t\t\t\t\t\t<\/span>\n\t\t\t\t\t\t\t\t\t\t<span class=\"elementor-icon-list-text\">Candidatura a Baston\u00e1rio(a)<\/span>\n\t\t\t\t\t\t\t\t\t\t\t<\/a>\n\t\t\t\t\t\t\t\t\t<\/li>\n\t\t\t\t\t\t\t\t<li class=\"elementor-icon-list-item\">\n\t\t\t\t\t\t\t\t\t\t\t<a href=\"https:\/\/ordemdosfisioterapeutas.pt\/wp-content\/uploads\/2025\/08\/c-REQUERIMENTO-CANDIDATURA-CONS-JURISDICIONAL-1.pdf\" target=\"_blank\">\n\n\t\t\t\t\t\t\t\t\t\t\t\t<span class=\"elementor-icon-list-icon\">\n\t\t\t\t\t\t\t<i aria-hidden=\"true\" class=\"far fa-file-alt\"><\/i>\t\t\t\t\t\t<\/span>\n\t\t\t\t\t\t\t\t\t\t<span class=\"elementor-icon-list-text\">Candidatura ao Conselho Jurisdicional<\/span>\n\t\t\t\t\t\t\t\t\t\t\t<\/a>\n\t\t\t\t\t\t\t\t\t<\/li>\n\t\t\t\t\t\t\t\t<li class=\"elementor-icon-list-item\">\n\t\t\t\t\t\t\t\t\t\t\t<a href=\"https:\/\/ordemdosfisioterapeutas.pt\/wp-content\/uploads\/2025\/08\/d-REQUERIMENTO-CANDIDATURA-CONS-SUPERVISAO.pdf\" target=\"_blank\">\n\n\t\t\t\t\t\t\t\t\t\t\t\t<span class=\"elementor-icon-list-icon\">\n\t\t\t\t\t\t\t<i aria-hidden=\"true\" class=\"far fa-file-alt\"><\/i>\t\t\t\t\t\t<\/span>\n\t\t\t\t\t\t\t\t\t\t<span class=\"elementor-icon-list-text\">Candidatura ao Conselho de Supervis\u00e3o<\/span>\n\t\t\t\t\t\t\t\t\t\t\t<\/a>\n\t\t\t\t\t\t\t\t\t<\/li>\n\t\t\t\t\t\t\t\t<li class=\"elementor-icon-list-item\">\n\t\t\t\t\t\t\t\t\t\t\t<a href=\"https:\/\/ordemdosfisioterapeutas.pt\/wp-content\/uploads\/2025\/08\/e-REQUERIMENTO-CANDIDATURA-DIRECAO-REGIONAL.pdf\" target=\"_blank\">\n\n\t\t\t\t\t\t\t\t\t\t\t\t<span class=\"elementor-icon-list-icon\">\n\t\t\t\t\t\t\t<i aria-hidden=\"true\" class=\"far fa-file-alt\"><\/i>\t\t\t\t\t\t<\/span>\n\t\t\t\t\t\t\t\t\t\t<span class=\"elementor-icon-list-text\">Candidatura \u00e0 Dire\u00e7\u00e3o Regional<\/span>\n\t\t\t\t\t\t\t\t\t\t\t<\/a>\n\t\t\t\t\t\t\t\t\t<\/li>\n\t\t\t\t\t\t\t\t<li class=\"elementor-icon-list-item\">\n\t\t\t\t\t\t\t\t\t\t\t<a href=\"https:\/\/ordemdosfisioterapeutas.pt\/wp-content\/uploads\/2025\/08\/f_CANDIDATURA-MESA-ASSEMBLEIA-REGIONAL.pdf\" target=\"_blank\">\n\n\t\t\t\t\t\t\t\t\t\t\t\t<span class=\"elementor-icon-list-icon\">\n\t\t\t\t\t\t\t<i aria-hidden=\"true\" class=\"far fa-file-alt\"><\/i>\t\t\t\t\t\t<\/span>\n\t\t\t\t\t\t\t\t\t\t<span class=\"elementor-icon-list-text\">Candidatura \u00e0 Mesa da Assembleia Regional<\/span>\n\t\t\t\t\t\t\t\t\t\t\t<\/a>\n\t\t\t\t\t\t\t\t\t<\/li>\n\t\t\t\t\t\t\t\t<li class=\"elementor-icon-list-item\">\n\t\t\t\t\t\t\t\t\t\t\t<a href=\"https:\/\/ordemdosfisioterapeutas.pt\/wp-content\/uploads\/2025\/08\/g_DECLARACAO-ACEITACAO-DE-CANDIDATURA.pdf\" target=\"_blank\">\n\n\t\t\t\t\t\t\t\t\t\t\t\t<span class=\"elementor-icon-list-icon\">\n\t\t\t\t\t\t\t<i aria-hidden=\"true\" class=\"far fa-file-alt\"><\/i>\t\t\t\t\t\t<\/span>\n\t\t\t\t\t\t\t\t\t\t<span class=\"elementor-icon-list-text\">Declara\u00e7\u00e3o de aceita\u00e7\u00e3o de candidatura<\/span>\n\t\t\t\t\t\t\t\t\t\t\t<\/a>\n\t\t\t\t\t\t\t\t\t<\/li>\n\t\t\t\t\t\t\t\t<li class=\"elementor-icon-list-item\">\n\t\t\t\t\t\t\t\t\t\t\t<a href=\"https:\/\/ordemdosfisioterapeutas.pt\/wp-content\/uploads\/2025\/08\/h-DECLARACAO-NOMEACOES-REPRESENTANTE-CE_M_290325.pdf\" target=\"_blank\">\n\n\t\t\t\t\t\t\t\t\t\t\t\t<span class=\"elementor-icon-list-icon\">\n\t\t\t\t\t\t\t<i aria-hidden=\"true\" class=\"far fa-file-alt\"><\/i>\t\t\t\t\t\t<\/span>\n\t\t\t\t\t\t\t\t\t\t<span class=\"elementor-icon-list-text\">Declara\u00e7\u00e3o de nomea\u00e7\u00e3o de representante para a Comiss\u00e3o Eleitoral<\/span>\n\t\t\t\t\t\t\t\t\t\t\t<\/a>\n\t\t\t\t\t\t\t\t\t<\/li>\n\t\t\t\t\t\t\t\t<li class=\"elementor-icon-list-item\">\n\t\t\t\t\t\t\t\t\t\t\t<a href=\"https:\/\/ordemdosfisioterapeutas.pt\/wp-content\/uploads\/2025\/08\/i-LISTA-SUBSCRITORES-COLETIVA.pdf\" target=\"_blank\">\n\n\t\t\t\t\t\t\t\t\t\t\t\t<span class=\"elementor-icon-list-icon\">\n\t\t\t\t\t\t\t<i aria-hidden=\"true\" class=\"far fa-file-alt\"><\/i>\t\t\t\t\t\t<\/span>\n\t\t\t\t\t\t\t\t\t\t<span class=\"elementor-icon-list-text\">Lista de Subscritores Coletiva<\/span>\n\t\t\t\t\t\t\t\t\t\t\t<\/a>\n\t\t\t\t\t\t\t\t\t<\/li>\n\t\t\t\t\t\t\t\t<li class=\"elementor-icon-list-item\">\n\t\t\t\t\t\t\t\t\t\t\t<a href=\"https:\/\/ordemdosfisioterapeutas.pt\/wp-content\/uploads\/2025\/08\/j-LISTA-SUBSCRITORES-INDIVIDUAL.pdf\" target=\"_blank\">\n\n\t\t\t\t\t\t\t\t\t\t\t\t<span class=\"elementor-icon-list-icon\">\n\t\t\t\t\t\t\t<i aria-hidden=\"true\" class=\"far fa-file-alt\"><\/i>\t\t\t\t\t\t<\/span>\n\t\t\t\t\t\t\t\t\t\t<span class=\"elementor-icon-list-text\">Lista de Subscritores Individual<\/span>\n\t\t\t\t\t\t\t\t\t\t\t<\/a>\n\t\t\t\t\t\t\t\t\t<\/li>\n\t\t\t\t\t\t<\/ul>\n\t\t\t\t\t\t<\/div>\n\t\t\t\t<\/div>\n\t\t\t\t\t<\/div>\n\t\t\t\t<\/div>\n\t\t\t\t<\/div>\n\t\t","protected":false},"excerpt":{"rendered":"<p>Os membros interessados em candidatar-se aos \u00f3rg\u00e3os da Ordem poder\u00e3o apresentar as suas candidaturas entre os dias 6 de setembro de 2025 e 6 de outubro de 2025. Para submeter a sua candidatura, aceda aos formul\u00e1rios de candidatura, disponibilizados abaixo e siga as instru\u00e7\u00f5es fornecidas. Verifique os requisitos necess\u00e1rios e prepare a documenta\u00e7\u00e3o exigida. Consulte &#8230; <a title=\"Candidaturas\" class=\"read-more\" href=\"https:\/\/ordemdosfisioterapeutas.pt\/pt\/candidaturas-2025\/\" aria-label=\"Leia mais sobre Candidaturas\">Ler mais<\/a><\/p>\n","protected":false},"author":1,"featured_media":0,"parent":0,"menu_order":0,"comment_status":"closed","ping_status":"closed","template":"","meta":{"footnotes":""},"class_list":["post-11038","page","type-page","status-publish"],"_links":{"self":[{"href":"https:\/\/ordemdosfisioterapeutas.pt\/pt\/wp-json\/wp\/v2\/pages\/11038","targetHints":{"allow":["GET"]}}],"collection":[{"href":"https:\/\/ordemdosfisioterapeutas.pt\/pt\/wp-json\/wp\/v2\/pages"}],"about":[{"href":"https:\/\/ordemdosfisioterapeutas.pt\/pt\/wp-json\/wp\/v2\/types\/page"}],"author":[{"embeddable":true,"href":"https:\/\/ordemdosfisioterapeutas.pt\/pt\/wp-json\/wp\/v2\/users\/1"}],"replies":[{"embeddable":true,"href":"https:\/\/ordemdosfisioterapeutas.pt\/pt\/wp-json\/wp\/v2\/comments?post=11038"}],"version-history":[{"count":6,"href":"https:\/\/ordemdosfisioterapeutas.pt\/pt\/wp-json\/wp\/v2\/pages\/11038\/revisions"}],"predecessor-version":[{"id":11757,"href":"https:\/\/ordemdosfisioterapeutas.pt\/pt\/wp-json\/wp\/v2\/pages\/11038\/revisions\/11757"}],"wp:attachment":[{"href":"https:\/\/ordemdosfisioterapeutas.pt\/pt\/wp-json\/wp\/v2\/media?parent=11038"}],"curies":[{"name":"wp","href":"https:\/\/api.w.org\/{rel}","templated":true}]}}