{"id":11030,"date":"2025-08-02T12:00:28","date_gmt":"2025-08-02T11:00:28","guid":{"rendered":"https:\/\/ordemdosfisioterapeutas.pt\/?page_id=11030"},"modified":"2025-10-20T13:11:35","modified_gmt":"2025-10-20T12:11:35","slug":"comissao-eleitoral-2025","status":"publish","type":"page","link":"https:\/\/ordemdosfisioterapeutas.pt\/pt\/comissao-eleitoral-2025\/","title":{"rendered":"Comiss\u00e3o Eleitoral"},"content":{"rendered":"\t\t<div data-elementor-type=\"wp-page\" data-elementor-id=\"11030\" class=\"elementor elementor-11030\" data-elementor-post-type=\"page\">\n\t\t\t\t<div class=\"elementor-element elementor-element-a130ba3 e-flex e-con-boxed e-con e-parent\" data-id=\"a130ba3\" data-element_type=\"container\" data-e-type=\"container\">\n\t\t\t\t\t<div class=\"e-con-inner\">\n\t\t<div class=\"elementor-element elementor-element-62852a9 e-grid e-con-full e-con e-child\" data-id=\"62852a9\" data-element_type=\"container\" data-e-type=\"container\">\n\t\t\t\t<div class=\"elementor-element elementor-element-174bbf7 elementor-nav-menu__text-align-aside elementor-nav-menu--toggle elementor-nav-menu--burger elementor-widget elementor-widget-nav-menu\" data-id=\"174bbf7\" data-element_type=\"widget\" data-e-type=\"widget\" data-settings=\"{&quot;layout&quot;:&quot;dropdown&quot;,&quot;submenu_icon&quot;:{&quot;value&quot;:&quot;&lt;i class=\\&quot;\\&quot; aria-hidden=\\&quot;true\\&quot;&gt;&lt;\\\/i&gt;&quot;,&quot;library&quot;:&quot;&quot;},&quot;toggle&quot;:&quot;burger&quot;}\" data-widget_type=\"nav-menu.default\">\n\t\t\t\t<div class=\"elementor-widget-container\">\n\t\t\t\t\t\t\t<div class=\"elementor-menu-toggle\" role=\"button\" tabindex=\"0\" aria-label=\"Menu Toggle\" aria-expanded=\"false\">\n\t\t\t<i aria-hidden=\"true\" role=\"presentation\" class=\"elementor-menu-toggle__icon--open eicon-menu-bar\"><\/i><i aria-hidden=\"true\" role=\"presentation\" class=\"elementor-menu-toggle__icon--close eicon-close\"><\/i>\t\t<\/div>\n\t\t\t\t\t<nav class=\"elementor-nav-menu--dropdown elementor-nav-menu__container\" aria-hidden=\"true\">\n\t\t\t\t<ul id=\"menu-2-174bbf7\" class=\"elementor-nav-menu\"><li class=\"menu-item menu-item-type-post_type menu-item-object-page menu-item-11230\"><a href=\"https:\/\/ordemdosfisioterapeutas.pt\/pt\/eleicoes-2025\/\" class=\"elementor-item\" tabindex=\"-1\">Elei\u00e7\u00f5es<\/a><\/li>\n<li class=\"menu-item menu-item-type-post_type menu-item-object-page menu-item-11231\"><a href=\"https:\/\/ordemdosfisioterapeutas.pt\/pt\/calendario-eleitoral-2025\/\" class=\"elementor-item\" tabindex=\"-1\">Calend\u00e1rio Eleitoral<\/a><\/li>\n<li class=\"menu-item menu-item-type-post_type menu-item-object-page menu-item-11229\"><a href=\"https:\/\/ordemdosfisioterapeutas.pt\/pt\/comissao-eleitoral-2025\/\" class=\"elementor-item\" tabindex=\"-1\">Comiss\u00e3o Eleitoral<\/a><\/li>\n<li class=\"menu-item menu-item-type-post_type menu-item-object-page menu-item-11228\"><a href=\"https:\/\/ordemdosfisioterapeutas.pt\/pt\/recenseamento-2025\/\" class=\"elementor-item\" tabindex=\"-1\">Recenseamento<\/a><\/li>\n<li class=\"menu-item menu-item-type-post_type menu-item-object-page menu-item-11227\"><a href=\"https:\/\/ordemdosfisioterapeutas.pt\/pt\/caderno-eleitoral-2025\/\" class=\"elementor-item\" tabindex=\"-1\">Caderno Eleitoral<\/a><\/li>\n<li class=\"menu-item menu-item-type-post_type menu-item-object-page menu-item-11226\"><a href=\"https:\/\/ordemdosfisioterapeutas.pt\/pt\/candidaturas-2025\/\" class=\"elementor-item\" tabindex=\"-1\">Candidaturas<\/a><\/li>\n<li class=\"menu-item menu-item-type-post_type menu-item-object-page menu-item-11225\"><a href=\"https:\/\/ordemdosfisioterapeutas.pt\/pt\/listas-candidatas-2025\/\" class=\"elementor-item\" tabindex=\"-1\">Listas Candidatas<\/a><\/li>\n<li class=\"menu-item menu-item-type-post_type menu-item-object-page menu-item-11224\"><a href=\"https:\/\/ordemdosfisioterapeutas.pt\/pt\/campanha-eleitoral-2025\/\" class=\"elementor-item\" tabindex=\"-1\">Campanha Eleitoral<\/a><\/li>\n<li class=\"menu-item menu-item-type-post_type menu-item-object-page menu-item-11223\"><a href=\"https:\/\/ordemdosfisioterapeutas.pt\/pt\/ato-eleitoral-2025\/\" class=\"elementor-item\" tabindex=\"-1\">Ato Eleitoral<\/a><\/li>\n<li class=\"menu-item menu-item-type-post_type menu-item-object-page menu-item-11221\"><a href=\"https:\/\/ordemdosfisioterapeutas.pt\/pt\/resultados-provisorios-2025\/\" class=\"elementor-item\" tabindex=\"-1\">Resultados Provis\u00f3rios<\/a><\/li>\n<li class=\"menu-item menu-item-type-post_type menu-item-object-page menu-item-11222\"><a href=\"https:\/\/ordemdosfisioterapeutas.pt\/pt\/resultados-oficiais-2025\/\" class=\"elementor-item\" tabindex=\"-1\">Resultados Oficiais<\/a><\/li>\n<li class=\"menu-item menu-item-type-post_type menu-item-object-page menu-item-11220\"><a href=\"https:\/\/ordemdosfisioterapeutas.pt\/pt\/tomada-de-posse-2025\/\" class=\"elementor-item\" tabindex=\"-1\">Tomada de Posse<\/a><\/li>\n<li class=\"menu-item menu-item-type-post_type menu-item-object-page menu-item-11216\"><a href=\"https:\/\/ordemdosfisioterapeutas.pt\/pt\/perguntas-frequentes-2025\/\" class=\"elementor-item\" tabindex=\"-1\">Perguntas Frequentes<\/a><\/li>\n<\/ul>\t\t\t<\/nav>\n\t\t\t\t\t\t<\/div>\n\t\t\t\t<\/div>\n\t\t\t\t<\/div>\n\t\t\t\t<div class=\"elementor-element elementor-element-51fcbb2 elementor-widget elementor-widget-text-editor\" data-id=\"51fcbb2\" data-element_type=\"widget\" data-e-type=\"widget\" data-widget_type=\"text-editor.default\">\n\t\t\t\t<div class=\"elementor-widget-container\">\n\t\t\t\t\t\t\t\t\t<p>A <b>Comiss\u00e3o Eleitoral <\/b>\u00e9 respons\u00e1vel por garantir a legalidade e transpar\u00eancia de todo o processo eleitoral. Desempenha um papel fundamental na supervis\u00e3o de todas as fases do processo eleitoral, desde a rece\u00e7\u00e3o das candidaturas at\u00e9 ao apuramento dos resultados.<\/p><p>De acordo com o Regulamento Eleitoral, a <b>Comiss\u00e3o <\/b><b>E<\/b><b>leitoral <\/b>\u00e9 composta pelo presidente da mesa do conselho geral e por um representante de cada uma das listas admitidas a sufr\u00e1gio, a indicar no momento da apresenta\u00e7\u00e3o das respetivas candidaturas.<\/p><p><strong>Composi\u00e7\u00e3o da Comiss\u00e3o Eleitoral \u2013 Elei\u00e7\u00f5es 2025<\/strong><\/p><p><strong>Presidente da Comiss\u00e3o Eleitoral:<br \/><\/strong>Rui Jorge Dias Costa, CP n.\u00ba 11 (Presidente da Mesa do Conselho Geral)<\/p><p><strong>Representantes das candidaturas recebidas:<\/strong><\/p><p>Representante da Lista encabe\u00e7ada por Maria Ant\u00f3nio Ferreira de Castro ao Conselho Geral: Ana Catarina Monteiro Casaca, CP n\u00ba1107<\/p><p>Representante da Lista encabe\u00e7ada por Ant\u00f3nio Manuel Fernandes Lopes a Baston\u00e1rio: Nuno do Carmo Antunes Cordeiro \u2013 CP n.\u00ba 7<\/p><p>Representante da Lista encabe\u00e7ada por Rui Manuel Tom\u00e9 Torres ao Conselho Jurisdicional: Rui Manuel Tom\u00e9 Torres \u2013 CP n.\u00ba 3050<\/p><p>Representante da Lista encabe\u00e7ada por Jorge Manuel dos Santos Conde ao Conselho de Supervis\u00e3o: Maria Beatriz Dias Fernandes \u2013 CP n.\u00ba 13<\/p><p>Representante da Lista encabe\u00e7ada por Jos\u00e9 Pedro Pinto Leite \u00e0 Dire\u00e7\u00e3o Regional Norte: Diana Lima Anjo \u2013 CP n.\u00ba 5469<\/p><p>Representante da Lista encabe\u00e7ada por Carlos Alberto Morgado dos Santos \u00e0 Dire\u00e7\u00e3o Regional Centro: Joana Maria Boa-Alma Cardoso Pais \u2013 CP n.\u00ba 6644<\/p><p>Representante da Lista encabe\u00e7ada por Luis Manuel Pereira Br\u00e1s \u00e0 Dire\u00e7\u00e3o Regional Centro: Luis Manuel Pereira Br\u00e1s \u2013 CP n.\u00ba 4158<\/p><p>Representante da Lista encabe\u00e7ada por Sandra Margarida Quintas Alves Veloso \u00e0 Dire\u00e7\u00e3o Regional Sul: Eduardo Jos\u00e9 Brazete Carvalho Cruz \u2013 CP n.\u00ba 2191<\/p><p>Representante da Lista encabe\u00e7ada por Lu\u00eds Carlos Martins Duarte \u00e0 Dire\u00e7\u00e3o Regional A\u00e7ores: Juliana Sofia da Silva Fernandes \u2013 CP n.\u00ba 560<\/p><p>Representante da Lista encabe\u00e7ada por Andrea Miguel Lopes Rodrigues Ribeiro Macedo \u00e0 Mesa de Assembleia Regional Norte: Andreia Cristina Cordeiro Nogueira \u2013 CP n.\u00ba 7974<\/p><p>Representante da Lista encabe\u00e7ada por Fernando Manuel Tavares da Silva Ribeiro \u00e0 Mesa de Assembleia Regional Centro: Maria F\u00e1tima Esteves Domingues Leandro \u2013 CP n.\u00ba 1901<\/p><p>Representante da Lista encabe\u00e7ada por Marina Sofia Oliveira Saraiva \u00e0 Mesa de Assembleia Regional Centro: Marina Sofia Oliveira Saraiva \u2013 CP n.\u00ba 356<\/p><p>Representante da Lista encabe\u00e7ada por Carlos Alberto Medeiros Mendon\u00e7a \u00e0 Mesa de Assembleia Regional A\u00e7ores: In\u00eas Margarida Pereira Cardoso \u2013 CP n.\u00ba 1272<\/p><p>Representante da Lista encabe\u00e7ada por Carolina Lu\u00edsa Quintal Caldeira \u00e0 Mesa de Assembleia Regional Madeira: Cust\u00f3dia Maria Correia Caba\u00e7a Ara\u00fajo\u2013 CP n.\u00ba 2139<\/p>\t\t\t\t\t\t\t\t<\/div>\n\t\t\t\t<\/div>\n\t\t\t\t\t<\/div>\n\t\t\t\t<\/div>\n\t\t\t\t<\/div>\n\t\t","protected":false},"excerpt":{"rendered":"<p>A Comiss\u00e3o Eleitoral \u00e9 respons\u00e1vel por garantir a legalidade e transpar\u00eancia de todo o processo eleitoral. Desempenha um papel fundamental na supervis\u00e3o de todas as fases do processo eleitoral, desde a rece\u00e7\u00e3o das candidaturas at\u00e9 ao apuramento dos resultados. De acordo com o Regulamento Eleitoral, a Comiss\u00e3o Eleitoral \u00e9 composta pelo presidente da mesa do &#8230; <a title=\"Comiss\u00e3o Eleitoral\" class=\"read-more\" href=\"https:\/\/ordemdosfisioterapeutas.pt\/pt\/comissao-eleitoral-2025\/\" aria-label=\"Leia mais sobre Comiss\u00e3o Eleitoral\">Ler mais<\/a><\/p>\n","protected":false},"author":1,"featured_media":0,"parent":0,"menu_order":0,"comment_status":"closed","ping_status":"closed","template":"","meta":{"footnotes":""},"class_list":["post-11030","page","type-page","status-publish"],"_links":{"self":[{"href":"https:\/\/ordemdosfisioterapeutas.pt\/pt\/wp-json\/wp\/v2\/pages\/11030","targetHints":{"allow":["GET"]}}],"collection":[{"href":"https:\/\/ordemdosfisioterapeutas.pt\/pt\/wp-json\/wp\/v2\/pages"}],"about":[{"href":"https:\/\/ordemdosfisioterapeutas.pt\/pt\/wp-json\/wp\/v2\/types\/page"}],"author":[{"embeddable":true,"href":"https:\/\/ordemdosfisioterapeutas.pt\/pt\/wp-json\/wp\/v2\/users\/1"}],"replies":[{"embeddable":true,"href":"https:\/\/ordemdosfisioterapeutas.pt\/pt\/wp-json\/wp\/v2\/comments?post=11030"}],"version-history":[{"count":13,"href":"https:\/\/ordemdosfisioterapeutas.pt\/pt\/wp-json\/wp\/v2\/pages\/11030\/revisions"}],"predecessor-version":[{"id":11858,"href":"https:\/\/ordemdosfisioterapeutas.pt\/pt\/wp-json\/wp\/v2\/pages\/11030\/revisions\/11858"}],"wp:attachment":[{"href":"https:\/\/ordemdosfisioterapeutas.pt\/pt\/wp-json\/wp\/v2\/media?parent=11030"}],"curies":[{"name":"wp","href":"https:\/\/api.w.org\/{rel}","templated":true}]}}