{"id":11028,"date":"2025-08-02T11:59:03","date_gmt":"2025-08-02T10:59:03","guid":{"rendered":"https:\/\/ordemdosfisioterapeutas.pt\/?page_id=11028"},"modified":"2025-10-06T18:47:00","modified_gmt":"2025-10-06T17:47:00","slug":"eleicoes-2025","status":"publish","type":"page","link":"https:\/\/ordemdosfisioterapeutas.pt\/pt\/eleicoes-2025\/","title":{"rendered":"Elei\u00e7\u00f5es para os \u00d3rg\u00e3os Nacionais e Regionais da Ordem dos Fisioterapeutas"},"content":{"rendered":"\t\t<div data-elementor-type=\"wp-page\" data-elementor-id=\"11028\" class=\"elementor elementor-11028\" data-elementor-post-type=\"page\">\n\t\t\t\t<div class=\"elementor-element elementor-element-2234052 e-flex e-con-boxed e-con e-parent\" data-id=\"2234052\" data-element_type=\"container\" data-e-type=\"container\">\n\t\t\t\t\t<div class=\"e-con-inner\">\n\t\t<div class=\"elementor-element elementor-element-8a2ed6e e-grid e-con-full e-con e-child\" data-id=\"8a2ed6e\" data-element_type=\"container\" data-e-type=\"container\">\n\t\t\t\t<div class=\"elementor-element elementor-element-41f47b1 elementor-nav-menu__text-align-aside elementor-nav-menu--toggle elementor-nav-menu--burger elementor-widget elementor-widget-nav-menu\" data-id=\"41f47b1\" data-element_type=\"widget\" data-e-type=\"widget\" data-settings=\"{&quot;layout&quot;:&quot;dropdown&quot;,&quot;submenu_icon&quot;:{&quot;value&quot;:&quot;&lt;i class=\\&quot;\\&quot; aria-hidden=\\&quot;true\\&quot;&gt;&lt;\\\/i&gt;&quot;,&quot;library&quot;:&quot;&quot;},&quot;toggle&quot;:&quot;burger&quot;}\" data-widget_type=\"nav-menu.default\">\n\t\t\t\t<div class=\"elementor-widget-container\">\n\t\t\t\t\t\t\t<div class=\"elementor-menu-toggle\" role=\"button\" tabindex=\"0\" aria-label=\"Menu Toggle\" aria-expanded=\"false\">\n\t\t\t<i aria-hidden=\"true\" role=\"presentation\" class=\"elementor-menu-toggle__icon--open eicon-menu-bar\"><\/i><i aria-hidden=\"true\" role=\"presentation\" class=\"elementor-menu-toggle__icon--close eicon-close\"><\/i>\t\t<\/div>\n\t\t\t\t\t<nav class=\"elementor-nav-menu--dropdown elementor-nav-menu__container\" aria-hidden=\"true\">\n\t\t\t\t<ul id=\"menu-2-41f47b1\" class=\"elementor-nav-menu\"><li class=\"menu-item menu-item-type-post_type menu-item-object-page menu-item-11230\"><a href=\"https:\/\/ordemdosfisioterapeutas.pt\/pt\/eleicoes-2025\/\" class=\"elementor-item\" tabindex=\"-1\">Elei\u00e7\u00f5es<\/a><\/li>\n<li class=\"menu-item menu-item-type-post_type menu-item-object-page menu-item-11231\"><a href=\"https:\/\/ordemdosfisioterapeutas.pt\/pt\/calendario-eleitoral-2025\/\" class=\"elementor-item\" tabindex=\"-1\">Calend\u00e1rio Eleitoral<\/a><\/li>\n<li class=\"menu-item menu-item-type-post_type menu-item-object-page menu-item-11229\"><a href=\"https:\/\/ordemdosfisioterapeutas.pt\/pt\/comissao-eleitoral-2025\/\" class=\"elementor-item\" tabindex=\"-1\">Comiss\u00e3o Eleitoral<\/a><\/li>\n<li class=\"menu-item menu-item-type-post_type menu-item-object-page menu-item-11228\"><a href=\"https:\/\/ordemdosfisioterapeutas.pt\/pt\/recenseamento-2025\/\" class=\"elementor-item\" tabindex=\"-1\">Recenseamento<\/a><\/li>\n<li class=\"menu-item menu-item-type-post_type menu-item-object-page menu-item-11227\"><a href=\"https:\/\/ordemdosfisioterapeutas.pt\/pt\/caderno-eleitoral-2025\/\" class=\"elementor-item\" tabindex=\"-1\">Caderno Eleitoral<\/a><\/li>\n<li class=\"menu-item menu-item-type-post_type menu-item-object-page menu-item-11226\"><a href=\"https:\/\/ordemdosfisioterapeutas.pt\/pt\/candidaturas-2025\/\" class=\"elementor-item\" tabindex=\"-1\">Candidaturas<\/a><\/li>\n<li class=\"menu-item menu-item-type-post_type menu-item-object-page menu-item-11225\"><a href=\"https:\/\/ordemdosfisioterapeutas.pt\/pt\/listas-candidatas-2025\/\" class=\"elementor-item\" tabindex=\"-1\">Listas Candidatas<\/a><\/li>\n<li class=\"menu-item menu-item-type-post_type menu-item-object-page menu-item-11224\"><a href=\"https:\/\/ordemdosfisioterapeutas.pt\/pt\/campanha-eleitoral-2025\/\" class=\"elementor-item\" tabindex=\"-1\">Campanha Eleitoral<\/a><\/li>\n<li class=\"menu-item menu-item-type-post_type menu-item-object-page menu-item-11223\"><a href=\"https:\/\/ordemdosfisioterapeutas.pt\/pt\/ato-eleitoral-2025\/\" class=\"elementor-item\" tabindex=\"-1\">Ato Eleitoral<\/a><\/li>\n<li class=\"menu-item menu-item-type-post_type menu-item-object-page menu-item-11221\"><a href=\"https:\/\/ordemdosfisioterapeutas.pt\/pt\/resultados-provisorios-2025\/\" class=\"elementor-item\" tabindex=\"-1\">Resultados Provis\u00f3rios<\/a><\/li>\n<li class=\"menu-item menu-item-type-post_type menu-item-object-page menu-item-11222\"><a href=\"https:\/\/ordemdosfisioterapeutas.pt\/pt\/resultados-oficiais-2025\/\" class=\"elementor-item\" tabindex=\"-1\">Resultados Oficiais<\/a><\/li>\n<li class=\"menu-item menu-item-type-post_type menu-item-object-page menu-item-11220\"><a href=\"https:\/\/ordemdosfisioterapeutas.pt\/pt\/tomada-de-posse-2025\/\" class=\"elementor-item\" tabindex=\"-1\">Tomada de Posse<\/a><\/li>\n<li class=\"menu-item menu-item-type-post_type menu-item-object-page menu-item-11216\"><a href=\"https:\/\/ordemdosfisioterapeutas.pt\/pt\/perguntas-frequentes-2025\/\" class=\"elementor-item\" tabindex=\"-1\">Perguntas Frequentes<\/a><\/li>\n<\/ul>\t\t\t<\/nav>\n\t\t\t\t\t\t<\/div>\n\t\t\t\t<\/div>\n\t\t\t\t<\/div>\n\t\t\t\t<div class=\"elementor-element elementor-element-26d41c6 elementor-widget elementor-widget-text-editor\" data-id=\"26d41c6\" data-element_type=\"widget\" data-e-type=\"widget\" data-widget_type=\"text-editor.default\">\n\t\t\t\t<div class=\"elementor-widget-container\">\n\t\t\t\t\t\t\t\t\t<p>Bem-vindo \u00e0 p\u00e1gina das\u00a0<b>Elei\u00e7\u00f5es para os \u00f3rg\u00e3os nacionais e regionais da Ordem dos Fisioterapeutas de 2025<\/b>. Este ano, teremos um processo eleitoral crucial para a nossa Ordem, com a elei\u00e7\u00e3o dos \u00f3rg\u00e3os nacionais e regionais, que ocorrer\u00e1 no dia 5 de dezembro de 2025. Esta p\u00e1gina cont\u00e9m todas as informa\u00e7\u00f5es necess\u00e1rias sobre o processo eleitoral, incluindo prazos importantes, procedimentos de candidatura e regulamentos aplic\u00e1veis.<\/p>\t\t\t\t\t\t\t\t<\/div>\n\t\t\t\t<\/div>\n\t\t\t\t<div class=\"elementor-element elementor-element-cb2f27f elementor-icon-list--layout-traditional elementor-list-item-link-full_width elementor-widget elementor-widget-icon-list\" data-id=\"cb2f27f\" data-element_type=\"widget\" data-e-type=\"widget\" data-widget_type=\"icon-list.default\">\n\t\t\t\t<div class=\"elementor-widget-container\">\n\t\t\t\t\t\t\t<ul class=\"elementor-icon-list-items\">\n\t\t\t\t\t\t\t<li class=\"elementor-icon-list-item\">\n\t\t\t\t\t\t\t\t\t\t\t<a href=\"https:\/\/ordemdosfisioterapeutas.pt\/wp-content\/uploads\/2025\/07\/DR_Regulamento-Eleitoral-836_2025.pdf\" target=\"_blank\">\n\n\t\t\t\t\t\t\t\t\t\t\t\t<span class=\"elementor-icon-list-icon\">\n\t\t\t\t\t\t\t<i aria-hidden=\"true\" class=\"far fa-file-alt\"><\/i>\t\t\t\t\t\t<\/span>\n\t\t\t\t\t\t\t\t\t\t<span class=\"elementor-icon-list-text\">Consulte o Regulamento Eleitoral<\/span>\n\t\t\t\t\t\t\t\t\t\t\t<\/a>\n\t\t\t\t\t\t\t\t\t<\/li>\n\t\t\t\t\t\t\t\t<li class=\"elementor-icon-list-item\">\n\t\t\t\t\t\t\t\t\t\t\t<a href=\"https:\/\/ordemdosfisioterapeutas.pt\/wp-content\/uploads\/2025\/07\/deliberacao-Direcao_DL.2.RD_.223.2025-1.pdf\" target=\"_blank\">\n\n\t\t\t\t\t\t\t\t\t\t\t\t<span class=\"elementor-icon-list-icon\">\n\t\t\t\t\t\t\t<i aria-hidden=\"true\" class=\"far fa-file-alt\"><\/i>\t\t\t\t\t\t<\/span>\n\t\t\t\t\t\t\t\t\t\t<span class=\"elementor-icon-list-text\">Consulte a Delibera\u00e7\u00e3o da Dire\u00e7\u00e3o<\/span>\n\t\t\t\t\t\t\t\t\t\t\t<\/a>\n\t\t\t\t\t\t\t\t\t<\/li>\n\t\t\t\t\t\t<\/ul>\n\t\t\t\t\t\t<\/div>\n\t\t\t\t<\/div>\n\t\t\t\t\t<\/div>\n\t\t\t\t<\/div>\n\t\t<div class=\"elementor-element elementor-element-b83875f e-flex e-con-boxed e-con e-parent\" data-id=\"b83875f\" data-element_type=\"container\" data-e-type=\"container\">\n\t\t\t\t\t<div class=\"e-con-inner\">\n\t\t\t\t<div class=\"elementor-element elementor-element-ec0f9f7 elementor-widget elementor-widget-text-editor\" data-id=\"ec0f9f7\" data-element_type=\"widget\" data-e-type=\"widget\" data-widget_type=\"text-editor.default\">\n\t\t\t\t<div class=\"elementor-widget-container\">\n\t\t\t\t\t\t\t\t\t<p><b><span data-olk-copy-source=\"MessageBody\">\u26a0\ufe0f<\/span><\/b><b>\u00a0Nota informativa \u2013 Formul\u00e1rio de candidatura ao Conselho Jurisdicional<\/b><\/p><p>Informa-se que o\u00a0<b>formul\u00e1rio de candidatura ao Conselho Jurisdicional<\/b>, inclu\u00eddo nos anexos do\u00a0<b>Regulamento Eleitoral publicado no Di\u00e1rio da Rep\u00fablica (Regulamento n.\u00ba 836\/2025)<\/b>, cont\u00e9m um\u00a0<b>lapso material<\/b>, apresentando apenas\u00a0<b>50 linhas para subscritores<\/b>, quando o n\u00famero exigido pelo regulamento \u00e9 de\u00a0<b>100 subscritores<\/b>.<\/p><p>O formul\u00e1rio disponibilizado no\u00a0<b>site da Ordem dos Fisioterapeutas<\/b>\u00a0j\u00e1 foi\u00a0<b>corrigido<\/b>, passando a conter o n\u00famero correto de 100 linhas, conforme o disposto no texto do regulamento.<\/p><p>Recomenda-se, por isso, que todas as candidaturas ao Conselho Jurisdicional utilizem\u00a0<b>exclusivamente a vers\u00e3o atualizada do formul\u00e1rio<\/b>\u00a0dispon\u00edvel\u00a0<a title=\"https:\/\/ordemdosfisioterapeutas.pt\/pt\/candidaturas-2025\/\" href=\"https:\/\/ordemdosfisioterapeutas.pt\/pt\/candidaturas-2025\/\" data-auth=\"NotApplicable\" data-linkindex=\"2\">nesta<\/a>\u00a0p\u00e1gina.<\/p>\t\t\t\t\t\t\t\t<\/div>\n\t\t\t\t<\/div>\n\t\t\t\t\t<\/div>\n\t\t\t\t<\/div>\n\t\t\t\t<\/div>\n\t\t","protected":false},"excerpt":{"rendered":"<p>Bem-vindo \u00e0 p\u00e1gina das\u00a0Elei\u00e7\u00f5es para os \u00f3rg\u00e3os nacionais e regionais da Ordem dos Fisioterapeutas de 2025. Este ano, teremos um processo eleitoral crucial para a nossa Ordem, com a elei\u00e7\u00e3o dos \u00f3rg\u00e3os nacionais e regionais, que ocorrer\u00e1 no dia 5 de dezembro de 2025. Esta p\u00e1gina cont\u00e9m todas as informa\u00e7\u00f5es necess\u00e1rias sobre o processo eleitoral, &#8230; <a title=\"Elei\u00e7\u00f5es para os \u00d3rg\u00e3os Nacionais e Regionais da Ordem dos Fisioterapeutas\" class=\"read-more\" href=\"https:\/\/ordemdosfisioterapeutas.pt\/pt\/eleicoes-2025\/\" aria-label=\"Leia mais sobre Elei\u00e7\u00f5es para os \u00d3rg\u00e3os Nacionais e Regionais da Ordem dos Fisioterapeutas\">Ler mais<\/a><\/p>\n","protected":false},"author":1,"featured_media":0,"parent":0,"menu_order":0,"comment_status":"closed","ping_status":"closed","template":"","meta":{"footnotes":""},"class_list":["post-11028","page","type-page","status-publish"],"_links":{"self":[{"href":"https:\/\/ordemdosfisioterapeutas.pt\/pt\/wp-json\/wp\/v2\/pages\/11028","targetHints":{"allow":["GET"]}}],"collection":[{"href":"https:\/\/ordemdosfisioterapeutas.pt\/pt\/wp-json\/wp\/v2\/pages"}],"about":[{"href":"https:\/\/ordemdosfisioterapeutas.pt\/pt\/wp-json\/wp\/v2\/types\/page"}],"author":[{"embeddable":true,"href":"https:\/\/ordemdosfisioterapeutas.pt\/pt\/wp-json\/wp\/v2\/users\/1"}],"replies":[{"embeddable":true,"href":"https:\/\/ordemdosfisioterapeutas.pt\/pt\/wp-json\/wp\/v2\/comments?post=11028"}],"version-history":[{"count":6,"href":"https:\/\/ordemdosfisioterapeutas.pt\/pt\/wp-json\/wp\/v2\/pages\/11028\/revisions"}],"predecessor-version":[{"id":11754,"href":"https:\/\/ordemdosfisioterapeutas.pt\/pt\/wp-json\/wp\/v2\/pages\/11028\/revisions\/11754"}],"wp:attachment":[{"href":"https:\/\/ordemdosfisioterapeutas.pt\/pt\/wp-json\/wp\/v2\/media?parent=11028"}],"curies":[{"name":"wp","href":"https:\/\/api.w.org\/{rel}","templated":true}]}}