{"id":10920,"date":"2025-07-27T13:11:14","date_gmt":"2025-07-27T12:11:14","guid":{"rendered":"https:\/\/ordemdosfisioterapeutas.pt\/?page_id=10920"},"modified":"2025-09-27T11:13:46","modified_gmt":"2025-09-27T10:13:46","slug":"calendario-eleitoral-2025","status":"publish","type":"page","link":"https:\/\/ordemdosfisioterapeutas.pt\/pt\/calendario-eleitoral-2025\/","title":{"rendered":"Calend\u00e1rio Eleitoral"},"content":{"rendered":"\t\t<div data-elementor-type=\"wp-page\" data-elementor-id=\"10920\" class=\"elementor elementor-10920\" data-elementor-post-type=\"page\">\n\t\t\t\t<div class=\"elementor-element elementor-element-22650b0 e-flex e-con-boxed e-con e-parent\" data-id=\"22650b0\" data-element_type=\"container\" data-e-type=\"container\">\n\t\t\t\t\t<div class=\"e-con-inner\">\n\t\t<div class=\"elementor-element elementor-element-3af082a e-grid e-con-full e-con e-child\" data-id=\"3af082a\" data-element_type=\"container\" data-e-type=\"container\">\n\t\t\t\t<div class=\"elementor-element elementor-element-96040b6 elementor-nav-menu__text-align-aside elementor-nav-menu--toggle elementor-nav-menu--burger elementor-widget elementor-widget-nav-menu\" data-id=\"96040b6\" data-element_type=\"widget\" data-e-type=\"widget\" data-settings=\"{&quot;layout&quot;:&quot;dropdown&quot;,&quot;submenu_icon&quot;:{&quot;value&quot;:&quot;&lt;i class=\\&quot;\\&quot; aria-hidden=\\&quot;true\\&quot;&gt;&lt;\\\/i&gt;&quot;,&quot;library&quot;:&quot;&quot;},&quot;toggle&quot;:&quot;burger&quot;}\" data-widget_type=\"nav-menu.default\">\n\t\t\t\t<div class=\"elementor-widget-container\">\n\t\t\t\t\t\t\t<div class=\"elementor-menu-toggle\" role=\"button\" tabindex=\"0\" aria-label=\"Menu Toggle\" aria-expanded=\"false\">\n\t\t\t<i aria-hidden=\"true\" role=\"presentation\" class=\"elementor-menu-toggle__icon--open eicon-menu-bar\"><\/i><i aria-hidden=\"true\" role=\"presentation\" class=\"elementor-menu-toggle__icon--close eicon-close\"><\/i>\t\t<\/div>\n\t\t\t\t\t<nav class=\"elementor-nav-menu--dropdown elementor-nav-menu__container\" aria-hidden=\"true\">\n\t\t\t\t<ul id=\"menu-2-96040b6\" class=\"elementor-nav-menu\"><li class=\"menu-item menu-item-type-post_type menu-item-object-page menu-item-11230\"><a href=\"https:\/\/ordemdosfisioterapeutas.pt\/pt\/eleicoes-2025\/\" class=\"elementor-item\" tabindex=\"-1\">Elei\u00e7\u00f5es<\/a><\/li>\n<li class=\"menu-item menu-item-type-post_type menu-item-object-page menu-item-11231\"><a href=\"https:\/\/ordemdosfisioterapeutas.pt\/pt\/calendario-eleitoral-2025\/\" class=\"elementor-item\" tabindex=\"-1\">Calend\u00e1rio Eleitoral<\/a><\/li>\n<li class=\"menu-item menu-item-type-post_type menu-item-object-page menu-item-11229\"><a href=\"https:\/\/ordemdosfisioterapeutas.pt\/pt\/comissao-eleitoral-2025\/\" class=\"elementor-item\" tabindex=\"-1\">Comiss\u00e3o Eleitoral<\/a><\/li>\n<li class=\"menu-item menu-item-type-post_type menu-item-object-page menu-item-11228\"><a href=\"https:\/\/ordemdosfisioterapeutas.pt\/pt\/recenseamento-2025\/\" class=\"elementor-item\" tabindex=\"-1\">Recenseamento<\/a><\/li>\n<li class=\"menu-item menu-item-type-post_type menu-item-object-page menu-item-11227\"><a href=\"https:\/\/ordemdosfisioterapeutas.pt\/pt\/caderno-eleitoral-2025\/\" class=\"elementor-item\" tabindex=\"-1\">Caderno Eleitoral<\/a><\/li>\n<li class=\"menu-item menu-item-type-post_type menu-item-object-page menu-item-11226\"><a href=\"https:\/\/ordemdosfisioterapeutas.pt\/pt\/candidaturas-2025\/\" class=\"elementor-item\" tabindex=\"-1\">Candidaturas<\/a><\/li>\n<li class=\"menu-item menu-item-type-post_type menu-item-object-page menu-item-11225\"><a href=\"https:\/\/ordemdosfisioterapeutas.pt\/pt\/listas-candidatas-2025\/\" class=\"elementor-item\" tabindex=\"-1\">Listas Candidatas<\/a><\/li>\n<li class=\"menu-item menu-item-type-post_type menu-item-object-page menu-item-11224\"><a href=\"https:\/\/ordemdosfisioterapeutas.pt\/pt\/campanha-eleitoral-2025\/\" class=\"elementor-item\" tabindex=\"-1\">Campanha Eleitoral<\/a><\/li>\n<li class=\"menu-item menu-item-type-post_type menu-item-object-page menu-item-11223\"><a href=\"https:\/\/ordemdosfisioterapeutas.pt\/pt\/ato-eleitoral-2025\/\" class=\"elementor-item\" tabindex=\"-1\">Ato Eleitoral<\/a><\/li>\n<li class=\"menu-item menu-item-type-post_type menu-item-object-page menu-item-11221\"><a href=\"https:\/\/ordemdosfisioterapeutas.pt\/pt\/resultados-provisorios-2025\/\" class=\"elementor-item\" tabindex=\"-1\">Resultados Provis\u00f3rios<\/a><\/li>\n<li class=\"menu-item menu-item-type-post_type menu-item-object-page menu-item-11222\"><a href=\"https:\/\/ordemdosfisioterapeutas.pt\/pt\/resultados-oficiais-2025\/\" class=\"elementor-item\" tabindex=\"-1\">Resultados Oficiais<\/a><\/li>\n<li class=\"menu-item menu-item-type-post_type menu-item-object-page menu-item-11220\"><a href=\"https:\/\/ordemdosfisioterapeutas.pt\/pt\/tomada-de-posse-2025\/\" class=\"elementor-item\" tabindex=\"-1\">Tomada de Posse<\/a><\/li>\n<li class=\"menu-item menu-item-type-post_type menu-item-object-page menu-item-11216\"><a href=\"https:\/\/ordemdosfisioterapeutas.pt\/pt\/perguntas-frequentes-2025\/\" class=\"elementor-item\" tabindex=\"-1\">Perguntas Frequentes<\/a><\/li>\n<\/ul>\t\t\t<\/nav>\n\t\t\t\t\t\t<\/div>\n\t\t\t\t<\/div>\n\t\t\t\t<\/div>\n\t\t\t\t<div class=\"elementor-element elementor-element-d791c89 elementor-widget elementor-widget-text-editor\" data-id=\"d791c89\" data-element_type=\"widget\" data-e-type=\"widget\" data-widget_type=\"text-editor.default\">\n\t\t\t\t<div class=\"elementor-widget-container\">\n\t\t\t\t\t\t\t\t\t<p>Consulte todas as etapas do processo eleitoral dos \u00f3rg\u00e3os nacionais e regionais 2025. \u00c9 fundamental que todos os envolvidos tenham conhecimento dos prazos e datas importantes:<\/p>\t\t\t\t\t\t\t\t<\/div>\n\t\t\t\t<\/div>\n\t\t\t\t<div class=\"elementor-element elementor-element-4a086d7 elementor-widget elementor-widget-image\" data-id=\"4a086d7\" data-element_type=\"widget\" data-e-type=\"widget\" data-widget_type=\"image.default\">\n\t\t\t\t<div class=\"elementor-widget-container\">\n\t\t\t\t\t\t\t\t\t\t\t\t\t\t\t<img fetchpriority=\"high\" decoding=\"async\" width=\"855\" height=\"595\" src=\"https:\/\/ordemdosfisioterapeutas.pt\/wp-content\/uploads\/2025\/08\/Timeline-eleicoes_2025-1024x713.png\" class=\"attachment-large size-large wp-image-11153\" alt=\"\" srcset=\"https:\/\/ordemdosfisioterapeutas.pt\/wp-content\/uploads\/2025\/08\/Timeline-eleicoes_2025-1024x713.png 1024w, https:\/\/ordemdosfisioterapeutas.pt\/wp-content\/uploads\/2025\/08\/Timeline-eleicoes_2025-300x209.png 300w, https:\/\/ordemdosfisioterapeutas.pt\/wp-content\/uploads\/2025\/08\/Timeline-eleicoes_2025-768x535.png 768w, https:\/\/ordemdosfisioterapeutas.pt\/wp-content\/uploads\/2025\/08\/Timeline-eleicoes_2025-18x12.png 18w, https:\/\/ordemdosfisioterapeutas.pt\/wp-content\/uploads\/2025\/08\/Timeline-eleicoes_2025.png 1152w\" sizes=\"(max-width: 855px) 100vw, 855px\" \/>\t\t\t\t\t\t\t\t\t\t\t\t\t\t\t<\/div>\n\t\t\t\t<\/div>\n\t\t\t\t<div class=\"elementor-element elementor-element-6b7fca9 elementor-widget elementor-widget-shortcode\" data-id=\"6b7fca9\" data-element_type=\"widget\" data-e-type=\"widget\" data-widget_type=\"shortcode.default\">\n\t\t\t\t<div class=\"elementor-widget-container\">\n\t\t\t\t\t\t\t<div class=\"elementor-shortcode\">\n<table id=\"tablepress-24\" class=\"tablepress tablepress-id-24\">\n<thead>\n<tr class=\"row-1\">\n\t<th class=\"column-1\">TAREFA<\/th><th class=\"column-2\">PRAZO<\/th><th class=\"column-3\">DATA-LIMITE<\/th>\n<\/tr>\n<\/thead>\n<tbody class=\"row-striping row-hover\">\n<tr class=\"row-2\">\n\t<td class=\"column-1\">Inicio do prazo de apresenta\u00e7\u00e3o de candidaturas<\/td><td class=\"column-2\">90 dias antes das elei\u00e7\u00f5es<\/td><td class=\"column-3\">06 de setembro de 2025<\/td>\n<\/tr>\n<tr class=\"row-3\">\n\t<td class=\"column-1\">Fim do prazo de apresenta\u00e7\u00e3o de candidaturas<\/td><td class=\"column-2\">60 dias antes das elei\u00e7\u00f5es<\/td><td class=\"column-3\">06 de outubro de 2025<\/td>\n<\/tr>\n<tr class=\"row-4\">\n\t<td class=\"column-1\">Convoca\u00e7\u00e3o da Comiss\u00e3o Eleitoral (CE)<\/td><td class=\"column-2\">59 dias antes das elei\u00e7\u00f5es<\/td><td class=\"column-3\">07 de outubro de 2025<\/td>\n<\/tr>\n<tr class=\"row-5\">\n\t<td class=\"column-1\">Afixa\u00e7\u00e3o e publica\u00e7\u00e3o de an\u00fancio da CE<\/td><td class=\"column-2\">59 dias antes das elei\u00e7\u00f5es<\/td><td class=\"column-3\">07 de outubro de 2025<\/td>\n<\/tr>\n<tr class=\"row-6\">\n\t<td class=\"column-1\">Verifica\u00e7\u00e3o de Irregularidades das candidaturas<\/td><td class=\"column-2\">ate\u0301 5 dias ap\u00f3s rece\u00e7\u00e3o das candidaturas<\/td><td class=\"column-3\">11 de outubro de 2025<\/td>\n<\/tr>\n<tr class=\"row-7\">\n\t<td class=\"column-1\">Regulariza\u00e7\u00e3o de eventuais irregularidades<\/td><td class=\"column-2\">em 3 dias ap\u00f3s prazo acima<\/td><td class=\"column-3\">15 de outubro de 2025<\/td>\n<\/tr>\n<tr class=\"row-8\">\n\t<td class=\"column-1\">Rejei\u00e7\u00e3o de candidaturas n\u00e3o regularizadas<\/td><td class=\"column-2\">48 horas ap\u00f3s prazo acima<\/td><td class=\"column-3\">17 de outubro de 2025<\/td>\n<\/tr>\n<tr class=\"row-9\">\n\t<td class=\"column-1\">Sorteio das listas no boletim de voto<\/td><td class=\"column-2\">5 dias ap\u00f3s apresenta\u00e7\u00e3o ou aceita\u00e7\u00e3o das listas<\/td><td class=\"column-3\">21 de outubro de 2025<\/td>\n<\/tr>\n<tr class=\"row-10\">\n\t<td class=\"column-1\">Publica\u00e7\u00e3o das listas<\/td><td class=\"column-2\">5 dias ap\u00f3s sorteio<\/td><td class=\"column-3\">26 de outubro de 2025<\/td>\n<\/tr>\n<tr class=\"row-11\">\n\t<td class=\"column-1\">Extra\u00e7\u00e3o dos cadernos eleitorais<\/td><td class=\"column-2\">1 dia antes do dia designado para a publica\u00e7\u00e3o dos cadernos eleitorais<\/td><td class=\"column-3\">30 de outubro de 2025<\/td>\n<\/tr>\n<tr class=\"row-12\">\n\t<td class=\"column-1\">Publica\u00e7\u00e3o dos cadernos eleitorais<\/td><td class=\"column-2\">ate\u0301 30 dias antes das elei\u00e7\u00f5es<\/td><td class=\"column-3\">31 de outubro de 2025<\/td>\n<\/tr>\n<tr class=\"row-13\">\n\t<td class=\"column-1\">Apresenta\u00e7\u00e3o de reclama\u00e7\u00f5es relativamente aos cadernos eleitorais<\/td><td class=\"column-2\">ate\u0301 15 dias depois da publica\u00e7\u00e3o<\/td><td class=\"column-3\">15 de novembro de 2025<\/td>\n<\/tr>\n<tr class=\"row-14\">\n\t<td class=\"column-1\">Decis\u00e3o relativamente \u00e0s reclama\u00e7\u00f5es<\/td><td class=\"column-2\">48 horas depois do prazo acima<\/td><td class=\"column-3\">17 de novembro de 2025<\/td>\n<\/tr>\n<tr class=\"row-15\">\n\t<td class=\"column-1\">Entrega de cadernos eleitorais a\u0300 empresa de voto eletr\u00f3nico<\/td><td class=\"column-2\"><\/td><td class=\"column-3\">20 de novembro de 2025<\/td>\n<\/tr>\n<tr class=\"row-16\">\n\t<td class=\"column-1\">In\u00edcio da campanha eleitoral<\/td><td class=\"column-2\">15 dias antes das elei\u00e7\u00f5es<\/td><td class=\"column-3\">20 de novembro de 2025<\/td>\n<\/tr>\n<tr class=\"row-17\">\n\t<td class=\"column-1\">Substitui\u00e7\u00e3o de candidato<\/td><td class=\"column-2\">ate\u0301 10 dias antes das elei\u00e7\u00f5es<\/td><td class=\"column-3\">25 de novembro de 2025<\/td>\n<\/tr>\n<tr class=\"row-18\">\n\t<td class=\"column-1\">Envio de ID Eleitor, por via eletr\u00f3nica<\/td><td class=\"column-2\">3 dias antes das elei\u00e7\u00f5es<\/td><td class=\"column-3\">02 de dezembro de 2025<\/td>\n<\/tr>\n<tr class=\"row-19\">\n\t<td class=\"column-1\">Envio de pin, por SMS<\/td><td class=\"column-2\">3 dias antes das elei\u00e7\u00f5es<\/td><td class=\"column-3\">02 de dezembro de 2025<\/td>\n<\/tr>\n<tr class=\"row-20\">\n\t<td class=\"column-1\">T\u00e9rmino da campanha eleitoral<\/td><td class=\"column-2\">2 dias antes das elei\u00e7\u00f5es<\/td><td class=\"column-3\">03 de dezembro de 2025<\/td>\n<\/tr>\n<tr class=\"row-21\">\n\t<td class=\"column-1\">Elei\u00e7\u00f5es<\/td><td class=\"column-2\"><\/td><td class=\"column-3\">05 de dezembro de 2025<\/td>\n<\/tr>\n<tr class=\"row-22\">\n\t<td class=\"column-1\">Cerim\u00f3nia de Tomada de Posse<\/td><td class=\"column-2\"><\/td><td class=\"column-3\">13 e dezembro<\/td>\n<\/tr>\n<\/tbody>\n<\/table>\n<!-- #tablepress-24 from cache --><\/div>\n\t\t\t\t\t\t<\/div>\n\t\t\t\t<\/div>\n\t\t\t\t\t<\/div>\n\t\t\t\t<\/div>\n\t\t\t\t<\/div>\n\t\t","protected":false},"excerpt":{"rendered":"<p>Consulte todas as etapas do processo eleitoral dos \u00f3rg\u00e3os nacionais e regionais 2025. \u00c9 fundamental que todos os envolvidos tenham conhecimento dos prazos e datas importantes:<\/p>\n","protected":false},"author":1,"featured_media":0,"parent":0,"menu_order":0,"comment_status":"closed","ping_status":"closed","template":"","meta":{"footnotes":""},"class_list":["post-10920","page","type-page","status-publish"],"_links":{"self":[{"href":"https:\/\/ordemdosfisioterapeutas.pt\/pt\/wp-json\/wp\/v2\/pages\/10920","targetHints":{"allow":["GET"]}}],"collection":[{"href":"https:\/\/ordemdosfisioterapeutas.pt\/pt\/wp-json\/wp\/v2\/pages"}],"about":[{"href":"https:\/\/ordemdosfisioterapeutas.pt\/pt\/wp-json\/wp\/v2\/types\/page"}],"author":[{"embeddable":true,"href":"https:\/\/ordemdosfisioterapeutas.pt\/pt\/wp-json\/wp\/v2\/users\/1"}],"replies":[{"embeddable":true,"href":"https:\/\/ordemdosfisioterapeutas.pt\/pt\/wp-json\/wp\/v2\/comments?post=10920"}],"version-history":[{"count":3,"href":"https:\/\/ordemdosfisioterapeutas.pt\/pt\/wp-json\/wp\/v2\/pages\/10920\/revisions"}],"predecessor-version":[{"id":11680,"href":"https:\/\/ordemdosfisioterapeutas.pt\/pt\/wp-json\/wp\/v2\/pages\/10920\/revisions\/11680"}],"wp:attachment":[{"href":"https:\/\/ordemdosfisioterapeutas.pt\/pt\/wp-json\/wp\/v2\/media?parent=10920"}],"curies":[{"name":"wp","href":"https:\/\/api.w.org\/{rel}","templated":true}]}}