{"id":10690,"date":"2025-07-06T19:56:14","date_gmt":"2025-07-06T18:56:14","guid":{"rendered":"https:\/\/ordemdosfisioterapeutas.pt\/?page_id=10690"},"modified":"2026-01-08T19:31:06","modified_gmt":"2026-01-08T19:31:06","slug":"midas","status":"publish","type":"page","link":"https:\/\/ordemdosfisioterapeutas.pt\/pt\/midas\/","title":{"rendered":"Midas"},"content":{"rendered":"\t\t<div data-elementor-type=\"wp-page\" data-elementor-id=\"10690\" class=\"elementor elementor-10690\" data-elementor-post-type=\"page\">\n\t\t\t\t<div class=\"elementor-element elementor-element-b9135b1 e-grid e-con-boxed e-con e-parent\" data-id=\"b9135b1\" data-element_type=\"container\" data-e-type=\"container\">\n\t\t\t\t\t<div class=\"e-con-inner\">\n\t\t\t\t<div class=\"elementor-element elementor-element-3d97e3d9 elementor-widget elementor-widget-image\" data-id=\"3d97e3d9\" data-element_type=\"widget\" data-e-type=\"widget\" data-widget_type=\"image.default\">\n\t\t\t\t<div class=\"elementor-widget-container\">\n\t\t\t\t\t\t\t\t\t\t\t\t\t\t\t<img decoding=\"async\" src=\"https:\/\/ordemdosfisioterapeutas.pt\/wp-content\/uploads\/elementor\/thumbs\/logo__0003_Midas-1-r8dfvwev30bi207udxgem5ll8i20h3bqu9i7j7wzr4.png\" title=\"logo__0003_Midas-1.png\" alt=\"logo__0003_Midas-1.png\" loading=\"lazy\" \/>\t\t\t\t\t\t\t\t\t\t\t\t\t\t\t<\/div>\n\t\t\t\t<\/div>\n\t\t\t\t<div class=\"elementor-element elementor-element-2f78a125 elementor-widget elementor-widget-image\" data-id=\"2f78a125\" data-element_type=\"widget\" data-e-type=\"widget\" data-widget_type=\"image.default\">\n\t\t\t\t<div class=\"elementor-widget-container\">\n\t\t\t\t\t\t\t\t\t\t\t\t\t\t\t<img decoding=\"async\" src=\"https:\/\/ordemdosfisioterapeutas.pt\/wp-content\/uploads\/elementor\/thumbs\/parcerias-r1e5sfsz0l2px9fc2vf1dqmethbbh5ts4btblfpj40.png\" title=\"parcerias.png\" alt=\"parcerias.png\" loading=\"lazy\" \/>\t\t\t\t\t\t\t\t\t\t\t\t\t\t\t<\/div>\n\t\t\t\t<\/div>\n\t\t\t\t\t<\/div>\n\t\t\t\t<\/div>\n\t\t<div class=\"elementor-element elementor-element-24504e49 e-flex e-con-boxed e-con e-parent\" data-id=\"24504e49\" data-element_type=\"container\" data-e-type=\"container\">\n\t\t\t\t\t<div class=\"e-con-inner\">\n\t\t\t\t<div class=\"elementor-element elementor-element-190d73fa elementor-widget elementor-widget-heading\" data-id=\"190d73fa\" data-element_type=\"widget\" data-e-type=\"widget\" data-widget_type=\"heading.default\">\n\t\t\t\t<div class=\"elementor-widget-container\">\n\t\t\t\t\t<h2 class=\"elementor-heading-title elementor-size-default\">Descri\u00e7\u00e3o<\/h2>\t\t\t\t<\/div>\n\t\t\t\t<\/div>\n\t\t\t\t<div class=\"elementor-element elementor-element-1b4e0705 elementor-widget elementor-widget-text-editor\" data-id=\"1b4e0705\" data-element_type=\"widget\" data-e-type=\"widget\" data-widget_type=\"text-editor.default\">\n\t\t\t\t<div class=\"elementor-widget-container\">\n\t\t\t\t\t\t\t\t\t<div class=\"ewa-rteLine\"><div class=\"ewa-rteLine\">A Midas \u00e9 uma marca l\u00edder de manuten\u00e7\u00e3o de autom\u00f3veis multimarca, com presen\u00e7a nos cinco continentes e mais de 2.200 oficinas abertas em todo o mundo.<\/div><div class=\"ewa-rteLine\">\u00a0<\/div><div class=\"ewa-rteLine\">Munida de um conhecimento t\u00e9cnico avan\u00e7ado e de uma equipa de profissionais altamente especializados, a marca assegura um amplo e variado leque de servi\u00e7os e produtos, todos concebidos sob a \u00e9gide da sustentabilidade:<\/div><div class=\"ewa-rteLine\">Revis\u00e3o autom\u00f3vel;<\/div><div class=\"ewa-rteLine\">Diagn\u00f3stico eletr\u00f3nico;<\/div><div class=\"ewa-rteLine\">Pneus;<\/div><div class=\"ewa-rteLine\">Baterias;<\/div><div class=\"ewa-rteLine\">Trav\u00f5es;<\/div><div class=\"ewa-rteLine\">Ar condicionado;<\/div><div class=\"ewa-rteLine\">Correia de distribui\u00e7\u00e3o;<\/div><div class=\"ewa-rteLine\">Embraiagem;<\/div><div class=\"ewa-rteLine\">Check-ups gratuitos;<\/div><div class=\"ewa-rteLine\">Produtos pr\u00f3prios;<\/div><div class=\"ewa-rteLine\">E muito mais.<\/div><\/div>\t\t\t\t\t\t\t\t<\/div>\n\t\t\t\t<\/div>\n\t\t\t\t\t<\/div>\n\t\t\t\t<\/div>\n\t\t<div class=\"elementor-element elementor-element-2b377b45 condicoes e-flex e-con-boxed e-con e-parent\" data-id=\"2b377b45\" data-element_type=\"container\" data-e-type=\"container\">\n\t\t\t\t\t<div class=\"e-con-inner\">\n\t\t\t\t<div class=\"elementor-element elementor-element-14ff2b45 elementor-widget elementor-widget-heading\" data-id=\"14ff2b45\" data-element_type=\"widget\" data-e-type=\"widget\" data-widget_type=\"heading.default\">\n\t\t\t\t<div class=\"elementor-widget-container\">\n\t\t\t\t\t<h2 class=\"elementor-heading-title elementor-size-default\">Condi\u00e7\u00f5es<\/h2>\t\t\t\t<\/div>\n\t\t\t\t<\/div>\n\t\t\t\t<div class=\"elementor-element elementor-element-43a6aaba elementor-widget elementor-widget-text-editor\" data-id=\"43a6aaba\" data-element_type=\"widget\" data-e-type=\"widget\" data-widget_type=\"text-editor.default\">\n\t\t\t\t<div class=\"elementor-widget-container\">\n\t\t\t\t\t\t\t\t\t<div class=\"ewa-rteLine\"><div class=\"ewa-rteLine\">Desconto de 5% em todas as marcas de pneus (n\u00e3o aplic\u00e1vel \u00e0 m\u00e3o-de-obra)<\/div><div class=\"ewa-rteLine\">Desconto de 10% em: Revis\u00f5es Oficial Essential e Plus; Pe\u00e7as; Servi\u00e7os Midas Go (inclui m\u00e3o-de-obra e produto)<\/div><div class=\"ewa-rteLine\">Descontos calculados com base na Tabela de Pre\u00e7o de Venda a P\u00fablico da Midas em vigor.<\/div><div class=\"ewa-rteLine\">\u00a0<\/div><div class=\"ewa-rteLine\">Poder\u00e1 usufruir destas condi\u00e7\u00f5es especiais nos centros Midas aderentes, mediante identifica\u00e7\u00e3o e apresenta\u00e7\u00e3o da C\u00e9dula Profissional da Ordem dos Fisioterapeutas (para membros) ou de um documento comprovativo do v\u00ednculo laboral (para colaboradores).<\/div><\/div>\t\t\t\t\t\t\t\t<\/div>\n\t\t\t\t<\/div>\n\t\t<div class=\"elementor-element elementor-element-ff6a331 e-grid e-con-full e-con e-child\" data-id=\"ff6a331\" data-element_type=\"container\" data-e-type=\"container\">\n\t\t\t\t<div class=\"elementor-element elementor-element-306da2f elementor-widget elementor-widget-image\" data-id=\"306da2f\" data-element_type=\"widget\" data-e-type=\"widget\" data-widget_type=\"image.default\">\n\t\t\t\t<div class=\"elementor-widget-container\">\n\t\t\t\t\t\t\t\t\t\t\t\t\t\t\t<img fetchpriority=\"high\" decoding=\"async\" width=\"855\" height=\"855\" src=\"https:\/\/ordemdosfisioterapeutas.pt\/wp-content\/uploads\/2026\/01\/Midas-Campanhas_Baterias_janfev-1024x1024.webp\" class=\"attachment-large size-large wp-image-12460\" alt=\"\" srcset=\"https:\/\/ordemdosfisioterapeutas.pt\/wp-content\/uploads\/2026\/01\/Midas-Campanhas_Baterias_janfev-1024x1024.webp 1024w, https:\/\/ordemdosfisioterapeutas.pt\/wp-content\/uploads\/2026\/01\/Midas-Campanhas_Baterias_janfev-300x300.webp 300w, https:\/\/ordemdosfisioterapeutas.pt\/wp-content\/uploads\/2026\/01\/Midas-Campanhas_Baterias_janfev-150x150.webp 150w, https:\/\/ordemdosfisioterapeutas.pt\/wp-content\/uploads\/2026\/01\/Midas-Campanhas_Baterias_janfev-768x768.webp 768w, https:\/\/ordemdosfisioterapeutas.pt\/wp-content\/uploads\/2026\/01\/Midas-Campanhas_Baterias_janfev-12x12.webp 12w, https:\/\/ordemdosfisioterapeutas.pt\/wp-content\/uploads\/2026\/01\/Midas-Campanhas_Baterias_janfev.webp 1080w\" sizes=\"(max-width: 855px) 100vw, 855px\" \/>\t\t\t\t\t\t\t\t\t\t\t\t\t\t\t<\/div>\n\t\t\t\t<\/div>\n\t\t\t\t<div class=\"elementor-element elementor-element-e8465ce elementor-widget elementor-widget-image\" data-id=\"e8465ce\" data-element_type=\"widget\" data-e-type=\"widget\" data-widget_type=\"image.default\">\n\t\t\t\t<div class=\"elementor-widget-container\">\n\t\t\t\t\t\t\t\t\t\t\t\t\t\t\t<img decoding=\"async\" width=\"855\" height=\"855\" src=\"https:\/\/ordemdosfisioterapeutas.pt\/wp-content\/uploads\/2026\/01\/Midas-Campanhas_Oleo-filtro_janfev-1024x1024.webp\" class=\"attachment-large size-large wp-image-12461\" alt=\"\" srcset=\"https:\/\/ordemdosfisioterapeutas.pt\/wp-content\/uploads\/2026\/01\/Midas-Campanhas_Oleo-filtro_janfev-1024x1024.webp 1024w, https:\/\/ordemdosfisioterapeutas.pt\/wp-content\/uploads\/2026\/01\/Midas-Campanhas_Oleo-filtro_janfev-300x300.webp 300w, https:\/\/ordemdosfisioterapeutas.pt\/wp-content\/uploads\/2026\/01\/Midas-Campanhas_Oleo-filtro_janfev-150x150.webp 150w, https:\/\/ordemdosfisioterapeutas.pt\/wp-content\/uploads\/2026\/01\/Midas-Campanhas_Oleo-filtro_janfev-768x768.webp 768w, https:\/\/ordemdosfisioterapeutas.pt\/wp-content\/uploads\/2026\/01\/Midas-Campanhas_Oleo-filtro_janfev-12x12.webp 12w, https:\/\/ordemdosfisioterapeutas.pt\/wp-content\/uploads\/2026\/01\/Midas-Campanhas_Oleo-filtro_janfev.webp 1080w\" sizes=\"(max-width: 855px) 100vw, 855px\" \/>\t\t\t\t\t\t\t\t\t\t\t\t\t\t\t<\/div>\n\t\t\t\t<\/div>\n\t\t\t\t<div class=\"elementor-element elementor-element-4104349 elementor-widget elementor-widget-image\" data-id=\"4104349\" data-element_type=\"widget\" data-e-type=\"widget\" data-widget_type=\"image.default\">\n\t\t\t\t<div class=\"elementor-widget-container\">\n\t\t\t\t\t\t\t\t\t\t\t\t\t\t\t<img decoding=\"async\" width=\"855\" height=\"855\" src=\"https:\/\/ordemdosfisioterapeutas.pt\/wp-content\/uploads\/2026\/01\/Midas-Campanhas_Pneus_janfev-1024x1024.webp\" class=\"attachment-large size-large wp-image-12462\" alt=\"\" srcset=\"https:\/\/ordemdosfisioterapeutas.pt\/wp-content\/uploads\/2026\/01\/Midas-Campanhas_Pneus_janfev-1024x1024.webp 1024w, https:\/\/ordemdosfisioterapeutas.pt\/wp-content\/uploads\/2026\/01\/Midas-Campanhas_Pneus_janfev-300x300.webp 300w, https:\/\/ordemdosfisioterapeutas.pt\/wp-content\/uploads\/2026\/01\/Midas-Campanhas_Pneus_janfev-150x150.webp 150w, https:\/\/ordemdosfisioterapeutas.pt\/wp-content\/uploads\/2026\/01\/Midas-Campanhas_Pneus_janfev-768x768.webp 768w, https:\/\/ordemdosfisioterapeutas.pt\/wp-content\/uploads\/2026\/01\/Midas-Campanhas_Pneus_janfev-12x12.webp 12w, https:\/\/ordemdosfisioterapeutas.pt\/wp-content\/uploads\/2026\/01\/Midas-Campanhas_Pneus_janfev.webp 1080w\" sizes=\"(max-width: 855px) 100vw, 855px\" \/>\t\t\t\t\t\t\t\t\t\t\t\t\t\t\t<\/div>\n\t\t\t\t<\/div>\n\t\t\t\t<\/div>\n\t\t\t\t\t<\/div>\n\t\t\t\t<\/div>\n\t\t<div class=\"elementor-element elementor-element-532b924 condicoes-btn e-flex e-con-boxed e-con e-parent\" data-id=\"532b924\" data-element_type=\"container\" data-e-type=\"container\">\n\t\t\t\t\t<div class=\"e-con-inner\">\n\t\t\t\t<div class=\"elementor-element elementor-element-119e949 elementor-align-right elementor-mobile-align-center elementor-widget elementor-widget-button\" data-id=\"119e949\" data-element_type=\"widget\" data-e-type=\"widget\" data-widget_type=\"button.default\">\n\t\t\t\t<div class=\"elementor-widget-container\">\n\t\t\t\t\t\t\t\t\t<div class=\"elementor-button-wrapper\">\n\t\t\t\t\t<a class=\"elementor-button elementor-button-link elementor-size-xs\" href=\"https:\/\/portal.ordemdosfisioterapeutas.pt\/of-auth\/?app_ref=e985d1b30a025a19af003c638a7f64a2\" target=\"_blank\">\n\t\t\t\t\t\t<span class=\"elementor-button-content-wrapper\">\n\t\t\t\t\t\t\t\t\t<span class=\"elementor-button-text\">Conhe\u00e7a as Condi\u00e7\u00f5es<\/span>\n\t\t\t\t\t<\/span>\n\t\t\t\t\t<\/a>\n\t\t\t\t<\/div>\n\t\t\t\t\t\t\t\t<\/div>\n\t\t\t\t<\/div>\n\t\t\t\t\t<\/div>\n\t\t\t\t<\/div>\n\t\t<div class=\"elementor-element elementor-element-5893a04 e-flex e-con-boxed e-con e-parent\" data-id=\"5893a04\" data-element_type=\"container\" data-e-type=\"container\">\n\t\t\t\t\t<div class=\"e-con-inner\">\n\t\t\t\t<div class=\"elementor-element elementor-element-58544d5 elementor-align-right elementor-mobile-align-center elementor-widget elementor-widget-button\" data-id=\"58544d5\" data-element_type=\"widget\" data-e-type=\"widget\" data-widget_type=\"button.default\">\n\t\t\t\t<div class=\"elementor-widget-container\">\n\t\t\t\t\t\t\t\t\t<div class=\"elementor-button-wrapper\">\n\t\t\t\t\t<a class=\"elementor-button elementor-button-link elementor-size-xs\" href=\"https:\/\/ordemdosfisioterapeutas.pt\/pt\/parcerias\/\">\n\t\t\t\t\t\t<span class=\"elementor-button-content-wrapper\">\n\t\t\t\t\t\t\t\t\t<span class=\"elementor-button-text\">Voltar<\/span>\n\t\t\t\t\t<\/span>\n\t\t\t\t\t<\/a>\n\t\t\t\t<\/div>\n\t\t\t\t\t\t\t\t<\/div>\n\t\t\t\t<\/div>\n\t\t\t\t\t<\/div>\n\t\t\t\t<\/div>\n\t\t\t\t<\/div>\n\t\t","protected":false},"excerpt":{"rendered":"<p>Descri\u00e7\u00e3o A Midas \u00e9 uma marca l\u00edder de manuten\u00e7\u00e3o de autom\u00f3veis multimarca, com presen\u00e7a nos cinco continentes e mais de 2.200 oficinas abertas em todo o mundo.\u00a0Munida de um conhecimento t\u00e9cnico avan\u00e7ado e de uma equipa de profissionais altamente especializados, a marca assegura um amplo e variado leque de servi\u00e7os e produtos, todos concebidos sob &#8230; <a title=\"Midas\" class=\"read-more\" href=\"https:\/\/ordemdosfisioterapeutas.pt\/pt\/midas\/\" aria-label=\"Leia mais sobre Midas\">Ler mais<\/a><\/p>\n","protected":false},"author":1,"featured_media":0,"parent":0,"menu_order":0,"comment_status":"closed","ping_status":"closed","template":"","meta":{"footnotes":""},"class_list":["post-10690","page","type-page","status-publish"],"_links":{"self":[{"href":"https:\/\/ordemdosfisioterapeutas.pt\/pt\/wp-json\/wp\/v2\/pages\/10690","targetHints":{"allow":["GET"]}}],"collection":[{"href":"https:\/\/ordemdosfisioterapeutas.pt\/pt\/wp-json\/wp\/v2\/pages"}],"about":[{"href":"https:\/\/ordemdosfisioterapeutas.pt\/pt\/wp-json\/wp\/v2\/types\/page"}],"author":[{"embeddable":true,"href":"https:\/\/ordemdosfisioterapeutas.pt\/pt\/wp-json\/wp\/v2\/users\/1"}],"replies":[{"embeddable":true,"href":"https:\/\/ordemdosfisioterapeutas.pt\/pt\/wp-json\/wp\/v2\/comments?post=10690"}],"version-history":[{"count":9,"href":"https:\/\/ordemdosfisioterapeutas.pt\/pt\/wp-json\/wp\/v2\/pages\/10690\/revisions"}],"predecessor-version":[{"id":12465,"href":"https:\/\/ordemdosfisioterapeutas.pt\/pt\/wp-json\/wp\/v2\/pages\/10690\/revisions\/12465"}],"wp:attachment":[{"href":"https:\/\/ordemdosfisioterapeutas.pt\/pt\/wp-json\/wp\/v2\/media?parent=10690"}],"curies":[{"name":"wp","href":"https:\/\/api.w.org\/{rel}","templated":true}]}}