{"id":10684,"date":"2025-07-06T19:48:19","date_gmt":"2025-07-06T18:48:19","guid":{"rendered":"https:\/\/ordemdosfisioterapeutas.pt\/?page_id=10684"},"modified":"2026-04-09T21:16:46","modified_gmt":"2026-04-09T20:16:46","slug":"meo","status":"publish","type":"page","link":"https:\/\/ordemdosfisioterapeutas.pt\/pt\/meo\/","title":{"rendered":"MEO"},"content":{"rendered":"\t\t<div data-elementor-type=\"wp-page\" data-elementor-id=\"10684\" class=\"elementor elementor-10684\" data-elementor-post-type=\"page\">\n\t\t\t\t<div class=\"elementor-element elementor-element-9d3bc52 e-grid e-con-boxed e-con e-parent\" data-id=\"9d3bc52\" data-element_type=\"container\" data-e-type=\"container\">\n\t\t\t\t\t<div class=\"e-con-inner\">\n\t\t\t\t<div class=\"elementor-element elementor-element-4af41899 elementor-widget elementor-widget-image\" data-id=\"4af41899\" data-element_type=\"widget\" data-e-type=\"widget\" data-widget_type=\"image.default\">\n\t\t\t\t<div class=\"elementor-widget-container\">\n\t\t\t\t\t\t\t\t\t\t\t\t\t\t\t<img decoding=\"async\" src=\"https:\/\/ordemdosfisioterapeutas.pt\/wp-content\/uploads\/elementor\/thumbs\/logo__0006_meo-1-r8dfjbcnkv3alyhxvhm88bxews33ezd4fz267ukr28.png\" title=\"logo__0006_meo-1.png\" alt=\"logo__0006_meo-1.png\" loading=\"lazy\" \/>\t\t\t\t\t\t\t\t\t\t\t\t\t\t\t<\/div>\n\t\t\t\t<\/div>\n\t\t\t\t<div class=\"elementor-element elementor-element-42b65e6 elementor-widget elementor-widget-image\" data-id=\"42b65e6\" data-element_type=\"widget\" data-e-type=\"widget\" data-widget_type=\"image.default\">\n\t\t\t\t<div class=\"elementor-widget-container\">\n\t\t\t\t\t\t\t\t\t\t\t\t\t\t\t<img decoding=\"async\" src=\"https:\/\/ordemdosfisioterapeutas.pt\/wp-content\/uploads\/elementor\/thumbs\/parcerias-r1e5sfsz0l2px9fc2vf1dqmethbbh5ts4btblfpj40.png\" title=\"parcerias.png\" alt=\"parcerias.png\" loading=\"lazy\" \/>\t\t\t\t\t\t\t\t\t\t\t\t\t\t\t<\/div>\n\t\t\t\t<\/div>\n\t\t\t\t\t<\/div>\n\t\t\t\t<\/div>\n\t\t<div class=\"elementor-element elementor-element-266d1bcb e-flex e-con-boxed e-con e-parent\" data-id=\"266d1bcb\" data-element_type=\"container\" data-e-type=\"container\">\n\t\t\t\t\t<div class=\"e-con-inner\">\n\t\t\t\t<div class=\"elementor-element elementor-element-5e4fbff0 elementor-widget elementor-widget-heading\" data-id=\"5e4fbff0\" data-element_type=\"widget\" data-e-type=\"widget\" data-widget_type=\"heading.default\">\n\t\t\t\t<div class=\"elementor-widget-container\">\n\t\t\t\t\t<h2 class=\"elementor-heading-title elementor-size-default\">Descri\u00e7\u00e3o<\/h2>\t\t\t\t<\/div>\n\t\t\t\t<\/div>\n\t\t\t\t<div class=\"elementor-element elementor-element-40492fbe elementor-widget elementor-widget-text-editor\" data-id=\"40492fbe\" data-element_type=\"widget\" data-e-type=\"widget\" data-widget_type=\"text-editor.default\">\n\t\t\t\t<div class=\"elementor-widget-container\">\n\t\t\t\t\t\t\t\t\t<p>A MEO \u00e9 uma das principais empresas em telecomunica\u00e7\u00f5es em Portugal, oferecendo servi\u00e7os de televis\u00e3o, internet, telefone e solu\u00e7\u00f5es empresariais. Reconhecida pela inova\u00e7\u00e3o, qualidade de rede e proximidade com o cliente, aposta na moderniza\u00e7\u00e3o digital e responsabilidade social. A MEO contribui para o desenvolvimento econ\u00f3mico, pessoal e profissional da sociedade. Com foco na sustentabilidade e inclus\u00e3o digital, pretende alargar a sua base de clientes, refor\u00e7ando o papel central das comunica\u00e7\u00f5es eletr\u00f3nicas na transforma\u00e7\u00e3o tecnol\u00f3gica em Portugal.<\/p>\t\t\t\t\t\t\t\t<\/div>\n\t\t\t\t<\/div>\n\t\t\t\t\t<\/div>\n\t\t\t\t<\/div>\n\t\t<div class=\"elementor-element elementor-element-629539a6 condicoes e-flex e-con-boxed e-con e-parent\" data-id=\"629539a6\" data-element_type=\"container\" data-e-type=\"container\">\n\t\t\t\t\t<div class=\"e-con-inner\">\n\t\t\t\t<div class=\"elementor-element elementor-element-31db34a2 elementor-widget elementor-widget-heading\" data-id=\"31db34a2\" data-element_type=\"widget\" data-e-type=\"widget\" data-widget_type=\"heading.default\">\n\t\t\t\t<div class=\"elementor-widget-container\">\n\t\t\t\t\t<h2 class=\"elementor-heading-title elementor-size-default\">Condi\u00e7\u00f5es<\/h2>\t\t\t\t<\/div>\n\t\t\t\t<\/div>\n\t\t\t\t<div class=\"elementor-element elementor-element-aa91be5 elementor-widget elementor-widget-text-editor\" data-id=\"aa91be5\" data-element_type=\"widget\" data-e-type=\"widget\" data-widget_type=\"text-editor.default\">\n\t\t\t\t<div class=\"elementor-widget-container\">\n\t\t\t\t\t\t\t\t\t<p>\u2013 Desconto na mensalidade do servi\u00e7o MEO para colaboradores e respetivos familiares (ascendentes e descendentes em 1.\u00ba grau e c\u00f4njuge) de acordo com a campanha em vigor. Desconto aplic\u00e1vel durante 24 meses e v\u00e1lido para todas as tecnologias dispon\u00edveis: Fibra, ADSL e Sat\u00e9lite.<\/p><p>Aplic\u00e1vel a: <br \/>Novas ades\u00f5es ao servi\u00e7o MEO <br \/>Clientes atuais, mediante adi\u00e7\u00e3o de um servi\u00e7o (Televis\u00e3o, Internet, Telefone Fixo ou Telefone M\u00f3vel) e aceita\u00e7\u00e3o de novo per\u00edodo de fideliza\u00e7\u00e3o de 24 meses <br \/>O valor do desconto depende do pacote subscrito e incide sobre a tabela de pre\u00e7os em vigor \u00e0 data da ades\u00e3o.<\/p>\t\t\t\t\t\t\t\t<\/div>\n\t\t\t\t<\/div>\n\t\t\t\t<div class=\"elementor-element elementor-element-0f8587e elementor-widget elementor-widget-image\" data-id=\"0f8587e\" data-element_type=\"widget\" data-e-type=\"widget\" data-widget_type=\"image.default\">\n\t\t\t\t<div class=\"elementor-widget-container\">\n\t\t\t\t\t\t\t\t\t\t\t\t\t\t\t<img decoding=\"async\" src=\"https:\/\/ordemdosfisioterapeutas.pt\/wp-content\/uploads\/elementor\/thumbs\/CAMPANHA-PARCERIA-MEO-_-ORDEM-DOS-FISIOTERAPEUTAS-ABR26-scaled-rlrp5u0l9q6fnyz5rstopcabdvq1v8rkogygasmges.webp\" title=\"CAMPANHA PARCERIA MEO _ ORDEM DOS FISIOTERAPEUTAS ABR26\" alt=\"CAMPANHA PARCERIA MEO _ ORDEM DOS FISIOTERAPEUTAS ABR26\" loading=\"lazy\" \/>\t\t\t\t\t\t\t\t\t\t\t\t\t\t\t<\/div>\n\t\t\t\t<\/div>\n\t\t\t\t<div class=\"elementor-element elementor-element-00f7030 elementor-widget elementor-widget-text-editor\" data-id=\"00f7030\" data-element_type=\"widget\" data-e-type=\"widget\" data-widget_type=\"text-editor.default\">\n\t\t\t\t<div class=\"elementor-widget-container\">\n\t\t\t\t\t\t\t\t\t<p>Acesso ao benef\u00edcio: <br \/>Os requisitos de ades\u00e3o s\u00e3o a ades\u00e3o \u00e0 Fatura Eletr\u00f3nica e o pagamento por D\u00e9bito Direto.<br \/><br \/>Poder\u00e1 usufruir destas condi\u00e7\u00f5es especiais por:<br \/>1. Atendimento personalizado: Parcerias atrav\u00e9s do n\u00famero 800 207 918 (gr\u00e1tis para telefones fixos m\u00f3veis, dispon\u00edvel nos dias \u00fateis entre as 09:00 e as 20:00) <br \/>2. E-mail: parcerias@telecom.pt <br \/>3. Gestores Comerciais do Canal Parcerias, presentes nas instala\u00e7\u00f5es do Parceiro<\/p><p>No momento da ades\u00e3o, o membro ou o colaborador dever\u00e1 fornecer \u00e0 MEO os seus dados pessoais, nomeadamente Nome, NIF, CC, contato telef\u00f3nico e o n\u00famero de membro ou n\u00famero de funcion\u00e1rio.<\/p>\t\t\t\t\t\t\t\t<\/div>\n\t\t\t\t<\/div>\n\t\t\t\t\t<\/div>\n\t\t\t\t<\/div>\n\t\t<div class=\"elementor-element elementor-element-35110a7 condicoes-btn e-flex e-con-boxed e-con e-parent\" data-id=\"35110a7\" data-element_type=\"container\" data-e-type=\"container\">\n\t\t\t\t\t<div class=\"e-con-inner\">\n\t\t\t\t<div class=\"elementor-element elementor-element-9a2a980 elementor-align-right elementor-mobile-align-center elementor-widget elementor-widget-button\" data-id=\"9a2a980\" data-element_type=\"widget\" data-e-type=\"widget\" data-widget_type=\"button.default\">\n\t\t\t\t<div class=\"elementor-widget-container\">\n\t\t\t\t\t\t\t\t\t<div class=\"elementor-button-wrapper\">\n\t\t\t\t\t<a class=\"elementor-button elementor-button-link elementor-size-xs\" href=\"https:\/\/portal.ordemdosfisioterapeutas.pt\/of-auth\/?app_ref=e985d1b30a025a19af003c638a7f64a2\" target=\"_blank\">\n\t\t\t\t\t\t<span class=\"elementor-button-content-wrapper\">\n\t\t\t\t\t\t\t\t\t<span class=\"elementor-button-text\">Conhe\u00e7a as Condi\u00e7\u00f5es<\/span>\n\t\t\t\t\t<\/span>\n\t\t\t\t\t<\/a>\n\t\t\t\t<\/div>\n\t\t\t\t\t\t\t\t<\/div>\n\t\t\t\t<\/div>\n\t\t\t\t\t<\/div>\n\t\t\t\t<\/div>\n\t\t<div class=\"elementor-element elementor-element-8f5e632 e-flex e-con-boxed e-con e-parent\" data-id=\"8f5e632\" data-element_type=\"container\" data-e-type=\"container\">\n\t\t\t\t\t<div class=\"e-con-inner\">\n\t\t\t\t<div class=\"elementor-element elementor-element-58e93ba elementor-align-right elementor-mobile-align-center elementor-widget elementor-widget-button\" data-id=\"58e93ba\" data-element_type=\"widget\" data-e-type=\"widget\" data-widget_type=\"button.default\">\n\t\t\t\t<div class=\"elementor-widget-container\">\n\t\t\t\t\t\t\t\t\t<div class=\"elementor-button-wrapper\">\n\t\t\t\t\t<a class=\"elementor-button elementor-button-link elementor-size-xs\" href=\"https:\/\/ordemdosfisioterapeutas.pt\/pt\/parcerias\/\">\n\t\t\t\t\t\t<span class=\"elementor-button-content-wrapper\">\n\t\t\t\t\t\t\t\t\t<span class=\"elementor-button-text\">Voltar<\/span>\n\t\t\t\t\t<\/span>\n\t\t\t\t\t<\/a>\n\t\t\t\t<\/div>\n\t\t\t\t\t\t\t\t<\/div>\n\t\t\t\t<\/div>\n\t\t\t\t\t<\/div>\n\t\t\t\t<\/div>\n\t\t\t\t<\/div>\n\t\t","protected":false},"excerpt":{"rendered":"<p>Descri\u00e7\u00e3o A MEO \u00e9 uma das principais empresas em telecomunica\u00e7\u00f5es em Portugal, oferecendo servi\u00e7os de televis\u00e3o, internet, telefone e solu\u00e7\u00f5es empresariais. Reconhecida pela inova\u00e7\u00e3o, qualidade de rede e proximidade com o cliente, aposta na moderniza\u00e7\u00e3o digital e responsabilidade social. A MEO contribui para o desenvolvimento econ\u00f3mico, pessoal e profissional da sociedade. Com foco na sustentabilidade &#8230; <a title=\"MEO\" class=\"read-more\" href=\"https:\/\/ordemdosfisioterapeutas.pt\/pt\/meo\/\" aria-label=\"Leia mais sobre MEO\">Ler mais<\/a><\/p>\n","protected":false},"author":1,"featured_media":0,"parent":0,"menu_order":0,"comment_status":"closed","ping_status":"closed","template":"","meta":{"footnotes":""},"class_list":["post-10684","page","type-page","status-publish"],"_links":{"self":[{"href":"https:\/\/ordemdosfisioterapeutas.pt\/pt\/wp-json\/wp\/v2\/pages\/10684","targetHints":{"allow":["GET"]}}],"collection":[{"href":"https:\/\/ordemdosfisioterapeutas.pt\/pt\/wp-json\/wp\/v2\/pages"}],"about":[{"href":"https:\/\/ordemdosfisioterapeutas.pt\/pt\/wp-json\/wp\/v2\/types\/page"}],"author":[{"embeddable":true,"href":"https:\/\/ordemdosfisioterapeutas.pt\/pt\/wp-json\/wp\/v2\/users\/1"}],"replies":[{"embeddable":true,"href":"https:\/\/ordemdosfisioterapeutas.pt\/pt\/wp-json\/wp\/v2\/comments?post=10684"}],"version-history":[{"count":21,"href":"https:\/\/ordemdosfisioterapeutas.pt\/pt\/wp-json\/wp\/v2\/pages\/10684\/revisions"}],"predecessor-version":[{"id":13238,"href":"https:\/\/ordemdosfisioterapeutas.pt\/pt\/wp-json\/wp\/v2\/pages\/10684\/revisions\/13238"}],"wp:attachment":[{"href":"https:\/\/ordemdosfisioterapeutas.pt\/pt\/wp-json\/wp\/v2\/media?parent=10684"}],"curies":[{"name":"wp","href":"https:\/\/api.w.org\/{rel}","templated":true}]}}