{"id":10672,"date":"2025-07-06T19:34:52","date_gmt":"2025-07-06T18:34:52","guid":{"rendered":"https:\/\/ordemdosfisioterapeutas.pt\/?page_id=10672"},"modified":"2026-05-14T19:28:06","modified_gmt":"2026-05-14T18:28:06","slug":"cp","status":"publish","type":"page","link":"https:\/\/ordemdosfisioterapeutas.pt\/pt\/cp\/","title":{"rendered":"CP"},"content":{"rendered":"\t\t<div data-elementor-type=\"wp-page\" data-elementor-id=\"10672\" class=\"elementor elementor-10672\" data-elementor-post-type=\"page\">\n\t\t\t\t<div class=\"elementor-element elementor-element-7fee75cb e-grid e-con-boxed e-con e-parent\" data-id=\"7fee75cb\" data-element_type=\"container\" data-e-type=\"container\">\n\t\t\t\t\t<div class=\"e-con-inner\">\n\t\t\t\t<div class=\"elementor-element elementor-element-3d0a875e elementor-widget elementor-widget-image\" data-id=\"3d0a875e\" data-element_type=\"widget\" data-e-type=\"widget\" data-widget_type=\"image.default\">\n\t\t\t\t<div class=\"elementor-widget-container\">\n\t\t\t\t\t\t\t\t\t\t\t\t\t\t\t<img decoding=\"async\" src=\"https:\/\/ordemdosfisioterapeutas.pt\/wp-content\/uploads\/elementor\/thumbs\/logo__0005_CP-r8deyk2ynkoc7yne30lto2hyngeaflyil8f5ovcqgw.png\" title=\"logo__0005_CP.png\" alt=\"logo__0005_CP.png\" loading=\"lazy\" \/>\t\t\t\t\t\t\t\t\t\t\t\t\t\t\t<\/div>\n\t\t\t\t<\/div>\n\t\t\t\t<div class=\"elementor-element elementor-element-264c89a9 elementor-widget elementor-widget-image\" data-id=\"264c89a9\" data-element_type=\"widget\" data-e-type=\"widget\" data-widget_type=\"image.default\">\n\t\t\t\t<div class=\"elementor-widget-container\">\n\t\t\t\t\t\t\t\t\t\t\t\t\t\t\t<img decoding=\"async\" src=\"https:\/\/ordemdosfisioterapeutas.pt\/wp-content\/uploads\/elementor\/thumbs\/parcerias-r1e5sfsz0l2px9fc2vf1dqmethbbh5ts4btblfpj40.png\" title=\"parcerias.png\" alt=\"parcerias.png\" loading=\"lazy\" \/>\t\t\t\t\t\t\t\t\t\t\t\t\t\t\t<\/div>\n\t\t\t\t<\/div>\n\t\t\t\t\t<\/div>\n\t\t\t\t<\/div>\n\t\t<div class=\"elementor-element elementor-element-7ec7a0c9 e-flex e-con-boxed e-con e-parent\" data-id=\"7ec7a0c9\" data-element_type=\"container\" data-e-type=\"container\">\n\t\t\t\t\t<div class=\"e-con-inner\">\n\t\t\t\t<div class=\"elementor-element elementor-element-396776fd elementor-widget elementor-widget-heading\" data-id=\"396776fd\" data-element_type=\"widget\" data-e-type=\"widget\" data-widget_type=\"heading.default\">\n\t\t\t\t<div class=\"elementor-widget-container\">\n\t\t\t\t\t<h2 class=\"elementor-heading-title elementor-size-default\">Descri\u00e7\u00e3o<\/h2>\t\t\t\t<\/div>\n\t\t\t\t<\/div>\n\t\t\t\t<div class=\"elementor-element elementor-element-91cba87 elementor-widget elementor-widget-text-editor\" data-id=\"91cba87\" data-element_type=\"widget\" data-e-type=\"widget\" data-widget_type=\"text-editor.default\">\n\t\t\t\t<div class=\"elementor-widget-container\">\n\t\t\t\t\t\t\t\t\t<p>A CP \u2013 Comboios de Portugal \u00e9 o principal transportador terrestre de passageiros em Portugal, oferecendo uma vasta gama de servi\u00e7os que v\u00e3o desde liga\u00e7\u00f5es urbanas a rotas de longa dist\u00e2ncia. Com mais de 160 anos de hist\u00f3ria, a CP continua a inovar, focando-se na sustentabilidade, na moderniza\u00e7\u00e3o e na excel\u00eancia do servi\u00e7o. A empresa destaca-se pelo compromisso com a preserva\u00e7\u00e3o do ambiente e pelo refor\u00e7o da mobilidade nacional.<\/p>\t\t\t\t\t\t\t\t<\/div>\n\t\t\t\t<\/div>\n\t\t\t\t\t<\/div>\n\t\t\t\t<\/div>\n\t\t<div class=\"elementor-element elementor-element-38eb8d1 condicoes e-flex e-con-boxed e-con e-parent\" data-id=\"38eb8d1\" data-element_type=\"container\" data-e-type=\"container\">\n\t\t\t\t\t<div class=\"e-con-inner\">\n\t\t\t\t<div class=\"elementor-element elementor-element-50820fc9 elementor-widget elementor-widget-heading\" data-id=\"50820fc9\" data-element_type=\"widget\" data-e-type=\"widget\" data-widget_type=\"heading.default\">\n\t\t\t\t<div class=\"elementor-widget-container\">\n\t\t\t\t\t<h2 class=\"elementor-heading-title elementor-size-default\">Condi\u00e7\u00f5es<\/h2>\t\t\t\t<\/div>\n\t\t\t\t<\/div>\n\t\t\t\t<div class=\"elementor-element elementor-element-b7ba58c elementor-widget elementor-widget-image\" data-id=\"b7ba58c\" data-element_type=\"widget\" data-e-type=\"widget\" data-widget_type=\"image.default\">\n\t\t\t\t<div class=\"elementor-widget-container\">\n\t\t\t\t\t\t\t\t\t\t\t\t\t\t\t<img decoding=\"async\" src=\"https:\/\/ordemdosfisioterapeutas.pt\/wp-content\/uploads\/elementor\/thumbs\/ORDEM-FISIOTERAPEUTAS_381x450px-01-rnghqyfhvqjq1ldomtysl6i41y60dg4d6f5iaf7eh8.jpg\" title=\"ORDEM-FISIOTERAPEUTAS_381x450px-01\" alt=\"ORDEM-FISIOTERAPEUTAS_381x450px-01\" loading=\"lazy\" \/>\t\t\t\t\t\t\t\t\t\t\t\t\t\t\t<\/div>\n\t\t\t\t<\/div>\n\t\t\t\t<div class=\"elementor-element elementor-element-119e6b91 elementor-widget elementor-widget-text-editor\" data-id=\"119e6b91\" data-element_type=\"widget\" data-e-type=\"widget\" data-widget_type=\"text-editor.default\">\n\t\t\t\t<div class=\"elementor-widget-container\">\n\t\t\t\t\t\t\t\t\t<p>\u2013 Desconto de 15% sobre os pre\u00e7os simples em vigor na CP, aplic\u00e1vel a bilhetes de Classe Conforto (Alfa Pendular) ou 1.\u00aa Classe (Intercidades) <br \/>V\u00e1lido para membros e funcion\u00e1rios.<br \/>Sujeito a disponibilidade de lugares nos comboios Alfa Pendular e Intercidades <br \/>O valor do bilhete \u00e9 arredondado aos cinquenta c\u00eantimos superiores <br \/>Desconto aplicado no momento da aquisi\u00e7\u00e3o do bilhete e, n\u00e3o \u00e9 cumul\u00e1vel com quaisquer outros.<br \/><br \/>Acesso ao benef\u00edcio:<\/p><p>A aquisi\u00e7\u00e3o de bilhetes pode ser realizada pelas seguintes formas: <br \/>1. Nas bilheteiras das Esta\u00e7\u00f5es com venda de bilhetes Alfa Pendular e Intercidades &#8211; Para o efeito, o requisitante dever\u00e1 apresentar nas bilheteiras a C\u00e9dula Profissional da Ordem dos Fisioterapeutas. <br \/>2. Atrav\u00e9s da Internet (site ou app CP) &#8211; Para o efeito, o requisitante dever\u00e1 utilizar o c\u00f3digo de desconto &#8220;33969&#8221;<br \/>3. Atrav\u00e9s das m\u00e1quinas de venda autom\u00e1tica existentes nas Esta\u00e7\u00f5es. <br \/>4. Atrav\u00e9s das ag\u00eancias de viagens credenciadas para venda de t\u00edtulos de transporte CP e autoriza\u00e7\u00e3o pr\u00e9via para a emiss\u00e3o de bilhetes com desconto \u201cORDEM FISIOTERAPEUTAS\u201d. O Membro da Ordem dos Fisioterapeutas deve obrigatoriamente referir que \u00e9 um bilhete ao abrigo do Protocolo celebrado com a CP e deve indicar o nome do Cliente que viaja. <br \/><br \/>No decurso da viagem \u00e9 obrigat\u00f3rio a apresenta\u00e7\u00e3o da C\u00e9dula Profissional da Ordem dos Fisioterapeutas e do documento comprovativo da sua identidade, se solicitado.<\/p>\t\t\t\t\t\t\t\t<\/div>\n\t\t\t\t<\/div>\n\t\t\t\t\t<\/div>\n\t\t\t\t<\/div>\n\t\t<div class=\"elementor-element elementor-element-b9f6b39 condicoes-btn e-flex e-con-boxed e-con e-parent\" data-id=\"b9f6b39\" data-element_type=\"container\" data-e-type=\"container\">\n\t\t\t\t\t<div class=\"e-con-inner\">\n\t\t\t\t<div class=\"elementor-element elementor-element-44316e3 elementor-align-right elementor-mobile-align-center elementor-widget elementor-widget-button\" data-id=\"44316e3\" data-element_type=\"widget\" data-e-type=\"widget\" data-widget_type=\"button.default\">\n\t\t\t\t<div class=\"elementor-widget-container\">\n\t\t\t\t\t\t\t\t\t<div class=\"elementor-button-wrapper\">\n\t\t\t\t\t<a class=\"elementor-button elementor-button-link elementor-size-xs\" href=\"https:\/\/portal.ordemdosfisioterapeutas.pt\/of-auth\/?app_ref=e985d1b30a025a19af003c638a7f64a2\" target=\"_blank\">\n\t\t\t\t\t\t<span class=\"elementor-button-content-wrapper\">\n\t\t\t\t\t\t\t\t\t<span class=\"elementor-button-text\">Conhe\u00e7a as Condi\u00e7\u00f5es<\/span>\n\t\t\t\t\t<\/span>\n\t\t\t\t\t<\/a>\n\t\t\t\t<\/div>\n\t\t\t\t\t\t\t\t<\/div>\n\t\t\t\t<\/div>\n\t\t\t\t\t<\/div>\n\t\t\t\t<\/div>\n\t\t<div class=\"elementor-element elementor-element-a97dc5d e-flex e-con-boxed e-con e-parent\" data-id=\"a97dc5d\" data-element_type=\"container\" data-e-type=\"container\">\n\t\t\t\t\t<div class=\"e-con-inner\">\n\t\t\t\t<div class=\"elementor-element elementor-element-ad5c61a elementor-align-right elementor-mobile-align-center elementor-widget elementor-widget-button\" data-id=\"ad5c61a\" data-element_type=\"widget\" data-e-type=\"widget\" data-widget_type=\"button.default\">\n\t\t\t\t<div class=\"elementor-widget-container\">\n\t\t\t\t\t\t\t\t\t<div class=\"elementor-button-wrapper\">\n\t\t\t\t\t<a class=\"elementor-button elementor-button-link elementor-size-xs\" href=\"https:\/\/ordemdosfisioterapeutas.pt\/pt\/parcerias\/\">\n\t\t\t\t\t\t<span class=\"elementor-button-content-wrapper\">\n\t\t\t\t\t\t\t\t\t<span class=\"elementor-button-text\">Voltar<\/span>\n\t\t\t\t\t<\/span>\n\t\t\t\t\t<\/a>\n\t\t\t\t<\/div>\n\t\t\t\t\t\t\t\t<\/div>\n\t\t\t\t<\/div>\n\t\t\t\t\t<\/div>\n\t\t\t\t<\/div>\n\t\t\t\t<\/div>\n\t\t","protected":false},"excerpt":{"rendered":"<p>Descri\u00e7\u00e3o A CP \u2013 Comboios de Portugal \u00e9 o principal transportador terrestre de passageiros em Portugal, oferecendo uma vasta gama de servi\u00e7os que v\u00e3o desde liga\u00e7\u00f5es urbanas a rotas de longa dist\u00e2ncia. Com mais de 160 anos de hist\u00f3ria, a CP continua a inovar, focando-se na sustentabilidade, na moderniza\u00e7\u00e3o e na excel\u00eancia do servi\u00e7o. A &#8230; <a title=\"CP\" class=\"read-more\" href=\"https:\/\/ordemdosfisioterapeutas.pt\/pt\/cp\/\" aria-label=\"Leia mais sobre CP\">Ler mais<\/a><\/p>\n","protected":false},"author":1,"featured_media":0,"parent":0,"menu_order":0,"comment_status":"closed","ping_status":"closed","template":"","meta":{"footnotes":""},"class_list":["post-10672","page","type-page","status-publish"],"_links":{"self":[{"href":"https:\/\/ordemdosfisioterapeutas.pt\/pt\/wp-json\/wp\/v2\/pages\/10672","targetHints":{"allow":["GET"]}}],"collection":[{"href":"https:\/\/ordemdosfisioterapeutas.pt\/pt\/wp-json\/wp\/v2\/pages"}],"about":[{"href":"https:\/\/ordemdosfisioterapeutas.pt\/pt\/wp-json\/wp\/v2\/types\/page"}],"author":[{"embeddable":true,"href":"https:\/\/ordemdosfisioterapeutas.pt\/pt\/wp-json\/wp\/v2\/users\/1"}],"replies":[{"embeddable":true,"href":"https:\/\/ordemdosfisioterapeutas.pt\/pt\/wp-json\/wp\/v2\/comments?post=10672"}],"version-history":[{"count":3,"href":"https:\/\/ordemdosfisioterapeutas.pt\/pt\/wp-json\/wp\/v2\/pages\/10672\/revisions"}],"predecessor-version":[{"id":13497,"href":"https:\/\/ordemdosfisioterapeutas.pt\/pt\/wp-json\/wp\/v2\/pages\/10672\/revisions\/13497"}],"wp:attachment":[{"href":"https:\/\/ordemdosfisioterapeutas.pt\/pt\/wp-json\/wp\/v2\/media?parent=10672"}],"curies":[{"name":"wp","href":"https:\/\/api.w.org\/{rel}","templated":true}]}}