{"id":10065,"date":"2025-03-23T16:03:15","date_gmt":"2025-03-23T16:03:15","guid":{"rendered":"https:\/\/ordemdosfisioterapeutas.pt\/?page_id=10065"},"modified":"2026-03-10T21:36:25","modified_gmt":"2026-03-10T21:36:25","slug":"perguntas-frequentes-cidadao","status":"publish","type":"page","link":"https:\/\/ordemdosfisioterapeutas.pt\/pt\/perguntas-frequentes-cidadao\/","title":{"rendered":"Perguntas Frequentes"},"content":{"rendered":"\t\t<div data-elementor-type=\"wp-page\" data-elementor-id=\"10065\" class=\"elementor elementor-10065\" data-elementor-post-type=\"page\">\n\t\t\t\t<div class=\"elementor-element elementor-element-5691d27f e-flex e-con-boxed e-con e-parent\" data-id=\"5691d27f\" data-element_type=\"container\" data-e-type=\"container\">\n\t\t\t\t\t<div class=\"e-con-inner\">\n\t\t\t\t<div class=\"elementor-element elementor-element-4af0ce2d elementor-widget elementor-widget-toggle\" data-id=\"4af0ce2d\" data-element_type=\"widget\" data-e-type=\"widget\" data-widget_type=\"toggle.default\">\n\t\t\t\t<div class=\"elementor-widget-container\">\n\t\t\t\t\t\t\t<div class=\"elementor-toggle\">\n\t\t\t\t\t\t\t<div class=\"elementor-toggle-item\">\n\t\t\t\t\t<div id=\"elementor-tab-title-1251\" class=\"elementor-tab-title\" data-tab=\"1\" role=\"button\" aria-controls=\"elementor-tab-content-1251\" aria-expanded=\"false\">\n\t\t\t\t\t\t\t\t\t\t\t\t<span class=\"elementor-toggle-icon elementor-toggle-icon-left\" aria-hidden=\"true\">\n\t\t\t\t\t\t\t\t\t\t\t\t\t\t\t<span class=\"elementor-toggle-icon-closed\"><i class=\"fas fa-caret-right\"><\/i><\/span>\n\t\t\t\t\t\t\t\t<span class=\"elementor-toggle-icon-opened\"><i class=\"elementor-toggle-icon-opened fas fa-caret-up\"><\/i><\/span>\n\t\t\t\t\t\t\t\t\t\t\t\t\t<\/span>\n\t\t\t\t\t\t\t\t\t\t\t\t<a class=\"elementor-toggle-title\" tabindex=\"0\">Como posso ter a certeza de que uma pessoa \u00e9 mesmo Fisioterapeuta?<\/a>\n\t\t\t\t\t<\/div>\n\n\t\t\t\t\t<div id=\"elementor-tab-content-1251\" class=\"elementor-tab-content elementor-clearfix\" data-tab=\"1\" role=\"region\" aria-labelledby=\"elementor-tab-title-1251\"><p>Todos os fisioterapeutas s\u00e3o detentores de uma c\u00e9dula profissional emitida pela Ordem dos Fisioterapeutas. Caso pretenda confirmar se uma interven\u00e7\u00e3o est\u00e1 a ser realizada por um fisioterapeuta devidamente habilitado, pode solicitar a apresenta\u00e7\u00e3o da respetiva c\u00e9dula profissional.<\/p><p>A Ordem dos Fisioterapeutas aconselha os cidad\u00e3os a pedirem a c\u00e9dula profissional no in\u00edcio da interven\u00e7\u00e3o de fisioterapia.<\/p><p>Pode ainda procurar o seu fisioterapeuta no Diret\u00f3rio dispon\u00edvel no site da Ordem dos Fisioterapeutas.<\/p><\/div>\n\t\t\t\t<\/div>\n\t\t\t\t\t\t\t<div class=\"elementor-toggle-item\">\n\t\t\t\t\t<div id=\"elementor-tab-title-1252\" class=\"elementor-tab-title\" data-tab=\"2\" role=\"button\" aria-controls=\"elementor-tab-content-1252\" aria-expanded=\"false\">\n\t\t\t\t\t\t\t\t\t\t\t\t<span class=\"elementor-toggle-icon elementor-toggle-icon-left\" aria-hidden=\"true\">\n\t\t\t\t\t\t\t\t\t\t\t\t\t\t\t<span class=\"elementor-toggle-icon-closed\"><i class=\"fas fa-caret-right\"><\/i><\/span>\n\t\t\t\t\t\t\t\t<span class=\"elementor-toggle-icon-opened\"><i class=\"elementor-toggle-icon-opened fas fa-caret-up\"><\/i><\/span>\n\t\t\t\t\t\t\t\t\t\t\t\t\t<\/span>\n\t\t\t\t\t\t\t\t\t\t\t\t<a class=\"elementor-toggle-title\" tabindex=\"0\">O que um Fisioterapeuta pode fazer por mim?<\/a>\n\t\t\t\t\t<\/div>\n\n\t\t\t\t\t<div id=\"elementor-tab-content-1252\" class=\"elementor-tab-content elementor-clearfix\" data-tab=\"2\" role=\"region\" aria-labelledby=\"elementor-tab-title-1252\"><p>O fisioterapeuta ajud\u00e1-lo-\u00e1 com interven\u00e7\u00f5es espec\u00edficas da Fisioterapia, centradas na promo\u00e7\u00e3o do movimento e da funcionalidade. A Fisioterapia define-se como o estudo, a preven\u00e7\u00e3o, o diagn\u00f3stico e o tratamento de condi\u00e7\u00f5es de sa\u00fade que afetam as estruturas e fun\u00e7\u00f5es do sistema do movimento, bem como a funcionalidade de pessoas, grupos ou comunidades.<\/p><p>Quando procura um fisioterapeuta inscrito na Ordem, est\u00e1 a recorrer a um profissional de sa\u00fade devidamente qualificado, que deve atuar dentro de padr\u00f5es de qualidade e sujeito a um <span style=\"text-decoration: underline;\"><a href=\"https:\/\/ordemdosfisioterapeutas.pt\/wp-content\/uploads\/2023\/05\/codigo-dre.pdf\" target=\"_blank\" rel=\"noopener\">C\u00f3digo Deontol\u00f3gico<\/a><\/span>, a um <span style=\"text-decoration: underline;\"><a href=\"https:\/\/ordemdosfisioterapeutas.pt\/wp-content\/uploads\/2023\/05\/regulamento-disciplinar-dre.pdf\" target=\"_blank\" rel=\"noopener\">Regulamento Disciplinar<\/a><\/span> e \u00e0 garantia de um seguro de responsabilidade civil profissional.<\/p><\/div>\n\t\t\t\t<\/div>\n\t\t\t\t\t\t\t<div class=\"elementor-toggle-item\">\n\t\t\t\t\t<div id=\"elementor-tab-title-1253\" class=\"elementor-tab-title\" data-tab=\"3\" role=\"button\" aria-controls=\"elementor-tab-content-1253\" aria-expanded=\"false\">\n\t\t\t\t\t\t\t\t\t\t\t\t<span class=\"elementor-toggle-icon elementor-toggle-icon-left\" aria-hidden=\"true\">\n\t\t\t\t\t\t\t\t\t\t\t\t\t\t\t<span class=\"elementor-toggle-icon-closed\"><i class=\"fas fa-caret-right\"><\/i><\/span>\n\t\t\t\t\t\t\t\t<span class=\"elementor-toggle-icon-opened\"><i class=\"elementor-toggle-icon-opened fas fa-caret-up\"><\/i><\/span>\n\t\t\t\t\t\t\t\t\t\t\t\t\t<\/span>\n\t\t\t\t\t\t\t\t\t\t\t\t<a class=\"elementor-toggle-title\" tabindex=\"0\">O fisioterapeuta pode realizar sess\u00f5es na sua pr\u00f3pria casa?<\/a>\n\t\t\t\t\t<\/div>\n\n\t\t\t\t\t<div id=\"elementor-tab-content-1253\" class=\"elementor-tab-content elementor-clearfix\" data-tab=\"3\" role=\"region\" aria-labelledby=\"elementor-tab-title-1253\"><p>N\u00e3o. O fisioterapeuta n\u00e3o pode realizar sess\u00f5es de fisioterapia na sua pr\u00f3pria casa, exceto se esta dispuser de instala\u00e7\u00f5es com acessos e \u00e1reas reservadas aut\u00f3nomas, devidamente adequadas e licenciadas.<\/p><\/div>\n\t\t\t\t<\/div>\n\t\t\t\t\t\t\t<div class=\"elementor-toggle-item\">\n\t\t\t\t\t<div id=\"elementor-tab-title-1254\" class=\"elementor-tab-title\" data-tab=\"4\" role=\"button\" aria-controls=\"elementor-tab-content-1254\" aria-expanded=\"false\">\n\t\t\t\t\t\t\t\t\t\t\t\t<span class=\"elementor-toggle-icon elementor-toggle-icon-left\" aria-hidden=\"true\">\n\t\t\t\t\t\t\t\t\t\t\t\t\t\t\t<span class=\"elementor-toggle-icon-closed\"><i class=\"fas fa-caret-right\"><\/i><\/span>\n\t\t\t\t\t\t\t\t<span class=\"elementor-toggle-icon-opened\"><i class=\"elementor-toggle-icon-opened fas fa-caret-up\"><\/i><\/span>\n\t\t\t\t\t\t\t\t\t\t\t\t\t<\/span>\n\t\t\t\t\t\t\t\t\t\t\t\t<a class=\"elementor-toggle-title\" tabindex=\"0\">O fisioterapeuta pode realizar sess\u00f5es em casa da pessoa que recorre aos seus servi\u00e7os?<\/a>\n\t\t\t\t\t<\/div>\n\n\t\t\t\t\t<div id=\"elementor-tab-content-1254\" class=\"elementor-tab-content elementor-clearfix\" data-tab=\"4\" role=\"region\" aria-labelledby=\"elementor-tab-title-1254\"><p>Sim. Os fisioterapeutas legalmente habilitados podem realizar sess\u00f5es de fisioterapia no domic\u00edlio do utente.<\/p><p>Para o efeito, devem estar registados na ERS como unidade m\u00f3vel e cumprir todas as normas aplic\u00e1veis a este tipo de estrutura, incluindo, por exemplo, a disponibiliza\u00e7\u00e3o de livro de reclama\u00e7\u00f5es.<\/p><\/div>\n\t\t\t\t<\/div>\n\t\t\t\t\t\t\t<div class=\"elementor-toggle-item\">\n\t\t\t\t\t<div id=\"elementor-tab-title-1255\" class=\"elementor-tab-title\" data-tab=\"5\" role=\"button\" aria-controls=\"elementor-tab-content-1255\" aria-expanded=\"false\">\n\t\t\t\t\t\t\t\t\t\t\t\t<span class=\"elementor-toggle-icon elementor-toggle-icon-left\" aria-hidden=\"true\">\n\t\t\t\t\t\t\t\t\t\t\t\t\t\t\t<span class=\"elementor-toggle-icon-closed\"><i class=\"fas fa-caret-right\"><\/i><\/span>\n\t\t\t\t\t\t\t\t<span class=\"elementor-toggle-icon-opened\"><i class=\"elementor-toggle-icon-opened fas fa-caret-up\"><\/i><\/span>\n\t\t\t\t\t\t\t\t\t\t\t\t\t<\/span>\n\t\t\t\t\t\t\t\t\t\t\t\t<a class=\"elementor-toggle-title\" tabindex=\"0\">O fisioterapeuta pode realizar consultas de Fisioterapia online?<\/a>\n\t\t\t\t\t<\/div>\n\n\t\t\t\t\t<div id=\"elementor-tab-content-1255\" class=\"elementor-tab-content elementor-clearfix\" data-tab=\"5\" role=\"region\" aria-labelledby=\"elementor-tab-title-1255\"><p>Sim. Os fisioterapeutas legalmente habilitados podem realizar consultas de fisioterapia online, desde que estejam registados na ERS como unidade de telemedicina e cumpram todas as normas aplic\u00e1veis a este tipo de estrutura, incluindo, por exemplo, a disponibiliza\u00e7\u00e3o de livro de reclama\u00e7\u00f5es.<\/p><\/div>\n\t\t\t\t<\/div>\n\t\t\t\t\t\t\t<div class=\"elementor-toggle-item\">\n\t\t\t\t\t<div id=\"elementor-tab-title-1256\" class=\"elementor-tab-title\" data-tab=\"6\" role=\"button\" aria-controls=\"elementor-tab-content-1256\" aria-expanded=\"false\">\n\t\t\t\t\t\t\t\t\t\t\t\t<span class=\"elementor-toggle-icon elementor-toggle-icon-left\" aria-hidden=\"true\">\n\t\t\t\t\t\t\t\t\t\t\t\t\t\t\t<span class=\"elementor-toggle-icon-closed\"><i class=\"fas fa-caret-right\"><\/i><\/span>\n\t\t\t\t\t\t\t\t<span class=\"elementor-toggle-icon-opened\"><i class=\"elementor-toggle-icon-opened fas fa-caret-up\"><\/i><\/span>\n\t\t\t\t\t\t\t\t\t\t\t\t\t<\/span>\n\t\t\t\t\t\t\t\t\t\t\t\t<a class=\"elementor-toggle-title\" tabindex=\"0\">Os Fisioterapeutas devem explicar, numa primeira sess\u00e3o de tratamento, qual o m\u00e9todo que utilizam e v\u00e3o utilizar ao longo da sua interven\u00e7\u00e3o?<\/a>\n\t\t\t\t\t<\/div>\n\n\t\t\t\t\t<div id=\"elementor-tab-content-1256\" class=\"elementor-tab-content elementor-clearfix\" data-tab=\"6\" role=\"region\" aria-labelledby=\"elementor-tab-title-1256\"><p>O fisioterapeuta tem o dever de esclarecimento, a fim de permitir uma escolha informada. O utente, ou quem esteja autorizado para o efeito, tem o direito a ser informado sobre a finalidade e natureza da interven\u00e7\u00e3o, bem como o direito a consentir, recusar ou revogar o consentimento relativamente \u00e0 interven\u00e7\u00e3o.<\/p><p>O artigo 11.\u00ba do Cap\u00edtulo IX do C\u00f3digo Deontol\u00f3gico do Fisioterapeuta, que pode ser consultado aqui, \u00e9 dedicado ao consentimento informado dos utentes.<\/p><p>Existe um procedimento de registo e an\u00e1lise de todas as reclama\u00e7\u00f5es apresentadas, dependendo da sua natureza, que obriga a uma resposta \u00e0 pessoa ou entidade que apresentou a reclama\u00e7\u00e3o, e ao respetivo encaminhamento.<\/p><p>Se pretender apresentar uma participa\u00e7\u00e3o\/ reclama\u00e7\u00e3o\/ den\u00fancia relativa a um(a) Fisioterapeuta, preencha o formul\u00e1rio dispon\u00edvel <span style=\"text-decoration: underline;\"><a href=\"https:\/\/ordemdosfisioterapeutas.pt\/wp-content\/uploads\/2025\/10\/Formulario-de-Participacao_-Reclamacao_-Denuncia-OF_CJ_14102025.pdf\" target=\"_blank\" rel=\"noopener\">aqui<\/a><\/span> <i>e envie-o para <span style=\"text-decoration: underline;\"><a href=\"mailto:geral@ordemdosfisioterapeutas.pt\" target=\"_blank\" rel=\"noopener\">geral@ordemdosfisioterapeutas.pt<\/a><\/span>.<\/i><\/p><\/div>\n\t\t\t\t<\/div>\n\t\t\t\t\t\t\t<div class=\"elementor-toggle-item\">\n\t\t\t\t\t<div id=\"elementor-tab-title-1257\" class=\"elementor-tab-title\" data-tab=\"7\" role=\"button\" aria-controls=\"elementor-tab-content-1257\" aria-expanded=\"false\">\n\t\t\t\t\t\t\t\t\t\t\t\t<span class=\"elementor-toggle-icon elementor-toggle-icon-left\" aria-hidden=\"true\">\n\t\t\t\t\t\t\t\t\t\t\t\t\t\t\t<span class=\"elementor-toggle-icon-closed\"><i class=\"fas fa-caret-right\"><\/i><\/span>\n\t\t\t\t\t\t\t\t<span class=\"elementor-toggle-icon-opened\"><i class=\"elementor-toggle-icon-opened fas fa-caret-up\"><\/i><\/span>\n\t\t\t\t\t\t\t\t\t\t\t\t\t<\/span>\n\t\t\t\t\t\t\t\t\t\t\t\t<a class=\"elementor-toggle-title\" tabindex=\"0\">A Fisioterapia s\u00f3 atua para tratar a dor?<\/a>\n\t\t\t\t\t<\/div>\n\n\t\t\t\t\t<div id=\"elementor-tab-content-1257\" class=\"elementor-tab-content elementor-clearfix\" data-tab=\"7\" role=\"region\" aria-labelledby=\"elementor-tab-title-1257\"><p>N\u00e3o. Embora a dor seja um sintoma frequente e relevante, a Fisioterapia n\u00e3o se limita ao seu tratamento.<\/p><p>A Fisioterapia \u00e9 uma profiss\u00e3o da \u00e1rea da sa\u00fade centrada na promo\u00e7\u00e3o, preven\u00e7\u00e3o, avalia\u00e7\u00e3o, tratamento, habilita\u00e7\u00e3o, reabilita\u00e7\u00e3o e manuten\u00e7\u00e3o da funcionalidade e do movimento. A interven\u00e7\u00e3o ocorre em diversas \u00e1reas da pr\u00e1tica cl\u00ednica.<\/p><\/div>\n\t\t\t\t<\/div>\n\t\t\t\t\t\t\t<div class=\"elementor-toggle-item\">\n\t\t\t\t\t<div id=\"elementor-tab-title-1258\" class=\"elementor-tab-title\" data-tab=\"8\" role=\"button\" aria-controls=\"elementor-tab-content-1258\" aria-expanded=\"false\">\n\t\t\t\t\t\t\t\t\t\t\t\t<span class=\"elementor-toggle-icon elementor-toggle-icon-left\" aria-hidden=\"true\">\n\t\t\t\t\t\t\t\t\t\t\t\t\t\t\t<span class=\"elementor-toggle-icon-closed\"><i class=\"fas fa-caret-right\"><\/i><\/span>\n\t\t\t\t\t\t\t\t<span class=\"elementor-toggle-icon-opened\"><i class=\"elementor-toggle-icon-opened fas fa-caret-up\"><\/i><\/span>\n\t\t\t\t\t\t\t\t\t\t\t\t\t<\/span>\n\t\t\t\t\t\t\t\t\t\t\t\t<a class=\"elementor-toggle-title\" tabindex=\"0\">Conhe\u00e7o uma pessoa que faz Fisioterapia, mas n\u00e3o \u00e9 Fisioterapeuta. \u00c9 legal?<\/a>\n\t\t\t\t\t<\/div>\n\n\t\t\t\t\t<div id=\"elementor-tab-content-1258\" class=\"elementor-tab-content elementor-clearfix\" data-tab=\"8\" role=\"region\" aria-labelledby=\"elementor-tab-title-1258\"><p>N\u00e3o. A Fisioterapia s\u00f3 pode ser exercida por fisioterapeutas.<\/p><p>A realiza\u00e7\u00e3o de atos de fisioterapia por quem n\u00e3o \u00e9 fisioterapeuta pode configurar usurpa\u00e7\u00e3o de fun\u00e7\u00f5es e deve ser denunciada.<\/p><p>Fique a saber o que fazer nessa situa\u00e7\u00e3o <span style=\"text-decoration: underline;\"><a href=\"https:\/\/ordemdosfisioterapeutas.pt\/pt\/participacao-reclamacao-ou-denuncia\/\" target=\"_blank\" rel=\"noopener\">aqui<\/a><\/span>.<\/p><p>Recorde-se que as participa\u00e7\u00f5es, reclama\u00e7\u00f5es ou den\u00fancias de casos de usurpa\u00e7\u00e3o do t\u00edtulo profissional s\u00e3o uma das atribui\u00e7\u00f5es da Ordem dos Fisioterapeutas. Como entidade reguladora da profiss\u00e3o, a Ordem procura garantir que o exerc\u00edcio da profiss\u00e3o \u00e9 realizado apenas por profissionais competentes e qualificados, assegurando a prote\u00e7\u00e3o e seguran\u00e7a do cidad\u00e3o.<\/p><\/div>\n\t\t\t\t<\/div>\n\t\t\t\t\t\t\t<div class=\"elementor-toggle-item\">\n\t\t\t\t\t<div id=\"elementor-tab-title-1259\" class=\"elementor-tab-title\" data-tab=\"9\" role=\"button\" aria-controls=\"elementor-tab-content-1259\" aria-expanded=\"false\">\n\t\t\t\t\t\t\t\t\t\t\t\t<span class=\"elementor-toggle-icon elementor-toggle-icon-left\" aria-hidden=\"true\">\n\t\t\t\t\t\t\t\t\t\t\t\t\t\t\t<span class=\"elementor-toggle-icon-closed\"><i class=\"fas fa-caret-right\"><\/i><\/span>\n\t\t\t\t\t\t\t\t<span class=\"elementor-toggle-icon-opened\"><i class=\"elementor-toggle-icon-opened fas fa-caret-up\"><\/i><\/span>\n\t\t\t\t\t\t\t\t\t\t\t\t\t<\/span>\n\t\t\t\t\t\t\t\t\t\t\t\t<a class=\"elementor-toggle-title\" tabindex=\"0\">A Ordem dos Fisioterapeutas recebe reclama\u00e7\u00f5es ou queixas por parte do p\u00fablico?<\/a>\n\t\t\t\t\t<\/div>\n\n\t\t\t\t\t<div id=\"elementor-tab-content-1259\" class=\"elementor-tab-content elementor-clearfix\" data-tab=\"9\" role=\"region\" aria-labelledby=\"elementor-tab-title-1259\"><p>Sim. Uma das fun\u00e7\u00f5es estatut\u00e1rias da Ordem dos Fisioterapeutas consiste na defesa dos interesses gerais dos utentes dos servi\u00e7os prestados pelos seus membros, assegurando e fazendo respeitar o direito dos cidad\u00e3os \u00e0 sa\u00fade.<\/p><p>A Ordem dos Fisioterapeutas possui um Conselho Jurisdicional que, entre outras compet\u00eancias, pode instruir e julgar processos disciplinares contra os membros da Ordem.<\/p><p>Existe um procedimento de registo e an\u00e1lise de todas as reclama\u00e7\u00f5es apresentadas, dependendo da sua natureza, que obriga a uma resposta \u00e0 pessoa ou entidade que apresentou a reclama\u00e7\u00e3o e ao respetivo encaminhamento.<\/p><p>Se pretender apresentar uma participa\u00e7\u00e3o, reclama\u00e7\u00e3o ou den\u00fancia relativa a um(a) fisioterapeuta, preencha o formul\u00e1rio dispon\u00edvel <span style=\"text-decoration: underline;\"><a href=\"https:\/\/ordemdosfisioterapeutas.pt\/wp-content\/uploads\/2025\/10\/Formulario-de-Participacao_-Reclamacao_-Denuncia-OF_CJ_14102025.pdf\" target=\"_blank\" rel=\"noopener\">aqui<\/a><\/span> e envie-o para geral@ordemdosfisioterapeutas.pt.<\/p><p>Conhe\u00e7a outros canais de participa\u00e7\u00e3o, reclama\u00e7\u00e3o ou den\u00fancia <span style=\"text-decoration: underline;\"><a href=\"https:\/\/ordemdosfisioterapeutas.pt\/pt\/participacao-reclamacao-ou-denuncia\/\" target=\"_blank\" rel=\"noopener\">aqui<\/a><\/span>.<\/p><\/div>\n\t\t\t\t<\/div>\n\t\t\t\t\t\t\t\t<\/div>\n\t\t\t\t\t\t<\/div>\n\t\t\t\t<\/div>\n\t\t\t\t\t<\/div>\n\t\t\t\t<\/div>\n\t\t\t\t<\/div>\n\t\t","protected":false},"excerpt":{"rendered":"<p>Como posso ter a certeza de que uma pessoa \u00e9 mesmo Fisioterapeuta? Todos os fisioterapeutas s\u00e3o detentores de uma c\u00e9dula profissional emitida pela Ordem dos Fisioterapeutas. Caso pretenda confirmar se uma interven\u00e7\u00e3o est\u00e1 a ser realizada por um fisioterapeuta devidamente habilitado, pode solicitar a apresenta\u00e7\u00e3o da respetiva c\u00e9dula profissional. A Ordem dos Fisioterapeutas aconselha os &#8230; <a title=\"Perguntas Frequentes\" class=\"read-more\" href=\"https:\/\/ordemdosfisioterapeutas.pt\/pt\/perguntas-frequentes-cidadao\/\" aria-label=\"Leia mais sobre Perguntas Frequentes\">Ler mais<\/a><\/p>\n","protected":false},"author":1,"featured_media":0,"parent":0,"menu_order":0,"comment_status":"closed","ping_status":"closed","template":"","meta":{"footnotes":""},"class_list":["post-10065","page","type-page","status-publish"],"_links":{"self":[{"href":"https:\/\/ordemdosfisioterapeutas.pt\/pt\/wp-json\/wp\/v2\/pages\/10065","targetHints":{"allow":["GET"]}}],"collection":[{"href":"https:\/\/ordemdosfisioterapeutas.pt\/pt\/wp-json\/wp\/v2\/pages"}],"about":[{"href":"https:\/\/ordemdosfisioterapeutas.pt\/pt\/wp-json\/wp\/v2\/types\/page"}],"author":[{"embeddable":true,"href":"https:\/\/ordemdosfisioterapeutas.pt\/pt\/wp-json\/wp\/v2\/users\/1"}],"replies":[{"embeddable":true,"href":"https:\/\/ordemdosfisioterapeutas.pt\/pt\/wp-json\/wp\/v2\/comments?post=10065"}],"version-history":[{"count":6,"href":"https:\/\/ordemdosfisioterapeutas.pt\/pt\/wp-json\/wp\/v2\/pages\/10065\/revisions"}],"predecessor-version":[{"id":13034,"href":"https:\/\/ordemdosfisioterapeutas.pt\/pt\/wp-json\/wp\/v2\/pages\/10065\/revisions\/13034"}],"wp:attachment":[{"href":"https:\/\/ordemdosfisioterapeutas.pt\/pt\/wp-json\/wp\/v2\/media?parent=10065"}],"curies":[{"name":"wp","href":"https:\/\/api.w.org\/{rel}","templated":true}]}}