{"id":10059,"date":"2025-03-23T15:57:21","date_gmt":"2025-03-23T15:57:21","guid":{"rendered":"https:\/\/ordemdosfisioterapeutas.pt\/?page_id=10059"},"modified":"2025-10-15T10:52:36","modified_gmt":"2025-10-15T09:52:36","slug":"participacao-reclamacao-ou-denuncia","status":"publish","type":"page","link":"https:\/\/ordemdosfisioterapeutas.pt\/pt\/participacao-reclamacao-ou-denuncia\/","title":{"rendered":"Participa\u00e7\u00e3o, reclama\u00e7\u00e3o ou den\u00fancia"},"content":{"rendered":"\t\t<div data-elementor-type=\"wp-page\" data-elementor-id=\"10059\" class=\"elementor elementor-10059\" data-elementor-post-type=\"page\">\n\t\t\t\t<div class=\"elementor-element elementor-element-377d1538 e-grid e-con-boxed e-con e-parent\" data-id=\"377d1538\" data-element_type=\"container\" data-e-type=\"container\">\n\t\t\t\t\t<div class=\"e-con-inner\">\n\t\t\t\t<div class=\"elementor-element elementor-element-51245273 elementor-widget elementor-widget-image\" data-id=\"51245273\" data-element_type=\"widget\" data-e-type=\"widget\" data-widget_type=\"image.default\">\n\t\t\t\t<div class=\"elementor-widget-container\">\n\t\t\t\t\t\t\t\t\t\t\t\t\t\t\t<img fetchpriority=\"high\" decoding=\"async\" width=\"400\" height=\"266\" src=\"https:\/\/ordemdosfisioterapeutas.pt\/wp-content\/uploads\/2025\/03\/reclamacao_400.png\" class=\"attachment-large size-large wp-image-10061\" alt=\"\" srcset=\"https:\/\/ordemdosfisioterapeutas.pt\/wp-content\/uploads\/2025\/03\/reclamacao_400.png 400w, https:\/\/ordemdosfisioterapeutas.pt\/wp-content\/uploads\/2025\/03\/reclamacao_400-300x200.png 300w, https:\/\/ordemdosfisioterapeutas.pt\/wp-content\/uploads\/2025\/03\/reclamacao_400-18x12.png 18w\" sizes=\"(max-width: 400px) 100vw, 400px\" \/>\t\t\t\t\t\t\t\t\t\t\t\t\t\t\t<\/div>\n\t\t\t\t<\/div>\n\t\t\t\t<div class=\"elementor-element elementor-element-1ef136d9 elementor-widget elementor-widget-text-editor\" data-id=\"1ef136d9\" data-element_type=\"widget\" data-e-type=\"widget\" data-widget_type=\"text-editor.default\">\n\t\t\t\t<div class=\"elementor-widget-container\">\n\t\t\t\t\t\t\t\t\t<p>Utilize o nosso formul\u00e1rio para relatar qualquer situa\u00e7\u00e3o relativa a um(a) Fisioterapeuta que considere n\u00e3o estar em conformidade com os padr\u00f5es \u00e9ticos e deontol\u00f3gicos da profiss\u00e3o.<\/p>\t\t\t\t\t\t\t\t<\/div>\n\t\t\t\t<\/div>\n\t\t\t\t\t<\/div>\n\t\t\t\t<\/div>\n\t\t<div class=\"elementor-element elementor-element-213bf2b7 e-flex e-con-boxed e-con e-parent\" data-id=\"213bf2b7\" data-element_type=\"container\" data-e-type=\"container\">\n\t\t\t\t\t<div class=\"e-con-inner\">\n\t\t\t\t<div class=\"elementor-element elementor-element-5a42ca4e elementor-widget elementor-widget-text-editor\" data-id=\"5a42ca4e\" data-element_type=\"widget\" data-e-type=\"widget\" data-widget_type=\"text-editor.default\">\n\t\t\t\t<div class=\"elementor-widget-container\">\n\t\t\t\t\t\t\t\t\t<p><strong>Como apresentar uma participa\u00e7\u00e3o\/reclama\u00e7\u00e3o\/den\u00fancia<\/strong><\/p><p>A Ordem do Fisioterapeutas possui um Conselho Jurisdicional que, entre outras compet\u00eancias, pode instruir e julgar processos disciplinares contra os membros da Ordem. Existe um procedimento de registo e an\u00e1lise de todas as reclama\u00e7\u00f5es apresentadas, dependendo da sua natureza, que obriga a uma resposta \u00e0 pessoa ou entidade que apresentou a reclama\u00e7\u00e3o, e ao respetivo encaminhamento. Se pretender apresentar uma participa\u00e7\u00e3o\/ reclama\u00e7\u00e3o\/ den\u00fancia relativa a um(a) Fisioterapeuta, preencha o formul\u00e1rio dispon\u00edvel\u00a0<u><a href=\"https:\/\/ordemdosfisioterapeutas.pt\/wp-content\/uploads\/2025\/10\/Formulario-de-Participacao_-Reclamacao_-Denuncia-OF_CJ_14102025.pdf\" target=\"_blank\" rel=\"noopener\">aqui<\/a><\/u>\u00a0<em>e envie-o para\u00a0<u><a href=\"mailto:geral@ordemdosfisioterapeutas.pt\">geral@ordemdosfisioterapeutas.pt<\/a><\/u>.<\/em><\/p><p><strong>Outros canais de apresenta\u00e7\u00e3o de den\u00fancias<\/strong><\/p><p>1 &#8211; <span style=\"text-decoration: underline;\">Entidade Reguladora da Sa\u00fade (ERS)<\/span><\/p><p>A ERS tem por miss\u00e3o a regula\u00e7\u00e3o da atividade dos estabelecimentos prestadores de cuidados de sa\u00fade dos setores p\u00fablico, privado, cooperativo e social. As suas atribui\u00e7\u00f5es compreendem a supervis\u00e3o da atividades dos estabelecimentos prestadores de cuidados de sa\u00fade, nomeadamente no que respeita ao cumprimento dos requisitos de exerc\u00edcio da atividade e de funcionamento, incluindo o licenciamento dos estabelecimentos, \u00e0 garantia dos direitos relativos ao acesso aos cuidados de sa\u00fade, \u00e0 presta\u00e7\u00e3o de cuidados de sa\u00fade de qualidade e demais direitos dos utentes, e verifica\u00e7\u00e3o da legalidade e transpar\u00eancia das rela\u00e7\u00f5es econ\u00f3micas entre os diversos operadores, entidades financiadoras e utentes. Pode realizar a sua reclama\u00e7\u00e3o em <span style=\"text-decoration: underline;\"><a href=\"https:\/\/www.ers.pt\/pt\/utentes\/formularios\/reclamacoes-online\/\" target=\"_blank\" rel=\"noopener\">ERS &#8211; Reclama\u00e7\u00f5es online<\/a><\/span>.<\/p><p>2 &#8211; <span style=\"text-decoration: underline;\">Minist\u00e9rio P\u00fablico (MP)<\/span><\/p><p>O Minist\u00e9rio P\u00fablico (MP) \u00e9 um \u00f3rg\u00e3o constitucional com compet\u00eancia para exercer a a\u00e7\u00e3o penal, participar na execu\u00e7\u00e3o da pol\u00edtica criminal definida pelos \u00f3rg\u00e3os de soberania, representar o Estado e defender a legalidade democr\u00e1tica e os interesses que a lei determinar (artigo\u00a0<span style=\"text-decoration: underline;\"><a href=\"https:\/\/www.ministeriopublico.pt\/pagina\/o-ministerio-publico?mid=3294\" target=\"_blank\" rel=\"noopener\">219.\u00ba<\/a><\/span>\/1, CRP). Pode saber mais informa\u00e7\u00f5es em <a href=\"https:\/\/queixaselectronicas.mai.gov.pt\/\" target=\"_blank\" rel=\"noopener\"><span style=\"text-decoration: underline;\">QUEIXA ELETR\u00d3NICA &#8211; Queixa Eletr\u00f3nica<\/span><\/a>.<\/p><p>3 &#8211; <span style=\"text-decoration: underline;\">Inspe\u00e7\u00e3o Geral das Atividades em Sa\u00fade (IGAS)<\/span><\/p><p>A IGAS \u00e9 um servi\u00e7o central da administra\u00e7\u00e3o direta do Estado, dotado de autonomia administrativa, integrado no Minist\u00e9rio da Sa\u00fade. A sua miss\u00e3o \u00e9 \u201cauditar, inspecionar, fiscalizar e desenvolver a a\u00e7\u00e3o disciplinar no sector da sa\u00fade, com vista a assegurar o cumprimento da lei e elevados n\u00edveis t\u00e9cnicos de atua\u00e7\u00e3o em todos os dom\u00ednios da atividade e da presta\u00e7\u00e3o dos cuidados de sa\u00fade desenvolvidos quer pelos servi\u00e7os, estabelecimentos e organismos do Minist\u00e9rio da Sa\u00fade, adiante abreviadamente designado por MS, ou por este tutelados, quer ainda pelas entidades privadas, pessoas singulares ou coletivas, com ou sem fins lucrativos\u201d. Pode realizar a sua den\u00fancia em <a href=\"https:\/\/www.igas.min-saude.pt\/canal-de-denuncias\/\" target=\"_blank\" rel=\"noopener\">Canal de Den\u00fancias &#8211; IGAS<\/a>.<\/p>\t\t\t\t\t\t\t\t<\/div>\n\t\t\t\t<\/div>\n\t\t\t\t\t<\/div>\n\t\t\t\t<\/div>\n\t\t\t\t<\/div>\n\t\t","protected":false},"excerpt":{"rendered":"<p>Utilize o nosso formul\u00e1rio para relatar qualquer situa\u00e7\u00e3o relativa a um(a) Fisioterapeuta que considere n\u00e3o estar em conformidade com os padr\u00f5es \u00e9ticos e deontol\u00f3gicos da profiss\u00e3o. Como apresentar uma participa\u00e7\u00e3o\/reclama\u00e7\u00e3o\/den\u00fancia A Ordem do Fisioterapeutas possui um Conselho Jurisdicional que, entre outras compet\u00eancias, pode instruir e julgar processos disciplinares contra os membros da Ordem. Existe um &#8230; <a title=\"Participa\u00e7\u00e3o, reclama\u00e7\u00e3o ou den\u00fancia\" class=\"read-more\" href=\"https:\/\/ordemdosfisioterapeutas.pt\/pt\/participacao-reclamacao-ou-denuncia\/\" aria-label=\"Leia mais sobre Participa\u00e7\u00e3o, reclama\u00e7\u00e3o ou den\u00fancia\">Ler mais<\/a><\/p>\n","protected":false},"author":1,"featured_media":0,"parent":0,"menu_order":0,"comment_status":"closed","ping_status":"closed","template":"","meta":{"footnotes":""},"class_list":["post-10059","page","type-page","status-publish"],"_links":{"self":[{"href":"https:\/\/ordemdosfisioterapeutas.pt\/pt\/wp-json\/wp\/v2\/pages\/10059","targetHints":{"allow":["GET"]}}],"collection":[{"href":"https:\/\/ordemdosfisioterapeutas.pt\/pt\/wp-json\/wp\/v2\/pages"}],"about":[{"href":"https:\/\/ordemdosfisioterapeutas.pt\/pt\/wp-json\/wp\/v2\/types\/page"}],"author":[{"embeddable":true,"href":"https:\/\/ordemdosfisioterapeutas.pt\/pt\/wp-json\/wp\/v2\/users\/1"}],"replies":[{"embeddable":true,"href":"https:\/\/ordemdosfisioterapeutas.pt\/pt\/wp-json\/wp\/v2\/comments?post=10059"}],"version-history":[{"count":4,"href":"https:\/\/ordemdosfisioterapeutas.pt\/pt\/wp-json\/wp\/v2\/pages\/10059\/revisions"}],"predecessor-version":[{"id":11825,"href":"https:\/\/ordemdosfisioterapeutas.pt\/pt\/wp-json\/wp\/v2\/pages\/10059\/revisions\/11825"}],"wp:attachment":[{"href":"https:\/\/ordemdosfisioterapeutas.pt\/pt\/wp-json\/wp\/v2\/media?parent=10059"}],"curies":[{"name":"wp","href":"https:\/\/api.w.org\/{rel}","templated":true}]}}