{"id":9984,"date":"2025-03-23T15:16:21","date_gmt":"2025-03-23T15:16:21","guid":{"rendered":"https:\/\/ordemdosfisioterapeutas.pt\/?page_id=9984"},"modified":"2025-03-29T09:51:59","modified_gmt":"2025-03-29T09:51:59","slug":"o-que-o-fisioterapeuta-pode-fazer-por-si","status":"publish","type":"page","link":"https:\/\/ordemdosfisioterapeutas.pt\/fr\/o-que-o-fisioterapeuta-pode-fazer-por-si\/","title":{"rendered":"Que peut faire un physioth\u00e9rapeute pour vous ?"},"content":{"rendered":"<div data-elementor-type=\"wp-page\" data-elementor-id=\"9984\" class=\"elementor elementor-9984\" data-elementor-post-type=\"page\">\n\t\t\t\t<div class=\"elementor-element elementor-element-2afdd0 e-flex e-con-boxed e-con e-parent\" data-id=\"2afdd0\" data-element_type=\"container\" data-e-type=\"container\">\n\t\t\t\t\t<div class=\"e-con-inner\">\n\t\t\t\t<div class=\"elementor-element elementor-element-2829129d elementor-widget elementor-widget-text-editor\" data-id=\"2829129d\" data-element_type=\"widget\" data-e-type=\"widget\" data-widget_type=\"text-editor.default\">\n\t\t\t\t<div class=\"elementor-widget-container\">\n\t\t\t\t\t\t\t\t\t<p>La physioth\u00e9rapie est une profession de sant\u00e9 ax\u00e9e sur la promotion du mouvement et de la fonctionnalit\u00e9. Elle se d\u00e9finit comme l'\u00e9tude, la pr\u00e9vention, le diagnostic et le traitement des probl\u00e8mes de sant\u00e9 qui affectent les structures et les fonctions du syst\u00e8me de mouvement, ainsi que la fonctionnalit\u00e9 des personnes, des groupes ou des communaut\u00e9s, en tenant compte des cadres kin\u00e9siopathologiques et pathokin\u00e9siologiques.<\/p><p>Dans le cadre du processus de physioth\u00e9rapie, le physioth\u00e9rapeute effectue les actes suivants :<\/p><p>a) Examen\/\u00e9valuation :<\/p><p>\u00a0 \u00a0 \u00a0i) Recueillir des informations par l'observation, l'entretien, l'examen manuel, les tests et autres instruments de mesure, ainsi que par des moyens compl\u00e9mentaires de diagnostic du syst\u00e8me de mouvement ;<br \/>\u00a0 \u00a0 \u00a0ii) \u00c9value en d\u00e9tail le syst\u00e8me de mouvement, l'activit\u00e9 et la participation ;<br \/>\u00a0 \u00a0 \u00a0iii) Consigner toutes les informations pertinentes recueillies dans le dossier clinique.<\/p><p>b) Diagnostic de physioth\u00e9rapie :<\/p><p>Conform\u00e9ment \u00e0 ses \"leges artis\", il \u00e9tablit le diagnostic physioth\u00e9rapeutique, identifiant les alt\u00e9rations du syst\u00e8me de mouvement, les limitations d'activit\u00e9 et les restrictions de participation.<\/p><p>c) Pronostic et plan d'intervention :<\/p><p>Il d\u00e9termine les besoins d'intervention en physioth\u00e9rapie, d\u00e9finit les objectifs et indique le plan d'intervention, en collaboration avec le patient, la famille, les soignants et\/ou les repr\u00e9sentants, en tenant compte des facteurs contextuels. Il \u00e9tablit \u00e9galement le niveau optimal d'am\u00e9lioration attendu et le d\u00e9lai n\u00e9cessaire pour y parvenir.<\/p><p>d) Intervention :<\/p><p>\u00a0 \u00a0 \u00a0i) \u00e9duque, guide et conseille, en encourageant l'adoption de modes de vie sains, en optimisant la fonctionnalit\u00e9 et la qualit\u00e9 de vie ;<br \/>\u00a0 \u00a0 \u00a0ii) prescrit, applique et contr\u00f4le la th\u00e9rapie par le mouvement, l'activit\u00e9 physique et l'exercice physique dans le domaine de la sant\u00e9, y compris l'exercice th\u00e9rapeutique visant en particulier la douleur et\/ou le dysfonctionnement et l'exercice clinique destin\u00e9 aux populations souffrant de maladies ou ayant d'autres besoins particuliers en mati\u00e8re de sant\u00e9 ;<br \/>\u00a0 \u00a0 \u00a0iii) prescrit, applique et contr\u00f4le la th\u00e9rapie manuelle, y compris la th\u00e9rapie manipulative ;<br \/>\u00a0 \u00a0 \u00a0iv) prescrit, applique et contr\u00f4le la kin\u00e9sith\u00e9rapie, y compris les moyens \u00e9lectrophysiques, m\u00e9caniques et naturels ;<br \/>\u00a0 \u00a0 v) prescrit, applique et contr\u00f4le d'autres interventions fond\u00e9es sur la science de la physioth\u00e9rapie, y compris les ressources technologiques, le soutien et l'innovation.<\/p><p>e) \u00c9valuation des r\u00e9sultats\/changements apport\u00e9s \u00e0 l'intervention :<\/p><p>\u00c9valuez l'impact de votre intervention, en proc\u00e9dant \u00e0 une r\u00e9\u00e9valuation pendant et apr\u00e8s l'intervention, et apportez des changements si n\u00e9cessaire.<\/p><p>f) L'ach\u00e8vement du processus de physioth\u00e9rapie :<\/p><p>Le processus de physioth\u00e9rapie se termine lorsque les objectifs pr\u00e9vus et convenus ont \u00e9t\u00e9 atteints ou lorsque l'intervention n'est plus cens\u00e9e \u00eatre efficace.<\/p><p>L'Ordre des physioth\u00e9rapeutes joue un r\u00f4le r\u00e9glementaire essentiel, en garantissant la qualit\u00e9 des services fournis, en prot\u00e9geant les int\u00e9r\u00eats des citoyens et en assurant la pratique \u00e9thique et comp\u00e9tente de la physioth\u00e9rapie au Portugal.<\/p><p>Les physioth\u00e9rapeutes vous aideront par des interventions physioth\u00e9rapeutiques sp\u00e9cifiques. Lorsque vous recherchez un physioth\u00e9rapeute inscrit au barreau portugais, vous recherchez un professionnel de la sant\u00e9 d\u00fbment qualifi\u00e9, qui agit conform\u00e9ment \u00e0 des normes de qualit\u00e9, soumis \u00e0 un code de d\u00e9ontologie, \u00e0 un r\u00e8glement disciplinaire et \u00e0 la garantie d'une assurance de responsabilit\u00e9 civile professionnelle.<\/p><p>Pour plus d'informations, veuillez consulter le site\u00a0<span style=\"text-decoration: underline;\"><a href=\"https:\/\/ordemdosfisioterapeutas.pt\/wp-content\/uploads\/2023\/05\/ato-dre.pdf\">R\u00e8glement de la loi sur les physioth\u00e9rapeutes<\/a><\/span>et leurs comp\u00e9tences, leur autonomie et leur responsabilit\u00e9.<\/p>\t\t\t\t\t\t\t\t<\/div>\n\t\t\t\t<\/div>\n\t\t\t\t\t<\/div>\n\t\t\t\t<\/div>\n\t\t\t\t<\/div>","protected":false},"excerpt":{"rendered":"<p>La physioth\u00e9rapie est une profession de sant\u00e9 ax\u00e9e sur la promotion du mouvement et de la fonctionnalit\u00e9. Elle se d\u00e9finit comme l'\u00e9tude, la pr\u00e9vention, le diagnostic et le traitement des probl\u00e8mes de sant\u00e9 qui affectent les structures et les fonctions du syst\u00e8me de mouvement, ainsi que la fonctionnalit\u00e9 des personnes, des groupes ou des communaut\u00e9s, en tenant compte des cadres kin\u00e9siopathologiques et pathokin\u00e9siologiques. ... <a title=\"Que peut faire un physioth\u00e9rapeute pour vous ?\" class=\"read-more\" href=\"https:\/\/ordemdosfisioterapeutas.pt\/fr\/o-que-o-fisioterapeuta-pode-fazer-por-si\/\" aria-label=\"En savoir plus sur Que peut faire un physioth\u00e9rapeute pour vous ?\">En savoir plus<\/a><\/p>","protected":false},"author":1,"featured_media":0,"parent":0,"menu_order":0,"comment_status":"closed","ping_status":"closed","template":"","meta":{"footnotes":""},"class_list":["post-9984","page","type-page","status-publish"],"_links":{"self":[{"href":"https:\/\/ordemdosfisioterapeutas.pt\/fr\/wp-json\/wp\/v2\/pages\/9984","targetHints":{"allow":["GET"]}}],"collection":[{"href":"https:\/\/ordemdosfisioterapeutas.pt\/fr\/wp-json\/wp\/v2\/pages"}],"about":[{"href":"https:\/\/ordemdosfisioterapeutas.pt\/fr\/wp-json\/wp\/v2\/types\/page"}],"author":[{"embeddable":true,"href":"https:\/\/ordemdosfisioterapeutas.pt\/fr\/wp-json\/wp\/v2\/users\/1"}],"replies":[{"embeddable":true,"href":"https:\/\/ordemdosfisioterapeutas.pt\/fr\/wp-json\/wp\/v2\/comments?post=9984"}],"version-history":[{"count":0,"href":"https:\/\/ordemdosfisioterapeutas.pt\/fr\/wp-json\/wp\/v2\/pages\/9984\/revisions"}],"wp:attachment":[{"href":"https:\/\/ordemdosfisioterapeutas.pt\/fr\/wp-json\/wp\/v2\/media?parent=9984"}],"curies":[{"name":"wp","href":"https:\/\/api.w.org\/{rel}","templated":true}]}}