{"id":972,"date":"2020-10-19T08:30:36","date_gmt":"2020-10-19T08:30:36","guid":{"rendered":"https:\/\/ordemdosfisioterapeutas.pt\/?page_id=972"},"modified":"2021-02-03T19:19:25","modified_gmt":"2021-02-03T19:19:25","slug":"o-que-sao-cookies","status":"publish","type":"page","link":"https:\/\/ordemdosfisioterapeutas.pt\/fr\/o-que-sao-cookies\/","title":{"rendered":"Que sont les cookies ?"},"content":{"rendered":"<div data-elementor-type=\"wp-page\" data-elementor-id=\"972\" class=\"elementor elementor-972\" data-elementor-post-type=\"page\">\n\t\t\t\t\t\t<section class=\"elementor-section elementor-top-section elementor-element elementor-element-f4f469c elementor-section-boxed elementor-section-height-default elementor-section-height-default\" data-id=\"f4f469c\" data-element_type=\"section\" data-e-type=\"section\">\n\t\t\t\t\t\t<div class=\"elementor-container elementor-column-gap-default\">\n\t\t\t\t\t<div class=\"elementor-column elementor-col-100 elementor-top-column elementor-element elementor-element-33ae2bc\" data-id=\"33ae2bc\" data-element_type=\"column\" data-e-type=\"column\">\n\t\t\t<div class=\"elementor-widget-wrap elementor-element-populated\">\n\t\t\t\t\t\t<div class=\"elementor-element elementor-element-f319c89 elementor-widget elementor-widget-heading\" data-id=\"f319c89\" data-element_type=\"widget\" data-e-type=\"widget\" data-widget_type=\"heading.default\">\n\t\t\t\t<div class=\"elementor-widget-container\">\n\t\t\t\t\t<h2 class=\"elementor-heading-title elementor-size-default\">Que sont les cookies ?<\/h2>\t\t\t\t<\/div>\n\t\t\t\t<\/div>\n\t\t\t\t<div class=\"elementor-element elementor-element-d0626d8 elementor-widget elementor-widget-text-editor\" data-id=\"d0626d8\" data-element_type=\"widget\" data-e-type=\"widget\" data-widget_type=\"text-editor.default\">\n\t\t\t\t<div class=\"elementor-widget-container\">\n\t\t\t\t\t\t\t\t\t<p>Les \"cookies\" sont de petites balises logicielles qui sont stock\u00e9es sur votre ordinateur via votre navigateur, ne retenant que les informations li\u00e9es \u00e0 vos pr\u00e9f\u00e9rences, et en tant que telles n'incluent pas vos donn\u00e9es personnelles.<\/p>\t\t\t\t\t\t\t\t<\/div>\n\t\t\t\t<\/div>\n\t\t\t\t<div class=\"elementor-element elementor-element-67395cc elementor-widget elementor-widget-heading\" data-id=\"67395cc\" data-element_type=\"widget\" data-e-type=\"widget\" data-widget_type=\"heading.default\">\n\t\t\t\t<div class=\"elementor-widget-container\">\n\t\t\t\t\t<h2 class=\"elementor-heading-title elementor-size-default\">A quoi servent les cookies ?<\/h2>\t\t\t\t<\/div>\n\t\t\t\t<\/div>\n\t\t\t\t<div class=\"elementor-element elementor-element-88791d5 elementor-widget elementor-widget-text-editor\" data-id=\"88791d5\" data-element_type=\"widget\" data-e-type=\"widget\" data-widget_type=\"text-editor.default\">\n\t\t\t\t<div class=\"elementor-widget-container\">\n\t\t\t\t\t\t\t\t\t<p>Les cookies sont utilis\u00e9s pour aider \u00e0 d\u00e9terminer l'utilit\u00e9, l'int\u00e9r\u00eat et le nombre d'utilisations de vos sites web, ce qui vous permet de naviguer plus rapidement et plus efficacement en \u00e9liminant la n\u00e9cessit\u00e9 de saisir plusieurs fois les m\u00eames informations.<\/p>\t\t\t\t\t\t\t\t<\/div>\n\t\t\t\t<\/div>\n\t\t\t\t<div class=\"elementor-element elementor-element-5208f08 elementor-widget elementor-widget-heading\" data-id=\"5208f08\" data-element_type=\"widget\" data-e-type=\"widget\" data-widget_type=\"heading.default\">\n\t\t\t\t<div class=\"elementor-widget-container\">\n\t\t\t\t\t<h2 class=\"elementor-heading-title elementor-size-default\">Quel genre de biscuits y a-t-il ?<\/h2>\t\t\t\t<\/div>\n\t\t\t\t<\/div>\n\t\t\t\t<div class=\"elementor-element elementor-element-ffb2a1e elementor-widget elementor-widget-text-editor\" data-id=\"ffb2a1e\" data-element_type=\"widget\" data-e-type=\"widget\" data-widget_type=\"text-editor.default\">\n\t\t\t\t<div class=\"elementor-widget-container\">\n\t\t\t\t\t\t\t\t\t<p>Il existe deux groupes de cookies qui peuvent \u00eatre utilis\u00e9s<\/p>\n<p><strong>Cookies permanents<\/strong> - sont des cookies qui sont stock\u00e9s dans le navigateur de votre \u00e9quipement d'acc\u00e8s (PC, mobile et tablette) et sont utilis\u00e9s chaque fois que vous visitez \u00e0 nouveau l'un de nos sites web. Ils sont g\u00e9n\u00e9ralement utilis\u00e9s pour orienter la navigation en fonction des int\u00e9r\u00eats de l'utilisateur, ce qui nous permet de fournir un service plus personnalis\u00e9.<\/p>\n<p><strong>Cookies de session<\/strong> - sont des cookies temporaires qui restent dans le fichier de cookies de votre navigateur jusqu'\u00e0 ce que vous quittiez le site web. Les informations obtenues par ces cookies servent \u00e0 analyser les mod\u00e8les de trafic web, ce qui nous permet d'identifier les probl\u00e8mes et de fournir une meilleure exp\u00e9rience de navigation.<\/p>\t\t\t\t\t\t\t\t<\/div>\n\t\t\t\t<\/div>\n\t\t\t\t<div class=\"elementor-element elementor-element-b1c89db elementor-widget elementor-widget-heading\" data-id=\"b1c89db\" data-element_type=\"widget\" data-e-type=\"widget\" data-widget_type=\"heading.default\">\n\t\t\t\t<div class=\"elementor-widget-container\">\n\t\t\t\t\t<h2 class=\"elementor-heading-title elementor-size-default\">\u00c0 quelles fins utilisons-nous les cookies ?<\/h2>\t\t\t\t<\/div>\n\t\t\t\t<\/div>\n\t\t\t\t<div class=\"elementor-element elementor-element-3ad6ae4 elementor-widget elementor-widget-text-editor\" data-id=\"3ad6ae4\" data-element_type=\"widget\" data-e-type=\"widget\" data-widget_type=\"text-editor.default\">\n\t\t\t\t<div class=\"elementor-widget-container\">\n\t\t\t\t\t\t\t\t\t<p><strong>Cookies strictement n\u00e9cessaires<\/strong> - Ils vous permettent de naviguer sur le site et d'utiliser ses applications, ainsi que d'acc\u00e9der \u00e0 des zones s\u00e9curis\u00e9es du site. Sans ces cookies, les services que vous avez demand\u00e9s ne peuvent \u00eatre fournis.<\/p>\n<p><strong>Cookies analytiques<\/strong> - Elles sont utilis\u00e9es de mani\u00e8re anonyme pour cr\u00e9er et analyser des statistiques afin d'am\u00e9liorer le fonctionnement du site web.<\/p>\n<p><strong>Cookies de fonctionnalit\u00e9<\/strong> - Ils enregistrent vos pr\u00e9f\u00e9rences concernant l'utilisation du site, de sorte que vous ne devez pas reconfigurer le site \u00e0 chaque fois que vous le visitez.<\/p>\n<p><strong>Cookies de tiers<\/strong> - Ils mesurent le succ\u00e8s des applications et l'efficacit\u00e9 des publicit\u00e9s de tiers. Ils peuvent \u00e9galement \u00eatre utilis\u00e9s pour personnaliser un widget avec les donn\u00e9es de l'utilisateur.<\/p>\n<p><strong>Cookies publicitaires<\/strong>\u00a0- Ils ciblent la publicit\u00e9 en fonction des int\u00e9r\u00eats de chaque utilisateur, afin de cibler les campagnes publicitaires en tenant compte des go\u00fbts des utilisateurs, et limitent \u00e9galement le nombre de fois o\u00f9 ils voient la publicit\u00e9, ce qui permet de mesurer l'efficacit\u00e9 de la publicit\u00e9 et le succ\u00e8s de l'organisation du site web.<br \/><br \/><br \/><\/p>\t\t\t\t\t\t\t\t<\/div>\n\t\t\t\t<\/div>\n\t\t\t\t<div class=\"elementor-element elementor-element-47a2027 elementor-widget elementor-widget-heading\" data-id=\"47a2027\" data-element_type=\"widget\" data-e-type=\"widget\" data-widget_type=\"heading.default\">\n\t\t\t\t<div class=\"elementor-widget-container\">\n\t\t\t\t\t<h2 class=\"elementor-heading-title elementor-size-default\">Comment pouvez-vous g\u00e9rer les cookies ?<\/h2>\t\t\t\t<\/div>\n\t\t\t\t<\/div>\n\t\t\t\t<div class=\"elementor-element elementor-element-970893d elementor-widget elementor-widget-text-editor\" data-id=\"970893d\" data-element_type=\"widget\" data-e-type=\"widget\" data-widget_type=\"text-editor.default\">\n\t\t\t\t<div class=\"elementor-widget-container\">\n\t\t\t\t\t\t\t\t\t<p>Tous les navigateurs vous permettent d'accepter, de refuser ou de supprimer les cookies, notamment en s\u00e9lectionnant les param\u00e8tres appropri\u00e9s de votre navigateur. Vous pouvez configurer les cookies dans le menu \"options\" ou \"pr\u00e9f\u00e9rences\" de votre navigateur.<\/p>\n<p>Veuillez noter, cependant, que la d\u00e9sactivation des cookies peut emp\u00eacher certains services web de fonctionner correctement, affectant, partiellement ou totalement, la navigation sur le site web.<\/p>\n<p>\u00a0<\/p>\n<p><span style=\"text-decoration: underline;\"><a href=\"https:\/\/support.microsoft.com\/pt-pt\/help\/17442\/windows-internet-explorer-delete-manage-cookies\" target=\"_blank\" rel=\"noopener\">Param\u00e8tres des cookies dans Internet Explorer<\/a><\/span><\/p>\n<p><span style=\"text-decoration: underline;\"><a href=\"https:\/\/support.mozilla.org\/pt-PT\/kb\/ativar-e-desativar-cookies-que-os-websites-utiliza\" target=\"_blank\" rel=\"noopener\">Param\u00e8tres des cookies dans Firefox<\/a><\/span><\/p>\n<p><span style=\"text-decoration: underline;\"><a href=\"https:\/\/support.google.com\/chrome\/answer\/95647?co=GENIE.Platform%3DDesktop&amp;hl=pt\" target=\"_blank\" rel=\"noopener\">Param\u00e8tres des cookies dans Chrome<\/a><\/span><\/p>\n<p><span style=\"text-decoration: underline;\"><a href=\"https:\/\/support.apple.com\/pt-pt\/guide\/safari\/sfri11471\/mac\" target=\"_blank\" rel=\"noopener\">Param\u00e8tres des cookies dans Safari web et iOS<\/a><\/span><\/p>\t\t\t\t\t\t\t\t<\/div>\n\t\t\t\t<\/div>\n\t\t\t\t\t<\/div>\n\t\t<\/div>\n\t\t\t\t\t<\/div>\n\t\t<\/section>\n\t\t\t\t<\/div>","protected":false},"excerpt":{"rendered":"<p>Qu'est-ce qu'un \"cookie\" ? Les \"cookies\" sont de petites balises logicielles qui sont stock\u00e9es sur votre ordinateur via votre navigateur et qui ne retiennent que les informations relatives \u00e0 vos pr\u00e9f\u00e9rences et ne contiennent donc pas vos donn\u00e9es personnelles. \u00c0 quoi servent les cookies ? Les cookies sont utilis\u00e9s pour aider \u00e0 d\u00e9terminer l'utilit\u00e9, l'int\u00e9r\u00eat et le nombre ... <a title=\"Que sont les cookies ?\" class=\"read-more\" href=\"https:\/\/ordemdosfisioterapeutas.pt\/fr\/o-que-sao-cookies\/\" aria-label=\"En savoir plus sur Qu&#039;est-ce qu&#039;un cookie ?\">En savoir plus<\/a><\/p>","protected":false},"author":1,"featured_media":0,"parent":0,"menu_order":0,"comment_status":"closed","ping_status":"closed","template":"","meta":{"footnotes":""},"class_list":["post-972","page","type-page","status-publish"],"_links":{"self":[{"href":"https:\/\/ordemdosfisioterapeutas.pt\/fr\/wp-json\/wp\/v2\/pages\/972","targetHints":{"allow":["GET"]}}],"collection":[{"href":"https:\/\/ordemdosfisioterapeutas.pt\/fr\/wp-json\/wp\/v2\/pages"}],"about":[{"href":"https:\/\/ordemdosfisioterapeutas.pt\/fr\/wp-json\/wp\/v2\/types\/page"}],"author":[{"embeddable":true,"href":"https:\/\/ordemdosfisioterapeutas.pt\/fr\/wp-json\/wp\/v2\/users\/1"}],"replies":[{"embeddable":true,"href":"https:\/\/ordemdosfisioterapeutas.pt\/fr\/wp-json\/wp\/v2\/comments?post=972"}],"version-history":[{"count":0,"href":"https:\/\/ordemdosfisioterapeutas.pt\/fr\/wp-json\/wp\/v2\/pages\/972\/revisions"}],"wp:attachment":[{"href":"https:\/\/ordemdosfisioterapeutas.pt\/fr\/wp-json\/wp\/v2\/media?parent=972"}],"curies":[{"name":"wp","href":"https:\/\/api.w.org\/{rel}","templated":true}]}}