{"id":8660,"date":"2024-08-22T10:30:39","date_gmt":"2024-08-22T09:30:39","guid":{"rendered":"https:\/\/ordemdosfisioterapeutas.pt\/?page_id=8660"},"modified":"2025-11-21T08:22:01","modified_gmt":"2025-11-21T08:22:01","slug":"protocolos","status":"publish","type":"page","link":"https:\/\/ordemdosfisioterapeutas.pt\/fr\/protocolos\/","title":{"rendered":"Protocoles"},"content":{"rendered":"<div data-elementor-type=\"wp-page\" data-elementor-id=\"8660\" class=\"elementor elementor-8660\" data-elementor-post-type=\"page\">\n\t\t\t\t<div class=\"elementor-element elementor-element-deaed35 e-flex e-con-boxed e-con e-parent\" data-id=\"deaed35\" data-element_type=\"container\" data-e-type=\"container\">\n\t\t\t\t\t<div class=\"e-con-inner\">\n\t\t<div class=\"elementor-element elementor-element-f61067d e-con-full e-flex e-con e-child\" data-id=\"f61067d\" data-element_type=\"container\" data-e-type=\"container\">\n\t\t\t\t<div class=\"elementor-element elementor-element-2067e2d elementor-widget elementor-widget-image\" data-id=\"2067e2d\" data-element_type=\"widget\" data-e-type=\"widget\" data-widget_type=\"image.default\">\n\t\t\t\t<div class=\"elementor-widget-container\">\n\t\t\t\t\t\t\t\t\t\t\t\t\t\t\t<img decoding=\"async\" src=\"https:\/\/ordemdosfisioterapeutas.pt\/wp-content\/uploads\/elementor\/thumbs\/protocolos-qtv9ef9q5emv59j1plbd4rwohiq8bvwj57drdsetz0.png\" title=\"protocoles\" alt=\"protocolos\" loading=\"lazy\" \/>\t\t\t\t\t\t\t\t\t\t\t\t\t\t\t<\/div>\n\t\t\t\t<\/div>\n\t\t\t\t<\/div>\n\t\t\t\t\t<\/div>\n\t\t\t\t<\/div>\n\t\t<div class=\"elementor-element elementor-element-28ab6ea e-flex e-con-boxed e-con e-parent\" data-id=\"28ab6ea\" data-element_type=\"container\" data-e-type=\"container\">\n\t\t\t\t\t<div class=\"e-con-inner\">\n\t\t\t\t<div class=\"elementor-element elementor-element-3c9371e elementor-widget elementor-widget-text-editor\" data-id=\"3c9371e\" data-element_type=\"widget\" data-e-type=\"widget\" data-widget_type=\"text-editor.default\">\n\t\t\t\t<div class=\"elementor-widget-container\">\n\t\t\t\t\t\t\t\t\t<p>L'Ordre des kin\u00e9sith\u00e9rapeutes dispose de plusieurs protocoles institutionnels visant \u00e0 renforcer la coop\u00e9ration avec diverses organisations, tant nationales qu'internationales. Ces protocoles facilitent l'\u00e9change de connaissances, la r\u00e9alisation de projets communs et la promotion des bonnes pratiques en physioth\u00e9rapie. En \u00e9tablissant et en maintenant ces accords, l'Ordre s'assure que ses membres ont acc\u00e8s \u00e0 un vaste r\u00e9seau de ressources et d'opportunit\u00e9s qui contribuent au d\u00e9veloppement professionnel et \u00e0 l'am\u00e9lioration continue des services fournis \u00e0 la soci\u00e9t\u00e9. L'Ordre a conclu des protocoles avec les organisations suivantes :<\/p><ul><li><a href=\"https:\/\/www.ers.pt\/pt\/institucional\/cooperacao-institucional\/selecionar-area\/protocolos\/\" target=\"_blank\" rel=\"noopener\"><span style=\"text-decoration: underline;\">Autorit\u00e9 de r\u00e9gulation de la sant\u00e9<\/span> <\/a>(ERS)<\/li><li><span style=\"text-decoration: underline;\"><a href=\"https:\/\/prociv.gov.pt\/pt\/home\/\" target=\"_blank\" rel=\"noopener\">Autorit\u00e9 nationale d'urgence et de protection civile <\/a><\/span>(ANEPC)<\/li><li><span style=\"text-decoration: underline;\"><a href=\"https:\/\/www.chlc.min-saude.pt\/\" target=\"_blank\" rel=\"noopener\">Unit\u00e9 sanitaire locale de S\u00e3o Jos\u00e9 <\/a><\/span>(ULS S\u00e3o Jos\u00e9)<\/li><li><a href=\"https:\/\/ordemdosfisioterapeutas.pt\/wp-content\/uploads\/2025\/07\/Protocolo-Lidel.pdf\" target=\"_blank\" rel=\"noopener\"><span style=\"text-decoration: underline;\">LIDEL - Edi\u00e7\u00f5es T\u00e9cnicas, Lda.<\/span><\/a><\/li><\/ul>\t\t\t\t\t\t\t\t<\/div>\n\t\t\t\t<\/div>\n\t\t\t\t\t<\/div>\n\t\t\t\t<\/div>\n\t\t<div class=\"elementor-element elementor-element-0223002 e-grid e-con-boxed e-con e-parent\" data-id=\"0223002\" data-element_type=\"container\" data-e-type=\"container\">\n\t\t\t\t\t<div class=\"e-con-inner\">\n\t\t\t\t<div class=\"elementor-element elementor-element-f199082 elementor-widget elementor-widget-image\" data-id=\"f199082\" data-element_type=\"widget\" data-e-type=\"widget\" data-widget_type=\"image.default\">\n\t\t\t\t<div class=\"elementor-widget-container\">\n\t\t\t\t\t\t\t\t\t\t\t\t\t\t\t<img fetchpriority=\"high\" decoding=\"async\" width=\"398\" height=\"300\" src=\"https:\/\/ordemdosfisioterapeutas.pt\/wp-content\/uploads\/2024\/09\/logos_protocolos-_01.png\" class=\"attachment-large size-large wp-image-8769\" alt=\"\" srcset=\"https:\/\/ordemdosfisioterapeutas.pt\/wp-content\/uploads\/2024\/09\/logos_protocolos-_01.png 398w, https:\/\/ordemdosfisioterapeutas.pt\/wp-content\/uploads\/2024\/09\/logos_protocolos-_01-300x226.png 300w, https:\/\/ordemdosfisioterapeutas.pt\/wp-content\/uploads\/2024\/09\/logos_protocolos-_01-16x12.png 16w\" sizes=\"(max-width: 398px) 100vw, 398px\" \/>\t\t\t\t\t\t\t\t\t\t\t\t\t\t\t<\/div>\n\t\t\t\t<\/div>\n\t\t\t\t<div class=\"elementor-element elementor-element-ece7747 elementor-widget elementor-widget-image\" data-id=\"ece7747\" data-element_type=\"widget\" data-e-type=\"widget\" data-widget_type=\"image.default\">\n\t\t\t\t<div class=\"elementor-widget-container\">\n\t\t\t\t\t\t\t\t\t\t\t\t\t\t\t<img decoding=\"async\" width=\"402\" height=\"300\" src=\"https:\/\/ordemdosfisioterapeutas.pt\/wp-content\/uploads\/2024\/09\/logos_protocolos-_02.png\" class=\"attachment-large size-large wp-image-8770\" alt=\"\" srcset=\"https:\/\/ordemdosfisioterapeutas.pt\/wp-content\/uploads\/2024\/09\/logos_protocolos-_02.png 402w, https:\/\/ordemdosfisioterapeutas.pt\/wp-content\/uploads\/2024\/09\/logos_protocolos-_02-300x224.png 300w, https:\/\/ordemdosfisioterapeutas.pt\/wp-content\/uploads\/2024\/09\/logos_protocolos-_02-16x12.png 16w\" sizes=\"(max-width: 402px) 100vw, 402px\" \/>\t\t\t\t\t\t\t\t\t\t\t\t\t\t\t<\/div>\n\t\t\t\t<\/div>\n\t\t\t\t<div class=\"elementor-element elementor-element-e201388 elementor-widget elementor-widget-image\" data-id=\"e201388\" data-element_type=\"widget\" data-e-type=\"widget\" data-widget_type=\"image.default\">\n\t\t\t\t<div class=\"elementor-widget-container\">\n\t\t\t\t\t\t\t\t\t\t\t\t\t\t\t<img decoding=\"async\" width=\"800\" height=\"300\" src=\"https:\/\/ordemdosfisioterapeutas.pt\/wp-content\/uploads\/2024\/09\/logos_protocolos-_03.png\" class=\"attachment-large size-large wp-image-8793\" alt=\"\" srcset=\"https:\/\/ordemdosfisioterapeutas.pt\/wp-content\/uploads\/2024\/09\/logos_protocolos-_03.png 800w, https:\/\/ordemdosfisioterapeutas.pt\/wp-content\/uploads\/2024\/09\/logos_protocolos-_03-300x113.png 300w, https:\/\/ordemdosfisioterapeutas.pt\/wp-content\/uploads\/2024\/09\/logos_protocolos-_03-768x288.png 768w, https:\/\/ordemdosfisioterapeutas.pt\/wp-content\/uploads\/2024\/09\/logos_protocolos-_03-18x7.png 18w\" sizes=\"(max-width: 800px) 100vw, 800px\" \/>\t\t\t\t\t\t\t\t\t\t\t\t\t\t\t<\/div>\n\t\t\t\t<\/div>\n\t\t\t\t<div class=\"elementor-element elementor-element-a3bb29d elementor-widget elementor-widget-image\" data-id=\"a3bb29d\" data-element_type=\"widget\" data-e-type=\"widget\" data-widget_type=\"image.default\">\n\t\t\t\t<div class=\"elementor-widget-container\">\n\t\t\t\t\t\t\t\t\t\t\t\t\t\t\t<img loading=\"lazy\" decoding=\"async\" width=\"1024\" height=\"815\" src=\"https:\/\/ordemdosfisioterapeutas.pt\/wp-content\/uploads\/2025\/07\/Logo-Lidel-original-1024x815.png\" class=\"attachment-large size-large wp-image-11012\" alt=\"\" srcset=\"https:\/\/ordemdosfisioterapeutas.pt\/wp-content\/uploads\/2025\/07\/Logo-Lidel-original-1024x815.png 1024w, https:\/\/ordemdosfisioterapeutas.pt\/wp-content\/uploads\/2025\/07\/Logo-Lidel-original-300x239.png 300w, https:\/\/ordemdosfisioterapeutas.pt\/wp-content\/uploads\/2025\/07\/Logo-Lidel-original-768x611.png 768w, https:\/\/ordemdosfisioterapeutas.pt\/wp-content\/uploads\/2025\/07\/Logo-Lidel-original-15x12.png 15w, https:\/\/ordemdosfisioterapeutas.pt\/wp-content\/uploads\/2025\/07\/Logo-Lidel-original.png 1092w\" sizes=\"(max-width: 1024px) 100vw, 1024px\" \/>\t\t\t\t\t\t\t\t\t\t\t\t\t\t\t<\/div>\n\t\t\t\t<\/div>\n\t\t\t\t\t<\/div>\n\t\t\t\t<\/div>\n\t\t\t\t<\/div>","protected":false},"excerpt":{"rendered":"<p>L'Ordre des kin\u00e9sith\u00e9rapeutes dispose de plusieurs protocoles institutionnels visant \u00e0 renforcer la coop\u00e9ration avec diverses organisations, tant nationales qu'internationales. Ces protocoles facilitent l'\u00e9change de connaissances, la r\u00e9alisation de projets communs et la promotion des bonnes pratiques en physioth\u00e9rapie. En \u00e9tablissant et en maintenant ces accords, l'Ordre veille \u00e0 ce que ses membres aient acc\u00e8s \u00e0 ... <a title=\"Protocoles\" class=\"read-more\" href=\"https:\/\/ordemdosfisioterapeutas.pt\/fr\/protocolos\/\" aria-label=\"En savoir plus sur Protocoles\">En savoir plus<\/a><\/p>","protected":false},"author":1,"featured_media":0,"parent":0,"menu_order":0,"comment_status":"closed","ping_status":"closed","template":"","meta":{"footnotes":""},"class_list":["post-8660","page","type-page","status-publish"],"_links":{"self":[{"href":"https:\/\/ordemdosfisioterapeutas.pt\/fr\/wp-json\/wp\/v2\/pages\/8660","targetHints":{"allow":["GET"]}}],"collection":[{"href":"https:\/\/ordemdosfisioterapeutas.pt\/fr\/wp-json\/wp\/v2\/pages"}],"about":[{"href":"https:\/\/ordemdosfisioterapeutas.pt\/fr\/wp-json\/wp\/v2\/types\/page"}],"author":[{"embeddable":true,"href":"https:\/\/ordemdosfisioterapeutas.pt\/fr\/wp-json\/wp\/v2\/users\/1"}],"replies":[{"embeddable":true,"href":"https:\/\/ordemdosfisioterapeutas.pt\/fr\/wp-json\/wp\/v2\/comments?post=8660"}],"version-history":[{"count":3,"href":"https:\/\/ordemdosfisioterapeutas.pt\/fr\/wp-json\/wp\/v2\/pages\/8660\/revisions"}],"predecessor-version":[{"id":12020,"href":"https:\/\/ordemdosfisioterapeutas.pt\/fr\/wp-json\/wp\/v2\/pages\/8660\/revisions\/12020"}],"wp:attachment":[{"href":"https:\/\/ordemdosfisioterapeutas.pt\/fr\/wp-json\/wp\/v2\/media?parent=8660"}],"curies":[{"name":"wp","href":"https:\/\/api.w.org\/{rel}","templated":true}]}}