{"id":8655,"date":"2024-08-22T10:16:16","date_gmt":"2024-08-22T09:16:16","guid":{"rendered":"https:\/\/ordemdosfisioterapeutas.pt\/?page_id=8655"},"modified":"2024-09-09T20:42:11","modified_gmt":"2024-09-09T19:42:11","slug":"representacao-internacional","status":"publish","type":"page","link":"https:\/\/ordemdosfisioterapeutas.pt\/fr\/representacao-internacional\/","title":{"rendered":"Repr\u00e9sentation internationale"},"content":{"rendered":"<div data-elementor-type=\"wp-page\" data-elementor-id=\"8655\" class=\"elementor elementor-8655\" data-elementor-post-type=\"page\">\n\t\t\t\t<div class=\"elementor-element elementor-element-5edbd95 e-con-full e-flex e-con e-parent\" data-id=\"5edbd95\" data-element_type=\"container\" data-e-type=\"container\">\n\t\t<div class=\"elementor-element elementor-element-a98da3f e-con-full e-flex e-con e-child\" data-id=\"a98da3f\" data-element_type=\"container\" data-e-type=\"container\">\n\t\t\t\t<div class=\"elementor-element elementor-element-42f9670 elementor-widget elementor-widget-image\" data-id=\"42f9670\" data-element_type=\"widget\" data-e-type=\"widget\" data-widget_type=\"image.default\">\n\t\t\t\t<div class=\"elementor-widget-container\">\n\t\t\t\t\t\t\t\t\t\t\t\t\t\t\t<img fetchpriority=\"high\" decoding=\"async\" width=\"600\" height=\"315\" src=\"https:\/\/ordemdosfisioterapeutas.pt\/wp-content\/uploads\/2024\/09\/internacional.png\" class=\"attachment-large size-large wp-image-8774\" alt=\"\" srcset=\"https:\/\/ordemdosfisioterapeutas.pt\/wp-content\/uploads\/2024\/09\/internacional.png 600w, https:\/\/ordemdosfisioterapeutas.pt\/wp-content\/uploads\/2024\/09\/internacional-300x158.png 300w, https:\/\/ordemdosfisioterapeutas.pt\/wp-content\/uploads\/2024\/09\/internacional-18x9.png 18w\" sizes=\"(max-width: 600px) 100vw, 600px\" \/>\t\t\t\t\t\t\t\t\t\t\t\t\t\t\t<\/div>\n\t\t\t\t<\/div>\n\t\t\t\t<\/div>\n\t\t\t\t<\/div>\n\t\t<div class=\"elementor-element elementor-element-c22b1f7 e-flex e-con-boxed e-con e-parent\" data-id=\"c22b1f7\" data-element_type=\"container\" data-e-type=\"container\">\n\t\t\t\t\t<div class=\"e-con-inner\">\n\t\t\t\t<div class=\"elementor-element elementor-element-dbe35ec elementor-widget elementor-widget-text-editor\" data-id=\"dbe35ec\" data-element_type=\"widget\" data-e-type=\"widget\" data-widget_type=\"text-editor.default\">\n\t\t\t\t<div class=\"elementor-widget-container\">\n\t\t\t\t\t\t\t\t\t<p>L'Ordre des physioth\u00e9rapeutes est affili\u00e9 \u00e0 plusieurs organisations internationales, ce qui souligne \u00e0 la fois l'identit\u00e9 et l'autonomie de la profession et son int\u00e9gration dans un r\u00e9seau mondial de contacts et de ressources. Depuis janvier 2023, l'Ordre est membre de World Physiotherapy, de la R\u00e9gion Europe de World Physiotherapy et d'EurHeCA - European Health Professionals' Competent Authorities. Ces affiliations permettent \u00e0 l'Ordre de participer \u00e0 des discussions globales sur les pratiques, les politiques et les d\u00e9veloppements de la physioth\u00e9rapie, ainsi que de faire partie de groupes sp\u00e9cialis\u00e9s qui promeuvent la collaboration et l'avancement de la profession au niveau international. L'Ordre est affili\u00e9 aux organisations suivantes :<\/p>\n<ul>\n<li><span style=\"text-decoration: underline;\"><a href=\"https:\/\/world.physio\/\" target=\"_blank\" rel=\"noopener\">World Physiotherapy<\/a> <\/span>(WP)<\/li>\n<li><span style=\"text-decoration: underline;\"><a href=\"https:\/\/world.physio\/specialtygroups\" target=\"_blank\" rel=\"noopener\">Groupes de sp\u00e9cialit\u00e9s de la physioth\u00e9rapie mondiale :<\/a>&nbsp;<\/span>International Physical Therapists for HIV\/AIDS, Oncology, Hospice and Palliative Care (<span style=\"text-decoration: underline;\"><a href=\"https:\/\/world.physio\/subgroups\/hiv-aids-oncology-hospice-palliative\" target=\"_blank\" rel=\"noopener\">IPT-HOPE<\/a><\/span>), l'Organisation internationale des physioth\u00e9rapeutes aquatiques (<a href=\"https:\/\/world.physio\/subgroups\/aquatic\" target=\"_blank\" rel=\"noopener\"><span>IOAPT<\/span><\/a>), l'Organisation internationale de physioth\u00e9rapie en sant\u00e9 mentale (<a href=\"https:\/\/world.physio\/subgroups\/mental-health\" target=\"_blank\" rel=\"noopener\"><span>IOPTMH<\/span><\/a>), l'Association internationale de physioth\u00e9rapie neurologique (<span style=\"text-decoration: underline;\"><a href=\"https:\/\/world.physio\/subgroups\/neurological\" target=\"_blank\" rel=\"noopener\">INPA<\/a>)<\/span>Organisation internationale des physioth\u00e9rapeutes en p\u00e9diatrie (<span style=\"text-decoration: underline;\"><a href=\"https:\/\/world.physio\/subgroups\/paediatrics\" target=\"_blank\" rel=\"noopener\">IOPTP<\/a><\/span>), la F\u00e9d\u00e9ration internationale des physioth\u00e9rapeutes travaillant dans le domaine de la sant\u00e9 au travail et de l'ergonomie (<span style=\"text-decoration: underline;\"><a href=\"https:\/\/world.physio\/subgroups\/occupational-health-ergonomics\" target=\"_blank\" rel=\"noopener\">IFPTOHE<\/a><\/span>), l'Association internationale des physioth\u00e9rapeutes travaillant avec les personnes \u00e2g\u00e9es (<span style=\"text-decoration: underline;\"><a href=\"https:\/\/world.physio\/subgroups\/older-people\" target=\"_blank\" rel=\"noopener\">IPTOP<\/a><\/span>)<\/li>\n<li><a href=\"https:\/\/www.erwcpt.eu\/\" target=\"_blank\" rel=\"noopener\"><span style=\"text-decoration: underline;\">R\u00e9gion Europe de la physioth\u00e9rapie mondiale<\/span> <\/a>(ER-WCPT)<\/li>\n<li><span style=\"text-decoration: underline;\"><a href=\"https:\/\/www.eurheca.eu\/en\/113-eurheca-en\" target=\"_blank\" rel=\"noopener\">EurHeCA - Autorit\u00e9s comp\u00e9tentes pour les professionnels de la sant\u00e9 en Europe<\/a><\/span><\/li>\n<\/ul>\t\t\t\t\t\t\t\t<\/div>\n\t\t\t\t<\/div>\n\t\t\t\t\t<\/div>\n\t\t\t\t<\/div>\n\t\t<div class=\"elementor-element elementor-element-1a0c9b8 e-flex e-con-boxed e-con e-parent\" data-id=\"1a0c9b8\" data-element_type=\"container\" data-e-type=\"container\">\n\t\t\t\t\t<div class=\"e-con-inner\">\n\t\t<div class=\"elementor-element elementor-element-91f1184 e-con-full e-flex e-con e-child\" data-id=\"91f1184\" data-element_type=\"container\" data-e-type=\"container\">\n\t\t\t\t<div class=\"elementor-element elementor-element-ba62020 elementor-widget elementor-widget-image\" data-id=\"ba62020\" data-element_type=\"widget\" data-e-type=\"widget\" data-widget_type=\"image.default\">\n\t\t\t\t<div class=\"elementor-widget-container\">\n\t\t\t\t\t\t\t\t\t\t\t\t\t\t\t<img decoding=\"async\" width=\"398\" height=\"300\" src=\"https:\/\/ordemdosfisioterapeutas.pt\/wp-content\/uploads\/2024\/09\/internacional_01.png\" class=\"attachment-large size-large wp-image-8775\" alt=\"\" srcset=\"https:\/\/ordemdosfisioterapeutas.pt\/wp-content\/uploads\/2024\/09\/internacional_01.png 398w, https:\/\/ordemdosfisioterapeutas.pt\/wp-content\/uploads\/2024\/09\/internacional_01-300x226.png 300w, https:\/\/ordemdosfisioterapeutas.pt\/wp-content\/uploads\/2024\/09\/internacional_01-16x12.png 16w\" sizes=\"(max-width: 398px) 100vw, 398px\" \/>\t\t\t\t\t\t\t\t\t\t\t\t\t\t\t<\/div>\n\t\t\t\t<\/div>\n\t\t\t\t<\/div>\n\t\t<div class=\"elementor-element elementor-element-dfa72aa e-con-full e-flex e-con e-child\" data-id=\"dfa72aa\" data-element_type=\"container\" data-e-type=\"container\">\n\t\t\t\t<div class=\"elementor-element elementor-element-9690749 elementor-widget elementor-widget-image\" data-id=\"9690749\" data-element_type=\"widget\" data-e-type=\"widget\" data-widget_type=\"image.default\">\n\t\t\t\t<div class=\"elementor-widget-container\">\n\t\t\t\t\t\t\t\t\t\t\t\t\t\t\t<img decoding=\"async\" width=\"402\" height=\"300\" src=\"https:\/\/ordemdosfisioterapeutas.pt\/wp-content\/uploads\/2024\/09\/internacional_02.png\" class=\"attachment-large size-large wp-image-8776\" alt=\"\" srcset=\"https:\/\/ordemdosfisioterapeutas.pt\/wp-content\/uploads\/2024\/09\/internacional_02.png 402w, https:\/\/ordemdosfisioterapeutas.pt\/wp-content\/uploads\/2024\/09\/internacional_02-300x224.png 300w, https:\/\/ordemdosfisioterapeutas.pt\/wp-content\/uploads\/2024\/09\/internacional_02-16x12.png 16w\" sizes=\"(max-width: 402px) 100vw, 402px\" \/>\t\t\t\t\t\t\t\t\t\t\t\t\t\t\t<\/div>\n\t\t\t\t<\/div>\n\t\t\t\t<\/div>\n\t\t<div class=\"elementor-element elementor-element-fd6aed6 e-con-full e-flex e-con e-child\" data-id=\"fd6aed6\" data-element_type=\"container\" data-e-type=\"container\">\n\t\t\t\t<div class=\"elementor-element elementor-element-cd8d006 elementor-widget elementor-widget-image\" data-id=\"cd8d006\" data-element_type=\"widget\" data-e-type=\"widget\" data-widget_type=\"image.default\">\n\t\t\t\t<div class=\"elementor-widget-container\">\n\t\t\t\t\t\t\t\t\t\t\t\t\t\t\t<img loading=\"lazy\" decoding=\"async\" width=\"400\" height=\"300\" src=\"https:\/\/ordemdosfisioterapeutas.pt\/wp-content\/uploads\/2024\/09\/internacional_03.png\" class=\"attachment-large size-large wp-image-8777\" alt=\"\" srcset=\"https:\/\/ordemdosfisioterapeutas.pt\/wp-content\/uploads\/2024\/09\/internacional_03.png 400w, https:\/\/ordemdosfisioterapeutas.pt\/wp-content\/uploads\/2024\/09\/internacional_03-300x225.png 300w, https:\/\/ordemdosfisioterapeutas.pt\/wp-content\/uploads\/2024\/09\/internacional_03-16x12.png 16w\" sizes=\"(max-width: 400px) 100vw, 400px\" \/>\t\t\t\t\t\t\t\t\t\t\t\t\t\t\t<\/div>\n\t\t\t\t<\/div>\n\t\t\t\t<\/div>\n\t\t\t\t\t<\/div>\n\t\t\t\t<\/div>\n\t\t\t\t<\/div>","protected":false},"excerpt":{"rendered":"<p>L'Ordre des physioth\u00e9rapeutes est affili\u00e9 \u00e0 plusieurs organisations internationales, ce qui souligne \u00e0 la fois l'identit\u00e9 et l'autonomie de la profession et son int\u00e9gration dans un r\u00e9seau mondial de contacts et de ressources. Depuis janvier 2023, l'Ordre est membre de World Physiotherapy, de la R\u00e9gion Europe de World Physiotherapy et d'EurHeCA - European Health ... <a title=\"Repr\u00e9sentation internationale\" class=\"read-more\" href=\"https:\/\/ordemdosfisioterapeutas.pt\/fr\/representacao-internacional\/\" aria-label=\"En savoir plus sur Repr\u00e9sentation internationale\">En savoir plus<\/a><\/p>","protected":false},"author":1,"featured_media":0,"parent":0,"menu_order":0,"comment_status":"closed","ping_status":"closed","template":"","meta":{"footnotes":""},"class_list":["post-8655","page","type-page","status-publish"],"_links":{"self":[{"href":"https:\/\/ordemdosfisioterapeutas.pt\/fr\/wp-json\/wp\/v2\/pages\/8655","targetHints":{"allow":["GET"]}}],"collection":[{"href":"https:\/\/ordemdosfisioterapeutas.pt\/fr\/wp-json\/wp\/v2\/pages"}],"about":[{"href":"https:\/\/ordemdosfisioterapeutas.pt\/fr\/wp-json\/wp\/v2\/types\/page"}],"author":[{"embeddable":true,"href":"https:\/\/ordemdosfisioterapeutas.pt\/fr\/wp-json\/wp\/v2\/users\/1"}],"replies":[{"embeddable":true,"href":"https:\/\/ordemdosfisioterapeutas.pt\/fr\/wp-json\/wp\/v2\/comments?post=8655"}],"version-history":[{"count":0,"href":"https:\/\/ordemdosfisioterapeutas.pt\/fr\/wp-json\/wp\/v2\/pages\/8655\/revisions"}],"wp:attachment":[{"href":"https:\/\/ordemdosfisioterapeutas.pt\/fr\/wp-json\/wp\/v2\/media?parent=8655"}],"curies":[{"name":"wp","href":"https:\/\/api.w.org\/{rel}","templated":true}]}}