{"id":8650,"date":"2024-08-22T10:12:21","date_gmt":"2024-08-22T09:12:21","guid":{"rendered":"https:\/\/ordemdosfisioterapeutas.pt\/?page_id=8650"},"modified":"2024-09-09T20:40:49","modified_gmt":"2024-09-09T19:40:49","slug":"representacao-nacional","status":"publish","type":"page","link":"https:\/\/ordemdosfisioterapeutas.pt\/fr\/representacao-nacional\/","title":{"rendered":"Repr\u00e9sentation nationale"},"content":{"rendered":"<div data-elementor-type=\"wp-page\" data-elementor-id=\"8650\" class=\"elementor elementor-8650\" data-elementor-post-type=\"page\">\n\t\t\t\t<div class=\"elementor-element elementor-element-581cabf e-flex e-con-boxed e-con e-parent\" data-id=\"581cabf\" data-element_type=\"container\" data-e-type=\"container\">\n\t\t\t\t\t<div class=\"e-con-inner\">\n\t\t<div class=\"elementor-element elementor-element-3ed2425 e-con-full e-flex e-con e-child\" data-id=\"3ed2425\" data-element_type=\"container\" data-e-type=\"container\">\n\t\t\t\t<div class=\"elementor-element elementor-element-9bba05e elementor-widget elementor-widget-image\" data-id=\"9bba05e\" data-element_type=\"widget\" data-e-type=\"widget\" data-widget_type=\"image.default\">\n\t\t\t\t<div class=\"elementor-widget-container\">\n\t\t\t\t\t\t\t\t\t\t\t\t\t\t\t<img fetchpriority=\"high\" decoding=\"async\" width=\"600\" height=\"315\" src=\"https:\/\/ordemdosfisioterapeutas.pt\/wp-content\/uploads\/2024\/09\/nacional.png\" class=\"attachment-large size-large wp-image-8781\" alt=\"\" srcset=\"https:\/\/ordemdosfisioterapeutas.pt\/wp-content\/uploads\/2024\/09\/nacional.png 600w, https:\/\/ordemdosfisioterapeutas.pt\/wp-content\/uploads\/2024\/09\/nacional-300x158.png 300w, https:\/\/ordemdosfisioterapeutas.pt\/wp-content\/uploads\/2024\/09\/nacional-18x9.png 18w\" sizes=\"(max-width: 600px) 100vw, 600px\" \/>\t\t\t\t\t\t\t\t\t\t\t\t\t\t\t<\/div>\n\t\t\t\t<\/div>\n\t\t\t\t<\/div>\n\t\t\t\t\t<\/div>\n\t\t\t\t<\/div>\n\t\t<div class=\"elementor-element elementor-element-c737be9 e-flex e-con-boxed e-con e-parent\" data-id=\"c737be9\" data-element_type=\"container\" data-e-type=\"container\">\n\t\t\t\t\t<div class=\"e-con-inner\">\n\t\t\t\t<div class=\"elementor-element elementor-element-83674ce elementor-widget elementor-widget-text-editor\" data-id=\"83674ce\" data-element_type=\"widget\" data-e-type=\"widget\" data-widget_type=\"text-editor.default\">\n\t\t\t\t<div class=\"elementor-widget-container\">\n\t\t\t\t\t\t\t\t\t<p>L'Ordre des physioth\u00e9rapeutes joue un r\u00f4le actif dans diverses organisations nationales, renfor\u00e7ant ainsi la pr\u00e9sence et l'influence de la physioth\u00e9rapie au Portugal. Ces repr\u00e9sentations permettent \u00e0 l'Ordre de collaborer et de contribuer au d\u00e9veloppement des politiques publiques et des normes de sant\u00e9 dans le pays, en veillant \u00e0 ce que la voix des physioth\u00e9rapeutes soit entendue dans les forums les plus divers. L'Ordre est membre des organisations nationales suivantes :<\/p><ul><li><a href=\"https:\/\/cnop.pt\/\" target=\"_blank\" rel=\"noopener\"><span style=\"text-decoration: underline;\">Conseil national des associations professionnelles<\/span><\/a><span style=\"text-decoration: underline;\"> (CNOP)<\/span><\/li><li><span style=\"text-decoration: underline;\"><a href=\"https:\/\/www.cns.min-saude.pt\/\" target=\"_blank\" rel=\"noopener\">Conseil national de la sant\u00e9<\/a> (CNS)<\/span><\/li><li><span style=\"text-decoration: underline;\"><a href=\"https:\/\/www.ipq.pt\/\" target=\"_blank\" rel=\"noopener\">Institut portugais de la qualit\u00e9<\/a> (IPQ)<\/span><\/li><li><span style=\"text-decoration: underline;\"><a href=\"https:\/\/pactoparaoclima.portodigital.pt\/?p=9046\" target=\"_blank\" rel=\"noopener\">Conseil portugais pour la sant\u00e9 et l'environnement<\/a> (CPSA)<\/span><\/li><\/ul>\t\t\t\t\t\t\t\t<\/div>\n\t\t\t\t<\/div>\n\t\t\t\t\t<\/div>\n\t\t\t\t<\/div>\n\t\t<div class=\"elementor-element elementor-element-bf0ae5b e-flex e-con-boxed e-con e-parent\" data-id=\"bf0ae5b\" data-element_type=\"container\" data-e-type=\"container\">\n\t\t\t\t\t<div class=\"e-con-inner\">\n\t\t<div class=\"elementor-element elementor-element-4f2d39b e-con-full e-flex e-con e-child\" data-id=\"4f2d39b\" data-element_type=\"container\" data-e-type=\"container\">\n\t\t\t\t<div class=\"elementor-element elementor-element-2baf97a elementor-widget elementor-widget-image\" data-id=\"2baf97a\" data-element_type=\"widget\" data-e-type=\"widget\" data-widget_type=\"image.default\">\n\t\t\t\t<div class=\"elementor-widget-container\">\n\t\t\t\t\t\t\t\t\t\t\t\t\t\t\t<img decoding=\"async\" width=\"398\" height=\"300\" src=\"https:\/\/ordemdosfisioterapeutas.pt\/wp-content\/uploads\/2024\/09\/nacional_01.png\" class=\"attachment-large size-large wp-image-8783\" alt=\"\" srcset=\"https:\/\/ordemdosfisioterapeutas.pt\/wp-content\/uploads\/2024\/09\/nacional_01.png 398w, https:\/\/ordemdosfisioterapeutas.pt\/wp-content\/uploads\/2024\/09\/nacional_01-300x226.png 300w, https:\/\/ordemdosfisioterapeutas.pt\/wp-content\/uploads\/2024\/09\/nacional_01-16x12.png 16w\" sizes=\"(max-width: 398px) 100vw, 398px\" \/>\t\t\t\t\t\t\t\t\t\t\t\t\t\t\t<\/div>\n\t\t\t\t<\/div>\n\t\t\t\t<\/div>\n\t\t<div class=\"elementor-element elementor-element-451f336 e-con-full e-flex e-con e-child\" data-id=\"451f336\" data-element_type=\"container\" data-e-type=\"container\">\n\t\t\t\t<div class=\"elementor-element elementor-element-71c7333 elementor-widget elementor-widget-image\" data-id=\"71c7333\" data-element_type=\"widget\" data-e-type=\"widget\" data-widget_type=\"image.default\">\n\t\t\t\t<div class=\"elementor-widget-container\">\n\t\t\t\t\t\t\t\t\t\t\t\t\t\t\t<img decoding=\"async\" width=\"402\" height=\"300\" src=\"https:\/\/ordemdosfisioterapeutas.pt\/wp-content\/uploads\/2024\/09\/nacional_02.png\" class=\"attachment-large size-large wp-image-8784\" alt=\"\" srcset=\"https:\/\/ordemdosfisioterapeutas.pt\/wp-content\/uploads\/2024\/09\/nacional_02.png 402w, https:\/\/ordemdosfisioterapeutas.pt\/wp-content\/uploads\/2024\/09\/nacional_02-300x224.png 300w, https:\/\/ordemdosfisioterapeutas.pt\/wp-content\/uploads\/2024\/09\/nacional_02-16x12.png 16w\" sizes=\"(max-width: 402px) 100vw, 402px\" \/>\t\t\t\t\t\t\t\t\t\t\t\t\t\t\t<\/div>\n\t\t\t\t<\/div>\n\t\t\t\t<\/div>\n\t\t<div class=\"elementor-element elementor-element-4c9c7c8 e-con-full e-flex e-con e-child\" data-id=\"4c9c7c8\" data-element_type=\"container\" data-e-type=\"container\">\n\t\t\t\t<div class=\"elementor-element elementor-element-dceabaf elementor-widget elementor-widget-image\" data-id=\"dceabaf\" data-element_type=\"widget\" data-e-type=\"widget\" data-widget_type=\"image.default\">\n\t\t\t\t<div class=\"elementor-widget-container\">\n\t\t\t\t\t\t\t\t\t\t\t\t\t\t\t<img loading=\"lazy\" decoding=\"async\" width=\"400\" height=\"300\" src=\"https:\/\/ordemdosfisioterapeutas.pt\/wp-content\/uploads\/2024\/09\/nacional_03.png\" class=\"attachment-large size-large wp-image-8785\" alt=\"\" srcset=\"https:\/\/ordemdosfisioterapeutas.pt\/wp-content\/uploads\/2024\/09\/nacional_03.png 400w, https:\/\/ordemdosfisioterapeutas.pt\/wp-content\/uploads\/2024\/09\/nacional_03-300x225.png 300w, https:\/\/ordemdosfisioterapeutas.pt\/wp-content\/uploads\/2024\/09\/nacional_03-16x12.png 16w\" sizes=\"(max-width: 400px) 100vw, 400px\" \/>\t\t\t\t\t\t\t\t\t\t\t\t\t\t\t<\/div>\n\t\t\t\t<\/div>\n\t\t\t\t<\/div>\n\t\t<div class=\"elementor-element elementor-element-f5662df e-con-full e-flex e-con e-child\" data-id=\"f5662df\" data-element_type=\"container\" data-e-type=\"container\">\n\t\t\t\t<div class=\"elementor-element elementor-element-541b857 elementor-widget elementor-widget-image\" data-id=\"541b857\" data-element_type=\"widget\" data-e-type=\"widget\" data-widget_type=\"image.default\">\n\t\t\t\t<div class=\"elementor-widget-container\">\n\t\t\t\t\t\t\t\t\t\t\t\t\t\t\t<img loading=\"lazy\" decoding=\"async\" width=\"400\" height=\"300\" src=\"https:\/\/ordemdosfisioterapeutas.pt\/wp-content\/uploads\/2024\/09\/nacional_04.png\" class=\"attachment-large size-large wp-image-8786\" alt=\"\" srcset=\"https:\/\/ordemdosfisioterapeutas.pt\/wp-content\/uploads\/2024\/09\/nacional_04.png 400w, https:\/\/ordemdosfisioterapeutas.pt\/wp-content\/uploads\/2024\/09\/nacional_04-300x225.png 300w, https:\/\/ordemdosfisioterapeutas.pt\/wp-content\/uploads\/2024\/09\/nacional_04-16x12.png 16w\" sizes=\"(max-width: 400px) 100vw, 400px\" \/>\t\t\t\t\t\t\t\t\t\t\t\t\t\t\t<\/div>\n\t\t\t\t<\/div>\n\t\t\t\t<\/div>\n\t\t\t\t\t<\/div>\n\t\t\t\t<\/div>\n\t\t\t\t<\/div>","protected":false},"excerpt":{"rendered":"<p>L'Ordre des physioth\u00e9rapeutes joue un r\u00f4le actif dans diverses organisations nationales, renfor\u00e7ant ainsi la pr\u00e9sence et l'influence de la physioth\u00e9rapie au Portugal. Ces repr\u00e9sentations permettent \u00e0 l'Ordre de collaborer et de contribuer au d\u00e9veloppement des politiques publiques et des normes de sant\u00e9 dans le pays, en veillant \u00e0 ce que la voix des physioth\u00e9rapeutes soit entendue dans les forums les plus divers. A ... <a title=\"Repr\u00e9sentation nationale\" class=\"read-more\" href=\"https:\/\/ordemdosfisioterapeutas.pt\/fr\/representacao-nacional\/\" aria-label=\"En savoir plus sur Repr\u00e9sentation nationale\">En savoir plus<\/a><\/p>","protected":false},"author":1,"featured_media":0,"parent":0,"menu_order":0,"comment_status":"closed","ping_status":"closed","template":"","meta":{"footnotes":""},"class_list":["post-8650","page","type-page","status-publish"],"_links":{"self":[{"href":"https:\/\/ordemdosfisioterapeutas.pt\/fr\/wp-json\/wp\/v2\/pages\/8650","targetHints":{"allow":["GET"]}}],"collection":[{"href":"https:\/\/ordemdosfisioterapeutas.pt\/fr\/wp-json\/wp\/v2\/pages"}],"about":[{"href":"https:\/\/ordemdosfisioterapeutas.pt\/fr\/wp-json\/wp\/v2\/types\/page"}],"author":[{"embeddable":true,"href":"https:\/\/ordemdosfisioterapeutas.pt\/fr\/wp-json\/wp\/v2\/users\/1"}],"replies":[{"embeddable":true,"href":"https:\/\/ordemdosfisioterapeutas.pt\/fr\/wp-json\/wp\/v2\/comments?post=8650"}],"version-history":[{"count":0,"href":"https:\/\/ordemdosfisioterapeutas.pt\/fr\/wp-json\/wp\/v2\/pages\/8650\/revisions"}],"wp:attachment":[{"href":"https:\/\/ordemdosfisioterapeutas.pt\/fr\/wp-json\/wp\/v2\/media?parent=8650"}],"curies":[{"name":"wp","href":"https:\/\/api.w.org\/{rel}","templated":true}]}}