{"id":5994,"date":"2023-05-11T15:10:53","date_gmt":"2023-05-11T14:10:53","guid":{"rendered":"https:\/\/ordemdosfisioterapeutas.pt\/?page_id=5994"},"modified":"2026-04-19T19:21:05","modified_gmt":"2026-04-19T18:21:05","slug":"formacao-pos-graduada","status":"publish","type":"page","link":"https:\/\/ordemdosfisioterapeutas.pt\/fr\/formacao-pos-graduada\/","title":{"rendered":"Formation postuniversitaire"},"content":{"rendered":"<div data-elementor-type=\"wp-page\" data-elementor-id=\"5994\" class=\"elementor elementor-5994\" data-elementor-post-type=\"page\">\n\t\t\t\t\t\t<section class=\"elementor-section elementor-top-section elementor-element elementor-element-ecf45ad elementor-section-boxed elementor-section-height-default elementor-section-height-default\" data-id=\"ecf45ad\" data-element_type=\"section\" data-e-type=\"section\">\n\t\t\t\t\t\t<div class=\"elementor-container elementor-column-gap-default\">\n\t\t\t\t\t<div class=\"elementor-column elementor-col-100 elementor-top-column elementor-element elementor-element-724a1b3\" data-id=\"724a1b3\" data-element_type=\"column\" data-e-type=\"column\">\n\t\t\t<div class=\"elementor-widget-wrap elementor-element-populated\">\n\t\t\t\t\t\t<div class=\"elementor-element elementor-element-3d21354 elementor-widget elementor-widget-heading\" data-id=\"3d21354\" data-element_type=\"widget\" data-e-type=\"widget\" data-widget_type=\"heading.default\">\n\t\t\t\t<div class=\"elementor-widget-container\">\n\t\t\t\t\t<h2 class=\"elementor-heading-title elementor-size-default\">Ma\u00eetrise<\/h2>\t\t\t\t<\/div>\n\t\t\t\t<\/div>\n\t\t\t\t\t<\/div>\n\t\t<\/div>\n\t\t\t\t\t<\/div>\n\t\t<\/section>\n\t\t\t\t<section class=\"elementor-section elementor-top-section elementor-element elementor-element-366c180 elementor-section-boxed elementor-section-height-default elementor-section-height-default\" data-id=\"366c180\" data-element_type=\"section\" data-e-type=\"section\">\n\t\t\t\t\t\t<div class=\"elementor-container elementor-column-gap-default\">\n\t\t\t\t\t<div class=\"elementor-column elementor-col-100 elementor-top-column elementor-element elementor-element-2113fbe\" data-id=\"2113fbe\" data-element_type=\"column\" data-e-type=\"column\">\n\t\t\t<div class=\"elementor-widget-wrap elementor-element-populated\">\n\t\t\t\t\t\t<div class=\"elementor-element elementor-element-bf801f5 elementor-widget elementor-widget-text-editor\" data-id=\"bf801f5\" data-element_type=\"widget\" data-e-type=\"widget\" data-widget_type=\"text-editor.default\">\n\t\t\t\t<div class=\"elementor-widget-container\">\n\t\t\t\t\t\t\t\t\t<p>Cycles d'\u00e9tudes de ma\u00eetrise en physioth\u00e9rapie* :<\/p>\t\t\t\t\t\t\t\t<\/div>\n\t\t\t\t<\/div>\n\t\t\t\t<div class=\"elementor-element elementor-element-c769b6b elementor-widget elementor-widget-text-editor\" data-id=\"c769b6b\" data-element_type=\"widget\" data-e-type=\"widget\" data-widget_type=\"text-editor.default\">\n\t\t\t\t<div class=\"elementor-widget-container\">\n\t\t\t\t\t\t\t\t\t<ul><li><p>Ma\u00eetrise en physioth\u00e9rapie - \u00c9cole de sant\u00e9 de l'universit\u00e9 d'Aveiro<br \/><a href=\"https:\/\/www.ua.pt\/pt\/curso\/1715\" target=\"_blank\" rel=\"noopener\">Master en physioth\u00e9rapie cardiovasculaire et respiratoire<\/a><br \/><a href=\"https:\/\/si.a3es.pt\/sia3es\/page?stage=ConsultaPublicaProcesso&amp;processID=129\" target=\"_blank\" rel=\"noopener\">Accr\u00e9ditation par l'A3ES\u00a0<\/a>- Nombre total d'ECTS : 120<\/p><\/li><\/ul>\t\t\t\t\t\t\t\t<\/div>\n\t\t\t\t<\/div>\n\t\t\t\t<div class=\"elementor-element elementor-element-bff5a69 elementor-widget elementor-widget-text-editor\" data-id=\"bff5a69\" data-element_type=\"widget\" data-e-type=\"widget\" data-widget_type=\"text-editor.default\">\n\t\t\t\t<div class=\"elementor-widget-container\">\n\t\t\t\t\t\t\t\t\t<ul><li>Master en physioth\u00e9rapie - <span style=\"text-decoration: underline;\"><a href=\"https:\/\/www.ua.pt\/pt\/curso\/1792\" target=\"_blank\" rel=\"noopener\">\u00c9cole de sant\u00e9 de l'universit\u00e9 d'Aveiro<\/a><\/span> e <span style=\"text-decoration: underline;\"><a href=\"https:\/\/ess.ips.pt\/estudar\/mestrados\/fisioterapia-do-desporto\/\" target=\"_blank\" rel=\"noopener\">\u00c9cole de sant\u00e9 de l'Institut polytechnique de Set\u00fabal<\/a><\/span><br \/>Ma\u00eetrise en physioth\u00e9rapie du sport<br \/><span style=\"text-decoration: underline;\"><a href=\"https:\/\/si.a3es.pt\/sia3es\/page?stage=ConsultaPublicaProcesso&amp;processID=4335\" target=\"_blank\" rel=\"noopener\">Accr\u00e9ditation par l'A3ES<\/a><\/span>\u00a0- Nombre total d'ECTS : 120<\/li><\/ul>\t\t\t\t\t\t\t\t<\/div>\n\t\t\t\t<\/div>\n\t\t\t\t<div class=\"elementor-element elementor-element-1067a0d elementor-widget elementor-widget-text-editor\" data-id=\"1067a0d\" data-element_type=\"widget\" data-e-type=\"widget\" data-widget_type=\"text-editor.default\">\n\t\t\t\t<div class=\"elementor-widget-container\">\n\t\t\t\t\t\t\t\t\t<ul><li><a href=\"https:\/\/www.ipleiria.pt\/curso\/fisioterapia\/\" target=\"_blank\" rel=\"noopener\"><span style=\"text-decoration: underline;\">Master en physioth\u00e9rapie<\/span><\/a> - \u00c9cole de sant\u00e9 de l'Institut polytechnique de Leiria<br \/>Domaine d'expertise en physioth\u00e9rapie p\u00e9diatrique<br \/>Domaine d'expertise en mati\u00e8re de prescription d'exercices physiques<br \/><span style=\"text-decoration: underline;\"><a href=\"https:\/\/a3es.pt\/pt\/resultados-acreditacao\/fisioterapia-47\" target=\"_blank\" rel=\"noopener\">Accr\u00e9ditation par l'A3ES<\/a><\/span> - Nombre total d'ECTS : 120<\/li><\/ul>\t\t\t\t\t\t\t\t<\/div>\n\t\t\t\t<\/div>\n\t\t\t\t<div class=\"elementor-element elementor-element-19df999 elementor-widget elementor-widget-text-editor\" data-id=\"19df999\" data-element_type=\"widget\" data-e-type=\"widget\" data-widget_type=\"text-editor.default\">\n\t\t\t\t<div class=\"elementor-widget-container\">\n\t\t\t\t\t\t\t\t\t<ul><li>Master en physioth\u00e9rapie - Escola Superior de Sa\u00fade - Polit\u00e9cnico do Porto<br \/>Domaine de sp\u00e9cialisation cardio-respiratoire<br \/>Sp\u00e9cialisation en sport<br \/>Domaine de sp\u00e9cialisation en neurologie<br \/>Domaine de sp\u00e9cialisation en neuro-musculo-squelettique<br \/>Sant\u00e9 des femmes et plancher pelvien Domaine de sp\u00e9cialisation<br \/><span style=\"text-decoration: underline;\"><a href=\"https:\/\/si.a3es.pt\/sia3es\/page?stage=ConsultaPublicaProcesso&amp;processID=21844#none\" target=\"_blank\" rel=\"noopener\">Accr\u00e9ditation par l'A3ES<\/a><\/span> - Nombre total d'ECTS : 120<\/li><\/ul>\t\t\t\t\t\t\t\t<\/div>\n\t\t\t\t<\/div>\n\t\t\t\t<div class=\"elementor-element elementor-element-04ed7a1 elementor-widget elementor-widget-text-editor\" data-id=\"04ed7a1\" data-element_type=\"widget\" data-e-type=\"widget\" data-widget_type=\"text-editor.default\">\n\t\t\t\t<div class=\"elementor-widget-container\">\n\t\t\t\t\t\t\t\t\t<ul><li><span style=\"text-decoration: underline;\"><a href=\"https:\/\/www.santamariasaude.pt\/mestrados\/mestrado-em-fisioterapia-em-condicoes-neuro-musculo-esqueleticas\/\" target=\"_blank\" rel=\"noopener\">Master en physioth\u00e9rapie dans le domaine des affections neuro-musculo-squelettiques<\/a><\/span> - \u00c9cole de sant\u00e9 de Santa Maria<br \/><a href=\"https:\/\/www.a3es.pt\/pt\/resultados-acreditacao\/mestrado-em-fisioterapia-em-condicoes-neuro-musculo-esqueleticas\" target=\"_blank\" rel=\"noopener\"><span style=\"text-decoration: underline;\">Accr\u00e9ditation par l'A3ES<\/span><\/a> - Nombre total d'ECTS : 90<\/li><\/ul>\t\t\t\t\t\t\t\t<\/div>\n\t\t\t\t<\/div>\n\t\t\t\t<div class=\"elementor-element elementor-element-23a0a67 elementor-widget elementor-widget-text-editor\" data-id=\"23a0a67\" data-element_type=\"widget\" data-e-type=\"widget\" data-widget_type=\"text-editor.default\">\n\t\t\t\t<div class=\"elementor-widget-container\">\n\t\t\t\t\t\t\t\t\t<ul><li><a href=\"https:\/\/www.ess.ips.pt\/pr-tica-avan-ada-de-fisioterapia-em-neurologia\" target=\"_blank\" rel=\"noopener\"><span style=\"text-decoration: underline;\">Master en pratique avanc\u00e9e de la physioth\u00e9rapie en neurologie<\/span><\/a> - \u00c9cole de sant\u00e9 de l'Institut polytechnique de Set\u00fabal<br \/><span style=\"text-decoration: underline;\"><a href=\"https:\/\/a3es.pt\/pt\/resultados-acreditacao\/mestrado-de-pratica-avancada-de-fisioterapia-em-neurologia\" target=\"_blank\" rel=\"noopener\">Accr\u00e9ditation par l'A3ES<\/a><\/span> - Nombre total d'ECTS : 90<\/li><\/ul>\t\t\t\t\t\t\t\t<\/div>\n\t\t\t\t<\/div>\n\t\t\t\t<div class=\"elementor-element elementor-element-e36be58 elementor-widget elementor-widget-text-editor\" data-id=\"e36be58\" data-element_type=\"widget\" data-e-type=\"widget\" data-widget_type=\"text-editor.default\">\n\t\t\t\t<div class=\"elementor-widget-container\">\n\t\t\t\t\t\t\t\t\t<ul><li><a href=\"https:\/\/www.ess.ips.pt\/cursos\/mestrados\/mfcme\" target=\"_blank\" rel=\"noopener\"><span style=\"text-decoration: underline;\">Ma\u00eetrise en physioth\u00e9rapie des troubles musculo-squelettiques<\/span><\/a> - Cours organis\u00e9 en partenariat entre l'Escola Superior de Sa\u00fade de l'Instituto Polit\u00e9cnico de Set\u00fabal, la NOVA Medical School et l'Escola Nacional de Sa\u00fade P\u00fablica de l'Universidade Nova de Lisboa.<br \/><a href=\"https:\/\/a3es.pt\/pt\/resultados-acreditacao\/fisioterapia-em-condicoes-musculo-esqueleticas\" target=\"_blank\" rel=\"noopener\"><span style=\"text-decoration: underline;\">Accr\u00e9ditation par l'A3ES<\/span><\/a> - Nombre total d'ECTS : 120<\/li><\/ul>\t\t\t\t\t\t\t\t<\/div>\n\t\t\t\t<\/div>\n\t\t\t\t<div class=\"elementor-element elementor-element-d9f5143 elementor-widget elementor-widget-text-editor\" data-id=\"d9f5143\" data-element_type=\"widget\" data-e-type=\"widget\" data-widget_type=\"text-editor.default\">\n\t\t\t\t<div class=\"elementor-widget-container\">\n\t\t\t\t\t\t\t\t\t<ul><li><a href=\"https:\/\/www.essa.pt\/portal\/cursos\/mestrados\/\" target=\"_blank\" rel=\"noopener\"><span style=\"text-decoration: underline;\">Master en physioth\u00e9rapie<\/span><\/a> - \u00c9cole de sant\u00e9 d'Alcoit\u00e3o<br \/>Domaine de sp\u00e9cialisation en physioth\u00e9rapie neurofonctionnelle<br \/>Domaine de sp\u00e9cialisation en physioth\u00e9rapie des affections musculo-squelettiques<br \/>Domaine de sp\u00e9cialisation en physioth\u00e9rapie dans le domaine de la sant\u00e9 pelvienne et f\u00e9minine<br \/>Accr\u00e9ditation par l'A3ES - Nombre total d'ECTS : 120<\/li><\/ul>\t\t\t\t\t\t\t\t<\/div>\n\t\t\t\t<\/div>\n\t\t\t\t<div class=\"elementor-element elementor-element-928e635 elementor-widget elementor-widget-text-editor\" data-id=\"928e635\" data-element_type=\"widget\" data-e-type=\"widget\" data-widget_type=\"text-editor.default\">\n\t\t\t\t<div class=\"elementor-widget-container\">\n\t\t\t\t\t\t\t\t\t<ul><li><a href=\"https:\/\/candidaturas.cespu.pt\/cursos\/mestrados\/mestrado-em-fisioterapia-gandra-paredes\" target=\"_blank\" rel=\"noopener\"><span style=\"text-decoration: underline;\">Master en physioth\u00e9rapie<\/span><\/a>- Institut polytechnique de sant\u00e9 du Nord - \u00c9cole des technologies de la sant\u00e9 T\u00e2mega e Sousa<br \/>Domaine d'expertise en musculosquelettique<br \/>Domaine d'expertise en neurologie<br \/>Domaine d'expertise en cardiorespiratoire<br \/><span style=\"text-decoration: underline;\"><a href=\"https:\/\/web01.a3es.pt\/pt\/resultados-acreditacao\/fisioterapia-64\" target=\"_blank\" rel=\"noopener\">Accr\u00e9ditation par l'A3ES<\/a><\/span> - Nombre total d'ECTS : 120<\/li><\/ul>\t\t\t\t\t\t\t\t<\/div>\n\t\t\t\t<\/div>\n\t\t\t\t<div class=\"elementor-element elementor-element-6d82d84 elementor-widget elementor-widget-text-editor\" data-id=\"6d82d84\" data-element_type=\"widget\" data-e-type=\"widget\" data-widget_type=\"text-editor.default\">\n\t\t\t\t<div class=\"elementor-widget-container\">\n\t\t\t\t\t\t\t\t\t<ul><li><a href=\"https:\/\/www.egasmoniz.com.pt\/courses\/mestrado-fisioterapia\" target=\"_blank\" rel=\"noopener\"><span style=\"text-decoration: underline;\">Master en physioth\u00e9rapie<\/span><\/a> - \u00c9cole sup\u00e9rieure de sant\u00e9 Egas Moniz<br \/>Domaine de sp\u00e9cialisation en physioth\u00e9rapie du sport<br \/>Domaine de sp\u00e9cialisation en physioth\u00e9rapie neuromusculosquelettique<br \/><a href=\"https:\/\/www.a3es.pt\/pt\/resultados-acreditacao\/fisioterapia-48\" target=\"_blank\" rel=\"noopener\"><span style=\"text-decoration: underline;\">Accr\u00e9ditation par l'A3ES<\/span><\/a> - Nombre total d'ECTS : 120<\/li><\/ul>\t\t\t\t\t\t\t\t<\/div>\n\t\t\t\t<\/div>\n\t\t\t\t<div class=\"elementor-element elementor-element-b37b7a9 elementor-widget elementor-widget-text-editor\" data-id=\"b37b7a9\" data-element_type=\"widget\" data-e-type=\"widget\" data-widget_type=\"text-editor.default\">\n\t\t\t\t<div class=\"elementor-widget-container\">\n\t\t\t\t\t\t\t\t\t<ul><li><a href=\"https:\/\/www.estesc.ipc.pt\/index.php\/candidato\/candidaturas-a-mestrados\/fisioterapia\/\" target=\"_blank\" rel=\"noopener\"><span style=\"text-decoration: underline;\">Master en physioth\u00e9rapie<\/span><\/a> - Institut polytechnique de Coimbra - \u00c9cole de technologie de la sant\u00e9<br \/>Domaine de sp\u00e9cialisation : \u00e9valuation du mouvement et application clinique<br \/><a href=\"https:\/\/www.a3es.pt\/pt\/resultados-acreditacao\/fisioterapia-54\" target=\"_blank\" rel=\"noopener\"><span style=\"text-decoration: underline;\">Accr\u00e9ditation par l'A3ES<\/span><\/a> - Nombre total d'ECTS : 120<\/li><\/ul>\t\t\t\t\t\t\t\t<\/div>\n\t\t\t\t<\/div>\n\t\t\t\t<div class=\"elementor-element elementor-element-4626373 elementor-widget elementor-widget-text-editor\" data-id=\"4626373\" data-element_type=\"widget\" data-e-type=\"widget\" data-widget_type=\"text-editor.default\">\n\t\t\t\t<div class=\"elementor-widget-container\">\n\t\t\t\t\t\t\t\t\t<ul><li><a href=\"https:\/\/www.essl.ipl.pt\/estudar\/mestrados\" target=\"_blank\" rel=\"noopener\"><span style=\"text-decoration: underline;\">Master en physioth\u00e9rapie<\/span><\/a>- \u00c9cole de sant\u00e9 - Institut polytechnique de Lisbonne <br \/><span style=\"text-decoration: underline;\"><a href=\"https:\/\/www.essl.ipl.pt\/estudar\/fisioterapia-neurologica\" target=\"_blank\" rel=\"noopener\">Domaine de sp\u00e9cialisation de la physioth\u00e9rapie neurologique<\/a><\/span><br \/>Domaine de sp\u00e9cialisation du vieillissement actif et de la physioth\u00e9rapie<br \/><span style=\"text-decoration: underline;\"><a href=\"https:\/\/www.essl.ipl.pt\/estudar\/mestrados\/fisioterapia-saude-da-mulher\" target=\"_blank\" rel=\"noopener\">Domaine de sp\u00e9cialisation de la physioth\u00e9rapie dans la sant\u00e9 des femmes<\/a><\/span><br \/><span style=\"text-decoration: underline;\"><a href=\"https:\/\/si.a3es.pt\/sia3es\/page?stage=ConsultaPublicaProcesso&amp;processID=3212\" target=\"_blank\" rel=\"noopener\">Accr\u00e9ditation par l'A3ES\u00a0<\/a><\/span>- Nombre total d'ECTS : 120<\/li><\/ul>\t\t\t\t\t\t\t\t<\/div>\n\t\t\t\t<\/div>\n\t\t\t\t<div class=\"elementor-element elementor-element-ee67266 elementor-widget elementor-widget-text-editor\" data-id=\"ee67266\" data-element_type=\"widget\" data-e-type=\"widget\" data-widget_type=\"text-editor.default\">\n\t\t\t\t<div class=\"elementor-widget-container\">\n\t\t\t\t\t\t\t\t\t<ul><li><a href=\"https:\/\/ess.fernandopessoa.pt\/cursos\/mestrado-fisioterapia\/\" target=\"_blank\" rel=\"noopener\"><span style=\"text-decoration: underline;\">Master en physioth\u00e9rapie<\/span><\/a> - \u00c9cole de sant\u00e9 de la Fondation Fernando Pessoa<p>Domaine de sp\u00e9cialisation en physioth\u00e9rapie M\u00e8re-enfant<br \/>Domaine de sp\u00e9cialisation en physioth\u00e9rapie Senescence<br \/>Domaine de sp\u00e9cialisation en physioth\u00e9rapie du sport<br \/><span style=\"text-decoration: underline;\"><a href=\"https:\/\/www.a3es.pt\/pt\/resultados-acreditacao\/fisioterapia-57\" target=\"_blank\" rel=\"noopener\">Accr\u00e9ditation par l'A3ES<\/a><\/span> - Nombre total d'ECTS : 120<\/p><\/li><\/ul>\t\t\t\t\t\t\t\t<\/div>\n\t\t\t\t<\/div>\n\t\t\t\t\t<\/div>\n\t\t<\/div>\n\t\t\t\t\t<\/div>\n\t\t<\/section>\n\t\t\t\t<section class=\"elementor-section elementor-top-section elementor-element elementor-element-ec424e3 elementor-section-boxed elementor-section-height-default elementor-section-height-default\" data-id=\"ec424e3\" data-element_type=\"section\" data-e-type=\"section\">\n\t\t\t\t\t\t<div class=\"elementor-container elementor-column-gap-default\">\n\t\t\t\t\t<div class=\"elementor-column elementor-col-100 elementor-top-column elementor-element elementor-element-80ac38e\" data-id=\"80ac38e\" data-element_type=\"column\" data-e-type=\"column\">\n\t\t\t<div class=\"elementor-widget-wrap elementor-element-populated\">\n\t\t\t\t\t\t<div class=\"elementor-element elementor-element-1ec916e elementor-widget elementor-widget-heading\" data-id=\"1ec916e\" data-element_type=\"widget\" data-e-type=\"widget\" data-widget_type=\"heading.default\">\n\t\t\t\t<div class=\"elementor-widget-container\">\n\t\t\t\t\t<h2 class=\"elementor-heading-title elementor-size-default\">Doctorat<\/h2>\t\t\t\t<\/div>\n\t\t\t\t<\/div>\n\t\t\t\t\t<\/div>\n\t\t<\/div>\n\t\t\t\t\t<\/div>\n\t\t<\/section>\n\t\t\t\t<section class=\"elementor-section elementor-top-section elementor-element elementor-element-2023ba2 elementor-section-boxed elementor-section-height-default elementor-section-height-default\" data-id=\"2023ba2\" data-element_type=\"section\" data-e-type=\"section\">\n\t\t\t\t\t\t<div class=\"elementor-container elementor-column-gap-default\">\n\t\t\t\t\t<div class=\"elementor-column elementor-col-100 elementor-top-column elementor-element elementor-element-b58e484\" data-id=\"b58e484\" data-element_type=\"column\" data-e-type=\"column\">\n\t\t\t<div class=\"elementor-widget-wrap elementor-element-populated\">\n\t\t\t\t\t\t<div class=\"elementor-element elementor-element-936470c elementor-widget elementor-widget-text-editor\" data-id=\"936470c\" data-element_type=\"widget\" data-e-type=\"widget\" data-widget_type=\"text-editor.default\">\n\t\t\t\t<div class=\"elementor-widget-container\">\n\t\t\t\t\t\t\t\t\t<p>Doctorat en physioth\u00e9rapie<strong>*<\/strong>:<\/p>\t\t\t\t\t\t\t\t<\/div>\n\t\t\t\t<\/div>\n\t\t\t\t<div class=\"elementor-element elementor-element-3859878 elementor-widget elementor-widget-text-editor\" data-id=\"3859878\" data-element_type=\"widget\" data-e-type=\"widget\" data-widget_type=\"text-editor.default\">\n\t\t\t\t<div class=\"elementor-widget-container\">\n\t\t\t\t\t\t\t\t\t<ul><li><p><span style=\"text-decoration: underline;\"><a href=\"https:\/\/sigarra.up.pt\/fadeup\/pt\/cur_geral.cur_view?pv_curso_id=861\" target=\"_blank\" rel=\"noopener\">Programme de doctorat en physioth\u00e9rapie<\/a> <\/span>- Facult\u00e9 des sports, Universit\u00e9 de Porto<br \/><span style=\"text-decoration: underline;\"><a href=\"https:\/\/www.a3es.pt\/pt\/resultados-acreditacao\/fisioterapia\" target=\"_blank\" rel=\"noopener\">Accr\u00e9ditation par l'A3ES<\/a><\/span> - Nombre total d'ECTS : 180<\/p><\/li><\/ul>\t\t\t\t\t\t\t\t<\/div>\n\t\t\t\t<\/div>\n\t\t\t\t\t<\/div>\n\t\t<\/div>\n\t\t\t\t\t<\/div>\n\t\t<\/section>\n\t\t\t\t<section class=\"elementor-section elementor-top-section elementor-element elementor-element-5c37238 elementor-section-boxed elementor-section-height-default elementor-section-height-default\" data-id=\"5c37238\" data-element_type=\"section\" data-e-type=\"section\">\n\t\t\t\t\t\t<div class=\"elementor-container elementor-column-gap-default\">\n\t\t\t\t\t<div class=\"elementor-column elementor-col-100 elementor-top-column elementor-element elementor-element-092b269\" data-id=\"092b269\" data-element_type=\"column\" data-e-type=\"column\">\n\t\t\t<div class=\"elementor-widget-wrap elementor-element-populated\">\n\t\t\t\t\t\t<div class=\"elementor-element elementor-element-d28ac00 elementor-widget elementor-widget-text-editor\" data-id=\"d28ac00\" data-element_type=\"widget\" data-e-type=\"widget\" data-widget_type=\"text-editor.default\">\n\t\t\t\t<div class=\"elementor-widget-container\">\n\t\t\t\t\t\t\t\t\t<p>*Correspond aux informations envoy\u00e9es par les \u00e9tablissements d'enseignement sup\u00e9rieur. Il peut y avoir des divergences ou des retards occasionnels dans certaines mises \u00e0 jour des informations disponibles sur cette page. L'Ordre des kin\u00e9sith\u00e9rapeutes n'en garantit pas l'exactitude et n'est pas responsable de la reproduction accidentelle de donn\u00e9es erron\u00e9es.<\/p>\t\t\t\t\t\t\t\t<\/div>\n\t\t\t\t<\/div>\n\t\t\t\t\t<\/div>\n\t\t<\/div>\n\t\t\t\t\t<\/div>\n\t\t<\/section>\n\t\t\t\t<\/div>","protected":false},"excerpt":{"rendered":"<p>Mestrado Ciclos de estudo de mestrado em Fisioterapia*: Mestrados em Fisioterapia &#8211; Escola Superior de Sa\u00fade da Universidade de AveiroMestrado em Fisioterapia Cardiovascular e Respirat\u00f3riaAcredita\u00e7\u00e3o pela A3ES\u00a0\u2013 N\u00famero total de ECTS: 120 Mestrado em Fisioterapia \u2013 Escola Superior de Sa\u00fade da Universidade de Aveiro e Escola Superior de Sa\u00fade do Instituto Polit\u00e9cnico de Set\u00fabalMestrado em &#8230; <a title=\"Formation postuniversitaire\" class=\"read-more\" href=\"https:\/\/ordemdosfisioterapeutas.pt\/fr\/formacao-pos-graduada\/\" aria-label=\"En savoir plus sur Formation postgradu\u00e9e\">En savoir plus<\/a><\/p>","protected":false},"author":1,"featured_media":0,"parent":0,"menu_order":0,"comment_status":"closed","ping_status":"closed","template":"","meta":{"footnotes":""},"class_list":["post-5994","page","type-page","status-publish"],"_links":{"self":[{"href":"https:\/\/ordemdosfisioterapeutas.pt\/fr\/wp-json\/wp\/v2\/pages\/5994","targetHints":{"allow":["GET"]}}],"collection":[{"href":"https:\/\/ordemdosfisioterapeutas.pt\/fr\/wp-json\/wp\/v2\/pages"}],"about":[{"href":"https:\/\/ordemdosfisioterapeutas.pt\/fr\/wp-json\/wp\/v2\/types\/page"}],"author":[{"embeddable":true,"href":"https:\/\/ordemdosfisioterapeutas.pt\/fr\/wp-json\/wp\/v2\/users\/1"}],"replies":[{"embeddable":true,"href":"https:\/\/ordemdosfisioterapeutas.pt\/fr\/wp-json\/wp\/v2\/comments?post=5994"}],"version-history":[{"count":12,"href":"https:\/\/ordemdosfisioterapeutas.pt\/fr\/wp-json\/wp\/v2\/pages\/5994\/revisions"}],"predecessor-version":[{"id":13282,"href":"https:\/\/ordemdosfisioterapeutas.pt\/fr\/wp-json\/wp\/v2\/pages\/5994\/revisions\/13282"}],"wp:attachment":[{"href":"https:\/\/ordemdosfisioterapeutas.pt\/fr\/wp-json\/wp\/v2\/media?parent=5994"}],"curies":[{"name":"wp","href":"https:\/\/api.w.org\/{rel}","templated":true}]}}