{"id":4840,"date":"2022-07-14T13:26:08","date_gmt":"2022-07-14T12:26:08","guid":{"rendered":"https:\/\/ordemdosfisioterapeutas.pt\/?page_id=4840"},"modified":"2025-05-02T11:38:47","modified_gmt":"2025-05-02T10:38:47","slug":"especialidades-em-fisioterapia","status":"publish","type":"page","link":"https:\/\/ordemdosfisioterapeutas.pt\/fr\/especialidades-em-fisioterapia\/","title":{"rendered":"Sp\u00e9cialit\u00e9s de la physioth\u00e9rapie"},"content":{"rendered":"<div data-elementor-type=\"wp-page\" data-elementor-id=\"4840\" class=\"elementor elementor-4840\" data-elementor-post-type=\"page\">\n\t\t\t\t\t\t<section class=\"elementor-section elementor-top-section elementor-element elementor-element-3e120a5 elementor-section-boxed elementor-section-height-default elementor-section-height-default\" data-id=\"3e120a5\" data-element_type=\"section\" data-e-type=\"section\">\n\t\t\t\t\t\t<div class=\"elementor-container elementor-column-gap-default\">\n\t\t\t\t\t<div class=\"elementor-column elementor-col-100 elementor-top-column elementor-element elementor-element-dd476f6\" data-id=\"dd476f6\" data-element_type=\"column\" data-e-type=\"column\">\n\t\t\t<div class=\"elementor-widget-wrap elementor-element-populated\">\n\t\t\t\t\t\t<div class=\"elementor-element elementor-element-4c18a55 elementor-widget elementor-widget-heading\" data-id=\"4c18a55\" data-element_type=\"widget\" data-e-type=\"widget\" data-widget_type=\"heading.default\">\n\t\t\t\t<div class=\"elementor-widget-container\">\n\t\t\t\t\t<h2 class=\"elementor-heading-title elementor-size-default\">Sp\u00e9cialisation en physioth\u00e9rapie - Cadre conceptuel<\/h2>\t\t\t\t<\/div>\n\t\t\t\t<\/div>\n\t\t\t\t<div class=\"elementor-element elementor-element-1febedf elementor-widget elementor-widget-text-editor\" data-id=\"1febedf\" data-element_type=\"widget\" data-e-type=\"widget\" data-widget_type=\"text-editor.default\">\n\t\t\t\t<div class=\"elementor-widget-container\">\n\t\t\t\t\t\t\t\t\t<p>La sp\u00e9cialisation des physioth\u00e9rapeutes vise \u00e0 am\u00e9liorer les normes de qualit\u00e9 de la prestation des soins de physioth\u00e9rapie aux utilisateurs et \u00e0 promouvoir leur d\u00e9veloppement professionnel continu.<\/p><p>Les \u00e9l\u00e9ments suivants sont consid\u00e9r\u00e9s comme essentiels \u00e0 titre de r\u00e9f\u00e9rence <span style=\"text-decoration: underline;\"><a href=\"https:\/\/www.wcpt.org\/policy\/ps-specialisation\" target=\"_blank\" rel=\"noopener\">directives<\/a><\/span> de la Conf\u00e9d\u00e9ration mondiale de la physioth\u00e9rapie (WCPT) sur cette question, \u00e0 savoir les hypoth\u00e8ses suivantes :<\/p><ul><li>Les sp\u00e9cialit\u00e9s sont des domaines d'\u00e9tude et de pratique de la physioth\u00e9rapie dans lesquels il est possible pour les physioth\u00e9rapeutes d'acqu\u00e9rir et de d\u00e9montrer des \"comp\u00e9tences avanc\u00e9es \/ accrues\" par rapport \u00e0 celles requises pour l'acc\u00e8s \u00e0 la profession et au titre professionnel.<\/li><li>Il devrait y avoir un processus formel et document\u00e9 de sp\u00e9cialisation, reconnaissant ces comp\u00e9tences en particulier les comp\u00e9tences cliniques.<\/li><li>La sp\u00e9cialisation ne doit pas \u00eatre consid\u00e9r\u00e9e comme une limitation de la pratique. Le champ d'activit\u00e9 reconnu comme physioth\u00e9rapie reste ouvert \u00e0 tous les physioth\u00e9rapeutes d\u00fbment qualifi\u00e9s.<\/li><li>Les sp\u00e9cialistes sont cens\u00e9s d\u00e9velopper leur activit\u00e9 professionnelle dans leur domaine de sp\u00e9cialisation clinique, contribuer \u00e0 l'enseignement et \u00e0 l'\u00e9valuation des pratiques professionnelles, en vue d'am\u00e9liorer les services fournis. Ils sont \u00e9galement cens\u00e9s mener des projets de recherche et contribuer au d\u00e9veloppement et \u00e0 la diffusion des connaissances dans leur domaine de sp\u00e9cialisation.<\/li><\/ul><p>En substance, il sera donc important de consid\u00e9rer trois \u00e9l\u00e9ments substantiels dans le processus de sp\u00e9cialisation :<\/p><ul><li>La possession d'une formation postuniversitaire avanc\u00e9e, avec reconnaissance acad\u00e9mique ;<\/li><li>La d\u00e9monstration des comp\u00e9tences (<em>comp\u00e9tences<\/em>) exp\u00e9rience clinique et prouv\u00e9e, dans le domaine de sp\u00e9cialisation ;<\/li><li>Le d\u00e9veloppement de comp\u00e9tences dans le domaine de la recherche (analyse critique de recherches publi\u00e9es, en tant que soutien \u00e0 une pratique fond\u00e9e sur des preuves scientifiques, avec une contribution publi\u00e9e au d\u00e9veloppement des connaissances dans le domaine de sp\u00e9cialisation).<\/li><\/ul><p>Le Conseil de l'Ordre des physioth\u00e9rapeutes consid\u00e8re que le profil du sp\u00e9cialiste s'inscrit clairement dans les descripteurs du dipl\u00f4me acad\u00e9mique de master, ce qui constitue une voie potentielle, mais pas la seule, dans le processus formel de reconnaissance du statut de sp\u00e9cialiste.<\/p><p>L'attribution du statut de sp\u00e9cialiste pr\u00e9suppose que c'est le titulaire qui doit r\u00e9guli\u00e8rement d\u00e9montrer qu'il continue \u00e0 m\u00e9riter ce statut, ce qui implique un syst\u00e8me de renouvellement de la possession du titre de sp\u00e9cialiste.<\/p><p>Il est jug\u00e9 prudent de d\u00e9finir un petit nombre de sp\u00e9cialit\u00e9s, si possible en parit\u00e9 avec la pratique internationale ou avec celle des pays de r\u00e9f\u00e9rence. Dans les cas o\u00f9 la cr\u00e9ation d'une sp\u00e9cialit\u00e9 autonome n'est pas justifi\u00e9e, un syst\u00e8me de certification des comp\u00e9tences, alternatif \u00e0 celui des sp\u00e9cialit\u00e9s, peut \u00eatre cr\u00e9\u00e9.<\/p>\t\t\t\t\t\t\t\t<\/div>\n\t\t\t\t<\/div>\n\t\t\t\t<div class=\"elementor-element elementor-element-613ce13 elementor-widget elementor-widget-heading\" data-id=\"613ce13\" data-element_type=\"widget\" data-e-type=\"widget\" data-widget_type=\"heading.default\">\n\t\t\t\t<div class=\"elementor-widget-container\">\n\t\t\t\t\t<h2 class=\"elementor-heading-title elementor-size-default\">Cr\u00e9ation du Quadro de Especialidades Profissionais de Fisioterapia au Portugal<\/h2>\t\t\t\t<\/div>\n\t\t\t\t<\/div>\n\t\t\t\t<div class=\"elementor-element elementor-element-ada17fd elementor-widget elementor-widget-text-editor\" data-id=\"ada17fd\" data-element_type=\"widget\" data-e-type=\"widget\" data-widget_type=\"text-editor.default\">\n\t\t\t\t<div class=\"elementor-widget-container\">\n\t\t\t\t\t\t\t\t\t<p>L'\u00e9laboration de la proposition de ce cadre faisait d\u00e9j\u00e0 partie du plan d'activit\u00e9 2022 et poursuit le travail entam\u00e9 par la Commission Installation.<\/p><p>Pour atteindre cet objectif, il a fallu franchir un certain nombre d'\u00e9tapes internes, notamment une p\u00e9riode de discussion publique du projet avant l'approbation finale du r\u00e8glement g\u00e9n\u00e9ral des sp\u00e9cialit\u00e9s professionnelles.<\/p><p>Le r\u00e8glement a \u00e9t\u00e9 approuv\u00e9 par le minist\u00e8re de la sant\u00e9 le 6 mars 2025 et publi\u00e9 dans le Di\u00e1rio da Rep\u00fablica le 15 avril 2025. Il officialise la reconnaissance des sp\u00e9cialit\u00e9s suivantes : physioth\u00e9rapie cardiorespiratoire, physioth\u00e9rapie musculo-squelettique et physioth\u00e9rapie neurologique.<\/p><p>Les d\u00e9marches n\u00e9cessaires \u00e0 la mise en \u0153uvre du processus de candidature et d'attribution du titre de sp\u00e9cialiste dans ces domaines sont en cours.<\/p><p>Le r\u00e8glement actuellement en vigueur fixe les conditions et les proc\u00e9dures de cr\u00e9ation de nouvelles sp\u00e9cialit\u00e9s professionnelles en physioth\u00e9rapie.<\/p><p>Les documents de travail et les mises \u00e0 jour du processus de mise en \u0153uvre ont \u00e9t\u00e9 progressivement mis \u00e0 la disposition des membres de l'Ordre, dans un onglet distinct du site Internet de l'Ordre. <span style=\"text-decoration: underline;\"><a href=\"https:\/\/portal.ordemdosfisioterapeutas.pt\/\">zone r\u00e9serv\u00e9e<\/a><\/span>Il sera possible de continuer \u00e0 suivre les d\u00e9veloppements sp\u00e9cifiques.<\/p>\t\t\t\t\t\t\t\t<\/div>\n\t\t\t\t<\/div>\n\t\t\t\t\t<\/div>\n\t\t<\/div>\n\t\t\t\t\t<\/div>\n\t\t<\/section>\n\t\t\t\t<\/div>","protected":false},"excerpt":{"rendered":"<p>Sp\u00e9cialisation en physioth\u00e9rapie - Cadre conceptuel La sp\u00e9cialisation des physioth\u00e9rapeutes vise \u00e0 am\u00e9liorer les normes de qualit\u00e9 des soins de physioth\u00e9rapie fournis aux utilisateurs et \u00e0 promouvoir leur d\u00e9veloppement professionnel continu. Les lignes directrices de la Conf\u00e9d\u00e9ration mondiale de la physioth\u00e9rapie (WCPT) dans ce domaine sont consid\u00e9r\u00e9es comme essentielles, \u00e0 savoir les hypoth\u00e8ses suivantes : Les sp\u00e9cialit\u00e9s sont des domaines ... <a title=\"Sp\u00e9cialit\u00e9s de la physioth\u00e9rapie\" class=\"read-more\" href=\"https:\/\/ordemdosfisioterapeutas.pt\/fr\/especialidades-em-fisioterapia\/\" aria-label=\"En savoir plus sur Sp\u00e9cialit\u00e9s en physioth\u00e9rapie\">En savoir plus<\/a><\/p>","protected":false},"author":1,"featured_media":0,"parent":0,"menu_order":0,"comment_status":"closed","ping_status":"closed","template":"","meta":{"footnotes":""},"class_list":["post-4840","page","type-page","status-publish"],"_links":{"self":[{"href":"https:\/\/ordemdosfisioterapeutas.pt\/fr\/wp-json\/wp\/v2\/pages\/4840","targetHints":{"allow":["GET"]}}],"collection":[{"href":"https:\/\/ordemdosfisioterapeutas.pt\/fr\/wp-json\/wp\/v2\/pages"}],"about":[{"href":"https:\/\/ordemdosfisioterapeutas.pt\/fr\/wp-json\/wp\/v2\/types\/page"}],"author":[{"embeddable":true,"href":"https:\/\/ordemdosfisioterapeutas.pt\/fr\/wp-json\/wp\/v2\/users\/1"}],"replies":[{"embeddable":true,"href":"https:\/\/ordemdosfisioterapeutas.pt\/fr\/wp-json\/wp\/v2\/comments?post=4840"}],"version-history":[{"count":0,"href":"https:\/\/ordemdosfisioterapeutas.pt\/fr\/wp-json\/wp\/v2\/pages\/4840\/revisions"}],"wp:attachment":[{"href":"https:\/\/ordemdosfisioterapeutas.pt\/fr\/wp-json\/wp\/v2\/media?parent=4840"}],"curies":[{"name":"wp","href":"https:\/\/api.w.org\/{rel}","templated":true}]}}