{"id":4476,"date":"2022-05-23T15:45:31","date_gmt":"2022-05-23T14:45:31","guid":{"rendered":"https:\/\/ordemdosfisioterapeutas.pt\/?page_id=4476"},"modified":"2025-04-16T15:08:34","modified_gmt":"2025-04-16T14:08:34","slug":"dados-demograficos-dos-membros","status":"publish","type":"page","link":"https:\/\/ordemdosfisioterapeutas.pt\/fr\/dados-demograficos-dos-membros\/","title":{"rendered":"Donn\u00e9es d\u00e9mographiques des membres\u00a0"},"content":{"rendered":"<div data-elementor-type=\"wp-page\" data-elementor-id=\"4476\" class=\"elementor elementor-4476\" data-elementor-post-type=\"page\">\n\t\t\t\t<div class=\"elementor-element elementor-element-8431d2e e-flex e-con-boxed e-con e-parent\" data-id=\"8431d2e\" data-element_type=\"container\" data-e-type=\"container\">\n\t\t\t\t\t<div class=\"e-con-inner\">\n\t\t\t\t<div class=\"elementor-element elementor-element-d3b6bc8 elementor-widget elementor-widget-text-editor\" data-id=\"d3b6bc8\" data-element_type=\"widget\" data-e-type=\"widget\" data-widget_type=\"text-editor.default\">\n\t\t\t\t<div class=\"elementor-widget-container\">\n\t\t\t\t\t\t\t\t\t<p>Un nouveau tableau de bord interactif contenant des donn\u00e9es d\u00e9mographiques actualis\u00e9es sur les physioth\u00e9rapeutes est d\u00e9sormais disponible.<br \/>Cliquez sur l'image ou <span style=\"text-decoration: underline;\"><a href=\"https:\/\/ofisiterapeutas.maps.arcgis.com\/apps\/dashboards\/cac90de751d548ca91ecffe161688d47\" data-wplink-edit=\"true\" target=\"_blank\" rel=\"noopener\">ici<\/a><\/span> pour acc\u00e9der aux donn\u00e9es et les explorer par sexe, tranche d'\u00e2ge, r\u00e9partition g\u00e9ographique et bien plus encore.<\/p>\t\t\t\t\t\t\t\t<\/div>\n\t\t\t\t<\/div>\n\t\t\t\t<div class=\"elementor-element elementor-element-6d3b1a7 elementor-widget elementor-widget-image\" data-id=\"6d3b1a7\" data-element_type=\"widget\" data-e-type=\"widget\" data-widget_type=\"image.default\">\n\t\t\t\t<div class=\"elementor-widget-container\">\n\t\t\t\t\t\t\t\t\t\t\t\t\t\t\t\t<a href=\"https:\/\/ofisiterapeutas.maps.arcgis.com\/apps\/dashboards\/cac90de751d548ca91ecffe161688d47\" target=\"_blank\" rel=\"noopener\">\n\t\t\t\t\t\t\t<img fetchpriority=\"high\" decoding=\"async\" width=\"855\" height=\"459\" src=\"https:\/\/ordemdosfisioterapeutas.pt\/wp-content\/uploads\/2025\/04\/dashboard_WebP.webp\" class=\"attachment-large size-large wp-image-10249\" alt=\"\" srcset=\"https:\/\/ordemdosfisioterapeutas.pt\/wp-content\/uploads\/2025\/04\/dashboard_WebP.webp 1000w, https:\/\/ordemdosfisioterapeutas.pt\/wp-content\/uploads\/2025\/04\/dashboard_WebP-300x161.webp 300w, https:\/\/ordemdosfisioterapeutas.pt\/wp-content\/uploads\/2025\/04\/dashboard_WebP-768x412.webp 768w, https:\/\/ordemdosfisioterapeutas.pt\/wp-content\/uploads\/2025\/04\/dashboard_WebP-18x10.webp 18w\" sizes=\"(max-width: 855px) 100vw, 855px\" \/>\t\t\t\t\t\t\t\t<\/a>\n\t\t\t\t\t\t\t\t\t\t\t\t\t\t\t<\/div>\n\t\t\t\t<\/div>\n\t\t\t\t\t<\/div>\n\t\t\t\t<\/div>\n\t\t\t\t<\/div>","protected":false},"excerpt":{"rendered":"<p>Un nouveau tableau de bord interactif contenant des donn\u00e9es d\u00e9mographiques actualis\u00e9es sur les physioth\u00e9rapeutes est d\u00e9sormais disponible. Cliquez sur l'image ou ici pour acc\u00e9der aux donn\u00e9es et les explorer par sexe, groupe d'\u00e2ge, r\u00e9partition g\u00e9ographique et bien plus encore.<\/p>","protected":false},"author":1,"featured_media":0,"parent":0,"menu_order":0,"comment_status":"closed","ping_status":"closed","template":"","meta":{"footnotes":""},"class_list":["post-4476","page","type-page","status-publish"],"_links":{"self":[{"href":"https:\/\/ordemdosfisioterapeutas.pt\/fr\/wp-json\/wp\/v2\/pages\/4476","targetHints":{"allow":["GET"]}}],"collection":[{"href":"https:\/\/ordemdosfisioterapeutas.pt\/fr\/wp-json\/wp\/v2\/pages"}],"about":[{"href":"https:\/\/ordemdosfisioterapeutas.pt\/fr\/wp-json\/wp\/v2\/types\/page"}],"author":[{"embeddable":true,"href":"https:\/\/ordemdosfisioterapeutas.pt\/fr\/wp-json\/wp\/v2\/users\/1"}],"replies":[{"embeddable":true,"href":"https:\/\/ordemdosfisioterapeutas.pt\/fr\/wp-json\/wp\/v2\/comments?post=4476"}],"version-history":[{"count":0,"href":"https:\/\/ordemdosfisioterapeutas.pt\/fr\/wp-json\/wp\/v2\/pages\/4476\/revisions"}],"wp:attachment":[{"href":"https:\/\/ordemdosfisioterapeutas.pt\/fr\/wp-json\/wp\/v2\/media?parent=4476"}],"curies":[{"name":"wp","href":"https:\/\/api.w.org\/{rel}","templated":true}]}}