{"id":419,"date":"2020-09-30T17:52:13","date_gmt":"2020-09-30T17:52:13","guid":{"rendered":"https:\/\/ordemdosfisioterapeutas.pt\/?page_id=419"},"modified":"2026-01-28T15:00:46","modified_gmt":"2026-01-28T15:00:46","slug":"instituicoes-de-ensino-em-fisioterapia","status":"publish","type":"page","link":"https:\/\/ordemdosfisioterapeutas.pt\/fr\/instituicoes-de-ensino-em-fisioterapia\/","title":{"rendered":"Institutions d'enseignement de la physioth\u00e9rapie"},"content":{"rendered":"<div data-elementor-type=\"wp-page\" data-elementor-id=\"419\" class=\"elementor elementor-419\" data-elementor-post-type=\"page\">\n\t\t\t\t\t\t<section class=\"elementor-section elementor-top-section elementor-element elementor-element-8854d61 elementor-section-boxed elementor-section-height-default elementor-section-height-default\" data-id=\"8854d61\" data-element_type=\"section\" data-e-type=\"section\">\n\t\t\t\t\t\t<div class=\"elementor-container elementor-column-gap-default\">\n\t\t\t\t\t<div class=\"elementor-column elementor-col-100 elementor-top-column elementor-element elementor-element-eb0ff96\" data-id=\"eb0ff96\" data-element_type=\"column\" data-e-type=\"column\">\n\t\t\t<div class=\"elementor-widget-wrap elementor-element-populated\">\n\t\t\t\t\t\t<div class=\"elementor-element elementor-element-26a15ab elementor-widget elementor-widget-text-editor\" data-id=\"26a15ab\" data-element_type=\"widget\" data-e-type=\"widget\" data-widget_type=\"text-editor.default\">\n\t\t\t\t<div class=\"elementor-widget-container\">\n\t\t\t\t\t\t\t\t\t<p>Il peut y avoir des divergences ou des retards occasionnels dans certaines mises \u00e0 jour des informations disponibles sur cette page. L'Ordem dos Fisioterapeutas ne garantit pas son exactitude et n'est pas responsable de la reproduction accidentelle de donn\u00e9es incorrectes.<\/p>\t\t\t\t\t\t\t\t<\/div>\n\t\t\t\t<\/div>\n\t\t\t\t\t<\/div>\n\t\t<\/div>\n\t\t\t\t\t<\/div>\n\t\t<\/section>\n\t\t\t\t<section class=\"elementor-section elementor-top-section elementor-element elementor-element-601d6960 elementor-section-boxed elementor-section-height-default elementor-section-height-default\" data-id=\"601d6960\" data-element_type=\"section\" data-e-type=\"section\">\n\t\t\t\t\t\t<div class=\"elementor-container elementor-column-gap-default\">\n\t\t\t\t\t<div class=\"elementor-column elementor-col-100 elementor-top-column elementor-element elementor-element-479cd00e\" data-id=\"479cd00e\" data-element_type=\"column\" data-e-type=\"column\">\n\t\t\t<div class=\"elementor-widget-wrap elementor-element-populated\">\n\t\t\t\t\t\t<div class=\"elementor-element elementor-element-0355c7a elementor-widget elementor-widget-heading\" data-id=\"0355c7a\" data-element_type=\"widget\" data-e-type=\"widget\" data-widget_type=\"heading.default\">\n\t\t\t\t<div class=\"elementor-widget-container\">\n\t\t\t\t\t<h2 class=\"elementor-heading-title elementor-size-default\">Dipl\u00f4me<\/h2>\t\t\t\t<\/div>\n\t\t\t\t<\/div>\n\t\t\t\t\t<\/div>\n\t\t<\/div>\n\t\t\t\t\t<\/div>\n\t\t<\/section>\n\t\t\t\t<section class=\"elementor-section elementor-top-section elementor-element elementor-element-ab3d21a elementor-section-boxed elementor-section-height-default elementor-section-height-default\" data-id=\"ab3d21a\" data-element_type=\"section\" data-e-type=\"section\">\n\t\t\t\t\t\t<div class=\"elementor-container elementor-column-gap-default\">\n\t\t\t\t\t<div class=\"elementor-column elementor-col-100 elementor-top-column elementor-element elementor-element-2a51929\" data-id=\"2a51929\" data-element_type=\"column\" data-e-type=\"column\">\n\t\t\t<div class=\"elementor-widget-wrap elementor-element-populated\">\n\t\t\t\t\t\t<div class=\"elementor-element elementor-element-bed301d elementor-widget elementor-widget-text-editor\" data-id=\"bed301d\" data-element_type=\"widget\" data-e-type=\"widget\" data-widget_type=\"text-editor.default\">\n\t\t\t\t<div class=\"elementor-widget-container\">\n\t\t\t\t\t\t\t\t\t<p>Les \u00e9tablissements d'enseignement de la physioth\u00e9rapie suivants sont actuellement accr\u00e9dit\u00e9s :<\/p><ul><li><a href=\"https:\/\/essatla.pt\/?lang=pt&amp;gad_source=1&amp;gad_campaignid=22453588940&amp;gbraid=0AAAAA9cJgYVE_fKMt0Rl-5QPKXUcbxiKE&amp;gclid=Cj0KCQjwrc7GBhCfARIsAHGcW5Uw8lvlgFIqajY3XHIk-yJ3FgoHz1HgRTdLCOI0wqJ7cG6URd79dqMaAkNcEALw_wcB\" target=\"_blank\" rel=\"noopener\"><span style=\"text-decoration: underline;\">Coll\u00e8ge de sant\u00e9 de l'Atlantique (ESSATLA)<\/span><\/a> - <em>Enseignement priv\u00e9<\/em><\/li><li><a href=\"http:\/\/esscvp.eu\/\" target=\"_blank\" rel=\"noopener\"><span style=\"text-decoration: underline;\">\u00c9cole sup\u00e9rieure de sant\u00e9 de la Croix-Rouge portugaise<\/span><\/a> \u2013 <em>Enseignement priv\u00e9<\/em><\/li><li><a href=\"http:\/\/www.ua.pt\/essua\/\" target=\"_blank\" rel=\"noopener\"><span style=\"text-decoration: underline;\">\u00c9cole de sant\u00e9 de l'universit\u00e9 d'Aveiro<\/span><\/a> - <em>\u00c9ducation du public <\/em><\/li><li><a href=\"http:\/\/www.ipleiria.pt\/esslei\/\" target=\"_blank\" rel=\"noopener\"><span style=\"text-decoration: underline;\">\u00c9cole de sant\u00e9 de Leiria<\/span><\/a> \u2013 <em>\u00c9ducation du public<\/em><\/li><li><span style=\"text-decoration: underline;\"><a href=\"http:\/\/www.ess.ipp.pt\/\" target=\"_blank\" rel=\"noopener\">Escola Superior de Sa\u00fade do Polit\u00e9cnico do Porto<\/a><\/span> \u2013 <em>\u00c9ducation du public <\/em><\/li><li><a href=\"http:\/\/www.santamariasaude.pt\/\" target=\"_blank\" rel=\"noopener\"><span style=\"text-decoration: underline;\">\u00c9cole de sant\u00e9 de Santa Maria<\/span><\/a> \u2013 <em>Enseignement priv\u00e9<\/em><\/li><li><span style=\"text-decoration: underline;\"><a href=\"http:\/\/www.ess.ips.pt\/\" target=\"_blank\" rel=\"noopener\">\u00c9cole de sant\u00e9 de Set\u00fabal<\/a><\/span> \u2013 <em>\u00c9ducation du public<\/em><\/li><li><a href=\"https:\/\/www.essa.pt\/\" target=\"_blank\" rel=\"noopener\"><span style=\"text-decoration: underline;\">Coll\u00e8ge de sant\u00e9 d'Alcoit\u00e3o<\/span><\/a> \u2013 <em>Enseignement priv\u00e9<\/em><\/li><li><a href=\"http:\/\/www.cespu.pt\/ensino\/ensino-politecnico\/departamentos-da-essva\" target=\"_blank\" rel=\"noopener\"><span style=\"text-decoration: underline;\">\u00c9cole sup\u00e9rieure de sant\u00e9 de Vale do Ave <\/span><\/a>\u2013 <em>Enseignement priv\u00e9<\/em><\/li><li><span style=\"text-decoration: underline;\"><a href=\"http:\/\/www.cespu.pt\/ensino\/ensino-politecnico\/departamentos-da-essvs\" target=\"_blank\" rel=\"noopener\">\u00c9cole sup\u00e9rieure des technologies de la sant\u00e9 de T\u00e2mega e Sousa<\/a><\/span> \u2013 <em>Enseignement priv\u00e9<\/em><\/li><li><span style=\"text-decoration: underline;\"><a href=\"https:\/\/www.ipcb.pt\/escolas\/saude-dr-lopes-dias\" target=\"_blank\" rel=\"noopener\">\u00c9cole de sant\u00e9 Dr. Lopes Dias<\/a><\/span> \u2013 <em>\u00c9ducation du public<\/em><\/li><li><span style=\"text-decoration: underline;\"><a href=\"http:\/\/www.egasmoniz.com.pt\/\" target=\"_blank\" rel=\"noopener\">\u00c9cole sup\u00e9rieure de sant\u00e9 Egas Moniz<\/a><\/span> \u2013 <em>Enseignement priv\u00e9<\/em><\/li><li><a href=\"https:\/\/www.ipiaget.org\/licenciaturas\/licenciatura-em-fisioterapia-em-almada\/\" target=\"_blank\" rel=\"noopener\"><span style=\"text-decoration: underline;\">\u00c9cole de sant\u00e9 Jean Piaget - Almada<\/span><\/a> - <em>Enseignement priv\u00e9<\/em><\/li><li><span style=\"text-decoration: underline;\"><a href=\"https:\/\/www.ipiaget.org\/instituto-politecnico-jean-piaget-do-sul\/escola-superior-de-saude-jean-piaget-algarve\/\" target=\"_blank\" rel=\"noopener\">\u00c9cole de sant\u00e9 Jean Piaget - Silves<\/a><\/span> \u2013 <em>Enseignement priv\u00e9<\/em><\/li><li><span style=\"text-decoration: underline;\"><a href=\"https:\/\/www.ipiaget.org\/escola-superior-de-saude-jean-piaget-em-viseu\/\" target=\"_blank\" rel=\"noopener\">\u00c9cole de sant\u00e9 Jean Piaget - Viseu<\/a><\/span> \u2013 <em>Enseignement priv\u00e9<\/em><\/li><li><span style=\"text-decoration: underline;\"><a href=\"https:\/\/www.ipiaget.org\/instituto-politecnico-jean-piaget-do-norte\/escola-superior-de-saude-jean-piaget-em-gaia\/\" target=\"_blank\" rel=\"noopener\">\u00c9cole de sant\u00e9 Jean Piaget - V. N. Gaia<\/a><\/span>\u2013 <em>Enseignement priv\u00e9<\/em><\/li><li><span style=\"text-decoration: underline;\"><a href=\"http:\/\/www.estescoimbra.pt\/\" target=\"_blank\" rel=\"noopener\">\u00c9cole de technologie de la sant\u00e9 de Coimbra<\/a><\/span> \u2013 <em>\u00c9ducation du public<\/em><\/li><li><a href=\"http:\/\/www.estesl.ipl.pt\/\" target=\"_blank\" rel=\"noopener\"><span style=\"text-decoration: underline;\">\u00c9cole de technologie de la sant\u00e9 de Lisbonne<\/span><\/a> \u2013 <em>\u00c9ducation du public<\/em><\/li><li><span style=\"text-decoration: underline;\"><a href=\"https:\/\/isave.pt\/\" target=\"_blank\" rel=\"noopener\">Alto Ave Higher Institute of Health<\/a><\/span> \u2013 <em>Enseignement priv\u00e9<\/em><\/li><li><a href=\"https:\/\/ess.fernandopessoa.pt\/\" target=\"_blank\" rel=\"noopener\"><span style=\"text-decoration: underline;\">\u00c9cole de sant\u00e9 Fernando Pessoa<\/span><\/a> - Enseignement priv\u00e9<\/li><li><a href=\"https:\/\/ess.ualg.pt\/curso\/1914\" target=\"_blank\" rel=\"noopener\"><span style=\"text-decoration: underline;\">\u00c9cole de sant\u00e9 de l'Universit\u00e9 d'Algarve<\/span><\/a> \u2013 <em>\u00c9ducation du public<\/em><\/li><li><a href=\"https:\/\/www.essnortecvp.pt\/pt\/cursos\/fisioterapia\/\" target=\"_blank\" rel=\"noopener\"><span style=\"text-decoration: underline;\">Croix-Rouge portugaise \u00c9cole de sant\u00e9 du Nord<\/span><\/a> \u2013 <em>Enseignement priv\u00e9<\/em><\/li><\/ul><p><!-- \/wp:paragraph --><\/p>\t\t\t\t\t\t\t\t<\/div>\n\t\t\t\t<\/div>\n\t\t\t\t\t<\/div>\n\t\t<\/div>\n\t\t\t\t\t<\/div>\n\t\t<\/section>\n\t\t<div class=\"elementor-element elementor-element-1b50328 e-flex e-con-boxed e-con e-parent\" data-id=\"1b50328\" data-element_type=\"container\" data-e-type=\"container\">\n\t\t\t\t\t<div class=\"e-con-inner\">\n\t\t\t\t<div class=\"elementor-element elementor-element-f6da4ee elementor-icon-list--layout-traditional elementor-list-item-link-full_width elementor-widget elementor-widget-icon-list\" data-id=\"f6da4ee\" data-element_type=\"widget\" data-e-type=\"widget\" data-widget_type=\"icon-list.default\">\n\t\t\t\t<div class=\"elementor-widget-container\">\n\t\t\t\t\t\t\t<ul class=\"elementor-icon-list-items\">\n\t\t\t\t\t\t\t<li class=\"elementor-icon-list-item\">\n\t\t\t\t\t\t\t\t\t\t\t<a href=\"https:\/\/portal3.ipb.pt\/index.php\/pt\/guiaects\/cursos\/licenciaturas\/curso?cod_escola=7015&#038;cod_curso=9504\" target=\"_blank\" rel=\"noopener\">\n\n\t\t\t\t\t\t\t\t\t\t\t\t<span class=\"elementor-icon-list-icon\">\n\t\t\t\t\t\t\t<i aria-hidden=\"true\" class=\"fas fa-graduation-cap\"><\/i>\t\t\t\t\t\t<\/span>\n\t\t\t\t\t\t\t\t\t\t<span class=\"elementor-icon-list-text\">\u00c9cole de sant\u00e9 de Bragance - \u00c9ducation publique<\/span>\n\t\t\t\t\t\t\t\t\t\t\t<\/a>\n\t\t\t\t\t\t\t\t\t<\/li>\n\t\t\t\t\t\t\t\t<li class=\"elementor-icon-list-item\">\n\t\t\t\t\t\t\t\t\t\t\t<a href=\"https:\/\/www.ipportalegre.pt\/pt\/ensino\/escolas\/ess\/\" target=\"_blank\" rel=\"noopener\">\n\n\t\t\t\t\t\t\t\t\t\t\t\t<span class=\"elementor-icon-list-icon\">\n\t\t\t\t\t\t\t<i aria-hidden=\"true\" class=\"fas fa-graduation-cap\"><\/i>\t\t\t\t\t\t<\/span>\n\t\t\t\t\t\t\t\t\t\t<span class=\"elementor-icon-list-text\">\u00c9cole de sant\u00e9 de Portalegre - \u00c9ducation publique<\/span>\n\t\t\t\t\t\t\t\t\t\t\t<\/a>\n\t\t\t\t\t\t\t\t\t<\/li>\n\t\t\t\t\t\t<\/ul>\n\t\t\t\t\t\t<\/div>\n\t\t\t\t<\/div>\n\t\t\t\t\t<\/div>\n\t\t\t\t<\/div>\n\t\t\t\t<\/div>","protected":false},"excerpt":{"rendered":"<p>Il peut y avoir des divergences occasionnelles ou des retards dans certaines mises \u00e0 jour des informations fournies sur cette page. L'Ordre des physioth\u00e9rapeutes n'en garantit pas l'exactitude et n'est pas responsable de la reproduction accidentelle de donn\u00e9es incorrectes. Dipl\u00f4me Les \u00e9tablissements d'enseignement de la physioth\u00e9rapie suivants sont actuellement agr\u00e9\u00e9s : Escola Superior de Sa\u00fade Atl\u00e2ntica (ESSATLA) - \u00c9cole priv\u00e9e Escola Superior de ... <a title=\"Institutions d&#039;enseignement de la physioth\u00e9rapie\" class=\"read-more\" href=\"https:\/\/ordemdosfisioterapeutas.pt\/fr\/instituicoes-de-ensino-em-fisioterapia\/\" aria-label=\"En savoir plus sur Institutions d&#039;enseignement de la physioth\u00e9rapie\">En savoir plus<\/a><\/p>","protected":false},"author":1,"featured_media":0,"parent":0,"menu_order":0,"comment_status":"closed","ping_status":"closed","template":"","meta":{"footnotes":""},"class_list":["post-419","page","type-page","status-publish"],"_links":{"self":[{"href":"https:\/\/ordemdosfisioterapeutas.pt\/fr\/wp-json\/wp\/v2\/pages\/419","targetHints":{"allow":["GET"]}}],"collection":[{"href":"https:\/\/ordemdosfisioterapeutas.pt\/fr\/wp-json\/wp\/v2\/pages"}],"about":[{"href":"https:\/\/ordemdosfisioterapeutas.pt\/fr\/wp-json\/wp\/v2\/types\/page"}],"author":[{"embeddable":true,"href":"https:\/\/ordemdosfisioterapeutas.pt\/fr\/wp-json\/wp\/v2\/users\/1"}],"replies":[{"embeddable":true,"href":"https:\/\/ordemdosfisioterapeutas.pt\/fr\/wp-json\/wp\/v2\/comments?post=419"}],"version-history":[{"count":15,"href":"https:\/\/ordemdosfisioterapeutas.pt\/fr\/wp-json\/wp\/v2\/pages\/419\/revisions"}],"predecessor-version":[{"id":12653,"href":"https:\/\/ordemdosfisioterapeutas.pt\/fr\/wp-json\/wp\/v2\/pages\/419\/revisions\/12653"}],"wp:attachment":[{"href":"https:\/\/ordemdosfisioterapeutas.pt\/fr\/wp-json\/wp\/v2\/media?parent=419"}],"curies":[{"name":"wp","href":"https:\/\/api.w.org\/{rel}","templated":true}]}}