{"id":2834,"date":"2021-09-11T11:54:26","date_gmt":"2021-09-11T10:54:26","guid":{"rendered":"https:\/\/ordemdosfisioterapeutas.pt\/?page_id=2834"},"modified":"2024-10-29T11:14:12","modified_gmt":"2024-10-29T11:14:12","slug":"caderno-eleitoral","status":"publish","type":"page","link":"https:\/\/ordemdosfisioterapeutas.pt\/fr\/eleicoes\/caderno-eleitoral\/","title":{"rendered":"Listes \u00e9lectorales"},"content":{"rendered":"<div data-elementor-type=\"wp-page\" data-elementor-id=\"2834\" class=\"elementor elementor-2834\" data-elementor-post-type=\"page\">\n\t\t\t\t\t\t<section class=\"elementor-section elementor-top-section elementor-element elementor-element-4d16b679 elementor-section-boxed elementor-section-height-default elementor-section-height-default\" data-id=\"4d16b679\" data-element_type=\"section\" data-e-type=\"section\">\n\t\t\t\t\t\t<div class=\"elementor-container elementor-column-gap-default\">\n\t\t\t\t\t<div class=\"elementor-column elementor-col-50 elementor-top-column elementor-element elementor-element-60f8e0ca sticky-parent\" data-id=\"60f8e0ca\" data-element_type=\"column\" data-e-type=\"column\">\n\t\t\t<div class=\"elementor-widget-wrap elementor-element-populated\">\n\t\t\t\t\t\t<section class=\"elementor-section elementor-inner-section elementor-element elementor-element-1e3f89c2 sticky-column elementor-section-boxed elementor-section-height-default elementor-section-height-default\" data-id=\"1e3f89c2\" data-element_type=\"section\" data-e-type=\"section\">\n\t\t\t\t\t\t<div class=\"elementor-container elementor-column-gap-default\">\n\t\t\t\t\t<div class=\"elementor-column elementor-col-100 elementor-inner-column elementor-element elementor-element-2d82369\" data-id=\"2d82369\" data-element_type=\"column\" data-e-type=\"column\">\n\t\t\t<div class=\"elementor-widget-wrap elementor-element-populated\">\n\t\t\t\t\t\t<div class=\"elementor-element elementor-element-3215651 elementor-hidden-desktop elementor-hidden-tablet elementor-hidden-mobile elementor-nav-menu--dropdown-tablet elementor-nav-menu__text-align-aside elementor-nav-menu--toggle elementor-nav-menu--burger elementor-widget elementor-widget-global elementor-global-2875 elementor-widget-nav-menu\" data-id=\"3215651\" data-element_type=\"widget\" data-e-type=\"widget\" data-settings=\"{&quot;layout&quot;:&quot;vertical&quot;,&quot;submenu_icon&quot;:{&quot;value&quot;:&quot;fas fa-caret-down&quot;,&quot;library&quot;:&quot;fa-solid&quot;},&quot;toggle&quot;:&quot;burger&quot;}\" data-widget_type=\"nav-menu.default\">\n\t\t\t\t<div class=\"elementor-widget-container\">\n\t\t\t\t\t\t\t\t<nav aria-label=\"Menu\" class=\"elementor-nav-menu--main elementor-nav-menu__container elementor-nav-menu--layout-vertical e--pointer-underline e--animation-fade\">\n\t\t\t\t<ul id=\"menu-1-3215651\" class=\"elementor-nav-menu sm-vertical\"><li class=\"menu-item menu-item-type-post_type menu-item-object-page menu-item-2852\"><a href=\"https:\/\/ordemdosfisioterapeutas.pt\/fr\/eleicoes\/\" class=\"elementor-item\">\u00c9lections au conseil de surveillance<\/a><\/li>\n<li class=\"menu-item menu-item-type-post_type menu-item-object-page menu-item-2863\"><a href=\"https:\/\/ordemdosfisioterapeutas.pt\/fr\/eleicoes\/calendario-eleitoral\/\" class=\"elementor-item\">Calendrier \u00e9lectoral<\/a><\/li>\n<li class=\"menu-item menu-item-type-post_type menu-item-object-page menu-item-2864\"><a href=\"https:\/\/ordemdosfisioterapeutas.pt\/fr\/eleicoes\/comissao-eleitoral\/\" class=\"elementor-item\">Commission \u00e9lectorale<\/a><\/li>\n<li class=\"menu-item menu-item-type-post_type menu-item-object-page menu-item-2862\"><a href=\"https:\/\/ordemdosfisioterapeutas.pt\/fr\/eleicoes\/recenseamento\/\" class=\"elementor-item\">Recensement<\/a><\/li>\n<li class=\"menu-item menu-item-type-post_type menu-item-object-page menu-item-2861\"><a href=\"https:\/\/ordemdosfisioterapeutas.pt\/fr\/eleicoes\/caderno-eleitoral\/\" class=\"elementor-item\">Listes \u00e9lectorales<\/a><\/li>\n<li class=\"menu-item menu-item-type-post_type menu-item-object-page menu-item-2860\"><a href=\"https:\/\/ordemdosfisioterapeutas.pt\/fr\/eleicoes\/candidaturas\/\" class=\"elementor-item\">Applications<\/a><\/li>\n<li class=\"menu-item menu-item-type-post_type menu-item-object-page menu-item-2859\"><a href=\"https:\/\/ordemdosfisioterapeutas.pt\/fr\/eleicoes\/listas-candidatas\/\" class=\"elementor-item\">Listes de candidats<\/a><\/li>\n<li class=\"menu-item menu-item-type-post_type menu-item-object-page menu-item-2858\"><a href=\"https:\/\/ordemdosfisioterapeutas.pt\/fr\/eleicoes\/campanha-eleitoral\/\" class=\"elementor-item\">Campagne \u00e9lectorale<\/a><\/li>\n<li class=\"menu-item menu-item-type-post_type menu-item-object-page menu-item-2857\"><a href=\"https:\/\/ordemdosfisioterapeutas.pt\/fr\/eleicoes\/ato-eleitoral\/\" class=\"elementor-item\">Loi \u00e9lectorale<\/a><\/li>\n<li class=\"menu-item menu-item-type-post_type menu-item-object-page menu-item-2856\"><a href=\"https:\/\/ordemdosfisioterapeutas.pt\/fr\/eleicoes\/apuramento-dos-resultados\/\" class=\"elementor-item\">R\u00e9sultats provisoires<\/a><\/li>\n<li class=\"menu-item menu-item-type-post_type menu-item-object-page menu-item-2855\"><a href=\"https:\/\/ordemdosfisioterapeutas.pt\/fr\/eleicoes\/resultados-oficiais\/\" class=\"elementor-item\">R\u00e9sultats officiels<\/a><\/li>\n<li class=\"menu-item menu-item-type-post_type menu-item-object-page menu-item-2853\"><a href=\"https:\/\/ordemdosfisioterapeutas.pt\/fr\/eleicoes\/faq-eleicoes\/\" class=\"elementor-item\">Questions fr\u00e9quemment pos\u00e9es<\/a><\/li>\n<\/ul>\t\t\t<\/nav>\n\t\t\t\t\t<div class=\"elementor-menu-toggle\" role=\"button\" tabindex=\"0\" aria-label=\"Activer le menu\" aria-expanded=\"false\">\n\t\t\t<i aria-hidden=\"true\" role=\"presentation\" class=\"elementor-menu-toggle__icon--open eicon-menu-bar\"><\/i><i aria-hidden=\"true\" role=\"presentation\" class=\"elementor-menu-toggle__icon--close eicon-close\"><\/i>\t\t<\/div>\n\t\t\t\t\t<nav class=\"elementor-nav-menu--dropdown elementor-nav-menu__container\" aria-hidden=\"true\">\n\t\t\t\t<ul id=\"menu-2-3215651\" class=\"elementor-nav-menu sm-vertical\"><li class=\"menu-item menu-item-type-post_type menu-item-object-page menu-item-2852\"><a href=\"https:\/\/ordemdosfisioterapeutas.pt\/fr\/eleicoes\/\" class=\"elementor-item\" tabindex=\"-1\">\u00c9lections au conseil de surveillance<\/a><\/li>\n<li class=\"menu-item menu-item-type-post_type menu-item-object-page menu-item-2863\"><a href=\"https:\/\/ordemdosfisioterapeutas.pt\/fr\/eleicoes\/calendario-eleitoral\/\" class=\"elementor-item\" tabindex=\"-1\">Calendrier \u00e9lectoral<\/a><\/li>\n<li class=\"menu-item menu-item-type-post_type menu-item-object-page menu-item-2864\"><a href=\"https:\/\/ordemdosfisioterapeutas.pt\/fr\/eleicoes\/comissao-eleitoral\/\" class=\"elementor-item\" tabindex=\"-1\">Commission \u00e9lectorale<\/a><\/li>\n<li class=\"menu-item menu-item-type-post_type menu-item-object-page menu-item-2862\"><a href=\"https:\/\/ordemdosfisioterapeutas.pt\/fr\/eleicoes\/recenseamento\/\" class=\"elementor-item\" tabindex=\"-1\">Recensement<\/a><\/li>\n<li class=\"menu-item menu-item-type-post_type menu-item-object-page menu-item-2861\"><a href=\"https:\/\/ordemdosfisioterapeutas.pt\/fr\/eleicoes\/caderno-eleitoral\/\" class=\"elementor-item\" tabindex=\"-1\">Listes \u00e9lectorales<\/a><\/li>\n<li class=\"menu-item menu-item-type-post_type menu-item-object-page menu-item-2860\"><a href=\"https:\/\/ordemdosfisioterapeutas.pt\/fr\/eleicoes\/candidaturas\/\" class=\"elementor-item\" tabindex=\"-1\">Applications<\/a><\/li>\n<li class=\"menu-item menu-item-type-post_type menu-item-object-page menu-item-2859\"><a href=\"https:\/\/ordemdosfisioterapeutas.pt\/fr\/eleicoes\/listas-candidatas\/\" class=\"elementor-item\" tabindex=\"-1\">Listes de candidats<\/a><\/li>\n<li class=\"menu-item menu-item-type-post_type menu-item-object-page menu-item-2858\"><a href=\"https:\/\/ordemdosfisioterapeutas.pt\/fr\/eleicoes\/campanha-eleitoral\/\" class=\"elementor-item\" tabindex=\"-1\">Campagne \u00e9lectorale<\/a><\/li>\n<li class=\"menu-item menu-item-type-post_type menu-item-object-page menu-item-2857\"><a href=\"https:\/\/ordemdosfisioterapeutas.pt\/fr\/eleicoes\/ato-eleitoral\/\" class=\"elementor-item\" tabindex=\"-1\">Loi \u00e9lectorale<\/a><\/li>\n<li class=\"menu-item menu-item-type-post_type menu-item-object-page menu-item-2856\"><a href=\"https:\/\/ordemdosfisioterapeutas.pt\/fr\/eleicoes\/apuramento-dos-resultados\/\" class=\"elementor-item\" tabindex=\"-1\">R\u00e9sultats provisoires<\/a><\/li>\n<li class=\"menu-item menu-item-type-post_type menu-item-object-page menu-item-2855\"><a href=\"https:\/\/ordemdosfisioterapeutas.pt\/fr\/eleicoes\/resultados-oficiais\/\" class=\"elementor-item\" tabindex=\"-1\">R\u00e9sultats officiels<\/a><\/li>\n<li class=\"menu-item menu-item-type-post_type menu-item-object-page menu-item-2853\"><a href=\"https:\/\/ordemdosfisioterapeutas.pt\/fr\/eleicoes\/faq-eleicoes\/\" class=\"elementor-item\" tabindex=\"-1\">Questions fr\u00e9quemment pos\u00e9es<\/a><\/li>\n<\/ul>\t\t\t<\/nav>\n\t\t\t\t\t\t<\/div>\n\t\t\t\t<\/div>\n\t\t\t\t\t<\/div>\n\t\t<\/div>\n\t\t\t\t\t<\/div>\n\t\t<\/section>\n\t\t\t\t\t<\/div>\n\t\t<\/div>\n\t\t\t\t<div class=\"elementor-column elementor-col-50 elementor-top-column elementor-element elementor-element-5470452\" data-id=\"5470452\" data-element_type=\"column\" data-e-type=\"column\">\n\t\t\t<div class=\"elementor-widget-wrap elementor-element-populated\">\n\t\t\t\t\t\t<div class=\"elementor-element elementor-element-1e3f1b5 elementor-widget elementor-widget-text-editor\" data-id=\"1e3f1b5\" data-element_type=\"widget\" data-e-type=\"widget\" data-widget_type=\"text-editor.default\">\n\t\t\t\t<div class=\"elementor-widget-container\">\n\t\t\t\t\t\t\t\t\t<p><strong>Voir la liste \u00e9lectorale d\u00e9finitive<\/strong><\/p><p>La liste \u00e9lectorale d\u00e9finitive pour les \u00e9lections au conseil de surveillance est maintenant disponible sur votre site web. <span style=\"text-decoration: underline;\"><a href=\"https:\/\/portal.ordemdosfisioterapeutas.pt\/of-auth\/?app_ref=e985d1b30a025a19af003c638a7f64a2&amp;_gl=1*1odxrju*_ga*NDQ4ODIyMzQ5LjE2NTQxODU3MzE.*_ga_HPH7F868RJ*MTcyOTg2NTI1NC45NzguMS4xNzI5ODY2ODIyLjAuMC4w\">zone r\u00e9serv\u00e9e<\/a><\/span>. Ce document pr\u00e9sente la liste d\u00e9finitive des \u00e9lecteurs habilit\u00e9s \u00e0 voter. <br \/>Si vous avez des questions, veuillez nous contacter \u00e0 l'adresse suivante <span style=\"text-decoration: underline;\"><a href=\"mailto:eleicoes@ordemdosfisioterapeutas.pt\">eleicoes@ordemdosfisioterapeutas.pt<\/a><\/span><\/p>\t\t\t\t\t\t\t\t<\/div>\n\t\t\t\t<\/div>\n\t\t\t\t\t<\/div>\n\t\t<\/div>\n\t\t\t\t\t<\/div>\n\t\t<\/section>\n\t\t\t\t<\/div>","protected":false},"excerpt":{"rendered":"<p>Consulter la liste \u00e9lectorale d\u00e9finitive La liste \u00e9lectorale d\u00e9finitive pour les \u00e9lections au Conseil de surveillance est d\u00e9sormais disponible dans votre espace r\u00e9serv\u00e9. Ce document pr\u00e9sente la liste d\u00e9finitive des \u00e9lecteurs admis \u00e0 voter. Si vous avez des questions, n'h\u00e9sitez pas \u00e0 nous contacter \u00e0 l'adresse suivante : eleicoes@ordemdosfisioterapeutas.pt.<\/p>","protected":false},"author":1,"featured_media":0,"parent":2495,"menu_order":4,"comment_status":"closed","ping_status":"closed","template":"","meta":{"footnotes":""},"class_list":["post-2834","page","type-page","status-publish"],"_links":{"self":[{"href":"https:\/\/ordemdosfisioterapeutas.pt\/fr\/wp-json\/wp\/v2\/pages\/2834","targetHints":{"allow":["GET"]}}],"collection":[{"href":"https:\/\/ordemdosfisioterapeutas.pt\/fr\/wp-json\/wp\/v2\/pages"}],"about":[{"href":"https:\/\/ordemdosfisioterapeutas.pt\/fr\/wp-json\/wp\/v2\/types\/page"}],"author":[{"embeddable":true,"href":"https:\/\/ordemdosfisioterapeutas.pt\/fr\/wp-json\/wp\/v2\/users\/1"}],"replies":[{"embeddable":true,"href":"https:\/\/ordemdosfisioterapeutas.pt\/fr\/wp-json\/wp\/v2\/comments?post=2834"}],"version-history":[{"count":0,"href":"https:\/\/ordemdosfisioterapeutas.pt\/fr\/wp-json\/wp\/v2\/pages\/2834\/revisions"}],"up":[{"embeddable":true,"href":"https:\/\/ordemdosfisioterapeutas.pt\/fr\/wp-json\/wp\/v2\/pages\/2495"}],"wp:attachment":[{"href":"https:\/\/ordemdosfisioterapeutas.pt\/fr\/wp-json\/wp\/v2\/media?parent=2834"}],"curies":[{"name":"wp","href":"https:\/\/api.w.org\/{rel}","templated":true}]}}